{"id":32573,"date":"2017-05-15T15:50:10","date_gmt":"2017-05-15T13:50:10","guid":{"rendered":"https:\/\/www.visitbratislava.com\/?page_id=32573\/"},"modified":"2018-06-01T11:32:49","modified_gmt":"2018-06-01T09:32:49","slug":"pope","status":"publish","type":"page","link":"https:\/\/www.visitbratislava.com\/de\/pope\/","title":{"rendered":"Mehr als ein Wunder"},"content":{"rendered":"<h3>Besuche Bratislava und glaube wie Papst Johannes Paul II in 2003.<\/h3>\n<div style=\"position: relative; height: 0; padding-bottom: 56.25%;\"><iframe style=\"position: absolute; width: 100%; height: 100%; left: 0;\" src=\"https:\/\/www.youtube.com\/embed\/uQJjMrajVW8?rel=0&amp;controls=0&amp;showinfo=0?ecver=2\" width=\"800\" height=\"500\" frameborder=\"0\" allowfullscreen=\"allowfullscreen\"><\/iframe><\/div>\n<p>&nbsp;<\/p>\n<p>Es ist immer besser, einmal zu erleben, als zweimal zu h\u00f6ren. Und in Bratislava kannst du an einem Wochenende wirklich viel erleben. Mit allen M\u00f6glichkeiten zur Hand hast du eine gute Voraussetzung f\u00fcr einen vollen Terminkalender und unvergessliche Erlebnisse. Wenn du den Besuch in Bratislava voll genie\u00dfen und das Beste nicht verpassen m\u00f6chtest, konzentriere dich auf die TOP 10 von Bratislava mit allen Schlupfen, die zu erforschen sind.<\/p>\n<h3>Verpasse nicht die zauberhaftesten <a href=\"https:\/\/www.visitbratislava.com\/de\/top-10-in-bratislava\/\" target=\"_blank\" rel=\"noopener\">Sehensw\u00fcrdigkeiten<\/a> und <a href=\"https:\/\/www.visitbratislava.com\/de\/top-10-aussichten-bratislava\/\" target=\"_blank\" rel=\"noopener\">Aussichten<\/a><\/h3>\n<p>Besuche die <a href=\"https:\/\/www.visitbratislava.com\/de\/setzt\/die-kathedrale-des-heiligen-martin\/\" target=\"_blank\" rel=\"noopener\">St.-Martins-Kathedrale<\/a>, wo 18 K\u00f6nige und K\u00f6niginnen gekr\u00f6nt wurden, die Bratislavaer Spezialit\u00e4t &#8211; <a href=\"https:\/\/www.visitbratislava.com\/de\/setzt\/blaue-kirche\/\" target=\"_blank\" rel=\"noopener\">die Blaue Kirche<\/a> und der <a href=\"https:\/\/www.visitbratislava.com\/de\/setzt\/primatialpalais\/\" target=\"_blank\" rel=\"noopener\">Primatial-Palast<\/a> im Herzen des historischen Zentrums. Viele der Top-Sehensw\u00fcrdigkeiten bieten auch sch\u00f6ne Ausblicke auf die Stadt. Eine davon ist zum Beispiel die <a href=\"https:\/\/www.visitbratislava.com\/de\/setzt\/burg-bratislava\/\" target=\"_blank\" rel=\"noopener\">Burg Bratislava<\/a> oder das <a href=\"https:\/\/www.visitbratislava.com\/de\/setzt\/altes-rathaus\/\" target=\"_blank\" rel=\"noopener\">Alte Rathaus<\/a>, wo au\u00dfer dem Turm eine Exposition des Stadtmuseums Bratislava mit 150 Jahren Tradition zu sehen ist.<\/p>\n<p><img loading=\"lazy\" width=\"800\" height=\"450\" class=\"alignnone size-large wp-image-1308\" src=\"https:\/\/www.visitbratislava.com\/wp-content\/uploads\/2014\/10\/hrad-dunaj-ufo-800x450.jpg\" alt=\"\" srcset=\"https:\/\/www.visitbratislava.com\/wp-content\/uploads\/2014\/10\/hrad-dunaj-ufo-800x450.jpg 800w, https:\/\/www.visitbratislava.com\/wp-content\/uploads\/2014\/10\/hrad-dunaj-ufo-400x225.jpg 400w, https:\/\/www.visitbratislava.com\/wp-content\/uploads\/2014\/10\/hrad-dunaj-ufo-200x113.jpg 200w\" sizes=\"(max-width: 800px) 100vw, 800px\" \/><\/p>\n<h3>Besuche das <a href=\"https:\/\/www.visitbratislava.com\/de\/top10veranstaltungen2018\/\" target=\"_blank\" rel=\"noopener\">Beste von den Veranstaltungen<\/a><\/h3>\n<p>F\u00fcr Bratislava ist eine Menge an kulturellen, musikalischen oder gastronomischen Veranstaltung charakteristisch, die immer die Heimischen sowie die Besucher der Stadt anlocken. Erlebe die Geschichte auf eigener Haut bei den <a href=\"https:\/\/www.visitbratislava.com\/de\/geschehen\/kroenungstage-bratislava-2018\/\" target=\"_blank\" rel=\"noopener\">Kr\u00f6nungstagen von Bratislava<\/a>, das gr\u00f6\u00dfte Kulturfestival der Stadt <a href=\"https:\/\/www.visitbratislava.com\/de\/geschehen\/kultursommer-und-burgfestspiele-2018\/\" target=\"_blank\" rel=\"noopener\">Kultursommer und Burgfest<\/a> sowie Unterhaltung bei verschiedenen Musikfestspielen.<\/p>\n<p><img loading=\"lazy\" width=\"800\" height=\"533\" class=\"alignnone size-large wp-image-12717\" src=\"https:\/\/www.visitbratislava.com\/wp-content\/uploads\/2016\/03\/DSC_8319-800x533.jpg\" alt=\"\" srcset=\"https:\/\/www.visitbratislava.com\/wp-content\/uploads\/2016\/03\/DSC_8319-800x533.jpg 800w, https:\/\/www.visitbratislava.com\/wp-content\/uploads\/2016\/03\/DSC_8319-400x267.jpg 400w, https:\/\/www.visitbratislava.com\/wp-content\/uploads\/2016\/03\/DSC_8319-768x512.jpg 768w, https:\/\/www.visitbratislava.com\/wp-content\/uploads\/2016\/03\/DSC_8319-200x133.jpg 200w\" sizes=\"(max-width: 800px) 100vw, 800px\" \/><\/p>\n<h3>Genie\u00dfe die <a href=\"https:\/\/www.visitbratislava.com\/de\/besuch\/gastronomie-und-wein\/\" target=\"_blank\" rel=\"noopener\">beste Gastronomie<\/a><\/h3>\n<p>Entdecke unkonventionelle, aber doch slowakische Gen\u00fcsse. Besuche stilvolle Restaurants mit der heimischen und Weltk\u00fcche. Probiere das hiesige Bier in den tollen Bars und das beliebte Street Food in der salzigen oder s\u00fc\u00dfen Ausf\u00fchrung. Erlebe einen Besuch der Burg Dev\u00edn mit der <a href=\"http:\/\/card.visitbratislava.com\/de\/discount\/burg-devin-mit-ribiselwein-kostprobe\/\" target=\"_blank\" rel=\"noopener\">Kostprobe des traditionellen Beerenweins<\/a> oder die Weinkeller mit einzigartiger Atmosph\u00e4re und dem Angebot des <a href=\"http:\/\/card.visitbratislava.com\/de\/discount\/schlossweinbau\/\" target=\"_blank\" rel=\"noopener\">Kleinkarpatenweines in Pezinok<\/a>.<\/p>\n<p><img loading=\"lazy\" width=\"800\" height=\"533\" class=\"alignnone size-large wp-image-2066\" src=\"https:\/\/www.visitbratislava.com\/wp-content\/uploads\/2014\/11\/Pecene_jahnacie_stehno_na_rozmarine_Zylinder-800x533.jpg\" alt=\"\" srcset=\"https:\/\/www.visitbratislava.com\/wp-content\/uploads\/2014\/11\/Pecene_jahnacie_stehno_na_rozmarine_Zylinder-800x533.jpg 800w, https:\/\/www.visitbratislava.com\/wp-content\/uploads\/2014\/11\/Pecene_jahnacie_stehno_na_rozmarine_Zylinder-400x267.jpg 400w, https:\/\/www.visitbratislava.com\/wp-content\/uploads\/2014\/11\/Pecene_jahnacie_stehno_na_rozmarine_Zylinder-200x133.jpg 200w\" sizes=\"(max-width: 800px) 100vw, 800px\" \/><\/p>\n<p>Bratislava ist stolz auf ihre Geschichte mit den keltischen Siedlungen, r\u00f6mischen Milit\u00e4rlagern und einzigartigen Kr\u00f6nungszeremonien. Es ist also kein Wunder, das die malerischen Gassen der Altstadt nur so von Denkm\u00e4lern ruhmreicher Zeiten strotzen. Die wertvollsten sind sorgf\u00e4ltig in Sammlungen von fast\u00a0<a href=\"https:\/\/www.visitbratislava.com\/de\/was-lauft\/kultur-und-kunst\/museen-und-galerien\/\" target=\"_blank\" rel=\"noopener\"><strong>50 Museen <\/strong><\/a>deponiert und die bedeutenden Kunstwerken k\u00f6nnen in fast\u00a0<a href=\"https:\/\/www.visitbratislava.com\/de\/was-lauft\/kultur-und-kunst\/museen-und-galerien\/\" target=\"_blank\" rel=\"noopener\"><strong>20 Galerien<\/strong><\/a> betrachtet werden.<\/p>\n<p>Das Repertoire mit den besten Leistungen der Schauspieler bieten die Podien von fast \u00a0<strong>30 Theatern <\/strong>, einschlie\u00dflich des \u00a0<a href=\"https:\/\/www.visitbratislava.com\/de\/setzt\/slowakisches-nationaltheater\/\" target=\"_blank\" rel=\"noopener\">Slowakischen Nationaltheaters<\/a>, das das Repertoire von Ballett, Oper und Schauspiel abdeckt. Kulturellen Erlebnisse in Gestalt eines umfangreichen Konzertlebens unter der Beteiligung von Spitzenk\u00fcnstlern und Kunstensembles aus aller Welt bietet die <a href=\"https:\/\/www.visitbratislava.com\/de\/setzt\/slovenska-filharmonia\/\" target=\"_blank\" rel=\"noopener\">Slowakische Philharmonie<\/a>.<\/p>\n<p><img loading=\"lazy\" width=\"800\" height=\"536\" class=\"alignnone size-large wp-image-36544\" src=\"https:\/\/www.visitbratislava.com\/wp-content\/uploads\/2017\/10\/snd-historicka-budova-800x536.jpg\" alt=\"\" srcset=\"https:\/\/www.visitbratislava.com\/wp-content\/uploads\/2017\/10\/snd-historicka-budova-800x536.jpg 800w, https:\/\/www.visitbratislava.com\/wp-content\/uploads\/2017\/10\/snd-historicka-budova-400x268.jpg 400w, https:\/\/www.visitbratislava.com\/wp-content\/uploads\/2017\/10\/snd-historicka-budova-768x515.jpg 768w, https:\/\/www.visitbratislava.com\/wp-content\/uploads\/2017\/10\/snd-historicka-budova-200x134.jpg 200w\" sizes=\"(max-width: 800px) 100vw, 800px\" \/><\/p>\n<p>Entdecke Bratislava maximal mit der <a href=\"http:\/\/card.visitbratislava.com\/de\/\" target=\"_blank\" rel=\"noopener\">Bratislava CARD City &amp; Region<\/a> mit \u00fcber 120 Rabatte, einer Stadtbesichtigung und kostenlosem Verkehr.<\/p>\n","protected":false},"excerpt":{"rendered":"<p>Besuche Bratislava und glaube wie Papst Johannes Paul II in 2003. &nbsp; Es ist immer besser, einmal zu erleben, als zweimal zu h\u00f6ren. Und in Bratislava kannst du an einem Wochenende wirklich viel erleben. Mit allen M\u00f6glichkeiten zur Hand hast du eine gute Voraussetzung f\u00fcr einen vollen Terminkalender und unvergessliche Erlebnisse. Wenn du den Besuch [&hellip;]<\/p>\n","protected":false},"author":10,"featured_media":33094,"parent":0,"menu_order":0,"comment_status":"closed","ping_status":"closed","template":"","meta":[],"acf":[],"_links":{"self":[{"href":"https:\/\/www.visitbratislava.com\/de\/wp-json\/wp\/v2\/pages\/32573"}],"collection":[{"href":"https:\/\/www.visitbratislava.com\/de\/wp-json\/wp\/v2\/pages"}],"about":[{"href":"https:\/\/www.visitbratislava.com\/de\/wp-json\/wp\/v2\/types\/page"}],"author":[{"embeddable":true,"href":"https:\/\/www.visitbratislava.com\/de\/wp-json\/wp\/v2\/users\/10"}],"replies":[{"embeddable":true,"href":"https:\/\/www.visitbratislava.com\/de\/wp-json\/wp\/v2\/comments?post=32573"}],"version-history":[{"count":0,"href":"https:\/\/www.visitbratislava.com\/de\/wp-json\/wp\/v2\/pages\/32573\/revisions"}],"wp:featuredmedia":[{"embeddable":true,"href":"https:\/\/www.visitbratislava.com\/de\/wp-json\/wp\/v2\/media\/33094"}],"wp:attachment":[{"href":"https:\/\/www.visitbratislava.com\/de\/wp-json\/wp\/v2\/media?parent=32573"}],"curies":[{"name":"wp","href":"https:\/\/api.w.org\/{rel}","templated":true}]}}