{"id":32686,"date":"2017-05-22T14:01:48","date_gmt":"2017-05-22T12:01:48","guid":{"rendered":"https:\/\/www.visitbratislava.com\/?page_id=32686\/"},"modified":"2021-07-01T13:28:48","modified_gmt":"2021-07-01T11:28:48","slug":"top10instagram","status":"publish","type":"page","link":"https:\/\/www.visitbratislava.com\/de\/top10instagram\/","title":{"rendered":"Top 10 Instagram Spots in Bratislava"},"content":{"rendered":"<h2>1. Blaue Kirche<\/h2>\n<p>Offiziell bekannt als St. Elisabeth-Kirche, Sie finden dieses Jugendstil-Juwel in der Stra\u00dfe Bezru\u010dov\u00e1 2, in der N\u00e4he des Gr\u00f6ssling-Gymnasiums. Blau von oben bis unten und mit Majolika dekoriert, ist diese Kirche die Definition eines neuen Instagram-Filters.<\/p>\n<h2>2. Koun<\/h2>\n<p>Eine t\u00e4gliche Dosis von etwas Buntem und S\u00fc\u00dfem #Eis in einem? Eine Eisdiele in Familienbesitz im Zentrum Bratislavas in der Paul\u00edny-Stra\u00dfe, die nicht nur ein Hit im Internet, sondern auch unserer Geschmacksempfindungen ist. Das Koun bietet jeden Tag direkt vor Ort hergestelltes Eis in neuen Geschmacksrichtungen an. Ihre Follower werden Sie lieben.<\/p>\n<h2>3. Villa in der Klemens-Stra\u00dfe<\/h2>\n<p>Diese atypische st\u00e4dtische Gr\u00fcnanlage wird von Einheimischen und Ausl\u00e4ndern gern f\u00fcr perfekt gr\u00fcne Fotos aufgesucht. Das Wohnhaus in der Klemens-Stra\u00dfe in der N\u00e4he der Blauen Kirche ist in Efeu geh\u00fcllt. Nicht weit von hier finden Sie auch ein Caf\u00e9, in dem Sie den Kaffeegenuss beim Blick auf dieses gr\u00fcne Paradies noch steigern k\u00f6nnen.<\/p>\n<h2>4. Tyr\u0161-Ufer und Janko-Kr\u00e1\u013e-Garten<\/h2>\n<p>Eine einzigartige Aussicht auf die Burg Bratislava, das Flussufer und die vorbeiflie\u00dfende Donau und Erholung in einem gro\u00dfen Park, dem \u00e4ltesten \u00f6ffentlichen Park in Mitteleuropa \u2013 all das erwartet Sie nach einem angenehmen Spaziergang \u00fcber die Alte Br\u00fccke. Garantierte #Erholung.<\/p>\n<h2>5. Garten der Bratislavaer Burg<\/h2>\n<p>Der k\u00fcrzlich er\u00f6ffnete, frisch restaurierte Barockgarten ist immer noch ein unentdecktes, daf\u00fcr umso interessantes Ziel nicht nur f\u00fcr tolle Fotos, sondern auch f\u00fcr perfekte Erholung. Hier k\u00f6nnen Sie unter anderem 122 Linden und etwa 1.500 Sommerblumen bewundern.<\/p>\n<h2>6. Bistro St. Germain<\/h2>\n<p>Charmantes franz\u00f6sisches Bistro mit stilvoller Einrichtung, ideal f\u00fcr Treffen mit Freunden oder Entspannung bei Kaffee und Kuchen. Hungrig werden Sie es jedenfalls nicht verlassen, ganz zu schweigen von einem Profil voll nat\u00fcrlicher, schicker Fotos.<\/p>\n<h2>7. Kapitulsk\u00e1-Stra\u00dfe<\/h2>\n<p>Eine der \u00e4ltesten und pr\u00e4chtigsten Stra\u00dfen der Altstadt wird Sie auf den ersten Blick verzaubern. Hier auf viele Leute zu treffen, ist fast unm\u00f6glich, sodass schnell der Eindruck entsteht, dass in dieser Stra\u00dfe irgendwie die Zeit stehen geblieben ist. Die Geschichte dieser malerischen Gasse reicht bis ins 14. Jahrhundert zur\u00fcck. Hier befand sich die erste als Gymnasium bezeichnete Schule der Stadt.<\/p>\n<h2>8. Urban House<\/h2>\n<p>Es befindet sich in der Laurinsk\u00e1-Stra\u00dfe. Dieses Caf\u00e9 ist ein #Hipster Caf\u00e9s, wie es im Buch steht, in dem aber jeder etwas findet. Sei es im ausgewogenen Angebot an Sandwiches, Salaten, verschiedenen Tees und Kaffees oder unter den k\u00f6stlichen Kuchen. Es gen\u00fcgt, Platz zu nehmen und diesen #dogfriendly Place zu genie\u00dfen.<\/p>\n<h2>9. Altes Rathaus<\/h2>\n<p>Das zu den \u00e4ltesten Geb\u00e4uden auf dem Hauptplatz Bratislavas z\u00e4hlende Rathaus stammt aus dem 15. Jahrhundert. Seine R\u00e4ume dienten einst als Gef\u00e4ngnis oder auch als M\u00fcnzpr\u00e4gerei. Heute beherbergt es das Museum f\u00fcr Stadtgeschichte. Von hier aus hat man eine herrliche Aussicht auf die Stadt und kann gar nicht genug bekommen vom Blick auf die malerischen D\u00e4cher der Geb\u00e4ude im historischen Zentrum.<\/p>\n<h2>10. \u0160af\u00e1rik-Platz<\/h2>\n<p>Hier finden Sie zwei Jugendstil-H\u00e4user, ein neugotisches und ein neobarockes Haus, alle erbaut Anfang des 20. Jahrhunderts, genau wie das Geb\u00e4ude der Comenius-Universit\u00e4t. In der Mitte des Platzes gibt es einen kleinen Park f\u00fcr eine kurze Rast und super Instagram-Motive. Neben Geb\u00e4uden verschiedener architektonischer Stile und Farben k\u00f6nnen Sie in eine der vielen Stra\u00dfenbahnen einsteigen, die hier halten, und Bratislava per Instragram noch genauer erkunden.<\/p>\n<p><iframe src=\"https:\/\/www.google.com\/maps\/d\/embed?mid=1Ei1V5JfjQH9l8gbMREHdzr2ZkPg\" width=\"1000\" height=\"480\"><\/iframe><\/p>\n","protected":false},"excerpt":{"rendered":"<p>An diesen Orten werden Sie keinen Filter brauchen #nofilter.<\/p>\n","protected":false},"author":10,"featured_media":135510,"parent":0,"menu_order":0,"comment_status":"closed","ping_status":"closed","template":"","meta":[],"acf":[],"_links":{"self":[{"href":"https:\/\/www.visitbratislava.com\/de\/wp-json\/wp\/v2\/pages\/32686"}],"collection":[{"href":"https:\/\/www.visitbratislava.com\/de\/wp-json\/wp\/v2\/pages"}],"about":[{"href":"https:\/\/www.visitbratislava.com\/de\/wp-json\/wp\/v2\/types\/page"}],"author":[{"embeddable":true,"href":"https:\/\/www.visitbratislava.com\/de\/wp-json\/wp\/v2\/users\/10"}],"replies":[{"embeddable":true,"href":"https:\/\/www.visitbratislava.com\/de\/wp-json\/wp\/v2\/comments?post=32686"}],"version-history":[{"count":0,"href":"https:\/\/www.visitbratislava.com\/de\/wp-json\/wp\/v2\/pages\/32686\/revisions"}],"wp:featuredmedia":[{"embeddable":true,"href":"https:\/\/www.visitbratislava.com\/de\/wp-json\/wp\/v2\/media\/135510"}],"wp:attachment":[{"href":"https:\/\/www.visitbratislava.com\/de\/wp-json\/wp\/v2\/media?parent=32686"}],"curies":[{"name":"wp","href":"https:\/\/api.w.org\/{rel}","templated":true}]}}