{"id":33115,"date":"2017-05-31T15:35:38","date_gmt":"2017-05-31T13:35:38","guid":{"rendered":"https:\/\/www.visitbratislava.com\/?page_id=33115\/"},"modified":"2023-05-04T15:37:33","modified_gmt":"2023-05-04T13:37:33","slug":"top10streetfood","status":"publish","type":"page","link":"https:\/\/www.visitbratislava.com\/de\/top10streetfood\/","title":{"rendered":"Top 10 Street Food-Unternehmen"},"content":{"rendered":"<h3><a href=\"https:\/\/www.facebook.com\/streetfoodpark\/\">Street Food Park<\/a><\/h3>\n<p>Das Street Food Park ist ein Fest f\u00fcr alle, die Essen in jeder Form lieben. Auf dem Platz vor der Alten Markthalle machen mehrmals pro Jahr Anh\u00e4nger und Foodtrucks halt, die hochwertiges und leckeres &#8222;Street Food&#8220; anbieten.\u00a0 Egal, ob Sie Veganer sind, Hamburger lieben oder slowakische Spezialit\u00e4ten bevorzugen, sollten Sie hier unbedingt vorbeikommen und sich davon \u00fcberzeugen, dass es in der Slowakei Streetfood gibt, das es sich zu probieren lohnt.<\/p>\n<h3>1. Streetfood &amp; Caf\u00e9 Possonium<\/h3>\n<p>Verschiedene Streetfood-Betriebe und eine Bar haben sich in einem Projekt buchst\u00e4blich unter einem Dach zusammengeschlossen. Das minimalistische Interieur l\u00e4sst die Kunstwerke hervorstechen, die regelm\u00e4\u00dfig gewechselt werden, und der ganzj\u00e4hrige Garten bietet Entspannung in einer attraktiven, gr\u00fcnen Umgebung. Im Caf\u00e9, im Garten oder im Vorgarten direkt neben Trhoviska \u017dilinsk\u00e1 genie\u00dfen Sie hervorragendes Essen und Kaffee, zubereitet von ausgebildeten Baristas.<\/p>\n<p><img loading=\"lazy\" width=\"533\" height=\"800\" class=\"alignnone size-large wp-image-240179\" src=\"https:\/\/www.visitbratislava.com\/wp-content\/uploads\/2023\/05\/possonium-fb-533x800.jpg\" alt=\"\" srcset=\"https:\/\/www.visitbratislava.com\/wp-content\/uploads\/2023\/05\/possonium-fb-533x800.jpg 533w, https:\/\/www.visitbratislava.com\/wp-content\/uploads\/2023\/05\/possonium-fb-267x400.jpg 267w, https:\/\/www.visitbratislava.com\/wp-content\/uploads\/2023\/05\/possonium-fb-768x1152.jpg 768w, https:\/\/www.visitbratislava.com\/wp-content\/uploads\/2023\/05\/possonium-fb-1024x1536.jpg 1024w, https:\/\/www.visitbratislava.com\/wp-content\/uploads\/2023\/05\/possonium-fb-133x200.jpg 133w, https:\/\/www.visitbratislava.com\/wp-content\/uploads\/2023\/05\/possonium-fb.jpg 1365w\" sizes=\"(max-width: 533px) 100vw, 533px\" \/> <span style=\"font-size: 8pt;\"><em>Foto: Streetfood &amp; Caf\u00e9 Possonium<\/em><\/span><\/p>\n<h3>2. Foodstock<\/h3>\n<p>Der Name Foodstock, inspiriert vom legend\u00e4ren Woodstock-Festival, ist mehr als nur ein Wortspiel&#8230;Kommen Sie und finden Sie heraus, warum. Ihr Anspruch ist Gute-Laune-Essen :) Sie servieren nach eigenen Angaben die besten Gyoza der Stadt. Direkt in der Innenstadt findest du ein veganes\/vegetarisches Bistro.<\/p>\n<p><img loading=\"lazy\" width=\"800\" height=\"419\" class=\"alignnone size-large wp-image-240173\" src=\"https:\/\/www.visitbratislava.com\/wp-content\/uploads\/2023\/05\/Foodstock-gyoza-800x419.jpg\" alt=\"\" srcset=\"https:\/\/www.visitbratislava.com\/wp-content\/uploads\/2023\/05\/Foodstock-gyoza-800x419.jpg 800w, https:\/\/www.visitbratislava.com\/wp-content\/uploads\/2023\/05\/Foodstock-gyoza-400x209.jpg 400w, https:\/\/www.visitbratislava.com\/wp-content\/uploads\/2023\/05\/Foodstock-gyoza-768x402.jpg 768w, https:\/\/www.visitbratislava.com\/wp-content\/uploads\/2023\/05\/Foodstock-gyoza-200x105.jpg 200w, https:\/\/www.visitbratislava.com\/wp-content\/uploads\/2023\/05\/Foodstock-gyoza.jpg 1200w\" sizes=\"(max-width: 800px) 100vw, 800px\" \/><em><span style=\"font-size: 8pt;\"> Foto: Foodstock<\/span><\/em><\/p>\n<h3>3. Circus Streetfood<\/h3>\n<p>Circus Streetfood befindet sich im Untergeschoss des Central European House of Photography. Hier genie\u00dfen Sie Leberk\u00e4se, vegane Burger und mehr. Gleichzeitig gibt es Stud\u0148a \u2013 einen Kunstclub, Kaffee, Craft Beer und eine Borovi\u010dka \u2013 slowakische Gin-Bar mit Terrasse in einer historischen Steingasse.<\/p>\n<p><img loading=\"lazy\" width=\"800\" height=\"800\" class=\"alignnone size-large wp-image-240166\" src=\"https:\/\/www.visitbratislava.com\/wp-content\/uploads\/2023\/05\/Circus-800x800.jpg\" alt=\"\" srcset=\"https:\/\/www.visitbratislava.com\/wp-content\/uploads\/2023\/05\/Circus-800x800.jpg 800w, https:\/\/www.visitbratislava.com\/wp-content\/uploads\/2023\/05\/Circus-400x400.jpg 400w, https:\/\/www.visitbratislava.com\/wp-content\/uploads\/2023\/05\/Circus-150x150.jpg 150w, https:\/\/www.visitbratislava.com\/wp-content\/uploads\/2023\/05\/Circus-768x768.jpg 768w, https:\/\/www.visitbratislava.com\/wp-content\/uploads\/2023\/05\/Circus-200x200.jpg 200w, https:\/\/www.visitbratislava.com\/wp-content\/uploads\/2023\/05\/Circus-184x184.jpg 184w, https:\/\/www.visitbratislava.com\/wp-content\/uploads\/2023\/05\/Circus-384x384.jpg 384w, https:\/\/www.visitbratislava.com\/wp-content\/uploads\/2023\/05\/Circus-784x784.jpg 784w, https:\/\/www.visitbratislava.com\/wp-content\/uploads\/2023\/05\/Circus.jpg 1440w\" sizes=\"(max-width: 800px) 100vw, 800px\" \/> <span style=\"font-size: 8pt;\"><em>Foto: Circus Streetfood<\/em><\/span><\/p>\n<h3>4. SY RAJT<\/h3>\n<p>Ein perfektes Butterbr\u00f6tchen kombiniert mit ehrlichem Fleisch, hausgemachtem Deluxe-Dressing und dem TRIPLE!! Portion Cheddar. Und um das Ganze abzurunden, ist alles mit Cheddar-Sauce bedeckt! Was ist besser als ein ehrlicher Taco? Zwei Tacos!! Ein ehrlicher Maispfannkuchen ist die Basis, wir f\u00fcgen zartes Rindfleisch mit einer geh\u00f6rigen Portion Emmentaler, feurigem, frisch geschnittenem Habanero und frischer Limette hinzu. Nat\u00fcrlich noch einen Haufen Cheddar drauf. Auch Vegetarier m\u00fcssen nicht hungern. Arancini-Frittierte B\u00e4llchen aus Gem\u00fcserisotto, vier K\u00e4sesorten und Salbei warten!<\/p>\n<p><img loading=\"lazy\" width=\"640\" height=\"800\" class=\"alignnone size-large wp-image-240160\" src=\"https:\/\/www.visitbratislava.com\/wp-content\/uploads\/2023\/05\/Syrajt-640x800.jpg\" alt=\"\" srcset=\"https:\/\/www.visitbratislava.com\/wp-content\/uploads\/2023\/05\/Syrajt-640x800.jpg 640w, https:\/\/www.visitbratislava.com\/wp-content\/uploads\/2023\/05\/Syrajt-320x400.jpg 320w, https:\/\/www.visitbratislava.com\/wp-content\/uploads\/2023\/05\/Syrajt-768x960.jpg 768w, https:\/\/www.visitbratislava.com\/wp-content\/uploads\/2023\/05\/Syrajt-1229x1536.jpg 1229w, https:\/\/www.visitbratislava.com\/wp-content\/uploads\/2023\/05\/Syrajt-160x200.jpg 160w, https:\/\/www.visitbratislava.com\/wp-content\/uploads\/2023\/05\/Syrajt.jpg 1440w\" sizes=\"(max-width: 640px) 100vw, 640px\" \/><em><span style=\"font-size: 8pt;\"> Foto: Sy Rajt<\/span><\/em><\/p>\n<h3>5. Orbis streetfood<\/h3>\n<p>Das Orbis &#8222;Streetfood aus der ganzen Welt im Zentrum von Bratislava&#8220; bietet als einziges Unternehmen in der Slowakei Pommes frites nach original belgischem Rezept aus frischen, in Rinderschmalz frittierten Kartoffeln an. Serviert werden sie in der T\u00fcte, und Sie k\u00f6nnen aus mehreren leckeren belgischen So\u00dfen ausw\u00e4hlen. Neben den ber\u00fchmten Pommes finden Sie in ihrem Angebot auch Speisen aus verschiedenen anderen Ecken der Welt. Das Men\u00fc wird regelm\u00e4\u00dfig ge\u00e4ndert, wobei man auch keine Experimente scheut. Das Orbis Streetfood finden Sie in der Laurinsk\u00e1-Stra\u00dfe unweit des Primatialpalastes.<\/p>\n<p><img loading=\"lazy\" width=\"800\" height=\"532\" class=\"alignnone size-large wp-image-240148\" src=\"https:\/\/www.visitbratislava.com\/wp-content\/uploads\/2023\/05\/Orbis-fb-800x532.jpg\" alt=\"\" srcset=\"https:\/\/www.visitbratislava.com\/wp-content\/uploads\/2023\/05\/Orbis-fb-800x532.jpg 800w, https:\/\/www.visitbratislava.com\/wp-content\/uploads\/2023\/05\/Orbis-fb-400x266.jpg 400w, https:\/\/www.visitbratislava.com\/wp-content\/uploads\/2023\/05\/Orbis-fb-768x510.jpg 768w, https:\/\/www.visitbratislava.com\/wp-content\/uploads\/2023\/05\/Orbis-fb-1536x1021.jpg 1536w, https:\/\/www.visitbratislava.com\/wp-content\/uploads\/2023\/05\/Orbis-fb-200x133.jpg 200w, https:\/\/www.visitbratislava.com\/wp-content\/uploads\/2023\/05\/Orbis-fb.jpg 2048w\" sizes=\"(max-width: 800px) 100vw, 800px\" \/><em><span style=\"font-size: 8pt;\"> Foto: Orbis Streetfood<\/span><\/em><\/p>\n<h3>6. Burrito Fellas<\/h3>\n<p>Verf\u00fchrerische, reichhaltige, delikate und absolut leckere Burritos. Burrito Fellas ist ein beliebtes Bistro in Bratislava, das mexikanische und Tex-Mex-Gerichte serviert.<\/p>\n<p><img loading=\"lazy\" width=\"800\" height=\"530\" class=\"alignnone size-large wp-image-240141\" src=\"https:\/\/www.visitbratislava.com\/wp-content\/uploads\/2023\/05\/Burrito-rolls-fb-800x530.jpg\" alt=\"\" srcset=\"https:\/\/www.visitbratislava.com\/wp-content\/uploads\/2023\/05\/Burrito-rolls-fb-800x530.jpg 800w, https:\/\/www.visitbratislava.com\/wp-content\/uploads\/2023\/05\/Burrito-rolls-fb-400x265.jpg 400w, https:\/\/www.visitbratislava.com\/wp-content\/uploads\/2023\/05\/Burrito-rolls-fb-768x509.jpg 768w, https:\/\/www.visitbratislava.com\/wp-content\/uploads\/2023\/05\/Burrito-rolls-fb-1536x1017.jpg 1536w, https:\/\/www.visitbratislava.com\/wp-content\/uploads\/2023\/05\/Burrito-rolls-fb-200x132.jpg 200w, https:\/\/www.visitbratislava.com\/wp-content\/uploads\/2023\/05\/Burrito-rolls-fb.jpg 2048w\" sizes=\"(max-width: 800px) 100vw, 800px\" \/><em><span style=\"font-size: 8pt;\"> Foto: Burrito Fellas<\/span><\/em><\/p>\n<h3>7. Petr\u017ealka lango\u0161e<\/h3>\n<p>Au\u00dferhalb des Zentrums, aber einen Besuch wert. Feinschmecker aus \u00fcber 100 L\u00e4ndern haben diesen Kiosk bereits besucht! Lango\u0161 ist ein frittiertes Fladenbrot mit einem Belag nach Wahl, probiert es mal ;)<\/p>\n<p><img loading=\"lazy\" width=\"748\" height=\"748\" class=\"alignnone size-full wp-image-240135\" src=\"https:\/\/www.visitbratislava.com\/wp-content\/uploads\/2023\/05\/Petrzalske-langose-fb.jpg\" alt=\"\" srcset=\"https:\/\/www.visitbratislava.com\/wp-content\/uploads\/2023\/05\/Petrzalske-langose-fb.jpg 748w, https:\/\/www.visitbratislava.com\/wp-content\/uploads\/2023\/05\/Petrzalske-langose-fb-400x400.jpg 400w, https:\/\/www.visitbratislava.com\/wp-content\/uploads\/2023\/05\/Petrzalske-langose-fb-150x150.jpg 150w, https:\/\/www.visitbratislava.com\/wp-content\/uploads\/2023\/05\/Petrzalske-langose-fb-200x200.jpg 200w, https:\/\/www.visitbratislava.com\/wp-content\/uploads\/2023\/05\/Petrzalske-langose-fb-184x184.jpg 184w, https:\/\/www.visitbratislava.com\/wp-content\/uploads\/2023\/05\/Petrzalske-langose-fb-384x384.jpg 384w\" sizes=\"(max-width: 748px) 100vw, 748px\" \/><span style=\"font-size: 8pt;\"><em> Foto: Petr\u017ealsk\u00e9 lango\u0161e<\/em><\/span><\/p>\n<h3>8. Koun<\/h3>\n<p>Das Koun ist eine sehr beliebte und viel besuchte Eisdiele im Herzen von Bratislava in der Paul\u00edny-Stra\u00dfe unweit des historischen Geb\u00e4udes des Slowakischen Nationaltheaters. Die Besitzerin hat das Speiseeis-Handwerk direkt in Italien erlernt und sich mit der Er\u00f6ffnung einer eigenen Eisdiele einen langj\u00e4hrigen Traum erf\u00fcllt. Eis wird hier aus hochwertigsten Rohstoffen und ohne k\u00fcnstliche Zusatzstoffe selbst hergestellt.\u00a0Hier wird jeder f\u00fcndig, der unkonventionelle Aromen sucht. Wenn Sie ein St\u00fcck Italien im Zentrum Bratislavas probieren wollen, sollten Sie unbedingt hier vorbeikommen.<\/p>\n<p><img loading=\"lazy\" width=\"450\" height=\"800\" class=\"alignnone size-large wp-image-237896\" src=\"https:\/\/www.visitbratislava.com\/wp-content\/uploads\/2015\/05\/20230416_134132-450x800.jpg\" alt=\"\" srcset=\"https:\/\/www.visitbratislava.com\/wp-content\/uploads\/2015\/05\/20230416_134132-450x800.jpg 450w, https:\/\/www.visitbratislava.com\/wp-content\/uploads\/2015\/05\/20230416_134132-225x400.jpg 225w, https:\/\/www.visitbratislava.com\/wp-content\/uploads\/2015\/05\/20230416_134132-768x1365.jpg 768w, https:\/\/www.visitbratislava.com\/wp-content\/uploads\/2015\/05\/20230416_134132-864x1536.jpg 864w, https:\/\/www.visitbratislava.com\/wp-content\/uploads\/2015\/05\/20230416_134132-1152x2048.jpg 1152w, https:\/\/www.visitbratislava.com\/wp-content\/uploads\/2015\/05\/20230416_134132-113x200.jpg 113w, https:\/\/www.visitbratislava.com\/wp-content\/uploads\/2015\/05\/20230416_134132-scaled.jpg 1440w\" sizes=\"(max-width: 450px) 100vw, 450px\" \/><\/p>\n<h3>9. Petite Cr\u00eaperie<\/h3>\n<p>Wer in dieser Cr\u00eaperie gerollte Eierkuchen mit Marmelade erwartet, hat sich gewaltig geirrt. Hinter der Idee f\u00fcr die Petite Cr\u00eaperie steht Studentin Veronika, die sich w\u00e4hrend ihres Studiums in Paris inspirieren lie\u00df. Nach der R\u00fcckkehr nach Hause beschloss sie, ihre eigene Creperie zu er\u00f6ffnen. Im Angebot sind s\u00fc\u00dfe, aber auch unkonventioneller salzige, aus Buchweizenteig hergestellte Crepes, die vor allem Leute anlocken, die gern mal neue Geschmacksrichtungen probieren. Ungew\u00f6hnlich ist auch die T\u00fctenform, in der die Crepes serviert werden. Petite Cr\u00eaperie &#8211; pouli\u010dn\u00e9 palacinky (Crepes im Stra\u00dfenverkauf) ist eine Kombination aus kleiner Cr\u00eaperie und gro\u00dfen Pfannkuchen, die direkt auf der Stra\u00dfe serviert werden.<\/p>\n<p><img loading=\"lazy\" width=\"640\" height=\"800\" class=\"alignnone size-large wp-image-240128\" src=\"https:\/\/www.visitbratislava.com\/wp-content\/uploads\/2023\/05\/Petite-creperie-fb-dom-640x800.jpg\" alt=\"\" srcset=\"https:\/\/www.visitbratislava.com\/wp-content\/uploads\/2023\/05\/Petite-creperie-fb-dom-640x800.jpg 640w, https:\/\/www.visitbratislava.com\/wp-content\/uploads\/2023\/05\/Petite-creperie-fb-dom-320x400.jpg 320w, https:\/\/www.visitbratislava.com\/wp-content\/uploads\/2023\/05\/Petite-creperie-fb-dom-768x960.jpg 768w, https:\/\/www.visitbratislava.com\/wp-content\/uploads\/2023\/05\/Petite-creperie-fb-dom-1229x1536.jpg 1229w, https:\/\/www.visitbratislava.com\/wp-content\/uploads\/2023\/05\/Petite-creperie-fb-dom-160x200.jpg 160w, https:\/\/www.visitbratislava.com\/wp-content\/uploads\/2023\/05\/Petite-creperie-fb-dom.jpg 1440w\" sizes=\"(max-width: 640px) 100vw, 640px\" \/> <em><span style=\"font-size: 8pt;\">Foto: Petite Cr\u00eaperie<\/span><\/em><\/p>\n<h3>10. Fresh Market<\/h3>\n<p>Vielf\u00e4ltige kulinarische Erlebnisse f\u00fcr Genie\u00dfer und Abenteuerlustige. Einzigartige Gastronomie und authentische Gesch\u00e4fte mit hochwertigen Waren aus verschiedenen K\u00fcchen und Kulturen unter einem Dach.<\/p>\n<p><img loading=\"lazy\" width=\"800\" height=\"533\" class=\"alignnone size-large wp-image-240122\" src=\"https:\/\/www.visitbratislava.com\/wp-content\/uploads\/2023\/05\/Fresh-market-fb-stanky-800x533.jpg\" alt=\"\" srcset=\"https:\/\/www.visitbratislava.com\/wp-content\/uploads\/2023\/05\/Fresh-market-fb-stanky-800x533.jpg 800w, https:\/\/www.visitbratislava.com\/wp-content\/uploads\/2023\/05\/Fresh-market-fb-stanky-400x267.jpg 400w, https:\/\/www.visitbratislava.com\/wp-content\/uploads\/2023\/05\/Fresh-market-fb-stanky-768x512.jpg 768w, https:\/\/www.visitbratislava.com\/wp-content\/uploads\/2023\/05\/Fresh-market-fb-stanky-1536x1024.jpg 1536w, https:\/\/www.visitbratislava.com\/wp-content\/uploads\/2023\/05\/Fresh-market-fb-stanky-200x133.jpg 200w, https:\/\/www.visitbratislava.com\/wp-content\/uploads\/2023\/05\/Fresh-market-fb-stanky.jpg 2048w\" sizes=\"(max-width: 800px) 100vw, 800px\" \/><span style=\"font-size: 8pt;\"><em> Foto: Fresh Market<\/em><\/span><\/p>\n<p><iframe src=\"https:\/\/www.google.com\/maps\/d\/embed?mid=1xOMuf8oVagAjclBo3XIQznRQfB4\" width=\"1000\" height=\"480\"><\/iframe><\/p>\n","protected":false},"excerpt":{"rendered":"<p>Street Food Park Das Street Food Park ist ein Fest f\u00fcr alle, die Essen in jeder Form lieben. Auf dem Platz vor der Alten Markthalle machen mehrmals pro Jahr Anh\u00e4nger und Foodtrucks halt, die hochwertiges und leckeres &#8222;Street Food&#8220; anbieten.\u00a0 Egal, ob Sie Veganer sind, Hamburger lieben oder slowakische Spezialit\u00e4ten bevorzugen, sollten Sie hier unbedingt [&hellip;]<\/p>\n","protected":false},"author":10,"featured_media":33104,"parent":0,"menu_order":0,"comment_status":"closed","ping_status":"closed","template":"","meta":[],"acf":[],"_links":{"self":[{"href":"https:\/\/www.visitbratislava.com\/de\/wp-json\/wp\/v2\/pages\/33115"}],"collection":[{"href":"https:\/\/www.visitbratislava.com\/de\/wp-json\/wp\/v2\/pages"}],"about":[{"href":"https:\/\/www.visitbratislava.com\/de\/wp-json\/wp\/v2\/types\/page"}],"author":[{"embeddable":true,"href":"https:\/\/www.visitbratislava.com\/de\/wp-json\/wp\/v2\/users\/10"}],"replies":[{"embeddable":true,"href":"https:\/\/www.visitbratislava.com\/de\/wp-json\/wp\/v2\/comments?post=33115"}],"version-history":[{"count":5,"href":"https:\/\/www.visitbratislava.com\/de\/wp-json\/wp\/v2\/pages\/33115\/revisions"}],"predecessor-version":[{"id":240203,"href":"https:\/\/www.visitbratislava.com\/de\/wp-json\/wp\/v2\/pages\/33115\/revisions\/240203"}],"wp:featuredmedia":[{"embeddable":true,"href":"https:\/\/www.visitbratislava.com\/de\/wp-json\/wp\/v2\/media\/33104"}],"wp:attachment":[{"href":"https:\/\/www.visitbratislava.com\/de\/wp-json\/wp\/v2\/media?parent=33115"}],"curies":[{"name":"wp","href":"https:\/\/api.w.org\/{rel}","templated":true}]}}