{"id":33276,"date":"2017-06-02T14:26:45","date_gmt":"2017-06-02T12:26:45","guid":{"rendered":"https:\/\/www.visitbratislava.com\/?page_id=33276\/"},"modified":"2017-06-02T16:15:06","modified_gmt":"2017-06-02T14:15:06","slug":"360view","status":"publish","type":"page","link":"https:\/\/www.visitbratislava.com\/de\/pope\/360view\/","title":{"rendered":"360\u00b0"},"content":{"rendered":"<p>St\u00e4dtischer Aupark<br \/>\n\n    <iframe width=\"100%\" height=\"360\" scrolling=\"no\" allowfullscreen src=\"https:\/\/www.visitbratislava.com\/wp-content\/plugins\/wp-vr-view\/asset\/index.html?image=https:\/\/www.visitbratislava.com\/wp-content\/uploads\/2017\/06\/360_03-Sad.JK-P.jpg&is_stereo=false\"><\/iframe>\n\n  <\/p>\n<p>Burg Dev\u00edn<br \/>\n\n    <iframe width=\"100%\" height=\"360\" scrolling=\"no\" allowfullscreen src=\"https:\/\/www.visitbratislava.com\/wp-content\/plugins\/wp-vr-view\/asset\/index.html?image=https:\/\/www.visitbratislava.com\/wp-content\/uploads\/2017\/06\/360_11-Devin-P.jpg&is_stereo=false\"><\/iframe>\n\n  <\/p>\n<p>Medick\u00e1 Garten<br \/>\n\n    <iframe width=\"100%\" height=\"360\" scrolling=\"no\" allowfullscreen src=\"https:\/\/www.visitbratislava.com\/wp-content\/plugins\/wp-vr-view\/asset\/index.html?image=https:\/\/www.visitbratislava.com\/wp-content\/uploads\/2017\/06\/360_13-Medicka-P.jpg&is_stereo=false\"><\/iframe>\n\n  <\/p>\n<p>\u017delezn\u00e1 studienka<br \/>\n\n    <iframe width=\"100%\" height=\"360\" scrolling=\"no\" allowfullscreen src=\"https:\/\/www.visitbratislava.com\/wp-content\/plugins\/wp-vr-view\/asset\/index.html?image=https:\/\/www.visitbratislava.com\/wp-content\/uploads\/2017\/06\/360_14-Zelezna-P.jpg&is_stereo=false\"><\/iframe>\n\n  <\/p>\n<p>Hlavn\u00e9 n\u00e1mestie (Hauptplatz)<br \/>\n\n    <iframe width=\"100%\" height=\"360\" scrolling=\"no\" allowfullscreen src=\"https:\/\/www.visitbratislava.com\/wp-content\/plugins\/wp-vr-view\/asset\/index.html?image=https:\/\/www.visitbratislava.com\/wp-content\/uploads\/2017\/06\/12-Hlavne-P.jpg&is_stereo=false\"><\/iframe>\n\n  <\/p>\n","protected":false},"excerpt":{"rendered":"<p>St\u00e4dtischer Aupark Burg Dev\u00edn Medick\u00e1 Garten \u017delezn\u00e1 studienka Hlavn\u00e9 n\u00e1mestie (Hauptplatz)<\/p>\n","protected":false},"author":10,"featured_media":33094,"parent":32573,"menu_order":0,"comment_status":"closed","ping_status":"closed","template":"","meta":[],"acf":[],"_links":{"self":[{"href":"https:\/\/www.visitbratislava.com\/de\/wp-json\/wp\/v2\/pages\/33276"}],"collection":[{"href":"https:\/\/www.visitbratislava.com\/de\/wp-json\/wp\/v2\/pages"}],"about":[{"href":"https:\/\/www.visitbratislava.com\/de\/wp-json\/wp\/v2\/types\/page"}],"author":[{"embeddable":true,"href":"https:\/\/www.visitbratislava.com\/de\/wp-json\/wp\/v2\/users\/10"}],"replies":[{"embeddable":true,"href":"https:\/\/www.visitbratislava.com\/de\/wp-json\/wp\/v2\/comments?post=33276"}],"version-history":[{"count":0,"href":"https:\/\/www.visitbratislava.com\/de\/wp-json\/wp\/v2\/pages\/33276\/revisions"}],"up":[{"embeddable":true,"href":"https:\/\/www.visitbratislava.com\/de\/wp-json\/wp\/v2\/pages\/32573"}],"wp:featuredmedia":[{"embeddable":true,"href":"https:\/\/www.visitbratislava.com\/de\/wp-json\/wp\/v2\/media\/33094"}],"wp:attachment":[{"href":"https:\/\/www.visitbratislava.com\/de\/wp-json\/wp\/v2\/media?parent=33276"}],"curies":[{"name":"wp","href":"https:\/\/api.w.org\/{rel}","templated":true}]}}