{"id":33319,"date":"2017-06-05T08:27:00","date_gmt":"2017-06-05T06:27:00","guid":{"rendered":"https:\/\/www.visitbratislava.com\/?page_id=33319\/"},"modified":"2022-07-12T17:12:28","modified_gmt":"2022-07-12T15:12:28","slug":"kroenung","status":"publish","type":"page","link":"https:\/\/www.visitbratislava.com\/de\/kroenung\/","title":{"rendered":"Kr\u00f6nung"},"content":{"rendered":"<h2>Kr\u00f6nungsgeschichte<\/h2>\n<p>Bratislava, das die Slowaken einst Pre\u0161porok, die Deutschen Pressburg und die Ungarn Pozsony nannten, wurde nach der t\u00fcrkischen Besetzung Ungarns zur Kr\u00f6nungsstadt, als die T\u00fcrken auch die dortige Kr\u00f6nungsstadt Stuhlwei\u00dfenburg (Sz\u00e9kesfeh\u00e9rv\u00e1r) besetzten. Seinerzeit war Pressburg ein sicherer Ort nahe der kaiserlichen Residenzstadt Wien, den sich der ungarische Adel, weltliche und kirchliche W\u00fcrdentr\u00e4ger als Zuflucht ausgew\u00e4hlt hatten.<\/p>\n<p>Ab 1536 wurde das damalige Bratislava auch zur Hauptstadt von Ungarn. In der Geschichte der kleinen Stadt an der Donau gab es einen Boom. Sie war das administrative Zentrum des Landes, Sitz des K\u00f6nigs, des Erzbischofs, ungarischen Parlaments und zugleich Kr\u00f6nungsstadt f\u00fcr die ungarischen K\u00f6nige.<\/p>\n<blockquote><p>Im St. Martinsdom wurden in den Jahren 1563-1830 zehn K\u00f6nige, eine herrschende K\u00f6nigin und sieben k\u00f6nigliche Gemahlinnen gekr\u00f6nt.<\/p><\/blockquote>\n<p>Erster gekr\u00f6nter Monarch war Maximilian von Habsburg aus dem gleichnamigen Geschlecht. Die ber\u00fchmte Kr\u00f6nungs-\u00c4ra Bratislavas endete mit der Kr\u00f6nung von Ferdinand V. Die einzige in Bratislava gekr\u00f6nte, regierende K\u00f6nigin war Maria Theresia, die ihren Titel und die Krone am 25. Juni 1741 feierlich \u00fcbernahm.<\/p>\n<h2><img loading=\"lazy\" class=\"wp-image-31862 aligncenter\" src=\"https:\/\/www.visitbratislava.com\/wp-content\/uploads\/2017\/04\/numizmaticka-vystava-SNM_BA-Hrad_Kaiserin_Maria_Theresia_HRR-646x800.jpg\" alt=\"\" width=\"400\" height=\"532\" \/><\/h2>\n<h2><a href=\"https:\/\/www.visitbratislava.com\/de\/kroenung\/kroenungszeugen\/\" target=\"_blank\" rel=\"noopener noreferrer\">Kr\u00f6nungszeugen<\/a><\/h2>\n<p>In den Stra\u00dfen des heutigen Bratislava gibt es Kirchen und Geb\u00e4ude, in denen sich Historisches ereignet hat. Noch immer stehen hier die H\u00e4user, die den Weg der Kr\u00f6nungsprozession s\u00e4umten und Zeugen der Kr\u00f6nungszeremonie waren. Ein Teil der Route der urspr\u00fcnglichen Kr\u00f6nungsprozession ist heute mit Messingkronen im Pflaster markiert.<\/p>\n<h2>Entdecken Sie das Kr\u00f6nungs-Bratislava<\/h2>\n<p>Folgen Sie den Spuren der K\u00f6nige und absolvieren Sie einen Teil der Route der urspr\u00fcnglichen Kr\u00f6nungsprozession im Rahmen gef\u00fchrter Kr\u00f6nungs-Touren, die vom Touristen-Informationsb\u00fcro der Stadt und ausgew\u00e4hlten Reiseb\u00fcros organisiert werden. Entdecken Sie Orte, die Geschichte atmen und Zeugen ber\u00fchmter Kr\u00f6nungen waren.<\/p>\n<p>Die k\u00f6nigliche Vergangenheit lebt w\u00e4hrend der Bratislavaer Kr\u00f6nungsfeierlichkeiten im Juni auf, wenn die Besucher unter Beteiligung von Schauspielern und Enthusiasten in historischen Kost\u00fcmen zu direkten Teilnehmern der Kr\u00f6nungszeremonie werden. Begleitet wird das mehrt\u00e4gige Festival von einer Reihe von Veranstaltungen, Ritterspielen, Theaterauff\u00fchrungen und Konzerten, Vortr\u00e4gen und Ausstellungen, gef\u00fchrten Touren, interaktiven Programmen f\u00fcr Kinder und Spa\u00df f\u00fcr alle.<\/p>\n<p><img loading=\"lazy\" class=\"alignnone wp-image-64980 size-large\" src=\"https:\/\/www.visitbratislava.com\/wp-content\/uploads\/2019\/01\/Korunovacny-sprievod-800x533.jpg\" alt=\"\" width=\"800\" height=\"450\" \/><\/p>\n","protected":false},"excerpt":{"rendered":"<p>Kr\u00f6nungsgeschichte Bratislava, das die Slowaken einst Pre\u0161porok, die Deutschen Pressburg und die Ungarn Pozsony nannten, wurde nach der t\u00fcrkischen Besetzung Ungarns zur Kr\u00f6nungsstadt, als die T\u00fcrken auch die dortige Kr\u00f6nungsstadt Stuhlwei\u00dfenburg (Sz\u00e9kesfeh\u00e9rv\u00e1r) besetzten. Seinerzeit war Pressburg ein sicherer Ort nahe der kaiserlichen Residenzstadt Wien, den sich der ungarische Adel, weltliche und kirchliche W\u00fcrdentr\u00e4ger als Zuflucht [&hellip;]<\/p>\n","protected":false},"author":10,"featured_media":77676,"parent":0,"menu_order":0,"comment_status":"closed","ping_status":"closed","template":"","meta":[],"acf":[],"_links":{"self":[{"href":"https:\/\/www.visitbratislava.com\/de\/wp-json\/wp\/v2\/pages\/33319"}],"collection":[{"href":"https:\/\/www.visitbratislava.com\/de\/wp-json\/wp\/v2\/pages"}],"about":[{"href":"https:\/\/www.visitbratislava.com\/de\/wp-json\/wp\/v2\/types\/page"}],"author":[{"embeddable":true,"href":"https:\/\/www.visitbratislava.com\/de\/wp-json\/wp\/v2\/users\/10"}],"replies":[{"embeddable":true,"href":"https:\/\/www.visitbratislava.com\/de\/wp-json\/wp\/v2\/comments?post=33319"}],"version-history":[{"count":4,"href":"https:\/\/www.visitbratislava.com\/de\/wp-json\/wp\/v2\/pages\/33319\/revisions"}],"predecessor-version":[{"id":143099,"href":"https:\/\/www.visitbratislava.com\/de\/wp-json\/wp\/v2\/pages\/33319\/revisions\/143099"}],"wp:featuredmedia":[{"embeddable":true,"href":"https:\/\/www.visitbratislava.com\/de\/wp-json\/wp\/v2\/media\/77676"}],"wp:attachment":[{"href":"https:\/\/www.visitbratislava.com\/de\/wp-json\/wp\/v2\/media?parent=33319"}],"curies":[{"name":"wp","href":"https:\/\/api.w.org\/{rel}","templated":true}]}}