{"id":33412,"date":"2017-06-07T15:30:40","date_gmt":"2017-06-07T13:30:40","guid":{"rendered":"https:\/\/www.visitbratislava.com\/?page_id=33412\/"},"modified":"2017-06-12T10:19:37","modified_gmt":"2017-06-12T08:19:37","slug":"kroenungsgeschichte","status":"publish","type":"page","link":"https:\/\/www.visitbratislava.com\/de\/kroenung\/kroenungsgeschichte\/","title":{"rendered":"Kr\u00f6nungsgeschichte"},"content":{"rendered":"<h3><strong>Kr\u00f6nung von Herrschern und ihren Ehefrauen im St. Martinsdom<\/strong><\/h3>\n<table>\n<tbody>\n<tr>\n<td width=\"434\"><strong>Regierungszeit<\/strong><\/td>\n<td width=\"170\"><strong>Kr\u00f6nungsdatum<\/strong><\/td>\n<\/tr>\n<tr>\n<td width=\"434\">Maximilian (1564-1576)<\/td>\n<td width=\"170\">8. 9. 1563<\/td>\n<\/tr>\n<tr>\n<td width=\"434\">Maria, seine Frau<\/td>\n<td width=\"170\">9. 9. 1563<\/td>\n<\/tr>\n<tr>\n<td width=\"434\">Rudolf (1576-1608)<\/td>\n<td width=\"170\">25. 9. 1572<\/td>\n<\/tr>\n<tr>\n<td width=\"434\">Matej II. (1608-1619)<\/td>\n<td width=\"170\">19. 11. 1608<\/td>\n<\/tr>\n<tr>\n<td width=\"434\">Anna, seine Frau<\/td>\n<td width=\"170\">25. 3. 1613<\/td>\n<\/tr>\n<tr>\n<td width=\"434\">Ferdinand II. (1619-1637)<\/td>\n<td width=\"170\">1. 7. 1618<\/td>\n<\/tr>\n<tr>\n<td width=\"434\">Maria Anna, erste Gemahlin von Ferdinand III.<\/td>\n<td width=\"170\">14. 2. 1638<\/td>\n<\/tr>\n<tr>\n<td width=\"434\">Ferdinand IV. (regierte nicht, starb im Jahre 1654)<\/td>\n<td width=\"170\">16. 6. 1647<\/td>\n<\/tr>\n<tr>\n<td width=\"434\">Maria Eleanora, dritte Ehefrau von Ferdinand III.<\/td>\n<td width=\"170\">6. 6. 1655<\/td>\n<\/tr>\n<tr>\n<td width=\"434\">Leopold I. (1657-1705)<\/td>\n<td width=\"170\">27. 6. 1655<\/td>\n<\/tr>\n<tr>\n<td width=\"434\">Joseph I. (1705-1711)<\/td>\n<td width=\"170\">9. 12. 1687<\/td>\n<\/tr>\n<tr>\n<td width=\"434\">Karl III. (1711-1740)<\/td>\n<td width=\"170\">22. 5. 1712<\/td>\n<\/tr>\n<tr>\n<td width=\"434\">Elisabeth Christine, seine Frau<\/td>\n<td width=\"170\">18. 10. 1714<\/td>\n<\/tr>\n<tr>\n<td width=\"434\">Maria Theresia (1740-1780)<\/td>\n<td width=\"170\">25. 6. 1741<\/td>\n<\/tr>\n<tr>\n<td width=\"434\">Leopold II. (1790-1792)<\/td>\n<td width=\"170\">15. 11. 1790<\/td>\n<\/tr>\n<tr>\n<td width=\"434\">Maria Luisa, dritte Ehefrau von Franz I.<\/td>\n<td width=\"170\">7. 9. 1808<\/td>\n<\/tr>\n<tr>\n<td width=\"434\">Karolina Augusta, vierte Frau von Franz I.<\/td>\n<td width=\"170\">25. 9. 1825<\/td>\n<\/tr>\n<tr>\n<td width=\"434\">Ferdinand V. (1835-1848)<\/td>\n<td width=\"170\">28. 9. 1830<\/td>\n<\/tr>\n<\/tbody>\n<\/table>\n<p>In dieser Zeit fanden drei weitere Kr\u00f6nungen in der Stadt Sopron (\u00d6denburg) und eine in Buda (Ofen) statt.<\/p>\n<p><strong>Maria Theresia<\/strong><\/p>\n<p>Karl III. (VI.) starb ohne m\u00e4nnliche Nachkommen, und ungarische Herrscherin wurde seine Tochter Maria Theresia. Auch nach ihrer pomp\u00f6sen Kr\u00f6nung im Juni 1741 war ihr Status noch ungewiss, weshalb sie auf der Tagung des ungarischen Parlaments am 11. September in Bratislava finanzielle und milit\u00e4rische Unterst\u00fctzung gegen ihren Feind Friedrich den Gro\u00dfen beantragte. Die ungarischen Magnaten unterst\u00fctzten sie und \u00fcberzeugten sie mit dem Ausruf &#8222;Vitam et sanguinem&#8220; davon, dass sie bereit sind, f\u00fcr die K\u00f6nigin und die Verteidigung des Reiches ihr &#8222;Leben und Blut&#8220; zu opfern. Die einflussreiche Herrscherin, die w\u00e4hrend ihrer 40-j\u00e4hrigen Regierungszeit Initiatorin zahlreicher Reformen war, lie\u00df die Burg in eine k\u00f6nigliche Residenz umbauen und erlaubte am Ende ihrer Regierungszeit, einen Teil der Stadtbefestigung abzurei\u00dfen, wodurch sie eine Erweiterung der Stadt erm\u00f6glichte.<\/p>\n<p><img loading=\"lazy\" width=\"646\" height=\"800\" class=\"aligncenter size-large wp-image-3206\" src=\"https:\/\/www.visitbratislava.com\/wp-content\/uploads\/2014\/10\/Kaiserin_Maria_Theresia-646x800.jpg\" alt=\"Maria Theresia\" srcset=\"https:\/\/www.visitbratislava.com\/wp-content\/uploads\/2014\/10\/Kaiserin_Maria_Theresia-646x800.jpg 646w, https:\/\/www.visitbratislava.com\/wp-content\/uploads\/2014\/10\/Kaiserin_Maria_Theresia-323x400.jpg 323w, https:\/\/www.visitbratislava.com\/wp-content\/uploads\/2014\/10\/Kaiserin_Maria_Theresia-161x200.jpg 161w, https:\/\/www.visitbratislava.com\/wp-content\/uploads\/2014\/10\/Kaiserin_Maria_Theresia.jpg 1651w\" sizes=\"(max-width: 646px) 100vw, 646px\" \/><\/p>\n","protected":false},"excerpt":{"rendered":"<p>Kr\u00f6nung von Herrschern und ihren Ehefrauen im St. Martinsdom Regierungszeit Kr\u00f6nungsdatum Maximilian (1564-1576) 8. 9. 1563 Maria, seine Frau 9. 9. 1563 Rudolf (1576-1608) 25. 9. 1572 Matej II. (1608-1619) 19. 11. 1608 Anna, seine Frau 25. 3. 1613 Ferdinand II. (1619-1637) 1. 7. 1618 Maria Anna, erste Gemahlin von Ferdinand III. 14. 2. 1638 [&hellip;]<\/p>\n","protected":false},"author":10,"featured_media":33334,"parent":33319,"menu_order":0,"comment_status":"closed","ping_status":"closed","template":"","meta":[],"acf":[],"_links":{"self":[{"href":"https:\/\/www.visitbratislava.com\/de\/wp-json\/wp\/v2\/pages\/33412"}],"collection":[{"href":"https:\/\/www.visitbratislava.com\/de\/wp-json\/wp\/v2\/pages"}],"about":[{"href":"https:\/\/www.visitbratislava.com\/de\/wp-json\/wp\/v2\/types\/page"}],"author":[{"embeddable":true,"href":"https:\/\/www.visitbratislava.com\/de\/wp-json\/wp\/v2\/users\/10"}],"replies":[{"embeddable":true,"href":"https:\/\/www.visitbratislava.com\/de\/wp-json\/wp\/v2\/comments?post=33412"}],"version-history":[{"count":0,"href":"https:\/\/www.visitbratislava.com\/de\/wp-json\/wp\/v2\/pages\/33412\/revisions"}],"up":[{"embeddable":true,"href":"https:\/\/www.visitbratislava.com\/de\/wp-json\/wp\/v2\/pages\/33319"}],"wp:featuredmedia":[{"embeddable":true,"href":"https:\/\/www.visitbratislava.com\/de\/wp-json\/wp\/v2\/media\/33334"}],"wp:attachment":[{"href":"https:\/\/www.visitbratislava.com\/de\/wp-json\/wp\/v2\/media?parent=33412"}],"curies":[{"name":"wp","href":"https:\/\/api.w.org\/{rel}","templated":true}]}}