{"id":33429,"date":"2017-06-12T10:22:53","date_gmt":"2017-06-12T08:22:53","guid":{"rendered":"https:\/\/www.visitbratislava.com\/?page_id=33429\/"},"modified":"2023-05-25T15:45:34","modified_gmt":"2023-05-25T13:45:34","slug":"kroenungsfeierlichkeiten","status":"publish","type":"page","link":"https:\/\/www.visitbratislava.com\/de\/kroenung\/kroenungsfeierlichkeiten\/","title":{"rendered":"Kr\u00f6nungsfeierlichkeiten"},"content":{"rendered":"<p>Bei der Kr\u00f6nung von K\u00f6nigen war der genaue Ablauf der Kr\u00f6nungszeremonie durch die Kr\u00f6nungsversammlung festgelegt, genau wie die Route, entlang der sich die Kr\u00f6nungsprozession an die Orte der einzelnen Phasen der Kr\u00f6nungsfeierlichkeiten bewegte. Der k\u00fcnftige Monarch betrat die Stadt jeweils durch ein bestimmtes Stadttor und bewegte sich auf den Spuren seiner Vorg\u00e4nger.<\/p>\n<p><strong>Der Herrscher gelangte vor der Kr\u00f6nung \u00fcber eine aus Booten oder Pontons errichtet Donaubr\u00fccke ins Stadtgebiet, wo er mit Fanfaren und Ehrensalven aus Kanonen begr\u00fc\u00dft wurde.<\/strong> Unterkunft fand er auf der Burg oder in der Residenz des Erzbischofs am heutigen Primatial-Platz.<\/p>\n<p><img loading=\"lazy\" width=\"1418\" height=\"458\" class=\"alignnone size-full wp-image-143147\" src=\"https:\/\/www.visitbratislava.com\/wp-content\/uploads\/2022\/07\/Korunovacie-Banner-001.jpg\" alt=\"\" srcset=\"https:\/\/www.visitbratislava.com\/wp-content\/uploads\/2022\/07\/Korunovacie-Banner-001.jpg 1418w, https:\/\/www.visitbratislava.com\/wp-content\/uploads\/2022\/07\/Korunovacie-Banner-001-400x129.jpg 400w, https:\/\/www.visitbratislava.com\/wp-content\/uploads\/2022\/07\/Korunovacie-Banner-001-800x258.jpg 800w, https:\/\/www.visitbratislava.com\/wp-content\/uploads\/2022\/07\/Korunovacie-Banner-001-768x248.jpg 768w, https:\/\/www.visitbratislava.com\/wp-content\/uploads\/2022\/07\/Korunovacie-Banner-001-200x65.jpg 200w\" sizes=\"(max-width: 1418px) 100vw, 1418px\" \/><\/p>\n<h3>Kr\u00f6nungszeremonie<\/h3>\n<p>Die Kr\u00f6nungszeremonie fand im St. Martinsdom statt, wohin der k\u00fcnftige Herrscher von der Burg oder vom Palast des Erzbischofs auf einem Pferd oder mit einer Kutsche gelangte. Der Dom wurde \u00fcber das S\u00fcdportal betreten, und der Umzug mit dem gekr\u00f6nten K\u00f6nig verlie\u00df den Kr\u00f6nungsdom durch das Nordtor. Im feierlich geschm\u00fcckten Dom wurde der K\u00f6nig von kirchlichen und weltlichen W\u00fcrdentr\u00e4gern willkommen gehei\u00dfen. F<strong>\u00fcr die Teilnehmer der Kr\u00f6nungszeremonie, die mehrere Stunden dauerte, wurde Logen und Trib\u00fcnen direkt im Dom gebaut.<\/strong> Die Kr\u00f6nungszeremonie fand im Rahmen des Pontifikalamts statt. Die ungarische Stephanskrone setzte Primas, der Erzbischof von Esztergom als h\u00f6chster, den Papst vertretender W\u00fcrdentr\u00e4ger auf das Haupt des neuen K\u00f6nigs.<\/p>\n<p>In die rechte Hand erhielt der K\u00f6nig das Zepter und in die linke den Reichsapfel. Die Anwesenden wiederholten nach dem <strong>Palatin dreimal den Ausruf &#8222;Vivat Rex!&#8220; Lang lebe der K\u00f6nig!<\/strong> Es folgte die Nationalhymne Te Deum und die Fortsetzung der Messe. Bei der Kr\u00f6nung der k\u00f6niglichen Ehefrauen hielt man die ungarische Krone \u00fcber der rechten Schulter der K\u00f6nigin, damit sie an der Seite ihres Ehemanns stehen und ihm helfen w\u00fcrde, die Last der k\u00f6niglichen Pflichten zu tragen. Die k\u00f6niglichen Frauen wurden nicht vom Erzbischof von Esztergom (Gran), sondern von Veszpr\u00e9m (Vesprim) gekr\u00f6nt. Bei dieser Zeremonie wurde eine f\u00fcr diesen Zweck hergestellte Krone der Habsburger verwendet, nicht die Stephanskrone, und sie bekamen weder Schwert noch Zepter oder Reichsapfel.<\/p>\n<p><img loading=\"lazy\" width=\"2560\" height=\"1706\" class=\"alignnone size-full wp-image-141577\" src=\"https:\/\/www.visitbratislava.com\/wp-content\/uploads\/2016\/03\/Korunovacne-slavnosti-006-scaled.jpeg\" alt=\"\" srcset=\"https:\/\/www.visitbratislava.com\/wp-content\/uploads\/2016\/03\/Korunovacne-slavnosti-006-scaled.jpeg 2560w, https:\/\/www.visitbratislava.com\/wp-content\/uploads\/2016\/03\/Korunovacne-slavnosti-006-400x267.jpeg 400w, https:\/\/www.visitbratislava.com\/wp-content\/uploads\/2016\/03\/Korunovacne-slavnosti-006-800x533.jpeg 800w, https:\/\/www.visitbratislava.com\/wp-content\/uploads\/2016\/03\/Korunovacne-slavnosti-006-768x512.jpeg 768w, https:\/\/www.visitbratislava.com\/wp-content\/uploads\/2016\/03\/Korunovacne-slavnosti-006-1536x1024.jpeg 1536w, https:\/\/www.visitbratislava.com\/wp-content\/uploads\/2016\/03\/Korunovacne-slavnosti-006-2048x1365.jpeg 2048w, https:\/\/www.visitbratislava.com\/wp-content\/uploads\/2016\/03\/Korunovacne-slavnosti-006-200x133.jpeg 200w\" sizes=\"(max-width: 2560px) 100vw, 2560px\" \/><\/p>\n<h3>Kr\u00f6nungsprozession<\/h3>\n<p>Aus dem Dom machte sich der neu gew\u00e4hlte Herrscher mit der Kr\u00f6nungsprozession auf den Weg durch die Stadt. An der Spitze des Zuges hinter dem Kreuz schritten die Priester, gefolgt von den Magnaten, die die Fahnen der zum ungarischen K\u00f6nigreich geh\u00f6renden L\u00e4nder trugen. <strong>Der Weg vom Kr\u00f6nungstempel zum Franziskanerkloster war mit Tuch in roter Farbe oder den drei Farben der ungarischen Flagge bedeckt, das die Bev\u00f6lkerung der Stadt nach dem Durchgang der Prozession in St\u00fccke riss.<\/strong> Auf dem Weg in die Franziskanerkirche ging die Prozession auf dem Platz vor dem Rathaus am Brunnen mit der Statue Maximilians, des ersten in Pressburg gekr\u00f6nten K\u00f6nigs, vorbei. Der Festzug der gekr\u00f6nten Maria Theresia war der einzige, der auch an der Marmors\u00e4ule mit einer Statue der Jungfrau Maria vor der Jesuitenkirche Halt machte, damit sich die K\u00f6nigin vor ihrer Patronin verneigen konnte.<\/p>\n<p><img loading=\"lazy\" width=\"1418\" height=\"458\" class=\"alignnone size-full wp-image-143255\" src=\"https:\/\/www.visitbratislava.com\/wp-content\/uploads\/2022\/07\/Korunovacie-Banner-009.jpg\" alt=\"\" srcset=\"https:\/\/www.visitbratislava.com\/wp-content\/uploads\/2022\/07\/Korunovacie-Banner-009.jpg 1418w, https:\/\/www.visitbratislava.com\/wp-content\/uploads\/2022\/07\/Korunovacie-Banner-009-400x129.jpg 400w, https:\/\/www.visitbratislava.com\/wp-content\/uploads\/2022\/07\/Korunovacie-Banner-009-800x258.jpg 800w, https:\/\/www.visitbratislava.com\/wp-content\/uploads\/2022\/07\/Korunovacie-Banner-009-768x248.jpg 768w, https:\/\/www.visitbratislava.com\/wp-content\/uploads\/2022\/07\/Korunovacie-Banner-009-200x65.jpg 200w\" sizes=\"(max-width: 1418px) 100vw, 1418px\" \/><\/p>\n<h3>Ritterbeschlag<\/h3>\n<p>In der Franziskanerkirche stand ein Podium mit Baldachin bereit, auf dem der K\u00f6nigsthron stand. Von diesem Ort aus schlug der K\u00f6nig mit dem Kr\u00f6nungsschwert <strong>ausgew\u00e4hlte M\u00e4nner f\u00fcr ihre treuen Dienste an den K\u00f6nig zu Rittern vom Goldenen Sporn<\/strong>. Die Ritter durften dann goldene oder vergoldete Sporen, S\u00e4bel oder Zaumzeug f\u00fcr ihr Pferd tragen. Nach dem Ende der Zeremonie zog die Prozession mit dem Monarchen auf dem Pferder\u00fccken (Maria Theresia in einer Kutsche) durch die, von Geb\u00e4uden mit wei\u00dfen Fassaden ges\u00e4umte, schmale Wei\u00dfe Gasse (Biela uli\u010dka).<\/p>\n<p><img loading=\"lazy\" width=\"1418\" height=\"458\" class=\"alignnone size-full wp-image-143714\" src=\"https:\/\/www.visitbratislava.com\/wp-content\/uploads\/2022\/05\/L_Petrova_leto_BKD-2021_korunovacie_kupene_vyhradna-licencia_casovo-neobmedzena_kat_A_banner.jpg\" alt=\"\" srcset=\"https:\/\/www.visitbratislava.com\/wp-content\/uploads\/2022\/05\/L_Petrova_leto_BKD-2021_korunovacie_kupene_vyhradna-licencia_casovo-neobmedzena_kat_A_banner.jpg 1418w, https:\/\/www.visitbratislava.com\/wp-content\/uploads\/2022\/05\/L_Petrova_leto_BKD-2021_korunovacie_kupene_vyhradna-licencia_casovo-neobmedzena_kat_A_banner-400x129.jpg 400w, https:\/\/www.visitbratislava.com\/wp-content\/uploads\/2022\/05\/L_Petrova_leto_BKD-2021_korunovacie_kupene_vyhradna-licencia_casovo-neobmedzena_kat_A_banner-800x258.jpg 800w, https:\/\/www.visitbratislava.com\/wp-content\/uploads\/2022\/05\/L_Petrova_leto_BKD-2021_korunovacie_kupene_vyhradna-licencia_casovo-neobmedzena_kat_A_banner-768x248.jpg 768w, https:\/\/www.visitbratislava.com\/wp-content\/uploads\/2022\/05\/L_Petrova_leto_BKD-2021_korunovacie_kupene_vyhradna-licencia_casovo-neobmedzena_kat_A_banner-200x65.jpg 200w\" sizes=\"(max-width: 1418px) 100vw, 1418px\" \/><\/p>\n<h3>Feierlicher Eid<\/h3>\n<p>Durch das Michaeler Tor \u00fcber eine steinerne Br\u00fccke \u00fcber den Graben verlie\u00df die Prozession die mittelalterliche Stadt und machte im Freien gegen\u00fcber der Stadtmauer Halt, wo eine mit rotem oder dreifarbigem Tuch verkleidete Holztrib\u00fcne bereitstand. Hier fand ein weiterer wichtiger Akt der Kr\u00f6nungsfeierlichkeiten statt, bei dem der Herrscher den Kr\u00f6nungseid ablegte. Der K\u00f6nig wiederholte laut den Text des Eides nach dem Erzbischof von Esztergom. <strong>Der K\u00f6nig verpflichtete sich, die Rechte und Privilegien der Bev\u00f6lkerung und die Ausdehnung des Landes beizubehalten und gegebenenfalls neue Gebiete zu erobern oder besetzte Teile des K\u00f6nigreichs zu befreien.<\/strong> Nach abgelegtem Eid begr\u00fc\u00dfte das ungarische Volk seinen neuen K\u00f6nig mit lauten Rufen. Der Palatin rief dreimal hintereinander &#8222;Vivat Rex!&#8220; und die Menge wiederholte es. Der Ort hie\u00df lange Zeit auch Eidesplatz (heute SNP-Platz). Ende des 17. Jahrhunderts hatte der Orden der Barmherzigen Br\u00fcder hier ein Kloster mit Kirche und Krankenhaus erbaut.<\/p>\n<p><img loading=\"lazy\" width=\"1920\" height=\"1280\" class=\"alignnone size-full wp-image-143214\" src=\"https:\/\/www.visitbratislava.com\/wp-content\/uploads\/2022\/07\/Korunovacie_2020_202_1920x1280-1.jpg\" alt=\"\" srcset=\"https:\/\/www.visitbratislava.com\/wp-content\/uploads\/2022\/07\/Korunovacie_2020_202_1920x1280-1.jpg 1920w, https:\/\/www.visitbratislava.com\/wp-content\/uploads\/2022\/07\/Korunovacie_2020_202_1920x1280-1-400x267.jpg 400w, https:\/\/www.visitbratislava.com\/wp-content\/uploads\/2022\/07\/Korunovacie_2020_202_1920x1280-1-800x533.jpg 800w, https:\/\/www.visitbratislava.com\/wp-content\/uploads\/2022\/07\/Korunovacie_2020_202_1920x1280-1-768x512.jpg 768w, https:\/\/www.visitbratislava.com\/wp-content\/uploads\/2022\/07\/Korunovacie_2020_202_1920x1280-1-1536x1024.jpg 1536w, https:\/\/www.visitbratislava.com\/wp-content\/uploads\/2022\/07\/Korunovacie_2020_202_1920x1280-1-200x133.jpg 200w\" sizes=\"(max-width: 1920px) 100vw, 1920px\" \/><\/p>\n<h3>Kr\u00f6nungsh\u00fcgel<\/h3>\n<p>Die Kr\u00f6nungszeremonie fand am Ufer der Donau (dem heutigen \u013d.- \u0160t\u00far-Platz) ihren Abschluss, wohin die Prozession zu Pferd entlang der Stadtmauer gelangte. Vor der gro\u00dfen Feier wurde hier Boden aus allen Komitaten des ungarischen K\u00f6nigreichs herbeigetragen und daraus der Kr\u00f6nungsh\u00fcgel errichtet. <strong>Der Monarch ritt im Galopp den H\u00fcgel hinauf und schwang sein Schwert in alle vier Himmelsrichtungen, womit er symbolisch seinem Reich Schutz vor, aus jeglicher Richtung anr\u00fcckenden Feinden versprach. Nach dem Ende der Zeremonie erklangen Fanfaren, Trommeln und Salven.<\/strong> Auch die Kanonen auf der Burg wurden abgefeuert.<\/p>\n<p><strong>Den neu gew\u00e4hlten K\u00f6nig erwartete im Festsaal der Burg oder im Primatialpalast das Kr\u00f6nungsgelage, aber auch die Menschen in den Stra\u00dfen der Stadt feierten. W\u00e4hrend der Prozession wurden Geld und Gedenkm\u00fcnzen unter die Leute geworfen, auf Spie\u00dfen wurden Ochsen gebraten und aus dem Brunnen floss Wein.<\/strong> Auch an Unterhaltung mangelte es nicht. Es gab Ritterturniere und selbst ein Feuerwerk.<\/p>\n<p><img loading=\"lazy\" width=\"2560\" height=\"1920\" class=\"alignnone size-full wp-image-243167\" src=\"https:\/\/www.visitbratislava.com\/wp-content\/uploads\/2014\/11\/Karol-Srnec_BKD-2022_korunovacne-dni_ba-hrad_Tyrsovo-nabrezie_kone_nevyhradna-licencia_casovo-neobmedzena-36-scaled.jpg\" alt=\"\" srcset=\"https:\/\/www.visitbratislava.com\/wp-content\/uploads\/2014\/11\/Karol-Srnec_BKD-2022_korunovacne-dni_ba-hrad_Tyrsovo-nabrezie_kone_nevyhradna-licencia_casovo-neobmedzena-36-scaled.jpg 2560w, https:\/\/www.visitbratislava.com\/wp-content\/uploads\/2014\/11\/Karol-Srnec_BKD-2022_korunovacne-dni_ba-hrad_Tyrsovo-nabrezie_kone_nevyhradna-licencia_casovo-neobmedzena-36-400x300.jpg 400w, https:\/\/www.visitbratislava.com\/wp-content\/uploads\/2014\/11\/Karol-Srnec_BKD-2022_korunovacne-dni_ba-hrad_Tyrsovo-nabrezie_kone_nevyhradna-licencia_casovo-neobmedzena-36-800x600.jpg 800w, https:\/\/www.visitbratislava.com\/wp-content\/uploads\/2014\/11\/Karol-Srnec_BKD-2022_korunovacne-dni_ba-hrad_Tyrsovo-nabrezie_kone_nevyhradna-licencia_casovo-neobmedzena-36-768x576.jpg 768w, https:\/\/www.visitbratislava.com\/wp-content\/uploads\/2014\/11\/Karol-Srnec_BKD-2022_korunovacne-dni_ba-hrad_Tyrsovo-nabrezie_kone_nevyhradna-licencia_casovo-neobmedzena-36-1536x1152.jpg 1536w, https:\/\/www.visitbratislava.com\/wp-content\/uploads\/2014\/11\/Karol-Srnec_BKD-2022_korunovacne-dni_ba-hrad_Tyrsovo-nabrezie_kone_nevyhradna-licencia_casovo-neobmedzena-36-2048x1536.jpg 2048w, https:\/\/www.visitbratislava.com\/wp-content\/uploads\/2014\/11\/Karol-Srnec_BKD-2022_korunovacne-dni_ba-hrad_Tyrsovo-nabrezie_kone_nevyhradna-licencia_casovo-neobmedzena-36-200x150.jpg 200w, https:\/\/www.visitbratislava.com\/wp-content\/uploads\/2014\/11\/Karol-Srnec_BKD-2022_korunovacne-dni_ba-hrad_Tyrsovo-nabrezie_kone_nevyhradna-licencia_casovo-neobmedzena-36-600x450.jpg 600w\" sizes=\"(max-width: 2560px) 100vw, 2560px\" \/><\/p>\n<p><strong>Die Kr\u00f6nungsinsignien der ungarischen K\u00f6nige<\/strong><\/p>\n<p>Bei der Kr\u00f6nung wurden dem K\u00f6nig Objekte \u00fcberreicht, die k\u00f6nigliche Macht symbolisierten. In Ungarn wurde der K\u00f6nig mit der Stephanskrone gekr\u00f6nt. W\u00e4hrend der Zeremonie erhielt er einen reich bestickten Kr\u00f6nungsmantel, ein Schwert, mit dem er auch Knappen zu Rittern des Goldenen Sporns schlug, den Reichsapfel (goldfarbene Kugel mit zweiarmigem Kreuz) und ein Zepter (filigran verziertes Heft aus vergoldetem Silber mit einer Kugel aus Bergkristall, verziert mit einer Goldkonstruktion mit Ketten).<\/p>\n<p>Der Kr\u00f6nung voraus ging eine Kr\u00f6nungsversammlung, die den K\u00f6nig w\u00e4hlte.\u00a0 Sp\u00e4ter ernannte der Monarch seinen Nachfolger direkt, und ab 1687 verankerte das ungarische Parlament das Recht der Habsburger auf ein Erbe der ungarischen Krone und des ungarischen Throns im Gesetz. K\u00f6nig sollte jeweils der erstgeborene Sohn des vorhergehenden K\u00f6nigs werden. W\u00e4hrend der Herrschaft von Karl III. (VI.) wurde dieses Gesetz erweitert, sodass in Ermangelung m\u00e4nnlicher Nachkommen auch die T\u00f6chter der Herrscher gekr\u00f6nt werden konnten.<\/p>\n","protected":false},"excerpt":{"rendered":"<p>Bei der Kr\u00f6nung von K\u00f6nigen war der genaue Ablauf der Kr\u00f6nungszeremonie durch die Kr\u00f6nungsversammlung festgelegt, genau wie die Route, entlang der sich die Kr\u00f6nungsprozession an die Orte der einzelnen Phasen der Kr\u00f6nungsfeierlichkeiten bewegte. Der k\u00fcnftige Monarch betrat die Stadt jeweils durch ein bestimmtes Stadttor und bewegte sich auf den Spuren seiner Vorg\u00e4nger. Der Herrscher gelangte [&hellip;]<\/p>\n","protected":false},"author":10,"featured_media":4059,"parent":33319,"menu_order":0,"comment_status":"closed","ping_status":"closed","template":"","meta":[],"acf":[],"_links":{"self":[{"href":"https:\/\/www.visitbratislava.com\/de\/wp-json\/wp\/v2\/pages\/33429"}],"collection":[{"href":"https:\/\/www.visitbratislava.com\/de\/wp-json\/wp\/v2\/pages"}],"about":[{"href":"https:\/\/www.visitbratislava.com\/de\/wp-json\/wp\/v2\/types\/page"}],"author":[{"embeddable":true,"href":"https:\/\/www.visitbratislava.com\/de\/wp-json\/wp\/v2\/users\/10"}],"replies":[{"embeddable":true,"href":"https:\/\/www.visitbratislava.com\/de\/wp-json\/wp\/v2\/comments?post=33429"}],"version-history":[{"count":3,"href":"https:\/\/www.visitbratislava.com\/de\/wp-json\/wp\/v2\/pages\/33429\/revisions"}],"predecessor-version":[{"id":244191,"href":"https:\/\/www.visitbratislava.com\/de\/wp-json\/wp\/v2\/pages\/33429\/revisions\/244191"}],"up":[{"embeddable":true,"href":"https:\/\/www.visitbratislava.com\/de\/wp-json\/wp\/v2\/pages\/33319"}],"wp:featuredmedia":[{"embeddable":true,"href":"https:\/\/www.visitbratislava.com\/de\/wp-json\/wp\/v2\/media\/4059"}],"wp:attachment":[{"href":"https:\/\/www.visitbratislava.com\/de\/wp-json\/wp\/v2\/media?parent=33429"}],"curies":[{"name":"wp","href":"https:\/\/api.w.org\/{rel}","templated":true}]}}