{"id":34793,"date":"2017-07-26T15:18:45","date_gmt":"2017-07-26T13:18:45","guid":{"rendered":"https:\/\/www.visitbratislava.com\/?page_id=34793\/"},"modified":"2024-03-19T14:54:02","modified_gmt":"2024-03-19T13:54:02","slug":"top5eisdielen","status":"publish","type":"page","link":"https:\/\/www.visitbratislava.com\/de\/top5eisdielen\/","title":{"rendered":"Top 5 Eisdielen in Bratislava"},"content":{"rendered":"<p><iframe src=\"https:\/\/www.youtube.com\/embed\/73KTbovoU78?rel=0&amp;showinfo=0\" width=\"786\" height=\"442\" frameborder=\"0\" allowfullscreen=\"allowfullscreen\"><\/iframe><\/p>\n<p><strong>1. Arthur<\/strong><br \/>\nSchwarzes Eis, schwarze Eist\u00fcten und ordentliche Portionen mit einzigartigem Geschmack. Arthur Ice Cream in der Stra\u00dfe Laurinsk\u00e1 2 \u00fcberrascht Sie mit viel echter belgischer Schokolade, mit salzigem Karamell oder Mascarpone. Auch Liebhaber gesunder Ern\u00e4hrung haben hier eine gro\u00dfe Auswahl. Zum Beispiel exklusives Eis aus Kokoskohle oder indisches Mango-Sorbet.<\/p>\n<p><img loading=\"lazy\" width=\"800\" height=\"533\" class=\"alignnone size-large wp-image-286846\" src=\"https:\/\/www.visitbratislava.com\/wp-content\/uploads\/2024\/03\/1-800x533.png\" alt=\"\" srcset=\"https:\/\/www.visitbratislava.com\/wp-content\/uploads\/2024\/03\/1-800x533.png 800w, https:\/\/www.visitbratislava.com\/wp-content\/uploads\/2024\/03\/1-400x267.png 400w, https:\/\/www.visitbratislava.com\/wp-content\/uploads\/2024\/03\/1-768x512.png 768w, https:\/\/www.visitbratislava.com\/wp-content\/uploads\/2024\/03\/1-1536x1024.png 1536w, https:\/\/www.visitbratislava.com\/wp-content\/uploads\/2024\/03\/1-200x133.png 200w, https:\/\/www.visitbratislava.com\/wp-content\/uploads\/2024\/03\/1.png 1920w\" sizes=\"(max-width: 800px) 100vw, 800px\" \/><\/p>\n<p><strong>2. Luculus<\/strong><br \/>\nEine Eisdiele, die es schon seit einigen Jahrzehnten auf dem Hviezdoslav-Platz gibt und die ihren Charme und ihre Qualit\u00e4t bis heute bewahrt hat. Sie bietet jeden Tag mehr als 20 Sorten Eis aller Geschmacksrichtungen, viele davon auch vegan. Grundlage sind frische Zutaten, freundliches Personal und nat\u00fcrlich hochwertige Milch. Auch verschiedene Sorten von Kuchen oder Kaffee gibt es.<\/p>\n<div class=\"grid-container\"><div class=\"grid-container__item\"><div class=\"block\"><a href=\"https:\/\/www.visitbratislava.com\/wp-content\/uploads\/2024\/03\/arthur-freddy-643x800.jpg\" data-fancybox=\"gallery\" data-caption=\"\"><div class=\"background\"><img src=\"https:\/\/www.visitbratislava.com\/wp-content\/uploads\/2024\/03\/arthur-freddy-643x800.jpg\" alt=\"foto\"\/><\/div><div class=\"overlay filter-blue\"><div class=\"content\"><span class=\"zoom-button\"><\/span><\/div><\/div><\/a><\/div><\/div><div class=\"grid-container__item\"><div class=\"block\"><a href=\"https:\/\/www.visitbratislava.com\/wp-content\/uploads\/2024\/03\/arthur-pistachio-800x800.jpg\" data-fancybox=\"gallery\" data-caption=\"\"><div class=\"background\" style=\"background-image: url(https:\/\/www.visitbratislava.com\/wp-content\/uploads\/2024\/03\/arthur-pistachio-800x800.jpg)\"><\/div><div class=\"overlay filter-green\"><div class=\"content\"><span class=\"zoom-button\"><\/span><\/div><\/div><\/a><\/div><\/div><div class=\"grid-container__item\"><div class=\"block\" ><a href=\"https:\/\/www.visitbratislava.com\/wp-content\/uploads\/2024\/03\/arthur-what-642x800.jpg\" data-fancybox=\"gallery\" data-caption=\"\"><div class=\"background\" style=\"background-image: url(https:\/\/www.visitbratislava.com\/wp-content\/uploads\/2024\/03\/arthur-what-642x800.jpg)\"><\/div><div class=\"overlay filter-orange\"><div class=\"content\"><span class=\"zoom-button\"><\/span><\/div><\/div><\/a><\/div><\/div><div class=\"grid-container__item\"><div class=\"block\"><a href=\"https:\/\/www.visitbratislava.com\/wp-content\/uploads\/2024\/03\/arthur-rome-800x800.jpg\" data-fancybox=\"gallery\" data-caption=\"\"><div class=\"background\" style=\"background-image: url(https:\/\/www.visitbratislava.com\/wp-content\/uploads\/2024\/03\/arthur-rome-800x800.jpg)\"><\/div><div class=\"overlay filter-purple\"><div class=\"content\"><span class=\"zoom-button\"><\/span><\/div><\/div><\/a><\/div><\/div><div class=\"grid-container__item more\"><\/div><\/div>\n<p><strong>3. Koun<\/strong><br \/>\nT\u00e4glich von Hand aus frischer Sahne hergestellt, ohne Konservierungsmittel und in originellen Geschmacksrichtungen \u2013 dieses Eis ist ein echter Hit in Bratislava. Echtes &#8222;Gelato&#8220; oder leckere Sorbets werden nach italienischen Rezepten von einer gelernten Eiskonditorin hergestellt. Zu ihren ausgefallensten Geschmackskreationen geh\u00f6ren Mohn-, Basilikum- oder Erdnusseis.<\/p>\n<p><img loading=\"lazy\" width=\"800\" height=\"520\" class=\"alignnone size-large wp-image-286804\" src=\"https:\/\/www.visitbratislava.com\/wp-content\/uploads\/2024\/03\/Koun-800x520.jpg\" alt=\"\" srcset=\"https:\/\/www.visitbratislava.com\/wp-content\/uploads\/2024\/03\/Koun-800x520.jpg 800w, https:\/\/www.visitbratislava.com\/wp-content\/uploads\/2024\/03\/Koun-400x260.jpg 400w, https:\/\/www.visitbratislava.com\/wp-content\/uploads\/2024\/03\/Koun-768x499.jpg 768w, https:\/\/www.visitbratislava.com\/wp-content\/uploads\/2024\/03\/Koun-1536x998.jpg 1536w, https:\/\/www.visitbratislava.com\/wp-content\/uploads\/2024\/03\/Koun-200x130.jpg 200w, https:\/\/www.visitbratislava.com\/wp-content\/uploads\/2024\/03\/Koun.jpg 2048w\" sizes=\"(max-width: 800px) 100vw, 800px\" \/><\/p>\n<p><strong>4. Mondieu<\/strong><br \/>\nLecker und v\u00f6llig vegan \u2013 solches Eis wartet im Mondieu auf Sie. Eis wird hier jeden Tag frisch und in einer Reihe von Geschmacksrichtungen wie Erdnussbutter, Brownie oder Lavendel serviert. Zu einem hervorragenden Eis k\u00f6nnen Sie hochwertigen Kaffee oder einen der vielen Smoothies genie\u00dfen. Im Angebot sind auch Salate und mit leckeren Zutaten belegte Baguettes.<\/p>\n<figure id=\"attachment_34785\" aria-describedby=\"caption-attachment-34785\" style=\"width: 800px\" class=\"wp-caption aligncenter\"><img loading=\"lazy\" class=\"wp-image-34787 size-large\" src=\"https:\/\/www.visitbratislava.com\/wp-content\/uploads\/2017\/07\/mondieu-zmrzlina-800x608.jpg\" alt=\"\" width=\"800\" height=\"608\" srcset=\"https:\/\/www.visitbratislava.com\/wp-content\/uploads\/2017\/07\/mondieu-zmrzlina-800x608.jpg 800w, https:\/\/www.visitbratislava.com\/wp-content\/uploads\/2017\/07\/mondieu-zmrzlina-400x304.jpg 400w, https:\/\/www.visitbratislava.com\/wp-content\/uploads\/2017\/07\/mondieu-zmrzlina-768x583.jpg 768w, https:\/\/www.visitbratislava.com\/wp-content\/uploads\/2017\/07\/mondieu-zmrzlina-200x152.jpg 200w, https:\/\/www.visitbratislava.com\/wp-content\/uploads\/2017\/07\/mondieu-zmrzlina.jpg 960w\" sizes=\"(max-width: 800px) 100vw, 800px\" \/><figcaption id=\"caption-attachment-34785\" class=\"wp-caption-text\">foto: mondieu.sk<\/figcaption><\/figure>\n<p><strong>5. Marinela<\/strong><br \/>\nBuntes Eis am Stiel aus echten Fr\u00fcchten, nur ges\u00fc\u00dft, wenn es unbedingt n\u00f6tig ist. Die Grundlagen f\u00fcr die Reise der Besitzer zu ihrem Eiscreme-Traum wurden ihnen von einer italienischen Universit\u00e4t gegeben, an der Enthusiasten aus der ganzen Welt authentische italienische Rezepte lernen. Wie hei\u00dft es so sch\u00f6n: \u201eF\u00fcr Pulvereis ist in unseren Rezepten kein Platz. Ehrliches Gelato zeichnet sich durch hochwertigste Zutaten aus, weshalb auch unsere Rezeptur auf frischen Zutaten basiert.\u201c<\/p>\n<p><img loading=\"lazy\" width=\"720\" height=\"960\" class=\"alignnone size-full wp-image-237953\" src=\"https:\/\/www.visitbratislava.com\/wp-content\/uploads\/2023\/04\/Marinela-ufo.jpg\" alt=\"\" srcset=\"https:\/\/www.visitbratislava.com\/wp-content\/uploads\/2023\/04\/Marinela-ufo.jpg 720w, https:\/\/www.visitbratislava.com\/wp-content\/uploads\/2023\/04\/Marinela-ufo-300x400.jpg 300w, https:\/\/www.visitbratislava.com\/wp-content\/uploads\/2023\/04\/Marinela-ufo-600x800.jpg 600w, https:\/\/www.visitbratislava.com\/wp-content\/uploads\/2023\/04\/Marinela-ufo-150x200.jpg 150w\" sizes=\"(max-width: 720px) 100vw, 720px\" \/><\/p>\n<p><iframe src=\"https:\/\/www.google.com\/maps\/d\/embed?mid=1Y3eg-ixw5ZZYT9uA93G3o3C3oKs\" width=\"1000\" height=\"480\"><\/iframe><\/p>\n","protected":false},"excerpt":{"rendered":"<p>1. Arthur Schwarzes Eis, schwarze Eist\u00fcten und ordentliche Portionen mit einzigartigem Geschmack. Arthur Ice Cream in der Stra\u00dfe Laurinsk\u00e1 2 \u00fcberrascht Sie mit viel echter belgischer Schokolade, mit salzigem Karamell oder Mascarpone. Auch Liebhaber gesunder Ern\u00e4hrung haben hier eine gro\u00dfe Auswahl. Zum Beispiel exklusives Eis aus Kokoskohle oder indisches Mango-Sorbet. 2. Luculus Eine Eisdiele, die [&hellip;]<\/p>\n","protected":false},"author":10,"featured_media":34779,"parent":0,"menu_order":0,"comment_status":"closed","ping_status":"closed","template":"","meta":[],"acf":[],"_links":{"self":[{"href":"https:\/\/www.visitbratislava.com\/de\/wp-json\/wp\/v2\/pages\/34793"}],"collection":[{"href":"https:\/\/www.visitbratislava.com\/de\/wp-json\/wp\/v2\/pages"}],"about":[{"href":"https:\/\/www.visitbratislava.com\/de\/wp-json\/wp\/v2\/types\/page"}],"author":[{"embeddable":true,"href":"https:\/\/www.visitbratislava.com\/de\/wp-json\/wp\/v2\/users\/10"}],"replies":[{"embeddable":true,"href":"https:\/\/www.visitbratislava.com\/de\/wp-json\/wp\/v2\/comments?post=34793"}],"version-history":[{"count":3,"href":"https:\/\/www.visitbratislava.com\/de\/wp-json\/wp\/v2\/pages\/34793\/revisions"}],"predecessor-version":[{"id":286853,"href":"https:\/\/www.visitbratislava.com\/de\/wp-json\/wp\/v2\/pages\/34793\/revisions\/286853"}],"wp:featuredmedia":[{"embeddable":true,"href":"https:\/\/www.visitbratislava.com\/de\/wp-json\/wp\/v2\/media\/34779"}],"wp:attachment":[{"href":"https:\/\/www.visitbratislava.com\/de\/wp-json\/wp\/v2\/media?parent=34793"}],"curies":[{"name":"wp","href":"https:\/\/api.w.org\/{rel}","templated":true}]}}