{"id":348776,"date":"2025-08-22T15:05:19","date_gmt":"2025-08-22T13:05:19","guid":{"rendered":"https:\/\/www.visitbratislava.com\/?page_id=348776"},"modified":"2025-11-25T13:48:16","modified_gmt":"2025-11-25T12:48:16","slug":"bratislava-an-einem-tag","status":"publish","type":"page","link":"https:\/\/www.visitbratislava.com\/de\/bratislava-an-einem-tag\/","title":{"rendered":"Bratislava an einem Tag: Top Highlights"},"content":{"rendered":"<h2 data-start=\"159\" data-end=\"207\"><strong>Dein Abenteuer in Bratislava auf einen Blick<\/strong><\/h2>\n<p data-start=\"209\" data-end=\"1005\">\u2022 <strong data-start=\"211\" data-end=\"227\">9:00 \u2013 9:30:<\/strong> Historisches Museum \u2013 Pressburger Burg &amp; Barockgarten (kostenlos mit Bratislava Card)<br data-start=\"313\" data-end=\"316\" \/>\u2022 <strong data-start=\"318\" data-end=\"335\">9:45 \u2013 11:45:<\/strong> Martinsdom \u2013 Krypten, Empore, Schatzkammer (kostenlos mit Bratislava Card)<br data-start=\"410\" data-end=\"413\" \/>\u2022 <strong data-start=\"415\" data-end=\"433\">12:00 \u2013 13:45:<\/strong> Mittagessen im Zylinder Cafe Restaurant (10 % Erm\u00e4\u00dfigung mit Bratislava Card)<br data-start=\"511\" data-end=\"514\" \/>\u2022 <strong data-start=\"516\" data-end=\"534\">14:00 \u2013 15:15:<\/strong> Gef\u00fchrter Stadtrundgang \u2013 Altstadt mit Erl\u00e4uterungen des Guides (kostenlos mit Bratislava Card, startet t\u00e4glich um 14:00 Uhr)<br data-start=\"660\" data-end=\"663\" \/>\u2022 <strong data-start=\"665\" data-end=\"683\">15:30 \u2013 16:45:<\/strong> St\u00e4dtische Galerie Bratislava \u2013 Mirbach-Palais (kostenlos mit Bratislava Card)<br data-start=\"762\" data-end=\"765\" \/>\u2022 <strong data-start=\"767\" data-end=\"785\">16:45 \u2013 18:00:<\/strong> Altes Rathaus \u2013 Stadtmuseum und Aussicht vom Turm (kostenlos mit Bratislava Card)<br data-start=\"867\" data-end=\"870\" \/>\u2022 <strong data-start=\"872\" data-end=\"890\">18:15 \u2013 Abend:<\/strong> Sky Bar Restaurant \u2013 beenden des Tages mit Blick auf die erleuchtete Stadt (10 % Erm\u00e4\u00dfigung mit Bratislava Card)<\/p>\n<p><img loading=\"lazy\" class=\"aligncenter wp-image-348710 size-large\" src=\"https:\/\/www.visitbratislava.com\/wp-content\/uploads\/2025\/08\/HITART_2023_nivy_bc_card_komparz_vyhradna_licencia_casovo_neobmedzena-92-800x533.jpg\" alt=\"Bratislava Card\" width=\"800\" height=\"533\" srcset=\"https:\/\/www.visitbratislava.com\/wp-content\/uploads\/2025\/08\/HITART_2023_nivy_bc_card_komparz_vyhradna_licencia_casovo_neobmedzena-92-800x533.jpg 800w, https:\/\/www.visitbratislava.com\/wp-content\/uploads\/2025\/08\/HITART_2023_nivy_bc_card_komparz_vyhradna_licencia_casovo_neobmedzena-92-400x267.jpg 400w, https:\/\/www.visitbratislava.com\/wp-content\/uploads\/2025\/08\/HITART_2023_nivy_bc_card_komparz_vyhradna_licencia_casovo_neobmedzena-92-768x512.jpg 768w, https:\/\/www.visitbratislava.com\/wp-content\/uploads\/2025\/08\/HITART_2023_nivy_bc_card_komparz_vyhradna_licencia_casovo_neobmedzena-92-1536x1024.jpg 1536w, https:\/\/www.visitbratislava.com\/wp-content\/uploads\/2025\/08\/HITART_2023_nivy_bc_card_komparz_vyhradna_licencia_casovo_neobmedzena-92-2048x1365.jpg 2048w, https:\/\/www.visitbratislava.com\/wp-content\/uploads\/2025\/08\/HITART_2023_nivy_bc_card_komparz_vyhradna_licencia_casovo_neobmedzena-92-200x133.jpg 200w\" sizes=\"(max-width: 800px) 100vw, 800px\" \/><\/p>\n<h2 data-start=\"1012\" data-end=\"1050\"><strong>Morgen auf der Bratislavaer Burg<\/strong><\/h2>\n<p data-start=\"1052\" data-end=\"1480\">Der Tag beginnt auf der <a href=\"https:\/\/www.visitbratislava.com\/de\/setzt\/bratislava-castle\/\" target=\"_blank\" rel=\"noopener\"><strong data-start=\"1076\" data-end=\"1097\">Bratislavaer Burg<\/strong><\/a>, deren barocker Garten f\u00fcr Maria Theresia gestaltet wurde. Besucher k\u00f6nnen zwischen Silberlinden und barocken Statuen spazieren. Am Brunnen bietet sich ein Moment der Ruhe mit Blick auf die Stadt und die Donau. Mit der <a href=\"https:\/\/card.visitbratislava.com\/de\/\" target=\"_blank\" rel=\"noopener\"><strong>Bratislava Card<\/strong><\/a>\u00a0ist der Eintritt zu allen Bereichen des <strong><a href=\"https:\/\/card.visitbratislava.com\/de\/discount\/snm-historisches-museum-bratislavaer-burg\/\" target=\"_blank\" rel=\"noopener\">Historischen Museums SNM<\/a><\/strong> frei, einschlie\u00dflich Schloss-Schatzkammer, Kronturm und Sonderausstellungen.<\/p>\n<p data-start=\"1052\" data-end=\"1480\"><img loading=\"lazy\" class=\"aligncenter wp-image-382298 size-large\" src=\"https:\/\/www.visitbratislava.com\/wp-content\/uploads\/2025\/11\/Bratislavsky-hrad-800x533.jpg\" alt=\"Bratislava an einem Tag - Burg von Bratislava\" width=\"800\" height=\"533\" srcset=\"https:\/\/www.visitbratislava.com\/wp-content\/uploads\/2025\/11\/Bratislavsky-hrad-800x533.jpg 800w, https:\/\/www.visitbratislava.com\/wp-content\/uploads\/2025\/11\/Bratislavsky-hrad-400x267.jpg 400w, https:\/\/www.visitbratislava.com\/wp-content\/uploads\/2025\/11\/Bratislavsky-hrad-768x512.jpg 768w, https:\/\/www.visitbratislava.com\/wp-content\/uploads\/2025\/11\/Bratislavsky-hrad-1536x1024.jpg 1536w, https:\/\/www.visitbratislava.com\/wp-content\/uploads\/2025\/11\/Bratislavsky-hrad-2048x1366.jpg 2048w, https:\/\/www.visitbratislava.com\/wp-content\/uploads\/2025\/11\/Bratislavsky-hrad-200x133.jpg 200w\" sizes=\"(max-width: 800px) 100vw, 800px\" \/><\/p>\n<h2 data-start=\"1482\" data-end=\"1520\"><strong>Kr\u00f6nungsgeschichte im Martinsdom<\/strong><\/h2>\n<p data-start=\"1522\" data-end=\"1843\">Anschlie\u00dfend steht der <a href=\"https:\/\/card.visitbratislava.com\/de\/discount\/die-kathedrale-des-heiligen-martin\/\" target=\"_blank\" rel=\"noopener\"><strong>Martinsdom<\/strong><\/a>\u00a0auf dem Programm, der Kr\u00f6nungsort von elf ungarischen K\u00f6nigen und sieben k\u00f6niglichen Gemahlinnen bis 1830. Der Eintritt ist frei. Mit der Bratislava Card erhalten Besucher zus\u00e4tzlich Zugang zur Krypta, Empore und Schatzkammer, um die Geschichte des Doms noch intensiver zu erleben.<\/p>\n<p data-start=\"1522\" data-end=\"1843\"><img loading=\"lazy\" class=\"aligncenter wp-image-382292 size-large\" src=\"https:\/\/www.visitbratislava.com\/wp-content\/uploads\/2025\/11\/Katedrala-sv.-Martina-vyhlad-800x387.jpg\" alt=\"Bratislava an einem Tag - Martinsdom\" width=\"800\" height=\"387\" srcset=\"https:\/\/www.visitbratislava.com\/wp-content\/uploads\/2025\/11\/Katedrala-sv.-Martina-vyhlad-800x387.jpg 800w, https:\/\/www.visitbratislava.com\/wp-content\/uploads\/2025\/11\/Katedrala-sv.-Martina-vyhlad-400x193.jpg 400w, https:\/\/www.visitbratislava.com\/wp-content\/uploads\/2025\/11\/Katedrala-sv.-Martina-vyhlad-768x371.jpg 768w, https:\/\/www.visitbratislava.com\/wp-content\/uploads\/2025\/11\/Katedrala-sv.-Martina-vyhlad-1536x742.jpg 1536w, https:\/\/www.visitbratislava.com\/wp-content\/uploads\/2025\/11\/Katedrala-sv.-Martina-vyhlad-2048x990.jpg 2048w, https:\/\/www.visitbratislava.com\/wp-content\/uploads\/2025\/11\/Katedrala-sv.-Martina-vyhlad-200x97.jpg 200w\" sizes=\"(max-width: 800px) 100vw, 800px\" \/><\/p>\n<p>&nbsp;<\/p>\n<h2 data-start=\"1845\" data-end=\"1890\"><strong>Mittagessen im Zylinder Caf\u00e9 Restaurant<\/strong><\/h2>\n<p data-start=\"1892\" data-end=\"2216\">Zum Mittagessen empfiehlt sich das <a href=\"https:\/\/card.visitbratislava.com\/de\/discount\/zylinder-cafe-restaurant-3\/\" target=\"_blank\" rel=\"noopener\"><strong>Zylinder Caf\u00e9 Restaurant<\/strong><\/a> am Hviezdoslav-Platz. Das Caf\u00e9 bietet authentische <strong data-start=\"2007\" data-end=\"2028\">Pressburger K\u00fcche<\/strong> in historischem Ambiente. Mit der <a href=\"https:\/\/card.visitbratislava.com\/de\/\" target=\"_blank\" rel=\"noopener\"><strong>Bratislava Card<\/strong><\/a> erhalten G\u00e4ste 10 % Erm\u00e4\u00dfigung auf die Mahlzeit. Dies bietet die M\u00f6glichkeit, sich zu st\u00e4rken und Energie f\u00fcr den Nachmittag zu tanken.<\/p>\n<p data-start=\"1892\" data-end=\"2216\"><img loading=\"lazy\" class=\"aligncenter wp-image-382304 size-large\" src=\"https:\/\/www.visitbratislava.com\/wp-content\/uploads\/2025\/11\/zylinder-cafe-and-restaurant-800x533.jpg\" alt=\"zylinder cafe restaurant\" width=\"800\" height=\"533\" srcset=\"https:\/\/www.visitbratislava.com\/wp-content\/uploads\/2025\/11\/zylinder-cafe-and-restaurant-800x533.jpg 800w, https:\/\/www.visitbratislava.com\/wp-content\/uploads\/2025\/11\/zylinder-cafe-and-restaurant-400x267.jpg 400w, https:\/\/www.visitbratislava.com\/wp-content\/uploads\/2025\/11\/zylinder-cafe-and-restaurant-768x512.jpg 768w, https:\/\/www.visitbratislava.com\/wp-content\/uploads\/2025\/11\/zylinder-cafe-and-restaurant-1536x1024.jpg 1536w, https:\/\/www.visitbratislava.com\/wp-content\/uploads\/2025\/11\/zylinder-cafe-and-restaurant-2048x1365.jpg 2048w, https:\/\/www.visitbratislava.com\/wp-content\/uploads\/2025\/11\/zylinder-cafe-and-restaurant-200x133.jpg 200w\" sizes=\"(max-width: 800px) 100vw, 800px\" \/><\/p>\n<h2 data-start=\"2218\" data-end=\"2265\"><strong>Entdeckung der Altstadt bei einer F\u00fchrung<\/strong><\/h2>\n<p data-start=\"2267\" data-end=\"2549\">Nach dem Mittagessen k\u00f6nnen Besucher an einer <a href=\"https:\/\/card.visitbratislava.com\/de\/discount\/gefuhrter-stadtrundgang-durch-die-altstadt\/\" target=\"_blank\" rel=\"noopener\"><strong data-start=\"2313\" data-end=\"2350\">gef\u00fchrten Tour <\/strong><\/a>durch die Altstadt teilnehmen, die t\u00e4glich um 14:00 Uhr startet. Die Tour ist im Preis der Bratislava Card enthalten. Guides vermitteln historische Fakten und geben Tipps, wie die Stadt optimal erkundet werden kann.<\/p>\n<p data-start=\"2267\" data-end=\"2549\"><img loading=\"lazy\" class=\"aligncenter wp-image-382310 size-large\" src=\"https:\/\/www.visitbratislava.com\/wp-content\/uploads\/2025\/11\/prehliadka-mesta-so-sprievodcom-Bratislava-800x533.jpg\" alt=\"stadt tour\" width=\"800\" height=\"533\" srcset=\"https:\/\/www.visitbratislava.com\/wp-content\/uploads\/2025\/11\/prehliadka-mesta-so-sprievodcom-Bratislava-800x533.jpg 800w, https:\/\/www.visitbratislava.com\/wp-content\/uploads\/2025\/11\/prehliadka-mesta-so-sprievodcom-Bratislava-400x267.jpg 400w, https:\/\/www.visitbratislava.com\/wp-content\/uploads\/2025\/11\/prehliadka-mesta-so-sprievodcom-Bratislava-768x512.jpg 768w, https:\/\/www.visitbratislava.com\/wp-content\/uploads\/2025\/11\/prehliadka-mesta-so-sprievodcom-Bratislava-1536x1024.jpg 1536w, https:\/\/www.visitbratislava.com\/wp-content\/uploads\/2025\/11\/prehliadka-mesta-so-sprievodcom-Bratislava-2048x1366.jpg 2048w, https:\/\/www.visitbratislava.com\/wp-content\/uploads\/2025\/11\/prehliadka-mesta-so-sprievodcom-Bratislava-200x133.jpg 200w\" sizes=\"(max-width: 800px) 100vw, 800px\" \/><\/p>\n<h2 data-start=\"2551\" data-end=\"2591\"><strong>Kunst und Kultur im Mirbach-Palais<\/strong><\/h2>\n<p data-start=\"2593\" data-end=\"2931\">Das n\u00e4chste Ziel ist die <strong data-start=\"2618\" data-end=\"2651\">St\u00e4dtische Galerie Bratislava<\/strong> im <a href=\"https:\/\/card.visitbratislava.com\/de\/discount\/galerie-der-stadt-bratislava-palais-mirbach\/\" target=\"_blank\" rel=\"noopener\"><strong data-start=\"2655\" data-end=\"2673\">Mirbach-Palais<\/strong><\/a>. Hier erwarten die Besucher Sammlungen mitteleurop\u00e4ischer Barockmalerei und Bildhauerei sowie wechselnde Ausstellungen international bekannter K\u00fcnstler. Anschlie\u00dfend bietet das Innenhofcaf\u00e9 die M\u00f6glichkeit f\u00fcr eine entspannte Pause bei einer Tasse Kaffee.<\/p>\n<p data-start=\"2593\" data-end=\"2931\"><img loading=\"lazy\" class=\"aligncenter wp-image-382322 size-large\" src=\"https:\/\/www.visitbratislava.com\/wp-content\/uploads\/2025\/11\/Mirbachov-palac-stare-mesto-bratislava-800x533.jpg\" alt=\"Mirbach palais interior\" width=\"800\" height=\"533\" srcset=\"https:\/\/www.visitbratislava.com\/wp-content\/uploads\/2025\/11\/Mirbachov-palac-stare-mesto-bratislava-800x533.jpg 800w, https:\/\/www.visitbratislava.com\/wp-content\/uploads\/2025\/11\/Mirbachov-palac-stare-mesto-bratislava-400x267.jpg 400w, https:\/\/www.visitbratislava.com\/wp-content\/uploads\/2025\/11\/Mirbachov-palac-stare-mesto-bratislava-768x512.jpg 768w, https:\/\/www.visitbratislava.com\/wp-content\/uploads\/2025\/11\/Mirbachov-palac-stare-mesto-bratislava-1536x1024.jpg 1536w, https:\/\/www.visitbratislava.com\/wp-content\/uploads\/2025\/11\/Mirbachov-palac-stare-mesto-bratislava-2048x1366.jpg 2048w, https:\/\/www.visitbratislava.com\/wp-content\/uploads\/2025\/11\/Mirbachov-palac-stare-mesto-bratislava-200x133.jpg 200w\" sizes=\"(max-width: 800px) 100vw, 800px\" \/><\/p>\n<h2 data-start=\"2933\" data-end=\"2979\"><strong>Geschichte mit Aussicht im Alten Rathaus<\/strong><\/h2>\n<p data-start=\"2981\" data-end=\"3315\">Anschlie\u00dfend steht das <a href=\"https:\/\/card.visitbratislava.com\/de\/discount\/museum-der-stadtgeschichte\/\" target=\"_blank\" rel=\"noopener\"><strong data-start=\"3004\" data-end=\"3020\">Alte Rathaus<\/strong><\/a>, Heimat des Stadtmuseums Bratislava, auf dem Plan. Die Ausstellungen geben spannende Einblicke in die Geschichte der Stadt. Besucher sollten den Turm besteigen, denn der Ausblick \u00fcber die Stadt geh\u00f6rt zu den sch\u00f6nsten in Bratislava. Dies eignet sich ideal f\u00fcr Fotos und einen Moment der Ruhe.<\/p>\n<p data-start=\"2981\" data-end=\"3315\"><img loading=\"lazy\" class=\"aligncenter wp-image-382316 size-large\" src=\"https:\/\/www.visitbratislava.com\/wp-content\/uploads\/2025\/11\/stara-radnica-stare-mesto-bratislava-800x533.jpg\" alt=\"alter rathaus - Bratislava an einem Tag\" width=\"800\" height=\"533\" srcset=\"https:\/\/www.visitbratislava.com\/wp-content\/uploads\/2025\/11\/stara-radnica-stare-mesto-bratislava-800x533.jpg 800w, https:\/\/www.visitbratislava.com\/wp-content\/uploads\/2025\/11\/stara-radnica-stare-mesto-bratislava-400x267.jpg 400w, https:\/\/www.visitbratislava.com\/wp-content\/uploads\/2025\/11\/stara-radnica-stare-mesto-bratislava-768x512.jpg 768w, https:\/\/www.visitbratislava.com\/wp-content\/uploads\/2025\/11\/stara-radnica-stare-mesto-bratislava-1536x1024.jpg 1536w, https:\/\/www.visitbratislava.com\/wp-content\/uploads\/2025\/11\/stara-radnica-stare-mesto-bratislava-2048x1365.jpg 2048w, https:\/\/www.visitbratislava.com\/wp-content\/uploads\/2025\/11\/stara-radnica-stare-mesto-bratislava-200x133.jpg 200w\" sizes=\"(max-width: 800px) 100vw, 800px\" \/><\/p>\n<h2 data-start=\"3317\" data-end=\"3363\"><strong>Den Tag \u00fcber der Stadt ausklingen lassen<\/strong><\/h2>\n<p data-start=\"3365\" data-end=\"3664\">Zum Abschluss des Tages l\u00e4dt das <a href=\"https:\/\/card.visitbratislava.com\/de\/discount\/sky-restaurant-bar-3\/\" target=\"_blank\" rel=\"noopener\"><strong data-start=\"3398\" data-end=\"3422\">Sky Bar &amp; Restaurant<\/strong><\/a> ein, wo moderne K\u00fcche auf lokale Aromen trifft. Besucher genie\u00dfen den Panoramablick auf die beleuchtete Altstadt. Auch hier erhalten Sie mit der Bratislava Card 10 % Erm\u00e4\u00dfigung \u2013 der perfekte Ort, um den Tag entspannt ausklingen zu lassen.<\/p>\n<p data-start=\"3365\" data-end=\"3664\"><img loading=\"lazy\" width=\"800\" height=\"533\" class=\"size-large wp-image-382328 aligncenter\" src=\"https:\/\/www.visitbratislava.com\/wp-content\/uploads\/2025\/11\/skybar-bratislava-vyhlad-na-mesto-hrad-800x533.jpg\" alt=\"\" srcset=\"https:\/\/www.visitbratislava.com\/wp-content\/uploads\/2025\/11\/skybar-bratislava-vyhlad-na-mesto-hrad-800x533.jpg 800w, https:\/\/www.visitbratislava.com\/wp-content\/uploads\/2025\/11\/skybar-bratislava-vyhlad-na-mesto-hrad-400x267.jpg 400w, https:\/\/www.visitbratislava.com\/wp-content\/uploads\/2025\/11\/skybar-bratislava-vyhlad-na-mesto-hrad-768x512.jpg 768w, https:\/\/www.visitbratislava.com\/wp-content\/uploads\/2025\/11\/skybar-bratislava-vyhlad-na-mesto-hrad-1536x1024.jpg 1536w, https:\/\/www.visitbratislava.com\/wp-content\/uploads\/2025\/11\/skybar-bratislava-vyhlad-na-mesto-hrad-2048x1366.jpg 2048w, https:\/\/www.visitbratislava.com\/wp-content\/uploads\/2025\/11\/skybar-bratislava-vyhlad-na-mesto-hrad-200x133.jpg 200w\" sizes=\"(max-width: 800px) 100vw, 800px\" \/><\/p>\n<h2 data-start=\"3666\" data-end=\"3705\"><strong>Warum die Bratislava Card w\u00e4hlen?<\/strong><\/h2>\n<p data-start=\"3707\" data-end=\"3995\">Ein solcher Tag in Bratislava w\u00fcrde normalerweise mehr als <strong>66 \u20ac<\/strong> kosten. Mit der <a href=\"https:\/\/card.visitbratislava.com\/de\/\" target=\"_blank\" rel=\"noopener\"><strong>Bratislava Card<\/strong><\/a>\u00a0sind alle genannten Attraktionen kostenlos oder erm\u00e4\u00dfigt. Zus\u00e4tzlich bietet die Karte viele weitere Vorteile in der gesamten Stadt. Besucher k\u00f6nnen so Bratislava in vollen Z\u00fcgen erleben.<\/p>\n<p>&nbsp;<\/p>\n","protected":false},"excerpt":{"rendered":"<p>Wenn Sie nur einen Tag in Bratislava haben, f\u00fchrt Sie dieses Programm zu den wichtigsten Sehensw\u00fcrdigkeiten und Attraktionen, die die Stadt zu bieten hat.<\/p>\n","protected":false},"author":23,"featured_media":348780,"parent":0,"menu_order":0,"comment_status":"closed","ping_status":"closed","template":"","meta":[],"acf":[],"_links":{"self":[{"href":"https:\/\/www.visitbratislava.com\/de\/wp-json\/wp\/v2\/pages\/348776"}],"collection":[{"href":"https:\/\/www.visitbratislava.com\/de\/wp-json\/wp\/v2\/pages"}],"about":[{"href":"https:\/\/www.visitbratislava.com\/de\/wp-json\/wp\/v2\/types\/page"}],"author":[{"embeddable":true,"href":"https:\/\/www.visitbratislava.com\/de\/wp-json\/wp\/v2\/users\/23"}],"replies":[{"embeddable":true,"href":"https:\/\/www.visitbratislava.com\/de\/wp-json\/wp\/v2\/comments?post=348776"}],"version-history":[{"count":6,"href":"https:\/\/www.visitbratislava.com\/de\/wp-json\/wp\/v2\/pages\/348776\/revisions"}],"predecessor-version":[{"id":382337,"href":"https:\/\/www.visitbratislava.com\/de\/wp-json\/wp\/v2\/pages\/348776\/revisions\/382337"}],"wp:featuredmedia":[{"embeddable":true,"href":"https:\/\/www.visitbratislava.com\/de\/wp-json\/wp\/v2\/media\/348780"}],"wp:attachment":[{"href":"https:\/\/www.visitbratislava.com\/de\/wp-json\/wp\/v2\/media?parent=348776"}],"curies":[{"name":"wp","href":"https:\/\/api.w.org\/{rel}","templated":true}]}}