{"id":35391,"date":"2017-08-21T13:02:31","date_gmt":"2017-08-21T11:02:31","guid":{"rendered":"https:\/\/www.visitbratislava.com\/?page_id=35391\/"},"modified":"2025-10-09T08:54:20","modified_gmt":"2025-10-09T06:54:20","slug":"top10romantik","status":"publish","type":"page","link":"https:\/\/www.visitbratislava.com\/de\/top10romantik\/","title":{"rendered":"Top 10 der romantischsten Orte in Bratislava"},"content":{"rendered":"<p><iframe src=\"https:\/\/www.google.com\/maps\/d\/u\/0\/embed?mid=1hBuAEGszZ35P0i9Ee4lvHQ_ruCg\" width=\"1000\" height=\"480\"><\/iframe><\/p>\n<h3><span dir=\"auto\" style=\"vertical-align: inherit;\"><span dir=\"auto\" style=\"vertical-align: inherit;\">1. Burg Bratislava<\/span><\/span><\/h3>\n<p><span style=\"font-weight: 400;\"><a href=\"https:\/\/www.visitbratislava.com\/sk\/miesta\/bratislavsky-hrad\/\" target=\"_blank\" rel=\"noopener noreferrer\"><span dir=\"auto\" style=\"vertical-align: inherit;\"><span dir=\"auto\" style=\"vertical-align: inherit;\">Die Bratislavaer Burg<\/span><\/span><\/a><span dir=\"auto\" style=\"vertical-align: inherit;\"><span dir=\"auto\" style=\"vertical-align: inherit;\"> ist eines der Wahrzeichen der Hauptstadt. Sie bietet einen herrlichen Blick auf die Stadt und die M\u00f6glichkeit, einen romantischen Sonnenuntergang mit Ihrem Partner zu erleben. Sie erreichen die Burg zu Fu\u00df \u00fcber die Z\u00e1mock\u00e1-Stra\u00dfe und k\u00f6nnen anschlie\u00dfend in der gem\u00fctlichen Atmosph\u00e4re der Altstadt einen Kaffee oder ein Glas Wein genie\u00dfen.<\/span><\/span><\/span><\/p>\n<p><span style=\"font-weight: 400;\"><img loading=\"lazy\" width=\"800\" height=\"533\" class=\"alignnone size-large wp-image-348684\" src=\"https:\/\/www.visitbratislava.com\/wp-content\/uploads\/2025\/08\/hrad-vyhlad-1-800x533.jpg\" alt=\"\" srcset=\"https:\/\/www.visitbratislava.com\/wp-content\/uploads\/2025\/08\/hrad-vyhlad-1-800x533.jpg 800w, https:\/\/www.visitbratislava.com\/wp-content\/uploads\/2025\/08\/hrad-vyhlad-1-400x267.jpg 400w, https:\/\/www.visitbratislava.com\/wp-content\/uploads\/2025\/08\/hrad-vyhlad-1-768x512.jpg 768w, https:\/\/www.visitbratislava.com\/wp-content\/uploads\/2025\/08\/hrad-vyhlad-1-1536x1024.jpg 1536w, https:\/\/www.visitbratislava.com\/wp-content\/uploads\/2025\/08\/hrad-vyhlad-1-2048x1365.jpg 2048w, https:\/\/www.visitbratislava.com\/wp-content\/uploads\/2025\/08\/hrad-vyhlad-1-200x133.jpg 200w\" sizes=\"(max-width: 800px) 100vw, 800px\" \/><\/span><\/p>\n<h3><span dir=\"auto\" style=\"vertical-align: inherit;\"><span dir=\"auto\" style=\"vertical-align: inherit;\">2. Janko Kr\u00e1\u013e-Garten<\/span><\/span><\/h3>\n<p><span style=\"font-weight: 400;\"><span dir=\"auto\" style=\"vertical-align: inherit;\"><span dir=\"auto\" style=\"vertical-align: inherit;\">Dieser Park am Petr\u017ealka-Ufer der Donau bietet viel Gr\u00fcn, das selbst an den hei\u00dfesten Sommertagen f\u00fcr Abk\u00fchlung sorgt. Vom <\/span><\/span><a href=\"https:\/\/www.visitbratislava.com\/sk\/miesta\/sad-janka-krala\/\" target=\"_blank\" rel=\"noopener noreferrer\"><span dir=\"auto\" style=\"vertical-align: inherit;\"><span dir=\"auto\" style=\"vertical-align: inherit;\">Janka Kr\u00e1\u013ea Park<\/span><\/span><\/a><span dir=\"auto\" style=\"vertical-align: inherit;\"><span dir=\"auto\" style=\"vertical-align: inherit;\"> ist es nur ein kurzer Spaziergang zum Magio-Strand an der Donau, wo Sie entspannen oder verschiedene Sportaktivit\u00e4ten aus\u00fcben k\u00f6nnen. Wenn Sie lieber einkaufen m\u00f6chten, ist der Aupark der richtige Ort f\u00fcr Sie.<\/span><\/span><\/span><\/p>\n<p><span style=\"font-weight: 400;\"><img loading=\"lazy\" width=\"800\" height=\"800\" class=\"alignnone size-large wp-image-141311\" src=\"https:\/\/www.visitbratislava.com\/wp-content\/uploads\/2022\/06\/Dekan_komparz_leto_2021_cyklo_bicykel_Sad-Janka-Krala_04_kupene_vyhradna-licencia-casovo-neobmedzena_icon-800x800.jpg\" alt=\"\" srcset=\"https:\/\/www.visitbratislava.com\/wp-content\/uploads\/2022\/06\/Dekan_komparz_leto_2021_cyklo_bicykel_Sad-Janka-Krala_04_kupene_vyhradna-licencia-casovo-neobmedzena_icon-800x800.jpg 800w, https:\/\/www.visitbratislava.com\/wp-content\/uploads\/2022\/06\/Dekan_komparz_leto_2021_cyklo_bicykel_Sad-Janka-Krala_04_kupene_vyhradna-licencia-casovo-neobmedzena_icon-400x400.jpg 400w, https:\/\/www.visitbratislava.com\/wp-content\/uploads\/2022\/06\/Dekan_komparz_leto_2021_cyklo_bicykel_Sad-Janka-Krala_04_kupene_vyhradna-licencia-casovo-neobmedzena_icon-150x150.jpg 150w, https:\/\/www.visitbratislava.com\/wp-content\/uploads\/2022\/06\/Dekan_komparz_leto_2021_cyklo_bicykel_Sad-Janka-Krala_04_kupene_vyhradna-licencia-casovo-neobmedzena_icon-768x768.jpg 768w, https:\/\/www.visitbratislava.com\/wp-content\/uploads\/2022\/06\/Dekan_komparz_leto_2021_cyklo_bicykel_Sad-Janka-Krala_04_kupene_vyhradna-licencia-casovo-neobmedzena_icon-200x200.jpg 200w, https:\/\/www.visitbratislava.com\/wp-content\/uploads\/2022\/06\/Dekan_komparz_leto_2021_cyklo_bicykel_Sad-Janka-Krala_04_kupene_vyhradna-licencia-casovo-neobmedzena_icon-184x184.jpg 184w, https:\/\/www.visitbratislava.com\/wp-content\/uploads\/2022\/06\/Dekan_komparz_leto_2021_cyklo_bicykel_Sad-Janka-Krala_04_kupene_vyhradna-licencia-casovo-neobmedzena_icon-384x384.jpg 384w, https:\/\/www.visitbratislava.com\/wp-content\/uploads\/2022\/06\/Dekan_komparz_leto_2021_cyklo_bicykel_Sad-Janka-Krala_04_kupene_vyhradna-licencia-casovo-neobmedzena_icon-784x784.jpg 784w, https:\/\/www.visitbratislava.com\/wp-content\/uploads\/2022\/06\/Dekan_komparz_leto_2021_cyklo_bicykel_Sad-Janka-Krala_04_kupene_vyhradna-licencia-casovo-neobmedzena_icon.jpg 1500w\" sizes=\"(max-width: 800px) 100vw, 800px\" \/><\/span><\/p>\n<h3><span dir=\"auto\" style=\"vertical-align: inherit;\"><span dir=\"auto\" style=\"vertical-align: inherit;\">3. UFO Restaurant und Aussichtsturm<\/span><\/span><\/h3>\n<p><span style=\"font-weight: 400;\"><span dir=\"auto\" style=\"vertical-align: inherit;\"><span dir=\"auto\" style=\"vertical-align: inherit;\">Der einzigartige <\/span><\/span><a href=\"https:\/\/www.visitbratislava.com\/sk\/miesta\/ufo\/\" target=\"_blank\" rel=\"noopener noreferrer\"><span dir=\"auto\" style=\"vertical-align: inherit;\"><span dir=\"auto\" style=\"vertical-align: inherit;\">Aussichtsturm und das Luxusrestaurant UFO<\/span><\/span><\/a><span dir=\"auto\" style=\"vertical-align: inherit;\"><span dir=\"auto\" style=\"vertical-align: inherit;\"> auf dem Pylon der SNP-Br\u00fccke sind der perfekte Ort f\u00fcr einen romantischen Abend. Egal, ob Sie im Restaurant sitzen oder bis ganz nach oben klettern, freuen Sie sich auf eine unvergessliche Aussicht.<\/span><\/span><\/span><\/p>\n<p><span style=\"font-weight: 400;\"><img loading=\"lazy\" width=\"796\" height=\"800\" class=\"alignnone size-large wp-image-67722\" src=\"https:\/\/www.visitbratislava.com\/wp-content\/uploads\/2019\/10\/ufo-vyhlad-dunaj-hrad-796x800.jpg\" alt=\"\" srcset=\"https:\/\/www.visitbratislava.com\/wp-content\/uploads\/2019\/10\/ufo-vyhlad-dunaj-hrad-796x800.jpg 796w, https:\/\/www.visitbratislava.com\/wp-content\/uploads\/2019\/10\/ufo-vyhlad-dunaj-hrad-150x150.jpg 150w, https:\/\/www.visitbratislava.com\/wp-content\/uploads\/2019\/10\/ufo-vyhlad-dunaj-hrad-398x400.jpg 398w, https:\/\/www.visitbratislava.com\/wp-content\/uploads\/2019\/10\/ufo-vyhlad-dunaj-hrad-768x772.jpg 768w, https:\/\/www.visitbratislava.com\/wp-content\/uploads\/2019\/10\/ufo-vyhlad-dunaj-hrad-200x200.jpg 200w, https:\/\/www.visitbratislava.com\/wp-content\/uploads\/2019\/10\/ufo-vyhlad-dunaj-hrad-184x184.jpg 184w\" sizes=\"(max-width: 796px) 100vw, 796px\" \/><\/span><\/p>\n<h3><span dir=\"auto\" style=\"vertical-align: inherit;\"><span dir=\"auto\" style=\"vertical-align: inherit;\">4. Donauufer<\/span><\/span><\/h3>\n<p><span dir=\"auto\" style=\"vertical-align: inherit;\"><span dir=\"auto\" style=\"vertical-align: inherit;\">Machen Sie einen Spaziergang entlang des Ufers, entdecken Sie Statuen von Pers\u00f6nlichkeiten und Kunstwerke, \u00fcberqueren Sie vier Br\u00fccken zum anderen Ufer, legen Sie sich auf die Wiese vor Eurovea oder auf das Tyr\u0161ov-Ufer und probieren Sie lokale Spezialit\u00e4ten in Restaurants mit Blick auf den Fluss oder an den Stadtstr\u00e4nden unter der Alten Br\u00fccke oder auf Tyr\u0161\u00e1k.<\/span><\/span><\/p>\n<p><img loading=\"lazy\" width=\"800\" height=\"533\" class=\"alignnone size-large wp-image-345683\" src=\"https:\/\/www.visitbratislava.com\/wp-content\/uploads\/2025\/08\/Kovac_2022_nabrezie_tyrsovo-nabrezie_green_ba-hrad_obloha_leto_lod_katedrala-sv-martina_nevyhradna-licencia-800x533.jpg\" alt=\"\" srcset=\"https:\/\/www.visitbratislava.com\/wp-content\/uploads\/2025\/08\/Kovac_2022_nabrezie_tyrsovo-nabrezie_green_ba-hrad_obloha_leto_lod_katedrala-sv-martina_nevyhradna-licencia-800x533.jpg 800w, https:\/\/www.visitbratislava.com\/wp-content\/uploads\/2025\/08\/Kovac_2022_nabrezie_tyrsovo-nabrezie_green_ba-hrad_obloha_leto_lod_katedrala-sv-martina_nevyhradna-licencia-400x267.jpg 400w, https:\/\/www.visitbratislava.com\/wp-content\/uploads\/2025\/08\/Kovac_2022_nabrezie_tyrsovo-nabrezie_green_ba-hrad_obloha_leto_lod_katedrala-sv-martina_nevyhradna-licencia-768x512.jpg 768w, https:\/\/www.visitbratislava.com\/wp-content\/uploads\/2025\/08\/Kovac_2022_nabrezie_tyrsovo-nabrezie_green_ba-hrad_obloha_leto_lod_katedrala-sv-martina_nevyhradna-licencia-1536x1024.jpg 1536w, https:\/\/www.visitbratislava.com\/wp-content\/uploads\/2025\/08\/Kovac_2022_nabrezie_tyrsovo-nabrezie_green_ba-hrad_obloha_leto_lod_katedrala-sv-martina_nevyhradna-licencia-2048x1365.jpg 2048w, https:\/\/www.visitbratislava.com\/wp-content\/uploads\/2025\/08\/Kovac_2022_nabrezie_tyrsovo-nabrezie_green_ba-hrad_obloha_leto_lod_katedrala-sv-martina_nevyhradna-licencia-200x133.jpg 200w\" sizes=\"(max-width: 800px) 100vw, 800px\" \/><\/p>\n<h3><span dir=\"auto\" style=\"vertical-align: inherit;\"><span dir=\"auto\" style=\"vertical-align: inherit;\">5. Danubiana Galerie<\/span><\/span><\/h3>\n<p><span style=\"font-weight: 400;\"><span dir=\"auto\" style=\"vertical-align: inherit;\"><span dir=\"auto\" style=\"vertical-align: inherit;\">Wenn Sie moderne Kunst m\u00f6gen, ist <\/span><\/span><a href=\"https:\/\/www.visitbratislava.com\/sk\/miesta\/danubiana\/\" target=\"_blank\" rel=\"noopener noreferrer\"><span dir=\"auto\" style=\"vertical-align: inherit;\"><span dir=\"auto\" style=\"vertical-align: inherit;\">das Danubiana Museum f\u00fcr Moderne Kunst<\/span><\/span><\/a><span dir=\"auto\" style=\"vertical-align: inherit;\"><span dir=\"auto\" style=\"vertical-align: inherit;\"> ein absolutes Muss. Das Museum liegt etwa 15 km vom Stadtzentrum entfernt auf der Donauhalbinsel, umgeben von Wasser, das zusammen mit dem Gr\u00fcn des Parks einen angenehmen Kontrast bildet. Es ist auch aufgrund seiner Lage einzigartig, da es an der Grenze dreier L\u00e4nder liegt \u2013 der Slowakei, \u00d6sterreichs und Ungarns.<\/span><\/span><\/span><\/p>\n<p><span style=\"font-weight: 400;\"><img loading=\"lazy\" width=\"800\" height=\"477\" class=\"alignnone size-large wp-image-351854\" src=\"https:\/\/www.visitbratislava.com\/wp-content\/uploads\/2025\/09\/Danubiana-3-scaled-1-800x477.jpg\" alt=\"\" srcset=\"https:\/\/www.visitbratislava.com\/wp-content\/uploads\/2025\/09\/Danubiana-3-scaled-1-800x477.jpg 800w, https:\/\/www.visitbratislava.com\/wp-content\/uploads\/2025\/09\/Danubiana-3-scaled-1-400x238.jpg 400w, https:\/\/www.visitbratislava.com\/wp-content\/uploads\/2025\/09\/Danubiana-3-scaled-1-768x458.jpg 768w, https:\/\/www.visitbratislava.com\/wp-content\/uploads\/2025\/09\/Danubiana-3-scaled-1-1536x916.jpg 1536w, https:\/\/www.visitbratislava.com\/wp-content\/uploads\/2025\/09\/Danubiana-3-scaled-1-2048x1221.jpg 2048w, https:\/\/www.visitbratislava.com\/wp-content\/uploads\/2025\/09\/Danubiana-3-scaled-1-200x119.jpg 200w\" sizes=\"(max-width: 800px) 100vw, 800px\" \/><\/span><\/p>\n<h3><span dir=\"auto\" style=\"vertical-align: inherit;\"><span dir=\"auto\" style=\"vertical-align: inherit;\">6. Restaurant VE\u017dA<\/span><\/span><\/h3>\n<p><span style=\"font-weight: 400;\"><span dir=\"auto\" style=\"vertical-align: inherit;\"><span dir=\"auto\" style=\"vertical-align: inherit;\">Dieses <\/span><\/span><a href=\"https:\/\/veza.sk\/\" target=\"_blank\" rel=\"noopener noreferrer\"><span dir=\"auto\" style=\"vertical-align: inherit;\"><span dir=\"auto\" style=\"vertical-align: inherit;\">Restaurant<\/span><\/span><\/a><span dir=\"auto\" style=\"vertical-align: inherit;\"><span dir=\"auto\" style=\"vertical-align: inherit;\"> im Fernsehturm auf dem Kamz\u00edk bietet dank seiner H\u00f6he und der Aussicht auf die umliegende Natur und die Stadt vielleicht den besten Aussichtspunkt in Bratislava. Wenn Sie einen Tisch im Drehring reservieren, erwartet Sie ein echtes 360\u00b0-Erlebnis.<\/span><\/span><\/span><\/p>\n<p><span style=\"font-weight: 400;\"><img loading=\"lazy\" width=\"800\" height=\"533\" class=\"alignnone size-large wp-image-249868\" src=\"https:\/\/www.visitbratislava.com\/wp-content\/uploads\/2023\/07\/Crot-Prod_2022_dron_leto_kamzik_green_vyhlad_obloha_nevyhradna-licencia-800x533.jpg\" alt=\"\" srcset=\"https:\/\/www.visitbratislava.com\/wp-content\/uploads\/2023\/07\/Crot-Prod_2022_dron_leto_kamzik_green_vyhlad_obloha_nevyhradna-licencia-800x533.jpg 800w, https:\/\/www.visitbratislava.com\/wp-content\/uploads\/2023\/07\/Crot-Prod_2022_dron_leto_kamzik_green_vyhlad_obloha_nevyhradna-licencia-400x266.jpg 400w, https:\/\/www.visitbratislava.com\/wp-content\/uploads\/2023\/07\/Crot-Prod_2022_dron_leto_kamzik_green_vyhlad_obloha_nevyhradna-licencia-768x512.jpg 768w, https:\/\/www.visitbratislava.com\/wp-content\/uploads\/2023\/07\/Crot-Prod_2022_dron_leto_kamzik_green_vyhlad_obloha_nevyhradna-licencia-1536x1023.jpg 1536w, https:\/\/www.visitbratislava.com\/wp-content\/uploads\/2023\/07\/Crot-Prod_2022_dron_leto_kamzik_green_vyhlad_obloha_nevyhradna-licencia-2048x1364.jpg 2048w, https:\/\/www.visitbratislava.com\/wp-content\/uploads\/2023\/07\/Crot-Prod_2022_dron_leto_kamzik_green_vyhlad_obloha_nevyhradna-licencia-200x133.jpg 200w\" sizes=\"(max-width: 800px) 100vw, 800px\" \/><\/span><\/p>\n<p>&nbsp;<\/p>\n<h3><span dir=\"auto\" style=\"vertical-align: inherit;\"><span dir=\"auto\" style=\"vertical-align: inherit;\">7. Altstadt<\/span><\/span><\/h3>\n<p><span style=\"font-weight: 400;\"><span dir=\"auto\" style=\"vertical-align: inherit;\"><span dir=\"auto\" style=\"vertical-align: inherit;\">Abends k\u00f6nnen Sie die romantische, gem\u00fctliche Atmosph\u00e4re des Zentrums und seiner historischen Architektur im ged\u00e4mpften Licht der alten Stra\u00dfenlaternen in der Altstadt von Bratislava genie\u00dfen. Es gibt viele Caf\u00e9s, Pubs und Restaurants, die Ihnen das beste Nachtleben bieten.<\/span><\/span><\/span><\/p>\n<p><span style=\"font-weight: 400;\"><img loading=\"lazy\" width=\"800\" height=\"600\" class=\"alignnone size-large wp-image-348820\" src=\"https:\/\/www.visitbratislava.com\/wp-content\/uploads\/2025\/08\/38_Kovac_2022_katedrala-sv-martina_leto_zapad-slnka_stare-mesto_stara-radnica_nevyhradna-licencia-800x600.jpg\" alt=\"\" srcset=\"https:\/\/www.visitbratislava.com\/wp-content\/uploads\/2025\/08\/38_Kovac_2022_katedrala-sv-martina_leto_zapad-slnka_stare-mesto_stara-radnica_nevyhradna-licencia-800x600.jpg 800w, https:\/\/www.visitbratislava.com\/wp-content\/uploads\/2025\/08\/38_Kovac_2022_katedrala-sv-martina_leto_zapad-slnka_stare-mesto_stara-radnica_nevyhradna-licencia-400x300.jpg 400w, https:\/\/www.visitbratislava.com\/wp-content\/uploads\/2025\/08\/38_Kovac_2022_katedrala-sv-martina_leto_zapad-slnka_stare-mesto_stara-radnica_nevyhradna-licencia-768x576.jpg 768w, https:\/\/www.visitbratislava.com\/wp-content\/uploads\/2025\/08\/38_Kovac_2022_katedrala-sv-martina_leto_zapad-slnka_stare-mesto_stara-radnica_nevyhradna-licencia-1536x1152.jpg 1536w, https:\/\/www.visitbratislava.com\/wp-content\/uploads\/2025\/08\/38_Kovac_2022_katedrala-sv-martina_leto_zapad-slnka_stare-mesto_stara-radnica_nevyhradna-licencia-2048x1536.jpg 2048w, https:\/\/www.visitbratislava.com\/wp-content\/uploads\/2025\/08\/38_Kovac_2022_katedrala-sv-martina_leto_zapad-slnka_stare-mesto_stara-radnica_nevyhradna-licencia-200x150.jpg 200w, https:\/\/www.visitbratislava.com\/wp-content\/uploads\/2025\/08\/38_Kovac_2022_katedrala-sv-martina_leto_zapad-slnka_stare-mesto_stara-radnica_nevyhradna-licencia-600x450.jpg 600w\" sizes=\"(max-width: 800px) 100vw, 800px\" \/><\/span><\/p>\n<h3><span dir=\"auto\" style=\"vertical-align: inherit;\"><span dir=\"auto\" style=\"vertical-align: inherit;\">8. Nationaler Weinsalon<\/span><\/span><\/h3>\n<p><a href=\"https:\/\/www.visitbratislava.com\/sk\/miesta\/narodny-salon-vin\/\"><span dir=\"auto\" style=\"vertical-align: inherit;\"><span dir=\"auto\" style=\"vertical-align: inherit;\">Der Nationale Weinsalon<\/span><\/span><\/a><span dir=\"auto\" style=\"vertical-align: inherit;\"><span dir=\"auto\" style=\"vertical-align: inherit;\"> pr\u00e4sentiert die 100 besten slowakischen Weine. Er befindet sich im historischen Teil des Apponnyi-Palastes \u2013 dem Museum f\u00fcr Weinbau und \u00d6nologie in Bratislava. Der Nationale Weinsalon der Slowakischen Republik ist der h\u00f6chste Wettbewerb f\u00fcr in der Slowakischen Republik aus Trauben hergestellte Weine.<\/span><\/span><\/p>\n<p><img loading=\"lazy\" width=\"800\" height=\"533\" class=\"alignnone size-full wp-image-320712\" src=\"https:\/\/www.visitbratislava.com\/wp-content\/uploads\/2024\/12\/narodny-salon-vin-degustacia-vin-1-800x533-1.jpg\" alt=\"\" srcset=\"https:\/\/www.visitbratislava.com\/wp-content\/uploads\/2024\/12\/narodny-salon-vin-degustacia-vin-1-800x533-1.jpg 800w, https:\/\/www.visitbratislava.com\/wp-content\/uploads\/2024\/12\/narodny-salon-vin-degustacia-vin-1-800x533-1-400x267.jpg 400w, https:\/\/www.visitbratislava.com\/wp-content\/uploads\/2024\/12\/narodny-salon-vin-degustacia-vin-1-800x533-1-768x512.jpg 768w, https:\/\/www.visitbratislava.com\/wp-content\/uploads\/2024\/12\/narodny-salon-vin-degustacia-vin-1-800x533-1-200x133.jpg 200w\" sizes=\"(max-width: 800px) 100vw, 800px\" \/><\/p>\n<h3><span dir=\"auto\" style=\"vertical-align: inherit;\"><span dir=\"auto\" style=\"vertical-align: inherit;\">9. Eurovea<\/span><\/span><\/h3>\n<p><span style=\"font-weight: 400;\"><span dir=\"auto\" style=\"vertical-align: inherit;\"><span dir=\"auto\" style=\"vertical-align: inherit;\">Das moderne <\/span><\/span><a href=\"https:\/\/www.visitbratislava.com\/sk\/miesta\/eurovea\/\" target=\"_blank\" rel=\"noopener noreferrer\"><span dir=\"auto\" style=\"vertical-align: inherit;\"><span dir=\"auto\" style=\"vertical-align: inherit;\">Einkaufszentrum<\/span><\/span><\/a><span dir=\"auto\" style=\"vertical-align: inherit;\"><span dir=\"auto\" style=\"vertical-align: inherit;\"> am Altstadtufer der Donau bietet neben vielf\u00e4ltigen Einkaufsm\u00f6glichkeiten auch Restaurants und Caf\u00e9s mit sch\u00f6nem Blick auf den Fluss und nicht zuletzt ein Kino.<\/span><\/span><\/span><\/p>\n<p><span style=\"font-weight: 400;\"><img loading=\"lazy\" width=\"800\" height=\"533\" class=\"alignnone size-large wp-image-67817\" src=\"https:\/\/www.visitbratislava.com\/wp-content\/uploads\/2015\/02\/eurovea-event-2-800x533.jpg\" alt=\"\" srcset=\"https:\/\/www.visitbratislava.com\/wp-content\/uploads\/2015\/02\/eurovea-event-2-800x533.jpg 800w, https:\/\/www.visitbratislava.com\/wp-content\/uploads\/2015\/02\/eurovea-event-2-400x267.jpg 400w, https:\/\/www.visitbratislava.com\/wp-content\/uploads\/2015\/02\/eurovea-event-2-768x512.jpg 768w, https:\/\/www.visitbratislava.com\/wp-content\/uploads\/2015\/02\/eurovea-event-2-200x133.jpg 200w\" sizes=\"(max-width: 800px) 100vw, 800px\" \/> <\/span><\/p>\n<h3><span dir=\"auto\" style=\"vertical-align: inherit;\"><span dir=\"auto\" style=\"vertical-align: inherit;\">10. Slowakische Philharmonie<\/span><\/span><\/h3>\n<p><span style=\"font-weight: 400;\"><span dir=\"auto\" style=\"vertical-align: inherit;\"><span dir=\"auto\" style=\"vertical-align: inherit;\">Der im umgebauten Barockschloss untergebrachte <\/span><a href=\"https:\/\/www.visitbratislava.com\/sk\/miesta\/slovenska-filharmonia\/\" target=\"_blank\" rel=\"noopener noreferrer\"><span dir=\"auto\" style=\"vertical-align: inherit;\">Konzertsaal verzaubert Musikliebhaber mit seiner hervorragenden Akustik und beschert Ihnen ein einmaliges Kulturerlebnis.<\/span><\/a><\/span><\/span><\/p>\n<p><img loading=\"lazy\" width=\"800\" height=\"534\" class=\"alignnone size-large wp-image-266279\" src=\"https:\/\/www.visitbratislava.com\/wp-content\/uploads\/2023\/11\/07-SF-Svarovsky-Al-Ashhab-Mendelssohn-foto-\u00a9-A.-Trizuljak-w-800x534.jpg\" alt=\"\" srcset=\"https:\/\/www.visitbratislava.com\/wp-content\/uploads\/2023\/11\/07-SF-Svarovsky-Al-Ashhab-Mendelssohn-foto-\u00a9-A.-Trizuljak-w-800x534.jpg 800w, https:\/\/www.visitbratislava.com\/wp-content\/uploads\/2023\/11\/07-SF-Svarovsky-Al-Ashhab-Mendelssohn-foto-\u00a9-A.-Trizuljak-w-400x267.jpg 400w, https:\/\/www.visitbratislava.com\/wp-content\/uploads\/2023\/11\/07-SF-Svarovsky-Al-Ashhab-Mendelssohn-foto-\u00a9-A.-Trizuljak-w-768x513.jpg 768w, https:\/\/www.visitbratislava.com\/wp-content\/uploads\/2023\/11\/07-SF-Svarovsky-Al-Ashhab-Mendelssohn-foto-\u00a9-A.-Trizuljak-w-1536x1025.jpg 1536w, https:\/\/www.visitbratislava.com\/wp-content\/uploads\/2023\/11\/07-SF-Svarovsky-Al-Ashhab-Mendelssohn-foto-\u00a9-A.-Trizuljak-w-2048x1367.jpg 2048w, https:\/\/www.visitbratislava.com\/wp-content\/uploads\/2023\/11\/07-SF-Svarovsky-Al-Ashhab-Mendelssohn-foto-\u00a9-A.-Trizuljak-w-200x133.jpg 200w\" sizes=\"(max-width: 800px) 100vw, 800px\" \/><\/p>\n","protected":false},"excerpt":{"rendered":"<p>1. Burg Bratislava Die Bratislavaer Burg ist eines der Wahrzeichen der Hauptstadt. Sie bietet einen herrlichen Blick auf die Stadt und die M\u00f6glichkeit, einen romantischen Sonnenuntergang mit Ihrem Partner zu erleben. Sie erreichen die Burg zu Fu\u00df \u00fcber die Z\u00e1mock\u00e1-Stra\u00dfe und k\u00f6nnen anschlie\u00dfend in der gem\u00fctlichen Atmosph\u00e4re der Altstadt einen Kaffee oder ein Glas Wein [&hellip;]<\/p>\n","protected":false},"author":10,"featured_media":74349,"parent":0,"menu_order":0,"comment_status":"closed","ping_status":"closed","template":"","meta":[],"acf":[],"_links":{"self":[{"href":"https:\/\/www.visitbratislava.com\/de\/wp-json\/wp\/v2\/pages\/35391"}],"collection":[{"href":"https:\/\/www.visitbratislava.com\/de\/wp-json\/wp\/v2\/pages"}],"about":[{"href":"https:\/\/www.visitbratislava.com\/de\/wp-json\/wp\/v2\/types\/page"}],"author":[{"embeddable":true,"href":"https:\/\/www.visitbratislava.com\/de\/wp-json\/wp\/v2\/users\/10"}],"replies":[{"embeddable":true,"href":"https:\/\/www.visitbratislava.com\/de\/wp-json\/wp\/v2\/comments?post=35391"}],"version-history":[{"count":1,"href":"https:\/\/www.visitbratislava.com\/de\/wp-json\/wp\/v2\/pages\/35391\/revisions"}],"predecessor-version":[{"id":365713,"href":"https:\/\/www.visitbratislava.com\/de\/wp-json\/wp\/v2\/pages\/35391\/revisions\/365713"}],"wp:featuredmedia":[{"embeddable":true,"href":"https:\/\/www.visitbratislava.com\/de\/wp-json\/wp\/v2\/media\/74349"}],"wp:attachment":[{"href":"https:\/\/www.visitbratislava.com\/de\/wp-json\/wp\/v2\/media?parent=35391"}],"curies":[{"name":"wp","href":"https:\/\/api.w.org\/{rel}","templated":true}]}}