{"id":36186,"date":"2017-09-26T14:11:20","date_gmt":"2017-09-26T12:11:20","guid":{"rendered":"https:\/\/www.visitbratislava.com\/?page_id=36186\/"},"modified":"2025-10-09T10:53:03","modified_gmt":"2025-10-09T08:53:03","slug":"top-10-bierpubs","status":"publish","type":"page","link":"https:\/\/www.visitbratislava.com\/de\/top10\/top-10-bierpubs\/","title":{"rendered":"Top 10 Bierpubs"},"content":{"rendered":"<h2><span dir=\"auto\" style=\"vertical-align: inherit;\"><span dir=\"auto\" style=\"vertical-align: inherit;\">1. <\/span><\/span><a href=\"http:\/\/www.dunajskypivovar.sk\/\" target=\"_blank\" rel=\"noopener\"><span dir=\"auto\" style=\"vertical-align: inherit;\"><span dir=\"auto\" style=\"vertical-align: inherit;\">Donaubrauerei<\/span><\/span><\/a><span dir=\"auto\" style=\"vertical-align: inherit;\"><span dir=\"auto\" style=\"vertical-align: inherit;\"> (Dunajsk\u00fd pivovar)<\/span><\/span><\/h2>\n<p><span style=\"font-weight: 400;\"><span dir=\"auto\" style=\"vertical-align: inherit;\"><span dir=\"auto\" style=\"vertical-align: inherit;\">Dieses Restaurant bietet die einmalige Gelegenheit, exzellentes Bier in einer einzigartigen Brauerei direkt an der Donau zu genie\u00dfen. Wenn Sie Bierliebhaber sind, werden Sie die M\u00f6glichkeit, den gesamten Produktionsprozess mitzuerleben, zu sch\u00e4tzen wissen. Die sch\u00f6ne Aussicht ist selbstverst\u00e4ndlich.<\/span><\/span><\/span><\/p>\n<p><span style=\"font-weight: 400;\"><img loading=\"lazy\" width=\"800\" height=\"500\" class=\"alignnone size-large wp-image-365723\" src=\"https:\/\/www.visitbratislava.com\/wp-content\/uploads\/2025\/10\/dunajsky-pivovar-800x500.jpg\" alt=\"\" srcset=\"https:\/\/www.visitbratislava.com\/wp-content\/uploads\/2025\/10\/dunajsky-pivovar-800x500.jpg 800w, https:\/\/www.visitbratislava.com\/wp-content\/uploads\/2025\/10\/dunajsky-pivovar-400x250.jpg 400w, https:\/\/www.visitbratislava.com\/wp-content\/uploads\/2025\/10\/dunajsky-pivovar-768x480.jpg 768w, https:\/\/www.visitbratislava.com\/wp-content\/uploads\/2025\/10\/dunajsky-pivovar-1536x960.jpg 1536w, https:\/\/www.visitbratislava.com\/wp-content\/uploads\/2025\/10\/dunajsky-pivovar-200x125.jpg 200w, https:\/\/www.visitbratislava.com\/wp-content\/uploads\/2025\/10\/dunajsky-pivovar.jpg 1600w\" sizes=\"(max-width: 800px) 100vw, 800px\" \/><\/span><\/p>\n<p><span style=\"font-size: 8pt;\"><span dir=\"auto\" style=\"vertical-align: inherit;\"><span dir=\"auto\" style=\"vertical-align: inherit;\">Quelle: dunajskypivovar.sk<\/span><\/span><\/span><\/p>\n<h2><span dir=\"auto\" style=\"vertical-align: inherit;\"><span dir=\"auto\" style=\"vertical-align: inherit;\">2. <\/span><\/span><a href=\"http:\/\/www.mestianskypivovar.sk\/home\" target=\"_blank\" rel=\"noopener\"><span dir=\"auto\" style=\"vertical-align: inherit;\"><span dir=\"auto\" style=\"vertical-align: inherit;\">Bratislavaer B\u00fcrgerbrauerei<\/span><\/span><\/a><span dir=\"auto\" style=\"vertical-align: inherit;\"><span dir=\"auto\" style=\"vertical-align: inherit;\"> (Bratislavsk\u00fd me\u0161tiansky pivovar)<\/span><\/span><\/h2>\n<p><span style=\"font-weight: 400;\"><span dir=\"auto\" style=\"vertical-align: inherit;\"><span dir=\"auto\" style=\"vertical-align: inherit;\">Die lokale Brauerei in der Dunajsk\u00e1-Stra\u00dfe, die in der Tradition der ber\u00fchmten B\u00fcrgerlichen Brauerei steht, braut Bier mit modernster Technologie. Ihre hochwertige K\u00fcche ist eine Attraktion f\u00fcr sich.<\/span><\/span><\/span><\/p>\n<p><img loading=\"lazy\" width=\"800\" height=\"533\" class=\"alignnone size-large wp-image-365733\" src=\"https:\/\/www.visitbratislava.com\/wp-content\/uploads\/2025\/10\/Bratislavsky-mestiansky-pivovar-800x533.jpg\" alt=\"\" srcset=\"https:\/\/www.visitbratislava.com\/wp-content\/uploads\/2025\/10\/Bratislavsky-mestiansky-pivovar-800x533.jpg 800w, https:\/\/www.visitbratislava.com\/wp-content\/uploads\/2025\/10\/Bratislavsky-mestiansky-pivovar-400x267.jpg 400w, https:\/\/www.visitbratislava.com\/wp-content\/uploads\/2025\/10\/Bratislavsky-mestiansky-pivovar-768x512.jpg 768w, https:\/\/www.visitbratislava.com\/wp-content\/uploads\/2025\/10\/Bratislavsky-mestiansky-pivovar-1536x1024.jpg 1536w, https:\/\/www.visitbratislava.com\/wp-content\/uploads\/2025\/10\/Bratislavsky-mestiansky-pivovar-200x133.jpg 200w, https:\/\/www.visitbratislava.com\/wp-content\/uploads\/2025\/10\/Bratislavsky-mestiansky-pivovar.jpg 2048w\" sizes=\"(max-width: 800px) 100vw, 800px\" \/><\/p>\n<p><span style=\"font-size: 8pt;\"><span dir=\"auto\" style=\"vertical-align: inherit;\"><span dir=\"auto\" style=\"vertical-align: inherit;\">Quelle: mestianskypivovar.sk<\/span><\/span><\/span><\/p>\n<h2><span dir=\"auto\" style=\"vertical-align: inherit;\"><span dir=\"auto\" style=\"vertical-align: inherit;\">3. <\/span><\/span><a href=\"https:\/\/www.fabrikapub.sk\/sk\" target=\"_blank\" rel=\"noopener\"><span dir=\"auto\" style=\"vertical-align: inherit;\"><span dir=\"auto\" style=\"vertical-align: inherit;\">Fabrika \u2013 Die Bierkneipe<\/span><\/span><\/a><\/h2>\n<p><span style=\"font-weight: 400;\"><span dir=\"auto\" style=\"vertical-align: inherit;\"><span dir=\"auto\" style=\"vertical-align: inherit;\">Ein stilvolles Pub, das neben seinem eigenen Bier auch k\u00f6stliche Speisen anbietet, wie zum Beispiel den ber\u00fchmten Fabrika-Burger.<\/span><\/span><\/span><\/p>\n<p><img loading=\"lazy\" width=\"800\" height=\"600\" class=\"alignnone size-large wp-image-365739\" src=\"https:\/\/www.visitbratislava.com\/wp-content\/uploads\/2025\/10\/Fabrika-the-beer-pub-800x600.jpg\" alt=\"\" srcset=\"https:\/\/www.visitbratislava.com\/wp-content\/uploads\/2025\/10\/Fabrika-the-beer-pub-800x600.jpg 800w, https:\/\/www.visitbratislava.com\/wp-content\/uploads\/2025\/10\/Fabrika-the-beer-pub-400x300.jpg 400w, https:\/\/www.visitbratislava.com\/wp-content\/uploads\/2025\/10\/Fabrika-the-beer-pub-768x576.jpg 768w, https:\/\/www.visitbratislava.com\/wp-content\/uploads\/2025\/10\/Fabrika-the-beer-pub-200x150.jpg 200w, https:\/\/www.visitbratislava.com\/wp-content\/uploads\/2025\/10\/Fabrika-the-beer-pub-600x450.jpg 600w, https:\/\/www.visitbratislava.com\/wp-content\/uploads\/2025\/10\/Fabrika-the-beer-pub.jpg 1000w\" sizes=\"(max-width: 800px) 100vw, 800px\" \/><\/p>\n<p><span style=\"font-size: 8pt;\"><span dir=\"auto\" style=\"vertical-align: inherit;\"><span dir=\"auto\" style=\"vertical-align: inherit;\">Quelle: fabrikapub.sk<\/span><\/span><\/span><\/p>\n<h2><span dir=\"auto\" style=\"vertical-align: inherit;\"><span dir=\"auto\" style=\"vertical-align: inherit;\">4. <\/span><\/span><a href=\"https:\/\/klastornypivovar.sk\/\" target=\"_blank\" rel=\"noopener\"><span dir=\"auto\" style=\"vertical-align: inherit;\"><span dir=\"auto\" style=\"vertical-align: inherit;\">Klosterbrauerei<\/span><\/span><\/a><span dir=\"auto\" style=\"vertical-align: inherit;\"><span dir=\"auto\" style=\"vertical-align: inherit;\"> (Kl\u00e1\u0161torsk\u00fd pivovar)<\/span><\/span><\/h2>\n<p><span style=\"font-weight: 400;\"><span dir=\"auto\" style=\"vertical-align: inherit;\"><span dir=\"auto\" style=\"vertical-align: inherit;\">Kommen Sie und probieren Sie das Klosterlager, das unter Aufsicht erfahrener Brauer nach einem alten G\u00e4rungsverfahren aus den besten frischen Zutaten gebraut wird.<\/span><\/span><\/span><\/p>\n<p><img loading=\"lazy\" width=\"800\" height=\"534\" class=\"alignnone size-full wp-image-365745\" src=\"https:\/\/www.visitbratislava.com\/wp-content\/uploads\/2025\/10\/Klastorny-pivovar.jpg\" alt=\"\" srcset=\"https:\/\/www.visitbratislava.com\/wp-content\/uploads\/2025\/10\/Klastorny-pivovar.jpg 800w, https:\/\/www.visitbratislava.com\/wp-content\/uploads\/2025\/10\/Klastorny-pivovar-400x267.jpg 400w, https:\/\/www.visitbratislava.com\/wp-content\/uploads\/2025\/10\/Klastorny-pivovar-768x513.jpg 768w, https:\/\/www.visitbratislava.com\/wp-content\/uploads\/2025\/10\/Klastorny-pivovar-200x134.jpg 200w\" sizes=\"(max-width: 800px) 100vw, 800px\" \/><\/p>\n<p><span style=\"font-size: 8pt;\"><span dir=\"auto\" style=\"vertical-align: inherit;\"><span dir=\"auto\" style=\"vertical-align: inherit;\">Quelle: superfotograf.sk<\/span><\/span><\/span><\/p>\n<h2><span dir=\"auto\" style=\"vertical-align: inherit;\"><span dir=\"auto\" style=\"vertical-align: inherit;\">5. <\/span><\/span><a href=\"https:\/\/www.facebook.com\/vycapuernoho\/\" target=\"_blank\" rel=\"noopener\"><span dir=\"auto\" style=\"vertical-align: inherit;\"><span dir=\"auto\" style=\"vertical-align: inherit;\">Ern\u00f6s Schankraum<\/span><\/span><\/a><span dir=\"auto\" style=\"vertical-align: inherit;\"><span dir=\"auto\" style=\"vertical-align: inherit;\"> (<\/span><\/span><span dir=\"auto\" style=\"vertical-align: inherit;\"><span dir=\"auto\" style=\"vertical-align: inherit;\">V\u00fd\u010dap u Ern\u00f6ho)<\/span><\/span><\/h2>\n<p><span style=\"font-weight: 400;\"><span dir=\"auto\" style=\"vertical-align: inherit;\"><span dir=\"auto\" style=\"vertical-align: inherit;\">Tolles Bier aus der Shenk-Brauerei und eine unverwechselbare Atmosph\u00e4re \u2013 das ist<\/span><\/span><\/span><span dir=\"auto\" style=\"vertical-align: inherit;\"><span dir=\"auto\" style=\"vertical-align: inherit;\"> V\u00fd\u010dap u Ern\u00f6ho<\/span><\/span><span style=\"font-weight: 400;\"><span dir=\"auto\" style=\"vertical-align: inherit;\"><span dir=\"auto\" style=\"vertical-align: inherit;\">. Ein einzigartiger Ort, um sich mit Freunden zu treffen, wo es im Sommer besonders lebhaft zugeht.<\/span><\/span><\/span><\/p>\n<p><span style=\"font-weight: 400;\"> <img loading=\"lazy\" width=\"526\" height=\"526\" class=\"alignnone size-full wp-image-365751\" src=\"https:\/\/www.visitbratislava.com\/wp-content\/uploads\/2025\/10\/Vycap-u-Ernoa.jpg\" alt=\"\" srcset=\"https:\/\/www.visitbratislava.com\/wp-content\/uploads\/2025\/10\/Vycap-u-Ernoa.jpg 526w, https:\/\/www.visitbratislava.com\/wp-content\/uploads\/2025\/10\/Vycap-u-Ernoa-400x400.jpg 400w, https:\/\/www.visitbratislava.com\/wp-content\/uploads\/2025\/10\/Vycap-u-Ernoa-150x150.jpg 150w, https:\/\/www.visitbratislava.com\/wp-content\/uploads\/2025\/10\/Vycap-u-Ernoa-200x200.jpg 200w, https:\/\/www.visitbratislava.com\/wp-content\/uploads\/2025\/10\/Vycap-u-Ernoa-184x184.jpg 184w, https:\/\/www.visitbratislava.com\/wp-content\/uploads\/2025\/10\/Vycap-u-Ernoa-384x384.jpg 384w\" sizes=\"(max-width: 526px) 100vw, 526px\" \/><\/span><\/p>\n<p><span style=\"font-size: 8pt;\"><span dir=\"auto\" style=\"vertical-align: inherit;\"><span dir=\"auto\" style=\"vertical-align: inherit;\">Quelle: FB V\u00fd\u010dap U Ern\u0151ho<\/span><\/span><\/span><\/p>\n<h2><span dir=\"auto\" style=\"vertical-align: inherit;\"><span dir=\"auto\" style=\"vertical-align: inherit;\">6. <\/span><\/span><a href=\"https:\/\/sk-sk.facebook.com\/pivovaralzbetka\" target=\"_blank\" rel=\"noopener\"><span dir=\"auto\" style=\"vertical-align: inherit;\"><span dir=\"auto\" style=\"vertical-align: inherit;\">St\u00e4dtische Brauerei Al\u017ebetka<\/span><\/span><\/a><span dir=\"auto\" style=\"vertical-align: inherit;\"><span dir=\"auto\" style=\"vertical-align: inherit;\"> (Mestsk\u00fd pivovar Al\u017ebetka)<\/span><\/span><\/h2>\n<p><span style=\"font-weight: 400;\"><span dir=\"auto\" style=\"vertical-align: inherit;\"><span dir=\"auto\" style=\"vertical-align: inherit;\">Ein Restaurant mit Tradition und hochwertiger slowakisch-tschechisch-ungarischer K\u00fcche sowie ausgezeichnetem Bier aus der Brauerei Kom\u00edn.<\/span><\/span><\/span><\/p>\n<p><img loading=\"lazy\" width=\"512\" height=\"640\" class=\"alignnone size-full wp-image-365758\" src=\"https:\/\/www.visitbratislava.com\/wp-content\/uploads\/2025\/10\/Mestsky-pivovar-Alzbetka.jpg\" alt=\"\" srcset=\"https:\/\/www.visitbratislava.com\/wp-content\/uploads\/2025\/10\/Mestsky-pivovar-Alzbetka.jpg 512w, https:\/\/www.visitbratislava.com\/wp-content\/uploads\/2025\/10\/Mestsky-pivovar-Alzbetka-320x400.jpg 320w, https:\/\/www.visitbratislava.com\/wp-content\/uploads\/2025\/10\/Mestsky-pivovar-Alzbetka-160x200.jpg 160w\" sizes=\"(max-width: 512px) 100vw, 512px\" \/><\/p>\n<p><span style=\"font-size: 8pt;\"><span dir=\"auto\" style=\"vertical-align: inherit;\"><span dir=\"auto\" style=\"vertical-align: inherit;\">Quelle: FB Mestsk\u00fd Pivovar Al\u017ebetka\u00a0<\/span><\/span><\/span><\/p>\n<h2><span dir=\"auto\" style=\"vertical-align: inherit;\"><span dir=\"auto\" style=\"vertical-align: inherit;\">7.\u00a0 <\/span><\/span><a href=\"https:\/\/slovakpub.sk\/\" target=\"_blank\" rel=\"noopener\"><span dir=\"auto\" style=\"vertical-align: inherit;\"><span dir=\"auto\" style=\"vertical-align: inherit;\">1. Slowakisches Pub<\/span><\/span><\/a><\/h2>\n<p><span style=\"font-weight: 400;\"><span dir=\"auto\" style=\"vertical-align: inherit;\"><span dir=\"auto\" style=\"vertical-align: inherit;\">Ein traditionelles slowakisches Pub mit altmodischer Atmosph\u00e4re, in dem Sie aus einer gro\u00dfen Auswahl slowakischer Biere w\u00e4hlen oder Bier aus der Klosterbrauerei oder typisch slowakische K\u00fcche genie\u00dfen k\u00f6nnen.<\/span><\/span><\/span><\/p>\n<p><img loading=\"lazy\" width=\"800\" height=\"533\" class=\"alignnone size-full wp-image-351746\" src=\"https:\/\/www.visitbratislava.com\/wp-content\/uploads\/2025\/09\/slovak_pub1-800x533-1.jpg\" alt=\"\" srcset=\"https:\/\/www.visitbratislava.com\/wp-content\/uploads\/2025\/09\/slovak_pub1-800x533-1.jpg 800w, https:\/\/www.visitbratislava.com\/wp-content\/uploads\/2025\/09\/slovak_pub1-800x533-1-400x267.jpg 400w, https:\/\/www.visitbratislava.com\/wp-content\/uploads\/2025\/09\/slovak_pub1-800x533-1-768x512.jpg 768w, https:\/\/www.visitbratislava.com\/wp-content\/uploads\/2025\/09\/slovak_pub1-800x533-1-200x133.jpg 200w\" sizes=\"(max-width: 800px) 100vw, 800px\" \/><\/p>\n<h2><span dir=\"auto\" style=\"vertical-align: inherit;\"><span dir=\"auto\" style=\"vertical-align: inherit;\">8. <\/span><\/span><a href=\"https:\/\/www.facebook.com\/steinplatz\/\" target=\"_blank\" rel=\"noopener\"><span dir=\"auto\" style=\"vertical-align: inherit;\"><span dir=\"auto\" style=\"vertical-align: inherit;\">Steinplatz<\/span><\/span><\/a><\/h2>\n<p><span dir=\"auto\" style=\"vertical-align: inherit;\"><span dir=\"auto\" style=\"vertical-align: inherit;\">Das fantasievolle Konzept dieser Bar und Kneipe wird Sie sicherlich \u00fcberraschen, denn es handelt sich um eine ehemalige \u00f6ffentliche Toilette. Ein gem\u00fctliches Interieur, eine stilvolle Terrasse und eine reiche Auswahl an leckeren Bieren aus kleinen und hochwertigen Brauereien erwarten Sie.<\/span><\/span><\/p>\n<p><img loading=\"lazy\" width=\"800\" height=\"600\" class=\"alignnone size-large wp-image-365716\" src=\"https:\/\/www.visitbratislava.com\/wp-content\/uploads\/2025\/10\/Steinplatz-800x600.jpg\" alt=\"\" srcset=\"https:\/\/www.visitbratislava.com\/wp-content\/uploads\/2025\/10\/Steinplatz-800x600.jpg 800w, https:\/\/www.visitbratislava.com\/wp-content\/uploads\/2025\/10\/Steinplatz-400x300.jpg 400w, https:\/\/www.visitbratislava.com\/wp-content\/uploads\/2025\/10\/Steinplatz-768x576.jpg 768w, https:\/\/www.visitbratislava.com\/wp-content\/uploads\/2025\/10\/Steinplatz-1536x1152.jpg 1536w, https:\/\/www.visitbratislava.com\/wp-content\/uploads\/2025\/10\/Steinplatz-200x150.jpg 200w, https:\/\/www.visitbratislava.com\/wp-content\/uploads\/2025\/10\/Steinplatz-600x450.jpg 600w, https:\/\/www.visitbratislava.com\/wp-content\/uploads\/2025\/10\/Steinplatz.jpg 2048w\" sizes=\"(max-width: 800px) 100vw, 800px\" \/><\/p>\n<p><span style=\"font-size: 8pt;\"><span dir=\"auto\" style=\"vertical-align: inherit;\"><span dir=\"auto\" style=\"vertical-align: inherit;\">Quelle: The European Bar Guide<\/span><\/span><\/span><\/p>\n<h2><span dir=\"auto\" style=\"vertical-align: inherit;\"><span dir=\"auto\" style=\"vertical-align: inherit;\">9. <\/span><\/span><a href=\"https:\/\/sk-sk.facebook.com\/%C4%8Cierny-Pes-220771667967534\/\" target=\"_blank\" rel=\"noopener\"><span dir=\"auto\" style=\"vertical-align: inherit;\"><span dir=\"auto\" style=\"vertical-align: inherit;\">Schwarzer Hund<\/span><\/span><\/a><span dir=\"auto\" style=\"vertical-align: inherit;\"><span dir=\"auto\" style=\"vertical-align: inherit;\"> (\u010cierny pes)<\/span><\/span><\/h2>\n<p><span style=\"font-weight: 400;\"><span dir=\"auto\" style=\"vertical-align: inherit;\"><span dir=\"auto\" style=\"vertical-align: inherit;\">Wenn Sie dem Trubel der Stra\u00dfen des historischen Zentrums entfliehen m\u00f6chten, ist dieses kleine, gem\u00fctliche Pub in einer engen und ruhigen Gasse der perfekte Ort f\u00fcr ein authentisches Biererlebnis.<\/span><\/span><\/span><\/p>\n<p><img loading=\"lazy\" width=\"720\" height=\"480\" class=\"alignnone size-full wp-image-365770\" src=\"https:\/\/www.visitbratislava.com\/wp-content\/uploads\/2025\/10\/cierny-pes.jpg\" alt=\"\" srcset=\"https:\/\/www.visitbratislava.com\/wp-content\/uploads\/2025\/10\/cierny-pes.jpg 720w, https:\/\/www.visitbratislava.com\/wp-content\/uploads\/2025\/10\/cierny-pes-400x267.jpg 400w, https:\/\/www.visitbratislava.com\/wp-content\/uploads\/2025\/10\/cierny-pes-200x133.jpg 200w\" sizes=\"(max-width: 720px) 100vw, 720px\" \/><\/p>\n<p><span style=\"font-size: 8pt;\"><span dir=\"auto\" style=\"vertical-align: inherit;\"><span dir=\"auto\" style=\"vertical-align: inherit;\">Quelle: Fb \u010cierny pes<\/span><\/span><\/span><\/p>\n<h2><span dir=\"auto\" style=\"vertical-align: inherit;\"><span dir=\"auto\" style=\"vertical-align: inherit;\">10. <\/span><\/span><a href=\"https:\/\/www.facebook.com\/profile.php?id=100090309886870\" target=\"_blank\" rel=\"noopener\"><span dir=\"auto\" style=\"vertical-align: inherit;\"><span dir=\"auto\" style=\"vertical-align: inherit;\">\u017dil Verne<\/span><\/span><\/a><\/h2>\n<p><span style=\"font-weight: 400;\"><span dir=\"auto\" style=\"vertical-align: inherit;\"><span dir=\"auto\" style=\"vertical-align: inherit;\">Ein stilvolles Pub mit eigenem Bier in der Fu\u00dfg\u00e4ngerzone im Stadtzentrum. Es erwartet Sie eine freundliche Atmosph\u00e4re und ein geeigneter Raum zum Anschauen von Sportspielen.<\/span><\/span><\/span><\/p>\n<p><span style=\"font-weight: 400;\"><img loading=\"lazy\" width=\"450\" height=\"800\" class=\"alignnone size-large wp-image-365776\" src=\"https:\/\/www.visitbratislava.com\/wp-content\/uploads\/2025\/10\/zil-verne-450x800.jpg\" alt=\"\" srcset=\"https:\/\/www.visitbratislava.com\/wp-content\/uploads\/2025\/10\/zil-verne-450x800.jpg 450w, https:\/\/www.visitbratislava.com\/wp-content\/uploads\/2025\/10\/zil-verne-225x400.jpg 225w, https:\/\/www.visitbratislava.com\/wp-content\/uploads\/2025\/10\/zil-verne-768x1364.jpg 768w, https:\/\/www.visitbratislava.com\/wp-content\/uploads\/2025\/10\/zil-verne-865x1536.jpg 865w, https:\/\/www.visitbratislava.com\/wp-content\/uploads\/2025\/10\/zil-verne-113x200.jpg 113w, https:\/\/www.visitbratislava.com\/wp-content\/uploads\/2025\/10\/zil-verne.jpg 1153w\" sizes=\"(max-width: 450px) 100vw, 450px\" \/><\/span><\/p>\n<p><span style=\"font-size: 8pt;\"><span dir=\"auto\" style=\"vertical-align: inherit;\"><span dir=\"auto\" style=\"vertical-align: inherit;\">Quelle: FB \u017dil Verne Craftbeerpub Bratislava\u00a0<\/span><\/span><\/span><\/p>\n<p><iframe src=\"https:\/\/www.google.com\/maps\/d\/embed?mid=1YUacHqP6LbcQG5O2gwlM6sg0c5o&amp;hl=en\" width=\"800\" height=\"480\"><\/iframe><\/p>\n","protected":false},"excerpt":{"rendered":"<p>1. Donaubrauerei (Dunajsk\u00fd pivovar) Dieses Restaurant bietet die einmalige Gelegenheit, exzellentes Bier in einer einzigartigen Brauerei direkt an der Donau zu genie\u00dfen. Wenn Sie Bierliebhaber sind, werden Sie die M\u00f6glichkeit, den gesamten Produktionsprozess mitzuerleben, zu sch\u00e4tzen wissen. Die sch\u00f6ne Aussicht ist selbstverst\u00e4ndlich. Quelle: dunajskypivovar.sk 2. Bratislavaer B\u00fcrgerbrauerei (Bratislavsk\u00fd me\u0161tiansky pivovar) Die lokale Brauerei in der [&hellip;]<\/p>\n","protected":false},"author":10,"featured_media":10668,"parent":32539,"menu_order":0,"comment_status":"closed","ping_status":"closed","template":"","meta":[],"acf":[],"_links":{"self":[{"href":"https:\/\/www.visitbratislava.com\/de\/wp-json\/wp\/v2\/pages\/36186"}],"collection":[{"href":"https:\/\/www.visitbratislava.com\/de\/wp-json\/wp\/v2\/pages"}],"about":[{"href":"https:\/\/www.visitbratislava.com\/de\/wp-json\/wp\/v2\/types\/page"}],"author":[{"embeddable":true,"href":"https:\/\/www.visitbratislava.com\/de\/wp-json\/wp\/v2\/users\/10"}],"replies":[{"embeddable":true,"href":"https:\/\/www.visitbratislava.com\/de\/wp-json\/wp\/v2\/comments?post=36186"}],"version-history":[{"count":7,"href":"https:\/\/www.visitbratislava.com\/de\/wp-json\/wp\/v2\/pages\/36186\/revisions"}],"predecessor-version":[{"id":365785,"href":"https:\/\/www.visitbratislava.com\/de\/wp-json\/wp\/v2\/pages\/36186\/revisions\/365785"}],"up":[{"embeddable":true,"href":"https:\/\/www.visitbratislava.com\/de\/wp-json\/wp\/v2\/pages\/32539"}],"wp:featuredmedia":[{"embeddable":true,"href":"https:\/\/www.visitbratislava.com\/de\/wp-json\/wp\/v2\/media\/10668"}],"wp:attachment":[{"href":"https:\/\/www.visitbratislava.com\/de\/wp-json\/wp\/v2\/media?parent=36186"}],"curies":[{"name":"wp","href":"https:\/\/api.w.org\/{rel}","templated":true}]}}