{"id":36773,"date":"2017-10-18T13:13:04","date_gmt":"2017-10-18T11:13:04","guid":{"rendered":"https:\/\/www.visitbratislava.com\/?page_id=36773\/"},"modified":"2024-12-19T15:08:02","modified_gmt":"2024-12-19T14:08:02","slug":"top-10-der-nightlife","status":"publish","type":"page","link":"https:\/\/www.visitbratislava.com\/de\/top-10-der-nightlife\/","title":{"rendered":"Top 10 der Nightlife"},"content":{"rendered":"<p><iframe src=\"https:\/\/www.google.com\/maps\/d\/u\/0\/embed?mid=1BTSlnOgsd8V6DXb7gAgPZn1ZC2c\" width=\"1024\" height=\"480\"><\/iframe><\/p>\n<p>&nbsp;<\/p>\n<h3><a href=\"https:\/\/www.visitbratislava.com\/de\/setzt\/the-club\/\" target=\"_blank\" rel=\"noopener\">1. The Club<\/a><\/h3>\n<p>Der gr\u00f6\u00dfte Club in Bratislava, The Club, bietet ein au\u00dfergew\u00f6hnliches Erlebnis mit bekannten DJs aus Bratislava und dem Ausland.<\/p>\n<p><img loading=\"lazy\" width=\"800\" height=\"533\" class=\"alignnone size-large wp-image-36965\" src=\"https:\/\/www.visitbratislava.com\/wp-content\/uploads\/2017\/10\/1-800x533.jpg\" alt=\"\" srcset=\"https:\/\/www.visitbratislava.com\/wp-content\/uploads\/2017\/10\/1-800x533.jpg 800w, https:\/\/www.visitbratislava.com\/wp-content\/uploads\/2017\/10\/1-400x266.jpg 400w, https:\/\/www.visitbratislava.com\/wp-content\/uploads\/2017\/10\/1-768x511.jpg 768w, https:\/\/www.visitbratislava.com\/wp-content\/uploads\/2017\/10\/1-200x133.jpg 200w, https:\/\/www.visitbratislava.com\/wp-content\/uploads\/2017\/10\/1.jpg 960w\" sizes=\"(max-width: 800px) 100vw, 800px\" \/><\/p>\n<h3><a href=\"https:\/\/www.visitbratislava.com\/de\/setzt\/rio-grande-restaurant-night-bar-cafe\/\" target=\"_blank\" rel=\"noopener\">2. Rio Grande Night Bar<\/a><\/h3>\n<p>Interieur und Atmosph\u00e4re in der Rio Grande Night Bar sind exotisch. W\u00e4hlen k\u00f6nnen Sie aus einem breiten Angebot von bis zu 150 Cocktails.<\/p>\n<p><img loading=\"lazy\" width=\"800\" height=\"532\" class=\"alignnone size-large wp-image-36969\" src=\"https:\/\/www.visitbratislava.com\/wp-content\/uploads\/2017\/10\/1-1-800x532.jpg\" alt=\"\" srcset=\"https:\/\/www.visitbratislava.com\/wp-content\/uploads\/2017\/10\/1-1-800x532.jpg 800w, https:\/\/www.visitbratislava.com\/wp-content\/uploads\/2017\/10\/1-1-400x266.jpg 400w, https:\/\/www.visitbratislava.com\/wp-content\/uploads\/2017\/10\/1-1-768x510.jpg 768w, https:\/\/www.visitbratislava.com\/wp-content\/uploads\/2017\/10\/1-1-200x133.jpg 200w, https:\/\/www.visitbratislava.com\/wp-content\/uploads\/2017\/10\/1-1.jpg 960w\" sizes=\"(max-width: 800px) 100vw, 800px\" \/><\/p>\n<h3><a href=\"http:\/\/www.greatbratislava.sk\/\" target=\"_blank\" rel=\"noopener\">3. Great Club<\/a><\/h3>\n<p>Wenn Sie auf der Suche nach tollem Tanzspa\u00df und leckeren Drinks sind, sind Sie hier genau richtig. Der Great Club Bratislava bietet gro\u00dfartige Unterhaltung, Cocktails und Wochenendpartys mit ber\u00fchmten DJs aus Bratislava und dem Ausland.<\/p>\n<p><img loading=\"lazy\" width=\"800\" height=\"533\" class=\"alignnone size-large wp-image-37010\" src=\"https:\/\/www.visitbratislava.com\/wp-content\/uploads\/2017\/10\/1-5-800x533.jpg\" alt=\"\" srcset=\"https:\/\/www.visitbratislava.com\/wp-content\/uploads\/2017\/10\/1-5-800x533.jpg 800w, https:\/\/www.visitbratislava.com\/wp-content\/uploads\/2017\/10\/1-5-400x267.jpg 400w, https:\/\/www.visitbratislava.com\/wp-content\/uploads\/2017\/10\/1-5-768x512.jpg 768w, https:\/\/www.visitbratislava.com\/wp-content\/uploads\/2017\/10\/1-5-200x133.jpg 200w, https:\/\/www.visitbratislava.com\/wp-content\/uploads\/2017\/10\/1-5.jpg 960w\" sizes=\"(max-width: 800px) 100vw, 800px\" \/><\/p>\n<h3><a href=\"https:\/\/www.visitbratislava.com\/de\/setzt\/barrock\/\" target=\"_blank\" rel=\"noopener\">4. Barrock<\/a><\/h3>\n<p>Stilvoller Pub f\u00fcr Rocker, die amerikanisches Essen und gutes Bier m\u00f6gen. Eine umfangreiche Whiskey-Auswahl versteht sich von selbst.<\/p>\n<p><img loading=\"lazy\" width=\"800\" height=\"532\" class=\"alignnone size-large wp-image-36973\" src=\"https:\/\/www.visitbratislava.com\/wp-content\/uploads\/2017\/10\/1-2-800x532.jpg\" alt=\"\" srcset=\"https:\/\/www.visitbratislava.com\/wp-content\/uploads\/2017\/10\/1-2-800x532.jpg 800w, https:\/\/www.visitbratislava.com\/wp-content\/uploads\/2017\/10\/1-2-400x266.jpg 400w, https:\/\/www.visitbratislava.com\/wp-content\/uploads\/2017\/10\/1-2-768x510.jpg 768w, https:\/\/www.visitbratislava.com\/wp-content\/uploads\/2017\/10\/1-2-200x133.jpg 200w, https:\/\/www.visitbratislava.com\/wp-content\/uploads\/2017\/10\/1-2.jpg 960w\" sizes=\"(max-width: 800px) 100vw, 800px\" \/><\/p>\n<h3><a href=\"https:\/\/www.visitbratislava.com\/de\/setzt\/trafo-music-bar\/\" target=\"_blank\" rel=\"noopener\">5. Trafo Music Bar<\/a><\/h3>\n<p>Die Trafo Music Bar finden Sie in den Kellerr\u00e4umen des historischen Erd\u0151dy-Palastes und verdankt ihren Namen der funktionierenden Trafostation, die zugleich Teil des Interieurs ist. Zu den gespielten Musik-Genres geh\u00f6ren House, Hip-hop oder R&#8217;n&#8217;B.<\/p>\n<p><img loading=\"lazy\" width=\"800\" height=\"532\" class=\"alignnone size-large wp-image-36977\" src=\"https:\/\/www.visitbratislava.com\/wp-content\/uploads\/2017\/10\/1-3-800x532.jpg\" alt=\"\" srcset=\"https:\/\/www.visitbratislava.com\/wp-content\/uploads\/2017\/10\/1-3-800x532.jpg 800w, https:\/\/www.visitbratislava.com\/wp-content\/uploads\/2017\/10\/1-3-400x266.jpg 400w, https:\/\/www.visitbratislava.com\/wp-content\/uploads\/2017\/10\/1-3-768x510.jpg 768w, https:\/\/www.visitbratislava.com\/wp-content\/uploads\/2017\/10\/1-3-200x133.jpg 200w, https:\/\/www.visitbratislava.com\/wp-content\/uploads\/2017\/10\/1-3.jpg 960w\" sizes=\"(max-width: 800px) 100vw, 800px\" \/><\/p>\n<h3><a href=\"https:\/\/www.visitbratislava.com\/de\/setzt\/nuspirit-bar\/\" target=\"_blank\" rel=\"noopener\">6. Nu Spirit Club<\/a><\/h3>\n<p>Der Club \u0160AFKO ist ein \u201eoberirdischer\u201c Raum, der ein abwechslungsreiches Musikprogramm bietet \u2013 von elektronischer Musik bis hin zu Live-Konzerten. An Wochenenden k\u00f6nnen Sie auf Partys mit elektronischer Musik, DnB, House, Hip-Hop oder Queer-Musik feiern. Der Club hat dank seines hochwertigen Services und seines abwechslungsreichen Programms viele Fans gewonnen.<\/p>\n<p><img loading=\"lazy\" width=\"2560\" height=\"1707\" class=\"alignnone size-full wp-image-322788\" src=\"https:\/\/www.visitbratislava.com\/wp-content\/uploads\/2024\/12\/s\u030caf-34-scaled.jpg\" alt=\"\u0161afko klub\" srcset=\"https:\/\/www.visitbratislava.com\/wp-content\/uploads\/2024\/12\/s\u030caf-34-scaled.jpg 2560w, https:\/\/www.visitbratislava.com\/wp-content\/uploads\/2024\/12\/s\u030caf-34-400x267.jpg 400w, https:\/\/www.visitbratislava.com\/wp-content\/uploads\/2024\/12\/s\u030caf-34-800x533.jpg 800w, https:\/\/www.visitbratislava.com\/wp-content\/uploads\/2024\/12\/s\u030caf-34-768x512.jpg 768w, https:\/\/www.visitbratislava.com\/wp-content\/uploads\/2024\/12\/s\u030caf-34-1536x1024.jpg 1536w, https:\/\/www.visitbratislava.com\/wp-content\/uploads\/2024\/12\/s\u030caf-34-2048x1365.jpg 2048w, https:\/\/www.visitbratislava.com\/wp-content\/uploads\/2024\/12\/s\u030caf-34-200x133.jpg 200w\" sizes=\"(max-width: 2560px) 100vw, 2560px\" \/><\/p>\n<h3><a href=\"https:\/\/www.visitbratislava.com\/de\/setzt\/fuga\/\" target=\"_blank\" rel=\"noopener\">7. Fuga<\/a><\/h3>\n<p>Das Fuga, auch als dunkelster Club Bratislavas bekannt, ist der ideale Ort f\u00fcr Techno-Fans. Es befindet sich direkt auf dem N\u00e1mest\u00ed SNP (Platz des Slowakischen Nationalaufstands) und ist zu Fu\u00df erreichbar, egal wo im Zentrum Sie sich gerade aufhalten.<\/p>\n<p><img loading=\"lazy\" width=\"800\" height=\"533\" class=\"alignnone size-large wp-image-37000\" src=\"https:\/\/www.visitbratislava.com\/wp-content\/uploads\/2017\/10\/1-crop-800x533.png\" alt=\"\" srcset=\"https:\/\/www.visitbratislava.com\/wp-content\/uploads\/2017\/10\/1-crop.png 800w, https:\/\/www.visitbratislava.com\/wp-content\/uploads\/2017\/10\/1-crop-400x267.png 400w, https:\/\/www.visitbratislava.com\/wp-content\/uploads\/2017\/10\/1-crop-768x512.png 768w, https:\/\/www.visitbratislava.com\/wp-content\/uploads\/2017\/10\/1-crop-200x133.png 200w\" sizes=\"(max-width: 800px) 100vw, 800px\" \/><\/p>\n<h3><a href=\"http:\/\/www.havanacafe.sk\/\" target=\"_blank\" rel=\"noopener\">8. Casa del Havana<\/a><\/h3>\n<p>Fans von Latino-Musik werden die kubanische Atmosph\u00e4re in diesem Club lieben. Zum Tanzen ist nicht allzu viel Platz, aber die ausgezeichneten Drinks und die freundliche Atmosph\u00e4re kompensieren dies locker.<\/p>\n<p><img loading=\"lazy\" width=\"800\" height=\"600\" class=\"alignnone size-large wp-image-37006\" src=\"https:\/\/www.visitbratislava.com\/wp-content\/uploads\/2017\/10\/1-4-800x600.jpg\" alt=\"\" srcset=\"https:\/\/www.visitbratislava.com\/wp-content\/uploads\/2017\/10\/1-4-800x600.jpg 800w, https:\/\/www.visitbratislava.com\/wp-content\/uploads\/2017\/10\/1-4-400x300.jpg 400w, https:\/\/www.visitbratislava.com\/wp-content\/uploads\/2017\/10\/1-4-768x576.jpg 768w, https:\/\/www.visitbratislava.com\/wp-content\/uploads\/2017\/10\/1-4-200x150.jpg 200w, https:\/\/www.visitbratislava.com\/wp-content\/uploads\/2017\/10\/1-4.jpg 960w\" sizes=\"(max-width: 800px) 100vw, 800px\" \/><\/p>\n<h3><a href=\"https:\/\/www.visitbratislava.com\/de\/setzt\/channels-club\/\" target=\"_blank\" rel=\"noopener\">9. Channels Club<\/a><\/h3>\n<p>Wenn die meisten Clubs schon l\u00e4ngst geschlossen sind, ist das Personal des Channels bereit, Ihnen bis sechs Uhr morgens ausgezeichnete Drinks zu servieren.<\/p>\n<p><img loading=\"lazy\" width=\"800\" height=\"533\" class=\"alignnone size-large wp-image-36700\" src=\"https:\/\/www.visitbratislava.com\/wp-content\/uploads\/2017\/10\/20246378_905892526233234_590849217742277109_n-800x533.jpg\" alt=\"\" srcset=\"https:\/\/www.visitbratislava.com\/wp-content\/uploads\/2017\/10\/20246378_905892526233234_590849217742277109_n-800x533.jpg 800w, https:\/\/www.visitbratislava.com\/wp-content\/uploads\/2017\/10\/20246378_905892526233234_590849217742277109_n-400x267.jpg 400w, https:\/\/www.visitbratislava.com\/wp-content\/uploads\/2017\/10\/20246378_905892526233234_590849217742277109_n-768x512.jpg 768w, https:\/\/www.visitbratislava.com\/wp-content\/uploads\/2017\/10\/20246378_905892526233234_590849217742277109_n-200x133.jpg 200w, https:\/\/www.visitbratislava.com\/wp-content\/uploads\/2017\/10\/20246378_905892526233234_590849217742277109_n.jpg 960w\" sizes=\"(max-width: 800px) 100vw, 800px\" \/><\/p>\n<h3><a href=\"https:\/\/www.visitbratislava.com\/de\/setzt\/randal-club\/\" target=\"_blank\" rel=\"noopener\">10. Randal<\/a><\/h3>\n<p>Kommen Sie, und genie\u00dfen Sie die authentische Atmosph\u00e4re in diesem hardrock-orientierten Pub, wo es nicht ungew\u00f6hnlich ist, aus dem Soundsystem verschiedenste Metal-Genres zu h\u00f6ren.<\/p>\n<p><img loading=\"lazy\" width=\"800\" height=\"530\" class=\"alignnone size-large wp-image-37014\" src=\"https:\/\/www.visitbratislava.com\/wp-content\/uploads\/2017\/10\/1-6-800x530.jpg\" alt=\"\" srcset=\"https:\/\/www.visitbratislava.com\/wp-content\/uploads\/2017\/10\/1-6.jpg 800w, https:\/\/www.visitbratislava.com\/wp-content\/uploads\/2017\/10\/1-6-400x265.jpg 400w, https:\/\/www.visitbratislava.com\/wp-content\/uploads\/2017\/10\/1-6-768x509.jpg 768w, https:\/\/www.visitbratislava.com\/wp-content\/uploads\/2017\/10\/1-6-200x133.jpg 200w\" sizes=\"(max-width: 800px) 100vw, 800px\" \/><\/p>\n","protected":false},"excerpt":{"rendered":"<p>&nbsp; 1. The Club Der gr\u00f6\u00dfte Club in Bratislava, The Club, bietet ein au\u00dfergew\u00f6hnliches Erlebnis mit bekannten DJs aus Bratislava und dem Ausland. 2. Rio Grande Night Bar Interieur und Atmosph\u00e4re in der Rio Grande Night Bar sind exotisch. W\u00e4hlen k\u00f6nnen Sie aus einem breiten Angebot von bis zu 150 Cocktails. 3. Great Club Wenn [&hellip;]<\/p>\n","protected":false},"author":10,"featured_media":36692,"parent":0,"menu_order":0,"comment_status":"closed","ping_status":"closed","template":"","meta":[],"acf":[],"_links":{"self":[{"href":"https:\/\/www.visitbratislava.com\/de\/wp-json\/wp\/v2\/pages\/36773"}],"collection":[{"href":"https:\/\/www.visitbratislava.com\/de\/wp-json\/wp\/v2\/pages"}],"about":[{"href":"https:\/\/www.visitbratislava.com\/de\/wp-json\/wp\/v2\/types\/page"}],"author":[{"embeddable":true,"href":"https:\/\/www.visitbratislava.com\/de\/wp-json\/wp\/v2\/users\/10"}],"replies":[{"embeddable":true,"href":"https:\/\/www.visitbratislava.com\/de\/wp-json\/wp\/v2\/comments?post=36773"}],"version-history":[{"count":9,"href":"https:\/\/www.visitbratislava.com\/de\/wp-json\/wp\/v2\/pages\/36773\/revisions"}],"predecessor-version":[{"id":322796,"href":"https:\/\/www.visitbratislava.com\/de\/wp-json\/wp\/v2\/pages\/36773\/revisions\/322796"}],"wp:featuredmedia":[{"embeddable":true,"href":"https:\/\/www.visitbratislava.com\/de\/wp-json\/wp\/v2\/media\/36692"}],"wp:attachment":[{"href":"https:\/\/www.visitbratislava.com\/de\/wp-json\/wp\/v2\/media?parent=36773"}],"curies":[{"name":"wp","href":"https:\/\/api.w.org\/{rel}","templated":true}]}}