{"id":37043,"date":"2017-10-23T14:24:58","date_gmt":"2017-10-23T12:24:58","guid":{"rendered":"https:\/\/www.visitbratislava.com\/?page_id=37043\/"},"modified":"2024-03-14T14:13:08","modified_gmt":"2024-03-14T13:13:08","slug":"green","status":"publish","type":"page","link":"https:\/\/www.visitbratislava.com\/de\/green\/","title":{"rendered":"Gr\u00fcnes Bratislava"},"content":{"rendered":"<p><iframe src=\"https:\/\/www.youtube.com\/embed\/KkX4Irjn0Dg\" width=\"800\" height=\"400\" frameborder=\"0\" allowfullscreen=\"allowfullscreen\"><span data-mce-type=\"bookmark\" style=\"display: inline-block; width: 0px; overflow: hidden; line-height: 0;\" class=\"mce_SELRES_start\">\ufeff<\/span><\/iframe><\/p>\n<p>Entdecken Sie die bekanntesten <strong>st\u00e4dtischen Parks und G\u00e4rten<\/strong>, wo Sie w\u00e4hrend der Erkundung von Sehensw\u00fcrdigkeiten eine Pause einlegen k\u00f6nnen. Ihre Geschichte reicht bis ins 18. Jahrhundert zur\u00fcck, wobei sich Bratislava auch des \u00e4ltesten \u00f6ffentlichen Parks in Mitteleuropa r\u00fchmen kann.<a href=\"https:\/\/www.visitbratislava.com\/de\/setzt\/sad-janka-krala\/\" target=\"_blank\" rel=\"noopener\">\u00a0Janko Kr\u00e1\u013e<\/a> &#8211; Parkanlage. \u00a0Sie ist ein beliebiger Platz f\u00fcr Sportler sowie f\u00fcr Familien mit Kindern. Neben der aktiven Erholung werden verschiedene Veranstaltungen in der N\u00e4he der Parkanlage auf dem Kai der Donau stattgefunden.<\/p>\n<p><img src=\"https:\/\/www.visitbratislava.com\/wp-content\/uploads\/2017\/10\/sad-janka-krala-800x533.jpg\" \/><\/p>\n<p><img src=\"https:\/\/www.visitbratislava.com\/wp-content\/uploads\/2017\/10\/DSC_9923-800x534.jpg\" \/><\/p>\n<p>Zu den neuesten G\u00e4rten geh\u00f6rt der Barockgarten der <a href=\"https:\/\/www.visitbratislava.com\/de\/setzt\/burg-bratislava\/\" target=\"_blank\" rel=\"noopener\">Bratislavaer Burg<\/a>, gebaut laut Entwurf des Architekten von Maria Theresia. Die aktive Erholung sowie eine sehr angenehm verbrachte Zeit beim Grillen mit Freunden kann man in der \u00d6rtlichkeit <a href=\"https:\/\/www.visitbratislava.com\/de\/setzt\/zelezna-studienka\/\" target=\"_blank\" rel=\"noopener\">\u017delezn\u00e1 studienka<\/a> (Eisenbrunnen) erleben. Dieser Ort z\u00e4hlt zu einer der beliebtesten Erholungs\u00f6rtlichkeiten. Die Schwebebahn bietet eine wundersch\u00f6ne Aussicht an.\u00a0Exotische Flora oder wohlriechendes Rosarium mit Dutzenden von Rosenarten findet man im <a href=\"https:\/\/www.visitbratislava.com\/de\/setzt\/botanischer-garten\/\" target=\"_blank\" rel=\"noopener\">Botanischen Garten<\/a>.<\/p>\n<p><img src=\"https:\/\/www.visitbratislava.com\/wp-content\/uploads\/2015\/04\/zelezna-studienka-800x533.jpg\" \/><\/p>\n<p><img src=\"https:\/\/www.visitbratislava.com\/wp-content\/uploads\/2018\/07\/Botanicka.jpg\" \/><\/p>\n<blockquote><p><strong>Die Umgebung der Hauptstadt ist waldreich.<\/strong><\/p><\/blockquote>\n<p><a href=\"https:\/\/www.visitbratislava.com\/de\/setzt\/waldpark\/\" target=\"_blank\" rel=\"noopener\">Horsk\u00fd park<\/a> (\u201eBergpark\u201c) oder die zum Verbringen der Freizeit beliebten St\u00e4dtischen W\u00e4lder sind schnell und einfach vom Stadtzentrum aus erreichbar. Nutzen Sie unsere Freizeit-Tipps f\u00fcr Ausfl\u00fcge in die Natur mit Familie oder Freunden. Probieren Sie auch etwas Neues \u2013 genie\u00dfen Sie den Panoramablick vom neuen Aussichtsturm, oder \u00fcbernachten Sie direkt in kleinen Baumh\u00e4usern.<\/p>\n<p><img src=\"https:\/\/www.visitbratislava.com\/wp-content\/uploads\/2015\/04\/horsky-park-horaren-800x450.jpg\" \/><\/p>\n<blockquote><p><strong>Die Stadt an der Donau bietet auch Entspannung am Wasser.<\/strong><\/p><\/blockquote>\n<p>Machen Sie einen Spaziergang am Donauufer, bewundern Sie das Flusspanorama vom Deck eines Schiffes aus oder vom Fahrrad bei einer Tour auf dem internationalen Radweg Eurovelo 6. W\u00e4hrend der hei\u00dfen Tage k\u00f6nnen Sie sich in mitten in der Stadt gelegenen Seen erfrischen oder in daran angrenzenden Erholungsgebieten Sport treiben.<\/p>\n<p><img loading=\"lazy\" width=\"800\" height=\"533\" class=\"alignnone size-large wp-image-17339\" src=\"https:\/\/www.visitbratislava.com\/wp-content\/uploads\/2016\/05\/Eurovea-river-bank_outside-shopping-mall-800x533.jpg\" alt=\"\" srcset=\"https:\/\/www.visitbratislava.com\/wp-content\/uploads\/2016\/05\/Eurovea-river-bank_outside-shopping-mall-800x533.jpg 800w, https:\/\/www.visitbratislava.com\/wp-content\/uploads\/2016\/05\/Eurovea-river-bank_outside-shopping-mall-400x267.jpg 400w, https:\/\/www.visitbratislava.com\/wp-content\/uploads\/2016\/05\/Eurovea-river-bank_outside-shopping-mall-768x512.jpg 768w, https:\/\/www.visitbratislava.com\/wp-content\/uploads\/2016\/05\/Eurovea-river-bank_outside-shopping-mall-200x133.jpg 200w\" sizes=\"(max-width: 800px) 100vw, 800px\" \/><\/p>\n<p>Im Bratislavaer Stadtgebiet gibt es auch gesch\u00fctzte Lokalit\u00e4ten, an denen Liebhaber von Flora und Fauna auf ihre Kosten kommen. Naturliebhaber k\u00f6nnen <strong>wandern oder Radtouren unternehmen, V\u00f6gel beobachten und die Natur auf Lehrpfaden<\/strong> in den Naturschutzgebieten Dunajsk\u00e9 luhy (Donau-Auen), Dev\u00ednska Kobyla (Thebener Kogel) und im Einzugsgebiet des Flusses Morava erkunden.<\/p>\n<blockquote><p>Tipp: Einzigartiges Erlebnis in der Hauptstadt stellt <a href=\"https:\/\/www.visitbratislava.com\/de\/setzt\/eine-nacht-im-baumhaeuschen\/\" target=\"_blank\" rel=\"noopener\">die Nacht im Baumh\u00e4uschen<\/a> dar.<\/p><\/blockquote>\n<p><img src=\"https:\/\/www.visitbratislava.com\/wp-content\/uploads\/2016\/10\/domcek-800x602.jpg\" \/><\/p>\n<p><strong>Laden Sie die Karte der Gr\u00fcnfl\u00e4chen von Bratislava herunter<\/strong> &#8211; bald verf\u00fcgbar, bitte schauen Sie sp\u00e4ter zur\u00fcck<\/p>\n<p><strong><a href=\"https:\/\/www.visitbratislava.com\/wp-content\/uploads\/2017\/11\/ZelenaBA_6xDL_DE_2019_web.pdf\">Laden Sie die <em>Gr\u00fcnes Bratislava<\/em> Brosch\u00fcre in K\u00fcrze herunter<\/a>\u00a0<\/strong>(PDF, 2 MB)<\/p>\n<p><iframe src=\"https:\/\/www.google.com\/maps\/d\/embed?mid=12T2b5ng6rMbt63alrD1M3eGDkbo\" width=\"1000\" height=\"480\"><\/iframe><\/p>\n","protected":false},"excerpt":{"rendered":"<p>Bratislava ist nicht nur ein Ort voller Leben und Unterhaltung, sondern bietet auch gr\u00fcne Erholungszonen inmitten des Gro\u00dfstadtrummels.<\/p>\n","protected":false},"author":10,"featured_media":43226,"parent":0,"menu_order":0,"comment_status":"closed","ping_status":"closed","template":"","meta":[],"acf":[],"_links":{"self":[{"href":"https:\/\/www.visitbratislava.com\/de\/wp-json\/wp\/v2\/pages\/37043"}],"collection":[{"href":"https:\/\/www.visitbratislava.com\/de\/wp-json\/wp\/v2\/pages"}],"about":[{"href":"https:\/\/www.visitbratislava.com\/de\/wp-json\/wp\/v2\/types\/page"}],"author":[{"embeddable":true,"href":"https:\/\/www.visitbratislava.com\/de\/wp-json\/wp\/v2\/users\/10"}],"replies":[{"embeddable":true,"href":"https:\/\/www.visitbratislava.com\/de\/wp-json\/wp\/v2\/comments?post=37043"}],"version-history":[{"count":1,"href":"https:\/\/www.visitbratislava.com\/de\/wp-json\/wp\/v2\/pages\/37043\/revisions"}],"predecessor-version":[{"id":286044,"href":"https:\/\/www.visitbratislava.com\/de\/wp-json\/wp\/v2\/pages\/37043\/revisions\/286044"}],"wp:featuredmedia":[{"embeddable":true,"href":"https:\/\/www.visitbratislava.com\/de\/wp-json\/wp\/v2\/media\/43226"}],"wp:attachment":[{"href":"https:\/\/www.visitbratislava.com\/de\/wp-json\/wp\/v2\/media?parent=37043"}],"curies":[{"name":"wp","href":"https:\/\/api.w.org\/{rel}","templated":true}]}}