{"id":37149,"date":"2017-10-24T15:17:08","date_gmt":"2017-10-24T13:17:08","guid":{"rendered":"https:\/\/www.visitbratislava.com\/?page_id=37149\/"},"modified":"2023-12-14T13:48:27","modified_gmt":"2023-12-14T12:48:27","slug":"staedtische-parks-und-gaerten","status":"publish","type":"page","link":"https:\/\/www.visitbratislava.com\/de\/green\/staedtische-parks-und-gaerten\/","title":{"rendered":"St\u00e4dtische Parks und G\u00e4rten"},"content":{"rendered":"<h3>Entdecken Sie die sch\u00f6nen Ecken der Stadt, und machen Sie eine Pause im Gr\u00fcnen, mitten im belebten Zentrum.<\/h3>\n<p>Die Geschichte der Bratislavaer Parks reicht bis ins 18. Jahrhundert zur\u00fcck. Bis heute dienen sie der Entspannung, f\u00fcr Treffen mit Freunden und Sport und sind Schauplatz verschiedener Veranstaltungen.<\/p>\n<p>Direkt im Stadtzentrum k\u00f6nnen Sie \u00fcber den Hviezdoslav-Platz spazieren, wo es eine Allee, Brunnen und h\u00e4ufig auch Veranstaltungen gibt. Machen Sie halt im Park mit Entenbrunnen auf dem \u0160af\u00e1rik-Platz, oder setzen Sie sich auf den Rasen des <a href=\"https:\/\/www.visitbratislava.com\/de\/setzt\/medizinischer-garten\/\"><strong>Medizinischen Gartens<\/strong><\/a>, wo Veranstaltungen stattfinden, Sport getrieben wird, und wo es auch einen Kinderspielplatz und ein Caf\u00e9 gibt.<\/p>\n<p><img loading=\"lazy\" width=\"1418\" height=\"458\" class=\"alignleft size-full wp-image-186822\" src=\"https:\/\/www.visitbratislava.com\/wp-content\/uploads\/2022\/10\/Kovac_2022_medicka-zahrada_park_ufo_ba-hrad_jesen_panorama_nevyhradna-licencia_bannerscaled.jpg\" alt=\"\" srcset=\"https:\/\/www.visitbratislava.com\/wp-content\/uploads\/2022\/10\/Kovac_2022_medicka-zahrada_park_ufo_ba-hrad_jesen_panorama_nevyhradna-licencia_bannerscaled.jpg 1418w, https:\/\/www.visitbratislava.com\/wp-content\/uploads\/2022\/10\/Kovac_2022_medicka-zahrada_park_ufo_ba-hrad_jesen_panorama_nevyhradna-licencia_bannerscaled-400x129.jpg 400w, https:\/\/www.visitbratislava.com\/wp-content\/uploads\/2022\/10\/Kovac_2022_medicka-zahrada_park_ufo_ba-hrad_jesen_panorama_nevyhradna-licencia_bannerscaled-800x258.jpg 800w, https:\/\/www.visitbratislava.com\/wp-content\/uploads\/2022\/10\/Kovac_2022_medicka-zahrada_park_ufo_ba-hrad_jesen_panorama_nevyhradna-licencia_bannerscaled-768x248.jpg 768w, https:\/\/www.visitbratislava.com\/wp-content\/uploads\/2022\/10\/Kovac_2022_medicka-zahrada_park_ufo_ba-hrad_jesen_panorama_nevyhradna-licencia_bannerscaled-200x65.jpg 200w\" sizes=\"(max-width: 1418px) 100vw, 1418px\" \/><\/p>\n<p>Der <a href=\"https:\/\/www.visitbratislava.com\/de\/setzt\/garten-grassalkovich\/\"><strong>Grassalkovich-Garten<\/strong><\/a>, umgibt das Sommerpalais des Grafen Grassalkovich, heute Sitz des Pr\u00e4sidenten. Interessant ist auch die Pr\u00e4sidentenallee mit B\u00e4umen, die von Staatsoberh\u00e4uptern w\u00e4hrend ihres Besuchs in der Slowakei gepflanzt wurden.<\/p>\n<blockquote><p><em><strong>Empfehlungen:<\/strong><\/em> Maria-Theresia-Reiterstatue, Spielelemente f\u00fcr Kinder, Ausstellung moderner Kunstwerke unter freiem Himmel<\/p><\/blockquote>\n<p><img loading=\"lazy\" width=\"1418\" height=\"458\" class=\"alignleft size-full wp-image-176198\" src=\"https:\/\/www.visitbratislava.com\/wp-content\/uploads\/2022\/09\/Kovac_2022_prezidentsky-palac_grassalkovichov-palac_zahrada_green_park_leto_kvety_nevyhradna-licencia_banner.jpg\" alt=\"\" srcset=\"https:\/\/www.visitbratislava.com\/wp-content\/uploads\/2022\/09\/Kovac_2022_prezidentsky-palac_grassalkovichov-palac_zahrada_green_park_leto_kvety_nevyhradna-licencia_banner.jpg 1418w, https:\/\/www.visitbratislava.com\/wp-content\/uploads\/2022\/09\/Kovac_2022_prezidentsky-palac_grassalkovichov-palac_zahrada_green_park_leto_kvety_nevyhradna-licencia_banner-400x129.jpg 400w, https:\/\/www.visitbratislava.com\/wp-content\/uploads\/2022\/09\/Kovac_2022_prezidentsky-palac_grassalkovichov-palac_zahrada_green_park_leto_kvety_nevyhradna-licencia_banner-800x258.jpg 800w, https:\/\/www.visitbratislava.com\/wp-content\/uploads\/2022\/09\/Kovac_2022_prezidentsky-palac_grassalkovichov-palac_zahrada_green_park_leto_kvety_nevyhradna-licencia_banner-768x248.jpg 768w, https:\/\/www.visitbratislava.com\/wp-content\/uploads\/2022\/09\/Kovac_2022_prezidentsky-palac_grassalkovichov-palac_zahrada_green_park_leto_kvety_nevyhradna-licencia_banner-200x65.jpg 200w\" sizes=\"(max-width: 1418px) 100vw, 1418px\" \/><\/p>\n<p><strong>Der <a href=\"https:\/\/www.visitbratislava.com\/de\/setzt\/sad-janka-krala\/\">Park Sad Janka Kr\u00e1\u013ea<\/a><\/strong>\u00a0am rechten Donauufer ist der \u00e4lteste \u00f6ffentliche Park Mitteleuropas. Er entstand in den Jahren 1774-1776 aus urspr\u00fcnglichen Auw\u00e4ldern. Im Park gibt es Baumalleen, weitl\u00e4ufige Wiesen und den ganzen Park durchziehende Wege. Hier wachsen m\u00e4chtige zweihundertj\u00e4hrige Platanen und exotische Geh\u00f6lze. Der Aufenthalt in dieser gr\u00fcnen st\u00e4dtischen Oase wird oft auch von Melodien verschiedenster Genres angenehm untermalt, wenn hier im Rahmen des Kultursommers Veranstaltungen stattfinden.<\/p>\n<p><em><strong>Empfehlungen:<\/strong><\/em> Statuen der Tierkreiszeichen, Pavillon aus dem urspr\u00fcnglichen Turm der Franziskanerkirche, Spielplatz mit Attraktionen f\u00fcr Kinder<\/p>\n<p><img loading=\"lazy\" width=\"1920\" height=\"1280\" class=\"alignleft size-full wp-image-133297\" src=\"https:\/\/www.visitbratislava.com\/wp-content\/uploads\/2022\/03\/Pohyb-v-Sade-Janka-Krala_1920x1280.jpg\" alt=\"\" srcset=\"https:\/\/www.visitbratislava.com\/wp-content\/uploads\/2022\/03\/Pohyb-v-Sade-Janka-Krala_1920x1280.jpg 1920w, https:\/\/www.visitbratislava.com\/wp-content\/uploads\/2022\/03\/Pohyb-v-Sade-Janka-Krala_1920x1280-400x267.jpg 400w, https:\/\/www.visitbratislava.com\/wp-content\/uploads\/2022\/03\/Pohyb-v-Sade-Janka-Krala_1920x1280-800x533.jpg 800w, https:\/\/www.visitbratislava.com\/wp-content\/uploads\/2022\/03\/Pohyb-v-Sade-Janka-Krala_1920x1280-768x512.jpg 768w, https:\/\/www.visitbratislava.com\/wp-content\/uploads\/2022\/03\/Pohyb-v-Sade-Janka-Krala_1920x1280-1536x1024.jpg 1536w, https:\/\/www.visitbratislava.com\/wp-content\/uploads\/2022\/03\/Pohyb-v-Sade-Janka-Krala_1920x1280-200x133.jpg 200w\" sizes=\"(max-width: 1920px) 100vw, 1920px\" \/><\/p>\n<blockquote><p>&nbsp;<\/p><\/blockquote>\n<p>Auf dem Gel\u00e4nde der <a href=\"https:\/\/www.visitbratislava.com\/de\/setzt\/burg-bratislava\/\"><strong>Burg Bratislava<\/strong><\/a>\u00a0k\u00f6nnen Sie im Schatten der B\u00e4ume und mit Blick auf die Stadt entspannen. Besuchen sollten Sie auch den barocken Burggarten, der nach Pl\u00e4nen aus der Zeit der Herrschaft von Maria Theresia rekonstruiert wurde.<\/p>\n<p><em><strong>Empfehlungen:<\/strong><\/em> Ausstellung des Historischen Museums des Slowakischen Nationalmuseums, Burgrestaurant, Kulturprogramme und Gastroveranstaltungen<\/p>\n<p><img loading=\"lazy\" width=\"1920\" height=\"1280\" class=\"alignleft size-full wp-image-140775\" src=\"https:\/\/www.visitbratislava.com\/wp-content\/uploads\/2016\/08\/Dekan-komparz-BA-hrad-turisti-mlady-par-barokova-zahrada-fontana_1920x1280.jpg\" alt=\"\" srcset=\"https:\/\/www.visitbratislava.com\/wp-content\/uploads\/2016\/08\/Dekan-komparz-BA-hrad-turisti-mlady-par-barokova-zahrada-fontana_1920x1280.jpg 1920w, https:\/\/www.visitbratislava.com\/wp-content\/uploads\/2016\/08\/Dekan-komparz-BA-hrad-turisti-mlady-par-barokova-zahrada-fontana_1920x1280-400x267.jpg 400w, https:\/\/www.visitbratislava.com\/wp-content\/uploads\/2016\/08\/Dekan-komparz-BA-hrad-turisti-mlady-par-barokova-zahrada-fontana_1920x1280-800x533.jpg 800w, https:\/\/www.visitbratislava.com\/wp-content\/uploads\/2016\/08\/Dekan-komparz-BA-hrad-turisti-mlady-par-barokova-zahrada-fontana_1920x1280-768x512.jpg 768w, https:\/\/www.visitbratislava.com\/wp-content\/uploads\/2016\/08\/Dekan-komparz-BA-hrad-turisti-mlady-par-barokova-zahrada-fontana_1920x1280-1536x1024.jpg 1536w, https:\/\/www.visitbratislava.com\/wp-content\/uploads\/2016\/08\/Dekan-komparz-BA-hrad-turisti-mlady-par-barokova-zahrada-fontana_1920x1280-200x133.jpg 200w\" sizes=\"(max-width: 1920px) 100vw, 1920px\" \/><\/p>\n<blockquote><p>&nbsp;<\/p><\/blockquote>\n<p><strong>Der <a href=\"https:\/\/www.visitbratislava.com\/de\/setzt\/botanischer-garten\/\">Botanische Garten<\/a><\/strong>\u00a0am Donauufer ist Balsam f\u00fcr die Seele und ein Fest f\u00fcr die Augen. Hier finden Sie Bl\u00fcten in allen Farben, Steing\u00e4rten, Teiche und exotische Pflanzen in Gew\u00e4chsh\u00e4usern. Die Gehwege sind von Geh\u00f6lzen aus aller Welt ges\u00e4umt. Eine Oase der D\u00fcfte ist das Rosarium mit 120 Arten von Rosen.<\/p>\n<p><img loading=\"lazy\" width=\"2560\" height=\"1707\" class=\"alignleft size-full wp-image-259698\" src=\"https:\/\/www.visitbratislava.com\/wp-content\/uploads\/2023\/09\/Dekan_komparz_leto_Botanicka-zahrada_sklenik_jazierko_Karlova-Ves-scaled.jpg\" alt=\"\" srcset=\"https:\/\/www.visitbratislava.com\/wp-content\/uploads\/2023\/09\/Dekan_komparz_leto_Botanicka-zahrada_sklenik_jazierko_Karlova-Ves-scaled.jpg 2560w, https:\/\/www.visitbratislava.com\/wp-content\/uploads\/2023\/09\/Dekan_komparz_leto_Botanicka-zahrada_sklenik_jazierko_Karlova-Ves-400x267.jpg 400w, https:\/\/www.visitbratislava.com\/wp-content\/uploads\/2023\/09\/Dekan_komparz_leto_Botanicka-zahrada_sklenik_jazierko_Karlova-Ves-800x533.jpg 800w, https:\/\/www.visitbratislava.com\/wp-content\/uploads\/2023\/09\/Dekan_komparz_leto_Botanicka-zahrada_sklenik_jazierko_Karlova-Ves-768x512.jpg 768w, https:\/\/www.visitbratislava.com\/wp-content\/uploads\/2023\/09\/Dekan_komparz_leto_Botanicka-zahrada_sklenik_jazierko_Karlova-Ves-1536x1024.jpg 1536w, https:\/\/www.visitbratislava.com\/wp-content\/uploads\/2023\/09\/Dekan_komparz_leto_Botanicka-zahrada_sklenik_jazierko_Karlova-Ves-2048x1365.jpg 2048w, https:\/\/www.visitbratislava.com\/wp-content\/uploads\/2023\/09\/Dekan_komparz_leto_Botanicka-zahrada_sklenik_jazierko_Karlova-Ves-200x133.jpg 200w\" sizes=\"(max-width: 2560px) 100vw, 2560px\" \/><\/p>\n","protected":false},"excerpt":{"rendered":"<p>Entdecken Sie die sch\u00f6nen Ecken der Stadt, und machen Sie eine Pause im Gr\u00fcnen, mitten im belebten Zentrum. Die Geschichte der Bratislavaer Parks reicht bis ins 18. Jahrhundert zur\u00fcck. Bis heute dienen sie der Entspannung, f\u00fcr Treffen mit Freunden und Sport und sind Schauplatz verschiedener Veranstaltungen. Direkt im Stadtzentrum k\u00f6nnen Sie \u00fcber den Hviezdoslav-Platz spazieren, [&hellip;]<\/p>\n","protected":false},"author":10,"featured_media":105297,"parent":37043,"menu_order":0,"comment_status":"closed","ping_status":"closed","template":"","meta":[],"acf":[],"_links":{"self":[{"href":"https:\/\/www.visitbratislava.com\/de\/wp-json\/wp\/v2\/pages\/37149"}],"collection":[{"href":"https:\/\/www.visitbratislava.com\/de\/wp-json\/wp\/v2\/pages"}],"about":[{"href":"https:\/\/www.visitbratislava.com\/de\/wp-json\/wp\/v2\/types\/page"}],"author":[{"embeddable":true,"href":"https:\/\/www.visitbratislava.com\/de\/wp-json\/wp\/v2\/users\/10"}],"replies":[{"embeddable":true,"href":"https:\/\/www.visitbratislava.com\/de\/wp-json\/wp\/v2\/comments?post=37149"}],"version-history":[{"count":3,"href":"https:\/\/www.visitbratislava.com\/de\/wp-json\/wp\/v2\/pages\/37149\/revisions"}],"predecessor-version":[{"id":271866,"href":"https:\/\/www.visitbratislava.com\/de\/wp-json\/wp\/v2\/pages\/37149\/revisions\/271866"}],"up":[{"embeddable":true,"href":"https:\/\/www.visitbratislava.com\/de\/wp-json\/wp\/v2\/pages\/37043"}],"wp:featuredmedia":[{"embeddable":true,"href":"https:\/\/www.visitbratislava.com\/de\/wp-json\/wp\/v2\/media\/105297"}],"wp:attachment":[{"href":"https:\/\/www.visitbratislava.com\/de\/wp-json\/wp\/v2\/media?parent=37149"}],"curies":[{"name":"wp","href":"https:\/\/api.w.org\/{rel}","templated":true}]}}