{"id":37153,"date":"2017-10-24T15:33:04","date_gmt":"2017-10-24T13:33:04","guid":{"rendered":"https:\/\/www.visitbratislava.com\/?page_id=37153\/"},"modified":"2023-12-01T15:38:17","modified_gmt":"2023-12-01T14:38:17","slug":"entlang-des-donauufers","status":"publish","type":"page","link":"https:\/\/www.visitbratislava.com\/de\/green\/entlang-des-donauufers\/","title":{"rendered":"Entlang des Donauufers"},"content":{"rendered":"<p>Begeben Sie sich auf einen Spaziergang entlang des Donauufers, entdecken Sie Skulpturen von Pers\u00f6nlichkeiten und andere Kunstwerke. \u00dcberqueren Sie den Fluss mittels einer der vier Br\u00fccken, legen Sie sich am anderen Ufer vor dem Einkaufszentrum Eurovea auf den Rasen, und probieren Sie lokale Spezialit\u00e4ten in Restaurants mit Blick auf den Fluss.<\/p>\n<p><img loading=\"lazy\" width=\"5616\" height=\"3744\" class=\"alignnone size-full wp-image-2860\" src=\"https:\/\/www.visitbratislava.com\/wp-content\/uploads\/2014\/11\/Eurovea-3.jpg\" alt=\"\" srcset=\"https:\/\/www.visitbratislava.com\/wp-content\/uploads\/2014\/11\/Eurovea-3.jpg 5616w, https:\/\/www.visitbratislava.com\/wp-content\/uploads\/2014\/11\/Eurovea-3-400x267.jpg 400w, https:\/\/www.visitbratislava.com\/wp-content\/uploads\/2014\/11\/Eurovea-3-800x533.jpg 800w, https:\/\/www.visitbratislava.com\/wp-content\/uploads\/2014\/11\/Eurovea-3-200x133.jpg 200w\" sizes=\"(max-width: 5616px) 100vw, 5616px\" \/><\/p>\n<p>Besuchen Sie den <a href=\"https:\/\/www.visitbratislava.com\/de\/setzt\/botanischer-garten\/\"><strong>Botanischen Garten<\/strong><\/a>\u00a0an der Lafranconi-Br\u00fccke, und gehen Sie weiter bis zum <strong>Karlovesk\u00e9 rameno <\/strong>(Donau-Altarm), einem nat\u00fcrlichen Paradies f\u00fcr Wassersportler, wo Sie auch Boote ausleihen k\u00f6nnen.<\/p>\n<p><img loading=\"lazy\" width=\"2560\" height=\"1707\" class=\"size-full wp-image-231691 aligncenter\" src=\"https:\/\/www.visitbratislava.com\/wp-content\/uploads\/2023\/03\/Vyleti-Vtacik-Karlova-Ves_green_voda_botanicka-zahrada_komparz-scaled.jpg\" alt=\"\" srcset=\"https:\/\/www.visitbratislava.com\/wp-content\/uploads\/2023\/03\/Vyleti-Vtacik-Karlova-Ves_green_voda_botanicka-zahrada_komparz-scaled.jpg 2560w, https:\/\/www.visitbratislava.com\/wp-content\/uploads\/2023\/03\/Vyleti-Vtacik-Karlova-Ves_green_voda_botanicka-zahrada_komparz-400x267.jpg 400w, https:\/\/www.visitbratislava.com\/wp-content\/uploads\/2023\/03\/Vyleti-Vtacik-Karlova-Ves_green_voda_botanicka-zahrada_komparz-800x533.jpg 800w, https:\/\/www.visitbratislava.com\/wp-content\/uploads\/2023\/03\/Vyleti-Vtacik-Karlova-Ves_green_voda_botanicka-zahrada_komparz-768x512.jpg 768w, https:\/\/www.visitbratislava.com\/wp-content\/uploads\/2023\/03\/Vyleti-Vtacik-Karlova-Ves_green_voda_botanicka-zahrada_komparz-1536x1024.jpg 1536w, https:\/\/www.visitbratislava.com\/wp-content\/uploads\/2023\/03\/Vyleti-Vtacik-Karlova-Ves_green_voda_botanicka-zahrada_komparz-2048x1365.jpg 2048w, https:\/\/www.visitbratislava.com\/wp-content\/uploads\/2023\/03\/Vyleti-Vtacik-Karlova-Ves_green_voda_botanicka-zahrada_komparz-200x133.jpg 200w\" sizes=\"(max-width: 2560px) 100vw, 2560px\" \/><\/p>\n<p><em><strong>Empfehlungen:<\/strong><\/em> Aussichtsturm mit Caf\u00e9 auf der <a href=\"https:\/\/www.visitbratislava.com\/de\/setzt\/ufo\/\"><strong>SNP-Br\u00fccke<\/strong><\/a><strong>, <a href=\"https:\/\/www.visitbratislava.com\/de\/setzt\/slowakisches-nationalmuseum-naturwissenschaftliches-museum\/\">Naturkundemuseum<\/a><\/strong> am Vajansk\u00e9-Ufer, <a href=\"https:\/\/www.visitbratislava.com\/de\/setzt\/wasserwerksmuseum\/\"><strong>Wasserbaumuseum<\/strong><\/a> mit Garten am Karlovesk\u00e9 rameno (Donau-Altarm).<\/p>\n<p><img loading=\"lazy\" class=\"alignnone wp-image-106451 size-full\" src=\"https:\/\/www.visitbratislava.com\/wp-content\/uploads\/2021\/06\/Vyleti-Vtacik-Karlova-Ves-08.jpg\" alt=\"\" width=\"800\" height=\"430\" srcset=\"https:\/\/www.visitbratislava.com\/wp-content\/uploads\/2021\/06\/Vyleti-Vtacik-Karlova-Ves-08.jpg 800w, https:\/\/www.visitbratislava.com\/wp-content\/uploads\/2021\/06\/Vyleti-Vtacik-Karlova-Ves-08-400x215.jpg 400w, https:\/\/www.visitbratislava.com\/wp-content\/uploads\/2021\/06\/Vyleti-Vtacik-Karlova-Ves-08-768x413.jpg 768w, https:\/\/www.visitbratislava.com\/wp-content\/uploads\/2021\/06\/Vyleti-Vtacik-Karlova-Ves-08-200x108.jpg 200w\" sizes=\"(max-width: 800px) 100vw, 800px\" \/><\/p>\n<p>Am rechten Ufer zwischen Alter Br\u00fccke und SNP-Br\u00fccke k\u00f6nnen Sie im Gr\u00fcnen entspannen und den Sommer am attraktionsgeladenen st\u00e4dtischen Tyr\u0161\u00e1k-Strand genie\u00dfen. Lassen Sie sich, wenn der Tag zur Neige geht, in einem der Botels von den Wellen der Donau in den Schlaf wiegen.<\/p>\n<p><img loading=\"lazy\" width=\"1418\" height=\"458\" class=\"alignnone size-full wp-image-239866\" src=\"https:\/\/www.visitbratislava.com\/wp-content\/uploads\/2014\/10\/Text-vasho-odseku-9.png\" alt=\"\" srcset=\"https:\/\/www.visitbratislava.com\/wp-content\/uploads\/2014\/10\/Text-vasho-odseku-9.png 1418w, https:\/\/www.visitbratislava.com\/wp-content\/uploads\/2014\/10\/Text-vasho-odseku-9-400x129.png 400w, https:\/\/www.visitbratislava.com\/wp-content\/uploads\/2014\/10\/Text-vasho-odseku-9-800x258.png 800w, https:\/\/www.visitbratislava.com\/wp-content\/uploads\/2014\/10\/Text-vasho-odseku-9-768x248.png 768w, https:\/\/www.visitbratislava.com\/wp-content\/uploads\/2014\/10\/Text-vasho-odseku-9-200x65.png 200w\" sizes=\"(max-width: 1418px) 100vw, 1418px\" \/><\/p>\n<p><a href=\"https:\/\/www.visitbratislava.com\/de\/ihre-reise\/entdecke-die-stadt\/schifffahrt\/\">Genie\u00dfen Sie eine Kreuzfahrt<\/a> unter die Bratislavaer Br\u00fccken hindurch bis hin zur Burg Dev\u00edn oder nach \u010cunovo. Per Schiff gelangen Sie <a href=\"https:\/\/youtu.be\/DRcq6KJxhJ0\">auch von und nach \u00d6sterreich<\/a>. Sie k\u00f6nnen aber auch alleine eine Paddeltour entlang der Altarme der Donau machen und einen Aufenthalt in unber\u00fchrter Natur genie\u00dfen.<\/p>\n<p><img loading=\"lazy\" class=\"alignleft wp-image-99275 size-full\" src=\"https:\/\/www.visitbratislava.com\/wp-content\/uploads\/2021\/01\/danubiana-1-scaled-e1610978658855.jpg\" alt=\"\" width=\"2560\" height=\"1543\" \/><\/p>\n","protected":false},"excerpt":{"rendered":"<p>Die Donau ist ein erfrischender Bestandteil des Stadtzentrums und l\u00e4dt zu Spazierg\u00e4ngen an beiden Ufern ein<\/p>\n","protected":false},"author":10,"featured_media":3397,"parent":37043,"menu_order":0,"comment_status":"closed","ping_status":"closed","template":"","meta":[],"acf":[],"_links":{"self":[{"href":"https:\/\/www.visitbratislava.com\/de\/wp-json\/wp\/v2\/pages\/37153"}],"collection":[{"href":"https:\/\/www.visitbratislava.com\/de\/wp-json\/wp\/v2\/pages"}],"about":[{"href":"https:\/\/www.visitbratislava.com\/de\/wp-json\/wp\/v2\/types\/page"}],"author":[{"embeddable":true,"href":"https:\/\/www.visitbratislava.com\/de\/wp-json\/wp\/v2\/users\/10"}],"replies":[{"embeddable":true,"href":"https:\/\/www.visitbratislava.com\/de\/wp-json\/wp\/v2\/comments?post=37153"}],"version-history":[{"count":4,"href":"https:\/\/www.visitbratislava.com\/de\/wp-json\/wp\/v2\/pages\/37153\/revisions"}],"predecessor-version":[{"id":270010,"href":"https:\/\/www.visitbratislava.com\/de\/wp-json\/wp\/v2\/pages\/37153\/revisions\/270010"}],"up":[{"embeddable":true,"href":"https:\/\/www.visitbratislava.com\/de\/wp-json\/wp\/v2\/pages\/37043"}],"wp:featuredmedia":[{"embeddable":true,"href":"https:\/\/www.visitbratislava.com\/de\/wp-json\/wp\/v2\/media\/3397"}],"wp:attachment":[{"href":"https:\/\/www.visitbratislava.com\/de\/wp-json\/wp\/v2\/media?parent=37153"}],"curies":[{"name":"wp","href":"https:\/\/api.w.org\/{rel}","templated":true}]}}