{"id":37157,"date":"2017-10-24T15:36:31","date_gmt":"2017-10-24T13:36:31","guid":{"rendered":"https:\/\/www.visitbratislava.com\/?page_id=37157\/"},"modified":"2023-12-14T14:21:22","modified_gmt":"2023-12-14T13:21:22","slug":"entspannung-am-wasser","status":"publish","type":"page","link":"https:\/\/www.visitbratislava.com\/de\/green\/entspannung-am-wasser\/","title":{"rendered":"Entspannung am Wasser"},"content":{"rendered":"<h3>In der weiteren Umgebung von Bratislava kommen auch Liebhaber unber\u00fchrter Natur und Wassersportfreunde auf ihre Kosten.<\/h3>\n<p>Ein Teil des die Flussufer s\u00e4umenden Naturschutzgebiets <strong>Dunajsk\u00e9 luhy (Donauwiesen) <\/strong>\u00a0liegt auf dem Gebiet der Hauptstadt. \u00dcberschwemmungsgebiet und Auw\u00e4lder beginnen bereits in der Altstadt am <strong>Pe\u010dniansky les (Pe\u010dniansky-Wald)<\/strong> am rechten Flussufer gegen\u00fcber der Burg, setzen sich dann fort entlang des Deichs in Petr\u017ealka, vorbei am Jarovsk\u00e9 rameno (Donau-Altarm), Rusovsk\u00e9 jazero und \u010cunovsk\u00e9 jazero (Seen) und f\u00fchren bis zum Wassersportareal <strong><a href=\"https:\/\/www.visitbratislava.com\/de\/setzt\/divoka-voda-cunovo-wildwasser-cunovo\/\">Divok\u00e1 voda<\/a> (Wildes Wasser) in \u010cunovo<\/strong>.<\/p>\n<p><em><strong>Empfehlungen:<\/strong><\/em> <a href=\"https:\/\/www.visitbratislava.com\/de\/setzt\/park-rusovce\/\">Rusovsk\u00fd Park<\/a> (Park Rusovce) nahe der Burg, <a href=\"https:\/\/www.visitbratislava.com\/de\/setzt\/antike-gerulata-rusovce\/\">R\u00f6mische Ausgrabungsst\u00e4tte Gerulata<\/a> in Rusovce, Galerie der modernen Kunst <a href=\"https:\/\/www.visitbratislava.com\/de\/setzt\/danubiana-meulensteen-art-museum\/\">Danubiana<\/a> auf der Donauhalbinsel in \u010cunovo, K\u00fcnstlicher Rafting-Kanal in \u010cunovo.<\/p>\n<p><img loading=\"lazy\" width=\"2880\" height=\"1621\" class=\"alignleft size-full wp-image-4611\" src=\"https:\/\/www.visitbratislava.com\/wp-content\/uploads\/2015\/04\/divoka_voda.jpg\" alt=\"\" srcset=\"https:\/\/www.visitbratislava.com\/wp-content\/uploads\/2015\/04\/divoka_voda.jpg 2880w, https:\/\/www.visitbratislava.com\/wp-content\/uploads\/2015\/04\/divoka_voda-400x225.jpg 400w, https:\/\/www.visitbratislava.com\/wp-content\/uploads\/2015\/04\/divoka_voda-800x450.jpg 800w, https:\/\/www.visitbratislava.com\/wp-content\/uploads\/2015\/04\/divoka_voda-200x113.jpg 200w\" sizes=\"(max-width: 2880px) 100vw, 2880px\" \/><\/p>\n<p>Das Biotop Dunajsk\u00e9 luhy (Donauwiesen) mit seiner seltenen Flora und Fauna ist zugleich auch ein international bedeutendes Vogelschutzgebiet. Nehmen Sie an einer gef\u00fchrten Wasservogel-Beobachtungstour teil, und entdecken Sie gesch\u00fctzte Silber- und Graureiher.<\/p>\n<p>Besuchen Sie auch die Erholungsgebiete rund um die Seen mitten in der Stadt \u2013 <strong><a href=\"https:\/\/www.visitbratislava.com\/de\/top10sommer\/\">Zlat\u00e9 piesky<\/a> (Goldener Sand)<\/strong>, Kuchajda und\u00a0Ve\u013ek\u00fd Dra\u017ediak. Entspannen Sie unter B\u00e4umen, relaxen Sie im Wasser, oder probieren Sie Schnellboote, Wasserski oder Wakeboarding, um Ihren Adrenalinspiegel in die H\u00f6he zu treiben.<\/p>\n<p><img loading=\"lazy\" width=\"761\" height=\"483\" class=\"alignleft size-full wp-image-102931\" src=\"https:\/\/www.visitbratislava.com\/wp-content\/uploads\/2016\/03\/Zlate-piesky_2.jpg\" alt=\"\" srcset=\"https:\/\/www.visitbratislava.com\/wp-content\/uploads\/2016\/03\/Zlate-piesky_2.jpg 761w, https:\/\/www.visitbratislava.com\/wp-content\/uploads\/2016\/03\/Zlate-piesky_2-400x254.jpg 400w, https:\/\/www.visitbratislava.com\/wp-content\/uploads\/2016\/03\/Zlate-piesky_2-200x127.jpg 200w\" sizes=\"(max-width: 761px) 100vw, 761px\" \/><\/p>\n","protected":false},"excerpt":{"rendered":"<p>In der weiteren Umgebung von Bratislava kommen auch Liebhaber unber\u00fchrter Natur und Wassersportfreunde auf ihre Kosten. Ein Teil des die Flussufer s\u00e4umenden Naturschutzgebiets Dunajsk\u00e9 luhy (Donauwiesen) \u00a0liegt auf dem Gebiet der Hauptstadt. \u00dcberschwemmungsgebiet und Auw\u00e4lder beginnen bereits in der Altstadt am Pe\u010dniansky les (Pe\u010dniansky-Wald) am rechten Flussufer gegen\u00fcber der Burg, setzen sich dann fort entlang [&hellip;]<\/p>\n","protected":false},"author":10,"featured_media":18354,"parent":37043,"menu_order":0,"comment_status":"closed","ping_status":"closed","template":"","meta":[],"acf":[],"_links":{"self":[{"href":"https:\/\/www.visitbratislava.com\/de\/wp-json\/wp\/v2\/pages\/37157"}],"collection":[{"href":"https:\/\/www.visitbratislava.com\/de\/wp-json\/wp\/v2\/pages"}],"about":[{"href":"https:\/\/www.visitbratislava.com\/de\/wp-json\/wp\/v2\/types\/page"}],"author":[{"embeddable":true,"href":"https:\/\/www.visitbratislava.com\/de\/wp-json\/wp\/v2\/users\/10"}],"replies":[{"embeddable":true,"href":"https:\/\/www.visitbratislava.com\/de\/wp-json\/wp\/v2\/comments?post=37157"}],"version-history":[{"count":2,"href":"https:\/\/www.visitbratislava.com\/de\/wp-json\/wp\/v2\/pages\/37157\/revisions"}],"predecessor-version":[{"id":271886,"href":"https:\/\/www.visitbratislava.com\/de\/wp-json\/wp\/v2\/pages\/37157\/revisions\/271886"}],"up":[{"embeddable":true,"href":"https:\/\/www.visitbratislava.com\/de\/wp-json\/wp\/v2\/pages\/37043"}],"wp:featuredmedia":[{"embeddable":true,"href":"https:\/\/www.visitbratislava.com\/de\/wp-json\/wp\/v2\/media\/18354"}],"wp:attachment":[{"href":"https:\/\/www.visitbratislava.com\/de\/wp-json\/wp\/v2\/media?parent=37157"}],"curies":[{"name":"wp","href":"https:\/\/api.w.org\/{rel}","templated":true}]}}