{"id":37160,"date":"2017-10-24T15:43:49","date_gmt":"2017-10-24T13:43:49","guid":{"rendered":"https:\/\/www.visitbratislava.com\/?page_id=37160\/"},"modified":"2023-12-14T14:18:26","modified_gmt":"2023-12-14T13:18:26","slug":"geschuetzte-natur-fluss-morava","status":"publish","type":"page","link":"https:\/\/www.visitbratislava.com\/de\/green\/geschuetzte-natur-fluss-morava\/","title":{"rendered":"Gesch\u00fctzte Natur am Fluss Morava"},"content":{"rendered":"<p>Der h\u00f6chste Gipfel Bratislavas <strong>Dev\u00ednska Kobyla (Thebener Kogel)<\/strong>\u00a0(514 m \u00fc.d.M.) liegt innerhalb des gleichnamigen Nationalen Naturreservats. Hier darf man sich nur auf den markierten Strecken bewegen. Vom Lehrpfad zwischen Dev\u00ednsk\u00e1 Nov\u00e1 Ves und Dev\u00edn bietet sich eine sch\u00f6ne Aussicht auf den Fluss.<\/p>\n<p><em><strong>Empfehlungen:<\/strong><\/em> Dendrologischer Park mit urspr\u00fcnglichen Geh\u00f6lzen, \u00dcber die Morava-Fahrradbr\u00fccke von Dev\u00ednska Nov\u00e1 Ves nach \u00d6sterreich, Museum des Eisernen Vorhangs, Geologisches Museum in der Natur, <a href=\"https:\/\/www.visitbratislava.com\/de\/setzt\/burg-devin\/\">Burg Dev\u00edn <\/a>und einen Aussichtsturm.<\/p>\n<p><img loading=\"lazy\" width=\"2560\" height=\"1707\" class=\"alignleft size-full wp-image-106400\" src=\"https:\/\/www.visitbratislava.com\/wp-content\/uploads\/2021\/06\/Kovac_BA_Devinska-Nova-Ves_Rozhladna_Devinska-Kobyla_nevyhradna-licencia-scaled.jpg\" alt=\"\" srcset=\"https:\/\/www.visitbratislava.com\/wp-content\/uploads\/2021\/06\/Kovac_BA_Devinska-Nova-Ves_Rozhladna_Devinska-Kobyla_nevyhradna-licencia-scaled.jpg 2560w, https:\/\/www.visitbratislava.com\/wp-content\/uploads\/2021\/06\/Kovac_BA_Devinska-Nova-Ves_Rozhladna_Devinska-Kobyla_nevyhradna-licencia-400x267.jpg 400w, https:\/\/www.visitbratislava.com\/wp-content\/uploads\/2021\/06\/Kovac_BA_Devinska-Nova-Ves_Rozhladna_Devinska-Kobyla_nevyhradna-licencia-800x533.jpg 800w, https:\/\/www.visitbratislava.com\/wp-content\/uploads\/2021\/06\/Kovac_BA_Devinska-Nova-Ves_Rozhladna_Devinska-Kobyla_nevyhradna-licencia-768x512.jpg 768w, https:\/\/www.visitbratislava.com\/wp-content\/uploads\/2021\/06\/Kovac_BA_Devinska-Nova-Ves_Rozhladna_Devinska-Kobyla_nevyhradna-licencia-1536x1024.jpg 1536w, https:\/\/www.visitbratislava.com\/wp-content\/uploads\/2021\/06\/Kovac_BA_Devinska-Nova-Ves_Rozhladna_Devinska-Kobyla_nevyhradna-licencia-2048x1365.jpg 2048w, https:\/\/www.visitbratislava.com\/wp-content\/uploads\/2021\/06\/Kovac_BA_Devinska-Nova-Ves_Rozhladna_Devinska-Kobyla_nevyhradna-licencia-200x133.jpg 200w\" sizes=\"(max-width: 2560px) 100vw, 2560px\" \/><\/p>\n<p>Der Sandsteinh\u00fcgel <strong>Sandberg <\/strong>ist eine Fundstelle mit \u00dcberresten des sich vor 15 Millionen Jahren hier erstreckenden Meeres. Hier hat man 350 Arten von Fossilien pr\u00e4historischer Meerestiere, Muscheln sowie Haiz\u00e4hne und Walwirbel gefunden. Die Sch\u00f6nheit dieser au\u00dfergew\u00f6hnlichen pal\u00e4ontologischen Ausgrabungsst\u00e4tte k\u00f6nnen Sie vom Lehrpfad aus bewundern, der dann weiter der blauen Markierung bis nach Dev\u00edn folgt.<\/p>\n<p><img loading=\"lazy\" width=\"1920\" height=\"1280\" class=\"alignleft size-full wp-image-139675\" src=\"https:\/\/www.visitbratislava.com\/wp-content\/uploads\/2015\/04\/Sandberg_5_1920x1280.jpg\" alt=\"\" srcset=\"https:\/\/www.visitbratislava.com\/wp-content\/uploads\/2015\/04\/Sandberg_5_1920x1280.jpg 1920w, https:\/\/www.visitbratislava.com\/wp-content\/uploads\/2015\/04\/Sandberg_5_1920x1280-400x267.jpg 400w, https:\/\/www.visitbratislava.com\/wp-content\/uploads\/2015\/04\/Sandberg_5_1920x1280-800x533.jpg 800w, https:\/\/www.visitbratislava.com\/wp-content\/uploads\/2015\/04\/Sandberg_5_1920x1280-768x512.jpg 768w, https:\/\/www.visitbratislava.com\/wp-content\/uploads\/2015\/04\/Sandberg_5_1920x1280-1536x1024.jpg 1536w, https:\/\/www.visitbratislava.com\/wp-content\/uploads\/2015\/04\/Sandberg_5_1920x1280-200x133.jpg 200w\" sizes=\"(max-width: 1920px) 100vw, 1920px\" \/><\/p>\n<p><strong>Im Einzugsgebiet des Flusses Morava<\/strong>\u00a0ist ein Komplex aus Auw\u00e4ldern, \u00dcberschwemmungswiesen und einem Netz von Altarmen erhalten geblieben. Dieses \u00d6kosystem ist Zufluchtsort f\u00fcr seltene Pflanzen und Tiere. Gehen Sie V\u00f6gel beobachten, oder besuchen Sie die Morava-Flussniederung, den mit 79 km und 39 Haltepunkten l\u00e4ngsten Lehrpfad in der Slowakei. Auch Radfahrer sind willkommen.<\/p>\n<p><img loading=\"lazy\" width=\"4456\" height=\"1445\" class=\"alignleft size-full wp-image-3140\" src=\"https:\/\/www.visitbratislava.com\/wp-content\/uploads\/2014\/10\/letecka-panorama-devin.jpg\" alt=\"\" srcset=\"https:\/\/www.visitbratislava.com\/wp-content\/uploads\/2014\/10\/letecka-panorama-devin.jpg 4456w, https:\/\/www.visitbratislava.com\/wp-content\/uploads\/2014\/10\/letecka-panorama-devin-400x130.jpg 400w, https:\/\/www.visitbratislava.com\/wp-content\/uploads\/2014\/10\/letecka-panorama-devin-800x259.jpg 800w, https:\/\/www.visitbratislava.com\/wp-content\/uploads\/2014\/10\/letecka-panorama-devin-200x65.jpg 200w\" sizes=\"(max-width: 4456px) 100vw, 4456px\" \/><\/p>\n","protected":false},"excerpt":{"rendered":"<p>Der Eiserne Vorhang entlang des Flusses Morava verhinderte ein Eingreifen des Menschen, sodass der nat\u00fcrliche Reichtum konserviert wurde.<\/p>\n","protected":false},"author":10,"featured_media":18360,"parent":37043,"menu_order":0,"comment_status":"closed","ping_status":"closed","template":"","meta":[],"acf":[],"_links":{"self":[{"href":"https:\/\/www.visitbratislava.com\/de\/wp-json\/wp\/v2\/pages\/37160"}],"collection":[{"href":"https:\/\/www.visitbratislava.com\/de\/wp-json\/wp\/v2\/pages"}],"about":[{"href":"https:\/\/www.visitbratislava.com\/de\/wp-json\/wp\/v2\/types\/page"}],"author":[{"embeddable":true,"href":"https:\/\/www.visitbratislava.com\/de\/wp-json\/wp\/v2\/users\/10"}],"replies":[{"embeddable":true,"href":"https:\/\/www.visitbratislava.com\/de\/wp-json\/wp\/v2\/comments?post=37160"}],"version-history":[{"count":3,"href":"https:\/\/www.visitbratislava.com\/de\/wp-json\/wp\/v2\/pages\/37160\/revisions"}],"predecessor-version":[{"id":271883,"href":"https:\/\/www.visitbratislava.com\/de\/wp-json\/wp\/v2\/pages\/37160\/revisions\/271883"}],"up":[{"embeddable":true,"href":"https:\/\/www.visitbratislava.com\/de\/wp-json\/wp\/v2\/pages\/37043"}],"wp:featuredmedia":[{"embeddable":true,"href":"https:\/\/www.visitbratislava.com\/de\/wp-json\/wp\/v2\/media\/18360"}],"wp:attachment":[{"href":"https:\/\/www.visitbratislava.com\/de\/wp-json\/wp\/v2\/media?parent=37160"}],"curies":[{"name":"wp","href":"https:\/\/api.w.org\/{rel}","templated":true}]}}