{"id":37163,"date":"2017-10-24T15:48:17","date_gmt":"2017-10-24T13:48:17","guid":{"rendered":"https:\/\/www.visitbratislava.com\/?page_id=37163\/"},"modified":"2023-12-14T13:27:44","modified_gmt":"2023-12-14T12:27:44","slug":"auf-zwei-raedern","status":"publish","type":"page","link":"https:\/\/www.visitbratislava.com\/de\/green\/auf-zwei-raedern\/","title":{"rendered":"Auf zwei R\u00e4dern"},"content":{"rendered":"<h3>Bestaunen Sie die Natur vom Fahrradsattel aus! Radeln Sie auf Wegen entlang des Donauufers oder direkt im Wald.<\/h3>\n<p>Vom Stadtzentrum aus gelangen Sie auf zwei internationale <a href=\"https:\/\/www.visitbratislava.com\/de\/ihre-reise\/entdecke-die-stadt\/sport\/radfahren\/\">Radwanderwege<\/a> \u2013 den <strong>Donauradweg (Eurovelo 6)<\/strong> und <strong>den Radweg entlang des Eisernen Vorhangs (Eurovelo 13)<\/strong>. Am Petr\u017ealka-Ufer kommen Sie am Schutzgebiet Pe\u010dniansky les (Pe\u010dniansky-Wald) vorbei und fahren weiter in Richtung \u00d6sterreich. Mit dem Fahrrad gelangen Sie auch auf die <a href=\"https:\/\/www.visitbratislava.com\/de\/setzt\/burg-devin\/\">Burg Dev\u00edn<\/a> oder zur grenz\u00fcberschreitenden Br\u00fccke in Dev\u00ednska Nov\u00e1 Ves. In entgegengesetzter Richtung f\u00fchrt der Radweg aus dem Zentrum von Bratislava entlang des Deichs der Donau nach \u010cunovo in Richtung Ungarn.<\/p>\n<p>Genie\u00dfen Sie eine entspannende Fahrt auf den Wegen des <a href=\"https:\/\/www.visitbratislava.com\/de\/setzt\/waldpark-bratislava\/\"><strong>Bratislavaer Waldparks<\/strong><\/a>, oder nehmen Sie Ihren Mut zusammen, und st\u00fcrzen Sie sich vom <a href=\"https:\/\/www.visitbratislava.com\/de\/setzt\/kamzik\/\"><strong>Kamz\u00edk<\/strong><\/a><strong>\u00a0<\/strong>auf den Downhill-Hindernisstrecken Rohatka und Driver den Berg hinunter. Sie k\u00f6nnen Ihr Fahrrad sogar auf dem Sessellift mitnehmen, der zwischen den Stationen Kamz\u00edk und\u00a0\u017delezn\u00e1 studni\u010dka verkehrt. Sollten Sie Ihren Aufenthalt verl\u00e4ngern, k\u00f6nnen Sie das ganze Kleinkarpaten-Radwegenetz abklappern.<\/p>\n<p><strong>Informationen \u00fcber Radwege:<\/strong>\u00a0<a href=\"https:\/\/en.mapy.cz\/turisticka?x=17.0919517&amp;y=48.1633214&amp;z=12&amp;source=muni&amp;id=22944\">mapy.cz<\/a>,\u00a0<a href=\"http:\/\/www.mapa.cyklokoalicia.sk\">www.mapa.cyklokoalicia.sk<\/a><\/p>\n<p><strong>Fahrradverleihe:<\/strong><\/p>\n<ul>\n<li>Panensk\u00e1 30 (<a href=\"http:\/\/www.bikebratislava.sk\">www.bikebratislava.sk<\/a>)<\/li>\n<li>Istrijsk\u00e1 49 (<a href=\"http:\/\/www.tikdnv.sk\/?lang=en\">www.tikdnv.sk<\/a>)<\/li>\n<\/ul>\n","protected":false},"excerpt":{"rendered":"<p>Bestaunen Sie die Natur vom Fahrradsattel aus! Radeln Sie auf Wegen entlang des Donauufers oder direkt im Wald. Vom Stadtzentrum aus gelangen Sie auf zwei internationale Radwanderwege \u2013 den Donauradweg (Eurovelo 6) und den Radweg entlang des Eisernen Vorhangs (Eurovelo 13). Am Petr\u017ealka-Ufer kommen Sie am Schutzgebiet Pe\u010dniansky les (Pe\u010dniansky-Wald) vorbei und fahren weiter in [&hellip;]<\/p>\n","protected":false},"author":10,"featured_media":3579,"parent":37043,"menu_order":0,"comment_status":"closed","ping_status":"closed","template":"","meta":[],"acf":[],"_links":{"self":[{"href":"https:\/\/www.visitbratislava.com\/de\/wp-json\/wp\/v2\/pages\/37163"}],"collection":[{"href":"https:\/\/www.visitbratislava.com\/de\/wp-json\/wp\/v2\/pages"}],"about":[{"href":"https:\/\/www.visitbratislava.com\/de\/wp-json\/wp\/v2\/types\/page"}],"author":[{"embeddable":true,"href":"https:\/\/www.visitbratislava.com\/de\/wp-json\/wp\/v2\/users\/10"}],"replies":[{"embeddable":true,"href":"https:\/\/www.visitbratislava.com\/de\/wp-json\/wp\/v2\/comments?post=37163"}],"version-history":[{"count":2,"href":"https:\/\/www.visitbratislava.com\/de\/wp-json\/wp\/v2\/pages\/37163\/revisions"}],"predecessor-version":[{"id":271849,"href":"https:\/\/www.visitbratislava.com\/de\/wp-json\/wp\/v2\/pages\/37163\/revisions\/271849"}],"up":[{"embeddable":true,"href":"https:\/\/www.visitbratislava.com\/de\/wp-json\/wp\/v2\/pages\/37043"}],"wp:featuredmedia":[{"embeddable":true,"href":"https:\/\/www.visitbratislava.com\/de\/wp-json\/wp\/v2\/media\/3579"}],"wp:attachment":[{"href":"https:\/\/www.visitbratislava.com\/de\/wp-json\/wp\/v2\/media?parent=37163"}],"curies":[{"name":"wp","href":"https:\/\/api.w.org\/{rel}","templated":true}]}}