{"id":37989,"date":"2017-12-01T15:06:48","date_gmt":"2017-12-01T14:06:48","guid":{"rendered":"https:\/\/www.visitbratislava.com\/?page_id=37989\/"},"modified":"2024-11-29T10:52:38","modified_gmt":"2024-11-29T09:52:38","slug":"top10weihnachten","status":"publish","type":"page","link":"https:\/\/www.visitbratislava.com\/de\/top10weihnachten\/","title":{"rendered":"Top 10 der Weihnachtserlebnisse in Bratislava"},"content":{"rendered":"<p><iframe title=\"YouTube video player\" src=\"https:\/\/www.youtube.com\/embed\/i9OpD4RvYxg?si=APeTVu_48xoMBsGt\" width=\"1120\" height=\"630\" frameborder=\"0\" allowfullscreen=\"allowfullscreen\"><\/iframe><\/p>\n<p><span style=\"font-size: 10pt; color: #ff0000;\"><em>*Bitte beachten Sie: Vom 24. Dezember nachmittags bis zum 26. Dezember sind Gesch\u00e4fte, Restaurants und andere Dienstleister wegen des Nationalfeiertags geschlossen.<\/em><\/span><\/p>\n<p><strong>1. Weihnachtsm\u00e4rkte<\/strong><br \/>\nEchte Winteratmosph\u00e4re kommt bei den j\u00e4hrlichen <a href=\"https:\/\/www.visitbratislava.com\/de\/geschehen\/hauptweihnachtsmarkt\/\" target=\"_blank\" rel=\"noopener\">Weihnachtsm\u00e4rkten<\/a> auf, die auf Hauptplatz,<a href=\"https:\/\/www.visitbratislava.com\/de\/geschehen\/altstaedtische-weihnachtsmaerkte\/\" target=\"_blank\" rel=\"noopener\"> Hviezdoslav-Platz<\/a>, auf der <a href=\"https:\/\/www.visitbratislava.com\/de\/setzt\/burg-bratislava\/\">Bratislavaer Burg<\/a> und auf dem Hof des Alten Rathauses stattfinden. Neben St\u00e4nden, an denen Sie nette Geschenke f\u00fcr Ihre Liebsten finden, und an denen Sie leckeren Punsch und eine Loksche genie\u00dfen k\u00f6nnen, gibt es dort auch die typischen Pressburger Kipferl. Fast jeden Tag erwartet Sie auf mehreren B\u00fchnen ein reichhaltiges Kulturprogramm, das zusammen mit der m\u00e4rchenhaften Dekoration jedem ein L\u00e4cheln auf die Lippen zaubert.<\/p>\n<p><img loading=\"lazy\" class=\"alignnone wp-image-318983 size-full\" src=\"https:\/\/www.visitbratislava.com\/wp-content\/uploads\/2024\/11\/BV-2024_dedo_1080x1080.jpg\" alt=\"\" width=\"1080\" height=\"1080\" srcset=\"https:\/\/www.visitbratislava.com\/wp-content\/uploads\/2024\/11\/BV-2024_dedo_1080x1080.jpg 1080w, https:\/\/www.visitbratislava.com\/wp-content\/uploads\/2024\/11\/BV-2024_dedo_1080x1080-400x400.jpg 400w, https:\/\/www.visitbratislava.com\/wp-content\/uploads\/2024\/11\/BV-2024_dedo_1080x1080-800x800.jpg 800w, https:\/\/www.visitbratislava.com\/wp-content\/uploads\/2024\/11\/BV-2024_dedo_1080x1080-150x150.jpg 150w, https:\/\/www.visitbratislava.com\/wp-content\/uploads\/2024\/11\/BV-2024_dedo_1080x1080-768x768.jpg 768w, https:\/\/www.visitbratislava.com\/wp-content\/uploads\/2024\/11\/BV-2024_dedo_1080x1080-200x200.jpg 200w, https:\/\/www.visitbratislava.com\/wp-content\/uploads\/2024\/11\/BV-2024_dedo_1080x1080-184x184.jpg 184w, https:\/\/www.visitbratislava.com\/wp-content\/uploads\/2024\/11\/BV-2024_dedo_1080x1080-384x384.jpg 384w, https:\/\/www.visitbratislava.com\/wp-content\/uploads\/2024\/11\/BV-2024_dedo_1080x1080-784x784.jpg 784w\" sizes=\"(max-width: 1080px) 100vw, 1080px\" \/><\/p>\n<p><strong>2. Weihnachtsstra\u00dfenbahn<\/strong><br \/>\nDie Atmosph\u00e4re der sch\u00f6nsten Zeit im Jahr vollendet die spezielle erleuchtete Stra\u00dfenbahn. Das Interieur im Rot und Gr\u00fcn mit Kamin und spielenden Weihnachtsliedern erinnert an h\u00e4usliche Gem\u00fctlichkeit. Letztes Jahr wurde es zu einem der sch\u00f6nsten Europas gek\u00fcrt. Es ist in der Regel von Nikolaustag fast bis zum Ende des Jahres.<\/p>\n<p><img loading=\"lazy\" class=\"alignleft wp-image-265346 size-large\" src=\"https:\/\/www.visitbratislava.com\/wp-content\/uploads\/2023\/10\/Matej-Kovac_2016_tunel_vianoce_elektricka_nevyhradna-licencia-800x533.jpg\" alt=\"\" width=\"800\" height=\"533\" srcset=\"https:\/\/www.visitbratislava.com\/wp-content\/uploads\/2023\/10\/Matej-Kovac_2016_tunel_vianoce_elektricka_nevyhradna-licencia-800x533.jpg 800w, https:\/\/www.visitbratislava.com\/wp-content\/uploads\/2023\/10\/Matej-Kovac_2016_tunel_vianoce_elektricka_nevyhradna-licencia-400x267.jpg 400w, https:\/\/www.visitbratislava.com\/wp-content\/uploads\/2023\/10\/Matej-Kovac_2016_tunel_vianoce_elektricka_nevyhradna-licencia-768x512.jpg 768w, https:\/\/www.visitbratislava.com\/wp-content\/uploads\/2023\/10\/Matej-Kovac_2016_tunel_vianoce_elektricka_nevyhradna-licencia-1536x1024.jpg 1536w, https:\/\/www.visitbratislava.com\/wp-content\/uploads\/2023\/10\/Matej-Kovac_2016_tunel_vianoce_elektricka_nevyhradna-licencia-2048x1365.jpg 2048w, https:\/\/www.visitbratislava.com\/wp-content\/uploads\/2023\/10\/Matej-Kovac_2016_tunel_vianoce_elektricka_nevyhradna-licencia-200x133.jpg 200w\" sizes=\"(max-width: 800px) 100vw, 800px\" \/><\/p>\n<p><strong>3. Silvester mit Feuerwerk \u00fcber der Donau<\/strong><br \/>\nWas gibt es Besseres, als das Jahr beim Anblick eines gro\u00dfartigen, sich \u00fcber unserer Burg erhebenden und sich im Wasser der Donau spiegelnden Feuerwerks ausklingen zu lassen? Feiern Sie die Ankunft des neuen Jahres mit Freunden im Zentrum der Stadt, wo ein Musikprogramm auf Sie wartet, oder sto\u00dfen Sie im Komfort eines unserer Hotels oder Restaurants an, die zum Jahresende mit speziellen Angebotspaketen aufwarten.<\/p>\n<p><img loading=\"lazy\" class=\"alignleft wp-image-265340 size-large\" src=\"https:\/\/www.visitbratislava.com\/wp-content\/uploads\/2023\/10\/AK_ohnostroj_silvester_02-800x533.jpg\" alt=\"\" width=\"800\" height=\"533\" srcset=\"https:\/\/www.visitbratislava.com\/wp-content\/uploads\/2023\/10\/AK_ohnostroj_silvester_02-800x533.jpg 800w, https:\/\/www.visitbratislava.com\/wp-content\/uploads\/2023\/10\/AK_ohnostroj_silvester_02-400x267.jpg 400w, https:\/\/www.visitbratislava.com\/wp-content\/uploads\/2023\/10\/AK_ohnostroj_silvester_02-768x512.jpg 768w, https:\/\/www.visitbratislava.com\/wp-content\/uploads\/2023\/10\/AK_ohnostroj_silvester_02-1536x1024.jpg 1536w, https:\/\/www.visitbratislava.com\/wp-content\/uploads\/2023\/10\/AK_ohnostroj_silvester_02-2048x1366.jpg 2048w, https:\/\/www.visitbratislava.com\/wp-content\/uploads\/2023\/10\/AK_ohnostroj_silvester_02-200x133.jpg 200w\" sizes=\"(max-width: 800px) 100vw, 800px\" \/><\/p>\n<p><strong>4. Ein Spaziergang entlang der Uferpromenade<\/strong><br \/>\nDer Blick auf die langsam flie\u00dfende Donau wirkt bei einem Spaziergang an der Uferpromenade \u00e4u\u00dferst entspannend. Genie\u00dfen Sie auf dem Weg die wundersch\u00f6ne Umgebung des River Parks oder des neu gebauten Mehrzweckzentrums Zuckermandel, wo Sie bei einer Tasse Kaffee oder kleinen Snacks entspannen k\u00f6nnen. Und wenn Sie nicht mehr k\u00f6nnen, setzen Sie sich in eine unserer modernen Stra\u00dfenbahnen und lassen Sie sich durch unser zauberhaftes Stadtzentrum fahren \u2013 mit unserer <a href=\"http:\/\/card.visitbratislava.com\/de\/bratislava-card-de\/\">Bratislava CARD<\/a> sind die \u00f6ffentlichen Verkehrsmittel f\u00fcr Sie kostenlos<\/p>\n<p><img loading=\"lazy\" width=\"800\" height=\"530\" class=\"aligncenter size-large wp-image-28197\" src=\"https:\/\/www.visitbratislava.com\/wp-content\/uploads\/2017\/01\/ba-1-of-54-800x530.jpg\" alt=\"\" srcset=\"https:\/\/www.visitbratislava.com\/wp-content\/uploads\/2017\/01\/ba-1-of-54-800x530.jpg 800w, https:\/\/www.visitbratislava.com\/wp-content\/uploads\/2017\/01\/ba-1-of-54-400x265.jpg 400w, https:\/\/www.visitbratislava.com\/wp-content\/uploads\/2017\/01\/ba-1-of-54-768x509.jpg 768w, https:\/\/www.visitbratislava.com\/wp-content\/uploads\/2017\/01\/ba-1-of-54-200x132.jpg 200w\" sizes=\"(max-width: 800px) 100vw, 800px\" \/><\/p>\n<p><strong>5. Ausblick vom Alten Rathaus und Michaels Turm<\/strong><br \/>\nDie Aussicht auf den sch\u00f6n erleuchteten Hauptplatz mit seinem majest\u00e4tischen Weihnachtsbaum und auf das winterliche Bratislava ist wirklich unbezahlbar. Zudem sind die erw\u00e4hnten Weihnachtsm\u00e4rkte nur einen Katzensprung entfernt, sodass sie sich nach dem Aufstieg auf den Rathausturm mit einer kr\u00e4ftigen Mahlzeit st\u00e4rken k\u00f6nnen. Gemeinsam mit dem Michalsk\u00e1-Turm werden die \u00d6ffnungszeiten verl\u00e4ngert, damit Sie das<a href=\"https:\/\/www.visitbratislava.com\/de\/geschehen\/blick-auf-das-weihnachtliche-bratislava-vom-rathausturm-und-vom-michaelsturm\/\" target=\"_blank\" rel=\"noopener\"> weihnachtliche Bratislava von oben genie\u00dfen<\/a> k\u00f6nnen.<\/p>\n<p><img loading=\"lazy\" width=\"800\" height=\"533\" class=\"aligncenter size-large wp-image-3897\" src=\"https:\/\/www.visitbratislava.com\/wp-content\/uploads\/2014\/10\/Vianocne-trhy-s-panoramou-06B9866-800x533.jpg\" alt=\"\" srcset=\"https:\/\/www.visitbratislava.com\/wp-content\/uploads\/2014\/10\/Vianocne-trhy-s-panoramou-06B9866-800x533.jpg 800w, https:\/\/www.visitbratislava.com\/wp-content\/uploads\/2014\/10\/Vianocne-trhy-s-panoramou-06B9866-400x267.jpg 400w, https:\/\/www.visitbratislava.com\/wp-content\/uploads\/2014\/10\/Vianocne-trhy-s-panoramou-06B9866-200x133.jpg 200w\" sizes=\"(max-width: 800px) 100vw, 800px\" \/><\/p>\n<p><strong>6. Gastronomische Erlebnisse<\/strong><br \/>\nDer Winter in Bratislava hat auch in kulinarischer Hinsicht einiges zu bieten. Es ist die perfekte Zeit, typischen Spezialit\u00e4ten wie G\u00e4nsebraten, Kalbssteak oder deftigen Gulasch zu probieren, die Sie nicht nur satt machen, sondern bei kaltem Wetter auch aufw\u00e4rmen. Zur Auswahl stehen Restaurants wie <a href=\"https:\/\/www.visitbratislava.com\/de\/setzt\/savoy-restaurant\/\">Savoy<\/a>, <a href=\"https:\/\/www.visitbratislava.com\/de\/setzt\/zylinder\/\">Zylinder<\/a> oder <a href=\"https:\/\/www.visitbratislava.com\/de\/setzt\/restaurant-leberfinger\/\">Leberfinger<\/a>, und Sie werden gewiss begeistert sein vom Gourmet-Erlebnis, das ihnen diese Orte bieten.<\/p>\n<p><img loading=\"lazy\" width=\"800\" height=\"533\" class=\"size-large wp-image-266383 aligncenter\" src=\"https:\/\/www.visitbratislava.com\/wp-content\/uploads\/2023\/11\/IMG_1282-800x533.jpg\" alt=\"\" srcset=\"https:\/\/www.visitbratislava.com\/wp-content\/uploads\/2023\/11\/IMG_1282-800x533.jpg 800w, https:\/\/www.visitbratislava.com\/wp-content\/uploads\/2023\/11\/IMG_1282-400x267.jpg 400w, https:\/\/www.visitbratislava.com\/wp-content\/uploads\/2023\/11\/IMG_1282-768x512.jpg 768w, https:\/\/www.visitbratislava.com\/wp-content\/uploads\/2023\/11\/IMG_1282-1536x1024.jpg 1536w, https:\/\/www.visitbratislava.com\/wp-content\/uploads\/2023\/11\/IMG_1282-2048x1365.jpg 2048w, https:\/\/www.visitbratislava.com\/wp-content\/uploads\/2023\/11\/IMG_1282-200x133.jpg 200w\" sizes=\"(max-width: 800px) 100vw, 800px\" \/> <span style=\"font-size: 8pt;\"><em>Foto: Loclub<\/em><\/span><\/p>\n<p><strong>7. Kulturelle Erlebnisse<\/strong><br \/>\nG\u00f6nnen Sie sich zum Aufw\u00e4rmen und um Ihrem Geist etwas Gutes zu tun, ein kulturelles Erlebnis in Form einer Oper, eines Balletts oder eines Konzerts im <a href=\"https:\/\/www.visitbratislava.com\/de\/setzt\/slowakisches-nationaltheater\/\">Slowakischen Nationaltheater<\/a> oder der <a href=\"https:\/\/www.visitbratislava.com\/de\/setzt\/slovenska-filharmonia\/\">Slowakischen Philharmonie<\/a>. Bis Januar erwartet Sie im Slowakisches Nationaltheater die Wintergeschichte <a href=\"https:\/\/www.visitbratislava.com\/de\/geschehen\/pjotr-iljitsch-tschaikowski-nussknacker\/\">Nussknacker<\/a>, die auch f\u00fcr die Kleinsten geeignet ist. Verpassen sollten Sie keines der Kammer- oder symphonischen Konzerte in der Slowakischen Philharmonie.<\/p>\n<p><img loading=\"lazy\" width=\"800\" height=\"533\" class=\"aligncenter size-large wp-image-2790\" src=\"https:\/\/www.visitbratislava.com\/wp-content\/uploads\/2014\/11\/balet_snd_luskacik-800x533.jpg\" alt=\"\" srcset=\"https:\/\/www.visitbratislava.com\/wp-content\/uploads\/2014\/11\/balet_snd_luskacik-800x533.jpg 800w, https:\/\/www.visitbratislava.com\/wp-content\/uploads\/2014\/11\/balet_snd_luskacik-400x267.jpg 400w, https:\/\/www.visitbratislava.com\/wp-content\/uploads\/2014\/11\/balet_snd_luskacik-200x133.jpg 200w\" sizes=\"(max-width: 800px) 100vw, 800px\" \/><\/p>\n<p><strong>8. Design-Shopping<\/strong><br \/>\nZur Weihnachtszeit (und zweifelsohne auch zur Nachweihnachtszeit) geh\u00f6ren Eink\u00e4ufe f\u00fcr Familie und Freunden. Die besten Geschenke warten auf Sie im <a href=\"https:\/\/www.visitbratislava.com\/de\/setzt\/eurovea\/\">Eurovea<\/a>, direkt am Ufer der Donau, wo Sie die Wahl haben unter vielen internationalen, aber auch slowakischen Marken. Ganz egal, ob Sie jemanden mit Design-Socken, B\u00fcchern oder k\u00f6stlichem Kaffee beschenken wollen \u2013 im Eurovea finden Sie alles. Falls Sie etwas Originelles suchen, werden Sie gewiss in Design-L\u00e4den wie <a href=\"https:\/\/www.visitbratislava.com\/de\/setzt\/slavica\/\">Sl\u00e1vica<\/a> oder <a href=\"https:\/\/www.visitbratislava.com\/de\/setzt\/slowatch\/\">Slowatch<\/a> im Zentrum der Stadt f\u00fcndig..<\/p>\n<p><img loading=\"lazy\" width=\"800\" height=\"533\" class=\"aligncenter size-large wp-image-2579\" src=\"https:\/\/www.visitbratislava.com\/wp-content\/uploads\/2014\/10\/eurovea-danube-fest-2-800x533.jpg\" alt=\"\" srcset=\"https:\/\/www.visitbratislava.com\/wp-content\/uploads\/2014\/10\/eurovea-danube-fest-2-800x533.jpg 800w, https:\/\/www.visitbratislava.com\/wp-content\/uploads\/2014\/10\/eurovea-danube-fest-2-400x267.jpg 400w, https:\/\/www.visitbratislava.com\/wp-content\/uploads\/2014\/10\/eurovea-danube-fest-2-200x133.jpg 200w\" sizes=\"(max-width: 800px) 100vw, 800px\" \/><\/p>\n<p><strong>9. Kunst<\/strong><br \/>\nDie Winterzeit ist wie geschaffen, um eines unserer zahlreichen Museen oder eine der Galerien zu besuchen, die auch anspruchsvolle Kunstliebhaber zufriedenstellen. Im <a href=\"https:\/\/www.visitbratislava.com\/de\/setzt\/danubiana-meulensteen-art-museum\/\">Danubiana Meulesteen Art Museum<\/a> l\u00e4uft drei Ausstellungen. In der <a href=\"https:\/\/www.visitbratislava.com\/de\/setzt\/galerie-nedbalka-2\/\">Galerie Nedbalka<\/a> wartet auf Sie ein Blick auf d bekannten Legenden der slowakischen modernen Kunst. Viele Ausstellungen, die das Auge erfreuen, finden Sie auch in st\u00e4dtischen Museen und Galerien, zu denen Sie dank unserer <a href=\"http:\/\/card.visitbratislava.com\/de\/bratislava-card-de\/\">Bratislava CARD<\/a> freien Eintritt haben.<\/p>\n<p><img loading=\"lazy\" class=\"alignleft wp-image-265352 size-large\" src=\"https:\/\/www.visitbratislava.com\/wp-content\/uploads\/2023\/10\/K_Srnec_2022_Bratislava_nevyhradna-licencia_socha_primacialny-palac_night-800x600.jpg\" alt=\"\" width=\"800\" height=\"600\" srcset=\"https:\/\/www.visitbratislava.com\/wp-content\/uploads\/2023\/10\/K_Srnec_2022_Bratislava_nevyhradna-licencia_socha_primacialny-palac_night-800x600.jpg 800w, https:\/\/www.visitbratislava.com\/wp-content\/uploads\/2023\/10\/K_Srnec_2022_Bratislava_nevyhradna-licencia_socha_primacialny-palac_night-400x300.jpg 400w, https:\/\/www.visitbratislava.com\/wp-content\/uploads\/2023\/10\/K_Srnec_2022_Bratislava_nevyhradna-licencia_socha_primacialny-palac_night-768x576.jpg 768w, https:\/\/www.visitbratislava.com\/wp-content\/uploads\/2023\/10\/K_Srnec_2022_Bratislava_nevyhradna-licencia_socha_primacialny-palac_night-1536x1152.jpg 1536w, https:\/\/www.visitbratislava.com\/wp-content\/uploads\/2023\/10\/K_Srnec_2022_Bratislava_nevyhradna-licencia_socha_primacialny-palac_night-2048x1536.jpg 2048w, https:\/\/www.visitbratislava.com\/wp-content\/uploads\/2023\/10\/K_Srnec_2022_Bratislava_nevyhradna-licencia_socha_primacialny-palac_night-200x150.jpg 200w, https:\/\/www.visitbratislava.com\/wp-content\/uploads\/2023\/10\/K_Srnec_2022_Bratislava_nevyhradna-licencia_socha_primacialny-palac_night-600x450.jpg 600w\" sizes=\"(max-width: 800px) 100vw, 800px\" \/><\/p>\n<p><strong>10. Parks<\/strong><br \/>\nG\u00f6nnen Sie sich Entspannung in der Umgebung unserer Parks und G\u00e4rten, die auch in der Winterzeit, ganz gleich, ob mit oder ohne Schneedecke, zauberhaft sind. Besuchen Sie den <a href=\"https:\/\/www.visitbratislava.com\/de\/setzt\/waldpark-bratislava\/\">Waldpark<\/a> Bratislava, wo Sie per <a href=\"https:\/\/www.visitbratislava.com\/de\/setzt\/skilift-zelezna-studienka\/\">Seilbahn<\/a> vom <a href=\"https:\/\/www.visitbratislava.com\/de\/setzt\/zelezna-studienka\/\">Eisenbrunnen (\u017delezn\u00e1 studni\u010dka)<\/a> auf den H\u00fcgel <a href=\"https:\/\/www.visitbratislava.com\/de\/setzt\/kamzik\/\">Kamz\u00edk<\/a> gelangen oder mit Blick auf die sch\u00f6ne verschneite Landschaft Schlitten fahren k\u00f6nnen. Der von der Innenstadt nur wenige Minuten entfernte <a href=\"https:\/\/www.visitbratislava.com\/de\/setzt\/waldpark\/\">Bergpark<\/a> bietet Raum f\u00fcr echte, ungest\u00f6rte Winterruhe. Willkommen in einem winterlichen M\u00e4rchenland.<\/p>\n<p><img loading=\"lazy\" class=\"wp-image-265366 size-large\" src=\"https:\/\/www.visitbratislava.com\/wp-content\/uploads\/2023\/10\/Kovac-Televizny-veza-Kamzik-zima-dron-800x472.jpg\" alt=\"\" width=\"800\" height=\"472\" srcset=\"https:\/\/www.visitbratislava.com\/wp-content\/uploads\/2023\/10\/Kovac-Televizny-veza-Kamzik-zima-dron-800x472.jpg 800w, https:\/\/www.visitbratislava.com\/wp-content\/uploads\/2023\/10\/Kovac-Televizny-veza-Kamzik-zima-dron-400x236.jpg 400w, https:\/\/www.visitbratislava.com\/wp-content\/uploads\/2023\/10\/Kovac-Televizny-veza-Kamzik-zima-dron-768x454.jpg 768w, https:\/\/www.visitbratislava.com\/wp-content\/uploads\/2023\/10\/Kovac-Televizny-veza-Kamzik-zima-dron-1536x907.jpg 1536w, https:\/\/www.visitbratislava.com\/wp-content\/uploads\/2023\/10\/Kovac-Televizny-veza-Kamzik-zima-dron-2048x1209.jpg 2048w, https:\/\/www.visitbratislava.com\/wp-content\/uploads\/2023\/10\/Kovac-Televizny-veza-Kamzik-zima-dron-200x118.jpg 200w\" sizes=\"(max-width: 800px) 100vw, 800px\" \/><\/p>\n<p><a href=\"https:\/\/card.visitbratislava.com\/de\/discount\/\"><img loading=\"lazy\" class=\"alignnone wp-image-319752 size-full\" src=\"https:\/\/www.visitbratislava.com\/wp-content\/uploads\/2024\/11\/Banner-web-DE-Weihnachten-Ba-CARD.gif\" alt=\"\" width=\"1418\" height=\"458\" \/><\/a><\/p>\n<p><iframe src=\"https:\/\/www.google.com\/maps\/d\/embed?mid=16gg20bjF12lYKGZN_7U6FFgyyMFMx15k\" width=\"1000\" height=\"480\" data-mce-fragment=\"1\"><\/iframe><\/p>\n","protected":false},"excerpt":{"rendered":"<p>W\u00e4hlen Sie aus dem Besten, was Bratislava am Ende des Jahres zu bieten hat. M\u00e4rkte, Aussichten, K\u00f6stlichkeiten und mehr.<\/p>\n","protected":false},"author":10,"featured_media":265346,"parent":0,"menu_order":0,"comment_status":"closed","ping_status":"closed","template":"","meta":[],"acf":[],"_links":{"self":[{"href":"https:\/\/www.visitbratislava.com\/de\/wp-json\/wp\/v2\/pages\/37989"}],"collection":[{"href":"https:\/\/www.visitbratislava.com\/de\/wp-json\/wp\/v2\/pages"}],"about":[{"href":"https:\/\/www.visitbratislava.com\/de\/wp-json\/wp\/v2\/types\/page"}],"author":[{"embeddable":true,"href":"https:\/\/www.visitbratislava.com\/de\/wp-json\/wp\/v2\/users\/10"}],"replies":[{"embeddable":true,"href":"https:\/\/www.visitbratislava.com\/de\/wp-json\/wp\/v2\/comments?post=37989"}],"version-history":[{"count":20,"href":"https:\/\/www.visitbratislava.com\/de\/wp-json\/wp\/v2\/pages\/37989\/revisions"}],"predecessor-version":[{"id":319888,"href":"https:\/\/www.visitbratislava.com\/de\/wp-json\/wp\/v2\/pages\/37989\/revisions\/319888"}],"wp:featuredmedia":[{"embeddable":true,"href":"https:\/\/www.visitbratislava.com\/de\/wp-json\/wp\/v2\/media\/265346"}],"wp:attachment":[{"href":"https:\/\/www.visitbratislava.com\/de\/wp-json\/wp\/v2\/media?parent=37989"}],"curies":[{"name":"wp","href":"https:\/\/api.w.org\/{rel}","templated":true}]}}