{"id":380678,"date":"2025-11-12T11:25:35","date_gmt":"2025-11-12T10:25:35","guid":{"rendered":"https:\/\/www.visitbratislava.com\/program-bratislavskych-vianocnych-trhov\/"},"modified":"2025-11-14T19:09:20","modified_gmt":"2025-11-14T18:09:20","slug":"weihnachtsmaerkte-programm","status":"publish","type":"page","link":"https:\/\/www.visitbratislava.com\/de\/weihnachtsmaerkte-programm\/","title":{"rendered":"Bratislavaer Weihnachtsm\u00e4rkte 2025: Programm &#038; Highlights"},"content":{"rendered":"<p data-start=\"231\" data-end=\"456\">Auch in diesem Jahr bietet der Weihnachtsmarkt in Bratislava ein abwechslungsreiches Programm. Musik, Traditionen und festliche Stimmung erwarten die Besucher. Die feierliche Er\u00f6ffnung auf dem <a href=\"http:\/\/google.com\/maps\/place\/Hlavn\u00e9+n\u00e1mestie,+811+01+Bratislava\/@48.1507895,17.1118991,5852m\/data=!3m1!1e3!4m6!3m5!1s0x476c8942d9d3e967:0x656cdc06704e4773!8m2!3d48.1436775!4d17.1083432!16s%2Fm%2F025x_nl?entry=ttu&amp;g_ep=EgoyMDI1MTEwOS4wIKXMDSoASAFQAw%3D%3D\" target=\"_blank\" rel=\"noopener\"><strong data-start=\"369\" data-end=\"388\"><span dir=\"auto\" style=\"vertical-align: inherit;\">Hlavn\u00e9 n\u00e1mestie<\/span><\/strong><\/a> und dem <a href=\"https:\/\/www.google.com\/maps\/place\/Hviezdoslavovo+n%C3%A1mestie\/@48.1413987,17.1045901,732m\/data=!3m2!1e3!4b1!4m6!3m5!1s0x476c8967e2f68acf:0x2a28ba3963c6ad1d!8m2!3d48.1413951!4d17.107165!16s%2Fm%2F027kb0j?entry=ttu&amp;g_ep=EgoyMDI1MTEwOS4wIKXMDSoASAFQAw%3D%3D\" target=\"_blank\" rel=\"noopener\"><strong data-start=\"391\" data-end=\"418\"><span dir=\"auto\" style=\"vertical-align: inherit;\">Hviezdoslavovo n\u00e1mestie<\/span><\/strong><\/a> findet am 28. <strong>November 2025 um 18:00 Uhr<\/strong> statt.<\/p>\n<h2 data-start=\"231\" data-end=\"456\">Worauf Sie sich freuen k\u00f6nnen<\/h2>\n<p data-start=\"666\" data-end=\"954\">Auf der <a href=\"https:\/\/www.google.com\/maps\/place\/Franti%C5%A1k%C3%A1nske+n%C3%A1mestie,+811+01+Bratislava\/@48.1440589,17.1080979,217m\/data=!3m1!1e3!4m6!3m5!1s0x476c89433214f2a7:0xabf18451547a7d1e!8m2!3d48.1443975!4d17.1081119!16s%2Fg%2F120jfhl7?entry=ttu&amp;g_ep=EgoyMDI1MTEwOS4wIKXMDSoASAFQAw%3D%3D\" target=\"_blank\" rel=\"noopener\"><strong><span dir=\"auto\" style=\"vertical-align: inherit;\">Franti\u0161k\u00e1nske n\u00e1mestie<\/span><\/strong><\/a> gibt es freitags, samstags und sonntags Konzerte und Auff\u00fchrungen. Diese sorgen f\u00fcr eine lebhafte und festliche Atmosph\u00e4re in der Innenstadt. Zu den H\u00f6hepunkten z\u00e4hlen die Auftritte der <strong>Gypsy Devils am 3. Januar 2026<\/strong> und von <strong>Katka Ko\u0161\u010dov\u00e1 am 6. Januar 2026<\/strong>.<\/p>\n<p><a class=\"cta-button\" href=\"https:\/\/bratislavskevianoce.sk\/program\/\" target=\"_blank\" rel=\"noopener\"><span dir=\"auto\" style=\"vertical-align: inherit;\"><span dir=\"auto\" style=\"vertical-align: inherit;\">Das vollst\u00e4ndige Programm von Bratislava Weihnachten<\/span><\/span><\/a><\/p>\n<div class=\"grid-container\"><div class=\"grid-container__item\"><div class=\"block\"><a href=\"https:\/\/www.visitbratislava.com\/wp-content\/uploads\/2025\/11\/Ciganski-diabli-800x400.jpg\" data-fancybox=\"gallery\" data-caption=\"Cig\u00e1nski Diabli\"><div class=\"background\"><img src=\"https:\/\/www.visitbratislava.com\/wp-content\/uploads\/2025\/11\/Ciganski-diabli-800x400.jpg\" alt=\"foto\"\/><\/div><div class=\"overlay filter-blue\"><div class=\"content\"><span class=\"zoom-button\"><\/span><\/div><\/div><\/a><\/div><\/div><div class=\"grid-container__item\"><div class=\"block\"><a href=\"https:\/\/www.visitbratislava.com\/wp-content\/uploads\/2025\/11\/Katka-Koscova-800x400.jpg\" data-fancybox=\"gallery\" data-caption=\"Katka Ko\u0161\u010dov\u00e1\"><div class=\"background\" style=\"background-image: url(https:\/\/www.visitbratislava.com\/wp-content\/uploads\/2025\/11\/Katka-Koscova-800x400.jpg)\"><\/div><div class=\"overlay filter-green\"><div class=\"content\"><span class=\"zoom-button\"><\/span><\/div><\/div><\/a><\/div><\/div><div class=\"grid-container__item more\"><\/div><\/div>\n<p data-start=\"750\" data-end=\"1028\">Auf dem Hviezdoslavovo-Platz erwartet die Besucher ein vielf\u00e4ltiges Kulturprogramm. Bands wie <strong>Puding pani Elvisovej<\/strong>\u00a0oder das <strong>Orchester Jean Valjean<\/strong> treten auf. Abends sorgen DJs f\u00fcr Unterhaltung. Im Dezember treten zudem Kinderch\u00f6re auf und verbreiten weihnachtliche Stimmung.<\/p>\n<p data-start=\"750\" data-end=\"1028\"><img loading=\"lazy\" width=\"800\" height=\"400\" class=\"alignnone size-large wp-image-369927\" src=\"https:\/\/www.visitbratislava.com\/wp-content\/uploads\/2025\/11\/detsky-zbor-800x400.jpg\" alt=\"\" srcset=\"https:\/\/www.visitbratislava.com\/wp-content\/uploads\/2025\/11\/detsky-zbor-800x400.jpg 800w, https:\/\/www.visitbratislava.com\/wp-content\/uploads\/2025\/11\/detsky-zbor-400x200.jpg 400w, https:\/\/www.visitbratislava.com\/wp-content\/uploads\/2025\/11\/detsky-zbor-768x384.jpg 768w, https:\/\/www.visitbratislava.com\/wp-content\/uploads\/2025\/11\/detsky-zbor-200x100.jpg 200w, https:\/\/www.visitbratislava.com\/wp-content\/uploads\/2025\/11\/detsky-zbor-384x192.jpg 384w, https:\/\/www.visitbratislava.com\/wp-content\/uploads\/2025\/11\/detsky-zbor-784x392.jpg 784w, https:\/\/www.visitbratislava.com\/wp-content\/uploads\/2025\/11\/detsky-zbor.jpg 1200w\" sizes=\"(max-width: 800px) 100vw, 800px\" \/><\/p>\n<h2 data-start=\"750\" data-end=\"1028\"><strong><span dir=\"auto\" style=\"vertical-align: inherit;\"><span dir=\"auto\" style=\"vertical-align: inherit;\">Die Feierlichkeiten zum Nikolaustag und der Jahresendlauf ziehen durch die Stadt.<\/span><\/span><\/strong><\/h2>\n<p data-start=\"1233\" data-end=\"1647\">Die Feierlichkeiten zum Nikolaustag und der Jahresendlauf ziehen ebenfalls durch die Stadt. Der traditionelle Nikolauslaternenumzug findet am 5. Dezember 2025 um 16:15 Uhr im <a href=\"https:\/\/www.google.com\/maps\/place\/Sad+Janka+Kr%C3%A1%C4%BEa\/@48.135249,17.1071565,732m\/data=!3m2!1e3!4b1!4m6!3m5!1s0x476c896b613c78c3:0xf2853fcb91ce053c!8m2!3d48.1352454!4d17.1097314!16s%2Fm%2F02r05pm?entry=ttu&amp;g_ep=EgoyMDI1MTEwOS4wIKXMDSoASAFQAw%3D%3D\" target=\"_blank\" rel=\"noopener\"><strong data-start=\"1032\" data-end=\"1052\"><span dir=\"auto\" style=\"vertical-align: inherit;\">Janka-Kr\u00e1\u013ea-Park<\/span><\/strong><\/a> statt. Verschiedene Nikolausveranstaltungen f\u00fcr Kinder und Erwachsene begleiten den Umzug. H\u00f6hepunkt der Feierlichkeiten ist der Silvesterlauf \u00fcber die Br\u00fccken von Bratislava. Er bringt Sportler und Aktivurlauber zusammen.<\/p>\n<div class=\"grid-container\"><div class=\"grid-container__item\"><div class=\"block\"><a href=\"https:\/\/www.visitbratislava.com\/wp-content\/uploads\/2025\/11\/Mikulas-sad-janka-krala-800x400.jpg\" data-fancybox=\"gallery\" data-caption=\"mikul\u00e1\u0161ky lampi\u00f3nov\u00fd sprievod - sad janka kr\u00e1\u013ea\"><div class=\"background\"><img src=\"https:\/\/www.visitbratislava.com\/wp-content\/uploads\/2025\/11\/Mikulas-sad-janka-krala-800x400.jpg\" alt=\"foto\"\/><\/div><div class=\"overlay filter-blue\"><div class=\"content\"><span class=\"zoom-button\"><\/span><\/div><\/div><\/a><\/div><\/div><div class=\"grid-container__item\"><div class=\"block\"><a href=\"https:\/\/www.visitbratislava.com\/wp-content\/uploads\/2025\/11\/silvestrovky-beh-cez-bratislavske-mosty-800x400.jpg\" data-fancybox=\"gallery\" data-caption=\"Silvestrovsk\u00fd beh cez bratislavsk\u00e9 mosty\"><div class=\"background\" style=\"background-image: url(https:\/\/www.visitbratislava.com\/wp-content\/uploads\/2025\/11\/silvestrovky-beh-cez-bratislavske-mosty-800x400.jpg)\"><\/div><div class=\"overlay filter-green\"><div class=\"content\"><span class=\"zoom-button\"><\/span><\/div><\/div><\/a><\/div><\/div><div class=\"grid-container__item more\"><\/div><\/div>\n<h2 data-start=\"1649\" data-end=\"1693\"><strong data-start=\"1649\" data-end=\"1693\">Spa\u00df auf den M\u00e4rkten und neue Erlebnisse<\/strong><\/h2>\n<p data-start=\"1695\" data-end=\"2114\">Die M\u00e4rkte bieten St\u00e4nde mit traditionellem Kunsthandwerk, K\u00f6stlichkeiten und Punsch. Auf dem Hauptplatz pr\u00e4sentieren sich die Meister der \u00da\u013dUV. Au\u00dferdem sind auf beiden Pl\u00e4tzen gemeinn\u00fctzige Organisationen mit wohlt\u00e4tigen Aktionen und kreativen Geschenken vertreten. Die Weihnachtsb\u00e4ume pr\u00e4gen das Bild: Auf dem Hviezdoslavovo-Platz steht eine 12 Meter hohe Fichte, auf dem Hauptplatz eine 11 Meter hohe Kaukasustanne.<\/p>\n<p data-start=\"1368\" data-end=\"1780\"><img loading=\"lazy\" width=\"800\" height=\"532\" class=\"alignnone size-large wp-image-369945\" src=\"https:\/\/www.visitbratislava.com\/wp-content\/uploads\/2025\/11\/vianocny-stromcek-hlavny-vianocny-trh-800x532.jpg\" alt=\"\" srcset=\"https:\/\/www.visitbratislava.com\/wp-content\/uploads\/2025\/11\/vianocny-stromcek-hlavny-vianocny-trh-800x532.jpg 800w, https:\/\/www.visitbratislava.com\/wp-content\/uploads\/2025\/11\/vianocny-stromcek-hlavny-vianocny-trh-400x266.jpg 400w, https:\/\/www.visitbratislava.com\/wp-content\/uploads\/2025\/11\/vianocny-stromcek-hlavny-vianocny-trh-768x511.jpg 768w, https:\/\/www.visitbratislava.com\/wp-content\/uploads\/2025\/11\/vianocny-stromcek-hlavny-vianocny-trh-200x133.jpg 200w, https:\/\/www.visitbratislava.com\/wp-content\/uploads\/2025\/11\/vianocny-stromcek-hlavny-vianocny-trh.jpg 1024w\" sizes=\"(max-width: 800px) 100vw, 800px\" \/><\/p>\n<p data-start=\"2116\" data-end=\"2398\">Der Eintritt ist gr\u00f6\u00dftenteils frei, mit wenigen Ausnahmen, wie z.\u202fB. beim Silvesterlauf. W\u00e4hrend der gesamten Adventszeit verwandelt sich Bratislava in eine m\u00e4rchenhafte Stadt voller Lichter, Musik und guter Laune. Sie ist ideal f\u00fcr Treffen mit Familie und Freunden vor Weihnachten.<\/p>\n<p data-start=\"1782\" data-end=\"2109\"><span style=\"font-size: 8pt;\"><span dir=\"auto\" style=\"vertical-align: inherit;\"><span dir=\"auto\" style=\"vertical-align: inherit;\">Bildquelle: BKIS<\/span><\/span><\/span><\/p>\n","protected":false},"excerpt":{"rendered":"<p>Bratislavaer Weihnachtsm\u00e4rkte bieten ein vielf\u00e4ltiges Programm mit Konzerten, Auff\u00fchrungen und festlicher Atmosph\u00e4re im Herzen der Hauptstadt.<\/p>\n","protected":false},"author":23,"featured_media":375315,"parent":0,"menu_order":0,"comment_status":"closed","ping_status":"closed","template":"","meta":[],"acf":[],"_links":{"self":[{"href":"https:\/\/www.visitbratislava.com\/de\/wp-json\/wp\/v2\/pages\/380678"}],"collection":[{"href":"https:\/\/www.visitbratislava.com\/de\/wp-json\/wp\/v2\/pages"}],"about":[{"href":"https:\/\/www.visitbratislava.com\/de\/wp-json\/wp\/v2\/types\/page"}],"author":[{"embeddable":true,"href":"https:\/\/www.visitbratislava.com\/de\/wp-json\/wp\/v2\/users\/23"}],"replies":[{"embeddable":true,"href":"https:\/\/www.visitbratislava.com\/de\/wp-json\/wp\/v2\/comments?post=380678"}],"version-history":[{"count":3,"href":"https:\/\/www.visitbratislava.com\/de\/wp-json\/wp\/v2\/pages\/380678\/revisions"}],"predecessor-version":[{"id":380691,"href":"https:\/\/www.visitbratislava.com\/de\/wp-json\/wp\/v2\/pages\/380678\/revisions\/380691"}],"wp:featuredmedia":[{"embeddable":true,"href":"https:\/\/www.visitbratislava.com\/de\/wp-json\/wp\/v2\/media\/375315"}],"wp:attachment":[{"href":"https:\/\/www.visitbratislava.com\/de\/wp-json\/wp\/v2\/media?parent=380678"}],"curies":[{"name":"wp","href":"https:\/\/api.w.org\/{rel}","templated":true}]}}