{"id":40067,"date":"2018-03-07T17:18:33","date_gmt":"2018-03-07T16:18:33","guid":{"rendered":"https:\/\/www.visitbratislava.com\/?page_id=40067\/"},"modified":"2023-06-21T12:09:10","modified_gmt":"2023-06-21T10:09:10","slug":"top10wielocal","status":"publish","type":"page","link":"https:\/\/www.visitbratislava.com\/de\/top10wielocal\/","title":{"rendered":"10 Top Sachen, welche die Einheimischen machen"},"content":{"rendered":"<p>Werden Sie f\u00fcr kurze Zeit zu \u00a0Bratislavaer und entdecken Sie unsere beliebteste Pl\u00e4tze oder Erlebnisse von der Kunst, \u00fcber prachtvolles \u00a0Panorama bis zur k\u00f6stlichen \u00a0Gastronomie.<\/p>\n<h3>1. Reisen Sie mit st\u00e4dtischem Massenverkehr<\/h3>\n<p>S\u00e4mtliche Winkel vom Bratislava entdecken Sie am besten mit st\u00e4dtischem Massenverkehr. Steigen Sie in eine der modernen Stra\u00dfenbahnen ein, welche Sie \u00fcber die neu aufgebaute Alte Br\u00fccke in die Parkanlage \u2013 <a href=\"https:\/\/www.visitbratislava.com\/de\/setzt\/sad-janka-krala\/\" target=\"_blank\" rel=\"noopener noreferrer\">Sad Janka Kr\u00e1\u013ea<\/a> mitnimmt, oder machen Sie eine Rundfahrt auf dem Kai durch den Tunnel, f\u00fchrend direkt unter unserer Burg \u2013 mit <a href=\"http:\/\/card.visitbratislava.com\/de\/\" target=\"_blank\" rel=\"noopener noreferrer\">Bratislava CARD<\/a> ist das Reisen in der ganzen Region Bratislava gratis.<\/p>\n<h3><img loading=\"lazy\" width=\"800\" height=\"533\" class=\"alignnone size-large wp-image-71982\" src=\"https:\/\/www.visitbratislava.com\/wp-content\/uploads\/2019\/12\/Kov\u00e1\u010d-Star\u00fd-most-elektri\u010dka-hrad-pou\u017eit\u00e9-ako-ob\u00e1lka-Public-transport-800x533.jpg\" alt=\"\" srcset=\"https:\/\/www.visitbratislava.com\/wp-content\/uploads\/2019\/12\/Kov\u00e1\u010d-Star\u00fd-most-elektri\u010dka-hrad-pou\u017eit\u00e9-ako-ob\u00e1lka-Public-transport-800x533.jpg 800w, https:\/\/www.visitbratislava.com\/wp-content\/uploads\/2019\/12\/Kov\u00e1\u010d-Star\u00fd-most-elektri\u010dka-hrad-pou\u017eit\u00e9-ako-ob\u00e1lka-Public-transport-400x267.jpg 400w, https:\/\/www.visitbratislava.com\/wp-content\/uploads\/2019\/12\/Kov\u00e1\u010d-Star\u00fd-most-elektri\u010dka-hrad-pou\u017eit\u00e9-ako-ob\u00e1lka-Public-transport-768x512.jpg 768w, https:\/\/www.visitbratislava.com\/wp-content\/uploads\/2019\/12\/Kov\u00e1\u010d-Star\u00fd-most-elektri\u010dka-hrad-pou\u017eit\u00e9-ako-ob\u00e1lka-Public-transport-200x133.jpg 200w\" sizes=\"(max-width: 800px) 100vw, 800px\" \/><\/h3>\n<h3><span style=\"font-size: 16px;\">2. Besuchen Sie die moderne Galerie an der Donau<\/span><\/h3>\n<p>K\u00f6nnen Sie sich einen besser verbrachten Nachmittag vorstellen, wie in der Gesellschaft moderner Kunst in prachtvoller Galerie direkt an der Donau? In <a href=\"https:\/\/www.visitbratislava.com\/de\/setzt\/danubiana-meulensteen-art-museum\/\" target=\"_blank\" rel=\"noopener noreferrer\">Danubiana Meulensteen Art Musuem<\/a> bezaubern Sie nicht nur durchleuchtete R\u00e4ume voll der besten modernen Kunst aus der ganzen Welt, sondern auch die eigene Lokalit\u00e4t. Die Galerie erreichen Sie in 20 Minuten mit dem Bus vom Zentrum Bratislava oder in der Sommersaison stilvoll mit dem Schiff.<\/p>\n<p><img loading=\"lazy\" class=\"alignnone wp-image-18354 size-large\" src=\"https:\/\/www.visitbratislava.com\/wp-content\/uploads\/2016\/06\/Danubiana_peninsula-800x482.jpg\" alt=\"\" width=\"800\" height=\"482\" srcset=\"https:\/\/www.visitbratislava.com\/wp-content\/uploads\/2016\/06\/Danubiana_peninsula-800x482.jpg 800w, https:\/\/www.visitbratislava.com\/wp-content\/uploads\/2016\/06\/Danubiana_peninsula-400x241.jpg 400w, https:\/\/www.visitbratislava.com\/wp-content\/uploads\/2016\/06\/Danubiana_peninsula-768x463.jpg 768w, https:\/\/www.visitbratislava.com\/wp-content\/uploads\/2016\/06\/Danubiana_peninsula-200x121.jpg 200w\" sizes=\"(max-width: 800px) 100vw, 800px\" \/><\/p>\n<h3>3. Kaufen Sie ein und ruhen sich aus in Eurovea<\/h3>\n<p>Modernes Shopping-Center mit der Lage auf dem Donau-Kai ist voll von Design-Gesch\u00e4ften und Caf\u00e9s.\u00a0\u00a0 Ob Sie sich f\u00fcr Eink\u00e4ufe im gro\u00dfen Stil entscheiden oder die fast mediterrane Atmosph\u00e4re der Caf\u00e9s und Restaurants mit prachtvollem Blick auf unseren Fluss entscheiden, der Besuch von <a href=\"https:\/\/www.visitbratislava.com\/de\/setzt\/eurovea\/\" target=\"_blank\" rel=\"noopener noreferrer\">Eurovea<\/a> ist immer eine gute Idee.<\/p>\n<p><img loading=\"lazy\" width=\"800\" height=\"533\" class=\"alignnone size-large wp-image-2579\" src=\"https:\/\/www.visitbratislava.com\/wp-content\/uploads\/2014\/10\/eurovea-danube-fest-2-800x533.jpg\" alt=\"\" srcset=\"https:\/\/www.visitbratislava.com\/wp-content\/uploads\/2014\/10\/eurovea-danube-fest-2-800x533.jpg 800w, https:\/\/www.visitbratislava.com\/wp-content\/uploads\/2014\/10\/eurovea-danube-fest-2-400x267.jpg 400w, https:\/\/www.visitbratislava.com\/wp-content\/uploads\/2014\/10\/eurovea-danube-fest-2-200x133.jpg 200w\" sizes=\"(max-width: 800px) 100vw, 800px\" \/><\/p>\n<h3>4. Probieren Sie gesundes Essen am Mileti\u010dka-Markt oder in der <a href=\"https:\/\/www.visitbratislava.com\/de\/setzt\/die-alte-markthalle\/\">Alten Markthalle<\/a><\/h3>\n<p>F\u00fcr ein v\u00f6llig lokales und ungew\u00f6hnliches Erlebnis, besuchen Sie den Freilichtmarkt Mileti\u010dova (bekannt als &#8222;Mileti\u010dka&#8220;), wo Sie frisches Gem\u00fcse, Obst und andere Produkte von lokalen Bauern besorgen k\u00f6nnen. Im Stadzentrum begr\u00fc\u00dft Sie die Alte Markthalle, wo regelm\u00e4\u00dfig Streetfood-Veranstaltungen stattfinden. Jeden Samstag k\u00f6nnen Sie gesunde Lebensmittel kaufen; oder an einem der vielen einzigartigen Konzerte teilnehmen, die hier verlaufen.<\/p>\n<p><img loading=\"lazy\" width=\"800\" height=\"533\" class=\"alignnone size-large wp-image-72354\" src=\"https:\/\/www.visitbratislava.com\/wp-content\/uploads\/2015\/03\/Kov\u00e1\u010d-Star\u00e1-tr\u017enica-800x533.jpg\" alt=\"\" srcset=\"https:\/\/www.visitbratislava.com\/wp-content\/uploads\/2015\/03\/Kov\u00e1\u010d-Star\u00e1-tr\u017enica-800x533.jpg 800w, https:\/\/www.visitbratislava.com\/wp-content\/uploads\/2015\/03\/Kov\u00e1\u010d-Star\u00e1-tr\u017enica-400x267.jpg 400w, https:\/\/www.visitbratislava.com\/wp-content\/uploads\/2015\/03\/Kov\u00e1\u010d-Star\u00e1-tr\u017enica-768x512.jpg 768w, https:\/\/www.visitbratislava.com\/wp-content\/uploads\/2015\/03\/Kov\u00e1\u010d-Star\u00e1-tr\u017enica-200x133.jpg 200w\" sizes=\"(max-width: 800px) 100vw, 800px\" \/><\/p>\n<h3>5. Ruhen Sie sich in GMB aus<\/h3>\n<p>Direkt im Herzen der Stadt finden Sie zwei \u00a0historische Geb\u00e4ude, <a href=\"https:\/\/www.visitbratislava.com\/de\/setzt\/palais-mirbach\/\" target=\"_blank\" rel=\"noopener noreferrer\">Palais Mirbach<\/a> und <a href=\"https:\/\/www.visitbratislava.com\/de\/setzt\/palais-palffy\/\" target=\"_blank\" rel=\"noopener noreferrer\">Palais P\u00e1lffy<\/a>, die zum Heim der <a href=\"https:\/\/www.visitbratislava.com\/de\/setzt\/galerie-der-stadt-bratislava-mirbach-palais-palffy-palais\/\" target=\"_blank\" rel=\"noopener noreferrer\">Galerie der Stadt Bratislava<\/a> wurden. Neben den st\u00e4ndigen Gem\u00e4lde- und Plastikexpositionen\u00a0 aus der Barockepoche erwarten Sie einzigartige Ausstellungen diverser Kunstformen, welchen auch die eigentlichen Geb\u00e4ude neuen Ma\u00df geben. Im Palais P\u00e1lffy finden Sie auch die <a href=\"https:\/\/www.visitbratislava.com\/de\/setzt\/passage-ein-werk-von-matej-kren\/\" target=\"_blank\" rel=\"noopener noreferrer\">Matej Kr\u00e9n Passage<\/a>, wo Sie sich allein, oder mit Freunden und der Familie unterhalten k\u00f6nnen. Noch dazu ist mit der <a href=\"http:\/\/card.visitbratislava.com\/de\/\" target=\"_blank\" rel=\"noopener noreferrer\">Bratislava CARD<\/a> der Eintritt in die GMB gratis.<\/p>\n<figure id=\"attachment_27865\" aria-describedby=\"caption-attachment-27865\" style=\"width: 800px\" class=\"wp-caption alignnone\"><img loading=\"lazy\" class=\"wp-image-27867 size-large\" src=\"https:\/\/www.visitbratislava.com\/wp-content\/uploads\/2017\/01\/gmb-pasaz-mateja-krena-_banner_na_titulku-800x360.jpg\" alt=\"\" width=\"800\" height=\"360\" srcset=\"https:\/\/www.visitbratislava.com\/wp-content\/uploads\/2017\/01\/gmb-pasaz-mateja-krena-_banner_na_titulku.jpg 800w, https:\/\/www.visitbratislava.com\/wp-content\/uploads\/2017\/01\/gmb-pasaz-mateja-krena-_banner_na_titulku-400x180.jpg 400w, https:\/\/www.visitbratislava.com\/wp-content\/uploads\/2017\/01\/gmb-pasaz-mateja-krena-_banner_na_titulku-768x346.jpg 768w, https:\/\/www.visitbratislava.com\/wp-content\/uploads\/2017\/01\/gmb-pasaz-mateja-krena-_banner_na_titulku-200x90.jpg 200w, https:\/\/www.visitbratislava.com\/wp-content\/uploads\/2017\/01\/gmb-pasaz-mateja-krena-_banner_na_titulku-184x84.jpg 184w\" sizes=\"(max-width: 800px) 100vw, 800px\" \/><figcaption id=\"caption-attachment-27865\" class=\"wp-caption-text\">Passage (ein werk von Matej Kr\u00e9n)<\/figcaption><\/figure>\n<h3>6. Essen Sie zu Mittag in Flagship<\/h3>\n<p>Eins der gr\u00f6\u00dften Restaurants in Bratislava mit einmaligem Interieur \u00fcbertr\u00e4gt Sie in der Zeit zur\u00fcck. Neben der traditionellen slowakischen K\u00fcche und Bratislavaer-K\u00fcche k\u00f6nnen Sie das vorz\u00fcgliche Tagesmen\u00fc kosten. Wir empfehlen einen Abendbesuch mit Freunden um die einzigartige Atmosph\u00e4re der historischen R\u00e4ume in der Kombination mit k\u00f6stlicher Gastronomie zu erleben.<\/p>\n<p><img loading=\"lazy\" width=\"800\" height=\"533\" class=\"alignnone size-large wp-image-96851\" src=\"https:\/\/www.visitbratislava.com\/wp-content\/uploads\/2020\/11\/Dekan_komparz_leto_Flagship-restaurant_food_jedlo_exterier_deti_cafe_family_rodina-800x533.jpg\" alt=\"\" srcset=\"https:\/\/www.visitbratislava.com\/wp-content\/uploads\/2020\/11\/Dekan_komparz_leto_Flagship-restaurant_food_jedlo_exterier_deti_cafe_family_rodina-800x533.jpg 800w, https:\/\/www.visitbratislava.com\/wp-content\/uploads\/2020\/11\/Dekan_komparz_leto_Flagship-restaurant_food_jedlo_exterier_deti_cafe_family_rodina-400x267.jpg 400w, https:\/\/www.visitbratislava.com\/wp-content\/uploads\/2020\/11\/Dekan_komparz_leto_Flagship-restaurant_food_jedlo_exterier_deti_cafe_family_rodina-768x512.jpg 768w, https:\/\/www.visitbratislava.com\/wp-content\/uploads\/2020\/11\/Dekan_komparz_leto_Flagship-restaurant_food_jedlo_exterier_deti_cafe_family_rodina-1536x1024.jpg 1536w, https:\/\/www.visitbratislava.com\/wp-content\/uploads\/2020\/11\/Dekan_komparz_leto_Flagship-restaurant_food_jedlo_exterier_deti_cafe_family_rodina-2048x1365.jpg 2048w, https:\/\/www.visitbratislava.com\/wp-content\/uploads\/2020\/11\/Dekan_komparz_leto_Flagship-restaurant_food_jedlo_exterier_deti_cafe_family_rodina-200x133.jpg 200w\" sizes=\"(max-width: 800px) 100vw, 800px\" \/><\/p>\n<h3>7. Kaffeklatsch im Urban House<\/h3>\n<p>Gem\u00fctliche Atmosph\u00e4re, phantastischer Kaffee und Kuchen, dazu zuverl\u00e4ssige WiFi\u00a0 und fabelhaftes Personal \u2013 Besuch im <a href=\"https:\/\/www.visitbratislava.com\/de\/setzt\/urban-house\/\" target=\"_blank\" rel=\"noopener noreferrer\">Urban House<\/a> ist wahres Erlebnis. Es kommt nicht darauf an,\u00a0 ob Sie sich nach l\u00e4ngerer Zeit mit Freunden treffen m\u00f6chten oder einen Platz zum Arbeiten suchen, wo auch Ihr vierbeiniger Schatz Zutritt hat, Urban House auf der Laurinsk\u00e1 Strasse begr\u00fc\u00dft Sie mit offenen Armen. Neben erstklassigem Kaffee oder Tee, befinden sich im Angebot auch leckere H\u00e4ppchen oder Handwerksbier.<\/p>\n<p><img loading=\"lazy\" width=\"800\" height=\"533\" class=\"alignnone size-large wp-image-14067\" src=\"https:\/\/www.visitbratislava.com\/wp-content\/uploads\/2015\/05\/urban6-800x533.jpg\" alt=\"\" srcset=\"https:\/\/www.visitbratislava.com\/wp-content\/uploads\/2015\/05\/urban6-800x533.jpg 800w, https:\/\/www.visitbratislava.com\/wp-content\/uploads\/2015\/05\/urban6-400x267.jpg 400w, https:\/\/www.visitbratislava.com\/wp-content\/uploads\/2015\/05\/urban6-768x512.jpg 768w, https:\/\/www.visitbratislava.com\/wp-content\/uploads\/2015\/05\/urban6-200x133.jpg 200w, https:\/\/www.visitbratislava.com\/wp-content\/uploads\/2015\/05\/urban6.jpg 960w\" sizes=\"(max-width: 800px) 100vw, 800px\" \/><\/p>\n<h3>8. Kosten Sie das Bier im B\u00fcrgerbrauhaus<\/h3>\n<p>Beim k\u00e4lteren Wetter besuchen viele von uns das <a href=\"https:\/\/www.visitbratislava.com\/de\/setzt\/stadtbrauerei-in-bratislava\/\" target=\"_blank\" rel=\"noopener\">B\u00fcrgerbrauhaus<\/a>, das eigenes Bier\u00a0 unter Anwendung modernster Technologien kocht.\u00a0 Zum Treffen mit Freunden kosten Sie eine der traditionellen Bierspezialit\u00e4ten, wie eingelegtes Hermelin oder hausgemachten Brimsen-Aufstrich. Nach dem Besuch des hervorragenden \u00a0Restaurants werden Sie sich alle zehn Finger ablecken.<\/p>\n<p><img loading=\"lazy\" width=\"800\" height=\"535\" class=\"alignnone size-large wp-image-14739\" src=\"https:\/\/www.visitbratislava.com\/wp-content\/uploads\/2016\/04\/dunajska1-800x535.jpg\" alt=\"\" srcset=\"https:\/\/www.visitbratislava.com\/wp-content\/uploads\/2016\/04\/dunajska1-800x535.jpg 800w, https:\/\/www.visitbratislava.com\/wp-content\/uploads\/2016\/04\/dunajska1-400x268.jpg 400w, https:\/\/www.visitbratislava.com\/wp-content\/uploads\/2016\/04\/dunajska1-768x514.jpg 768w, https:\/\/www.visitbratislava.com\/wp-content\/uploads\/2016\/04\/dunajska1-200x134.jpg 200w, https:\/\/www.visitbratislava.com\/wp-content\/uploads\/2016\/04\/dunajska1.jpg 960w\" sizes=\"(max-width: 800px) 100vw, 800px\" \/><\/p>\n<h3>9. Finden Sie Kultur in der Oper des Slowakischen Nationaltheaters<\/h3>\n<p>Einzigartiges Erlebnis f\u00fcr die Einwohner, sowie auch Besucher ist eindeutig der Abend, verbracht im historischen Geb\u00e4ude des Slowakischen Nationaltheaters. Jede Saison bietet das <a href=\"https:\/\/www.visitbratislava.com\/de\/setzt\/slowakisches-nationaltheater\/\" target=\"_blank\" rel=\"noopener noreferrer\">Slowakische Nationaltheater<\/a> weltbekannte Opern- und Ballettvorstellungen,\u00a0 welchen das eigentliche Barockinterieur \u00a0die Glorie der alten Zeiten gibt. Vorstellungen, wie \u201eNabucco\u201c vom Verdi oder \u201eSchwanensee\u201c vom Tschaikowsky sind fabelhafte Idee f\u00fcr einen romantischen Abend in Bratislava.<\/p>\n<p><img loading=\"lazy\" width=\"800\" height=\"533\" class=\"alignnone size-large wp-image-4039\" src=\"https:\/\/www.visitbratislava.com\/wp-content\/uploads\/2014\/10\/eurovea-snd-hrad-800x533.jpg\" alt=\"\" srcset=\"https:\/\/www.visitbratislava.com\/wp-content\/uploads\/2014\/10\/eurovea-snd-hrad-800x533.jpg 800w, https:\/\/www.visitbratislava.com\/wp-content\/uploads\/2014\/10\/eurovea-snd-hrad-400x267.jpg 400w, https:\/\/www.visitbratislava.com\/wp-content\/uploads\/2014\/10\/eurovea-snd-hrad-200x133.jpg 200w\" sizes=\"(max-width: 800px) 100vw, 800px\" \/><\/p>\n<h3>10. Aktive Erholung bei Kuchajda<\/h3>\n<p>Kuchajda ist ein Natursee in der N\u00e4he der Eisenbahnstation Bratislava \u2013 Nov\u00e8 Mesto und Shopping-Centers Polus. Dieses Kultur-, Sport und Erholungsareal ist nicht nur ein beliebtes Naturfreibad, sondern auch meist gesuchtes Ort zur Erholung s\u00e4mtlicher Bewohner vom Bratislava. Es lebt markant schon im Fr\u00fchling auf. Kuchajda bietet diverse Sportsm\u00f6glichkeiten \u2013 Basketball-, Fu\u00dfball-, Volleyball und Petangspielplatz. Kinderspielpl\u00e4tze und Caf\u00e9s gew\u00e4hren angenehme Erholung f\u00fcr die ganze Familie. Die Seeufer haben Form eines Strandes und die Fl\u00e4che in der Seeumgebung ist mit Rasen bedeckt.<\/p>\n<figure id=\"attachment_40461\" aria-describedby=\"caption-attachment-40461\" style=\"width: 800px\" class=\"wp-caption alignnone\"><img loading=\"lazy\" class=\"wp-image-40461\" src=\"https:\/\/www.visitbratislava.com\/wp-content\/uploads\/2018\/03\/kuchajda.jpg\" alt=\"\" width=\"800\" height=\"534\" srcset=\"https:\/\/www.visitbratislava.com\/wp-content\/uploads\/2018\/03\/kuchajda.jpg 640w, https:\/\/www.visitbratislava.com\/wp-content\/uploads\/2018\/03\/kuchajda-400x267.jpg 400w, https:\/\/www.visitbratislava.com\/wp-content\/uploads\/2018\/03\/kuchajda-200x133.jpg 200w\" sizes=\"(max-width: 800px) 100vw, 800px\" \/><figcaption id=\"caption-attachment-40461\" class=\"wp-caption-text\">Foto: www.citylife.sk<\/figcaption><\/figure>\n","protected":false},"excerpt":{"rendered":"<p>Werden Sie f\u00fcr kurze Zeit zu \u00a0Bratislavaer und entdecken Sie unsere beliebteste Pl\u00e4tze oder Erlebnisse von der Kunst, \u00fcber prachtvolles \u00a0Panorama bis zur k\u00f6stlichen \u00a0Gastronomie. 1. Reisen Sie mit st\u00e4dtischem Massenverkehr S\u00e4mtliche Winkel vom Bratislava entdecken Sie am besten mit st\u00e4dtischem Massenverkehr. Steigen Sie in eine der modernen Stra\u00dfenbahnen ein, welche Sie \u00fcber die neu [&hellip;]<\/p>\n","protected":false},"author":21,"featured_media":40060,"parent":0,"menu_order":0,"comment_status":"closed","ping_status":"closed","template":"","meta":[],"acf":[],"_links":{"self":[{"href":"https:\/\/www.visitbratislava.com\/de\/wp-json\/wp\/v2\/pages\/40067"}],"collection":[{"href":"https:\/\/www.visitbratislava.com\/de\/wp-json\/wp\/v2\/pages"}],"about":[{"href":"https:\/\/www.visitbratislava.com\/de\/wp-json\/wp\/v2\/types\/page"}],"author":[{"embeddable":true,"href":"https:\/\/www.visitbratislava.com\/de\/wp-json\/wp\/v2\/users\/21"}],"replies":[{"embeddable":true,"href":"https:\/\/www.visitbratislava.com\/de\/wp-json\/wp\/v2\/comments?post=40067"}],"version-history":[{"count":5,"href":"https:\/\/www.visitbratislava.com\/de\/wp-json\/wp\/v2\/pages\/40067\/revisions"}],"predecessor-version":[{"id":247517,"href":"https:\/\/www.visitbratislava.com\/de\/wp-json\/wp\/v2\/pages\/40067\/revisions\/247517"}],"wp:featuredmedia":[{"embeddable":true,"href":"https:\/\/www.visitbratislava.com\/de\/wp-json\/wp\/v2\/media\/40060"}],"wp:attachment":[{"href":"https:\/\/www.visitbratislava.com\/de\/wp-json\/wp\/v2\/media?parent=40067"}],"curies":[{"name":"wp","href":"https:\/\/api.w.org\/{rel}","templated":true}]}}