{"id":40260,"date":"2018-03-13T14:19:44","date_gmt":"2018-03-13T13:19:44","guid":{"rendered":"https:\/\/www.visitbratislava.com\/?page_id=40260\/"},"modified":"2026-03-26T18:03:17","modified_gmt":"2026-03-26T17:03:17","slug":"top10fruehlingserlebnisse","status":"publish","type":"page","link":"https:\/\/www.visitbratislava.com\/de\/top10fruehlingserlebnisse\/","title":{"rendered":"Top 10 Fr\u00fchlingsaktivit\u00e4ten in Bratislava"},"content":{"rendered":"<h2>1. Besichtigung vom Bratislava<\/h2>\n<p style=\"text-align: left;\">Der Fr\u00fchling ist ideal f\u00fcr Stadtf\u00fchrungen. Zu Fu\u00df, abends oder mit dem Fahrrad oder der Stadtbahn k\u00f6nnen Besucher Bratislavas Geschichte, Architektur und Sehensw\u00fcrdigkeiten entdecken. Die F\u00fchrungen sind f\u00fcr alle geeignet. W\u00e4hlen Sie aus verschiedenen <a href=\"https:\/\/www.visitbratislava.com\/de\/was-lauft\/besichtigung\/\" target=\"_blank\" rel=\"noopener\">Touren<\/a>.<\/p>\n<p><img loading=\"lazy\" class=\"wp-image-35567 aligncenter\" src=\"https:\/\/www.visitbratislava.com\/wp-content\/uploads\/2017\/08\/taste-bratislava-city-tour-titulna.png\" alt=\"\" width=\"800\" height=\"410\" srcset=\"https:\/\/www.visitbratislava.com\/wp-content\/uploads\/2017\/08\/taste-bratislava-city-tour-titulna.png 700w, https:\/\/www.visitbratislava.com\/wp-content\/uploads\/2017\/08\/taste-bratislava-city-tour-titulna-400x205.png 400w, https:\/\/www.visitbratislava.com\/wp-content\/uploads\/2017\/08\/taste-bratislava-city-tour-titulna-200x103.png 200w\" sizes=\"(max-width: 800px) 100vw, 800px\" \/><\/p>\n<h2>2. Bratislava Zoo im Fr\u00fchling<\/h2>\n<p>Der <a href=\"https:\/\/www.visitbratislava.com\/de\/mitglieder\/zoologicka-zahrada-bratislava\/\" target=\"_blank\" rel=\"noopener\">ZOO<\/a> in Bratislava ist eine fabelhafte Wahl f\u00fcr das Fr\u00fchlingsprogramm f\u00fcr die ganze Familie. Auf rund 96 Hektar leben Tiere wie Raubkatzen, Zebras, Giraffen, Primaten und W\u00f6lfe. Der Zoo bietet auch Bildungsprogramme und Veranstaltungen f\u00fcr Schulen und die \u00d6ffentlichkeit.<\/p>\n<p><img loading=\"lazy\" class=\"wp-image-435418 size-medium aligncenter\" src=\"https:\/\/www.visitbratislava.com\/wp-content\/uploads\/2026\/03\/DSC02810-400x267.jpg\" alt=\"\" width=\"400\" height=\"267\" srcset=\"https:\/\/www.visitbratislava.com\/wp-content\/uploads\/2026\/03\/DSC02810-400x267.jpg 400w, https:\/\/www.visitbratislava.com\/wp-content\/uploads\/2026\/03\/DSC02810-800x533.jpg 800w, https:\/\/www.visitbratislava.com\/wp-content\/uploads\/2026\/03\/DSC02810-768x512.jpg 768w, https:\/\/www.visitbratislava.com\/wp-content\/uploads\/2026\/03\/DSC02810-1536x1024.jpg 1536w, https:\/\/www.visitbratislava.com\/wp-content\/uploads\/2026\/03\/DSC02810-2048x1365.jpg 2048w, https:\/\/www.visitbratislava.com\/wp-content\/uploads\/2026\/03\/DSC02810-200x133.jpg 200w\" sizes=\"(max-width: 400px) 100vw, 400px\" \/><\/p>\n<h2>3. Donau-Flussfahrten<\/h2>\n<p>Flussfahrten auf der Donau bieten eine besondere Perspektive auf Bratislava. Die Routen f\u00fchren am historischen Zentrum vorbei, unter Br\u00fccken hindurch und zu den Ruinen der Burg Dev\u00edn an der M\u00fcndung von Donau und March. Im Fr\u00fchling finden die Fahrten fast t\u00e4glich statt und bieten Panoramablicke auf die Burg und das Ufer. Mehr <strong><a href=\"https:\/\/www.visitbratislava.com\/de\/dienstleistungen\/donaufahrten\/\" target=\"_blank\" rel=\"noopener\">Informationen\u00a0\u00fcber der Schifffarth.<\/a><\/strong><\/p>\n<p><img loading=\"lazy\" class=\"wp-image-18357 size-large aligncenter\" src=\"https:\/\/www.visitbratislava.com\/wp-content\/uploads\/2016\/06\/hrad_dunaj_ufo_lod-800x450.jpg\" alt=\"\" width=\"800\" height=\"450\" srcset=\"https:\/\/www.visitbratislava.com\/wp-content\/uploads\/2016\/06\/hrad_dunaj_ufo_lod-800x450.jpg 800w, https:\/\/www.visitbratislava.com\/wp-content\/uploads\/2016\/06\/hrad_dunaj_ufo_lod-400x225.jpg 400w, https:\/\/www.visitbratislava.com\/wp-content\/uploads\/2016\/06\/hrad_dunaj_ufo_lod-768x432.jpg 768w, https:\/\/www.visitbratislava.com\/wp-content\/uploads\/2016\/06\/hrad_dunaj_ufo_lod-200x113.jpg 200w\" sizes=\"(max-width: 800px) 100vw, 800px\" \/><\/p>\n<h2>4. Kulturelle Veranstaltungen in Bratislava<\/h2>\n<p>In der Hauptstadt ist im Fr\u00fchling das Kulturprogramm im <a href=\"https:\/\/www.visitbratislava.com\/de\/setzt\/slowakisches-nationaltheater\/\" target=\"_blank\" rel=\"noopener\">Slowakischen Nationaltheater <\/a>und <a href=\"https:\/\/www.visitbratislava.com\/de\/setzt\/slovenska-filharmonia\/\" target=\"_blank\" rel=\"noopener\">Slowakischer Philharmonie<\/a> bunt. Kleinere Konzerte, Ausstellungen und Kunstveranstaltungen finden ebenfalls in der Stadt statt.<\/p>\n<p><img loading=\"lazy\" class=\"aligncenter wp-image-435425 size-large\" src=\"https:\/\/www.visitbratislava.com\/wp-content\/uploads\/2026\/03\/fontana-800x533.jpg\" alt=\"\" width=\"800\" height=\"533\" srcset=\"https:\/\/www.visitbratislava.com\/wp-content\/uploads\/2026\/03\/fontana-800x533.jpg 800w, https:\/\/www.visitbratislava.com\/wp-content\/uploads\/2026\/03\/fontana-400x267.jpg 400w, https:\/\/www.visitbratislava.com\/wp-content\/uploads\/2026\/03\/fontana-768x512.jpg 768w, https:\/\/www.visitbratislava.com\/wp-content\/uploads\/2026\/03\/fontana-1536x1024.jpg 1536w, https:\/\/www.visitbratislava.com\/wp-content\/uploads\/2026\/03\/fontana-2048x1365.jpg 2048w, https:\/\/www.visitbratislava.com\/wp-content\/uploads\/2026\/03\/fontana-200x133.jpg 200w\" sizes=\"(max-width: 800px) 100vw, 800px\" \/><\/p>\n<p data-start=\"1600\" data-end=\"1747\">Zu dieser Zeit werden auch die <a href=\"https:\/\/www.visitbratislava.com\/de\/geschehen\/bratislavaer-stattage\/\" target=\"_blank\" rel=\"noopener\"><strong data-start=\"1631\" data-end=\"1657\">Bratislavaer Stadttage<\/strong><\/a> organisiert, mit Musik, Stra\u00dfentheater, Workshops und familienfreundlichen Aktivit\u00e4ten.<\/p>\n<p data-start=\"1600\" data-end=\"1747\"><img loading=\"lazy\" class=\"aligncenter wp-image-435431 size-large\" src=\"https:\/\/www.visitbratislava.com\/wp-content\/uploads\/2026\/03\/Lachkovic_2022_BMD-2022_vyhradna-licencia_casovo-neobmedzena_narodne-divadlo-800x450.jpg\" alt=\"\" width=\"800\" height=\"450\" srcset=\"https:\/\/www.visitbratislava.com\/wp-content\/uploads\/2026\/03\/Lachkovic_2022_BMD-2022_vyhradna-licencia_casovo-neobmedzena_narodne-divadlo-800x450.jpg 800w, https:\/\/www.visitbratislava.com\/wp-content\/uploads\/2026\/03\/Lachkovic_2022_BMD-2022_vyhradna-licencia_casovo-neobmedzena_narodne-divadlo-400x225.jpg 400w, https:\/\/www.visitbratislava.com\/wp-content\/uploads\/2026\/03\/Lachkovic_2022_BMD-2022_vyhradna-licencia_casovo-neobmedzena_narodne-divadlo-768x432.jpg 768w, https:\/\/www.visitbratislava.com\/wp-content\/uploads\/2026\/03\/Lachkovic_2022_BMD-2022_vyhradna-licencia_casovo-neobmedzena_narodne-divadlo-1536x864.jpg 1536w, https:\/\/www.visitbratislava.com\/wp-content\/uploads\/2026\/03\/Lachkovic_2022_BMD-2022_vyhradna-licencia_casovo-neobmedzena_narodne-divadlo-2048x1152.jpg 2048w, https:\/\/www.visitbratislava.com\/wp-content\/uploads\/2026\/03\/Lachkovic_2022_BMD-2022_vyhradna-licencia_casovo-neobmedzena_narodne-divadlo-200x113.jpg 200w\" sizes=\"(max-width: 800px) 100vw, 800px\" \/><\/p>\n<h2>5. Radfahren und Fahrradrouten in Bratislava<\/h2>\n<p>Erste w\u00e4rmere Tage locken allj\u00e4hrlich viele Radfahrer zu den beliebten <a href=\"https:\/\/www.visitbratislava.com\/de\/fahrradausfluege\/\" target=\"_blank\" rel=\"noopener\">Radwegen<\/a> in Bratislava. Die Stadt bietet thematische <a href=\"https:\/\/www.visitbratislava.com\/de\/ihre-reise\/entdecke-die-stadt\/sport\/radfahren\/\" target=\"_blank\" rel=\"noopener\">Radtouren<\/a>, w\u00e4hrend welchen Sie sich mit der Geschichte vom Bratislava vertraut machen, jedoch auch Strecke f\u00fcr anspruchsvolle. Um den Fluss f\u00fchren mehrere Radstrecken, welche Bratislava mit benachbartem \u00d6sterreich, Ungarn und Tschechischer Republik verbinden und neben den Radfahrern auch von In-Line Skatern benutzt werden. Bei individuellen Radtouren k\u00f6nnen Sie den Radverleih ausnutzen.<\/p>\n<p><img loading=\"lazy\" width=\"800\" height=\"534\" class=\"size-large wp-image-280231 aligncenter\" src=\"https:\/\/www.visitbratislava.com\/wp-content\/uploads\/2023\/04\/VC2EMUD-800x534.jpg\" alt=\"\" srcset=\"https:\/\/www.visitbratislava.com\/wp-content\/uploads\/2023\/04\/VC2EMUD-800x534.jpg 800w, https:\/\/www.visitbratislava.com\/wp-content\/uploads\/2023\/04\/VC2EMUD-400x267.jpg 400w, https:\/\/www.visitbratislava.com\/wp-content\/uploads\/2023\/04\/VC2EMUD-768x512.jpg 768w, https:\/\/www.visitbratislava.com\/wp-content\/uploads\/2023\/04\/VC2EMUD-1536x1025.jpg 1536w, https:\/\/www.visitbratislava.com\/wp-content\/uploads\/2023\/04\/VC2EMUD-2048x1366.jpg 2048w, https:\/\/www.visitbratislava.com\/wp-content\/uploads\/2023\/04\/VC2EMUD-200x133.jpg 200w\" sizes=\"(max-width: 800px) 100vw, 800px\" \/><\/p>\n<h2>6. Botanischer Garten<\/h2>\n<p>Auch in der Hauptstadt finden Sie ein St\u00fcck von Exotik. Im <a href=\"https:\/\/www.visitbratislava.com\/de\/setzt\/botanischer-garten\/\" target=\"_blank\" rel=\"noopener\">botanischen Garten<\/a>, erstem seiner Art in der Slowakei, auf der Fl\u00e4che von 7.5 Hektaren finden Sie 5 Tausend fremdl\u00e4ndische Pflanzenarten, 150 Rosenarten angebaut, tropische und subtropische Pflanzen, Kakteen, Palmen und viele andere.<\/p>\n<p><strong>\u00d6ffnungszeiten: <\/strong>1.4. bis 31.10. Mo-So: 9:00\u00a0\u2013 18:00<br \/>\n<strong>Gew\u00e4chsh\u00e4user:<\/strong> Mo-Fr:\u00a0 9:00 \u2013 15:00 Sa-So: 9:00\u00a0\u2013 18:00<\/p>\n<p><img loading=\"lazy\" width=\"768\" height=\"512\" class=\"size-full wp-image-45146 aligncenter\" src=\"https:\/\/www.visitbratislava.com\/wp-content\/uploads\/2018\/07\/Botanicka.jpg\" alt=\"\" srcset=\"https:\/\/www.visitbratislava.com\/wp-content\/uploads\/2018\/07\/Botanicka.jpg 768w, https:\/\/www.visitbratislava.com\/wp-content\/uploads\/2018\/07\/Botanicka-400x267.jpg 400w, https:\/\/www.visitbratislava.com\/wp-content\/uploads\/2018\/07\/Botanicka-200x133.jpg 200w\" sizes=\"(max-width: 768px) 100vw, 768px\" \/><\/p>\n<h2>7. Parkanlagen<\/h2>\n<p><a href=\"https:\/\/www.visitbratislava.com\/de\/setzt\/zelezna-studienka\/\" target=\"_blank\" rel=\"noopener\">\u017delezn\u00e1 studienka<\/a> geh\u00f6rt zu den bekanntesten Erholungslokalit\u00e4ten vom Bratislava. Sie ist Bestandteil des Waldparks vom Bratislava. Sie liegt am s\u00fcdlichen Rand des Schutzgebietes Kleine Karpaten. Durch sie flie\u00dft das Bach Vydrica, das im mittleren Stromteil vier Teiche mit Wasser versorgt. In der N\u00e4he des Hauptstroms sind Quellen, Quellbrunnen und versumpfte Fl\u00e4chen. Von \u017delezn\u00e1 studienka k\u00f6nnen Sie sich mit der Sesselbahn zum Kamz\u00edk hochfahren lassen und das Panorama aus der H\u00f6he von 186 Metern genie\u00dfen.<\/p>\n<p><img loading=\"lazy\" width=\"800\" height=\"533\" class=\"size-large wp-image-2518 aligncenter\" src=\"https:\/\/www.visitbratislava.com\/wp-content\/uploads\/2015\/04\/zelezna-studienka-lanovka-800x533.jpg\" alt=\"\" srcset=\"https:\/\/www.visitbratislava.com\/wp-content\/uploads\/2015\/04\/zelezna-studienka-lanovka-800x533.jpg 800w, https:\/\/www.visitbratislava.com\/wp-content\/uploads\/2015\/04\/zelezna-studienka-lanovka-400x267.jpg 400w, https:\/\/www.visitbratislava.com\/wp-content\/uploads\/2015\/04\/zelezna-studienka-lanovka-200x133.jpg 200w, https:\/\/www.visitbratislava.com\/wp-content\/uploads\/2015\/04\/zelezna-studienka-lanovka.jpg 1200w\" sizes=\"(max-width: 800px) 100vw, 800px\" \/><\/p>\n<p><strong>Parkanlage Sad <\/strong><strong>Janka Kr\u00e1\u013ea<\/strong>\u00a0ist die \u00e4lteste \u00f6ffentliche Parkanlage in Mitteleuropa und eine der \u00e4ltesten mitteleurop\u00e4ischen Parkanlage \u00fcberhaupt. Sie liegt im Stadtteil von Bratislava Petr\u017ealka und hat die Fl\u00e4che von 42 Hektaren. In der Gegenwart erf\u00fcllt die Parkanlage die kulturgesellschaftliche Funktion, sie dient las Erholungs- und Treffpunktort. Sie wird von allen Alterskategorien zu diversen Sportaktivit\u00e4ten genutzt. Robuste Edelb\u00e4ume werden von der Kleinarchitektur erg\u00e4nzt. Der bekannteste architektonische Bauteil ist das einmalige Gartenh\u00e4uschen, urspr\u00fcnglich ein Turm der Franziskanerkirche. Unweit der Parkanlage k\u00f6nnen Sie das prachtvolle Panorama auf Bratislava vom Donau-Kai genie\u00dfen.<\/p>\n<p><img loading=\"lazy\" width=\"800\" height=\"533\" class=\"size-large wp-image-43226 aligncenter\" src=\"https:\/\/www.visitbratislava.com\/wp-content\/uploads\/2018\/05\/Hudba-v-Sade-800x533.jpg\" alt=\"\" srcset=\"https:\/\/www.visitbratislava.com\/wp-content\/uploads\/2018\/05\/Hudba-v-Sade-800x533.jpg 800w, https:\/\/www.visitbratislava.com\/wp-content\/uploads\/2018\/05\/Hudba-v-Sade-400x267.jpg 400w, https:\/\/www.visitbratislava.com\/wp-content\/uploads\/2018\/05\/Hudba-v-Sade-768x512.jpg 768w, https:\/\/www.visitbratislava.com\/wp-content\/uploads\/2018\/05\/Hudba-v-Sade-200x133.jpg 200w\" sizes=\"(max-width: 800px) 100vw, 800px\" \/><\/p>\n<p><strong><a href=\"https:\/\/www.visitbratislava.com\/de\/setzt\/waldpark\/\" target=\"_blank\" rel=\"noopener\">Der Park Horsk\u00fd park<\/a> <\/strong>entstand am Weststadtrand im Jahre 1868 durch Umwandlung der schon bestehenden Waldumgebung. Zu Ende des 20.Jahrhunderts wurden im Park viele neue Baumarten angebaut, wie Gruppen der Eiben, Linden, Platanen, aber auch Ginkgo und diverse fremdl\u00e4ndische Nadelb\u00e4ume. Zum Park geh\u00f6rt auf jedem Fall auch das historische Jagdhaus Horsk\u00fd park, das zum meist ausgesuchten Erholungsort, Treffpunkt von Menschen und einmaligen Kulturzentrum vom Bratislava wurde. Seinen Bestandteil bildet auch ein Garten mit Kinderspielplatz und Caf\u00e9 Libresso mit ausgezeichnetem Kaffee und traditionellen bratislavaer Nuss-und Mohnkipferln.<\/p>\n<p><img loading=\"lazy\" class=\"wp-image-37081 size-large aligncenter\" src=\"https:\/\/www.visitbratislava.com\/wp-content\/uploads\/2015\/04\/horsky-park-horaren-800x450.jpg\" alt=\"\" width=\"800\" height=\"450\" srcset=\"https:\/\/www.visitbratislava.com\/wp-content\/uploads\/2015\/04\/horsky-park-horaren-800x450.jpg 800w, https:\/\/www.visitbratislava.com\/wp-content\/uploads\/2015\/04\/horsky-park-horaren-400x225.jpg 400w, https:\/\/www.visitbratislava.com\/wp-content\/uploads\/2015\/04\/horsky-park-horaren-768x432.jpg 768w, https:\/\/www.visitbratislava.com\/wp-content\/uploads\/2015\/04\/horsky-park-horaren-200x113.jpg 200w\" sizes=\"(max-width: 800px) 100vw, 800px\" \/><\/p>\n<p>Im Fr\u00fchling besuchen Sie auf jeden Fall auch den aufgebl\u00fchten <strong>Barockgarten der <a href=\"https:\/\/www.visitbratislava.com\/de\/setzt\/burg-bratislava\/\" target=\"_blank\" rel=\"noopener\">Bratislavaer Burg<\/a><\/strong>, in welchem zahlreiche Silberlinden, Buschhecken und \u00fcber tausend Fr\u00fchlings- und Sommerpflanzen angebaut wurden. Der Garten wurde nach historischen Unterlagen f\u00fcr Maria Theresia entworfen. Neben den bunten Blumen schm\u00fccken den Garten ein Springbrunnen und Skulpturen.<\/p>\n<p><img loading=\"lazy\" class=\"wp-image-37198 size-large aligncenter\" src=\"https:\/\/www.visitbratislava.com\/wp-content\/uploads\/2017\/10\/bratislava-castle-garden-hrad-zahrada-800x413.jpg\" alt=\"\" width=\"800\" height=\"413\" srcset=\"https:\/\/www.visitbratislava.com\/wp-content\/uploads\/2017\/10\/bratislava-castle-garden-hrad-zahrada-800x413.jpg 800w, https:\/\/www.visitbratislava.com\/wp-content\/uploads\/2017\/10\/bratislava-castle-garden-hrad-zahrada-400x206.jpg 400w, https:\/\/www.visitbratislava.com\/wp-content\/uploads\/2017\/10\/bratislava-castle-garden-hrad-zahrada-768x396.jpg 768w, https:\/\/www.visitbratislava.com\/wp-content\/uploads\/2017\/10\/bratislava-castle-garden-hrad-zahrada-200x103.jpg 200w, https:\/\/www.visitbratislava.com\/wp-content\/uploads\/2017\/10\/bratislava-castle-garden-hrad-zahrada.jpg 2048w\" sizes=\"(max-width: 800px) 100vw, 800px\" \/><\/p>\n<h2>8. M\u00e4rkte &amp; lokale Produkte<\/h2>\n<p>Jeden Samstag findet im Geb\u00e4ude der regen Alten Markthalle der Markt. Die Lebensmittel wurden von den Kleinproduzenten von der Umgebung vom Bratislava angebaut und erzeugt, jedoch finden Sie hier auch Spezialit\u00e4ten aus anderen L\u00e4ndern. Den Markt erg\u00e4nzt auch das Begleitprogramm mit Aktivit\u00e4ten f\u00fcr Kinder und Erwachsene.<\/p>\n<p><img loading=\"lazy\" width=\"800\" height=\"534\" class=\"size-large wp-image-214424 aligncenter\" src=\"https:\/\/www.visitbratislava.com\/wp-content\/uploads\/2015\/05\/Trh-Piac-Markt-001-800x534.jpg\" alt=\"\" srcset=\"https:\/\/www.visitbratislava.com\/wp-content\/uploads\/2015\/05\/Trh-Piac-Markt-001-800x534.jpg 800w, https:\/\/www.visitbratislava.com\/wp-content\/uploads\/2015\/05\/Trh-Piac-Markt-001-400x267.jpg 400w, https:\/\/www.visitbratislava.com\/wp-content\/uploads\/2015\/05\/Trh-Piac-Markt-001-768x513.jpg 768w, https:\/\/www.visitbratislava.com\/wp-content\/uploads\/2015\/05\/Trh-Piac-Markt-001-200x134.jpg 200w, https:\/\/www.visitbratislava.com\/wp-content\/uploads\/2015\/05\/Trh-Piac-Markt-001.jpg 1200w\" sizes=\"(max-width: 800px) 100vw, 800px\" \/><\/p>\n<h2>9. Ostern in Bratislava<\/h2>\n<p>Genie\u00dfen Sie traditionelle Fr\u00fchlingsfeiertage gerade bei uns! Sie erkennen die Kultur und Top Attraktionen der Hauptstadt und Region, Sie erleben lokale Osten, und und <a href=\"https:\/\/www.visitbratislava.com\/de\/ostern-in-bratislava\/\" target=\"_blank\" rel=\"noopener\">andere Programme<\/a>. Und nicht nur das, k\u00f6stliche Regionalgastronomie, Markenweine, bewertet auf den Weltwettbewerben, und lokale Handwerksbrauereien erfreuen sicher Ihre Geschmackssinne. Wir bieten Ihnen gleichzeitig einen Ausflug in die Kleinkarpatenregion \u2013 Region des Weines und Volksmajolika an.<\/p>\n<p><img loading=\"lazy\" width=\"800\" height=\"258\" class=\"size-large wp-image-52892 aligncenter\" src=\"https:\/\/www.visitbratislava.com\/wp-content\/uploads\/2019\/01\/easter2019-featured-image_ver2-800x258.jpg\" alt=\"\" srcset=\"https:\/\/www.visitbratislava.com\/wp-content\/uploads\/2019\/01\/easter2019-featured-image_ver2-800x258.jpg 800w, https:\/\/www.visitbratislava.com\/wp-content\/uploads\/2019\/01\/easter2019-featured-image_ver2-400x129.jpg 400w, https:\/\/www.visitbratislava.com\/wp-content\/uploads\/2019\/01\/easter2019-featured-image_ver2-768x248.jpg 768w, https:\/\/www.visitbratislava.com\/wp-content\/uploads\/2019\/01\/easter2019-featured-image_ver2-200x65.jpg 200w, https:\/\/www.visitbratislava.com\/wp-content\/uploads\/2019\/01\/easter2019-featured-image_ver2.jpg 1418w\" sizes=\"(max-width: 800px) 100vw, 800px\" \/><\/p>\n<h2>10. Aussichtspunkte und Adrenalin<\/h2>\n<p>Im Fr\u00fchling k\u00f6nnen Mutige in Bratislava ein <a href=\"https:\/\/www.visitbratislava.com\/de\/setzt\/skywalk\/\">Adrenalinerlebnis in 85 Metern H\u00f6he \u00fcber der Donau erleben<\/a>. Erleben Sie einen 360-Grad-Panoramaspaziergang rund um den UFO-Aussichtsturm.<\/p>\n<p><img loading=\"lazy\" class=\"wp-image-222338 size-large aligncenter\" src=\"https:\/\/www.visitbratislava.com\/wp-content\/uploads\/2023\/02\/zdronu_Petrzalka_UFO_Dunaj_skywalk_dron_nevyhradna-licencia-casovo-neobmedzena-800x599.jpg\" alt=\"\" width=\"800\" height=\"599\" srcset=\"https:\/\/www.visitbratislava.com\/wp-content\/uploads\/2023\/02\/zdronu_Petrzalka_UFO_Dunaj_skywalk_dron_nevyhradna-licencia-casovo-neobmedzena-800x599.jpg 800w, https:\/\/www.visitbratislava.com\/wp-content\/uploads\/2023\/02\/zdronu_Petrzalka_UFO_Dunaj_skywalk_dron_nevyhradna-licencia-casovo-neobmedzena-400x299.jpg 400w, https:\/\/www.visitbratislava.com\/wp-content\/uploads\/2023\/02\/zdronu_Petrzalka_UFO_Dunaj_skywalk_dron_nevyhradna-licencia-casovo-neobmedzena-768x575.jpg 768w, https:\/\/www.visitbratislava.com\/wp-content\/uploads\/2023\/02\/zdronu_Petrzalka_UFO_Dunaj_skywalk_dron_nevyhradna-licencia-casovo-neobmedzena-1536x1150.jpg 1536w, https:\/\/www.visitbratislava.com\/wp-content\/uploads\/2023\/02\/zdronu_Petrzalka_UFO_Dunaj_skywalk_dron_nevyhradna-licencia-casovo-neobmedzena-2048x1533.jpg 2048w, https:\/\/www.visitbratislava.com\/wp-content\/uploads\/2023\/02\/zdronu_Petrzalka_UFO_Dunaj_skywalk_dron_nevyhradna-licencia-casovo-neobmedzena-200x150.jpg 200w, https:\/\/www.visitbratislava.com\/wp-content\/uploads\/2023\/02\/zdronu_Petrzalka_UFO_Dunaj_skywalk_dron_nevyhradna-licencia-casovo-neobmedzena-600x450.jpg 600w\" sizes=\"(max-width: 800px) 100vw, 800px\" \/><\/p>\n<p>&nbsp;<\/p>\n","protected":false},"excerpt":{"rendered":"<p>Bratislava erwacht im Fr\u00fchling zum Leben. Die Stadt bietet historische Stadtf\u00fchrungen, Parks, kulturelle Veranstaltungen und Outdoor-Aktivit\u00e4ten f\u00fcr Familien und Besucher. Hier sind die Top 10 Fr\u00fchlingsaktivit\u00e4ten in Bratislava.<\/p>\n","protected":false},"author":21,"featured_media":40318,"parent":0,"menu_order":0,"comment_status":"closed","ping_status":"closed","template":"","meta":[],"acf":[],"_links":{"self":[{"href":"https:\/\/www.visitbratislava.com\/de\/wp-json\/wp\/v2\/pages\/40260"}],"collection":[{"href":"https:\/\/www.visitbratislava.com\/de\/wp-json\/wp\/v2\/pages"}],"about":[{"href":"https:\/\/www.visitbratislava.com\/de\/wp-json\/wp\/v2\/types\/page"}],"author":[{"embeddable":true,"href":"https:\/\/www.visitbratislava.com\/de\/wp-json\/wp\/v2\/users\/21"}],"replies":[{"embeddable":true,"href":"https:\/\/www.visitbratislava.com\/de\/wp-json\/wp\/v2\/comments?post=40260"}],"version-history":[{"count":15,"href":"https:\/\/www.visitbratislava.com\/de\/wp-json\/wp\/v2\/pages\/40260\/revisions"}],"predecessor-version":[{"id":436615,"href":"https:\/\/www.visitbratislava.com\/de\/wp-json\/wp\/v2\/pages\/40260\/revisions\/436615"}],"wp:featuredmedia":[{"embeddable":true,"href":"https:\/\/www.visitbratislava.com\/de\/wp-json\/wp\/v2\/media\/40318"}],"wp:attachment":[{"href":"https:\/\/www.visitbratislava.com\/de\/wp-json\/wp\/v2\/media?parent=40260"}],"curies":[{"name":"wp","href":"https:\/\/api.w.org\/{rel}","templated":true}]}}