{"id":43004,"date":"2018-05-24T14:00:37","date_gmt":"2018-05-24T12:00:37","guid":{"rendered":"https:\/\/www.visitbratislava.com\/?page_id=43004\/"},"modified":"2023-06-27T11:24:40","modified_gmt":"2023-06-27T09:24:40","slug":"fussstapfen-der-koenige","status":"publish","type":"page","link":"https:\/\/www.visitbratislava.com\/de\/fussstapfen-der-koenige\/","title":{"rendered":"Follow the Footsteps of Royalty"},"content":{"rendered":"<p>Bratislava zeichnet sich durch reiche <a href=\"https:\/\/www.visitbratislava.com\/de\/uber\/die-kronungsstadt\/\" target=\"_blank\" rel=\"noopener\">Kr\u00f6nungsgeschichte<\/a>, zeitgen\u00f6ssische moderne Architektur, vielf\u00e4ltige Kultur und gesellschaftliches Leben aus. G\u00f6nne Dir au\u00dfergew\u00f6hnliche Momente nur f\u00fcr sich. Die Liste der gro\u00dfartigen Hotels, Restaurants, Caf\u00e9s und Kulturszenen ist unersch\u00f6pflich.<\/p>\n<p><img loading=\"lazy\" width=\"800\" height=\"533\" class=\"alignnone size-large wp-image-39342\" src=\"https:\/\/www.visitbratislava.com\/wp-content\/uploads\/2018\/02\/ufo-restaurancia-restaurant-champagne-sampanske-vyhlad-800x533.jpg\" alt=\"\" srcset=\"https:\/\/www.visitbratislava.com\/wp-content\/uploads\/2018\/02\/ufo-restaurancia-restaurant-champagne-sampanske-vyhlad-800x533.jpg 800w, https:\/\/www.visitbratislava.com\/wp-content\/uploads\/2018\/02\/ufo-restaurancia-restaurant-champagne-sampanske-vyhlad-400x267.jpg 400w, https:\/\/www.visitbratislava.com\/wp-content\/uploads\/2018\/02\/ufo-restaurancia-restaurant-champagne-sampanske-vyhlad-768x512.jpg 768w, https:\/\/www.visitbratislava.com\/wp-content\/uploads\/2018\/02\/ufo-restaurancia-restaurant-champagne-sampanske-vyhlad-200x133.jpg 200w, https:\/\/www.visitbratislava.com\/wp-content\/uploads\/2018\/02\/ufo-restaurancia-restaurant-champagne-sampanske-vyhlad.jpg 960w\" sizes=\"(max-width: 800px) 100vw, 800px\" \/><\/p>\n<p>Sie werden den K\u00f6nig in Bratislava f\u00fchlen dank der besten Auswahl an Gerichten und ausgezeichneten lokalen Weinen. In den Restaurants <a href=\"https:\/\/www.visitbratislava.com\/de\/setzt\/ufo\/\" target=\"_blank\" rel=\"noopener\">UFO watch.taste.groove<\/a> und <a href=\"https:\/\/www.visitbratislava.com\/de\/setzt\/altitude-restaurant\/\" target=\"_blank\" rel=\"noopener\">Altitude<\/a> im Fernsehturm Kamz\u00edk findest du eine Verbindung des gastronomischen Erlebnisses mit einem einzigartigen Blick auf die Stadt. Mit der Stimme des historischen Pre\u0161pork spricht dich das Restaurant <a href=\"https:\/\/www.visitbratislava.com\/de\/setzt\/savoy-restaurant\/\" target=\"_blank\" rel=\"noopener\">Savoy<\/a> an. Mit ihren Spezialit\u00e4ten beleben hier die K\u00f6che die K\u00fcche der \u00f6sterreichisch-ungarischen Monarchie.<\/p>\n<p><img loading=\"lazy\" width=\"800\" height=\"450\" class=\"alignnone size-large wp-image-43533\" src=\"https:\/\/www.visitbratislava.com\/wp-content\/uploads\/2018\/05\/1600x900_maria6-800x450.jpg\" alt=\"\" srcset=\"https:\/\/www.visitbratislava.com\/wp-content\/uploads\/2018\/05\/1600x900_maria6-800x450.jpg 800w, https:\/\/www.visitbratislava.com\/wp-content\/uploads\/2018\/05\/1600x900_maria6-400x225.jpg 400w, https:\/\/www.visitbratislava.com\/wp-content\/uploads\/2018\/05\/1600x900_maria6-768x432.jpg 768w, https:\/\/www.visitbratislava.com\/wp-content\/uploads\/2018\/05\/1600x900_maria6-200x113.jpg 200w, https:\/\/www.visitbratislava.com\/wp-content\/uploads\/2018\/05\/1600x900_maria6.jpg 1600w\" sizes=\"(max-width: 800px) 100vw, 800px\" \/><\/p>\n<p>Eine Auswahl der besten Weine findest du im\u00a0<a href=\"https:\/\/www.visitbratislava.com\/de\/setzt\/weinsalon-der-slowakischen-republik\/\" target=\"_blank\" rel=\"noopener\">Nationalen Weinsalon<\/a>. Ziel des Salons ist die Pr\u00e4sentation der slowakischen 100 Top-Weine, die sich im obersten Weinwettbewerb platziert haben. Bestell Dir die Degustation mit einem professionellen Sommelier. Zum perfekten Wochenende geh\u00f6ren nat\u00fcrlich auch guter Kaffee und hervorragende Desserts, gekr\u00f6nt von einem einzigartigen Design. Die W\u00e4nde der <a href=\"https:\/\/www.visitbratislava.com\/de\/setzt\/konditorei-kormuth\/\" target=\"_blank\" rel=\"noopener\">Konditorei Korm\u00fath<\/a> sind mit handgefertigten Fresken geschm\u00fcckt und Sie k\u00f6nnen Kaffee vom Porzellan aus der Franz Josephs Zeit genie\u00dfen.<\/p>\n<p><img loading=\"lazy\" width=\"800\" height=\"534\" class=\"alignnone size-large wp-image-33464\" src=\"https:\/\/www.visitbratislava.com\/wp-content\/uploads\/2017\/06\/carlton-exterior-800x534.jpg\" alt=\"\" srcset=\"https:\/\/www.visitbratislava.com\/wp-content\/uploads\/2017\/06\/carlton-exterior-800x534.jpg 800w, https:\/\/www.visitbratislava.com\/wp-content\/uploads\/2017\/06\/carlton-exterior-400x267.jpg 400w, https:\/\/www.visitbratislava.com\/wp-content\/uploads\/2017\/06\/carlton-exterior-768x512.jpg 768w, https:\/\/www.visitbratislava.com\/wp-content\/uploads\/2017\/06\/carlton-exterior-200x133.jpg 200w, https:\/\/www.visitbratislava.com\/wp-content\/uploads\/2017\/06\/carlton-exterior.jpg 1901w\" sizes=\"(max-width: 800px) 100vw, 800px\" \/><\/p>\n<p>Wenn du eine k\u00f6nigliche Unterkunft suchst, hast du mehrere M\u00f6glichkeiten zur Auswahl. <a href=\"https:\/\/www.visitbratislava.com\/de\/setzt\/grand-hotel-river-park\/\" target=\"_blank\" rel=\"noopener\">Grand Hotel River Park, A Luxury Collection Hotel<\/a>\u00a0wird als das beste Hotel im ganzen Land gewertet. Top-Leistungen werden auch im Restaurant River Bank geboten, das als erste in der Slowakei, das &#8222;Pure Kitchen&#8220; -Konzept vorstellt. Das renommierte <a href=\"https:\/\/www.visitbratislava.com\/de\/mitglieder\/radisson-blu-carlton-hotel-bratislava-carlton-property-s-r-o\/\" target=\"_blank\" rel=\"noopener\">Radisson Blu Carlton Hotel<\/a> hei\u00dft seine G\u00e4ste im Herzen des historischen Zentrums willkommen. Das Hotel ist von Restaurants, Bars und Kulturdenkm\u00e4lern umgeben. Die kannst die Unterkunft im <a href=\"https:\/\/www.visitbratislava.com\/de\/mitglieder\/sheraton-bratislava-hotel-eurovea-a-s\/\" target=\"_blank\" rel=\"noopener\">Hotel Sheraton Bratislava<\/a> mit Eink\u00e4ufen im Einkaufszentrum EUROVEA (Links) und einem Spaziergang entlang des Donauufers verbinden.<\/p>\n<p>Du wei\u00dft also, wo du k\u00f6niglich essen und wohnen wirst. Und was in der Zwischenzeit? Erlebe Bratislava, wie sie vor Jahrhunderten war. Nach einem Spaziergang auf den Fliesen, die von der Maria Theresie beschritten wurden. Bleib bei dem Renaissancebrunnen auf dem Hauptplatz stehen, den im 16. Jahrhundert der Maximilian II, der erste in Bratislava gekr\u00f6nte Monarch, erbauen lie\u00df. Du kannst au\u00dferdem Dein Wochenende in Bratislava mit Kultur, Entspannung, Spa\u00df und Sport ausf\u00fcllen.<\/p>\n<h3>Das Beste der Kultur<\/h3>\n<p>Erstklassige klassische Auff\u00fchrungen bietet die Opernszene des Slowakischen Nationaltheaters und in der Musik bleibt auch die\u00a0 Slowakische Philharmonische, das Zentrum des Musiklebens von Bratislava, nicht zur\u00fcck. Bratislava ist eine Stadt modernen sowie traditionellen\u00a0Galerien. Abgesehen von den ber\u00fchmtesten in der Innenstadt, wie der\u00a0<a href=\"https:\/\/www.visitbratislava.com\/de\/setzt\/galerie-nedbalka\/\" target=\"_blank\" rel=\"noopener\">Nedbalka<\/a>\u00a0oder der Galerie der Stadt Bratislava, lohnt sich ein Halbtagesausflug in die Galerie der modernen Kunst\u00a0<a href=\"https:\/\/www.visitbratislava.com\/de\/setzt\/danubiana-meulensteen-art-museum\/\" target=\"_blank\" rel=\"noopener\">Danubiana<\/a>. Dieses au\u00dfergew\u00f6hnliche Bauobjekt \u00e4hnelt in ihrer Form einem Boot, das in den flachen Gew\u00e4ssern mitten in der Donau gefangen ist.<\/p>\n<p><img loading=\"lazy\" width=\"800\" height=\"482\" class=\"alignnone size-large wp-image-18354\" src=\"https:\/\/www.visitbratislava.com\/wp-content\/uploads\/2016\/06\/Danubiana_peninsula-800x482.jpg\" alt=\"\" srcset=\"https:\/\/www.visitbratislava.com\/wp-content\/uploads\/2016\/06\/Danubiana_peninsula-800x482.jpg 800w, https:\/\/www.visitbratislava.com\/wp-content\/uploads\/2016\/06\/Danubiana_peninsula-400x241.jpg 400w, https:\/\/www.visitbratislava.com\/wp-content\/uploads\/2016\/06\/Danubiana_peninsula-768x463.jpg 768w, https:\/\/www.visitbratislava.com\/wp-content\/uploads\/2016\/06\/Danubiana_peninsula-200x121.jpg 200w\" sizes=\"(max-width: 800px) 100vw, 800px\" \/><\/p>\n<h3>Erhol dich in der Natur<\/h3>\n<p>In Bratislava kannst du neue Energie sch\u00f6pfen und sich in der Natur erholen, ohne das Stadtzentrum zu verlassen. Besuche die beliebten Parks, G\u00e4rten oder Stadtw\u00e4lder. Interessant ist zum Beispiel der <a href=\"https:\/\/www.visitbratislava.com\/de\/setzt\/sad-janka-krala\/\" target=\"_blank\" rel=\"noopener\">Janko-Kr\u00e1\u013e-Park<\/a>, der \u00e4lteste \u00f6ffentliche Park Mitteleuropas. Immer voller Leben ist die Erholungsst\u00e4tte <a href=\"https:\/\/www.visitbratislava.com\/de\/setzt\/zelezna-studienka\/\" target=\"_blank\" rel=\"noopener\">\u017delezn\u00e1 studienka<\/a>, wo du einen Sessellift, umgeben von viel Gr\u00fcn, nehmen und einen Ausblick aus 186 Meter H\u00f6he genie\u00dfen kannst. Der Bergpark (<a href=\"https:\/\/www.visitbratislava.com\/de\/setzt\/waldpark\/\" target=\"_blank\" rel=\"noopener\">Horsk\u00fd park<\/a>) ist ein idealer Ort f\u00fcr Spazierg\u00e4nge und sportliche Aktivit\u00e4ten. Erfrische dich in dem 130 Jahre alten historischen Forsthaus.<\/p>\n<p><img loading=\"lazy\" width=\"800\" height=\"533\" class=\"alignnone size-large wp-image-2498\" src=\"https:\/\/www.visitbratislava.com\/wp-content\/uploads\/2015\/04\/sad-janka-krala-800x533.jpeg\" alt=\"\" srcset=\"https:\/\/www.visitbratislava.com\/wp-content\/uploads\/2015\/04\/sad-janka-krala-800x533.jpeg 800w, https:\/\/www.visitbratislava.com\/wp-content\/uploads\/2015\/04\/sad-janka-krala-400x267.jpeg 400w, https:\/\/www.visitbratislava.com\/wp-content\/uploads\/2015\/04\/sad-janka-krala-200x133.jpeg 200w\" sizes=\"(max-width: 800px) 100vw, 800px\" \/><\/p>\n<h3>Unterhalte dich als K\u00f6nig<\/h3>\n<p>Neben einer Reihe von Bars und Clubs in der Innenstadt lohnt es sich, die Wassersportareale <a href=\"https:\/\/www.visitbratislava.com\/de\/setzt\/divoka-voda-cunovo-wildwasser-cunovo\/\" target=\"_blank\" rel=\"noopener\">Wildwasser<\/a> in \u010cunovo und Wakelake Zlat\u00e9 piesky zu besuchen. Unterhalten kannst du dich bei gro\u00dfartigen Party und auch bei Adrenalinsports.<\/p>\n<p><img loading=\"lazy\" width=\"800\" height=\"532\" class=\"alignnone size-large wp-image-34722\" src=\"https:\/\/www.visitbratislava.com\/wp-content\/uploads\/2017\/07\/wake-lake-2-800x532.jpg\" alt=\"\" srcset=\"https:\/\/www.visitbratislava.com\/wp-content\/uploads\/2017\/07\/wake-lake-2-800x532.jpg 800w, https:\/\/www.visitbratislava.com\/wp-content\/uploads\/2017\/07\/wake-lake-2-400x266.jpg 400w, https:\/\/www.visitbratislava.com\/wp-content\/uploads\/2017\/07\/wake-lake-2-768x511.jpg 768w, https:\/\/www.visitbratislava.com\/wp-content\/uploads\/2017\/07\/wake-lake-2-200x133.jpg 200w, https:\/\/www.visitbratislava.com\/wp-content\/uploads\/2017\/07\/wake-lake-2.jpg 2048w\" sizes=\"(max-width: 800px) 100vw, 800px\" \/><\/p>\n<h3><strong>Kr\u00f6nungstage von Bratislava<\/strong><\/h3>\n<p>An die ber\u00fchmte k\u00f6nigliche Vergangenheit von Bratislava erinnert in diesem Jahr eine ganze Reihe von Veranstaltungen mit einer Dauer einer ganzen Woche,\u00a0<strong>von 22. bis 29. Juni 2018<\/strong>. Parallel zu den \u00f6sterreichischen und ungarischen Aktivit\u00e4ten wird auch Bratislava an der Feier des 301. Geburtstages von Maria Theresia, einer der herausragendsten Pers\u00f6nlichkeiten der Geschichte, die 1741 in Bratislava gekr\u00f6nt wurde, teilnehmen.<\/p>\n<p>Die Kr\u00f6nungsatmosph\u00e4re k\u00f6nnen die Einwohner und Besucher der Stadt w\u00e4hrend der spektakul\u00e4ren kulturellen Programmen, Theaterauff\u00fchrungen,\u00a0 Konzerte, Gottesdiensten, zeitgen\u00f6ssischer Musikproduktion und historischen Spielen genie\u00dfen.<\/p>\n<p><img loading=\"lazy\" width=\"800\" height=\"533\" class=\"alignnone size-large wp-image-43185\" src=\"https:\/\/www.visitbratislava.com\/wp-content\/uploads\/2018\/05\/Korunovacie-Spodniakova1_sowa_mont-800x533.jpg\" alt=\"\" srcset=\"https:\/\/www.visitbratislava.com\/wp-content\/uploads\/2018\/05\/Korunovacie-Spodniakova1_sowa_mont-800x533.jpg 800w, https:\/\/www.visitbratislava.com\/wp-content\/uploads\/2018\/05\/Korunovacie-Spodniakova1_sowa_mont-400x267.jpg 400w, https:\/\/www.visitbratislava.com\/wp-content\/uploads\/2018\/05\/Korunovacie-Spodniakova1_sowa_mont-768x512.jpg 768w, https:\/\/www.visitbratislava.com\/wp-content\/uploads\/2018\/05\/Korunovacie-Spodniakova1_sowa_mont-200x133.jpg 200w\" sizes=\"(max-width: 800px) 100vw, 800px\" \/><\/p>\n","protected":false},"excerpt":{"rendered":"<p>Bratislava zeichnet sich durch reiche Kr\u00f6nungsgeschichte, zeitgen\u00f6ssische moderne Architektur, vielf\u00e4ltige Kultur und gesellschaftliches Leben aus. G\u00f6nne Dir au\u00dfergew\u00f6hnliche Momente nur f\u00fcr sich. Die Liste der gro\u00dfartigen Hotels, Restaurants, Caf\u00e9s und Kulturszenen ist unersch\u00f6pflich. Sie werden den K\u00f6nig in Bratislava f\u00fchlen dank der besten Auswahl an Gerichten und ausgezeichneten lokalen Weinen. In den Restaurants UFO watch.taste.groove [&hellip;]<\/p>\n","protected":false},"author":21,"featured_media":43609,"parent":0,"menu_order":0,"comment_status":"closed","ping_status":"closed","template":"","meta":[],"acf":[],"_links":{"self":[{"href":"https:\/\/www.visitbratislava.com\/de\/wp-json\/wp\/v2\/pages\/43004"}],"collection":[{"href":"https:\/\/www.visitbratislava.com\/de\/wp-json\/wp\/v2\/pages"}],"about":[{"href":"https:\/\/www.visitbratislava.com\/de\/wp-json\/wp\/v2\/types\/page"}],"author":[{"embeddable":true,"href":"https:\/\/www.visitbratislava.com\/de\/wp-json\/wp\/v2\/users\/21"}],"replies":[{"embeddable":true,"href":"https:\/\/www.visitbratislava.com\/de\/wp-json\/wp\/v2\/comments?post=43004"}],"version-history":[{"count":2,"href":"https:\/\/www.visitbratislava.com\/de\/wp-json\/wp\/v2\/pages\/43004\/revisions"}],"predecessor-version":[{"id":248237,"href":"https:\/\/www.visitbratislava.com\/de\/wp-json\/wp\/v2\/pages\/43004\/revisions\/248237"}],"wp:featuredmedia":[{"embeddable":true,"href":"https:\/\/www.visitbratislava.com\/de\/wp-json\/wp\/v2\/media\/43609"}],"wp:attachment":[{"href":"https:\/\/www.visitbratislava.com\/de\/wp-json\/wp\/v2\/media?parent=43004"}],"curies":[{"name":"wp","href":"https:\/\/api.w.org\/{rel}","templated":true}]}}