{"id":43006,"date":"2018-05-24T14:02:20","date_gmt":"2018-05-24T12:02:20","guid":{"rendered":"https:\/\/www.visitbratislava.com\/?page_id=43006\/"},"modified":"2018-06-01T13:03:28","modified_gmt":"2018-06-01T11:03:28","slug":"entdecke-kunst-und-kultur","status":"publish","type":"page","link":"https:\/\/www.visitbratislava.com\/de\/entdecke-kunst-und-kultur\/","title":{"rendered":"Entdecke die einmalige Kunst und Kultur"},"content":{"rendered":"<p>Bis du ein Liebhaber von Kunst und Kultur, aber kein gro\u00dfer Fan von extremen Warteschlangen oder hohen Preisen in Museen und Galerien? Dann ist Bratislava die richtige Wahl! Genie\u00dfe die unwiederholbare Kunst in Bratislava ohne unn\u00f6tige Einschr\u00e4nkungen.<\/p>\n<p><img loading=\"lazy\" width=\"800\" height=\"450\" class=\"alignnone size-large wp-image-43550\" src=\"https:\/\/www.visitbratislava.com\/wp-content\/uploads\/2018\/05\/1600x900_maria9-800x450.jpg\" alt=\"\" srcset=\"https:\/\/www.visitbratislava.com\/wp-content\/uploads\/2018\/05\/1600x900_maria9-800x450.jpg 800w, https:\/\/www.visitbratislava.com\/wp-content\/uploads\/2018\/05\/1600x900_maria9-400x225.jpg 400w, https:\/\/www.visitbratislava.com\/wp-content\/uploads\/2018\/05\/1600x900_maria9-768x432.jpg 768w, https:\/\/www.visitbratislava.com\/wp-content\/uploads\/2018\/05\/1600x900_maria9-200x113.jpg 200w, https:\/\/www.visitbratislava.com\/wp-content\/uploads\/2018\/05\/1600x900_maria9.jpg 1600w\" sizes=\"(max-width: 800px) 100vw, 800px\" \/><\/p>\n<p>Lasst dich verzaubern von faszinierenden Melodien, charmanten T\u00e4nzen und atemberaubenden Schauspielleistungen. Folge den Spuren der Geschichte und entdecke eine au\u00dfergew\u00f6hnliche Gegenwart. Kunst und Kultur haben in Bratislava eine tief verwurzelte Tradition, nicht umsonst wird diese Stadt mit \u00e4lteren Schwestern verglichen: Wien und Prag.<\/p>\n<h3>Wenn Die die Top-Kultur erleben m\u00f6chtest, verpasse auf keinen Fall:<\/h3>\n<ul>\n<li><strong>das Slowakische Nationaltheater<\/strong><\/li>\n<\/ul>\n<p>Das historische Geb\u00e4ude des Slowakischen Nationaltheaters wurde 1886 im Stil der Neorenaissance als Stadttheater nach dem Entwurf der Wiener Architekten F. Fellner und H. Helmer erbaut.\u00a0Heutzutage bietet die Opernszene des Slowakischen Nationaltheaters die besten klassischen Auff\u00fchrungen. Im Juni kannst du au\u00dferdem auch das Europ\u00e4ische Theaterfestival Eurokontext.sk besuchen, das das Beste aus Oper und Ballett auf internationalem Niveau vereint.<\/p>\n<p><img loading=\"lazy\" width=\"800\" height=\"533\" class=\"alignnone size-large wp-image-2033\" src=\"https:\/\/www.visitbratislava.com\/wp-content\/uploads\/2014\/11\/balet_snd_luskacik-800x533.jpg\" alt=\"\" srcset=\"https:\/\/www.visitbratislava.com\/wp-content\/uploads\/2014\/11\/balet_snd_luskacik-800x533.jpg 800w, https:\/\/www.visitbratislava.com\/wp-content\/uploads\/2014\/11\/balet_snd_luskacik-400x267.jpg 400w, https:\/\/www.visitbratislava.com\/wp-content\/uploads\/2014\/11\/balet_snd_luskacik-200x133.jpg 200w\" sizes=\"(max-width: 800px) 100vw, 800px\" \/><\/p>\n<ul>\n<li><strong>Slowakische Philharmonische<\/strong><\/li>\n<\/ul>\n<p>In der Musik bleibt auch die Slowakische Philharmonische, das 1949 gegr\u00fcndete Zentrum des Musiklebens von Bratislava, nicht zur\u00fcck. Sie ist ein regelm\u00e4\u00dfiger Gast auf gro\u00dfen europ\u00e4ischen Musikpodien und bei Festspielen.<\/p>\n<p><img class=\"alignnone size-large wp-image-15219\" src=\"https:\/\/www.visitbratislava.com\/wp-content\/uploads\/2016\/04\/filh1-800x496.jpg\" alt=\"\" \/><\/p>\n<ul>\n<li><strong>Galerie Nedbalka<\/strong><\/li>\n<\/ul>\n<p>Die Galerie hat mehr als 500 Werke von slowakischen Kunstgiganten in ihrer Sammlung. Im Erdgeschoss werden kurzfristige Ausstellungen zeitgen\u00f6ssischer slowakischer K\u00fcnstler organisiert. In den Ausstellungsr\u00e4umen befindet sich auf vier Stockwerken eine Dauerausstellung zur Entstehung und Entwicklung der Kunstmoderne der Slowakei, die einen Einblick in die Geschichte der Malerei und Skulptur in der Slowakei im 20. Jahrhundert gibt.<\/p>\n<p><img loading=\"lazy\" class=\"alignnone wp-image-11682\" src=\"https:\/\/www.visitbratislava.com\/wp-content\/uploads\/2015\/05\/nedbalka4.png\" alt=\"\" width=\"800\" height=\"420\" srcset=\"https:\/\/www.visitbratislava.com\/wp-content\/uploads\/2015\/05\/nedbalka4.png 600w, https:\/\/www.visitbratislava.com\/wp-content\/uploads\/2015\/05\/nedbalka4-400x210.png 400w, https:\/\/www.visitbratislava.com\/wp-content\/uploads\/2015\/05\/nedbalka4-200x105.png 200w\" sizes=\"(max-width: 800px) 100vw, 800px\" \/><\/p>\n<ul>\n<li><strong>Danubiana Meulensteen Art Museum<\/strong><\/li>\n<\/ul>\n<p>Die Galerie Danubiana zeichnet sich nicht nur durch ihre einzigartige Lage auf einer Halbinsel aus, sondern auch durch Ausstellungen der besten slowakischen und ausl\u00e4ndischen K\u00fcnstler. Du kannst mit dem Bus dorthin gelangen oder eine Erlebnisfahrt mit dem Schiff machen.<\/p>\n<p><img loading=\"lazy\" width=\"800\" height=\"482\" class=\"alignnone size-large wp-image-18352\" src=\"https:\/\/www.visitbratislava.com\/wp-content\/uploads\/2016\/06\/Danubiana_peninsula-800x482.jpg\" alt=\"\" srcset=\"https:\/\/www.visitbratislava.com\/wp-content\/uploads\/2016\/06\/Danubiana_peninsula-800x482.jpg 800w, https:\/\/www.visitbratislava.com\/wp-content\/uploads\/2016\/06\/Danubiana_peninsula-400x241.jpg 400w, https:\/\/www.visitbratislava.com\/wp-content\/uploads\/2016\/06\/Danubiana_peninsula-768x463.jpg 768w, https:\/\/www.visitbratislava.com\/wp-content\/uploads\/2016\/06\/Danubiana_peninsula-200x121.jpg 200w\" sizes=\"(max-width: 800px) 100vw, 800px\" \/><\/p>\n<p>Die Anwohner leben das ganze Jahr \u00fcber mit Kultur. Auch im Sommer finden in Bratislava viele unabdenkbare Veranstaltungen statt. Zu den Besten geh\u00f6ren:<\/p>\n<ul>\n<li><strong>Kultursommer und Burgfestspiele<\/strong><\/li>\n<\/ul>\n<p>Das gr\u00f6\u00dfte Kulturfestival der Stadt Kultursommer und Burgfestspiele Bratislava plant auch im Jahr 2018 eine Szene mit vielen Multi-Genre-Programmen f\u00fcr Bewohner und Sommerg\u00e4ste der Hauptstadt zu schaffen. F\u00fcr das Publikum stehen ab Anfang Juni neue Projekte und bew\u00e4hrte Festivalbestandteile bereit.<\/p>\n<p>Wann: Juni &#8211; September 2018<\/p>\n<p><img loading=\"lazy\" width=\"800\" height=\"533\" class=\"alignnone size-large wp-image-12719\" src=\"https:\/\/www.visitbratislava.com\/wp-content\/uploads\/2016\/03\/DSC_8319-800x533.jpg\" alt=\"\" srcset=\"https:\/\/www.visitbratislava.com\/wp-content\/uploads\/2016\/03\/DSC_8319-800x533.jpg 800w, https:\/\/www.visitbratislava.com\/wp-content\/uploads\/2016\/03\/DSC_8319-400x267.jpg 400w, https:\/\/www.visitbratislava.com\/wp-content\/uploads\/2016\/03\/DSC_8319-768x512.jpg 768w, https:\/\/www.visitbratislava.com\/wp-content\/uploads\/2016\/03\/DSC_8319-200x133.jpg 200w\" sizes=\"(max-width: 800px) 100vw, 800px\" \/><\/p>\n<ul>\n<li><strong>Kr\u00f6nungstage von Bratislava<\/strong><\/li>\n<\/ul>\n<p>Die ber\u00fchmte k\u00f6nigliche Vergangenheit von Bratislava wird auch in diesem Jahr mit einer Reihe von vielf\u00e4ltigen Veranstaltungen gefeiert.\u00a0 Parallel zu den \u00f6sterreichischen und ungarischen Aktivit\u00e4ten wird auch Bratislava an der Feier des 301. Geburtstages von Maria Theresia, einer der herausragendsten Pers\u00f6nlichkeiten der Geschichte, die 1741 in Bratislava gekr\u00f6nt wurde, teilnehmen.<\/p>\n<p>Wann: 22. \u2013 29. Juni 2018<\/p>\n<p><img loading=\"lazy\" width=\"800\" height=\"533\" class=\"alignnone size-large wp-image-43183\" src=\"https:\/\/www.visitbratislava.com\/wp-content\/uploads\/2018\/05\/Korunovacie-Spodniakova1_sowa_mont-800x533.jpg\" alt=\"\" srcset=\"https:\/\/www.visitbratislava.com\/wp-content\/uploads\/2018\/05\/Korunovacie-Spodniakova1_sowa_mont-800x533.jpg 800w, https:\/\/www.visitbratislava.com\/wp-content\/uploads\/2018\/05\/Korunovacie-Spodniakova1_sowa_mont-400x267.jpg 400w, https:\/\/www.visitbratislava.com\/wp-content\/uploads\/2018\/05\/Korunovacie-Spodniakova1_sowa_mont-768x512.jpg 768w, https:\/\/www.visitbratislava.com\/wp-content\/uploads\/2018\/05\/Korunovacie-Spodniakova1_sowa_mont-200x133.jpg 200w\" sizes=\"(max-width: 800px) 100vw, 800px\" \/><\/p>\n<ul>\n<li><strong>VIVA MUSICA! 2018<\/strong><\/li>\n<\/ul>\n<p>Das Viva Musica! Festival bringt seinen Besuchern jedes Jahr exklusive Musikprojekte in der Darbietung von erstklassigen inl\u00e4ndischen und ausl\u00e4ndischen K\u00fcnstlern, aber auch Konzerte voll ungezwungener Unterhaltung. Seit seinem ersten Jahrgang bietet es den Menschen das Beste aus der klassischen Musik in einer attraktiven Form f\u00fcr alle \u2013 an ungew\u00f6hnlichen Orten, in ungew\u00f6hnlichen Zusammenh\u00e4ngen und ohne Pflicht, Eintritt zu bestimmten Konzerten zu bezahlen.\u00a0 Dieses Konzept fand einen gro\u00dfen Erfolg: Das Viva Musica! Festival ist heute das gr\u00f6\u00dfte internationale sommerliche Musikfestival in Bratislava.<\/p>\n<p>Wann: Juni &#8211; August 2018<\/p>\n<p><img loading=\"lazy\" width=\"800\" height=\"533\" class=\"alignnone size-large wp-image-12676\" src=\"https:\/\/www.visitbratislava.com\/wp-content\/uploads\/2016\/03\/vivamusica_konzerva_28-800x533.png\" alt=\"\" srcset=\"https:\/\/www.visitbratislava.com\/wp-content\/uploads\/2016\/03\/vivamusica_konzerva_28-800x533.png 800w, https:\/\/www.visitbratislava.com\/wp-content\/uploads\/2016\/03\/vivamusica_konzerva_28-400x267.png 400w, https:\/\/www.visitbratislava.com\/wp-content\/uploads\/2016\/03\/vivamusica_konzerva_28-768x512.png 768w, https:\/\/www.visitbratislava.com\/wp-content\/uploads\/2016\/03\/vivamusica_konzerva_28-200x133.png 200w, https:\/\/www.visitbratislava.com\/wp-content\/uploads\/2016\/03\/vivamusica_konzerva_28.png 1600w\" sizes=\"(max-width: 800px) 100vw, 800px\" \/><\/p>\n<p>Beschr\u00e4nke dich nicht und erlebe alles in voller und vorteilhafter Weise! Du kannst die kulturellen Erlebnisse mit der <a href=\"http:\/\/card.visitbratislava.com\/de\/\" target=\"_blank\" rel=\"noopener\">Bratislava CARD City &amp; Region<\/a> multiplizieren.<\/p>\n","protected":false},"excerpt":{"rendered":"<p>Bis du ein Liebhaber von Kunst und Kultur, aber kein gro\u00dfer Fan von extremen Warteschlangen oder hohen Preisen in Museen und Galerien? Dann ist Bratislava die richtige Wahl! Genie\u00dfe die unwiederholbare Kunst in Bratislava ohne unn\u00f6tige Einschr\u00e4nkungen. Lasst dich verzaubern von faszinierenden Melodien, charmanten T\u00e4nzen und atemberaubenden Schauspielleistungen. Folge den Spuren der Geschichte und entdecke [&hellip;]<\/p>\n","protected":false},"author":21,"featured_media":43609,"parent":0,"menu_order":0,"comment_status":"closed","ping_status":"closed","template":"","meta":[],"acf":[],"_links":{"self":[{"href":"https:\/\/www.visitbratislava.com\/de\/wp-json\/wp\/v2\/pages\/43006"}],"collection":[{"href":"https:\/\/www.visitbratislava.com\/de\/wp-json\/wp\/v2\/pages"}],"about":[{"href":"https:\/\/www.visitbratislava.com\/de\/wp-json\/wp\/v2\/types\/page"}],"author":[{"embeddable":true,"href":"https:\/\/www.visitbratislava.com\/de\/wp-json\/wp\/v2\/users\/21"}],"replies":[{"embeddable":true,"href":"https:\/\/www.visitbratislava.com\/de\/wp-json\/wp\/v2\/comments?post=43006"}],"version-history":[{"count":0,"href":"https:\/\/www.visitbratislava.com\/de\/wp-json\/wp\/v2\/pages\/43006\/revisions"}],"wp:featuredmedia":[{"embeddable":true,"href":"https:\/\/www.visitbratislava.com\/de\/wp-json\/wp\/v2\/media\/43609"}],"wp:attachment":[{"href":"https:\/\/www.visitbratislava.com\/de\/wp-json\/wp\/v2\/media?parent=43006"}],"curies":[{"name":"wp","href":"https:\/\/api.w.org\/{rel}","templated":true}]}}