{"id":435577,"date":"2026-03-11T14:10:00","date_gmt":"2026-03-11T13:10:00","guid":{"rendered":"https:\/\/www.visitbratislava.com\/?page_id=435577"},"modified":"2026-04-09T11:43:59","modified_gmt":"2026-04-09T09:43:59","slug":"staatliche-werbun","status":"publish","type":"page","link":"https:\/\/www.visitbratislava.com\/de\/staatliche-werbun\/","title":{"rendered":"Staatliche Werbung"},"content":{"rendered":"<div class=\"flex flex-col text-sm pb-25\">\n<section class=\"text-token-text-primary w-full focus:outline-none [--shadow-height:45px] has-data-writing-block:pointer-events-none has-data-writing-block:-mt-(--shadow-height) has-data-writing-block:pt-(--shadow-height) [&amp;:has([data-writing-block])&gt;*]:pointer-events-auto scroll-mt-[calc(var(--header-height)+min(200px,max(70px,20svh)))]\" dir=\"auto\" data-turn-id=\"request-69aab80f-d624-832b-a1bf-9227d03e6d64-68\" data-testid=\"conversation-turn-86\" data-scroll-anchor=\"true\" data-turn=\"assistant\">\n<div class=\"text-base my-auto mx-auto pb-10 [--thread-content-margin:var(--thread-content-margin-xs,calc(var(--spacing)*4))] @w-sm\/main:[--thread-content-margin:var(--thread-content-margin-sm,calc(var(--spacing)*6))] @w-lg\/main:[--thread-content-margin:var(--thread-content-margin-lg,calc(var(--spacing)*16))] px-(--thread-content-margin)\">\n<div class=\"[--thread-content-max-width:40rem] @w-lg\/main:[--thread-content-max-width:48rem] mx-auto max-w-(--thread-content-max-width) flex-1 group\/turn-messages focus-visible:outline-hidden relative flex w-full min-w-0 flex-col agent-turn\">\n<div class=\"flex max-w-full flex-col gap-4 grow\">\n<div class=\"min-h-8 text-message relative flex w-full flex-col items-end gap-2 text-start break-words whitespace-normal outline-none keyboard-focused:focus-ring [.text-message+&amp;]:mt-1\" dir=\"auto\" tabindex=\"0\" data-message-author-role=\"assistant\" data-message-id=\"cb952649-0482-4a73-8cba-220a73794d6d\" data-message-model-slug=\"gpt-5-mini\" data-turn-start-message=\"true\">\n<div class=\"flex w-full flex-col gap-1 empty:hidden\">\n<div class=\"markdown prose dark:prose-invert w-full wrap-break-word light markdown-new-styling\">\n<h2 data-start=\"0\" data-end=\"95\">Vergabe \u00f6ffentlicher Mittel f\u00fcr Mediendienste und staatliche Werbung<\/h2>\n<p data-start=\"97\" data-end=\"825\">Die regionale Tourismusorganisation Bratislava Tourist Board ist als \u00f6ffentliche Einrichtung im Sinne der geltenden Rechtsvorschriften gem\u00e4\u00df Artikel 25 der Verordnung (EU) 2024\/1083 sowie dem Gesetz Nr. 264\/2022 Slg. \u00fcber Mediendienste verpflichtet, gem\u00e4\u00df \u00a7 103a Abs. 4 Buchst. a) des Gesetzes Nr. 264\/2022 Slg. \u00fcber Mediendienste im Voraus Informationen \u00fcber die Absicht zu ver\u00f6ffentlichen, staatliche Werbung zu bestellen oder zu vergeben. Dies umfasst transparente, objektive, verh\u00e4ltnism\u00e4\u00dfige und nichtdiskriminierende Kriterien f\u00fcr die Auswahl des Mediendienstes oder der Online-Plattform, auf der die staatliche Werbung ver\u00f6ffentlicht wird, sowie f\u00fcr die Auswahl des Anbieters des Mediendienstes oder der Online-Plattform.<\/p>\n<h3 data-section-id=\"1no1427\" data-start=\"827\" data-end=\"898\">Aktuelle Absichten zur Bestellung oder Vergabe staatlicher Werbung<\/h3>\n<p data-start=\"899\" data-end=\"1011\">Die regionale Tourismusorganisation hat derzeit keine Absicht, staatliche Werbung zu bestellen oder zu vergeben.<\/p>\n<hr \/>\n<h3 data-section-id=\"1x0k2s6\" data-start=\"1013\" data-end=\"1083\">Fr\u00fchere Absichten zur Bestellung oder Vergabe staatlicher Werbung<\/h3>\n<p>&nbsp;<\/p>\n<h3 data-section-id=\"rf92ae\" data-start=\"1085\" data-end=\"1164\">Informationen \u00fcber bereitgestellte \u00f6ffentliche Mittel f\u00fcr staatliche Werbung<\/h3>\n<h3 data-section-id=\"rf92ae\" data-start=\"1085\" data-end=\"1164\"><a style=\"font-size: 16px;\" href=\"https:\/\/www.visitbratislava.com\/wp-content\/uploads\/2026\/03\/2025_Statna-reklama_vynalozene-prostriedky_page-0001.pdf\">JAHR 2025<\/a><\/h3>\n<\/div>\n<\/div>\n<\/div>\n<\/div>\n<\/div>\n<\/div>\n<\/section>\n<\/div>\n","protected":false},"excerpt":{"rendered":"<p>Vergabe \u00f6ffentlicher Mittel f\u00fcr Mediendienste und staatliche Werbung Die regionale Tourismusorganisation Bratislava Tourist Board ist als \u00f6ffentliche Einrichtung im Sinne der geltenden Rechtsvorschriften gem\u00e4\u00df Artikel 25 der Verordnung (EU) 2024\/1083 sowie dem Gesetz Nr. 264\/2022 Slg. \u00fcber Mediendienste verpflichtet, gem\u00e4\u00df \u00a7 103a Abs. 4 Buchst. a) des Gesetzes Nr. 264\/2022 Slg. \u00fcber Mediendienste im Voraus [&hellip;]<\/p>\n","protected":false},"author":32,"featured_media":351778,"parent":0,"menu_order":0,"comment_status":"closed","ping_status":"closed","template":"","meta":[],"acf":[],"_links":{"self":[{"href":"https:\/\/www.visitbratislava.com\/de\/wp-json\/wp\/v2\/pages\/435577"}],"collection":[{"href":"https:\/\/www.visitbratislava.com\/de\/wp-json\/wp\/v2\/pages"}],"about":[{"href":"https:\/\/www.visitbratislava.com\/de\/wp-json\/wp\/v2\/types\/page"}],"author":[{"embeddable":true,"href":"https:\/\/www.visitbratislava.com\/de\/wp-json\/wp\/v2\/users\/32"}],"replies":[{"embeddable":true,"href":"https:\/\/www.visitbratislava.com\/de\/wp-json\/wp\/v2\/comments?post=435577"}],"version-history":[{"count":7,"href":"https:\/\/www.visitbratislava.com\/de\/wp-json\/wp\/v2\/pages\/435577\/revisions"}],"predecessor-version":[{"id":435917,"href":"https:\/\/www.visitbratislava.com\/de\/wp-json\/wp\/v2\/pages\/435577\/revisions\/435917"}],"wp:featuredmedia":[{"embeddable":true,"href":"https:\/\/www.visitbratislava.com\/de\/wp-json\/wp\/v2\/media\/351778"}],"wp:attachment":[{"href":"https:\/\/www.visitbratislava.com\/de\/wp-json\/wp\/v2\/media?parent=435577"}],"curies":[{"name":"wp","href":"https:\/\/api.w.org\/{rel}","templated":true}]}}