{"id":436090,"date":"2026-03-17T15:22:11","date_gmt":"2026-03-17T14:22:11","guid":{"rendered":"https:\/\/www.visitbratislava.com\/?page_id=436090"},"modified":"2026-03-18T12:53:54","modified_gmt":"2026-03-18T11:53:54","slug":"so-buchen-sie-eine-tour","status":"publish","type":"page","link":"https:\/\/www.visitbratislava.com\/de\/so-buchen-sie-eine-tour\/","title":{"rendered":"SO BUCHEN SIE EINE TOUR"},"content":{"rendered":"<p>Die Tour muss mindestens 3 Werktage im Voraus gebucht werden. Bei Interesse kontaktieren Sie uns bitte telefonisch oder per E-Mail \u00fcber die unten stehenden Kontaktdaten. Verbindliche Buchungen nehmen wir nur schriftlich entgegen (eine E-Mail gen\u00fcgt).<\/p>\n<p><strong>Bitte geben Sie bei Ihrer Bestellung Folgendes an:<\/strong><\/p>\n<ul>\n<li>Art der Tour<\/li>\n<li>Datum und Uhrzeit der Tour<\/li>\n<li>Gew\u00fcnschte Sprache der Tour<\/li>\n<li>Treffpunkt<\/li>\n<li>Anzahl der Personen in der Gruppe<\/li>\n<li>Zahlungsmethode \u2013 Rechnung oder Barzahlung bzw. Kartenzahlung im Tourist Information Center<\/li>\n<li>Name und Telefonnummer der Kontaktperson der Gruppe<\/li>\n<\/ul>\n<p><strong>Stornierungsbedingungen<\/strong><\/p>\n<ul>\n<li>Innerhalb von 24 Stunden vor Tourbeginn \u2013 50 % des Gesamtpreises<\/li>\n<li>Am Tag der Tour \u2013 100 % des Gesamtpreises<\/li>\n<li>Bestellter Transport \u2013 gem\u00e4\u00df den g\u00fcltigen Stornierungsbedingungen unserer Partner<\/li>\n<\/ul>\n<hr \/>\n<h3>Kontakt<\/h3>\n<p><span class=\"label\">\ud83d\udc64 <\/span><span class=\"value\"><a href=\"https:\/\/www.visitbratislava.com\/sk\/clenovia\/turisticke-informacne-centrum\/\">Turistick\u00e9 informa\u010dn\u00e9 centrum<\/a><\/span><\/p>\n<p><span class=\"label\">\ud83d\udcde <\/span><span class=\"value\"><a href=\"tel:+421(0)905848407\">+421 (0) 905 848 407<\/a><\/span><\/p>\n<p><span class=\"label\">\ud83d\udce7 <\/span><span class=\"value\"><a href=\"mailto:guides@visitbratislava.com\">guides@visitbratislava.com<\/a><\/span><\/p>\n<p><a class=\"cta-button\" href=\"mailto:guides@visitbratislava.com\" target=\"_blank\" rel=\"noopener\">BEFEHL<\/a><\/p>\n","protected":false},"excerpt":{"rendered":"<p>Die Tour muss mindestens 3 Werktage im Voraus gebucht werden. Bei Interesse kontaktieren Sie uns bitte telefonisch oder per E-Mail \u00fcber die unten stehenden Kontaktdaten. Verbindliche Buchungen nehmen wir nur schriftlich entgegen (eine E-Mail gen\u00fcgt). Bitte geben Sie bei Ihrer Bestellung Folgendes an: Art der Tour Datum und Uhrzeit der Tour Gew\u00fcnschte Sprache der Tour [&hellip;]<\/p>\n","protected":false},"author":32,"featured_media":436066,"parent":0,"menu_order":0,"comment_status":"closed","ping_status":"closed","template":"","meta":[],"acf":[],"_links":{"self":[{"href":"https:\/\/www.visitbratislava.com\/de\/wp-json\/wp\/v2\/pages\/436090"}],"collection":[{"href":"https:\/\/www.visitbratislava.com\/de\/wp-json\/wp\/v2\/pages"}],"about":[{"href":"https:\/\/www.visitbratislava.com\/de\/wp-json\/wp\/v2\/types\/page"}],"author":[{"embeddable":true,"href":"https:\/\/www.visitbratislava.com\/de\/wp-json\/wp\/v2\/users\/32"}],"replies":[{"embeddable":true,"href":"https:\/\/www.visitbratislava.com\/de\/wp-json\/wp\/v2\/comments?post=436090"}],"version-history":[{"count":5,"href":"https:\/\/www.visitbratislava.com\/de\/wp-json\/wp\/v2\/pages\/436090\/revisions"}],"predecessor-version":[{"id":436170,"href":"https:\/\/www.visitbratislava.com\/de\/wp-json\/wp\/v2\/pages\/436090\/revisions\/436170"}],"wp:featuredmedia":[{"embeddable":true,"href":"https:\/\/www.visitbratislava.com\/de\/wp-json\/wp\/v2\/media\/436066"}],"wp:attachment":[{"href":"https:\/\/www.visitbratislava.com\/de\/wp-json\/wp\/v2\/media?parent=436090"}],"curies":[{"name":"wp","href":"https:\/\/api.w.org\/{rel}","templated":true}]}}