{"id":46268,"date":"2018-08-08T16:04:54","date_gmt":"2018-08-08T14:04:54","guid":{"rendered":"https:\/\/www.visitbratislava.com\/?page_id=46268\/"},"modified":"2023-06-21T10:25:15","modified_gmt":"2023-06-21T08:25:15","slug":"wochenende-in-bratislava","status":"publish","type":"page","link":"https:\/\/www.visitbratislava.com\/de\/vlog\/wochenende-in-bratislava\/","title":{"rendered":"Genie\u00dfen Sie Ihr Wochenende mit Bratislava CARD"},"content":{"rendered":"<p><iframe src=\"https:\/\/www.youtube.com\/embed\/DyS-9jG1O-g\" width=\"1000\" height=\"500\" frameborder=\"0\" allowfullscreen=\"allowfullscreen\"><\/iframe><\/p>\n<p><span style=\"font-weight: 400;\">Dank der <a href=\"http:\/\/card.visitbratislava.com\/de\/\" target=\"_blank\" rel=\"noopener\">Bratislava CARD City &amp; Region<\/a>\u00a0f\u00fcr Touristen wird ein Besuch der slowakischen Hauptstadt sowohl angenehmer als auch praktischer. Sie erlaubt nicht nur die freie Nutzung des \u00f6ffentlichen Nahverkehrs in Stadt und Region, auch erh\u00e4lt man mit ihr freien Eintritt in bis zu 14 Museen und Erm\u00e4\u00dfigungen bei anderen Sehensw\u00fcrdigkeiten. Man bezahlt weniger beim Besuch von ausgew\u00e4hlten Galerien und Restaurants, f\u00fcr Helikopter-Rundfl\u00fcge oder Ausfl\u00fcge in die Umgebung. So lassen sich etliche Euro sparen.<\/span><\/p>\n<p><span style=\"font-weight: 400;\">\u201eNormalerweise benutze ich solche Karten bei meinen Reisen nicht, weil ich f\u00fcrchte, dass sie ihr Geld nicht wert sind. Aber die Bratislava Card ist relativ g\u00fcnstig, bietet Touristen hohe Rabatte und man kommt an vielen tollen Orten umsonst rein\u201c, sagt die Amerikanerin Anna Fay \u00fcber ihre Erfahrungen mit der Bratislava Card.<\/span><\/p>\n<h3><span style=\"font-weight: 400;\">Drei Tage mit Bratislava CARD<\/span><\/h3>\n<p><span style=\"font-weight: 400;\">Voll und ganz genie\u00dfen lassen sich Stadt und Umgebung mit der 3-Tages-Bratislava CARD. Der folgende Programmvorschlag bietet den gr\u00f6\u00dften Preisvorteil. Damit spart man mehr als 70 Euro.<\/span><\/p>\n<p><span style=\"font-weight: 400;\">Beginnen Sie ihre Stadtbesichtigung bei einer morgendlichen Tasse Kaffee und den weitbekannten Pressburger Kipferln in einem <a href=\"https:\/\/www.visitbratislava.com\/de\/besuch\/gastronomie-und-wein\/kaffee\/\" target=\"_blank\" rel=\"noopener\">der Caf\u00e9s in Bratislava<\/a>. Weiter geht es mit einem Besuch des <a href=\"https:\/\/www.visitbratislava.com\/de\/setzt\/altes-rathaus\/\" target=\"_blank\" rel=\"noopener\">Alten Rathauses<\/a>. Das darin befindliche Museum l\u00e4sst die Stadtgeschichte f\u00fcr viele \u00fcberraschend greifbar werden. Au\u00dferdem bietet der Rathausturm eine der besten Aussichten auf die Altstadt.<\/span><\/p>\n<p><img loading=\"lazy\" width=\"800\" height=\"524\" class=\"alignnone size-large wp-image-43114\" src=\"https:\/\/www.visitbratislava.com\/wp-content\/uploads\/2018\/05\/hrad-vyhlad-panorama-dom-sv-martina-800x524.jpg\" alt=\"\" srcset=\"https:\/\/www.visitbratislava.com\/wp-content\/uploads\/2018\/05\/hrad-vyhlad-panorama-dom-sv-martina-800x524.jpg 800w, https:\/\/www.visitbratislava.com\/wp-content\/uploads\/2018\/05\/hrad-vyhlad-panorama-dom-sv-martina-400x262.jpg 400w, https:\/\/www.visitbratislava.com\/wp-content\/uploads\/2018\/05\/hrad-vyhlad-panorama-dom-sv-martina-768x503.jpg 768w, https:\/\/www.visitbratislava.com\/wp-content\/uploads\/2018\/05\/hrad-vyhlad-panorama-dom-sv-martina-200x131.jpg 200w\" sizes=\"(max-width: 800px) 100vw, 800px\" \/><\/p>\n<p><span style=\"font-weight: 400;\">Nach einer kleinen St\u00e4rkung im <a href=\"https:\/\/www.visitbratislava.com\/de\/setzt\/orbis-street-food\/\" target=\"_blank\" rel=\"noopener\">Orbis-Streetfood<\/a>-Imbiss in der Stra\u00dfe Laurinsk\u00e1 geht es weiter mit einer einst\u00fcndigen kostenlosen Stadtf\u00fchrung. Diese beginnt um 14 Uhr beim Stadtinformationszentrum am Primaci\u00e1lne n\u00e1mestie. Nutzen sie die M\u00f6glichkeit und fragen sie ihren Stadtf\u00fchrer, wie das heutige Leben in der Stadt aussieht. Die Stadtf\u00fchrung endet \u00fcblicherweise am <a href=\"https:\/\/www.visitbratislava.com\/de\/setzt\/die-kathedrale-des-heiligen-martin\/\" target=\"_blank\" rel=\"noopener\">Martinsdom<\/a>, der Kr\u00f6nungsgeschichte atmet. Genau hier wurden elf Herrscher &#8211; darunter Maria Theresia &#8211; und sieben Gemahlinnen durch Aufsetzen der Krone in Amt und W\u00fcrden eingesetzt.<\/span><\/p>\n<p><span style=\"font-weight: 400;\">Anschlie\u00dfend haben sie noch genug Zeit, um der nahe gelegenen <a href=\"https:\/\/www.visitbratislava.com\/de\/setzt\/galerie-nedbalka\/\" target=\"_blank\" rel=\"noopener\">Galerie Nedbalka<\/a> einen Besuch abzustatten. Mit Bratislava CARD\u00a0erhalten Sie einen sch\u00f6nen Rabatt.\u00a0 Sie wird sie mit moderner slowakischer Kunst und ihrer ausgefallenen Architektur verzaubern. Nicht umsonst wird sie auch \u201eDas Kleine Guggenheim\u201c genannt.<\/span><\/p>\n<p><img loading=\"lazy\" class=\"alignnone wp-image-43666\" src=\"https:\/\/www.visitbratislava.com\/wp-content\/uploads\/2018\/06\/nedbalka-kongres.jpg\" alt=\"\" width=\"800\" height=\"533\" srcset=\"https:\/\/www.visitbratislava.com\/wp-content\/uploads\/2018\/06\/nedbalka-kongres.jpg 600w, https:\/\/www.visitbratislava.com\/wp-content\/uploads\/2018\/06\/nedbalka-kongres-400x267.jpg 400w, https:\/\/www.visitbratislava.com\/wp-content\/uploads\/2018\/06\/nedbalka-kongres-200x133.jpg 200w\" sizes=\"(max-width: 800px) 100vw, 800px\" \/><\/p>\n<p><span style=\"font-weight: 400;\">F\u00fcr das Abendessen empfiehlt sich das <a href=\"https:\/\/www.visitbratislava.com\/de\/setzt\/bratislava-flag-ship-restaurant\/\" target=\"_blank\" rel=\"noopener\">Bratislava-Flagship-Restaurant<\/a>. Dort k\u00f6nnen sie zahlreiche regionale Spezialit\u00e4ten probieren. Im Garten der Burg Bratislava oder auf der Aussichtsterrasse der <a href=\"https:\/\/www.visitbratislava.com\/de\/setzt\/die-snp-brucke\/\" target=\"_blank\" rel=\"noopener\">Br\u00fccke des Slowakischen Nationalaufstandes<\/a> (Most SNP) k\u00f6nnen sie den Abend ausklingen lassen.<\/span><\/p>\n<p><img loading=\"lazy\" width=\"800\" height=\"450\" class=\"alignnone size-large wp-image-3352\" src=\"https:\/\/www.visitbratislava.com\/wp-content\/uploads\/2014\/10\/letecka-devin-800x450.jpg\" alt=\"\" srcset=\"https:\/\/www.visitbratislava.com\/wp-content\/uploads\/2014\/10\/letecka-devin-800x450.jpg 800w, https:\/\/www.visitbratislava.com\/wp-content\/uploads\/2014\/10\/letecka-devin-400x225.jpg 400w, https:\/\/www.visitbratislava.com\/wp-content\/uploads\/2014\/10\/letecka-devin-200x113.jpg 200w\" sizes=\"(max-width: 800px) 100vw, 800px\" \/><\/p>\n<p><span style=\"font-weight: 400;\">Am zweiten Tag k\u00f6nnen sie das Passagierschiff nehmen und die Ruinen der <a href=\"https:\/\/www.visitbratislava.com\/de\/setzt\/burg-devin\/\" target=\"_blank\" rel=\"noopener\">Burg Dev\u00edn<\/a> (Hrad Dev\u00edn) besuchen. Mit ihrem romantischen Jungfrauenturm thront diese imponierend auf dem Felsen an der M\u00fcndung der March in die Donau.<\/span><\/p>\n<p><span style=\"font-weight: 400;\">\u201eEin Ausflug nach Dev\u00edn ist eine gute Gelegenheit um f\u00fcr ein paar Augenblicke raus aus der Stadt zu kommen und rein in die Natur\u201c, erkl\u00e4rt Anna.<\/span><\/p>\n<p><span style=\"font-weight: 400;\">Mit dem Bus Nummer 29 geht es zur\u00fcck zum Neuen Haus des Slowakischen Nationaltheaters (Haltestelle Nov\u00e9 SND). Nach einem kurzen Umstieg kann man hier entweder den Bus Nummer 90 oder ein Schiff am nahen Passagierhafen nehmen und das <a href=\"https:\/\/www.visitbratislava.com\/de\/setzt\/danubiana-meulensteen-art-museum\/\" target=\"_blank\" rel=\"noopener\">Danubiana Meulensteen Art Museum<\/a> in \u010cunovo besuchen. Die Galerie der Spitzenklasse liegt herrlich auf einer Halbinsel inmitten der Donau. Beenden sie den kunst- und geschichtstr\u00e4chtigen Tag im <a href=\"https:\/\/www.visitbratislava.com\/de\/setzt\/red-cat-cabaret-club\/\" target=\"_blank\" rel=\"noopener\">Red Cat Cabaret<\/a> oder der <a href=\"https:\/\/www.visitbratislava.com\/de\/setzt\/nuspirit-bar\/\" target=\"_blank\" rel=\"noopener\">Nu Spirit Ba<\/a>r.<\/span><\/p>\n<p><img loading=\"lazy\" width=\"800\" height=\"482\" class=\"alignnone size-large wp-image-18354\" src=\"https:\/\/www.visitbratislava.com\/wp-content\/uploads\/2016\/06\/Danubiana_peninsula-800x482.jpg\" alt=\"\" srcset=\"https:\/\/www.visitbratislava.com\/wp-content\/uploads\/2016\/06\/Danubiana_peninsula-800x482.jpg 800w, https:\/\/www.visitbratislava.com\/wp-content\/uploads\/2016\/06\/Danubiana_peninsula-400x241.jpg 400w, https:\/\/www.visitbratislava.com\/wp-content\/uploads\/2016\/06\/Danubiana_peninsula-768x463.jpg 768w, https:\/\/www.visitbratislava.com\/wp-content\/uploads\/2016\/06\/Danubiana_peninsula-200x121.jpg 200w\" sizes=\"(max-width: 800px) 100vw, 800px\" \/><\/p>\n<p><span style=\"font-weight: 400;\">Am dritten Tag haben Sie dank der Bratislava Card die M\u00f6glichkeit, kostenlos zur Burg \u010cerven\u00fd Kame\u0148 zu gelangen. In ihren ausgedehnten Kellern k\u00f6nnen sie zum Abschluss ihrer Schlossbesichtigung ein wenig abk\u00fchlen. Auf unseren R\u00fcckweg machen wir einen Zwischenstopp beim Museum der Kleinen Karpaten inmitten der malerischen Winzerstadt Pezinok. Hier kann man nicht nur die gr\u00f6\u00dfte Sammlung an Keltern in Mitteleuropa bestaunen, sondern sich auch am Abziehen zweier Flaschen versuchen und den vorz\u00fcglichen regionalen Wein verkosten.<\/span><\/p>\n<p><img loading=\"lazy\" width=\"800\" height=\"450\" class=\"alignnone size-large wp-image-46773\" src=\"https:\/\/www.visitbratislava.com\/wp-content\/uploads\/2018\/08\/FOTKY.00_03_26_03.Still007-800x450.jpg\" alt=\"\" srcset=\"https:\/\/www.visitbratislava.com\/wp-content\/uploads\/2018\/08\/FOTKY.00_03_26_03.Still007-800x450.jpg 800w, https:\/\/www.visitbratislava.com\/wp-content\/uploads\/2018\/08\/FOTKY.00_03_26_03.Still007-400x225.jpg 400w, https:\/\/www.visitbratislava.com\/wp-content\/uploads\/2018\/08\/FOTKY.00_03_26_03.Still007-768x432.jpg 768w, https:\/\/www.visitbratislava.com\/wp-content\/uploads\/2018\/08\/FOTKY.00_03_26_03.Still007-200x113.jpg 200w\" sizes=\"(max-width: 800px) 100vw, 800px\" \/><\/p>\n<p><span style=\"font-weight: 400;\">\u201eDas gr\u00f6\u00dfte Plus ist, dass die Karte dir die Reiseroute vorgibt\u201c, findet Anna.<\/span><\/p>\n<p><span style=\"font-weight: 400;\">Am einfachsten kauft man die Bratislava Card beim Stadtinformationszentrum in der Altstadt oder <a href=\"http:\/\/card.visitbratislava.com\/de\/\" target=\"_blank\" rel=\"noopener\">online<\/a>.<\/span><\/p>\n","protected":false},"excerpt":{"rendered":"<p>Dank der Bratislava CARD City &amp; Region\u00a0f\u00fcr Touristen wird ein Besuch der slowakischen Hauptstadt sowohl angenehmer als auch praktischer. Sie erlaubt nicht nur die freie Nutzung des \u00f6ffentlichen Nahverkehrs in Stadt und Region, auch erh\u00e4lt man mit ihr freien Eintritt in bis zu 14 Museen und Erm\u00e4\u00dfigungen bei anderen Sehensw\u00fcrdigkeiten. Man bezahlt weniger beim Besuch [&hellip;]<\/p>\n","protected":false},"author":21,"featured_media":47358,"parent":46511,"menu_order":0,"comment_status":"closed","ping_status":"closed","template":"","meta":[],"acf":[],"_links":{"self":[{"href":"https:\/\/www.visitbratislava.com\/de\/wp-json\/wp\/v2\/pages\/46268"}],"collection":[{"href":"https:\/\/www.visitbratislava.com\/de\/wp-json\/wp\/v2\/pages"}],"about":[{"href":"https:\/\/www.visitbratislava.com\/de\/wp-json\/wp\/v2\/types\/page"}],"author":[{"embeddable":true,"href":"https:\/\/www.visitbratislava.com\/de\/wp-json\/wp\/v2\/users\/21"}],"replies":[{"embeddable":true,"href":"https:\/\/www.visitbratislava.com\/de\/wp-json\/wp\/v2\/comments?post=46268"}],"version-history":[{"count":2,"href":"https:\/\/www.visitbratislava.com\/de\/wp-json\/wp\/v2\/pages\/46268\/revisions"}],"predecessor-version":[{"id":247374,"href":"https:\/\/www.visitbratislava.com\/de\/wp-json\/wp\/v2\/pages\/46268\/revisions\/247374"}],"up":[{"embeddable":true,"href":"https:\/\/www.visitbratislava.com\/de\/wp-json\/wp\/v2\/pages\/46511"}],"wp:featuredmedia":[{"embeddable":true,"href":"https:\/\/www.visitbratislava.com\/de\/wp-json\/wp\/v2\/media\/47358"}],"wp:attachment":[{"href":"https:\/\/www.visitbratislava.com\/de\/wp-json\/wp\/v2\/media?parent=46268"}],"curies":[{"name":"wp","href":"https:\/\/api.w.org\/{rel}","templated":true}]}}