{"id":46665,"date":"2018-08-17T10:45:25","date_gmt":"2018-08-17T08:45:25","guid":{"rendered":"https:\/\/www.visitbratislava.com\/?page_id=46665\/"},"modified":"2018-09-24T14:50:36","modified_gmt":"2018-09-24T12:50:36","slug":"grunes-bratislava","status":"publish","type":"page","link":"https:\/\/www.visitbratislava.com\/de\/vlog\/grunes-bratislava\/","title":{"rendered":"Willkommen in einer der gr\u00fcnsten St\u00e4dte der Welt"},"content":{"rendered":"<p><iframe src=\"https:\/\/www.youtube.com\/embed\/WpfbG7H6dAs\" width=\"860\" height=\"450\" frameborder=\"0\" allowfullscreen=\"allowfullscreen\"><\/iframe><\/p>\n<p><span style=\"font-weight: 400;\">Wussten Sie, dass Bratislava nach dem isl\u00e4ndischen Reykjavik und dem neuseel\u00e4ndischen Auckland die drittgr\u00fcnste Stadt f\u00fcr Touristen ist? Diese Platzierung verdankt es den Parks, von denen sich viele direkt im Stadtzentrum befinden, seiner Lage an der Donau sowie am Ursprung der W\u00e4lder des Karpatenbogens.<\/span><\/p>\n<p><span style=\"font-weight: 400;\">Aus der pulsierenden Gro\u00dfstadt direkt in die idyllische Natur, das alles ist in Bratislava nur ein kleiner Schritt. Sie k\u00f6nnen im Zentrum in einen Stadtbus oder ein Auto steigen und binnen weniger Minuten kommen Sie im Waldpark am Fu\u00dfe der Kleinen Karpaten an. Touristen, L\u00e4ufer, Familien mit Kindern, Picknickfreunde: in dieser gr\u00fcnen Oase finden Sie wahre Entspannung. Sie k\u00f6nnen sogar am Teich sitzen oder eine Seilbahn nehmen, die die Erholungsgebiete <a href=\"https:\/\/www.visitbratislava.com\/de\/setzt\/kamzik\/\" target=\"_blank\" rel=\"noopener\">Kamz\u00edk<\/a> und <a href=\"https:\/\/www.visitbratislava.com\/de\/setzt\/zelezna-studienka\/\" target=\"_blank\" rel=\"noopener\">\u017delezn\u00e1 studni\u010dka<\/a> (Eisenbr\u00fcnnl) miteinander verbindet.<\/span><\/p>\n<p><img loading=\"lazy\" width=\"800\" height=\"533\" class=\"size-large wp-image-40220 alignnone\" src=\"https:\/\/www.visitbratislava.com\/wp-content\/uploads\/2018\/03\/cyklo-green-male-karpaty-2-800x533.jpg\" alt=\"\" srcset=\"https:\/\/www.visitbratislava.com\/wp-content\/uploads\/2018\/03\/cyklo-green-male-karpaty-2-800x533.jpg 800w, https:\/\/www.visitbratislava.com\/wp-content\/uploads\/2018\/03\/cyklo-green-male-karpaty-2-400x267.jpg 400w, https:\/\/www.visitbratislava.com\/wp-content\/uploads\/2018\/03\/cyklo-green-male-karpaty-2-768x512.jpg 768w, https:\/\/www.visitbratislava.com\/wp-content\/uploads\/2018\/03\/cyklo-green-male-karpaty-2-200x133.jpg 200w\" sizes=\"(max-width: 800px) 100vw, 800px\" \/><\/p>\n<p><span style=\"font-weight: 400;\">Wenn Sie Sport bevorzugen, werden Sie sicherlich etwas aus dem reichen <a href=\"https:\/\/www.visitbratislava.com\/de\/ihre-reise\/entdecke-die-stadt\/sport\/radfahren\/\" target=\"_blank\" rel=\"noopener\">Netzwerk von Radwegen<\/a> w\u00e4hlen. Entlang der Donau, ihrer Arme sowie der March findet man in der Auenlandschaft vorwiegend leichtes Gel\u00e4nde. Adrenalinliebhaber kommen aber auch auf ihre Kosten. Neben anspruchsvolleren Radwegen im Waldpark gibt es an der Bergstation der Seilbahn zum Kamz\u00edk bis zu vier Trails mit unterschiedlichen Schwierigkeitsgraden.<\/span><\/p>\n<h3><strong>Eine Nacht hoch oben in den Baumkronen<\/strong><\/h3>\n<p><span style=\"font-weight: 400;\">Bratislava bietet auch eine noch viel ungew\u00f6hnlichere Erfahrung. Wie w\u00e4re es mit <a href=\"https:\/\/www.visitbratislava.com\/de\/setzt\/eine-nacht-im-baumhaeuschen\/\" target=\"_blank\" rel=\"noopener\">einer romantischen Nacht im Waldpark<\/a>, in einem der zwei H\u00e4user, die in Baumkronen errichtet wurden?<\/span><\/p>\n<p><span style=\"font-weight: 400;\">Kein Wecker, stattdessen fr\u00fches Vogelgezwitscher und Rauschen der Bl\u00e4tter. &#8222;Ich werde in dieses M\u00e4rchen irgendwann zur\u00fcckkehren&#8220;, trug einer der Besucher in die Hauschronik ein. Sie als Erholungssuchende werden einfach fester Bestandteil des Lebens in den Baumkronen.<\/span><\/p>\n<p><span style=\"font-weight: 400;\">&#8222;Die Atmosph\u00e4re ist wunderbar und absolut ideal, wenn man abschalten m\u00f6chte, auch weil hier der Handyempfang eher schlecht ist. Es gen\u00fcgt, wenn Sie sich auf die Terrasse setzen&#8220;, sagt Martina Koh\u00e1rov\u00e1 von der st\u00e4dtisch subventionierten Organisation Mestsk\u00e9 lesy (Stadtw\u00e4lder), die beide H\u00e4user betreibt.<\/span><\/p>\n<p><img loading=\"lazy\" width=\"800\" height=\"450\" class=\"alignnone size-large wp-image-46780\" src=\"https:\/\/www.visitbratislava.com\/wp-content\/uploads\/2018\/08\/GREEN-STILL-03-800x450.png\" alt=\"\" srcset=\"https:\/\/www.visitbratislava.com\/wp-content\/uploads\/2018\/08\/GREEN-STILL-03-800x450.png 800w, https:\/\/www.visitbratislava.com\/wp-content\/uploads\/2018\/08\/GREEN-STILL-03-400x225.png 400w, https:\/\/www.visitbratislava.com\/wp-content\/uploads\/2018\/08\/GREEN-STILL-03-768x432.png 768w, https:\/\/www.visitbratislava.com\/wp-content\/uploads\/2018\/08\/GREEN-STILL-03-200x113.png 200w\" sizes=\"(max-width: 800px) 100vw, 800px\" \/><\/p>\n<h3><strong>Dem Vogelgesang auf der Spur<\/strong><\/h3>\n<p><span style=\"font-weight: 400;\">Bratislava und seine Umgebung geh\u00f6ren dank der vielf\u00e4ltigen Landschaft zu den interessantesten Vogelbeobachtungsst\u00e4tten in der Slowakei. Am Eisenbr\u00fcnnl k\u00f6nnen Sie den \u00e4u\u00dferst seltenen Zwergschn\u00e4pper zu sehen bekommen. Den slowakischen &#8222;Papagei&#8220;, den auffallend bunten Bienenfresser, kann man auf dem Berg Dev\u00ednska Kobyla nahe der March erblicken, und das Hru\u0161over Donaustaubecken in der N\u00e4he des Bratislavaer Stadtteils \u010cunovo ist wiederum der geeignetste Platz, um \u00fcberwinternde V\u00f6gel zu beobachten.<\/span><\/p>\n<p><img loading=\"lazy\" width=\"800\" height=\"533\" class=\"alignnone size-large wp-image-43226\" src=\"https:\/\/www.visitbratislava.com\/wp-content\/uploads\/2018\/05\/Hudba-v-Sade-800x533.jpg\" alt=\"\" srcset=\"https:\/\/www.visitbratislava.com\/wp-content\/uploads\/2018\/05\/Hudba-v-Sade-800x533.jpg 800w, https:\/\/www.visitbratislava.com\/wp-content\/uploads\/2018\/05\/Hudba-v-Sade-400x267.jpg 400w, https:\/\/www.visitbratislava.com\/wp-content\/uploads\/2018\/05\/Hudba-v-Sade-768x512.jpg 768w, https:\/\/www.visitbratislava.com\/wp-content\/uploads\/2018\/05\/Hudba-v-Sade-200x133.jpg 200w\" sizes=\"(max-width: 800px) 100vw, 800px\" \/><\/p>\n<h3><strong>Entspannung auf dem Wasser<\/strong><\/h3>\n<p><span style=\"font-weight: 400;\">Die Kleine Donau und ihre Umgebung bieten auch wahre Naturromantik. &#8222;B\u00e4ume, die bis zur Wasseroberfl\u00e4che \u00fcberh\u00e4ngen, wundersch\u00f6ne Buchten und erstaunliche Ruhe&#8220;, erkl\u00e4rt Ladislav Krechny\u00e1k von einem Familienunternehmen, das sich mit dem Paddelsport und Wasserwandern im Allgemeinen im Gro\u00dfraum Bratislava besch\u00e4ftigt.<\/span><\/p>\n<p><span style=\"font-weight: 400;\">Egal, ob man Anf\u00e4nger oder ein erfahrener Wassersportler ist, die Kleine Donau ist f\u00fcr alle geeignet. Sehr beliebt sind vor allem Halb- und Ganztagesrouten, zum Beispiel vom Bratislavaer Stadtteil Vraku\u0148a nach Tom\u00e1\u0161ov. Zur Einstiegsstelle am Bootslager gelangen Sie mit den \u00f6ffentlichen Verkehrsmitteln und zur\u00fcck in die Hauptstadt wird der R\u00fccktransport vom Vermieter organisiert.<\/span><\/p>\n<p><span style=\"font-weight: 400;\">Falls Sie mehr Zeit haben, f\u00fchrt eine andere beliebte Route von Hurbanova Ves nach Jelka. Nicht nur, dass sie den sch\u00f6nsten Teil der Kleinen Donau befahren, sondern Sie k\u00f6nnen in Jelka auch eine der vier erhaltenen historischen Holzm\u00fchlen am Fluss besuchen.<\/span><\/p>\n<p><img loading=\"lazy\" class=\"alignnone wp-image-46377 size-large\" src=\"https:\/\/www.visitbratislava.com\/wp-content\/uploads\/2018\/08\/SplavNaMalomDunaji-800x531.jpg\" alt=\"\" width=\"800\" height=\"531\" srcset=\"https:\/\/www.visitbratislava.com\/wp-content\/uploads\/2018\/08\/SplavNaMalomDunaji-800x531.jpg 800w, https:\/\/www.visitbratislava.com\/wp-content\/uploads\/2018\/08\/SplavNaMalomDunaji-400x266.jpg 400w, https:\/\/www.visitbratislava.com\/wp-content\/uploads\/2018\/08\/SplavNaMalomDunaji-768x510.jpg 768w, https:\/\/www.visitbratislava.com\/wp-content\/uploads\/2018\/08\/SplavNaMalomDunaji-200x133.jpg 200w\" sizes=\"(max-width: 800px) 100vw, 800px\" \/><\/p>\n<h3><strong>Gr\u00fcnfl\u00e4chen in der K\u00f6nigsstadt<\/strong><\/h3>\n<p><span style=\"font-weight: 400;\">Bereits das k\u00f6nigliche Bratislava hat viel Wert auf die st\u00e4dtischen Gr\u00fcnfl\u00e4chen gelegt. Zum Gl\u00fcck m\u00fcssen Sie heute nicht mehr von adliger Herkunft sein, um den barocken Garten an der <a href=\"https:\/\/www.visitbratislava.com\/de\/setzt\/burg-bratislava\/\" target=\"_blank\" rel=\"noopener\">Bratislavaer Burg<\/a> betreten zu d\u00fcrfen. Der Garten wurde erst k\u00fcrzlich nach den Pl\u00e4nen aus der Zeit von Maria Theresia erneuert.<\/span><\/p>\n<p><span style=\"font-weight: 400;\">Gegen Ende ihrer Herrschaft wurde der \u00e4lteste \u00f6ffentliche Park in Mitteleuropa gegr\u00fcndet. Heute hei\u00dft er <a href=\"https:\/\/www.visitbratislava.com\/de\/setzt\/sad-janka-krala\/\" target=\"_blank\" rel=\"noopener\">Sad Janka Kr\u00e1\u013ea<\/a> (Janko-Kr\u00e1\u013e-Gr\u00fcnanlage) und liegt auf dem rechten Donauufer. Sie k\u00f6nnen durch die Gr\u00fcnanlage auf asphaltierten Gehwegen bummeln, m\u00e4chtige zweihundertj\u00e4hrige Platanen bewundern oder die Statue Ihres Sternzeichens finden. Es lohnt sich auch ein Foto von der Spitze des gotischen Turms der Franziskanerkirche. Dieses Turmoberteil wurde in den Park versetzt, nachdem Bratislava im Jahr 1897 von einem Erdbeben ersch\u00fcttert worden war.<\/span><\/p>\n<p><img loading=\"lazy\" width=\"800\" height=\"536\" class=\"alignnone size-large wp-image-46381\" src=\"https:\/\/www.visitbratislava.com\/wp-content\/uploads\/2018\/08\/SadJKrala-800x536.jpg\" alt=\"\" srcset=\"https:\/\/www.visitbratislava.com\/wp-content\/uploads\/2018\/08\/SadJKrala-800x536.jpg 800w, https:\/\/www.visitbratislava.com\/wp-content\/uploads\/2018\/08\/SadJKrala-400x268.jpg 400w, https:\/\/www.visitbratislava.com\/wp-content\/uploads\/2018\/08\/SadJKrala-768x514.jpg 768w, https:\/\/www.visitbratislava.com\/wp-content\/uploads\/2018\/08\/SadJKrala-200x134.jpg 200w\" sizes=\"(max-width: 800px) 100vw, 800px\" \/><\/p>\n<p><span style=\"font-weight: 400;\">Nach einer solcherart verbrachten angenehmen Zeit k\u00f6nnen Sie direkt im Park, zum Beispiel im <a href=\"https:\/\/www.visitbratislava.com\/de\/setzt\/restaurant-leberfinger\/\" target=\"_blank\" rel=\"noopener\">Restaurant Leberfinger<\/a>, Gerichte der guten alten Pressburger K\u00fcche verkosten oder von einem fest verankerten Schiff, das zum <a href=\"https:\/\/www.visitbratislava.com\/de\/setzt\/restaurant-dunajsky-pivovar\/\" target=\"_blank\" rel=\"noopener\">Restaurant Dunajsk\u00fd pivovar<\/a> (Donaubrauerei) umgebaut wurde, den Ausblick auf die Szenerie der Hauptstadt genie\u00dfen. Dar\u00fcber hinaus erhalten Sie in beiden Restaurants einen Rabatt in H\u00f6he von 10%, sofern Sie die <a href=\"http:\/\/card.visitbratislava.com\/de\/\" target=\"_blank\" rel=\"noopener\">Bratislava CARD City &amp; Region<\/a> besitzen.<\/span><\/p>\n<p><span style=\"font-weight: 400;\">Zu den \u00fcbrigen zentral gelegenen Stadtparks, die einer langen Tradition folgen, geh\u00f6ren wohl der popul\u00e4rste Bratislavaer Garten &#8211; <a href=\"https:\/\/www.visitbratislava.com\/de\/setzt\/medizinischer-garten\/\" target=\"_blank\" rel=\"noopener\">Medick\u00e1 z\u00e1hrada<\/a> (Medizinischer Garten) &#8211; sowie <a href=\"https:\/\/www.visitbratislava.com\/de\/setzt\/waldpark\/\" target=\"_blank\" rel=\"noopener\">Horsk\u00fd park<\/a> (Gebirgspark) oder <a href=\"https:\/\/www.visitbratislava.com\/de\/setzt\/garten-grassalkovich\/\" target=\"_blank\" rel=\"noopener\">Prezidentsk\u00e1 z\u00e1hrada<\/a> (Pr\u00e4sidentengarten).<\/span><\/p>\n","protected":false},"excerpt":{"rendered":"<p>Wussten Sie, dass Bratislava nach dem isl\u00e4ndischen Reykjavik und dem neuseel\u00e4ndischen Auckland die drittgr\u00fcnste Stadt f\u00fcr Touristen ist? Diese Platzierung verdankt es den Parks, von denen sich viele direkt im Stadtzentrum befinden, seiner Lage an der Donau sowie am Ursprung der W\u00e4lder des Karpatenbogens. Aus der pulsierenden Gro\u00dfstadt direkt in die idyllische Natur, das alles [&hellip;]<\/p>\n","protected":false},"author":21,"featured_media":46780,"parent":46511,"menu_order":0,"comment_status":"closed","ping_status":"closed","template":"","meta":[],"acf":[],"_links":{"self":[{"href":"https:\/\/www.visitbratislava.com\/de\/wp-json\/wp\/v2\/pages\/46665"}],"collection":[{"href":"https:\/\/www.visitbratislava.com\/de\/wp-json\/wp\/v2\/pages"}],"about":[{"href":"https:\/\/www.visitbratislava.com\/de\/wp-json\/wp\/v2\/types\/page"}],"author":[{"embeddable":true,"href":"https:\/\/www.visitbratislava.com\/de\/wp-json\/wp\/v2\/users\/21"}],"replies":[{"embeddable":true,"href":"https:\/\/www.visitbratislava.com\/de\/wp-json\/wp\/v2\/comments?post=46665"}],"version-history":[{"count":0,"href":"https:\/\/www.visitbratislava.com\/de\/wp-json\/wp\/v2\/pages\/46665\/revisions"}],"up":[{"embeddable":true,"href":"https:\/\/www.visitbratislava.com\/de\/wp-json\/wp\/v2\/pages\/46511"}],"wp:featuredmedia":[{"embeddable":true,"href":"https:\/\/www.visitbratislava.com\/de\/wp-json\/wp\/v2\/media\/46780"}],"wp:attachment":[{"href":"https:\/\/www.visitbratislava.com\/de\/wp-json\/wp\/v2\/media?parent=46665"}],"curies":[{"name":"wp","href":"https:\/\/api.w.org\/{rel}","templated":true}]}}