{"id":47076,"date":"2018-08-22T14:30:57","date_gmt":"2018-08-22T12:30:57","guid":{"rendered":"https:\/\/www.visitbratislava.com\/?page_id=47076\/"},"modified":"2023-07-11T11:01:29","modified_gmt":"2023-07-11T09:01:29","slug":"schwimmbad","status":"publish","type":"page","link":"https:\/\/www.visitbratislava.com\/de\/vlog\/schwimmbad\/","title":{"rendered":"Bratislava ist im Sommer ein Strandresort"},"content":{"rendered":"<p><iframe src=\"https:\/\/www.youtube.com\/embed\/7Cs3EqxRSHE\" width=\"800\" height=\"400\" frameborder=\"0\" allowfullscreen=\"allowfullscreen\"><span data-mce-type=\"bookmark\" style=\"display: inline-block; width: 0px; overflow: hidden; line-height: 0;\" class=\"mce_SELRES_start\">\ufeff<\/span><\/iframe><\/p>\n<p><span style=\"font-weight: 400;\">Auch wenn Bratislava eine Binnenstadt ist, gibt es viele Pl\u00e4tze, an denen eine richtige Strandatmosph\u00e4re aufkommt. Die Ufer der Donau, nur ein paar Schritte entfernt vom Stadtzentrum, verwandeln sich jedes Jahr in Sandstr\u00e4nde und Volleyballpl\u00e4tze. Am Stadtrand von Bratislava bietet der Zlat\u00e9 Piesky Erholungsort alles, von Badem\u00f6glichkeiten, bis zu adrenalingeladenem Wassersport. Au\u00dferdem gibt es traditionelle Schwimmbad, f\u00fcr alle die sich abk\u00fchlen wollen. Rafting-Liebhaber kommen im Divok\u00e1 Voda Wildwasserpark in \u010cunovo auf ihre Kosten.<\/span><\/p>\n<h3><strong>Der Strand ist nur eine Stra\u00dfenbahnfahrt entfernt<\/strong><\/h3>\n<p><span style=\"font-weight: 400;\">Nehmen Sie die Stra\u00dfenbahn Nummer 4 und Sie finden sich bald in einer v\u00f6llig anderen Welt wieder. Der Erholungsort mit dem gr\u00f6\u00dften See in Bratislava &#8211; Zlat\u00e9 Piesky, oder goldene Sande auf Deutsch. Dieser Ort hat alles, was man f\u00fcr einen gro\u00dfartigen Sommerurlaub braucht: einen Kiesstrand, erfrischendes Wasser, Sonnenschirme, B\u00e4ume die Schatten spenden, Sportkurse und Kinderspielpl\u00e4tze, genauso wie Wasserfahrr\u00e4der und -rutschen.<\/span><\/p>\n<p><img loading=\"lazy\" width=\"800\" height=\"533\" class=\"alignnone size-large wp-image-47207\" src=\"https:\/\/www.visitbratislava.com\/wp-content\/uploads\/2018\/08\/Zlat\u00e9Piesky-800x533.jpg\" alt=\"\" srcset=\"https:\/\/www.visitbratislava.com\/wp-content\/uploads\/2018\/08\/Zlat\u00e9Piesky-800x533.jpg 800w, https:\/\/www.visitbratislava.com\/wp-content\/uploads\/2018\/08\/Zlat\u00e9Piesky-400x267.jpg 400w, https:\/\/www.visitbratislava.com\/wp-content\/uploads\/2018\/08\/Zlat\u00e9Piesky-768x512.jpg 768w, https:\/\/www.visitbratislava.com\/wp-content\/uploads\/2018\/08\/Zlat\u00e9Piesky-200x133.jpg 200w\" sizes=\"(max-width: 800px) 100vw, 800px\" \/><\/p>\n<p><span style=\"font-weight: 400;\">Wer aktiver sein will, sollte zur <a href=\"https:\/\/www.visitbratislava.com\/de\/setzt\/wakelake\/\" target=\"_blank\" rel=\"noopener\">Wakelake Area<\/a> gehen, mit dem Wakeboard-Schleppseil direkt neben dem Strand. Profis, genauso wie Anf\u00e4nger trainieren hier auf verschiedenen Rampen und Hindernissen. Die dynamische Musik im Hintergrund wird Sie Schwung bringen, noch bevor Sie Wakeboarding, eine Mischung aus Snowboarding und Surftechniken, \u00fcberhaupt versucht haben.<\/span><\/p>\n<p><span style=\"font-weight: 400;\">Ondrej Kone\u010dn\u00fd hat den Wakeboardern immer bei ihren unglaublichen akrobatischen Tricks zugeschaut. Erst nach einiger Zeit hat er sich getraut, selbst auf ein Wakeboard zu steigen.<\/span><\/p>\n<blockquote><p><span style=\"font-weight: 400;\">\u201cIch habe auch Flyboards ausprobiert. Das ist ein fliegendes Brett, das von Jet-Skis angetrieben wird, auf dem man \u00fcber Wasser fliegen kann. Ich habe mich gef\u00fchlt wie Superman\u201d, lacht Ondrej.<\/span><\/p><\/blockquote>\n<p><span style=\"font-weight: 400;\">Noch mehr adrenalingeladener Spa\u00df wartet auf der anderen Seite Bratislavas bei <a href=\"https:\/\/www.visitbratislava.com\/de\/setzt\/divoka-voda-cunovo-wildwasser-cunovo\/\" target=\"_blank\" rel=\"noopener\">Divok\u00e1 Voda<\/a>. Steigen Sie mit Ihren Freunden auf ein Raftingboot und fahren Sie den k\u00fcnstlichen Wildfluss hinunter, oder toben Sie sich auf der einzigen k\u00fcnstlichen Surfwelle dieser Art in Europa aus.<\/span><\/p>\n<p>Sie k\u00f6nnen sich auch in vielen <a href=\"https:\/\/www.visitbratislava.com\/de\/ihre-reise\/jahreszeiten\/sommer\/schwimmbader\/\" target=\"_blank\" rel=\"noopener\">Schwimmb\u00e4dern<\/a> der Stadt abk\u00fchlen, beispielsweise in Teheln\u00e9 Pole und Delf\u00edn.<\/p>\n<p><img loading=\"lazy\" width=\"800\" height=\"453\" class=\"alignnone size-large wp-image-47211\" src=\"https:\/\/www.visitbratislava.com\/wp-content\/uploads\/2018\/08\/TehelnePole-800x453.jpg\" alt=\"\" srcset=\"https:\/\/www.visitbratislava.com\/wp-content\/uploads\/2018\/08\/TehelnePole-800x453.jpg 800w, https:\/\/www.visitbratislava.com\/wp-content\/uploads\/2018\/08\/TehelnePole-400x226.jpg 400w, https:\/\/www.visitbratislava.com\/wp-content\/uploads\/2018\/08\/TehelnePole-768x435.jpg 768w, https:\/\/www.visitbratislava.com\/wp-content\/uploads\/2018\/08\/TehelnePole-200x113.jpg 200w\" sizes=\"(max-width: 800px) 100vw, 800px\" \/><\/p>\n<p><span style=\"font-weight: 400;\">Wenn Sie einen Ort abseits der \u00fcblichen Touristenpfade suchen, genie\u00dfen Sie bestimmt die gem\u00fctliche Atmosph\u00e4re des Mi\u010durin Schwimmbades im Wohngebiet neben der <a href=\"https:\/\/www.visitbratislava.com\/de\/setzt\/burg-bratislava\/\" target=\"_blank\" rel=\"noopener\">Bratislava Burg<\/a>. Familien mit Kindern werden sich besonders \u00fcber den Pool mit einer 50 Meter langen dreispurigen Rutsche freuen.<\/span><\/p>\n<p><span style=\"font-weight: 400;\">Lassen Sie den Tag ausklingen beim Kuchajda See, nahe am Polus Einkaufszentrum. Besuchen Sie einen Yoga- oder Latino Fitnesskurs, oder gehen Sie fischen f\u00fcr ein frisch gefangenes Abendessen. Eine Abendvorf\u00fchrung im open-air Kino ist der perfekte Ausklang f\u00fcr einen unvergesslichen Tag.<\/span><\/p>\n<h3><strong>Strandrausch an der Donau<\/strong><\/h3>\n<p><span style=\"font-weight: 400;\">Die hei\u00dfen Sommertage kann man auch an den modernen City-Str\u00e4nden an der Donau ve<\/span><span style=\"font-weight: 400;\">rbringen.<\/span><\/p>\n<p><img loading=\"lazy\" width=\"800\" height=\"533\" class=\"alignnone size-large wp-image-47216\" src=\"https:\/\/www.visitbratislava.com\/wp-content\/uploads\/2018\/08\/MagioPl\u00e1\u017e-800x533.jpg\" alt=\"\" srcset=\"https:\/\/www.visitbratislava.com\/wp-content\/uploads\/2018\/08\/MagioPl\u00e1\u017e-800x533.jpg 800w, https:\/\/www.visitbratislava.com\/wp-content\/uploads\/2018\/08\/MagioPl\u00e1\u017e-400x267.jpg 400w, https:\/\/www.visitbratislava.com\/wp-content\/uploads\/2018\/08\/MagioPl\u00e1\u017e-768x512.jpg 768w, https:\/\/www.visitbratislava.com\/wp-content\/uploads\/2018\/08\/MagioPl\u00e1\u017e-200x133.jpg 200w\" sizes=\"(max-width: 800px) 100vw, 800px\" \/><\/p>\n<p><span style=\"font-weight: 400;\">Der ber\u00fchmteste ist der <a href=\"https:\/\/www.visitbratislava.com\/de\/setzt\/magio-strand\/\" target=\"_blank\" rel=\"noopener\">Tyr\u015b\u00e1k-Strand<\/a> am Tyr\u0161ovo Ufer. Schneewei\u00dfer Sand verwandelt diesen Teil Bratislavas jedes Jahr in eine Strandgegend. Katar\u00edna Seleck\u00e1 ist eine regelm\u00e4\u00dfige Besucherin und liebt es, Freunde dorthin mitzunehmen. Alle m\u00f6gen die angenehme Umgebung mit Ausblick auf Donau und Altstadt.<\/span><\/p>\n<blockquote><p><span style=\"font-weight: 400;\">\u201cMan sitzt hier einfach in Frieden\u201d, sagt sie, w\u00e4hrend sie sich mit Zitroneneis in der Hand auf einem Liegestuhl entspannt.<\/span><\/p><\/blockquote>\n<p><span style=\"font-weight: 400;\">Der Strand bietet f\u00fcr alle etwas. Besucher k\u00f6nnen B\u00fccher lesen, Fitnesskurse belegen, Beachvolleyball spielen, exotische Drinks schl\u00fcrfen, und Eis essen bei einem Abendkonzert, oder w\u00e4hrend sie einen Film im Freiluftkino sehen.<\/span><\/p>\n<p>Die Atmosph\u00e4re am Meer k\u00f6nnen Sie auch an der Donaupromenade beim Einkaufszentrum Eurovea genie\u00dfen.<\/p>\n<p><img loading=\"lazy\" width=\"800\" height=\"533\" class=\"alignnone size-large wp-image-36959\" src=\"https:\/\/www.visitbratislava.com\/wp-content\/uploads\/2017\/10\/ba-eurovea021-800x533.jpg\" alt=\"\" srcset=\"https:\/\/www.visitbratislava.com\/wp-content\/uploads\/2017\/10\/ba-eurovea021-800x533.jpg 800w, https:\/\/www.visitbratislava.com\/wp-content\/uploads\/2017\/10\/ba-eurovea021-400x267.jpg 400w, https:\/\/www.visitbratislava.com\/wp-content\/uploads\/2017\/10\/ba-eurovea021-768x512.jpg 768w, https:\/\/www.visitbratislava.com\/wp-content\/uploads\/2017\/10\/ba-eurovea021-200x133.jpg 200w\" sizes=\"(max-width: 800px) 100vw, 800px\" \/><\/p>\n","protected":false},"excerpt":{"rendered":"<p>\ufeff Auch wenn Bratislava eine Binnenstadt ist, gibt es viele Pl\u00e4tze, an denen eine richtige Strandatmosph\u00e4re aufkommt. Die Ufer der Donau, nur ein paar Schritte entfernt vom Stadtzentrum, verwandeln sich jedes Jahr in Sandstr\u00e4nde und Volleyballpl\u00e4tze. Am Stadtrand von Bratislava bietet der Zlat\u00e9 Piesky Erholungsort alles, von Badem\u00f6glichkeiten, bis zu adrenalingeladenem Wassersport. Au\u00dferdem gibt es [&hellip;]<\/p>\n","protected":false},"author":21,"featured_media":47371,"parent":46511,"menu_order":0,"comment_status":"closed","ping_status":"closed","template":"","meta":[],"acf":[],"_links":{"self":[{"href":"https:\/\/www.visitbratislava.com\/de\/wp-json\/wp\/v2\/pages\/47076"}],"collection":[{"href":"https:\/\/www.visitbratislava.com\/de\/wp-json\/wp\/v2\/pages"}],"about":[{"href":"https:\/\/www.visitbratislava.com\/de\/wp-json\/wp\/v2\/types\/page"}],"author":[{"embeddable":true,"href":"https:\/\/www.visitbratislava.com\/de\/wp-json\/wp\/v2\/users\/21"}],"replies":[{"embeddable":true,"href":"https:\/\/www.visitbratislava.com\/de\/wp-json\/wp\/v2\/comments?post=47076"}],"version-history":[{"count":3,"href":"https:\/\/www.visitbratislava.com\/de\/wp-json\/wp\/v2\/pages\/47076\/revisions"}],"predecessor-version":[{"id":249801,"href":"https:\/\/www.visitbratislava.com\/de\/wp-json\/wp\/v2\/pages\/47076\/revisions\/249801"}],"up":[{"embeddable":true,"href":"https:\/\/www.visitbratislava.com\/de\/wp-json\/wp\/v2\/pages\/46511"}],"wp:featuredmedia":[{"embeddable":true,"href":"https:\/\/www.visitbratislava.com\/de\/wp-json\/wp\/v2\/media\/47371"}],"wp:attachment":[{"href":"https:\/\/www.visitbratislava.com\/de\/wp-json\/wp\/v2\/media?parent=47076"}],"curies":[{"name":"wp","href":"https:\/\/api.w.org\/{rel}","templated":true}]}}