{"id":48162,"date":"2018-09-19T13:21:13","date_gmt":"2018-09-19T11:21:13","guid":{"rendered":"https:\/\/www.visitbratislava.com\/?page_id=48162\/"},"modified":"2024-01-16T14:00:57","modified_gmt":"2024-01-16T13:00:57","slug":"bikesharing","status":"publish","type":"page","link":"https:\/\/www.visitbratislava.com\/de\/bikesharing\/","title":{"rendered":"Bikesharing &#8211; Bratislava auf zwei R\u00e4dern"},"content":{"rendered":"<p>Genie\u00dfen Sie Bratislava sorgenlos auf zwei R\u00e4dern! Das Projekt Bikesharing bringt auf die Stra\u00dfen der Hauptstadt 550 Fahrr\u00e4der, mit welchen Sie schnell und einfach dorthin gelangen, wohin Sie brauchen.<\/p>\n<p><img loading=\"lazy\" width=\"800\" height=\"533\" class=\"alignnone size-large wp-image-48181\" src=\"https:\/\/www.visitbratislava.com\/wp-content\/uploads\/2018\/09\/DSC_0455_FINAL_bikeharing-800x533.jpg\" alt=\"\" srcset=\"https:\/\/www.visitbratislava.com\/wp-content\/uploads\/2018\/09\/DSC_0455_FINAL_bikeharing-800x533.jpg 800w, https:\/\/www.visitbratislava.com\/wp-content\/uploads\/2018\/09\/DSC_0455_FINAL_bikeharing-400x267.jpg 400w, https:\/\/www.visitbratislava.com\/wp-content\/uploads\/2018\/09\/DSC_0455_FINAL_bikeharing-768x512.jpg 768w, https:\/\/www.visitbratislava.com\/wp-content\/uploads\/2018\/09\/DSC_0455_FINAL_bikeharing-200x133.jpg 200w, https:\/\/www.visitbratislava.com\/wp-content\/uploads\/2018\/09\/DSC_0455_FINAL_bikeharing.jpg 1500w\" sizes=\"(max-width: 800px) 100vw, 800px\" \/><\/p>\n<p>W\u00e4hlen Sie eine aktive Wochenenderholung im Zentrum der Stadt oder erkennen Sie einen der weiteren Stadtteile. Gelbe Fahrr\u00e4der finden Sie in mehr als 100 Dockstationen in 8 Stadtteil eneinschlie\u00dflich der Altstadt (Star\u00e9 Mesto). Dank dutzenden Stationen k\u00f6nnen Sie das Fahrrad am beliebigen Platz abstellen und dieses wieder f\u00fcr Ihre weitere Fahrt ausleihen.<\/p>\n<p>Dank dem Projekt Bikesharing weichen Sie dem Verkehrsstau aus und schonen die Umwelt.<\/p>\n<p><strong>FAHRRAD FAHREN ab<\/strong> <strong><a href=\"https:\/\/slovnaftbajk.sk\/en\" target=\"_blank\" rel=\"noopener\">9 \u20ac<\/a>!<\/strong>\u00a0Mehr Informationen finden Sie <a href=\"https:\/\/slovnaftbajk.sk\/en\">HIER<\/a> (Nur auf Englisch).<\/p>\n","protected":false},"excerpt":{"rendered":"<p>Genie\u00dfen Sie Bratislava sorgenlos auf zwei R\u00e4dern! Das Projekt Bikesharing bringt auf die Stra\u00dfen der Hauptstadt 550 Fahrr\u00e4der, mit welchen Sie schnell und einfach dorthin gelangen, wohin Sie brauchen. W\u00e4hlen Sie eine aktive Wochenenderholung im Zentrum der Stadt oder erkennen Sie einen der weiteren Stadtteile. Gelbe Fahrr\u00e4der finden Sie in mehr als 100 Dockstationen in [&hellip;]<\/p>\n","protected":false},"author":21,"featured_media":64678,"parent":0,"menu_order":0,"comment_status":"closed","ping_status":"closed","template":"","meta":[],"acf":[],"_links":{"self":[{"href":"https:\/\/www.visitbratislava.com\/de\/wp-json\/wp\/v2\/pages\/48162"}],"collection":[{"href":"https:\/\/www.visitbratislava.com\/de\/wp-json\/wp\/v2\/pages"}],"about":[{"href":"https:\/\/www.visitbratislava.com\/de\/wp-json\/wp\/v2\/types\/page"}],"author":[{"embeddable":true,"href":"https:\/\/www.visitbratislava.com\/de\/wp-json\/wp\/v2\/users\/21"}],"replies":[{"embeddable":true,"href":"https:\/\/www.visitbratislava.com\/de\/wp-json\/wp\/v2\/comments?post=48162"}],"version-history":[{"count":4,"href":"https:\/\/www.visitbratislava.com\/de\/wp-json\/wp\/v2\/pages\/48162\/revisions"}],"predecessor-version":[{"id":275915,"href":"https:\/\/www.visitbratislava.com\/de\/wp-json\/wp\/v2\/pages\/48162\/revisions\/275915"}],"wp:featuredmedia":[{"embeddable":true,"href":"https:\/\/www.visitbratislava.com\/de\/wp-json\/wp\/v2\/media\/64678"}],"wp:attachment":[{"href":"https:\/\/www.visitbratislava.com\/de\/wp-json\/wp\/v2\/media?parent=48162"}],"curies":[{"name":"wp","href":"https:\/\/api.w.org\/{rel}","templated":true}]}}