{"id":49049,"date":"2018-10-09T10:09:48","date_gmt":"2018-10-09T08:09:48","guid":{"rendered":"https:\/\/www.visitbratislava.com\/?page_id=49049\/"},"modified":"2021-07-02T13:41:56","modified_gmt":"2021-07-02T11:41:56","slug":"juedische-bratislava","status":"publish","type":"page","link":"https:\/\/www.visitbratislava.com\/de\/juedische-bratislava\/","title":{"rendered":"J\u00fcdische Bratislava"},"content":{"rendered":"<p>Die Geschichte der Juden in der Stadt wich leider den Trag\u00f6dien nicht aus, gleich ob in Form deren Vertreibung, Umkommens w\u00e4hrend Holocaust und Zerst\u00f6rung des j\u00fcdischen Erbe zur Zeit des kommunistischen Regimes. <strong>Bis heute erinnern in der Stadt viele Geb\u00e4ude, Stra\u00dfen oder Denkm\u00e4ler an die j\u00fcdische Bev\u00f6lkerung und deren Kultur, welche in sich ein St\u00fcck der Geschichte verbergen.<\/strong> Wissen Sie, wo sich das versteckte Tor der Synagoge aus dem 14.Jahrhundert befindet oder\u00a0wie das Holocaust-Denkmal aussieht? \u00a0Erkennen Sie die bedeutendsten, die sich mit der j\u00fcdischen Kultur verbinden:<\/p>\r\n<p><iframe src=\"https:\/\/www.google.com\/maps\/d\/embed?mid=1V9chj4xwzXpPk1C5pyVCWNvMHWHa6A4l\" width=\"800\" height=\"480\" data-mce-fragment=\"1\"><span data-mce-type=\"bookmark\" style=\"display: inline-block; width: 0px; overflow: hidden; line-height: 0;\" class=\"mce_SELRES_start\">\ufeff<\/span><\/iframe><\/p>\r\n<!-- \/wp:paragraph -->\r\n\r\n<!-- wp:heading {\"level\":3} --><!-- \/wp:paragraph -->\r\n\r\n<!-- wp:heading {\"level\":3} -->\r\n<h2><a href=\"http:\/\/www.chatamsofer.sk\/en\/home\" target=\"_blank\" rel=\"noopener\"><strong>Chatam Sof\u00e9r <\/strong><strong>Denkmal<\/strong><\/a><\/h2>\r\n<p>Das Denkmal des ber\u00fchmten j\u00fcdischen Gelehrten Chatam Sof\u00e9r (1762-1839). Neben seiner Gruft befinden sich hier weitere 22 Gr\u00e4ber der bedeutenden Pers\u00f6nlichkeiten der j\u00fcdischen Kommunit\u00e4t.<\/p>\r\n<p><strong>Wo:<\/strong> N\u00e1bre\u017eie arm\u00e1dneho gener\u00e1la Ludvika Svobodu 20<\/p>\r\n<p><img loading=\"lazy\" class=\"alignnone wp-image-67129 size-large\" src=\"https:\/\/www.visitbratislava.com\/wp-content\/uploads\/2019\/10\/chatam_sofer01-800x531.jpg\" alt=\"\" width=\"800\" height=\"531\" srcset=\"https:\/\/www.visitbratislava.com\/wp-content\/uploads\/2019\/10\/chatam_sofer01-800x531.jpg 800w, https:\/\/www.visitbratislava.com\/wp-content\/uploads\/2019\/10\/chatam_sofer01-400x266.jpg 400w, https:\/\/www.visitbratislava.com\/wp-content\/uploads\/2019\/10\/chatam_sofer01-768x510.jpg 768w, https:\/\/www.visitbratislava.com\/wp-content\/uploads\/2019\/10\/chatam_sofer01-200x133.jpg 200w\" sizes=\"(max-width: 800px) 100vw, 800px\" \/><\/p>\r\n<!-- \/wp:paragraph -->\r\n\r\n<!-- wp:heading {\"level\":3} -->\r\n<h2><a href=\"http:\/\/www.synagogue.sk\/en\/home\" target=\"_blank\" rel=\"noopener\"><strong>Synagoge<\/strong><\/a><\/h2>\r\n<p>Letzte erhalten gebliebene Synagoge wurde in den Jahren 1923-1926 nach den Projekten des Architekten Artur Szalatnai-Slatinsky erbaut. Die Synagoge pr\u00e4sentiert sich in der Frontseite der Stra\u00dfe durch monumentale Kolonnade mit sieben S\u00e4ulen. Im Interieur vereint sich eine Stahlbetonkonstruktion mit zeitgem\u00e4\u00dfen kubistischen Details mit historisierenden Elementen. Die Synagoge hat R\u00e4umlichkeiten zum Studium, sowie auch f\u00fcr kleinere gesellschaftliche Versammlungen und selbstverst\u00e4ndlich auch Garderoben und Toiletten. Die Synagoge dient bis heute ihrem urspr\u00fcnglichen Zweck. Im Areal werden allm\u00e4hlich einige Gedenktafeln gewidmet der Erinnerung an die Holocaustopfer, angebracht.<\/p>\r\n<p><strong>Wo:\u00a0<\/strong>Heydukova 11<\/p>\r\n<p><img loading=\"lazy\" class=\"alignnone wp-image-67165 size-large\" src=\"https:\/\/www.visitbratislava.com\/wp-content\/uploads\/2019\/10\/synagogue-800x450.jpg\" alt=\"\" width=\"800\" height=\"450\" srcset=\"https:\/\/www.visitbratislava.com\/wp-content\/uploads\/2019\/10\/synagogue-800x450.jpg 800w, https:\/\/www.visitbratislava.com\/wp-content\/uploads\/2019\/10\/synagogue-400x225.jpg 400w, https:\/\/www.visitbratislava.com\/wp-content\/uploads\/2019\/10\/synagogue-768x432.jpg 768w, https:\/\/www.visitbratislava.com\/wp-content\/uploads\/2019\/10\/synagogue-200x113.jpg 200w, https:\/\/www.visitbratislava.com\/wp-content\/uploads\/2019\/10\/synagogue.jpg 1920w\" sizes=\"(max-width: 800px) 100vw, 800px\" \/><\/p>\r\n<!-- \/wp:paragraph -->\r\n\r\n<!-- wp:heading {\"level\":3} -->\r\n<h2><a href=\"http:\/\/www.synagogue.sk\/en\/home\" target=\"_blank\" rel=\"noopener\">Das J\u00fcdische Kommunit\u00e4tsmuseum<\/a><\/h2>\r\n<p>Das J\u00fcdische Kommunit\u00e4tsmuseum widmet sich der Geschichte und Kultur der j\u00fcdischen Kommunit\u00e4t in Bratislava und Region. St\u00e4ndige Exposition \u201eJuden in Bratislava und deren Erbe\u201c wurde im ersten Geschoss der Synagoge installiert, welche bis heute als Ort der j\u00fcdischen Gottesdienste dient.<\/p>\r\n<p><strong>Wo:<\/strong>\u00a0Heydukova 11-13<\/p>\r\n<p><img loading=\"lazy\" width=\"800\" height=\"527\" class=\"alignnone size-large wp-image-48646\" src=\"https:\/\/www.visitbratislava.com\/wp-content\/uploads\/2018\/10\/zidovske-komunitne-muzeum-orezane-800x527.jpg\" alt=\"\" srcset=\"https:\/\/www.visitbratislava.com\/wp-content\/uploads\/2018\/10\/zidovske-komunitne-muzeum-orezane-800x527.jpg 800w, https:\/\/www.visitbratislava.com\/wp-content\/uploads\/2018\/10\/zidovske-komunitne-muzeum-orezane-400x264.jpg 400w, https:\/\/www.visitbratislava.com\/wp-content\/uploads\/2018\/10\/zidovske-komunitne-muzeum-orezane-768x506.jpg 768w, https:\/\/www.visitbratislava.com\/wp-content\/uploads\/2018\/10\/zidovske-komunitne-muzeum-orezane-200x132.jpg 200w\" sizes=\"(max-width: 800px) 100vw, 800px\" \/><\/p>\r\n<h2><a href=\"http:\/\/www.jewishbratislava.sk\/home\/\" target=\"_blank\" rel=\"noopener\"><strong>Mittelalterliches Ghetto <\/strong><\/a><\/h2>\r\n<p>In Bratislava befand sich im 13.-14.Jahrhundert das J\u00fcdische Ghetto. Damals konnten die Juden auf dem Gebiet der freien k\u00f6niglichen Stadt, befestigt durch Bollwerke, leben. Den urspr\u00fcnglichen Teil des mittelalterlichen Bollwerkes finden Sie bis heute zwischen dem Kloster und den Eing\u00e4ngen in das ehemalige Kaufhaus Dunaj und Kulturministerium.<\/p>\r\n<p><strong>Wo:<\/strong> Nedbalova<\/p>\r\n<p><img loading=\"lazy\" class=\"alignnone wp-image-67161 size-large\" src=\"https:\/\/www.visitbratislava.com\/wp-content\/uploads\/2019\/10\/stredoveke-geto-800x450.jpg\" alt=\"\" width=\"800\" height=\"450\" srcset=\"https:\/\/www.visitbratislava.com\/wp-content\/uploads\/2019\/10\/stredoveke-geto-800x450.jpg 800w, https:\/\/www.visitbratislava.com\/wp-content\/uploads\/2019\/10\/stredoveke-geto-400x225.jpg 400w, https:\/\/www.visitbratislava.com\/wp-content\/uploads\/2019\/10\/stredoveke-geto-768x432.jpg 768w, https:\/\/www.visitbratislava.com\/wp-content\/uploads\/2019\/10\/stredoveke-geto-200x113.jpg 200w, https:\/\/www.visitbratislava.com\/wp-content\/uploads\/2019\/10\/stredoveke-geto.jpg 1920w\" sizes=\"(max-width: 800px) 100vw, 800px\" \/><\/p>\r\n<!-- \/wp:paragraph -->\r\n\r\n<!-- wp:heading {\"level\":3} -->\r\n<h2><a href=\"http:\/\/www.snm.sk\/?about-the-museum-11\" target=\"_blank\" rel=\"noopener\">Museum der J\u00fcdischen Kultur<\/a><\/h2>\r\n<p>Die Aufgabe des Museums ist die j\u00fcdische Kultur und Kunst in der Slowakei aufzubewahren und zu propagieren. Die T\u00e4tigkeit des Museums orientiert sich auf die Pr\u00e4sentation der geistigen und materiellen j\u00fcdischen Kultur und Dokumentation von Holocaust in der Slowakei. Sie bestrebt sich die dreidimensionale Judaika und sonstige Dokumente vor Vernichten, Vergessen oder Ausfuhr ins Ausland zu sch\u00fctzen.<\/p>\r\n<p><strong>Wo:\u00a0<\/strong>\u017didovsk\u00e1 17<\/p>\r\n<p><img loading=\"lazy\" class=\"alignnone wp-image-67145 size-large\" src=\"https:\/\/www.visitbratislava.com\/wp-content\/uploads\/2019\/10\/muzeum-zidovskej-kultury-800x533.jpg\" alt=\"\" width=\"800\" height=\"533\" srcset=\"https:\/\/www.visitbratislava.com\/wp-content\/uploads\/2019\/10\/muzeum-zidovskej-kultury.jpg 800w, https:\/\/www.visitbratislava.com\/wp-content\/uploads\/2019\/10\/muzeum-zidovskej-kultury-400x267.jpg 400w, https:\/\/www.visitbratislava.com\/wp-content\/uploads\/2019\/10\/muzeum-zidovskej-kultury-768x512.jpg 768w, https:\/\/www.visitbratislava.com\/wp-content\/uploads\/2019\/10\/muzeum-zidovskej-kultury-200x133.jpg 200w\" sizes=\"(max-width: 800px) 100vw, 800px\" \/><\/p>\r\n<!-- \/wp:paragraph -->\r\n\r\n<!-- wp:heading {\"level\":3} -->\r\n<h2><a href=\"http:\/\/www.jewishbratislava.sk\/medieval-synagogue\/\" target=\"_blank\" rel=\"noopener\">Portal der mittelalterlichen Synagoge<\/a><\/h2>\r\n<p>Versteckter Ort ist das gotische Eingangsportal \u2013 einziges erhaltenes Relikt von der mittelalterlichen Synagoge in Bratislava. Diese wurde schon im Jahr 1335 erw\u00e4hnt, wann Benedikt XII. den Erzbischoff von Gran informierte, dass sich die Zisterzienserm\u00f6nche \u00fcber den st\u00f6renden L\u00e4rm aus dieser Synagoge beklagen. Im Jahr 1360 wurden die Juden zum ersten Mal aus Bratislava vertrieben und die Synagoge wurde in Fronleichnamskapelle unbenannt.<\/p>\r\n<p><strong>Wo:<\/strong> Pansk\u00e1 11<\/p>\r\n<p><img loading=\"lazy\" class=\"alignnone wp-image-67157 size-large\" src=\"https:\/\/www.visitbratislava.com\/wp-content\/uploads\/2019\/10\/portal-stredoveka-synagoga-orezana-800x554.jpg\" alt=\"\" width=\"800\" height=\"554\" srcset=\"https:\/\/www.visitbratislava.com\/wp-content\/uploads\/2019\/10\/portal-stredoveka-synagoga-orezana-800x554.jpg 800w, https:\/\/www.visitbratislava.com\/wp-content\/uploads\/2019\/10\/portal-stredoveka-synagoga-orezana-400x277.jpg 400w, https:\/\/www.visitbratislava.com\/wp-content\/uploads\/2019\/10\/portal-stredoveka-synagoga-orezana-768x532.jpg 768w, https:\/\/www.visitbratislava.com\/wp-content\/uploads\/2019\/10\/portal-stredoveka-synagoga-orezana-200x139.jpg 200w, https:\/\/www.visitbratislava.com\/wp-content\/uploads\/2019\/10\/portal-stredoveka-synagoga-orezana.jpg 1199w\" sizes=\"(max-width: 800px) 100vw, 800px\" \/><\/p>\r\n<!-- \/wp:paragraph -->\r\n\r\n<!-- wp:heading {\"level\":3} -->\r\n<h2><a href=\"http:\/\/www.jewishbratislava.sk\/holocaust-memorial\/\" target=\"_blank\" rel=\"noopener\">Holocaust-Denkmal<\/a><\/h2>\r\n<p>Memorial erbaut im Jahr 1996 zum Andenken von 105\u00a0000 Holocaust- Opfer aus der Slowakei verbindet zwei Andenken, das einzige Holocaust und neologische Synagoge. Den Bestandteil des Denkmals bildet die Plastik des David-Sternes und schwarze Silhouette der zerst\u00f6rten Synagoge.<\/p>\r\n<p><strong>Wo:<\/strong> Rybn\u00e9 n\u00e1mestie<\/p>\r\n<p><img loading=\"lazy\" class=\"alignnone wp-image-67153 size-large\" src=\"https:\/\/www.visitbratislava.com\/wp-content\/uploads\/2019\/10\/pamatnik-holokaustu-800x450.jpg\" alt=\"\" width=\"800\" height=\"450\" srcset=\"https:\/\/www.visitbratislava.com\/wp-content\/uploads\/2019\/10\/pamatnik-holokaustu-800x450.jpg 800w, https:\/\/www.visitbratislava.com\/wp-content\/uploads\/2019\/10\/pamatnik-holokaustu-400x225.jpg 400w, https:\/\/www.visitbratislava.com\/wp-content\/uploads\/2019\/10\/pamatnik-holokaustu-768x432.jpg 768w, https:\/\/www.visitbratislava.com\/wp-content\/uploads\/2019\/10\/pamatnik-holokaustu-200x113.jpg 200w, https:\/\/www.visitbratislava.com\/wp-content\/uploads\/2019\/10\/pamatnik-holokaustu.jpg 1920w\" sizes=\"(max-width: 800px) 100vw, 800px\" \/><\/p>\r\n<!-- \/wp:paragraph -->\r\n\r\n<!-- wp:heading {\"level\":3} -->\r\n<h2><a href=\"http:\/\/www.jewishbratislava.sk\/jewish-street\/\" target=\"_blank\" rel=\"noopener\">\u017didovsk\u00e1 Stra\u00dfe<\/a><\/h2>\r\n<p>Der einzige Ort, wo sich die Juden niederzusetzen durften, war \u017didovsk\u00e1 Stra\u00dfe, bekannt als auch Judengasse. Es handelte sich um kein Stadtgebiet, sondern um Schlossgrund und seine Bewohner waren Untertanen. Die P\u00e1lffys erlaubten den Juden sich hier im Jahr 1599 niederzusetzen und bis zum Jahr 1840 durften sie nur auf dieser Stra\u00dfe wohnen. Die Stra\u00dfe hatte zwei Tore, welche nachts von den Stadtw\u00e4chtern geschlossen wurden. Nach der Annahme des Gesetzes Nr. XXIX im Jahr 1840, welches den Juden die Residenzfreiheit brachte, siedelten die prosperierenden j\u00fcdischen Familien in andere Stadtteile um. Der Brand im Jahr 1913 verursachte den Verfall dieses Stadtteiles und sein definitives Ende war der Aufbau der Br\u00fccke SNP in den sechziger Jahren.<\/p>\r\n<p><strong>Wo:<\/strong> \u017didovsk\u00e1 Stra\u00dfe<\/p>\r\n<p><img loading=\"lazy\" class=\"alignnone wp-image-67169 size-large\" src=\"https:\/\/www.visitbratislava.com\/wp-content\/uploads\/2019\/10\/zidovska-ulica-800x450.jpg\" alt=\"\" width=\"800\" height=\"450\" srcset=\"https:\/\/www.visitbratislava.com\/wp-content\/uploads\/2019\/10\/zidovska-ulica-800x450.jpg 800w, https:\/\/www.visitbratislava.com\/wp-content\/uploads\/2019\/10\/zidovska-ulica-400x225.jpg 400w, https:\/\/www.visitbratislava.com\/wp-content\/uploads\/2019\/10\/zidovska-ulica-768x432.jpg 768w, https:\/\/www.visitbratislava.com\/wp-content\/uploads\/2019\/10\/zidovska-ulica-200x113.jpg 200w, https:\/\/www.visitbratislava.com\/wp-content\/uploads\/2019\/10\/zidovska-ulica.jpg 1920w\" sizes=\"(max-width: 800px) 100vw, 800px\" \/><\/p>\r\n<!-- \/wp:paragraph -->\r\n\r\n<!-- wp:heading {\"level\":3} --><!-- \/wp:paragraph -->\r\n\r\n<!-- wp:heading {\"level\":3} -->\r\n<h2><a href=\"http:\/\/www.jewishbratislava.sk\/yeshiva\/\" target=\"_blank\" rel=\"noopener\">Jeschiwa in Bratislava<\/a><\/h2>\r\n<p>Wussten Sie, dass in Bratislava eine der bedeutendsten Institutionen der j\u00fcdischen Bildung war? Jeschiwa in Bratislava, bekannt auch als Pressburger Jeschiwa, f\u00fchrten Chatam Sofer und folgend drei Generationen seiner Nachkommen. Das Herz von Jeschiwa war sog. \u0160iur\u0161tube (H\u00f6rsaal), wo Tagesstudium und Gebete statt fanden. Das Geb\u00e4ude wurde in den 60.Jahren des 20.Jahrhunderts abgerissen und heute steht hier ein Wohnhaus. Die T\u00e4tigkeit der Pressburger Jeschiwa wurde in Israel aufgenommen.<\/p>\r\n<!-- \/wp:paragraph -->\r\n\r\n<!-- wp:heading {\"level\":3} -->\r\n<h2><a href=\"http:\/\/www.jewishcemetery.sk\/index.php?id=14&amp;L=0\" target=\"_blank\" rel=\"noopener\">Orthodoxer Friedhof<\/a><\/h2>\r\n<p>Ein Ort, wo bedeutende orthodoxe Rabbiner von Bratislava beerdigt sind, unter denen auch der Sohn und Enkel von Chatam Sofer, liegt auf dem Abhang \u00fcber Donau. Interessanter Teil des Friedhofs ist das Trauerhaus. Das Interieur der Zeremonienhalle ist ohne Verzierung mit Terrazzobelag mit schwarz-wei\u00dfem Schachbrettmotiv.<\/p>\r\n<p><strong>Wo:<\/strong> \u017di\u017ekova 36<\/p>\r\n<p><img loading=\"lazy\" class=\"alignnone wp-image-67149 size-large\" src=\"https:\/\/www.visitbratislava.com\/wp-content\/uploads\/2019\/10\/ortodoxny-cintorin-800x450.jpg\" alt=\"\" width=\"800\" height=\"450\" srcset=\"https:\/\/www.visitbratislava.com\/wp-content\/uploads\/2019\/10\/ortodoxny-cintorin-800x450.jpg 800w, https:\/\/www.visitbratislava.com\/wp-content\/uploads\/2019\/10\/ortodoxny-cintorin-400x225.jpg 400w, https:\/\/www.visitbratislava.com\/wp-content\/uploads\/2019\/10\/ortodoxny-cintorin-768x432.jpg 768w, https:\/\/www.visitbratislava.com\/wp-content\/uploads\/2019\/10\/ortodoxny-cintorin-200x113.jpg 200w, https:\/\/www.visitbratislava.com\/wp-content\/uploads\/2019\/10\/ortodoxny-cintorin.jpg 1920w\" sizes=\"(max-width: 800px) 100vw, 800px\" \/><\/p>\r\n<p>Mehr Informationen \u00fcber Denkm\u00e4ler, Geschichte und j\u00fcdische Kommunit\u00e4t finden Sie unter<a href=\"http:\/\/www.jewishbratislava.sk\/home\/\" target=\"_blank\" rel=\"noopener\">www.jewishbratislava.sk<\/a><\/p>\r\n<p>Extra Typ: M\u00f6chten Sie so viel wie m\u00f6glich \u00fcber die j\u00fcdische Kultur in Begleitung vom Experten erfahren? Probieren Sie die Besichtigung \u00a0<a href=\"https:\/\/www.visitbratislava.com\/de\/dienstleistungen\/judische-pressburg\/\" target=\"_blank\" rel=\"noopener\">\u017didovsk\u00e1 Bratislava<\/a>.<\/p>\r\n<!-- \/wp:paragraph -->","protected":false},"excerpt":{"rendered":"<p>Bratislava war ganze Jahrhunderte lang bedeutendes Zentrum des j\u00fcdischen Lebens und Bildung. <\/p>\n","protected":false},"author":21,"featured_media":73623,"parent":0,"menu_order":0,"comment_status":"closed","ping_status":"closed","template":"","meta":[],"acf":[],"_links":{"self":[{"href":"https:\/\/www.visitbratislava.com\/de\/wp-json\/wp\/v2\/pages\/49049"}],"collection":[{"href":"https:\/\/www.visitbratislava.com\/de\/wp-json\/wp\/v2\/pages"}],"about":[{"href":"https:\/\/www.visitbratislava.com\/de\/wp-json\/wp\/v2\/types\/page"}],"author":[{"embeddable":true,"href":"https:\/\/www.visitbratislava.com\/de\/wp-json\/wp\/v2\/users\/21"}],"replies":[{"embeddable":true,"href":"https:\/\/www.visitbratislava.com\/de\/wp-json\/wp\/v2\/comments?post=49049"}],"version-history":[{"count":0,"href":"https:\/\/www.visitbratislava.com\/de\/wp-json\/wp\/v2\/pages\/49049\/revisions"}],"wp:featuredmedia":[{"embeddable":true,"href":"https:\/\/www.visitbratislava.com\/de\/wp-json\/wp\/v2\/media\/73623"}],"wp:attachment":[{"href":"https:\/\/www.visitbratislava.com\/de\/wp-json\/wp\/v2\/media?parent=49049"}],"curies":[{"name":"wp","href":"https:\/\/api.w.org\/{rel}","templated":true}]}}