{"id":49310,"date":"2018-10-16T11:57:17","date_gmt":"2018-10-16T09:57:17","guid":{"rendered":"https:\/\/www.visitbratislava.com\/?page_id=49310\/"},"modified":"2019-02-27T14:05:15","modified_gmt":"2019-02-27T13:05:15","slug":"beste-bilder-in-bratislava","status":"publish","type":"page","link":"https:\/\/www.visitbratislava.com\/de\/beste-bilder-in-bratislava\/","title":{"rendered":"Hier Machen Sie Die Beste Bilder in Bratislava"},"content":{"rendered":"<p>Die Burg von Bratislava und die SNP-Br\u00fccke mit dem UFO-Restaurant ganz oben auf der Br\u00fccke geh\u00f6ren eindeutig zu den beliebtesten Touristenzielen. Aber es gibt weit mehr fotogene Orte in der Stadt, die besonders Romantiker, Extremsportartenliebhaber und unkonventionelle Touristen ansprechen.<\/p>\n<p><iframe src=\"https:\/\/www.youtube.com\/embed\/F9-LDNzwJss\" width=\"800\" height=\"415\" frameborder=\"0\" allowfullscreen=\"allowfullscreen\"><span data-mce-type=\"bookmark\" style=\"display: inline-block; width: 0px; overflow: hidden; line-height: 0;\" class=\"mce_SELRES_start\">\ufeff<\/span><span data-mce-type=\"bookmark\" style=\"display: inline-block; width: 0px; overflow: hidden; line-height: 0;\" class=\"mce_SELRES_start\">\ufeff<\/span><\/iframe><\/p>\n<h3>Kaffee und Selbstbildnis in Einem<\/h3>\n<p>Seit Januar 2018 bietet das Caf\u00e9 Five Points in der Innenstadt von Bratislava seinen Kunden das &#8222;selfieccino&#8220; an, das erste seiner Art in der Slowakei. Es ist ein Cappuccino, auf dessen Schaum ausgebildete Barista-Spezialisten mit einem Mix aus Kaffee und Kakao ein Bild oder Foto aus Ihrem Handy &#8222;drucken&#8220;.<\/p>\n<p>&#8222;Paare bestellen am h\u00e4ufigsten Kaffee mit einem Selfie, das sie direkt im Caf\u00e9 aufnehmen&#8220;, sagt Ivan La\u010dn\u00fd von Five Points. Andere kommen ins Caf\u00e9 mit einem bereits vorbereiteten Landschaftsfoto. Fotos von Kindern und Haustieren sind ebenfalls beliebt.<\/p>\n<p><img loading=\"lazy\" width=\"800\" height=\"534\" class=\"alignnone size-large wp-image-49278\" src=\"https:\/\/www.visitbratislava.com\/wp-content\/uploads\/2018\/10\/DSC_2602-800x534.jpg\" alt=\"\" srcset=\"https:\/\/www.visitbratislava.com\/wp-content\/uploads\/2018\/10\/DSC_2602-800x534.jpg 800w, https:\/\/www.visitbratislava.com\/wp-content\/uploads\/2018\/10\/DSC_2602-400x267.jpg 400w, https:\/\/www.visitbratislava.com\/wp-content\/uploads\/2018\/10\/DSC_2602-768x512.jpg 768w, https:\/\/www.visitbratislava.com\/wp-content\/uploads\/2018\/10\/DSC_2602-200x133.jpg 200w, https:\/\/www.visitbratislava.com\/wp-content\/uploads\/2018\/10\/DSC_2602.jpg 1000w\" sizes=\"(max-width: 800px) 100vw, 800px\" \/><\/p>\n<h3>Stadt aus der Vogelperspektive<\/h3>\n<p><a href=\"https:\/\/www.visitbratislava.com\/de\/setzt\/altes-rathaus\/\" target=\"_blank\" rel=\"noopener\">Das Alte Rathaus<\/a> auf dem Hauptplatz ist eines der \u00e4ltesten Geb\u00e4ude in Bratislava. Es stammt aus dem 15. Jahrhundert und diente sogar als Gef\u00e4ngnis und M\u00fcnzst\u00e4tte.<\/p>\n<blockquote><p>Heute beherbergt es das \u00e4lteste Museum der Stadt, das der Geschichte von Bratislava gewidmet ist.<\/p><\/blockquote>\n<p>Der urspr\u00fcngliche Verteidigungsturm ist ein integraler Bestandteil des Geb\u00e4udes. Die Besucher m\u00fcssen 92 Stufen hinaufsteigen, um auf die Spitze des Turms zu gelangen, aber der Panoramablick \u00fcber die D\u00e4cher der Altstadt mit dem gotischen <a href=\"https:\/\/www.visitbratislava.com\/de\/setzt\/blaue-kirche\/\" target=\"_blank\" rel=\"noopener\">Martinsdom<\/a> und dem Schloss ist definitiv die M\u00fche wert.<\/p>\n<p>Kurz vor Weihnachten, wenn der ganze Platz zu einem festlichen und beleuchteten Markt voller Menschen wird, die die magische Atmosph\u00e4re genie\u00dfen, bietet dieser Ort besonders sch\u00f6ne Aufnahmen. Wenn doch nur der berauschende Geruch des nahenden Weihnachtsfestes aufgezeichnet werden k\u00f6nnte!<\/p>\n<p><img loading=\"lazy\" width=\"800\" height=\"363\" class=\"alignnone size-large wp-image-46683\" src=\"https:\/\/www.visitbratislava.com\/wp-content\/uploads\/2018\/08\/barbora-bakosova-vyhlad-radnica-orezane-800x363.png\" alt=\"\" srcset=\"https:\/\/www.visitbratislava.com\/wp-content\/uploads\/2018\/08\/barbora-bakosova-vyhlad-radnica-orezane-800x363.png 800w, https:\/\/www.visitbratislava.com\/wp-content\/uploads\/2018\/08\/barbora-bakosova-vyhlad-radnica-orezane-400x181.png 400w, https:\/\/www.visitbratislava.com\/wp-content\/uploads\/2018\/08\/barbora-bakosova-vyhlad-radnica-orezane-768x348.png 768w, https:\/\/www.visitbratislava.com\/wp-content\/uploads\/2018\/08\/barbora-bakosova-vyhlad-radnica-orezane-200x91.png 200w, https:\/\/www.visitbratislava.com\/wp-content\/uploads\/2018\/08\/barbora-bakosova-vyhlad-radnica-orezane-184x84.png 184w, https:\/\/www.visitbratislava.com\/wp-content\/uploads\/2018\/08\/barbora-bakosova-vyhlad-radnica-orezane.png 1920w\" sizes=\"(max-width: 800px) 100vw, 800px\" \/><\/p>\n<p>Abenteuerlustige Fotografen werden sich auf der Aussichtsplattform \u00fcber dem <a href=\"https:\/\/www.visitbratislava.com\/de\/setzt\/ufo\/\" target=\"_blank\" rel=\"noopener\">UFO-Restaurant<\/a> an der <a href=\"https:\/\/www.visitbratislava.com\/de\/setzt\/die-snp-brucke\/\" target=\"_blank\" rel=\"noopener\">SNP-Br\u00fccke<\/a> wohl f\u00fchlen. Wer sich von der Masse unterscheiden will, kann sogar 85 Meter \u00fcber dem Boden an einem speziellen Klettergeschirr h\u00e4ngen, und ein Foto davon machen.<\/p>\n<p>Die Blumenbeete im k\u00fcrzlich restaurierten Barockgarten innerhalb der <a href=\"https:\/\/www.visitbratislava.com\/de\/setzt\/burg-bratislava\/\" target=\"_blank\" rel=\"noopener\">Burg von Bratislava<\/a> sehen auch vor der Kamera gut aus. Die Statuen <a href=\"https:\/\/www.visitbratislava.com\/de\/setzt\/gaffer-cumil\/\" target=\"_blank\" rel=\"noopener\">\u201e\u010cumil&#8220;<\/a>, der Arbeiter, der aus dem Kanal sp\u00e4ht, sowie \u201e<a href=\"https:\/\/www.visitbratislava.com\/de\/setzt\/der-schoene-ignatius-schoene-naci\/\" target=\"_blank\" rel=\"noopener\">Der Sch\u00f6ne Nazi<\/a>\u201c (=Der sch\u00f6ne Ignaz) werden auch mit Ihnen gerne f\u00fcr ein Selfie posieren.<\/p>\n<p><img loading=\"lazy\" width=\"800\" height=\"534\" class=\"alignnone size-large wp-image-49282\" src=\"https:\/\/www.visitbratislava.com\/wp-content\/uploads\/2018\/10\/DSC_2487-800x534.jpg\" alt=\"\" srcset=\"https:\/\/www.visitbratislava.com\/wp-content\/uploads\/2018\/10\/DSC_2487-800x534.jpg 800w, https:\/\/www.visitbratislava.com\/wp-content\/uploads\/2018\/10\/DSC_2487-400x267.jpg 400w, https:\/\/www.visitbratislava.com\/wp-content\/uploads\/2018\/10\/DSC_2487-768x512.jpg 768w, https:\/\/www.visitbratislava.com\/wp-content\/uploads\/2018\/10\/DSC_2487-200x133.jpg 200w, https:\/\/www.visitbratislava.com\/wp-content\/uploads\/2018\/10\/DSC_2487.jpg 1000w\" sizes=\"(max-width: 800px) 100vw, 800px\" \/><\/p>\n<h3>F\u00fcr die Romantiker<\/h3>\n<p>Von der Br\u00fccke sind es nur ein paar Schritte bis zum <a href=\"https:\/\/www.visitbratislava.com\/de\/setzt\/sad-janka-krala\/\" target=\"_blank\" rel=\"noopener\">Park Janko Kr\u00e1\u013e<\/a>, dem \u00e4ltesten st\u00e4dtischen Park in Mitteleuropa. Hier k\u00f6nnen Sie ein romantisches Foto auf dem ehemaligen gotischen Turm der Franziskanerkirche machen. Er wurde hierher verlegt, nachdem 1897 ein Erdbeben die Stadt ersch\u00fcttert hatte. Von der nahegelegenen Uferpromenade aus fotografieren Sie ein spektakul\u00e4res Postkartenbild der Altstadt, oder von der Alten Br\u00fccke das Hochhausviertel, besser bekannt auch als Bratislava\u2019s Manhattan.<\/p>\n<p><a href=\"https:\/\/www.visitbratislava.com\/de\/setzt\/blaue-kirche\/\" target=\"_blank\" rel=\"noopener\">Die Blaue Kirche<\/a>, die im Jugendstil erbaut wurde, sowie die kopfsteingepflasterte Kapitulsk\u00e1- Stra\u00dfe sind ein Muss f\u00fcr alle Bratislava-Freunde. Die meisten H\u00e4user in der Kapitulsk\u00e1-Stra\u00dfe geh\u00f6rten zur Kirche, sodass Sie hier weder ein Caf\u00e9 noch eine Kneipe finden. Aber die Atmosph\u00e4re wird Sie zu jeder Tageszeit faszinieren.<\/p>\n<p><img loading=\"lazy\" width=\"800\" height=\"531\" class=\"alignnone size-large wp-image-27757\" src=\"https:\/\/www.visitbratislava.com\/wp-content\/uploads\/2017\/01\/modry_kostolik01-800x531.jpg\" alt=\"\" srcset=\"https:\/\/www.visitbratislava.com\/wp-content\/uploads\/2017\/01\/modry_kostolik01-800x531.jpg 800w, https:\/\/www.visitbratislava.com\/wp-content\/uploads\/2017\/01\/modry_kostolik01-400x266.jpg 400w, https:\/\/www.visitbratislava.com\/wp-content\/uploads\/2017\/01\/modry_kostolik01-768x510.jpg 768w, https:\/\/www.visitbratislava.com\/wp-content\/uploads\/2017\/01\/modry_kostolik01-200x133.jpg 200w\" sizes=\"(max-width: 800px) 100vw, 800px\" \/><\/p>\n<h3>Unkonventionelles Stadtgr\u00fcn<\/h3>\n<p>An der Ecke Gr\u00f6sslingova und Klemensova befindet sich ein um 1900 erbautes Jugendstil-Mietshaus. Die Fassade ist dicht mit Wildrebe bewachsen und versteckt teilweise die Statue eines kleinen Kindes, das seit Jahren auf die Passanten schaut.<\/p>\n<p>&#8222;Ich mag diesen Ort, besonders im Herbst, wenn sich die Bl\u00e4tter in ein sch\u00f6nes Rot f\u00e4rben. Das verleiht dem ganzen Haus und seiner Umgebung eine einzigartige Atmosph\u00e4re&#8220;, sagt Alena Kov\u00e1\u010dov\u00e1 und genie\u00dft ihren Nachmittagspause im gegen\u00fcberliegenden Caf\u00e9.<\/p>\n<p><img loading=\"lazy\" width=\"800\" height=\"534\" class=\"alignnone size-large wp-image-49286\" src=\"https:\/\/www.visitbratislava.com\/wp-content\/uploads\/2018\/10\/DSC_2156-800x534.jpg\" alt=\"\" srcset=\"https:\/\/www.visitbratislava.com\/wp-content\/uploads\/2018\/10\/DSC_2156-800x534.jpg 800w, https:\/\/www.visitbratislava.com\/wp-content\/uploads\/2018\/10\/DSC_2156-400x267.jpg 400w, https:\/\/www.visitbratislava.com\/wp-content\/uploads\/2018\/10\/DSC_2156-768x513.jpg 768w, https:\/\/www.visitbratislava.com\/wp-content\/uploads\/2018\/10\/DSC_2156-200x133.jpg 200w\" sizes=\"(max-width: 800px) 100vw, 800px\" \/><\/p>\n<p>Wenn Sie Inhaber der Touristenkarte <a href=\"http:\/\/card.visitbratislava.com\/de\/\" target=\"_blank\" rel=\"noopener\">Bratislava CARD City &amp; Region<\/a> sind, nehmen Sie einen kostenlosen Stadtbus zur <a href=\"https:\/\/www.visitbratislava.com\/de\/setzt\/burg-devin\/\" target=\"_blank\" rel=\"noopener\">Burg Dev\u00edn<\/a>. Von der Aussichtsterrasse des zentralen Teils der Burg genie\u00dfen Sie einen herrlichen Blick auf die umliegende Landschaft mit der weit in die Ferne reichenden Donau. Dank der Karte k\u00f6nnen Sie auch am Eingang des Alten Rathauses sparen, und Sie erhalten eine Erm\u00e4\u00dfigung f\u00fcr den Lift zum UFO-Restaurant.<\/p>\n","protected":false},"excerpt":{"rendered":"<p>Die Burg von Bratislava und die SNP-Br\u00fccke mit dem UFO-Restaurant ganz oben auf der Br\u00fccke geh\u00f6ren eindeutig zu den beliebtesten Touristenzielen. Aber es gibt weit mehr fotogene Orte in der Stadt, die besonders Romantiker, Extremsportartenliebhaber und unkonventionelle Touristen ansprechen. \ufeff\ufeff Kaffee und Selbstbildnis in Einem Seit Januar 2018 bietet das Caf\u00e9 Five Points in der [&hellip;]<\/p>\n","protected":false},"author":21,"featured_media":59269,"parent":0,"menu_order":0,"comment_status":"closed","ping_status":"closed","template":"","meta":[],"acf":[],"_links":{"self":[{"href":"https:\/\/www.visitbratislava.com\/de\/wp-json\/wp\/v2\/pages\/49310"}],"collection":[{"href":"https:\/\/www.visitbratislava.com\/de\/wp-json\/wp\/v2\/pages"}],"about":[{"href":"https:\/\/www.visitbratislava.com\/de\/wp-json\/wp\/v2\/types\/page"}],"author":[{"embeddable":true,"href":"https:\/\/www.visitbratislava.com\/de\/wp-json\/wp\/v2\/users\/21"}],"replies":[{"embeddable":true,"href":"https:\/\/www.visitbratislava.com\/de\/wp-json\/wp\/v2\/comments?post=49310"}],"version-history":[{"count":0,"href":"https:\/\/www.visitbratislava.com\/de\/wp-json\/wp\/v2\/pages\/49310\/revisions"}],"wp:featuredmedia":[{"embeddable":true,"href":"https:\/\/www.visitbratislava.com\/de\/wp-json\/wp\/v2\/media\/59269"}],"wp:attachment":[{"href":"https:\/\/www.visitbratislava.com\/de\/wp-json\/wp\/v2\/media?parent=49310"}],"curies":[{"name":"wp","href":"https:\/\/api.w.org\/{rel}","templated":true}]}}