{"id":49758,"date":"2018-10-24T11:35:39","date_gmt":"2018-10-24T09:35:39","guid":{"rendered":"https:\/\/www.visitbratislava.com\/?page_id=49758\/"},"modified":"2025-09-16T14:00:10","modified_gmt":"2025-09-16T12:00:10","slug":"empfohlene-hotels","status":"publish","type":"page","link":"https:\/\/www.visitbratislava.com\/de\/empfohlene-hotels\/","title":{"rendered":"Empfohlene Hotels kurz und b\u00fcndig"},"content":{"rendered":"<p>In Bratislava findet man viele Hotels in der N\u00e4he des Zentrums, sogar direkt im Zentrum. Viele bieten k\u00f6stliche K\u00fcche in eigenen Restaurants, in einigen steht auch Wellness zur Verf\u00fcgung. W\u00e4hlen Sie nach Stil, Lage oder Ausblicke aus:<\/p>\n<p><iframe src=\"https:\/\/www.google.com\/maps\/d\/embed?mid=1IhbrH8J7zEoUa_oHp07dPj6LDptMRBN3\" width=\"840\" height=\"480\"><span data-mce-type=\"bookmark\" style=\"display: inline-block; width: 0px; overflow: hidden; line-height: 0;\" class=\"mce_SELRES_start\">\ufeff<\/span><\/iframe><\/p>\n<h3><a href=\"https:\/\/www.visitbratislava.com\/de\/mitglieder\/hotel-crowne-plaza-bratislava-diamond-hotels-slovakia-s-r-o\/\" target=\"_blank\" rel=\"noopener\">HOTEL CROWNE PLAZA BRATISLAVA<\/a><\/h3>\n<p>Crowne Plaza Bratislava ist ein Hotel der ersten Kategorie im Zentrum von Bratislava. Es verbindet hervorragende Lage, komfortable Unterkunft, moderne Konferenzr\u00e4ume und perfekte K\u00fcche. Das Hotel ist im Stadtzentrum situiert, mit einem Ausblick auf den Pr\u00e4sidentenpalast, nur wenige Minuten zu Fu\u00df vom historischen Zentrum und ber\u00fchmter Bratislavaer Burg entfernt.<\/p>\n<p><img loading=\"lazy\" class=\"alignnone wp-image-34276 size-large\" src=\"https:\/\/www.visitbratislava.com\/wp-content\/uploads\/2017\/07\/Crowne-Plaza_fontana-800x533.jpg\" alt=\"hotel crowne plaza bratislava\" width=\"800\" height=\"533\" srcset=\"https:\/\/www.visitbratislava.com\/wp-content\/uploads\/2017\/07\/Crowne-Plaza_fontana-800x533.jpg 800w, https:\/\/www.visitbratislava.com\/wp-content\/uploads\/2017\/07\/Crowne-Plaza_fontana-400x267.jpg 400w, https:\/\/www.visitbratislava.com\/wp-content\/uploads\/2017\/07\/Crowne-Plaza_fontana-768x512.jpg 768w, https:\/\/www.visitbratislava.com\/wp-content\/uploads\/2017\/07\/Crowne-Plaza_fontana-200x133.jpg 200w\" sizes=\"(max-width: 800px) 100vw, 800px\" \/><\/p>\n<h3><a href=\"https:\/\/www.visitbratislava.com\/de\/setzt\/hotel-devin\/\" target=\"_blank\" rel=\"noopener\">HOTEL DEV\u00cdN<\/a><\/h3>\n<p>Dank seiner au\u00dfergew\u00f6hnlichen Lage im Zentrum der Hauptstadt, ausgezeichneten Dienstleistungen und traditionellen Werten gilt Hotel Dev\u00edn mit Recht und Fug als eine Ikone von Bratislava. Es ist ein fester Bestandteil der Bratislavaer Hotelszene seit 1954. Seitdem sind viele ber\u00fchmte Pers\u00f6nlichkeiten wie die Filmlegende Elizabeth Taylor, der Politiker Alexander Dub\u010dek oder der Filmstar Jean Paul Belmondo durch die G\u00e4nge des Hotels gegangen. Das legend\u00e4re Hotel am Donauufer ist eines der Markenzeichen von Bratislava und bietet einen erstklassigen Service.<\/p>\n<p><img loading=\"lazy\" class=\"alignleft wp-image-145395 size-full\" src=\"https:\/\/www.visitbratislava.com\/wp-content\/uploads\/2022\/08\/Hotel-Devin-004.jpg\" alt=\"Hotel Dev\u00edn\" width=\"1920\" height=\"1281\" srcset=\"https:\/\/www.visitbratislava.com\/wp-content\/uploads\/2022\/08\/Hotel-Devin-004.jpg 1920w, https:\/\/www.visitbratislava.com\/wp-content\/uploads\/2022\/08\/Hotel-Devin-004-400x267.jpg 400w, https:\/\/www.visitbratislava.com\/wp-content\/uploads\/2022\/08\/Hotel-Devin-004-800x534.jpg 800w, https:\/\/www.visitbratislava.com\/wp-content\/uploads\/2022\/08\/Hotel-Devin-004-768x512.jpg 768w, https:\/\/www.visitbratislava.com\/wp-content\/uploads\/2022\/08\/Hotel-Devin-004-1536x1025.jpg 1536w, https:\/\/www.visitbratislava.com\/wp-content\/uploads\/2022\/08\/Hotel-Devin-004-200x133.jpg 200w\" sizes=\"(max-width: 1920px) 100vw, 1920px\" \/><\/p>\n<h3><a href=\"https:\/\/www.visitbratislava.com\/de\/setzt\/falkensteiner-hotel-bratislava\/\" target=\"_blank\" rel=\"noopener\">HOTEL FALKENSTEINER BRATISLAVA<\/a><\/h3>\n<p>Nur selten war die Bezeichnung \u201eStilhotel\u201c so treffend, wie im Falle des Hotels Falkensteiner Bratislava. Die Architektur und das Design schaffen eine Atmosph\u00e4re des modernen Lebensstiles, die nicht so leicht zu finden ist \u2013 belebend frische Brise auf der Hotelkarte der Stadt. Extravaganter Stil und Top Ausstattung s\u00e4mtlicher Hotelr\u00e4ume, von den Zimmern \u00fcber das Restaurant und Bar bis zum Relaxationszentrum Acquapura City SPA, sorgen f\u00fcr ein unvergleichbares Komfort, das nicht nur die Gesch\u00e4ftsreisenden, sondern auch die Urlauber verw\u00f6hnt.<\/p>\n<p><img loading=\"lazy\" class=\"alignnone wp-image-41062 size-large\" src=\"https:\/\/www.visitbratislava.com\/wp-content\/uploads\/2015\/05\/falkensteiner-800x533.jpg\" alt=\"hotel falkensteiner bratislava\" width=\"800\" height=\"533\" srcset=\"https:\/\/www.visitbratislava.com\/wp-content\/uploads\/2015\/05\/falkensteiner-800x533.jpg 800w, https:\/\/www.visitbratislava.com\/wp-content\/uploads\/2015\/05\/falkensteiner-400x267.jpg 400w, https:\/\/www.visitbratislava.com\/wp-content\/uploads\/2015\/05\/falkensteiner-768x512.jpg 768w, https:\/\/www.visitbratislava.com\/wp-content\/uploads\/2015\/05\/falkensteiner-200x133.jpg 200w, https:\/\/www.visitbratislava.com\/wp-content\/uploads\/2015\/05\/falkensteiner.jpg 900w\" sizes=\"(max-width: 800px) 100vw, 800px\" \/><\/p>\n<h3><a href=\"https:\/\/www.visitbratislava.com\/de\/setzt\/hotel-matysak\/\" target=\"_blank\" rel=\"noopener\">HOTEL MATY\u0160\u00c1K<\/a><\/h3>\n<p>Hotel Maty\u0161\u00e1k liegt unweit des historischen Zentrums von Bratislava, in der N\u00e4he des Hauptbahnhofs. Seinen Bestandteil bildet das einmalige Weinrestaurant mit der Kapazit\u00e4t von 120 Pl\u00e4tzen und einzigartiger Archivweinkeller, welcher in Verbindung mit dem Restaurant zu slowakischen Unikaten geh\u00f6rt.<\/p>\n<p><img loading=\"lazy\" class=\"alignnone wp-image-11254 size-large\" src=\"https:\/\/www.visitbratislava.com\/wp-content\/uploads\/2015\/05\/matysak-1-800x534.jpg\" alt=\"hotel matysak\" width=\"800\" height=\"534\" srcset=\"https:\/\/www.visitbratislava.com\/wp-content\/uploads\/2015\/05\/matysak-1-800x534.jpg 800w, https:\/\/www.visitbratislava.com\/wp-content\/uploads\/2015\/05\/matysak-1-400x267.jpg 400w, https:\/\/www.visitbratislava.com\/wp-content\/uploads\/2015\/05\/matysak-1-768x512.jpg 768w, https:\/\/www.visitbratislava.com\/wp-content\/uploads\/2015\/05\/matysak-1-200x133.jpg 200w, https:\/\/www.visitbratislava.com\/wp-content\/uploads\/2015\/05\/matysak-1.jpg 1000w\" sizes=\"(max-width: 800px) 100vw, 800px\" \/><\/p>\n<h3><a href=\"https:\/\/www.visitbratislava.com\/de\/mitglieder\/hotel-nh-bratisl\u2026ne-eurohotel-a-s\/\" target=\"_blank\" rel=\"noopener\">HOTEL NH BRATISLAVA GATE ONE<\/a><\/h3>\n<p>Das Hotel NH Bratislava Gate One geh\u00f6rt schon einige Jahre hintereinander zu den Top Hotels in der Slowakei (Tripadvisor). Modernes und elegantes Viersternenhotel mit einmaliger Architektur bietet alles, was sich der Gast w\u00fcnschen kann: qualit\u00e4tsgerechter Service, modernes Design und professionelles Personal. Es liegt in der N\u00e4he des Flughafens und nur 15 Minuten vom historischen Zentrum von Bratislava entfernt.<\/p>\n<p><img loading=\"lazy\" class=\"alignnone wp-image-39307 size-large\" src=\"https:\/\/www.visitbratislava.com\/wp-content\/uploads\/2018\/02\/hotel-nh-gate-one-recepcia-reception-lobby-800x533.jpg\" alt=\"hotel nh bratislava gate one\" width=\"800\" height=\"533\" srcset=\"https:\/\/www.visitbratislava.com\/wp-content\/uploads\/2018\/02\/hotel-nh-gate-one-recepcia-reception-lobby-800x533.jpg 800w, https:\/\/www.visitbratislava.com\/wp-content\/uploads\/2018\/02\/hotel-nh-gate-one-recepcia-reception-lobby-400x266.jpg 400w, https:\/\/www.visitbratislava.com\/wp-content\/uploads\/2018\/02\/hotel-nh-gate-one-recepcia-reception-lobby-768x511.jpg 768w, https:\/\/www.visitbratislava.com\/wp-content\/uploads\/2018\/02\/hotel-nh-gate-one-recepcia-reception-lobby-200x133.jpg 200w\" sizes=\"(max-width: 800px) 100vw, 800px\" \/><\/p>\n<h3><a href=\"https:\/\/www.lindner.de\/bratislava-hotel-gallery-central\/ankommen.html\"><strong>LINDNER HOTEL GALLERY CENTRAL<\/strong> BRATISLAVA<\/a><\/h3>\n<p>Direkt auf dem als Parkanlage gestalteten Dach des neuen Shopping Centers \u201eCentral\u201c liegt das stilvoll legere Lindner Hotel Gallery Central. Der Gro\u00dfteil der Zimmer und die Bar &amp; Lounge bieten ihren G\u00e4sten einen fantastischen Blick auf die Altstadt und die Bratislaver Burg, dem Wahrzeichen der Stadt.\u00a0Exponierte Lage an einer Parkanlage auf dem Dach eines neuen Shoppingcenters. Die Altstadt ist fu\u00dfl\u00e4ufig erreichbar, \u00f6ffentliche Verkehrsmittel befinden sich in unmittelbarer N\u00e4he. Zentral und verkehrsg\u00fcnstig, unweit des Flughafens und der Autobahn. 222 Zimmer sowie behindertengerechte Doppelzimmer. Restaurant mit Hochtischen und Lounge-Zone und ca. 128 Sitzpl\u00e4tzen, sowie Terrasse mit ca. 60 Sitzpl\u00e4tzen und Blick auf eine Parkanlage. Die Outlook Bar &amp; Lounge am 13. Stock des Hotels bietet Platz f\u00fcr ca. 60 Personen und einen fantastischen Blick auf die Burg Bratislava. Direkter Zugang zum Shoppingcenter mit \u00fcber 150 Shops &amp; Boutiquen, sowie zum Wellness- &amp; Fitnessbereich mit 25-Meter-Pool, innerhalb des Geb\u00e4udekomplexes.<\/p>\n<p>Adresse<\/p>\n<p>Metodova 4, 821 08, Bratislava<br \/>\n+421 2 3993 0000<br \/>\ninfo.bratislava@lindnerhotels.com<br \/>\nwww.lindner.de<\/p>\n<p><img loading=\"lazy\" class=\"alignnone wp-image-57253 size-large\" src=\"https:\/\/www.visitbratislava.com\/wp-content\/uploads\/2019\/04\/lindner-800x531.jpg\" alt=\"\" width=\"800\" height=\"531\" srcset=\"https:\/\/www.visitbratislava.com\/wp-content\/uploads\/2019\/04\/lindner-800x531.jpg 800w, https:\/\/www.visitbratislava.com\/wp-content\/uploads\/2019\/04\/lindner-400x266.jpg 400w, https:\/\/www.visitbratislava.com\/wp-content\/uploads\/2019\/04\/lindner-768x510.jpg 768w, https:\/\/www.visitbratislava.com\/wp-content\/uploads\/2019\/04\/lindner-200x133.jpg 200w, https:\/\/www.visitbratislava.com\/wp-content\/uploads\/2019\/04\/lindner.jpg 1398w\" sizes=\"(max-width: 800px) 100vw, 800px\" \/><\/p>\n<h3><a href=\"https:\/\/www.visitbratislava.com\/de\/mitglieder\/mamas-boutique-hotel-hotel-mamas-s-r-o\/\" target=\"_blank\" rel=\"noopener\">MAMA\u2019S BOUTIQUE HOTEL<\/a><\/h3>\n<p>Hotel Mama\u00b4s liegt im ruhigen Residenzviertel des breiteren Stadtzentrums. Das Hotel packt Sie mit seiner Eleganz, modernem Design und spricht Sie mit gem\u00fctlicher Familienatmosph\u00e4re an, dank welcher Sie sich wie zu Hause f\u00fchlen werden. Falls Sie kleinere Hotels der Boutique-Form bevorzugen und stilles und ruhiges Milieu suchen, dann sind Sie hier richtig.<\/p>\n<p><img loading=\"lazy\" class=\"alignnone wp-image-11246 size-large\" src=\"https:\/\/www.visitbratislava.com\/wp-content\/uploads\/2015\/05\/mamas-800x534.jpg\" alt=\"mamas boutique hotel bratislava\" width=\"800\" height=\"534\" srcset=\"https:\/\/www.visitbratislava.com\/wp-content\/uploads\/2015\/05\/mamas-800x534.jpg 800w, https:\/\/www.visitbratislava.com\/wp-content\/uploads\/2015\/05\/mamas-400x267.jpg 400w, https:\/\/www.visitbratislava.com\/wp-content\/uploads\/2015\/05\/mamas-768x512.jpg 768w, https:\/\/www.visitbratislava.com\/wp-content\/uploads\/2015\/05\/mamas-200x133.jpg 200w, https:\/\/www.visitbratislava.com\/wp-content\/uploads\/2015\/05\/mamas.jpg 1600w\" sizes=\"(max-width: 800px) 100vw, 800px\" \/><\/p>\n<h3><a href=\"https:\/\/www.visitbratislava.com\/de\/mitglieder\/park-inn-by-radisson-danube-bratislava\/\" target=\"_blank\" rel=\"noopener\">PARK INN BY RADISSON DANUBE BRATISLAVA<\/a><\/h3>\n<p>Neu rekonstruiertes Hotel am Donauufer. Beim Spaziergang zu Fu\u00df finden Sie in der N\u00e4he des Hotels die beliebtesten Attraktionen von Bratislava. Genie\u00dfen Sie die Spazierg\u00e4nge am Donau-Kai, entdecken Sie die Einmaligkeit des Doms zu Sankt Martin oder erleben Sie ein Kulturabend im Geb\u00e4ude des Slowakischen Nationaltheaters.<\/p>\n<p><img loading=\"lazy\" class=\"alignnone wp-image-49219 size-large\" src=\"https:\/\/www.visitbratislava.com\/wp-content\/uploads\/2018\/10\/BTSPD-exterior-view-800x533.jpg\" alt=\"park inn bratislava\" width=\"800\" height=\"533\" srcset=\"https:\/\/www.visitbratislava.com\/wp-content\/uploads\/2018\/10\/BTSPD-exterior-view-800x533.jpg 800w, https:\/\/www.visitbratislava.com\/wp-content\/uploads\/2018\/10\/BTSPD-exterior-view-400x267.jpg 400w, https:\/\/www.visitbratislava.com\/wp-content\/uploads\/2018\/10\/BTSPD-exterior-view-768x512.jpg 768w, https:\/\/www.visitbratislava.com\/wp-content\/uploads\/2018\/10\/BTSPD-exterior-view-200x133.jpg 200w\" sizes=\"(max-width: 800px) 100vw, 800px\" \/><\/p>\n<h3><a href=\"https:\/\/www.visitbratislava.com\/de\/setzt\/radisson-blu-carlton-hotel\/?preview_id=6026&amp;preview_nonce=298f552660&amp;_thumbnail_id=71665&amp;preview=true\" target=\"_blank\" rel=\"noopener\">RADISSON BLU CARLTON HOTEL, BRATISLAVA<\/a><\/h3>\n<p>Legend\u00e4res Prestige-Hotel Radisson Blu Carlton Hotel begr\u00fc\u00dft seine G\u00e4ste direkt im Herz der historischen Stadt Bratislava. Das Hotel ist von Restaurants, Bars und kulturellen Denkm\u00e4lern umringt. Das Geb\u00e4ude aus dem Jahr 1837 wurde im urspr\u00fcnglichen klassizistischen Stil rekonstruiert.<\/p>\n<p><img loading=\"lazy\" class=\"alignnone wp-image-33464 size-large\" src=\"https:\/\/www.visitbratislava.com\/wp-content\/uploads\/2017\/06\/carlton-exterior-800x534.jpg\" alt=\"radisson blu carlton hotel bratislava\" width=\"800\" height=\"534\" srcset=\"https:\/\/www.visitbratislava.com\/wp-content\/uploads\/2017\/06\/carlton-exterior-800x534.jpg 800w, https:\/\/www.visitbratislava.com\/wp-content\/uploads\/2017\/06\/carlton-exterior-400x267.jpg 400w, https:\/\/www.visitbratislava.com\/wp-content\/uploads\/2017\/06\/carlton-exterior-768x512.jpg 768w, https:\/\/www.visitbratislava.com\/wp-content\/uploads\/2017\/06\/carlton-exterior-200x133.jpg 200w, https:\/\/www.visitbratislava.com\/wp-content\/uploads\/2017\/06\/carlton-exterior.jpg 1901w\" sizes=\"(max-width: 800px) 100vw, 800px\" \/><\/p>\n<h3><a href=\"https:\/\/www.visitbratislava.com\/de\/mitglieder\/roset-boutique-hotel-tulip-house-a-s\/\" target=\"_blank\" rel=\"noopener\">ROSET BOUTIQUE HOTEL<\/a><\/h3>\n<p>Roset Boutique Hotel ist prachtvolles, luxuri\u00f6ses Hotel, erbaut im Jahr 1903 im Stil Art Nouveau, welches die Unterkunft in luxuri\u00f6sen, r\u00e4umigen und \u00fcberdurchschnittlich eingerichteten Apartments und Maisonette Penthouse, geeignet auch f\u00fcr l\u00e4ngere Aufenthalte, bietet.<\/p>\n<p><img loading=\"lazy\" class=\"alignnone wp-image-47510 size-large\" src=\"https:\/\/www.visitbratislava.com\/wp-content\/uploads\/2018\/08\/roset-boutique-hotel_exterier-800x467.jpg\" alt=\"roset boutique hotel bratislava\" width=\"800\" height=\"467\" srcset=\"https:\/\/www.visitbratislava.com\/wp-content\/uploads\/2018\/08\/roset-boutique-hotel_exterier-800x467.jpg 800w, https:\/\/www.visitbratislava.com\/wp-content\/uploads\/2018\/08\/roset-boutique-hotel_exterier-400x233.jpg 400w, https:\/\/www.visitbratislava.com\/wp-content\/uploads\/2018\/08\/roset-boutique-hotel_exterier-768x448.jpg 768w, https:\/\/www.visitbratislava.com\/wp-content\/uploads\/2018\/08\/roset-boutique-hotel_exterier-200x117.jpg 200w\" sizes=\"(max-width: 800px) 100vw, 800px\" \/><\/p>\n<h3><a href=\"https:\/\/www.visitbratislava.com\/de\/setzt\/hotel-sheraton-bratislava\/\" target=\"_blank\" rel=\"noopener\">SHERATON BRATISLAVA HOTEL<\/a><\/h3>\n<p>Das Sheraton Bratislava Hotel liegt direkt an den Ufern der Donau und grenzt an eine Shopping-Meile, die viele Arten von Unterhaltung, Kultur sowie Entspannung bietet. Ins Stadtzentrum sind es nur 5 Gehminuten und alle wichtigen Sehensw\u00fcrdigkeiten\u00a0sind in unmittelbarer N\u00e4he, was\u00a0das Sheraton Hotel zum perfekten Ausgansgspunkt f\u00fcr\u00a0einen Stadtrundgang macht. Alle der 209 modern und ger\u00e4umig eingerichteten\u00a0Zimmer und Suiten verf\u00fcgen\u00a0\u00fcber Sheraton Signature Sleep Experience Betten, kostenloses High-Speed Internet sowie sehr ger\u00e4umige\u00a0Badezimmer. ZION SPA PREMIUM, kostenlos f\u00fcr\u00a0alle Hotel-G\u00e4ste, bietet einen sich \u00fcber\u00a0800 Quadratmeter erstreckenden Wellnessbereich mit beheizten Swimming-Pools, verschiedenen Saunen, einer Dampfkammer,\u00a0professionellen K\u00f6rperbehandlungen mit h\u00f6chst-qualitativen Kosmetikprodukten sowie einem durchgehend ge\u00f6ffneten\u00a0Fitnesscenter. Die Port Wilson Lobby Lounge sowie die Amber&#8217;s Bar sind ideale M\u00f6glichkeiten\u00a0um fr\u00fchzust\u00fccken, sich mit Freunden zu treffen oder einfach diverse Getr\u00e4nke\u00a0\u00a0(antialkoholisch, alkoholisch), Snacks oder anderes zu geniessen.<\/p>\n<p>Pribinova 12, 811 09 Bratislava<br \/>\n+421235350000<br \/>\n<a href=\"mailto:reservations@sheratonbratislava.com\">reservations@sheratonbratislava.com<\/a><br \/>\n<a href=\"http:\/\/www.sheratonbratislava.com\">www.sheratonbratislava.com<\/a><\/p>\n<h3><img loading=\"lazy\" width=\"800\" height=\"533\" class=\"size-large wp-image-56439 alignnone\" src=\"https:\/\/www.visitbratislava.com\/wp-content\/uploads\/2019\/03\/hotel-sheraton-room-izba-800x533.jpg\" alt=\"\" srcset=\"https:\/\/www.visitbratislava.com\/wp-content\/uploads\/2019\/03\/hotel-sheraton-room-izba-800x533.jpg 800w, https:\/\/www.visitbratislava.com\/wp-content\/uploads\/2019\/03\/hotel-sheraton-room-izba-400x267.jpg 400w, https:\/\/www.visitbratislava.com\/wp-content\/uploads\/2019\/03\/hotel-sheraton-room-izba-768x512.jpg 768w, https:\/\/www.visitbratislava.com\/wp-content\/uploads\/2019\/03\/hotel-sheraton-room-izba-200x133.jpg 200w\" sizes=\"(max-width: 800px) 100vw, 800px\" \/><\/h3>\n<h3><a href=\"https:\/\/www.visitbratislava.com\/de\/setzt\/grand-hotel-river-park\/\" target=\"_blank\" rel=\"noopener\">GRAND HOTEL RIVER PARK, A LUXURY COLLECTION HOTEL<\/a><\/h3>\n<p>Betreten Sie eine Welt voller elegantem Design, welches die moderne Vorstellung von reichlichem sowie wirkungsvollem Raum darstellt, gemacht f\u00fcr Gesch\u00e4ftsreisende sowie f\u00fcr abenteuerliche Entdecker, die immer auf der Suche nach neuen Erfahrungen sind. Das unverwechselbare Hotel, direkt am Ufer der Donau gelegen &#8211; einzigartig unter den Hotels in Bratislava &#8211; bietet eine beeindruckende Promenade angrenzend an das Hotel. ZION SPA LUXURY verzaubert mit einem sich \u00fcber 1500 Quadratmeter erstreckenden Wellness-Bereich, der \u00fcber einen Swimming-Pool, zwei Whirlpools sowie drei Saunen verf\u00fcgt. Zus\u00e4tzlich gibt es einen Fitnessraum, der mit s\u00e4mtlichen Trainingsger\u00e4ten ausgestattet ist. Die N\u00e4he zu Wien (35 Minuten Fahrzeit) erm\u00f6glicht eine m\u00fchelose Reise sowie die h\u00f6chstm\u00f6glichen Komfort-Standards. Mehrfach ausgezeichnet als bestes Hotel der Slowakei (Trend Top) sowie als f\u00fchrendes Business-Hotel der Slowakei (World Travel Award), wird Ihr Aufenthalt Ihren Erwartungen garantiert entsprechen.<\/p>\n<p>Dvo\u0159\u00e1kovo n\u00e1bre\u017eie 6, 811 02 Bratislava<br \/>\n+421232238222<br \/>\n<a href=\"mailto:reservations@grandriverpark.com\">reservations@grandriverpark.com<\/a><br \/>\n<a href=\"http:\/\/www.grandriverpark.com\">www.grandriverpark.com<\/a><\/p>\n<p><img loading=\"lazy\" width=\"800\" height=\"413\" class=\"size-large wp-image-56434 alignnone\" src=\"https:\/\/www.visitbratislava.com\/wp-content\/uploads\/2015\/05\/Grand-Hotel-River-Park-Bratislava_Hotel-and-its-surroundings-800x413.jpg\" alt=\"\" srcset=\"https:\/\/www.visitbratislava.com\/wp-content\/uploads\/2015\/05\/Grand-Hotel-River-Park-Bratislava_Hotel-and-its-surroundings-800x413.jpg 800w, https:\/\/www.visitbratislava.com\/wp-content\/uploads\/2015\/05\/Grand-Hotel-River-Park-Bratislava_Hotel-and-its-surroundings-400x207.jpg 400w, https:\/\/www.visitbratislava.com\/wp-content\/uploads\/2015\/05\/Grand-Hotel-River-Park-Bratislava_Hotel-and-its-surroundings-768x397.jpg 768w, https:\/\/www.visitbratislava.com\/wp-content\/uploads\/2015\/05\/Grand-Hotel-River-Park-Bratislava_Hotel-and-its-surroundings-200x103.jpg 200w, https:\/\/www.visitbratislava.com\/wp-content\/uploads\/2015\/05\/Grand-Hotel-River-Park-Bratislava_Hotel-and-its-surroundings.jpg 1499w\" sizes=\"(max-width: 800px) 100vw, 800px\" \/><\/p>\n<h3>DOUBLETREE BY HILTON<\/h3>\n<p>DoubleTree by Hilton Bratislava ist ein modernes Vier-Sterne-Hotel im Herzen von Bratislava. Es liegt neben dem Winterstadion Ondrej Nepela, einem Veranstaltungsort f\u00fcr Sport- und Kulturveranstaltungen, 10 Minuten vom Stadtzentrum, 7 Autominuten vom internationalen Flughafen Bratislava und nur 50 Minuten vom internationalen Flughafen Wien-Schwechat entfernt. \u00dcbernachten Sie in ger\u00e4umigen und komfortablen Zimmern, die klimatisiert und schallisoliert sind. Sie k\u00f6nnen auch das Fitnesscenter, das Schwimmbad oder die Sauna nutzen. Lassen Sie sich ein k\u00f6stliches Essen im Hotelrestaurant Cloud nicht entgehen.<\/p>\n<p><img loading=\"lazy\" width=\"1273\" height=\"750\" class=\"alignnone size-full wp-image-56742\" src=\"https:\/\/www.visitbratislava.com\/wp-content\/uploads\/2019\/02\/Rooms_DoubleTree-by-Hilton_Bratislava.jpg\" alt=\"\" srcset=\"https:\/\/www.visitbratislava.com\/wp-content\/uploads\/2019\/02\/Rooms_DoubleTree-by-Hilton_Bratislava.jpg 1273w, https:\/\/www.visitbratislava.com\/wp-content\/uploads\/2019\/02\/Rooms_DoubleTree-by-Hilton_Bratislava-400x236.jpg 400w, https:\/\/www.visitbratislava.com\/wp-content\/uploads\/2019\/02\/Rooms_DoubleTree-by-Hilton_Bratislava-768x452.jpg 768w, https:\/\/www.visitbratislava.com\/wp-content\/uploads\/2019\/02\/Rooms_DoubleTree-by-Hilton_Bratislava-800x471.jpg 800w, https:\/\/www.visitbratislava.com\/wp-content\/uploads\/2019\/02\/Rooms_DoubleTree-by-Hilton_Bratislava-200x118.jpg 200w\" sizes=\"(max-width: 1273px) 100vw, 1273px\" \/><\/p>\n<h3 data-start=\"1176\" data-end=\"1665\">HOTEL MODENA<\/h3>\n<p data-start=\"1176\" data-end=\"1665\">Ein Drei-Sterne-Hotel nur 6 km vom historischen Zentrum Bratislavas entfernt. Das Hotel verf\u00fcgt \u00fcber 53 komfortable Zimmer mit 120 Betten, alle ausgestattet mit eigenem Bad, Flachbildfernseher, kostenlosem WLAN und meist mit Balkon. Den G\u00e4sten stehen zwei Wellnessbereiche (Reservierung erforderlich), ein kostenloses Fitnessstudio sowie drei Seminarr\u00e4ume mit Kapazit\u00e4ten von 40 bis 130 Personen zur Verf\u00fcgung \u2013 ideal f\u00fcr Gesch\u00e4ftsreisen ebenso wie f\u00fcr St\u00e4dteurlaube.<\/p>\n<p data-start=\"1667\" data-end=\"2157\">Dank des \u00fcberwachten Parkplatzes, der schnellen Anbindung an die Autobahn sowie der N\u00e4he zum Flughafen (9 km) und Hauptbahnhof (7,5 km) ist das Hotel Modena*** leicht erreichbar. Im Hotelkomplex befindet sich au\u00dferdem das elegante <strong data-start=\"1898\" data-end=\"1922\">Maranello Ristorante<\/strong>, das authentische italienische K\u00fcche bietet \u2013 perfekt f\u00fcr Gesch\u00e4ftsessen, Familientreffen oder romantische Abende. Mit seiner Kombination aus Komfort, Lage und Service ist das Hotel Modena*** eine verl\u00e4ssliche Adresse in Bratislava.<\/p>\n<p data-start=\"1667\" data-end=\"2157\"><img loading=\"lazy\" width=\"2560\" height=\"1440\" class=\"alignnone size-full wp-image-352597\" src=\"https:\/\/www.visitbratislava.com\/wp-content\/uploads\/2025\/09\/4-scaled.jpg\" alt=\"\" srcset=\"https:\/\/www.visitbratislava.com\/wp-content\/uploads\/2025\/09\/4-scaled.jpg 2560w, https:\/\/www.visitbratislava.com\/wp-content\/uploads\/2025\/09\/4-400x225.jpg 400w, https:\/\/www.visitbratislava.com\/wp-content\/uploads\/2025\/09\/4-800x450.jpg 800w, https:\/\/www.visitbratislava.com\/wp-content\/uploads\/2025\/09\/4-768x432.jpg 768w, https:\/\/www.visitbratislava.com\/wp-content\/uploads\/2025\/09\/4-1536x864.jpg 1536w, https:\/\/www.visitbratislava.com\/wp-content\/uploads\/2025\/09\/4-2048x1152.jpg 2048w, https:\/\/www.visitbratislava.com\/wp-content\/uploads\/2025\/09\/4-200x113.jpg 200w\" sizes=\"(max-width: 2560px) 100vw, 2560px\" \/><\/p>\n<h3><a href=\"https:\/\/www.visitbratislava.com\/de\/mitglieder\/patio-hostel-bra\u2026vak-hostel-s-r-o\/\">PATIO HOSTEL<\/a><\/h3>\n<p>Patio Hostel Bratislava &#8211; es geht um das popul\u00e4rste Hostel in Bratislava, das am besten situiert ist und die besten Preise anbietet. Au\u00dferdem finden Sie hier Zimmer mit viel Privatleben, einen Garten, eine Bar und einen Parkplatz. Der Internetanschluss ist frei, es gibt auch freien Eintritt in den Waschraum und vieles Andere. Unsere netten und sehr gut informierten Angestellten sind immer hilfsbereit und sie sind alle Muttersprachler und sprechen ausgezeichnet Englisch. Alle wichtigen Attraktionen, Bars, Restaurants und Klubs sind fast um die Ecke zu finden (in der N\u00e4he vom Hostel). Deswegen gibt es keinen Grund, ein Taxi oder ein \u00f6ffentliches Verkehrsmittel zu nehmen, wenn man Stadtbesichtigung machen oder eine Bar besuchen m\u00f6chte.<\/p>\n<p><img loading=\"lazy\" width=\"800\" height=\"588\" class=\"alignnone size-large wp-image-50351\" src=\"https:\/\/www.visitbratislava.com\/wp-content\/uploads\/2018\/11\/patio-hostel-na-sirku-800x588.jpg\" alt=\"\" srcset=\"https:\/\/www.visitbratislava.com\/wp-content\/uploads\/2018\/11\/patio-hostel-na-sirku-800x588.jpg 800w, https:\/\/www.visitbratislava.com\/wp-content\/uploads\/2018\/11\/patio-hostel-na-sirku-400x294.jpg 400w, https:\/\/www.visitbratislava.com\/wp-content\/uploads\/2018\/11\/patio-hostel-na-sirku-768x564.jpg 768w, https:\/\/www.visitbratislava.com\/wp-content\/uploads\/2018\/11\/patio-hostel-na-sirku-200x147.jpg 200w, https:\/\/www.visitbratislava.com\/wp-content\/uploads\/2018\/11\/patio-hostel-na-sirku.jpg 1536w\" sizes=\"(max-width: 800px) 100vw, 800px\" \/><\/p>\n","protected":false},"excerpt":{"rendered":"<p>In Bratislava findet man viele Hotels in der N\u00e4he des Zentrums, sogar direkt im Zentrum. Viele bieten k\u00f6stliche K\u00fcche in eigenen Restaurants, in einigen steht auch Wellness zur Verf\u00fcgung. W\u00e4hlen Sie nach Stil, Lage oder Ausblicke aus: \ufeff HOTEL CROWNE PLAZA BRATISLAVA Crowne Plaza Bratislava ist ein Hotel der ersten Kategorie im Zentrum von Bratislava. [&hellip;]<\/p>\n","protected":false},"author":21,"featured_media":75255,"parent":0,"menu_order":0,"comment_status":"closed","ping_status":"closed","template":"","meta":[],"acf":[],"_links":{"self":[{"href":"https:\/\/www.visitbratislava.com\/de\/wp-json\/wp\/v2\/pages\/49758"}],"collection":[{"href":"https:\/\/www.visitbratislava.com\/de\/wp-json\/wp\/v2\/pages"}],"about":[{"href":"https:\/\/www.visitbratislava.com\/de\/wp-json\/wp\/v2\/types\/page"}],"author":[{"embeddable":true,"href":"https:\/\/www.visitbratislava.com\/de\/wp-json\/wp\/v2\/users\/21"}],"replies":[{"embeddable":true,"href":"https:\/\/www.visitbratislava.com\/de\/wp-json\/wp\/v2\/comments?post=49758"}],"version-history":[{"count":10,"href":"https:\/\/www.visitbratislava.com\/de\/wp-json\/wp\/v2\/pages\/49758\/revisions"}],"predecessor-version":[{"id":352699,"href":"https:\/\/www.visitbratislava.com\/de\/wp-json\/wp\/v2\/pages\/49758\/revisions\/352699"}],"wp:featuredmedia":[{"embeddable":true,"href":"https:\/\/www.visitbratislava.com\/de\/wp-json\/wp\/v2\/media\/75255"}],"wp:attachment":[{"href":"https:\/\/www.visitbratislava.com\/de\/wp-json\/wp\/v2\/media?parent=49758"}],"curies":[{"name":"wp","href":"https:\/\/api.w.org\/{rel}","templated":true}]}}