{"id":51454,"date":"2018-11-28T14:51:26","date_gmt":"2018-11-28T13:51:26","guid":{"rendered":"https:\/\/www.visitbratislava.com\/?page_id=51454\/"},"modified":"2019-11-27T16:24:26","modified_gmt":"2019-11-27T15:24:26","slug":"wifi","status":"publish","type":"page","link":"https:\/\/www.visitbratislava.com\/de\/wifi\/","title":{"rendered":"Gratis WiFi im Stadtzentrum"},"content":{"rendered":"<h3><iframe src=\"https:\/\/www.google.com\/maps\/d\/embed?mid=1Sj-1p0MGP5pwRgQ6KvXSW50kfajrUqxf\" width=\"800\" height=\"480\"><span data-mce-type=\"bookmark\" style=\"display: inline-block; width: 0px; overflow: hidden; line-height: 0;\" class=\"mce_SELRES_start\">\ufeff<\/span><\/iframe><\/h3>\n<h3>Wie funktioniert das?<\/h3>\n<p><strong>1. Willkommen im Netz VisitBratislava<\/strong><\/p>\n<p>Dieses Zugangsportal dient zur Anmeldung der Einrichtungen der Benutzer in das WiFi-Netz \u201eVisitBratislava\u201c, das den Zugang zu den touristischen Applikationen der Stadt gew\u00e4hrt, sowie auch den Internetzugang. Zur gr\u00f6\u00dferen Sicherheit in diesem Netz wird die direkte Kommunikation zwischen den angeschlossenen Einrichtungen nicht erm\u00f6glicht, nicht erm\u00f6glicht wird das Funktionieren von Risiko-Applikationen, sowie auch der Zugang zum ungeeigneten Inhalt im Internet. Ihre Anl\u00e4sse zur Verbesserung des Dienstes, gleich ob aus der Sicht der Qualit\u00e4t, Applikationsfunktionalit\u00e4t oder \u00dcberdeckung, k\u00f6nnen Sie per E-Mail an die Adresse <a href=\"mailto:wifi@bratislava.sk\">wifi@bratislava.sk<\/a><strong>, <\/strong>mit dem Gegenstand \u201eWiFi\u201c anmelden, wo wir gerne auch Ihr positives Feedback begr\u00fc\u00dfen.<\/p>\n<p><strong>\u00a0<\/strong><strong>2. Vorgangsweise der Registration der Einrichtung<\/strong><\/p>\n<p>Registrieren Sie Ihre Einrichtung in das Netz durch Abstimmung der Bedingungen der Dienstbenutzung des \u00f6ffentlichen WiFi-Netzes \u201eVisitBratislava\u201c. Nach erfolgreicher Anmeldung wird sich die Begr\u00fc\u00dfungsseite abbilden, wo wir Ihnen bei Ihren n\u00e4chsten Besuchen die touristischen Aktualit\u00e4ten der Stadt anzeigen werden.<\/p>\n<p><a href=\"https:\/\/www.visitbratislava.com\/wp-content\/uploads\/2018\/11\/Bedingungen-der-Dienstverwendung-des-\u00f6ffentlichen-WiFi-Netzes-Visit-Bratislava.pdf\" target=\"_blank\" rel=\"noopener\">Bedingungen der Dienstverwendung des \u00f6ffentlichen WiFi-Netzes Visit Bratislava<\/a><\/p>\n<p><img loading=\"lazy\" width=\"150\" height=\"150\" class=\"alignleft size-thumbnail wp-image-45318\" src=\"https:\/\/www.visitbratislava.com\/wp-content\/uploads\/2018\/07\/bratislava-logo-official-square-stvorec-plnofarebne-full-color-cervene-pozadie-red-background-150x150.png\" alt=\"\" srcset=\"https:\/\/www.visitbratislava.com\/wp-content\/uploads\/2018\/07\/bratislava-logo-official-square-stvorec-plnofarebne-full-color-cervene-pozadie-red-background-150x150.png 150w, https:\/\/www.visitbratislava.com\/wp-content\/uploads\/2018\/07\/bratislava-logo-official-square-stvorec-plnofarebne-full-color-cervene-pozadie-red-background-400x400.png 400w, https:\/\/www.visitbratislava.com\/wp-content\/uploads\/2018\/07\/bratislava-logo-official-square-stvorec-plnofarebne-full-color-cervene-pozadie-red-background-768x768.png 768w, https:\/\/www.visitbratislava.com\/wp-content\/uploads\/2018\/07\/bratislava-logo-official-square-stvorec-plnofarebne-full-color-cervene-pozadie-red-background-800x800.png 800w, https:\/\/www.visitbratislava.com\/wp-content\/uploads\/2018\/07\/bratislava-logo-official-square-stvorec-plnofarebne-full-color-cervene-pozadie-red-background-200x200.png 200w, https:\/\/www.visitbratislava.com\/wp-content\/uploads\/2018\/07\/bratislava-logo-official-square-stvorec-plnofarebne-full-color-cervene-pozadie-red-background-184x184.png 184w, https:\/\/www.visitbratislava.com\/wp-content\/uploads\/2018\/07\/bratislava-logo-official-square-stvorec-plnofarebne-full-color-cervene-pozadie-red-background-384x384.png 384w, https:\/\/www.visitbratislava.com\/wp-content\/uploads\/2018\/07\/bratislava-logo-official-square-stvorec-plnofarebne-full-color-cervene-pozadie-red-background-784x784.png 784w, https:\/\/www.visitbratislava.com\/wp-content\/uploads\/2018\/07\/bratislava-logo-official-square-stvorec-plnofarebne-full-color-cervene-pozadie-red-background.png 1000w\" sizes=\"(max-width: 150px) 100vw, 150px\" \/><img loading=\"lazy\" class=\"alignleft wp-image-51515 size-thumbnail\" src=\"https:\/\/www.visitbratislava.com\/wp-content\/uploads\/2018\/11\/o2-logo_modre-150x150.jpg\" alt=\"\" width=\"150\" height=\"150\" srcset=\"https:\/\/www.visitbratislava.com\/wp-content\/uploads\/2018\/11\/o2-logo_modre-150x150.jpg 150w, https:\/\/www.visitbratislava.com\/wp-content\/uploads\/2018\/11\/o2-logo_modre-200x200.jpg 200w, https:\/\/www.visitbratislava.com\/wp-content\/uploads\/2018\/11\/o2-logo_modre-184x184.jpg 184w, https:\/\/www.visitbratislava.com\/wp-content\/uploads\/2018\/11\/o2-logo_modre.jpg 360w\" sizes=\"(max-width: 150px) 100vw, 150px\" \/><\/p>\n","protected":false},"excerpt":{"rendered":"<p>\ufeff Wie funktioniert das? 1. Willkommen im Netz VisitBratislava Dieses Zugangsportal dient zur Anmeldung der Einrichtungen der Benutzer in das WiFi-Netz \u201eVisitBratislava\u201c, das den Zugang zu den touristischen Applikationen der Stadt gew\u00e4hrt, sowie auch den Internetzugang. Zur gr\u00f6\u00dferen Sicherheit in diesem Netz wird die direkte Kommunikation zwischen den angeschlossenen Einrichtungen nicht erm\u00f6glicht, nicht erm\u00f6glicht wird [&hellip;]<\/p>\n","protected":false},"author":21,"featured_media":51543,"parent":0,"menu_order":0,"comment_status":"closed","ping_status":"closed","template":"","meta":[],"acf":[],"_links":{"self":[{"href":"https:\/\/www.visitbratislava.com\/de\/wp-json\/wp\/v2\/pages\/51454"}],"collection":[{"href":"https:\/\/www.visitbratislava.com\/de\/wp-json\/wp\/v2\/pages"}],"about":[{"href":"https:\/\/www.visitbratislava.com\/de\/wp-json\/wp\/v2\/types\/page"}],"author":[{"embeddable":true,"href":"https:\/\/www.visitbratislava.com\/de\/wp-json\/wp\/v2\/users\/21"}],"replies":[{"embeddable":true,"href":"https:\/\/www.visitbratislava.com\/de\/wp-json\/wp\/v2\/comments?post=51454"}],"version-history":[{"count":0,"href":"https:\/\/www.visitbratislava.com\/de\/wp-json\/wp\/v2\/pages\/51454\/revisions"}],"wp:featuredmedia":[{"embeddable":true,"href":"https:\/\/www.visitbratislava.com\/de\/wp-json\/wp\/v2\/media\/51543"}],"wp:attachment":[{"href":"https:\/\/www.visitbratislava.com\/de\/wp-json\/wp\/v2\/media?parent=51454"}],"curies":[{"name":"wp","href":"https:\/\/api.w.org\/{rel}","templated":true}]}}