{"id":51794,"date":"2018-12-04T10:58:23","date_gmt":"2018-12-04T09:58:23","guid":{"rendered":"https:\/\/www.visitbratislava.com\/?page_id=51794\/"},"modified":"2024-02-12T09:35:54","modified_gmt":"2024-02-12T08:35:54","slug":"familienausflug","status":"publish","type":"page","link":"https:\/\/www.visitbratislava.com\/de\/familienausflug\/","title":{"rendered":"Viel Spa\u00df mit der ganzen Familie"},"content":{"rendered":"<h3>In die Natur mit der Familie<\/h3>\n<p>Zu den am meisten besuchten Orten geh\u00f6rt in Bratislava ohne Zweifel der <a href=\"https:\/\/www.visitbratislava.com\/de\/setzt\/zoo\/\" target=\"_blank\" rel=\"noopener\"><strong><u>ZOO-Garten<\/u><\/strong><\/a> im Stadtteil Mlynska dolina. Man findet hier mehr als tausend Tiere von fast 180 Tierarten.<\/p>\n<p>Vom Mai bis Ende September findet am Wochenende das kommentierte F\u00fcttern der Tiere statt, was bringt die Menschen n\u00e4her zu Tieren wie \u00fcblich. Besonders lebhaft stellen im ZOO-Garten spezielle Kinderveranstaltungen wie zum Beispiel Internationaler Kindertag oder Saint Nikolaus Tag dar.<\/p>\n<p>Wenn Sie der Halter der touristischen Karte <a href=\"http:\/\/card.visitbratislava.com\/de\/\" target=\"_blank\" rel=\"noopener\">Bratislava CARD<\/a> sind, haben Sie 100 % Preisnachlass zum Besuch des ZOO-Gartens. Dar\u00fcber hinaus ist der Stadtverkehr zum ZOO-Garten v\u00f6llig gratis.<\/p>\n<p><img loading=\"lazy\" class=\"alignnone wp-image-51336 size-large\" src=\"https:\/\/www.visitbratislava.com\/wp-content\/uploads\/2018\/11\/surikaty-zoo-orezane-800x401.jpg\" alt=\"zoo tiere\" width=\"800\" height=\"401\" srcset=\"https:\/\/www.visitbratislava.com\/wp-content\/uploads\/2018\/11\/surikaty-zoo-orezane-800x401.jpg 800w, https:\/\/www.visitbratislava.com\/wp-content\/uploads\/2018\/11\/surikaty-zoo-orezane-400x201.jpg 400w, https:\/\/www.visitbratislava.com\/wp-content\/uploads\/2018\/11\/surikaty-zoo-orezane-768x385.jpg 768w, https:\/\/www.visitbratislava.com\/wp-content\/uploads\/2018\/11\/surikaty-zoo-orezane-200x100.jpg 200w, https:\/\/www.visitbratislava.com\/wp-content\/uploads\/2018\/11\/surikaty-zoo-orezane-384x192.jpg 384w, https:\/\/www.visitbratislava.com\/wp-content\/uploads\/2018\/11\/surikaty-zoo-orezane-784x392.jpg 784w\" sizes=\"(max-width: 800px) 100vw, 800px\" \/><\/p>\n<p>Quelle Foto: ZOO<\/p>\n<p>Ein St\u00fcck der wundersch\u00f6nen Natur und Historie bietet auch die <a href=\"https:\/\/www.visitbratislava.com\/de\/setzt\/burg-devin\/\" target=\"_blank\" rel=\"noopener\"><strong>Burg Dev\u00edn<\/strong><\/a><strong>,\u00a0 <\/strong>die zu den bedeutendsten historischen und arch\u00e4ologischen Standorten im Mitteleuropa geh\u00f6rte. Die einzigartige Aussicht auf den Zusammenfluss von zwei Fl\u00fcssen \u2013 Donau und M\u00e4hren. Regelm\u00e4\u00dfig finden hier kulturelle Veranstaltungen wie Ritter auf der Burg Dev\u00edn statt.<\/p>\n<p><img loading=\"lazy\" class=\"alignnone wp-image-3352 size-large\" src=\"https:\/\/www.visitbratislava.com\/wp-content\/uploads\/2014\/10\/letecka-devin-800x450.jpg\" alt=\"devin burg\" width=\"800\" height=\"450\" srcset=\"https:\/\/www.visitbratislava.com\/wp-content\/uploads\/2014\/10\/letecka-devin-800x450.jpg 800w, https:\/\/www.visitbratislava.com\/wp-content\/uploads\/2014\/10\/letecka-devin-400x225.jpg 400w, https:\/\/www.visitbratislava.com\/wp-content\/uploads\/2014\/10\/letecka-devin-200x113.jpg 200w\" sizes=\"(max-width: 800px) 100vw, 800px\" \/><\/p>\n<p>Einer der beliebtesten Erholungsorte ist <strong><a href=\"https:\/\/www.visitbratislava.com\/de\/setzt\/zelezna-studienka\/\" target=\"_blank\" rel=\"noopener\">\u017delezn\u00e1 studienka<\/a><\/strong> mit viel Gr\u00fcn und Raum f\u00fcr Familien mit Kindern. Man kann sich mit der Sesselbahn hinauffahren lassen und die Aussicht aus der H\u00f6he von 186 Meter genie\u00dfen. Die Partisanen Wiese bietet einen Raum f\u00fcr Radfahren, Rollschuhlaufen oder Angeln an. Genie\u00dfe hier Picknick, beruhigende Spazierg\u00e4nge, Grillparty und Sportpl\u00e4tze f\u00fcr Familien mit Kindern.<\/p>\n<h3>Vergn\u00fcgung beim Regen<\/h3>\n<p>Bei einem schlechten Wetter k\u00f6nnen die Kinder beim Springen in <strong><u><a href=\"https:\/\/jumparena.sk\/\" target=\"_blank\" rel=\"noopener\">Jump arene<\/a><\/u><\/strong> austoben, eigene S\u00fc\u00dfigkeit in der\u00a0<strong><a href=\"https:\/\/www.visitbratislava.com\/de\/setzt\/suesse-manufaktur-bon-manufaktur\/\">Bon Manufaktur\u00a0<\/a><\/strong>(Nachlass 10% mit der <strong><a href=\"http:\/\/card.visitbratislava.com\/de\/\">Bratislava CARD<\/a><\/strong>) fertigen oder das Erlebniszentrum f\u00fcr Wissenschaft <strong><u><a href=\"https:\/\/www.visitbratislava.com\/sk\/miesta\/zazitkove-centrum-vedy-aurelium\/\">Aurelium<\/a><\/u><\/strong> besuchen. Das ist eine Verbindung der Schule, des Museums und Vergn\u00fcgungsparks, da seine Idee aus der Meinung ausgeht, dass eigene Erfahrungen und Erlebnisse das Beste f\u00fcr Lernen sind.<\/p>\n<p><strong><a href=\"https:\/\/www.visitbratislava.com\/de\/setzt\/galerie-multium\/\" target=\"_blank\" rel=\"noopener\">Galerie Multium<\/a><\/strong> (Nachlass 15% mit <a href=\"http:\/\/card.visitbratislava.com\/de\/\" target=\"_blank\" rel=\"noopener\">Bratislava CARD<\/a>) im Zentrum von Bratislava mit sechs Infinite-R\u00e4umlichkeiten ist eine Illusion der Unendlichkeit, gebildet durch Spiegel und spezielle Lichteffekte. Das Projekt wurde von einer japanischen K\u00fcnstlerin inspiriert.<\/p>\n<p><img loading=\"lazy\" class=\"alignnone wp-image-51340 size-large\" src=\"https:\/\/www.visitbratislava.com\/wp-content\/uploads\/2018\/11\/chodba-multium-orezane-800x377.jpg\" alt=\"galerie multium\" width=\"800\" height=\"377\" srcset=\"https:\/\/www.visitbratislava.com\/wp-content\/uploads\/2018\/11\/chodba-multium-orezane-800x377.jpg 800w, https:\/\/www.visitbratislava.com\/wp-content\/uploads\/2018\/11\/chodba-multium-orezane-400x188.jpg 400w, https:\/\/www.visitbratislava.com\/wp-content\/uploads\/2018\/11\/chodba-multium-orezane-768x362.jpg 768w, https:\/\/www.visitbratislava.com\/wp-content\/uploads\/2018\/11\/chodba-multium-orezane-200x94.jpg 200w, https:\/\/www.visitbratislava.com\/wp-content\/uploads\/2018\/11\/chodba-multium-orezane-1440x680.jpg 1440w\" sizes=\"(max-width: 800px) 100vw, 800px\" \/><\/p>\n<p>Die Verbindung der Vergn\u00fcgung und Bildung gelingt nicht immer, jedoch das <strong><u><a href=\"https:\/\/www.visitbratislava.com\/de\/setzt\/slowakisches-nationalmuseum-naturwissenschaftliches-museum\/\" target=\"_blank\" rel=\"noopener\">Naturwissenschaftliche Museum<\/a><\/u><\/strong> stellt ein Beispiel von beiden dar. Erkennen Sie die Geschichte des Lebens auf der Erdkugel oder Naturwunder in der Slowakei. Sie werden von Modellen der ausgestorbenen Lebewesen in ihrer Lebensgr\u00f6\u00dfe entgeistert.<\/p>\n<p>*20% Nachlass mit Bratislava CARD<\/p>\n<h3>Spielerische Kultur<\/h3>\n<p>Zu dem <strong><a href=\"https:\/\/www.visitbratislava.com\/de\/setzt\/bibiana\/\" target=\"_blank\" rel=\"noopener\">Bibiana<\/a><\/strong>, Kulturhaus f\u00fcr Kinder, gegen\u00fcber dem <a href=\"https:\/\/www.visitbratislava.com\/de\/setzt\/die-kathedrale-des-heiligen-martin\/\" target=\"_blank\" rel=\"noopener\">Sankt Martin Dom<\/a>, k\u00f6nnen bei beliebigem Wetter gehen. Hier k\u00f6nnen Kinder die Kultur wirklich nichttraditionell entdecken.<\/p>\n<p>Das internationale Kulturhaus f\u00fcr Kinder unterst\u00fctzt die Entwicklung und Ausbreitung der professionellen Kunst f\u00fcr Kinder. Neben den unikalen interaktiven Ausstellungsprojekten widmet man hier Aufmerksamkeit auch Projekten f\u00fcr breitere \u00d6ffentlichkeit. Wissen Sie was Kiwanis-Puppen sind oder m\u00f6chten Sie Filmanimationen auf eigene Augen sehen? Kommen Sie zu Bibiana noch heute.<\/p>\n<p>Zus\u00e4tzlich, dank dieser Institution,\u00a0 ver\u00e4ndert sich Bratislava alle zwei Jahre in ein K\u00f6nigreich der Kinderb\u00fccher. Bienale der Illustrationen Bratislava bringt Abbildungen aus B\u00fcchern aus der ganzen Welt in die Hauptstadt, bei denen die Kinderfantasie fabelhaft funktioniert.<\/p>\n<p><img loading=\"lazy\" class=\"alignnone wp-image-50714 size-large\" src=\"https:\/\/www.visitbratislava.com\/wp-content\/uploads\/2018\/11\/zdroj_Dominik_Sepp-Bibiana-800x533.jpg\" alt=\"bibiana kinder\" width=\"800\" height=\"533\" srcset=\"https:\/\/www.visitbratislava.com\/wp-content\/uploads\/2018\/11\/zdroj_Dominik_Sepp-Bibiana-800x533.jpg 800w, https:\/\/www.visitbratislava.com\/wp-content\/uploads\/2018\/11\/zdroj_Dominik_Sepp-Bibiana-400x267.jpg 400w, https:\/\/www.visitbratislava.com\/wp-content\/uploads\/2018\/11\/zdroj_Dominik_Sepp-Bibiana-768x512.jpg 768w, https:\/\/www.visitbratislava.com\/wp-content\/uploads\/2018\/11\/zdroj_Dominik_Sepp-Bibiana-200x133.jpg 200w\" sizes=\"(max-width: 800px) 100vw, 800px\" \/><span style=\"font-size: 8pt;\"><em> Foto: Dominik Sepp<\/em><\/span><\/p>\n<p>Vor einigen Jahren haben Stra\u00dfen in unserer Stadt hinsichtlich des Stra\u00dfenverkehrs anders ausgesehen. Im\u00a0<strong><u><a href=\"https:\/\/www.visitbratislava.com\/de\/setzt\/transport-museum\/\" target=\"_blank\" rel=\"noopener\">Verkehrsmuseum<\/a><\/u><\/strong> in Bratislava findet man eine umfangreiche Sammlung der Fahrzeuge von Kutschen, Kraftfahrzeugen bis zu Dampf-, Motor- und elektrische Lokomotiven.\u00a0 Der Stra\u00dfenverkehr wird durch die Sammlung der ersten Verkehrsmittel\u00a0 \u00fcber Fahrr\u00e4der, PKW und LKW der Zeit zwischen beiden Weltkriegen bis Fahrzeuge der 60-er und 70-er Jahre pr\u00e4sentiert.<\/p>\n<p><img loading=\"lazy\" class=\"alignnone wp-image-3378 size-large\" src=\"https:\/\/www.visitbratislava.com\/wp-content\/uploads\/2015\/03\/Muzeum-dopravy-800x513.jpg\" alt=\"Verkehrsmuseum\" width=\"800\" height=\"513\" srcset=\"https:\/\/www.visitbratislava.com\/wp-content\/uploads\/2015\/03\/Muzeum-dopravy-800x513.jpg 800w, https:\/\/www.visitbratislava.com\/wp-content\/uploads\/2015\/03\/Muzeum-dopravy-400x257.jpg 400w, https:\/\/www.visitbratislava.com\/wp-content\/uploads\/2015\/03\/Muzeum-dopravy-200x128.jpg 200w\" sizes=\"(max-width: 800px) 100vw, 800px\" \/><\/p>\n<p>Eine wundersch\u00f6ne Aussicht auf das ganze Bratislava bis 100 Kilometer bietet Ihnen die Aussicht aus dem <strong><u><a href=\"https:\/\/www.visitbratislava.com\/de\/setzt\/ufo\/\" target=\"_blank\" rel=\"noopener\">UFO-Turm.<\/a><\/u><\/strong> Fahren Sie mit dem Lift bis zu der H\u00f6he von 95 Meter und genie\u00dfen Sie die Stadt\u00a0 auf der Hand.<\/p>\n<p><img loading=\"lazy\" class=\"alignnone wp-image-2885 size-large\" src=\"https:\/\/www.visitbratislava.com\/wp-content\/uploads\/2014\/10\/hrad-dunaj-ufo-800x450.jpg\" alt=\"ufo turm donau burg\" width=\"800\" height=\"450\" srcset=\"https:\/\/www.visitbratislava.com\/wp-content\/uploads\/2014\/10\/hrad-dunaj-ufo-800x450.jpg 800w, https:\/\/www.visitbratislava.com\/wp-content\/uploads\/2014\/10\/hrad-dunaj-ufo-400x225.jpg 400w, https:\/\/www.visitbratislava.com\/wp-content\/uploads\/2014\/10\/hrad-dunaj-ufo-200x113.jpg 200w\" sizes=\"(max-width: 800px) 100vw, 800px\" \/><\/p>\n<p>Wie erkennen Kinder die Stadt Bratislava in spielerischer Form? Eine der M\u00f6glichkeiten ist der <strong>touristische Besichtigungszug<\/strong>, der k\u00fcrzere sowie l\u00e4ngere Besichtigungstrassen bietet. Man erf\u00e4hrt etwas \u00fcber die Geschichte und erkennt alle wichtigen Ecken w\u00e4hrend der Fahrt durch den touristischen Besichtigungszug.<\/p>\n<h3><strong>Ausfl\u00fcge in die Umgebung<\/strong><\/h3>\n<p><strong><u><a href=\"https:\/\/www.visitbratislava.com\/de\/setzt\/red-stone-castle\/\" target=\"_blank\" rel=\"noopener\">Rotstein<\/a><\/u><\/strong><\/p>\n<p>Eine imposante Burg mit einer exzellenten Exposition nur 30 Minuten Autofahrt von Bratislava. Ber\u00fchmte Zeiten der Burg und Szenen aus seiner reichen Geschichte kann man vor allem bei Burgfesttagen, Ritterturnieren und Vorstellungen der Falkenier bewundern.<\/p>\n<p>Die ungew\u00f6hnliche Atmosph\u00e4re kann man auch bei Sommernachtbesichtigungen erleben. F\u00fcr ihre mittelalterliche Anziehung wurde die Burg in der neuerlichen Vergangenheit der Zeuge der Dreharbeiten von verschiedenen Filmen und M\u00e4rchen wie zum Beispiel Prinzessin Fantagir\u00f3 oder Drachenherz.<\/p>\n<p>*100% Nachlass mit\u00a0<a href=\"http:\/\/card.visitbratislava.com\/de\/\">Bratislava CARD<\/a><\/p>\n<p><strong><u><a href=\"http:\/\/www.biofarma.sk\/\">Biofarm<\/a><\/u><\/strong><\/p>\n<p>Die BioFarm ist ein St\u00fcck der echten Natur in der N\u00e4he von Bratislava. Im Gel\u00e4nde befinden sich Wirtschaftstiere, Wirtschaftsbauobjekte wie Milchwerk und B\u00e4ckerei, Sportpl\u00e4tze, Restaurant mit Sommerterrasse. Man findet hier eine Menge von herrlichen B\u00e4umen und B\u00fcschen, Wiesen, Obstg\u00e4rten, Forstg\u00e4rten Weinrebe. Kommen Sie die Tiere anzuschauen, die sehr gut behandelt werden und genie\u00dfen Sie traditionelle Leckerbissen aus Naturquellen.<\/p>\n<p><strong><u><a href=\"http:\/\/www.abeland.sk\/\">Abeland<\/a><\/u><\/strong><\/p>\n<p>Das Hauswirtdorf Abeland wurde von der gro\u00dfen Familie Abel gegr\u00fcndet. Sie machen sich mit dem Leben vertraut, was unsere Gro\u00dfm\u00fctter und Urgro\u00dfm\u00fctter, in der sauberen Natur,\u00a0 erlebt haben. Kinder erkennen Haustiere, spielen auf dem Sportplatz und k\u00f6nnen verschiedene kreative Gegenst\u00e4nde w\u00e4hrend des speziellen Programms erzeugen.<\/p>\n<p><strong><u><a href=\"https:\/\/www.visitbratislava.com\/de\/setzt\/aquapark-senec\/\" target=\"_blank\" rel=\"noopener\">Aquapark in\u00a0Senec<\/a><\/u><\/strong><\/p>\n<p>Abenteuer f\u00fcr Abenteuer f\u00fcr die kleinsten und gr\u00f6\u00dferen, Faulenzer sowie z\u00e4hen Sportler, verschiedene Typen von Wasserbecken mit der Menge von Attraktionen. Wasserd\u00fcsen und Wasserspeier, Wasserregenschirm, Massageb\u00e4nke und weitere fabelhafte \u00dcberraschungen warten nur auf Sie.<\/p>\n<p><strong>N\u00fctzliche Buslinien und Anwendungen:<\/strong><\/p>\n<p><a href=\"https:\/\/cp.hnonline.sk\/vlakbus\/spojenie\/\" target=\"_blank\" rel=\"noopener\">Fahrpl\u00e4ne <\/a>&amp; Mobilapplikation IDSK BK f\u00fcr <a href=\"https:\/\/itunes.apple.com\/us\/app\/ids-bk\/id1360894243?l=sk&amp;ls=1&amp;mt=8\">iOS<\/a>\u00a0und f\u00fcr <a href=\"https:\/\/play.google.com\/store\/apps\/details?id=com.casperise.urbi.online.bid\">Android<\/a><\/p>\n","protected":false},"excerpt":{"rendered":"<p>Im Sommer oder im Winter, mit Kindern oder Gro\u00dfeltern, ist Bratislava die Vergn\u00fcgung f\u00fcr die ganze Familie. <\/p>\n","protected":false},"author":21,"featured_media":50719,"parent":0,"menu_order":0,"comment_status":"closed","ping_status":"closed","template":"","meta":[],"acf":[],"_links":{"self":[{"href":"https:\/\/www.visitbratislava.com\/de\/wp-json\/wp\/v2\/pages\/51794"}],"collection":[{"href":"https:\/\/www.visitbratislava.com\/de\/wp-json\/wp\/v2\/pages"}],"about":[{"href":"https:\/\/www.visitbratislava.com\/de\/wp-json\/wp\/v2\/types\/page"}],"author":[{"embeddable":true,"href":"https:\/\/www.visitbratislava.com\/de\/wp-json\/wp\/v2\/users\/21"}],"replies":[{"embeddable":true,"href":"https:\/\/www.visitbratislava.com\/de\/wp-json\/wp\/v2\/comments?post=51794"}],"version-history":[{"count":4,"href":"https:\/\/www.visitbratislava.com\/de\/wp-json\/wp\/v2\/pages\/51794\/revisions"}],"predecessor-version":[{"id":280152,"href":"https:\/\/www.visitbratislava.com\/de\/wp-json\/wp\/v2\/pages\/51794\/revisions\/280152"}],"wp:featuredmedia":[{"embeddable":true,"href":"https:\/\/www.visitbratislava.com\/de\/wp-json\/wp\/v2\/media\/50719"}],"wp:attachment":[{"href":"https:\/\/www.visitbratislava.com\/de\/wp-json\/wp\/v2\/media?parent=51794"}],"curies":[{"name":"wp","href":"https:\/\/api.w.org\/{rel}","templated":true}]}}