{"id":51978,"date":"2018-12-06T11:11:00","date_gmt":"2018-12-06T10:11:00","guid":{"rendered":"https:\/\/www.visitbratislava.com\/?page_id=51978\/"},"modified":"2024-02-12T09:34:26","modified_gmt":"2024-02-12T08:34:26","slug":"sportausflug","status":"publish","type":"page","link":"https:\/\/www.visitbratislava.com\/de\/sportausflug\/","title":{"rendered":"Erleben Sie Bratislava in Bewegung"},"content":{"rendered":"<h3>Bratislava auf dem Rad<\/h3>\n<p><strong><a href=\"https:\/\/www.visitbratislava.com\/de\/ihre-reise\/entdecke-die-stadt\/sport\/radfahren\/\" target=\"_blank\" rel=\"noopener\">Radfahren in\u00a0Bratislava<\/a><\/strong> z\u00e4hlt zu beliebten Sportarten mit einer aktiven Ausspannung. In der Stadt und derer Umgebung gibt es mehrere Radfahrwege. Man kann sogar nichttraditionelle Radbesichtigungen von Bratislava mit Profis ausprobieren, die Ihnen den Eisernen Vorgang oder die <a href=\"https:\/\/www.visitbratislava.com\/de\/setzt\/burg-devin\/\" target=\"_blank\" rel=\"noopener\"><strong>Burg Dev\u00edn<\/strong><\/a> zeigen k\u00f6nnen.<\/p>\n<p>Auf zwei R\u00e4dern kommt man auf dem Damm zu einem unikalen Kunstwerk \u2013 Museum <a href=\"https:\/\/www.visitbratislava.com\/de\/setzt\/danubiana-meulensteen-art-museum\/\" target=\"_blank\" rel=\"noopener\"><strong>Danubiana<\/strong><\/a> an der Donau. Die Adrenalinfahrt kann man auf der Abfahrtstrecke in W\u00e4ldern der Kleinen Karpaten erleben, die Hunderte von Kilometern der markierten Radfahrtrassen anbieten. Durch Bratislava f\u00fchren auch zwei bedeutsame Radfahrttrassen &#8211; Eurovelo 6 und Eurovelo 13.<\/p>\n<p><strong>Die Radfahrkarte<\/strong> findet man <a href=\"https:\/\/www.freemap.sk\/?map=12\/48.210261\/17.153606&amp;layers=C\" target=\"_blank\" rel=\"noopener\">hier<\/a>.<\/p>\n<p>Die Neuigkeit in der Stadt stellt <a href=\"https:\/\/www.visitbratislava.com\/de\/bikesharing\/\" target=\"_blank\" rel=\"noopener\"><strong>Bikesharing<\/strong><\/a> dar \u2013 leihen Sie sich eines der gelben Fahrr\u00e4der und entdecken Sie das Zentrum oder einen der Stadtteile. Dank der vielen Fahrradstationen kommen Sie bequem fast \u00fcberall ohne Verkehrsstau.<\/p>\n<p><img loading=\"lazy\" class=\"alignnone wp-image-3579 size-large\" src=\"https:\/\/www.visitbratislava.com\/wp-content\/uploads\/2015\/04\/cyklisti_cyklomost_slobody-800x533.jpg\" alt=\"Radfahren Fahrrad Brucke\" width=\"800\" height=\"533\" srcset=\"https:\/\/www.visitbratislava.com\/wp-content\/uploads\/2015\/04\/cyklisti_cyklomost_slobody-800x533.jpg 800w, https:\/\/www.visitbratislava.com\/wp-content\/uploads\/2015\/04\/cyklisti_cyklomost_slobody-400x267.jpg 400w, https:\/\/www.visitbratislava.com\/wp-content\/uploads\/2015\/04\/cyklisti_cyklomost_slobody-200x133.jpg 200w\" sizes=\"(max-width: 800px) 100vw, 800px\" \/><\/p>\n<h3>Adrenalinerlebnisse<\/h3>\n<p>F\u00fcr Adrenalin-Anh\u00e4nger gibt es hier das Gel\u00e4nde der Wassersportarten <a href=\"https:\/\/www.visitbratislava.com\/de\/setzt\/divoka-voda-cunovo-wildwasser-cunovo\/\" target=\"_blank\" rel=\"noopener\"><strong>Wildes Wasser<\/strong><\/a> im Gebiet \u010cunovo. Probieren Sie Teamrafting oder tummeln Sie sich auf Wasserscootern oder Kajaks. Bonus ist Surfwelle \u2013 einzige Surfwelle ihrer Art in Europa.<\/p>\n<p><img loading=\"lazy\" class=\"alignnone wp-image-4611 size-large\" src=\"https:\/\/www.visitbratislava.com\/wp-content\/uploads\/2015\/04\/divoka_voda-800x450.jpg\" alt=\"divoka voda surfing cunovo\" width=\"800\" height=\"450\" srcset=\"https:\/\/www.visitbratislava.com\/wp-content\/uploads\/2015\/04\/divoka_voda-800x450.jpg 800w, https:\/\/www.visitbratislava.com\/wp-content\/uploads\/2015\/04\/divoka_voda-400x225.jpg 400w, https:\/\/www.visitbratislava.com\/wp-content\/uploads\/2015\/04\/divoka_voda-200x113.jpg 200w\" sizes=\"(max-width: 800px) 100vw, 800px\" \/><\/p>\n<p>Daneben gibt es hier <a href=\"https:\/\/www.visitbratislava.com\/de\/setzt\/wakelake\/\" target=\"_blank\" rel=\"noopener\"><strong>Wakelake<\/strong><\/a> im Erholungsgebiet Zlat\u00e9 piesky, wo ein Wakeboard-Schlepp, ein fabelhaftes Restaurant mit Tagesmen\u00fc und eine Bar voll von Drinks zur Verf\u00fcgung steht.\u00a0 \u00a0Es gibt hier auch mehrere Attraktionen f\u00fcr Sie, die es lohnt sich zu nutzen:<\/p>\n<ul>\n<li>Flyboard<\/li>\n<li>Strandvolleyball mit Freunden<\/li>\n<li>StandUp Paddle Board<\/li>\n<li>Tagesende mit einer der vielen Parties, die von Wakelake veranstaltet werden<\/li>\n<\/ul>\n<p><img loading=\"lazy\" class=\"alignnone wp-image-46062 size-large\" src=\"https:\/\/www.visitbratislava.com\/wp-content\/uploads\/2018\/08\/wakelake-wakeboard-800x345.jpg\" alt=\"wakelake surfing\" width=\"800\" height=\"345\" srcset=\"https:\/\/www.visitbratislava.com\/wp-content\/uploads\/2018\/08\/wakelake-wakeboard-800x345.jpg 800w, https:\/\/www.visitbratislava.com\/wp-content\/uploads\/2018\/08\/wakelake-wakeboard-400x173.jpg 400w, https:\/\/www.visitbratislava.com\/wp-content\/uploads\/2018\/08\/wakelake-wakeboard-768x331.jpg 768w, https:\/\/www.visitbratislava.com\/wp-content\/uploads\/2018\/08\/wakelake-wakeboard-200x86.jpg 200w, https:\/\/www.visitbratislava.com\/wp-content\/uploads\/2018\/08\/wakelake-wakeboard.jpg 1404w\" sizes=\"(max-width: 800px) 100vw, 800px\" \/><\/p>\n<p><strong><a href=\"https:\/\/www.visitbratislava.com\/de\/setzt\/skywalk\/\" target=\"_blank\" rel=\"noopener\">Skywalk<\/a> <\/strong>\u00a0z\u00e4hlt zu au\u00dfergew\u00f6hnlichen Attraktionen. Diese Attraktion stellt einen 360-Grad Panorama-Spaziergang am Umfang\u00a0 des <a href=\"https:\/\/www.visitbratislava.com\/de\/mitglieder\/ufo-watch-taste-groove-zemegula-s-r-o\/\" target=\"_blank\" rel=\"noopener\"><strong>UFO<\/strong><\/a>-Besichtigungsturms, in der H\u00f6he 85 Meter \u00fcber dem Erdboden dar. Die L\u00e4nge des \u00dcbergangs ist 60 Meter (das sind 60 Fenster, die sich am Umfang des Besichtigungsturms UFO befinden) und dauert ca. 8 \u2013 10 Minuten.<\/p>\n<p><img loading=\"lazy\" class=\"alignnone wp-image-51317 size-full\" src=\"https:\/\/www.visitbratislava.com\/wp-content\/uploads\/2018\/11\/skywalk-ufo.jpg\" alt=\"ufo skywalk ausblick donau\" width=\"797\" height=\"418\" srcset=\"https:\/\/www.visitbratislava.com\/wp-content\/uploads\/2018\/11\/skywalk-ufo.jpg 797w, https:\/\/www.visitbratislava.com\/wp-content\/uploads\/2018\/11\/skywalk-ufo-400x210.jpg 400w, https:\/\/www.visitbratislava.com\/wp-content\/uploads\/2018\/11\/skywalk-ufo-768x403.jpg 768w, https:\/\/www.visitbratislava.com\/wp-content\/uploads\/2018\/11\/skywalk-ufo-200x105.jpg 200w\" sizes=\"(max-width: 797px) 100vw, 797px\" \/><\/p>\n<p>Springen Sie sich satt in <strong><a href=\"https:\/\/hangair.sk\/?lang=en\" target=\"_blank\" rel=\"noopener\">Hangair<\/a><\/strong>, welcher der erste und einzige seiner Art in der Slowakei ist. Die Sporthalle bereitet Freude f\u00fcr alle Leute, die ihre Limits in den gef\u00e4hrlichsten Bedingungen schieben wollen \u2013 von Anf\u00e4ngern bis Profis. Man kann hier auf dem Trampolin, mit Snowboard, BMX, skateboard oder Freeski springen. Er befindet sich auf der Stra\u00dfe Pri starom letisku 3b.<\/p>\n<h3>Auf Wellen der Donau<\/h3>\n<p>Die Donau bietet zahlreiche Menge von <strong><a href=\"https:\/\/www.visitbratislava.com\/de\/nachrichten\/der-zauber-von-bratislava-auf-den-wellen-der-donau\/\" target=\"_blank\" rel=\"noopener\">Vergn\u00fcgungsaktivit\u00e4ten<\/a><\/strong>. Erleben Sie eine abenteuerliche Flussfahrt an der Kleinen Donau, genie\u00dfen Sie eine wilde Fahrt auf einem Schnellboot oder eine unvergessliche Erlebnisparty auf dem Schiff mit Prosecco-Flasche.<\/p>\n<p><img loading=\"lazy\" class=\"alignnone wp-image-35700 size-large\" src=\"https:\/\/www.visitbratislava.com\/wp-content\/uploads\/2017\/09\/Speedboats-\u2013-adrenalin-and-culture-on-the-Danube-KONGRES-\u2013-Europe-Events-and-Meetings-Industry-Magazine_thumbnail-800x533.jpg\" alt=\"donau speedboat\" width=\"800\" height=\"533\" srcset=\"https:\/\/www.visitbratislava.com\/wp-content\/uploads\/2017\/09\/Speedboats-\u2013-adrenalin-and-culture-on-the-Danube-KONGRES-\u2013-Europe-Events-and-Meetings-Industry-Magazine_thumbnail-800x533.jpg 800w, https:\/\/www.visitbratislava.com\/wp-content\/uploads\/2017\/09\/Speedboats-\u2013-adrenalin-and-culture-on-the-Danube-KONGRES-\u2013-Europe-Events-and-Meetings-Industry-Magazine_thumbnail-400x267.jpg 400w, https:\/\/www.visitbratislava.com\/wp-content\/uploads\/2017\/09\/Speedboats-\u2013-adrenalin-and-culture-on-the-Danube-KONGRES-\u2013-Europe-Events-and-Meetings-Industry-Magazine_thumbnail-768x512.jpg 768w, https:\/\/www.visitbratislava.com\/wp-content\/uploads\/2017\/09\/Speedboats-\u2013-adrenalin-and-culture-on-the-Danube-KONGRES-\u2013-Europe-Events-and-Meetings-Industry-Magazine_thumbnail-200x133.jpg 200w\" sizes=\"(max-width: 800px) 100vw, 800px\" \/><\/p>\n<h3>Dauerlauf in der Stadt<\/h3>\n<p>In Bratislava kann man an verschiedenen Marathonl\u00e4ufen teilnehmen oder <strong><a href=\"https:\/\/www.visitbratislava.com\/de\/ihre-reise\/entdecke-die-stadt\/sport\/laufen\/\" target=\"_blank\" rel=\"noopener\">Dauerlauf<\/a><\/strong> in Parkanlagen, bei Seen und auf der Donau-Uferstra\u00dfe genie\u00dfen. Jogging bei der Donau bringt Ihnen viel Energie. Unsere Empfehlung f\u00fcr t\u00fcchtige L\u00e4ufer ist die Rundstrecke in der Parkanlage Sad Janka Kr\u00e1\u013ea oder bei dem See Mal\u00fd und Ve\u013ek\u00fd Dra\u017ediak im Stadtteil Petr\u017ealka.<\/p>\n<p>Wenn Sie wettbewerbsorientiertes Laufen erleben m\u00f6chten, z\u00f6gern Sie nicht, an einer der <a href=\"https:\/\/www.visitbratislava.com\/de\/top-laufveranstaltungen-2019\/\" target=\"_blank\" rel=\"noopener\">TOP Laufveranstaltungen<\/a> mit langer Tradition teilzunehmen.<\/p>\n<p><img loading=\"lazy\" width=\"1500\" height=\"1000\" class=\"alignleft size-full wp-image-2767\" src=\"https:\/\/www.visitbratislava.com\/wp-content\/uploads\/2015\/03\/wings-for-life-world-run-slovensko-bratislava-2014-start-jana-dukatova-filip-tuma-tomas-slavik-tomas-kraus-bezci.jpg\" alt=\"\" srcset=\"https:\/\/www.visitbratislava.com\/wp-content\/uploads\/2015\/03\/wings-for-life-world-run-slovensko-bratislava-2014-start-jana-dukatova-filip-tuma-tomas-slavik-tomas-kraus-bezci.jpg 1500w, https:\/\/www.visitbratislava.com\/wp-content\/uploads\/2015\/03\/wings-for-life-world-run-slovensko-bratislava-2014-start-jana-dukatova-filip-tuma-tomas-slavik-tomas-kraus-bezci-400x267.jpg 400w, https:\/\/www.visitbratislava.com\/wp-content\/uploads\/2015\/03\/wings-for-life-world-run-slovensko-bratislava-2014-start-jana-dukatova-filip-tuma-tomas-slavik-tomas-kraus-bezci-800x533.jpg 800w, https:\/\/www.visitbratislava.com\/wp-content\/uploads\/2015\/03\/wings-for-life-world-run-slovensko-bratislava-2014-start-jana-dukatova-filip-tuma-tomas-slavik-tomas-kraus-bezci-200x133.jpg 200w\" sizes=\"(max-width: 1500px) 100vw, 1500px\" \/><\/p>\n<h3>Natur in der Stadt<\/h3>\n<p>Bratislava ist nicht nur ein Platz, wo Leben, Business und Vergn\u00fcgung pulsiert, sondern es bietet auch gr\u00fcne Ausspannungszonen mitten in dem Gro\u00dfstadtverkehr. Eine aktive Ausspannung sowie angenehm verbrachte Zeit mit Kindern oder bei einer Grillparty mit Freunden bietet das Gebiet in <strong><a href=\"https:\/\/www.visitbratislava.com\/de\/setzt\/zelezna-studienka\/\" target=\"_blank\" rel=\"noopener\">\u017delezna studienka<\/a><\/strong>. Es ist eines der beliebtesten Erholungsgebiete. Im Betrieb ist hier auch eine Sesselbahn, die eine wundersch\u00f6ne Aussicht bietet. Die Hauptstadt ist mit Waldumgebung umfangen, <strong><a href=\"https:\/\/www.visitbratislava.com\/de\/setzt\/waldpark\/\" target=\"_blank\" rel=\"noopener\">Horsk\u00fd park<\/a><\/strong>\u00a0oder beliebte Freizeitaktivit\u00e4ten der Stadtw\u00e4lder sind schnell und leicht aus dem Zentrum der Stadt zug\u00e4nglich. Die Sesselbahn kann Sie zu dem Fernsehturm <a href=\"https:\/\/www.visitbratislava.com\/de\/setzt\/kamzik\/\" target=\"_blank\" rel=\"noopener\"><strong>Kamz\u00edk<\/strong><\/a> mit einer herrlichen Aussicht auf die Stadt hinauffahren.<\/p>\n<p><img loading=\"lazy\" width=\"2160\" height=\"1215\" class=\"alignleft size-full wp-image-37080\" src=\"https:\/\/www.visitbratislava.com\/wp-content\/uploads\/2015\/04\/horsky-park-horaren.jpg\" alt=\"\" srcset=\"https:\/\/www.visitbratislava.com\/wp-content\/uploads\/2015\/04\/horsky-park-horaren.jpg 2160w, https:\/\/www.visitbratislava.com\/wp-content\/uploads\/2015\/04\/horsky-park-horaren-400x225.jpg 400w, https:\/\/www.visitbratislava.com\/wp-content\/uploads\/2015\/04\/horsky-park-horaren-768x432.jpg 768w, https:\/\/www.visitbratislava.com\/wp-content\/uploads\/2015\/04\/horsky-park-horaren-800x450.jpg 800w, https:\/\/www.visitbratislava.com\/wp-content\/uploads\/2015\/04\/horsky-park-horaren-200x113.jpg 200w\" sizes=\"(max-width: 2160px) 100vw, 2160px\" \/><\/p>\n<h3>Weitere aktive Erlebnisse:<\/h3>\n<ul>\n<li>Kletterw\u00e4nde \u2013 pr\u00fcfen Sie das Kletterzentrum <a href=\"https:\/\/www.lezeckecentrum.sk\/en\/\" target=\"_blank\" rel=\"noopener\">Vertigo<\/a> oder <a href=\"http:\/\/www.lezeckastena.sk\/en\/home-en\/\" target=\"_blank\" rel=\"noopener\">K2<\/a> \u2013 die gr\u00f6\u00dfte Kletterwand in der Slowakei.<\/li>\n<li><a href=\"http:\/\/www.actionpark.sk\/ihriska-a-atrakcie\/lanove-centrum\/\">Action park<\/a> \u2013 wollen Sie hier eine Spannung erleben? Probieren Sie die Verbindung von 30 m hohen vertikalen und horizontalen Seilhindernissen aus.<\/li>\n<li><a href=\"http:\/\/www.motokary.sk\/?j=2\" target=\"_blank\" rel=\"noopener\">Go-karts<\/a> \u2013 die Go-karthalle mit einer Rennbahn, Breite 10m, bietet Go-karts, die mit der modernsten Generation der elektrischen Motoren getrieben werden. Dank den modernsten Technologien mit CO<sub>2<\/sub> &#8211; Nullemissionen genie\u00dfen Sie die Fahrt auf der abgedeckten Bahn, ohne Smog, Gestank und Abgase.<\/li>\n<li><a href=\"http:\/\/www.golf.sk\/eng\" target=\"_blank\" rel=\"noopener\">Golf<\/a> \u2013 neben dem sportlich-gesellschaftlichen Erlebnis k\u00f6nnen sich die Golfresorts in der N\u00e4he von Bratislava mit dem bezaubernden Milieu und fabelhaften Restaurants loben.<\/li>\n<\/ul>\n","protected":false},"excerpt":{"rendered":"<p>Setzen Sie auf das Fahrrad auf, genie\u00dfen Sie die Fahrt auf dem Schnellboot oder Versuchen Sie, in Wakelake zu surfen <\/p>\n","protected":false},"author":21,"featured_media":13582,"parent":0,"menu_order":0,"comment_status":"closed","ping_status":"closed","template":"","meta":[],"acf":[],"_links":{"self":[{"href":"https:\/\/www.visitbratislava.com\/de\/wp-json\/wp\/v2\/pages\/51978"}],"collection":[{"href":"https:\/\/www.visitbratislava.com\/de\/wp-json\/wp\/v2\/pages"}],"about":[{"href":"https:\/\/www.visitbratislava.com\/de\/wp-json\/wp\/v2\/types\/page"}],"author":[{"embeddable":true,"href":"https:\/\/www.visitbratislava.com\/de\/wp-json\/wp\/v2\/users\/21"}],"replies":[{"embeddable":true,"href":"https:\/\/www.visitbratislava.com\/de\/wp-json\/wp\/v2\/comments?post=51978"}],"version-history":[{"count":4,"href":"https:\/\/www.visitbratislava.com\/de\/wp-json\/wp\/v2\/pages\/51978\/revisions"}],"predecessor-version":[{"id":280148,"href":"https:\/\/www.visitbratislava.com\/de\/wp-json\/wp\/v2\/pages\/51978\/revisions\/280148"}],"wp:featuredmedia":[{"embeddable":true,"href":"https:\/\/www.visitbratislava.com\/de\/wp-json\/wp\/v2\/media\/13582"}],"wp:attachment":[{"href":"https:\/\/www.visitbratislava.com\/de\/wp-json\/wp\/v2\/media?parent=51978"}],"curies":[{"name":"wp","href":"https:\/\/api.w.org\/{rel}","templated":true}]}}