{"id":55467,"date":"2019-02-20T16:00:37","date_gmt":"2019-02-20T15:00:37","guid":{"rendered":"https:\/\/www.visitbratislava.com\/?page_id=55467\/"},"modified":"2019-05-16T10:43:37","modified_gmt":"2019-05-16T08:43:37","slug":"fabelhafte-erlebnisse-waehrend-der-hockey-wm","status":"publish","type":"page","link":"https:\/\/www.visitbratislava.com\/de\/eishockey\/fabelhafte-erlebnisse-waehrend-der-hockey-wm\/","title":{"rendered":"Fabelhafte Erlebnisse w\u00e4hrend der 2019 IIHF Eishockey-Weltmeisterschaft"},"content":{"rendered":"<h3><u><a href=\"https:\/\/www.visitbratislava.com\/de\/dienstleistungen\/brainteaselava-escape-room\/\" target=\"_blank\" rel=\"noopener\">CITY GAME ODER ESCAPE ROOM<\/a><\/u><\/h3>\n<p>Denkst du dar\u00fcber, was man neben dem Besuch des Hockeyspieles unternehmen kann? \u00a0Erkenne Bratislava mittels unterhaltsamer Form auf City Game oder \u00fcberpr\u00fcfe deine Geschicklichkeit in den besten Escape Rooms in Bratislava nach dem Portal Tripadvisor. Wenn du deine Eintrittskarte f\u00fcr ein Spiel von der WM im Hockey mitbringst, bekommst du f\u00fcr ein ausgew\u00e4hltes Spiel eine Erm\u00e4\u00dfigung\u00a0 in H\u00f6he von 20% (wird nicht mit anderen Erm\u00e4\u00dfigungen zusammengerechnet). Das Angebot gilt vom 8.Mai bis 27.Mai 2019.<\/p>\n<p>Mehr Infos:<u><a href=\"https:\/\/brainteaselava.sk\/de\/\" target=\"_blank\" rel=\"noopener\">\u00a0www.brainteaslava.sk<\/a><\/u><\/p>\n<h3><u>KOSTEN SIE<\/u><u> BRATISLAVA <\/u><u>W\u00c4HREND DER SPEZIELLEN BESICHTIGUNGEN<\/u><\/h3>\n<p><strong>Kostprobe der slowakischen Handwerksbiere f\u00fcr die Hockeyfans<\/strong><\/p>\n<p>Bratislava nimmt ihre Biertradition genauso ernst wie ihr bekannterer Nachbar Prag. Neue Welle der unabh\u00e4ngigen kleinen Brauereien und Bierstuben verschafft Bratislava einen Platz auf der Weltbiermappe. Diese Kostprobe bietet einmaliges Biererlebnis, bei welchem Sie viel \u00fcber das lokale Bierwesen erfahren.<\/p>\n<p><img loading=\"lazy\" width=\"800\" height=\"533\" class=\"size-large wp-image-22574 alignnone\" src=\"https:\/\/www.visitbratislava.com\/wp-content\/uploads\/2016\/09\/Beerbrew-800x533.jpg\" alt=\"\" srcset=\"https:\/\/www.visitbratislava.com\/wp-content\/uploads\/2016\/09\/Beerbrew-800x533.jpg 800w, https:\/\/www.visitbratislava.com\/wp-content\/uploads\/2016\/09\/Beerbrew-400x267.jpg 400w, https:\/\/www.visitbratislava.com\/wp-content\/uploads\/2016\/09\/Beerbrew-768x512.jpg 768w, https:\/\/www.visitbratislava.com\/wp-content\/uploads\/2016\/09\/Beerbrew-200x133.jpg 200w\" sizes=\"(max-width: 800px) 100vw, 800px\" \/><\/p>\n<p><strong>Besichtigung\u00a0 von Bratislava zu Fu\u00df f\u00fcr die Hockeyfans<\/strong><\/p>\n<p>Entdecken Sie Bratislava mit einem unterhaltsamen \u00f6rtlichen Reisef\u00fchrer w\u00e4hrend einer zweist\u00fcndigen Besichtigung der Stadt zu Fu\u00df. W\u00e4hrend des Spaziergangs in Fu\u00dftappen der historischen Stellen und Denkm\u00e4lern wie Michaeler Tor, Primatialpalast und Hauptplatz, lernen Sie auch die Statue von \u010cumil, welche die Fu\u00dfg\u00e4ngerzone dekoriert, kennen. Sie bekommen die M\u00f6glichkeit auch den ehemaligen ber\u00fchmten Schauplatz der Kr\u00f6nungen \u2013 Dom zu Sankt Martin, zu bewundern.<\/p>\n<p><img loading=\"lazy\" width=\"800\" height=\"533\" class=\"size-large wp-image-12654 alignnone\" src=\"https:\/\/www.visitbratislava.com\/wp-content\/uploads\/2016\/03\/Main-square_Old-town-hall-copyright-DuoMedia-800x533.jpg\" alt=\"\" srcset=\"https:\/\/www.visitbratislava.com\/wp-content\/uploads\/2016\/03\/Main-square_Old-town-hall-copyright-DuoMedia-800x533.jpg 800w, https:\/\/www.visitbratislava.com\/wp-content\/uploads\/2016\/03\/Main-square_Old-town-hall-copyright-DuoMedia-400x267.jpg 400w, https:\/\/www.visitbratislava.com\/wp-content\/uploads\/2016\/03\/Main-square_Old-town-hall-copyright-DuoMedia-768x512.jpg 768w, https:\/\/www.visitbratislava.com\/wp-content\/uploads\/2016\/03\/Main-square_Old-town-hall-copyright-DuoMedia-200x133.jpg 200w\" sizes=\"(max-width: 800px) 100vw, 800px\" \/><\/p>\n<p><strong>Kostprobe der traditionellen slowakischen Spezialit\u00e4ten f\u00fcr die Hockeyfans<\/strong><\/p>\n<p>W\u00e4hrend einer dreist\u00fcndigen kulinarischen Besichtigung von Bratislava zu Fu\u00df, m\u00f6chten wir Ihnen Orte zeigen, an welchen die Bewohner aus Bratislava essen, trinken und sich erholen, und wo sie diese freundliche Stadt genie\u00dfen.<\/p>\n<p><strong>Kostprobe der slowakischen Weine f\u00fcr die Hockeyfans\u00a0\u00a0\u00a0\u00a0\u00a0\u00a0\u00a0\u00a0\u00a0\u00a0\u00a0\u00a0\u00a0\u00a0\u00a0\u00a0\u00a0\u00a0\u00a0 <\/strong><\/p>\n<p>Sie h\u00f6rten niemals \u00fcber den slowakischen Wein? Man kann sich nicht wundern. Slowakischer Wein wird n\u00e4mlich nicht exportiert. Alles wird bei uns, in der Slowakei, ausgetrunken. In sechs slowakischen Weinbergenregionen werden \u00fcber 50 verschiedene Weinrebensorten angebaut, inklusive der bekannten mitteleurop\u00e4ischen Sorten und Sorten, welche nirgendwo wie in der Slowakei angebaut werden.<\/p>\n<p><img loading=\"lazy\" width=\"700\" height=\"359\" class=\"size-full wp-image-35555 alignnone\" src=\"https:\/\/www.visitbratislava.com\/wp-content\/uploads\/2017\/08\/taste-bratislava-food-and-wine-tour-titulna.png\" alt=\"\" srcset=\"https:\/\/www.visitbratislava.com\/wp-content\/uploads\/2017\/08\/taste-bratislava-food-and-wine-tour-titulna.png 700w, https:\/\/www.visitbratislava.com\/wp-content\/uploads\/2017\/08\/taste-bratislava-food-and-wine-tour-titulna-400x205.png 400w, https:\/\/www.visitbratislava.com\/wp-content\/uploads\/2017\/08\/taste-bratislava-food-and-wine-tour-titulna-200x103.png 200w\" sizes=\"(max-width: 700px) 100vw, 700px\" \/><\/p>\n<p>Mehr Infos:\u00a0<u><a href=\"https:\/\/www.taste-bratislava.com\/?home\/eat-drink-explore-the-city\">www.taste-bratislava.com<\/a><\/u><\/p>\n<h3><strong><u>SCHNELLBOOT SCHIFFFAHRTEN <\/u><\/strong><\/h3>\n<p><a href=\"https:\/\/www.visitbratislava.com\/de\/mitglieder\/donaufahrten\/\"><strong>BRATISLAVA \u2013 WIEN<\/strong><\/a><\/p>\n<p>Ein Ausflug inklusive der \u00dcberquerung der Schleuserkammer. Sie erkennen die Natursch\u00f6nheiten der Donau, ihrer Umgebung und Sie genie\u00dfen den Tag im Zentrum der Hauptstadt von \u00d6sterreich mit prachtvollen Schl\u00f6ssern, Galerien und Attraktionen.<\/p>\n<p>R\u00fcckfahrtkarte:<\/p>\n<ul>\n<li>Erwachsener: 39\u2008\u20ac<\/li>\n<li>Kind: Erm\u00e4\u00dfigung 50 %<\/li>\n<\/ul>\n<p><img loading=\"lazy\" width=\"800\" height=\"360\" class=\"size-large wp-image-55987 alignnone\" src=\"https:\/\/www.visitbratislava.com\/wp-content\/uploads\/2019\/03\/bratislava-vieden-800x360.jpg\" alt=\"\" srcset=\"https:\/\/www.visitbratislava.com\/wp-content\/uploads\/2019\/03\/bratislava-vieden-800x360.jpg 800w, https:\/\/www.visitbratislava.com\/wp-content\/uploads\/2019\/03\/bratislava-vieden-400x180.jpg 400w, https:\/\/www.visitbratislava.com\/wp-content\/uploads\/2019\/03\/bratislava-vieden-768x346.jpg 768w, https:\/\/www.visitbratislava.com\/wp-content\/uploads\/2019\/03\/bratislava-vieden-200x90.jpg 200w, https:\/\/www.visitbratislava.com\/wp-content\/uploads\/2019\/03\/bratislava-vieden-184x84.jpg 184w, https:\/\/www.visitbratislava.com\/wp-content\/uploads\/2019\/03\/bratislava-vieden.jpg 999w\" sizes=\"(max-width: 800px) 100vw, 800px\" \/><\/p>\n<p><a href=\"https:\/\/www.visitbratislava.com\/de\/mitglieder\/flora-tour-s-r-o\/\"><strong>TWIN CITY LINER<\/strong><\/a><\/p>\n<p>FAHRE MIT DEM SCHIFF, DER BESTEN <strong>VERBINDUNG NACH WIEN<\/strong> und zur\u00fcck.<br \/>\nMit Volldampf \u00fcber die Donau, ein unvergessliches Erlebnis, Blick vom Wasser auf die St\u00e4dte und Landschaften. 4400 HP, nur 75 Minuten vom Zentrum bis Zentrum, 3 Mal t\u00e4glich,<\/p>\n<p><strong>Kontakt :<\/strong><br \/>\n00421 903\u00a0505 505<br \/>\n<a href=\"mailto:tlc@floratour.sk\">tlc@floratour.sk<\/a><br \/>\n<a href=\"http:\/\/www.floratour.sk\">www.floratour.sk<\/a><\/p>\n<h3><a href=\"https:\/\/www.visitbratislava.com\/de\/mitglieder\/donaufahrten\/\" target=\"_blank\" rel=\"noopener\"><strong><u>AUSSICHTSSCHIFFFAHRT<\/u><\/strong><\/a><\/h3>\n<p><strong>BRATISLAVAER RUNDFAHRT<\/strong><br \/>\nPanoramaschifffahrt unter den Br\u00fccken von Bratislava mit einmaligen Aussichten auf die Stadt vom Deck des Aussichtsschiffes.<\/p>\n<p>Fahrkarte:<\/p>\n<ul>\n<li>Erwachsener: 7\u2008\u20ac<\/li>\n<li>Kind (2 \u2013 15 J.): 4,50\u2008\u20ac<\/li>\n<\/ul>\n<p><strong>BRATISLAVA \u2013 DANUBIANA \u2013 \u010cILISTOV<\/strong><br \/>\nEin Ausflug mit der M\u00f6glichkeit bei der Galerie Danubiana in \u010cunovo auszusteigen oder weiter mit dem Schiff nach \u010cilistov zu fahren \u2013 einem Ort voll von Wasser-, Sport- und Relaxationsattraktionen und mit Mini-ZOO mit Haustieren.<\/p>\n<p>R\u00fcckfahrtkarte:<\/p>\n<ul>\n<li>Erwachsener: ab 16\u2008\u20ac<\/li>\n<li>Kind (2 \u2013 15 J.): ab 10\u2008\u20ac<\/li>\n<\/ul>\n<p><img src=\"https:\/\/www.visitbratislava.com\/wp-content\/uploads\/2016\/06\/Danubiana_peninsula-800x482.jpg\" \/><\/p>\n<p><strong>BRATISLAVA \u2013 DEVIN<\/strong><br \/>\nBeliebter Ausflug zu den Ruinen der mittelalterlichen Burg Devin. Sie genie\u00dfen die Aussicht auf den historischen Teil von Bratislava und Bratislavaer Burg, weiter mit der Fortsetzung unter der Neuen Br\u00fccke und Br\u00fccke Lafranconi in der Richtung zur Burg Devin.<\/p>\n<p>R\u00fcckfahrtkarte:<\/p>\n<ul>\n<li>Erwachsener: 13\u2008\u20ac<\/li>\n<li>Kind (2 \u2013 15 J.): 8\u2008\u20ac<\/li>\n<\/ul>\n<p><strong>ABENDESSEN AN DER DONAU &#8211; FR\u00dcHLINGSSPEZIAL<\/strong><br \/>\nAu\u00dfergew\u00f6hnliches Erlebnis w\u00e4hrend der romantischen Schifffahrt unter den Br\u00fccken von Bratislava in Begleitung der T\u00f6ne der Livemusik und k\u00f6stliches Abendessen im Preis einbegriffen. Die Atmosph\u00e4re der Altstadt, sch\u00f6ne Aussichten auf das<\/p>\n<p>Abendpanorama der Bratislavaer Burg und Vorburg.<\/p>\n<p>Termin: 16. 5. 2019<br \/>\nErwachsener: 28\u2008\u20ac<\/p>\n<p>Mehr Infos:\u00a0<u><a href=\"https:\/\/www.lod.sk\/de\/\" target=\"_blank\" rel=\"noopener\">www.lod.sk<\/a><\/u><\/p>\n<h3><strong>BRATISLAVA <\/strong><strong>BURGRUNDFAHRT MIT DEM<\/strong><strong> PRE\u0160POR\u00c1\u010cIK\u00ae OLDTIMER<\/strong><\/h3>\n<p>Kapazit\u00e4t 7 Busse: 197 Sitze (26, 26, 27, 27, 27, 32, 32)<br \/>\nInbegriffen: Burgrundfahrt mit Pre\u0161por\u00e1\u010dik\u00ae Oldtimer mit 20 Minuten Pause auf der Bratislavaer Burg und Audio-Reisef\u00fchrer in 21 Sprachen.<\/p>\n<h3>Bratislava Rundfahrt durch die Altstadt mit Pre\u0161por\u00e1\u010dik\u00ae Oldtimer<\/h3>\n<p>Dauer: 35 Minuten<br \/>\nKapazit\u00e4t 3 Busse: 30 Sitze (12, 12, 6)<br \/>\nInbegriffen: Rundfahrt durch die Altstadt mit Pre\u0161por\u00e1\u010dik\u00ae Oldtimer \u00a0mit Audio- Reisef\u00fchrer in 21 Sprachen.<\/p>\n<p><img loading=\"lazy\" width=\"800\" height=\"453\" class=\"size-large wp-image-53194 alignnone\" src=\"https:\/\/www.visitbratislava.com\/wp-content\/uploads\/2019\/01\/Vyhliadkov\u00e9-jazdy-Pre\u0161por\u00e1\u010dikom-800x453.jpg\" alt=\"\" srcset=\"https:\/\/www.visitbratislava.com\/wp-content\/uploads\/2019\/01\/Vyhliadkov\u00e9-jazdy-Pre\u0161por\u00e1\u010dikom-800x453.jpg 800w, https:\/\/www.visitbratislava.com\/wp-content\/uploads\/2019\/01\/Vyhliadkov\u00e9-jazdy-Pre\u0161por\u00e1\u010dikom-400x227.jpg 400w, https:\/\/www.visitbratislava.com\/wp-content\/uploads\/2019\/01\/Vyhliadkov\u00e9-jazdy-Pre\u0161por\u00e1\u010dikom-768x435.jpg 768w, https:\/\/www.visitbratislava.com\/wp-content\/uploads\/2019\/01\/Vyhliadkov\u00e9-jazdy-Pre\u0161por\u00e1\u010dikom-200x113.jpg 200w\" sizes=\"(max-width: 800px) 100vw, 800px\" \/><\/p>\n<h3><strong>BRATISLAVA <\/strong><strong>PANORAMARUNDFAHRT MIT<\/strong><strong> PRE\u0160POR\u00c1\u010cIK\u00ae OLDTIMER<\/strong><\/h3>\n<p>Dauer: 95 Minuten<\/p>\n<p>Kapazit\u00e4t 7 Busse: 197 Sitze (26, 26, 27, 27, 27, 32, 32)<br \/>\nInbegriffen: Panoramarundfahrt mit Pre\u0161por\u00e1\u010dik \u00ae Oldtimer \u00a0mit \u00a0Audio \u2013 Reisef\u00fchrer in 21 Sprachen, 20 Minuten Pause auf der Bratislavaer Burg, 15 Minuten Pause beim Denkmal Slavin.<\/p>\n<p>Transfer vom Hotel zum Winterstadion mit Pre\u0161por\u00e1\u010dik\u00ae Oldtimer<br \/>\nKapazit\u00e4t 7 Busse: 197 Sitze (26, 26, 27, 27, 27, 32, 32)<br \/>\nInbegriffen: Transfer von Ihrem Hotel in Bratislava mit Pre\u0161por\u00e1\u010dik \u00ae Oldtimer zum Winterstadion vor oder nach dem Spiel.<\/p>\n<h3><strong>BESICHTIGUNG VON<\/strong><strong> BRATISLAVA ZU <\/strong><strong>FU\u00df <\/strong><\/h3>\n<p>Dauer: 2 Stunden<br \/>\nMax. 25 Personen = 1 Reisef\u00fchrer<\/p>\n<p>Inbegriffen: Englisch\/Deutschsprachiger Reisef\u00fchrer, Besichtigung der Altstadt und Bratislaver Burg zu Fu\u00df. Eintritte sind nicht im Preis einbegriffen.<\/p>\n<h3><strong>SCHNELLMOTORBOOTE SPEEDBOATS.SK AN DER DONAU \u2013 1 STUNDE<\/strong><\/h3>\n<p>Einstiegstelle: Stadtzentrum<\/p>\n<p>Inbegriffen: 1-st\u00fcndige Fahrt mit dem Luxusschiff SpeedBoats,sk \u00a0inklusive des Kapit\u00e4ns. Wir empfehlen einen englisch\/deutschsprachigen Reisef\u00fchrer zu bestellen.<\/p>\n<p><img src=\"https:\/\/www.visitbratislava.com\/wp-content\/uploads\/2017\/09\/Speedboats-%E2%80%93-adrenalin-and-culture-on-the-Danube-KONGRES-%E2%80%93-Europe-Events-and-Meetings-Industry-Magazine_thumbnail-800x533.jpg\" \/><\/p>\n<h3><strong>SCHNELLMOTORBOOTE SPEEDBOATS.SK AN DER DONAU \u2013 3 STUNDEN<\/strong><\/h3>\n<p>Einstiegstelle: Stadtzentrum<br \/>\nStrecken: Burg Devin \/ Museum Danubiana \/ Wildwasser\u00a0 \u010cunovo<br \/>\nInbegriffen: 3-st\u00fcndige Fahrt mit dem Luxusschiff SpeedBoats.sk\u00a0 inklusive des Kapit\u00e4ns.<\/p>\n<h3>Kleinkarpatenweinweg<\/h3>\n<p>Dauer: 5,5 Stunden<br \/>\nInbegriffen: Transfer, englisch\/deutschsprachiger Reisef\u00fchrer, Eintritt in die Burg \u010cerven\u00fd kame\u0148, Weinprobe<br \/>\nMittagessen auf Anforderung.<\/p>\n<p><img loading=\"lazy\" width=\"800\" height=\"514\" class=\"size-large wp-image-44543 alignnone\" src=\"https:\/\/www.visitbratislava.com\/wp-content\/uploads\/2017\/02\/malokarpatsky-region-800x514.jpg\" alt=\"\" srcset=\"https:\/\/www.visitbratislava.com\/wp-content\/uploads\/2017\/02\/malokarpatsky-region-800x514.jpg 800w, https:\/\/www.visitbratislava.com\/wp-content\/uploads\/2017\/02\/malokarpatsky-region-400x257.jpg 400w, https:\/\/www.visitbratislava.com\/wp-content\/uploads\/2017\/02\/malokarpatsky-region-768x493.jpg 768w, https:\/\/www.visitbratislava.com\/wp-content\/uploads\/2017\/02\/malokarpatsky-region-200x128.jpg 200w\" sizes=\"(max-width: 800px) 100vw, 800px\" \/><\/p>\n<h3><strong>BESICHTIGUNG DER BURG DEVIN MIT KOSTPROBE DES RIBISELWEINES<\/strong><\/h3>\n<p>Dauer: 3 Stunden<br \/>\nInbegriffen: Transfer, englischsprachiger Reisef\u00fchrer, Eintritt in die Burg Devin, Kostprobe des Ribiselweines.<\/p>\n<p><img src=\"https:\/\/www.visitbratislava.com\/wp-content\/uploads\/2014\/10\/letecka-devin-800x450.jpg\" \/><\/p>\n<h3><strong>PRIVAT\u00dcBERFLUG \u00dcBER BRATISLAVA<\/strong><\/h3>\n<p>Finden Sie den Mut und proben Sie die Steuerung des Privatflugzeugs \u00a0am eigenen Leibe aus.<br \/>\nDauer: 1 Stunde<br \/>\nEinstiegsstelle: Flughafen Bratislava<br \/>\nInbegriffen: 60 Minuten Flug, Pilot, Treibstoff.<\/p>\n<p>Flugzeug: 3 Personen + 1 Pilot<\/p>\n<p>Mehr Infos:\u00a0<u><a href=\"https:\/\/www.tour4u.sk\/de\/\" target=\"_blank\" rel=\"noopener\">www.tour4you.sk<\/a><\/u><\/p>\n","protected":false},"excerpt":{"rendered":"<p>CITY GAME ODER ESCAPE ROOM Denkst du dar\u00fcber, was man neben dem Besuch des Hockeyspieles unternehmen kann? \u00a0Erkenne Bratislava mittels unterhaltsamer Form auf City Game oder \u00fcberpr\u00fcfe deine Geschicklichkeit in den besten Escape Rooms in Bratislava nach dem Portal Tripadvisor. Wenn du deine Eintrittskarte f\u00fcr ein Spiel von der WM im Hockey mitbringst, bekommst du [&hellip;]<\/p>\n","protected":false},"author":21,"featured_media":13582,"parent":54335,"menu_order":0,"comment_status":"closed","ping_status":"closed","template":"","meta":[],"acf":[],"_links":{"self":[{"href":"https:\/\/www.visitbratislava.com\/de\/wp-json\/wp\/v2\/pages\/55467"}],"collection":[{"href":"https:\/\/www.visitbratislava.com\/de\/wp-json\/wp\/v2\/pages"}],"about":[{"href":"https:\/\/www.visitbratislava.com\/de\/wp-json\/wp\/v2\/types\/page"}],"author":[{"embeddable":true,"href":"https:\/\/www.visitbratislava.com\/de\/wp-json\/wp\/v2\/users\/21"}],"replies":[{"embeddable":true,"href":"https:\/\/www.visitbratislava.com\/de\/wp-json\/wp\/v2\/comments?post=55467"}],"version-history":[{"count":0,"href":"https:\/\/www.visitbratislava.com\/de\/wp-json\/wp\/v2\/pages\/55467\/revisions"}],"up":[{"embeddable":true,"href":"https:\/\/www.visitbratislava.com\/de\/wp-json\/wp\/v2\/pages\/54335"}],"wp:featuredmedia":[{"embeddable":true,"href":"https:\/\/www.visitbratislava.com\/de\/wp-json\/wp\/v2\/media\/13582"}],"wp:attachment":[{"href":"https:\/\/www.visitbratislava.com\/de\/wp-json\/wp\/v2\/media?parent=55467"}],"curies":[{"name":"wp","href":"https:\/\/api.w.org\/{rel}","templated":true}]}}