{"id":55501,"date":"2019-02-22T09:30:22","date_gmt":"2019-02-22T08:30:22","guid":{"rendered":"https:\/\/www.visitbratislava.com\/?page_id=55501\/"},"modified":"2024-04-24T14:32:58","modified_gmt":"2024-04-24T12:32:58","slug":"in-bratislava-von-kunst-umgeben","status":"publish","type":"page","link":"https:\/\/www.visitbratislava.com\/de\/vlog\/in-bratislava-von-kunst-umgeben\/","title":{"rendered":"In Bratislava &#8211; von Kunst umgeben"},"content":{"rendered":"<p><iframe src=\"https:\/\/www.youtube.com\/embed\/nRrsEWseZek\" width=\"800\" height=\"400\" frameborder=\"0\" allowfullscreen=\"allowfullscreen\"><span data-mce-type=\"bookmark\" style=\"display: inline-block; width: 0px; overflow: hidden; line-height: 0;\" class=\"mce_SELRES_start\">\ufeff<\/span><span data-mce-type=\"bookmark\" style=\"display: inline-block; width: 0px; overflow: hidden; line-height: 0;\" class=\"mce_SELRES_start\">\ufeff<\/span><\/iframe><\/p>\n<p>Bratislava hat eine lange kulturelle und k\u00fcnstlerische Tradition. Franz Liszt und Ludwig van Beethoven haben hier regelm\u00e4\u00dfig Konzerte gegeben und die weltbekannten K\u00fcnstler Andy Warhol und Joan Mir\u00f3 haben hier ihre Werke ausgestellt.<\/p>\n<p>Heutzutage kann man in der Hauptstadt der Slowakei die Auftritte weltweit bekannter Musiker erleben. Au\u00dferdem lassen sich Kunstwerke und hochwertige Ausstellungen bewundern. Da die meisten von ihnen direkt im Stadtzentrum zu finden sind, hat man eine gro\u00dfe Auswahl an <a href=\"https:\/\/www.visitbratislava.com\/de\/was-lauft\/kultur-und-kunst\/museen-und-galerien\/\" target=\"_blank\" rel=\"noopener\">Museen und Galerien<\/a>, sowie an <a href=\"https:\/\/www.visitbratislava.com\/de\/was-lauft\/kultur-und-kunst\/theaters-and-philharmonic\/\" target=\"_blank\" rel=\"noopener\">Theatern und Konzerten<\/a>.<\/p>\n<p><img loading=\"lazy\" width=\"800\" height=\"533\" class=\"size-large wp-image-2790 alignnone\" src=\"https:\/\/www.visitbratislava.com\/wp-content\/uploads\/2014\/11\/balet_snd_luskacik-800x533.jpg\" alt=\"\" srcset=\"https:\/\/www.visitbratislava.com\/wp-content\/uploads\/2014\/11\/balet_snd_luskacik-800x533.jpg 800w, https:\/\/www.visitbratislava.com\/wp-content\/uploads\/2014\/11\/balet_snd_luskacik-400x267.jpg 400w, https:\/\/www.visitbratislava.com\/wp-content\/uploads\/2014\/11\/balet_snd_luskacik-200x133.jpg 200w\" sizes=\"(max-width: 800px) 100vw, 800px\" \/><\/p>\n<p>Um die festliche Atmosph\u00e4re eines Konzerts oder abendlicher Theatervorf\u00fchrungen wirklich genie\u00dfen zu k\u00f6nnen, sollte man auf jeden Fall einige Tage in der Hauptstadt einplanen. Besitzer der Touristenkarte <a href=\"http:\/\/card.visitbratislava.com\/de\/\" target=\"_blank\" rel=\"noopener\">Bratislava CARD<\/a> erhalten an zahlreichen Veranstaltungsorten Erm\u00e4\u00dfigungen oder sogar kostenlosen Eintritt.<\/p>\n<h3>Was musst du sehen?<\/h3>\n<p><a href=\"https:\/\/www.visitbratislava.com\/de\/setzt\/galerie-der-stadt-bratislava-mirbach-palais-palffy-palais\/\" target=\"_blank\" rel=\"noopener\">Die St\u00e4dtische Galerie Bratislava<\/a> (GMB), ein st\u00e4dtisches Juwel, bietet eine umfassende Kunstsammlung von der Gotik bis in die Gegenwart. Im Palais Mirbach gegen\u00fcber der Franziskanerkirche sind &#8211; unter anderem &#8211; originale Verzierungen erhalten. Sie bestehen aus 290 historischen grafischen Bl\u00e4ttern. Ein jedes erz\u00e4hlt seine eigene Geschichte, aber zusammen formen die Abbildungen ein gigantisches Mosaik, das sich \u00fcber die W\u00e4nde zweier R\u00e4ume erstreckt.<\/p>\n<p><img loading=\"lazy\" width=\"800\" height=\"533\" class=\"size-large wp-image-3013 alignnone\" src=\"https:\/\/www.visitbratislava.com\/wp-content\/uploads\/2014\/11\/par-sprievodca-mirbachov-palac-800x533.jpg\" alt=\"\" srcset=\"https:\/\/www.visitbratislava.com\/wp-content\/uploads\/2014\/11\/par-sprievodca-mirbachov-palac-800x533.jpg 800w, https:\/\/www.visitbratislava.com\/wp-content\/uploads\/2014\/11\/par-sprievodca-mirbachov-palac-400x267.jpg 400w, https:\/\/www.visitbratislava.com\/wp-content\/uploads\/2014\/11\/par-sprievodca-mirbachov-palac-200x133.jpg 200w\" sizes=\"(max-width: 800px) 100vw, 800px\" \/><\/p>\n<p>\u201eAus geschichtlicher Sicht ist auch das Palais P\u00e1lffy in der Pansk\u00e1 19 sehr interessant\u201c, so Zuzana Novotn\u00e1, Sprecherin der GMB. Im Keller und dem Erdgeschoss des Geb\u00e4udes hat man den Kern eines gotischen Palais mit einer Kapelle entdeckt. Seine sternf\u00f6rmige Gew\u00f6lbekammer und Teile des Mauerwerks im zweiten Stockwerk datieren zur\u00fcck auf das 15. Jahrhundert.<\/p>\n<p>An diesem Ort l\u00e4sst sich auch die atemberaubende <a href=\"https:\/\/www.visitbratislava.com\/de\/setzt\/passage-ein-werk-von-matej-kren\/\" target=\"_blank\" rel=\"noopener\">Passage von Matej Kr\u00e9n<\/a> bestaunen. Gleich nach dem Eintreten ist man umgeben von B\u00fcchern und Spiegeln, welche die Grenze zwischen Realit\u00e4t und blo\u00dfer Reflexion verwischen.<\/p>\n<p><img loading=\"lazy\" width=\"800\" height=\"360\" class=\"size-large wp-image-27867 alignnone\" src=\"https:\/\/www.visitbratislava.com\/wp-content\/uploads\/2017\/01\/gmb-pasaz-mateja-krena-_banner_na_titulku-800x360.jpg\" alt=\"\" srcset=\"https:\/\/www.visitbratislava.com\/wp-content\/uploads\/2017\/01\/gmb-pasaz-mateja-krena-_banner_na_titulku.jpg 800w, https:\/\/www.visitbratislava.com\/wp-content\/uploads\/2017\/01\/gmb-pasaz-mateja-krena-_banner_na_titulku-400x180.jpg 400w, https:\/\/www.visitbratislava.com\/wp-content\/uploads\/2017\/01\/gmb-pasaz-mateja-krena-_banner_na_titulku-768x346.jpg 768w, https:\/\/www.visitbratislava.com\/wp-content\/uploads\/2017\/01\/gmb-pasaz-mateja-krena-_banner_na_titulku-200x90.jpg 200w, https:\/\/www.visitbratislava.com\/wp-content\/uploads\/2017\/01\/gmb-pasaz-mateja-krena-_banner_na_titulku-184x84.jpg 184w\" sizes=\"(max-width: 800px) 100vw, 800px\" \/><\/p>\n<p>Das Museum f\u00fcr moderne Kunst <a href=\"https:\/\/www.visitbratislava.com\/de\/setzt\/danubiana-meulensteen-art-museum\/\" target=\"_blank\" rel=\"noopener\">Danubiana<\/a> und die <a href=\"https:\/\/www.visitbratislava.com\/de\/setzt\/galerie-nedbalka-2\/\" target=\"_blank\" rel=\"noopener\">Nedbalka Galerie<\/a> beherbergen eindrucksvolle zeitgen\u00f6ssische Werke slowakischer und internationaler K\u00fcnstler. Die beiden Galerien z\u00e4hlen zu den interessantesten Ausstellungsorten in Europa. W\u00e4hrend das Danubiana in seiner Form an eine r\u00f6mische Galeere erinnert, ist die Nedbalka- Galerie dem Guggenheim Museum in New York nachempfunden.<\/p>\n<p><img loading=\"lazy\" class=\"alignnone wp-image-43666\" src=\"https:\/\/www.visitbratislava.com\/wp-content\/uploads\/2018\/06\/nedbalka-kongres.jpg\" alt=\"\" width=\"800\" height=\"533\" srcset=\"https:\/\/www.visitbratislava.com\/wp-content\/uploads\/2018\/06\/nedbalka-kongres.jpg 600w, https:\/\/www.visitbratislava.com\/wp-content\/uploads\/2018\/06\/nedbalka-kongres-400x267.jpg 400w, https:\/\/www.visitbratislava.com\/wp-content\/uploads\/2018\/06\/nedbalka-kongres-200x133.jpg 200w\" sizes=\"(max-width: 800px) 100vw, 800px\" \/><\/p>\n<p>Die <a href=\"https:\/\/www.visitbratislava.com\/de\/setzt\/slowakische-nationalgalerie\/\" target=\"_blank\" rel=\"noopener\">Slowakische Nationalgalerie<\/a>\u00a0beherbergt wertvolle Kunstsammlungen. Nach einer umfangreichen Rekonstruktion ist es wirklich einen Besuch wert. W\u00e4hlen Sie aus seinen kreativen und inspirierenden Ausstellungen und seinem reichhaltigen Programm.<\/p>\n<h3>Vom Theater bis zur Musik<\/h3>\n<p>F\u00fcr Theaterliebhaber ist der Besuch einer Drama-, Ballett- oder Opern-Auff\u00fchrung im <a href=\"https:\/\/www.visitbratislava.com\/de\/setzt\/slowakisches-national-theater-neuses-haus\/\" target=\"_blank\" rel=\"noopener\">Slowakischen Nationaltheater<\/a> einfach ein Muss. Entweder besucht man das historische Geb\u00e4ude im Herzen der Altstadt oder die modernen S\u00e4le an den Ufern der Donau.<\/p>\n<p>Die Musiker der <a href=\"https:\/\/www.visitbratislava.com\/de\/setzt\/slovenska-filharmonia\/\" target=\"_blank\" rel=\"noopener\">Slowakischen Philharmonie<\/a> lassen die sch\u00f6nste Musik in der majest\u00e4tisch vergoldeten Reduta erklingen. Im Herbst wird hier mit den <a href=\"https:\/\/www.visitbratislava.com\/de\/geschehen\/bratislava-musikfestspiele-2019\/\" target=\"_blank\" rel=\"noopener\">Bratislavaer Musikfestspielen<\/a> die wichtigste klassische Konzertreihe der Stadt veranstaltet. Sein Ruf hat l\u00e4ngst die Grenzen der Slowakei \u00fcberschritten und das Interesse eines internationalen Publikums geweckt.<\/p>\n<p><img loading=\"lazy\" width=\"800\" height=\"496\" class=\"size-large wp-image-15221 alignnone\" src=\"https:\/\/www.visitbratislava.com\/wp-content\/uploads\/2016\/04\/filh1-800x496.jpg\" alt=\"\" srcset=\"https:\/\/www.visitbratislava.com\/wp-content\/uploads\/2016\/04\/filh1-800x496.jpg 800w, https:\/\/www.visitbratislava.com\/wp-content\/uploads\/2016\/04\/filh1-400x248.jpg 400w, https:\/\/www.visitbratislava.com\/wp-content\/uploads\/2016\/04\/filh1-768x476.jpg 768w, https:\/\/www.visitbratislava.com\/wp-content\/uploads\/2016\/04\/filh1-200x124.jpg 200w, https:\/\/www.visitbratislava.com\/wp-content\/uploads\/2016\/04\/filh1.jpg 1500w\" sizes=\"(max-width: 800px) 100vw, 800px\" \/><\/p>\n<p>W\u00e4hrend Jazzliebhaber f\u00fcr die Bratislavaer Jazztage im Oktober die Stadt besuchen sollten, ist f\u00fcr die Fotoliebhaber der November der geeignete Monat. W\u00e4hrend des Festivals \u201eMonat der Fotografie\u201c beherbergt die Stadt Dutzende Ausstellungen.<\/p>\n<p>Weitere interessante Veranstaltungen finden w\u00e4hrend des <a href=\"https:\/\/www.visitbratislava.com\/de\/geschehen\/kultursommer-und-burgfestspiele-2019\/\" target=\"_blank\" rel=\"noopener\">Kultursommers statt<\/a>. Eines davon sind die R\u00f6mer-Festspiele. Sie nimmt den Besucher mit zur\u00fcck in die Zeit, als die R\u00f6mer das heutige Stadtgebiet beherrschten.<\/p>\n<p>Auch die Nachstellung historischer Gefechte &#8211; B\u00fchnenk\u00e4mpfe und Massenschlachten eingeschlossen &#8211; sorgen f\u00fcr eine spannenden Sommer.<\/p>\n<p>\u201eDie Zuschauer k\u00f6nnen selbst in packende historische Erz\u00e4hlungen eintauchen, in damalige Kleider schl\u00fcpfen oder alte Waffen ausprobieren\u201c, erl\u00e4utert Martin Fejf\u00e1r von der historischen Fechtgruppe Banderium. Sie nimmt regelm\u00e4\u00dfig an den Bratislavaer Kr\u00f6nungstagen teil und stellt jedes Jahr die barocke Schlacht um Bratislava im Park Sad Janka Kr\u00e1\u013ea nach.<\/p>\n<p><img loading=\"lazy\" width=\"800\" height=\"533\" class=\"alignleft size-large wp-image-55505\" src=\"https:\/\/www.visitbratislava.com\/wp-content\/uploads\/2019\/02\/Banderium-800x533.jpg\" alt=\"\" srcset=\"https:\/\/www.visitbratislava.com\/wp-content\/uploads\/2019\/02\/Banderium-800x533.jpg 800w, https:\/\/www.visitbratislava.com\/wp-content\/uploads\/2019\/02\/Banderium-400x267.jpg 400w, https:\/\/www.visitbratislava.com\/wp-content\/uploads\/2019\/02\/Banderium-768x512.jpg 768w, https:\/\/www.visitbratislava.com\/wp-content\/uploads\/2019\/02\/Banderium-200x133.jpg 200w\" sizes=\"(max-width: 800px) 100vw, 800px\" \/><\/p>\n","protected":false},"excerpt":{"rendered":"<p>\ufeff\ufeff Bratislava hat eine lange kulturelle und k\u00fcnstlerische Tradition. Franz Liszt und Ludwig van Beethoven haben hier regelm\u00e4\u00dfig Konzerte gegeben und die weltbekannten K\u00fcnstler Andy Warhol und Joan Mir\u00f3 haben hier ihre Werke ausgestellt. Heutzutage kann man in der Hauptstadt der Slowakei die Auftritte weltweit bekannter Musiker erleben. Au\u00dferdem lassen sich Kunstwerke und hochwertige Ausstellungen [&hellip;]<\/p>\n","protected":false},"author":21,"featured_media":4039,"parent":46511,"menu_order":0,"comment_status":"closed","ping_status":"closed","template":"","meta":[],"acf":[],"_links":{"self":[{"href":"https:\/\/www.visitbratislava.com\/de\/wp-json\/wp\/v2\/pages\/55501"}],"collection":[{"href":"https:\/\/www.visitbratislava.com\/de\/wp-json\/wp\/v2\/pages"}],"about":[{"href":"https:\/\/www.visitbratislava.com\/de\/wp-json\/wp\/v2\/types\/page"}],"author":[{"embeddable":true,"href":"https:\/\/www.visitbratislava.com\/de\/wp-json\/wp\/v2\/users\/21"}],"replies":[{"embeddable":true,"href":"https:\/\/www.visitbratislava.com\/de\/wp-json\/wp\/v2\/comments?post=55501"}],"version-history":[{"count":1,"href":"https:\/\/www.visitbratislava.com\/de\/wp-json\/wp\/v2\/pages\/55501\/revisions"}],"predecessor-version":[{"id":291704,"href":"https:\/\/www.visitbratislava.com\/de\/wp-json\/wp\/v2\/pages\/55501\/revisions\/291704"}],"up":[{"embeddable":true,"href":"https:\/\/www.visitbratislava.com\/de\/wp-json\/wp\/v2\/pages\/46511"}],"wp:featuredmedia":[{"embeddable":true,"href":"https:\/\/www.visitbratislava.com\/de\/wp-json\/wp\/v2\/media\/4039"}],"wp:attachment":[{"href":"https:\/\/www.visitbratislava.com\/de\/wp-json\/wp\/v2\/media?parent=55501"}],"curies":[{"name":"wp","href":"https:\/\/api.w.org\/{rel}","templated":true}]}}