{"id":55601,"date":"2019-02-27T11:01:58","date_gmt":"2019-02-27T10:01:58","guid":{"rendered":"https:\/\/www.visitbratislava.com\/?page_id=55601\/"},"modified":"2019-02-27T11:36:08","modified_gmt":"2019-02-27T10:36:08","slug":"top-10-nach-dem-hockeyspiel-zu-sehen","status":"publish","type":"page","link":"https:\/\/www.visitbratislava.com\/de\/eishockey\/top-10-nach-dem-hockeyspiel-zu-sehen\/","title":{"rendered":"Top 10 vor und nach dem Hockeyspiel zu sehen"},"content":{"rendered":"<p><iframe src=\"https:\/\/www.google.com\/maps\/d\/embed?mid=1JeYaPG-l7wMux-U3Vtl-S95aDqo\" width=\"800\" height=\"480\"><span data-mce-type=\"bookmark\" style=\"display: inline-block; width: 0px; overflow: hidden; line-height: 0;\" class=\"mce_SELRES_start\">\ufeff<\/span><\/iframe><\/p>\n<p>Wenn Sie einen Ausflug in die Hauptstadt planen, sollten Sie bestimmt nicht diese TOP Denkm\u00e4ler und Attraktionen auslassen, die Bratislava au\u00dfergew\u00f6hnlich machen.\u00a0Gehen Sie durch Bratislava vom historischen Alten Rathaus bis zum modernen UFO spazieren. Ohne Besuch dieser touristischen Attraktionen verl\u00e4sst man Bratislava einfach nicht. Manche von ihnen sind vollkommen kostenlos oder f\u00fcr eine akzeptable Geb\u00fchr, wobei Sie auch den erm\u00e4\u00dfigten Eintrittspreis nutzen k\u00f6nnen. Am besten ist es jedoch, wenn Sie die <a href=\"https:\/\/www.visitbratislava.com\/de\/bratislava-card\/\" target=\"_blank\" rel=\"noopener noreferrer\">Bratislava CARD<\/a> kaufen. Sie werden durch Bratislava nicht nur kostenlos reisen, sondern bekommen auch viele andere Vorteile und Nachl\u00e4sse.<\/p>\n<h3><a href=\"https:\/\/www.visitbratislava.com\/de\/setzt\/burg-bratislava\/\" target=\"_blank\" rel=\"noopener noreferrer\"><strong>1.Bratislavaer Burg<\/strong><\/a><\/h3>\n<p><img loading=\"lazy\" class=\"wp-image-27374 size-large aligncenter\" src=\"https:\/\/www.visitbratislava.com\/wp-content\/uploads\/2015\/11\/MG_2508-800x533.jpg\" alt=\"_mg_2508\" width=\"800\" height=\"533\" srcset=\"https:\/\/www.visitbratislava.com\/wp-content\/uploads\/2015\/11\/MG_2508-800x533.jpg 800w, https:\/\/www.visitbratislava.com\/wp-content\/uploads\/2015\/11\/MG_2508-400x267.jpg 400w, https:\/\/www.visitbratislava.com\/wp-content\/uploads\/2015\/11\/MG_2508-768x512.jpg 768w, https:\/\/www.visitbratislava.com\/wp-content\/uploads\/2015\/11\/MG_2508-200x133.jpg 200w\" sizes=\"(max-width: 800px) 100vw, 800px\" \/><br \/>\nUrspr\u00fcnglich Sitz der Herrscher, heute Symbol von Bratislava und Sitz des Historischen Museums. Von seinem 47 Meter hohen Kronenturm, wo fr\u00fcher einmal die k\u00f6niglichen Kr\u00f6nungsinsignien aufbewahrt wurden, bietet sich ein herrlicher Ausblick nicht nur auf die Stadt, aber auch auf die benachbarten L\u00e4nder.<\/p>\n<p>Eintritt = 10 \u20ac<\/p>\n<p>*Rabatt mit Bratislava CARD 20%<\/p>\n<h3><a href=\"https:\/\/www.visitbratislava.com\/de\/setzt\/die-kathedrale-des-heiligen-martin\/\" target=\"_blank\" rel=\"noopener noreferrer\"><strong>2.Kathedrale St. Martin <\/strong><\/a><\/h3>\n<p><img loading=\"lazy\" class=\"wp-image-27743 size-large aligncenter\" src=\"https:\/\/www.visitbratislava.com\/wp-content\/uploads\/2017\/01\/IMG_6501_2_3_tonemapped-e1468506433225-800x360.jpg\" alt=\"img_6501_2_3_tonemapped-e1468506433225\" width=\"800\" height=\"360\" srcset=\"https:\/\/www.visitbratislava.com\/wp-content\/uploads\/2017\/01\/IMG_6501_2_3_tonemapped-e1468506433225-800x360.jpg 800w, https:\/\/www.visitbratislava.com\/wp-content\/uploads\/2017\/01\/IMG_6501_2_3_tonemapped-e1468506433225-400x180.jpg 400w, https:\/\/www.visitbratislava.com\/wp-content\/uploads\/2017\/01\/IMG_6501_2_3_tonemapped-e1468506433225-768x346.jpg 768w, https:\/\/www.visitbratislava.com\/wp-content\/uploads\/2017\/01\/IMG_6501_2_3_tonemapped-e1468506433225-200x90.jpg 200w, https:\/\/www.visitbratislava.com\/wp-content\/uploads\/2017\/01\/IMG_6501_2_3_tonemapped-e1468506433225-184x84.jpg 184w\" sizes=\"(max-width: 800px) 100vw, 800px\" \/><\/p>\n<p>Gotische Kirche, bestehend aus drei Schiffen, aus dem 15. Jahrhundert, ehemalige Kr\u00f6nungskirche. Erinnerung an diese ruhmreiche Zeit ist die vergoldete Replik der Kr\u00f6nungskrone, welche an der Spitze des Turms der Kathedrale angebracht ist, in H\u00f6he von 85 Metern und mit einem Gewicht von 150 kg.<\/p>\n<h3><strong><a href=\"https:\/\/www.visitbratislava.com\/de\/setzt\/altes-rathaus\/\" target=\"_blank\" rel=\"noopener noreferrer\">3.Altes Rathaus<\/a><\/strong><\/h3>\n<p><img loading=\"lazy\" class=\"wp-image-27735 size-large aligncenter\" src=\"https:\/\/www.visitbratislava.com\/wp-content\/uploads\/2017\/01\/MG_5571-800x533.jpg\" alt=\"_mg_5571\" width=\"800\" height=\"533\" srcset=\"https:\/\/www.visitbratislava.com\/wp-content\/uploads\/2017\/01\/MG_5571-800x533.jpg 800w, https:\/\/www.visitbratislava.com\/wp-content\/uploads\/2017\/01\/MG_5571-400x267.jpg 400w, https:\/\/www.visitbratislava.com\/wp-content\/uploads\/2017\/01\/MG_5571-768x512.jpg 768w, https:\/\/www.visitbratislava.com\/wp-content\/uploads\/2017\/01\/MG_5571-200x133.jpg 200w\" sizes=\"(max-width: 800px) 100vw, 800px\" \/><br \/>\nUrspr\u00fcnglicher Sitz der st\u00e4dtischen Verwaltung, ab dem Jahr 1868 Sitz des Museums der Stadt Bratislava, des \u00e4ltesten Museums der Slowakei. Nach der Bezwingung der engen Treppe, welche auf seinen 45 Meter hohen Turm f\u00fchrt, bietet sich eine herrliche Panoramaaussicht auf die Altstadt.<\/p>\n<p>Eintritt = 5\u20ac<\/p>\n<p>*Rabatt mit Bratislava CARD 100%<\/p>\n<h3><a href=\"https:\/\/www.visitbratislava.com\/de\/setzt\/primatialpalais\/\" target=\"_blank\" rel=\"noopener noreferrer\"><strong>4.Primatialpalais<\/strong><\/a><\/h3>\n<p><img loading=\"lazy\" class=\"wp-image-5507 size-large aligncenter\" src=\"https:\/\/www.visitbratislava.com\/wp-content\/uploads\/2014\/11\/Young-wine-festival-Primates-palace-800x533.jpg\" alt=\"Young wine festival - Primates palace\" width=\"800\" height=\"533\" srcset=\"https:\/\/www.visitbratislava.com\/wp-content\/uploads\/2014\/11\/Young-wine-festival-Primates-palace-800x533.jpg 800w, https:\/\/www.visitbratislava.com\/wp-content\/uploads\/2014\/11\/Young-wine-festival-Primates-palace-400x267.jpg 400w, https:\/\/www.visitbratislava.com\/wp-content\/uploads\/2014\/11\/Young-wine-festival-Primates-palace-200x133.jpg 200w\" sizes=\"(max-width: 800px) 100vw, 800px\" \/><\/p>\n<p>Das klassizistische Palais aus dem 18.Jahrhundert, wo nach dem Sieg von Napoleon in der Schlacht bei Austerlitz die Vertreter des franz\u00f6sischen und \u00f6sterreichischen Kaisers ein Abkommen unterzeichneten, eingegangen in die Geschichte als Friede von Pressburg. In der Gegenwart befinden sich hier die Galerieexposition mit der einmaligen Sammlung von 6 englischen Tapisserien aus dem 17.Jahrhundert und der Sitz des Oberb\u00fcrgermeisters der Hauptstadt der Slowakischen Republik.<\/p>\n<p>Galerie der Stadt Bratislava &#8211; Eintritt 3 \u20ac<\/p>\n<p>*20% Rabatt mit Bratislava Card City &amp; Region<\/p>\n<h3><a href=\"https:\/\/www.visitbratislava.com\/de\/setzt\/michaelertor\/\" target=\"_blank\" rel=\"noopener noreferrer\"><strong>5.Michaelertor<\/strong><\/a><\/h3>\n<p><img loading=\"lazy\" class=\"wp-image-25283 size-large aligncenter\" src=\"https:\/\/www.visitbratislava.com\/wp-content\/uploads\/2015\/04\/Museum-of-Arms-Michaels-Gate-1-800x531.jpg\" alt=\"museum-of-arms-michaels-gate\" width=\"800\" height=\"531\" srcset=\"https:\/\/www.visitbratislava.com\/wp-content\/uploads\/2015\/04\/Museum-of-Arms-Michaels-Gate-1-800x531.jpg 800w, https:\/\/www.visitbratislava.com\/wp-content\/uploads\/2015\/04\/Museum-of-Arms-Michaels-Gate-1-400x266.jpg 400w, https:\/\/www.visitbratislava.com\/wp-content\/uploads\/2015\/04\/Museum-of-Arms-Michaels-Gate-1-768x510.jpg 768w, https:\/\/www.visitbratislava.com\/wp-content\/uploads\/2015\/04\/Museum-of-Arms-Michaels-Gate-1-200x133.jpg 200w\" sizes=\"(max-width: 800px) 100vw, 800px\" \/><\/p>\n<p>Das einzige noch erhaltene Tor der Stadtbefestigung aus dem 14. Jahrhundert. Von der oberen Terrasse ihres 51 Meter hohen Turms kann man die zauberhafte Aussicht auf die Bratislavaer Burg und die Altstadt genie\u00dfen. Im Turm befindet sich das Waffenmuseum.<\/p>\n<p>Eintritt = 4, 50\u20ac<\/p>\n<p>*Rabatt mit Bratislava CARD 100%<\/p>\n<h3><a href=\"https:\/\/www.visitbratislava.com\/de\/setzt\/palais-grassalkovich\/\" target=\"_blank\" rel=\"noopener noreferrer\"><strong>6.Palais Grassalkovich<\/strong><\/a><\/h3>\n<p><img loading=\"lazy\" class=\"wp-image-27752 size-large aligncenter\" src=\"https:\/\/www.visitbratislava.com\/wp-content\/uploads\/2017\/01\/10-800x440.jpg\" alt=\"10\" width=\"800\" height=\"440\" srcset=\"https:\/\/www.visitbratislava.com\/wp-content\/uploads\/2017\/01\/10-800x440.jpg 800w, https:\/\/www.visitbratislava.com\/wp-content\/uploads\/2017\/01\/10-400x220.jpg 400w, https:\/\/www.visitbratislava.com\/wp-content\/uploads\/2017\/01\/10-768x422.jpg 768w, https:\/\/www.visitbratislava.com\/wp-content\/uploads\/2017\/01\/10-200x110.jpg 200w\" sizes=\"(max-width: 800px) 100vw, 800px\" \/><br \/>\nDas Rokokosommerpalais aus dem 18. Jahrhundert war in der Vergangenheit durch sein reichhaltiges gesellschaftliches Leben bekannt. Hier gab auch der ber\u00fchmte Joseph Haydn Konzerte. Ab dem Jahr 1996 ist es Sitz des Pr\u00e4sidenten der Slowakischen Republik.<\/p>\n<h3><a href=\"https:\/\/www.visitbratislava.com\/de\/setzt\/blaue-kirche\/\" target=\"_blank\" rel=\"noopener noreferrer\"><strong>7.Blaue Kirche <\/strong><\/a><\/h3>\n<p><img loading=\"lazy\" class=\"wp-image-27756 size-large aligncenter\" src=\"https:\/\/www.visitbratislava.com\/wp-content\/uploads\/2017\/01\/modry_kostolik01-800x531.jpg\" alt=\"modry_kostolik01\" width=\"800\" height=\"531\" srcset=\"https:\/\/www.visitbratislava.com\/wp-content\/uploads\/2017\/01\/modry_kostolik01-800x531.jpg 800w, https:\/\/www.visitbratislava.com\/wp-content\/uploads\/2017\/01\/modry_kostolik01-400x266.jpg 400w, https:\/\/www.visitbratislava.com\/wp-content\/uploads\/2017\/01\/modry_kostolik01-768x510.jpg 768w, https:\/\/www.visitbratislava.com\/wp-content\/uploads\/2017\/01\/modry_kostolik01-200x133.jpg 200w\" sizes=\"(max-width: 800px) 100vw, 800px\" \/><br \/>\nDie am Beginn des 20. Jahrhunderts im Jugendstil erbaute Kirche St. Elisabeth ist durch ihre blaue Farbe charakteristisch. Sie zeichnet sich durch detailliert bearbeitete Fassade mit h\u00e4ufiger Mosaikbenutzung aus. Die Kirche ist ein beliebter Ort von Hochzeiten und Taufen.<\/p>\n<h3><a href=\"https:\/\/www.visitbratislava.com\/sk\/miesta\/slavin\/\" target=\"_blank\" rel=\"noopener noreferrer\"><strong>8.Denkmal Slav\u00edn<\/strong><\/a><\/h3>\n<p><a href=\"https:\/\/www.visitbratislava.com\/sk\/miesta\/slavin\/\" target=\"_blank\" rel=\"noopener noreferrer\"><img loading=\"lazy\" class=\"wp-image-27764 size-large aligncenter\" src=\"https:\/\/www.visitbratislava.com\/wp-content\/uploads\/2017\/01\/ba-36-of-54-800x530.jpg\" alt=\"ba-36-of-54\" width=\"800\" height=\"530\" srcset=\"https:\/\/www.visitbratislava.com\/wp-content\/uploads\/2017\/01\/ba-36-of-54-800x530.jpg 800w, https:\/\/www.visitbratislava.com\/wp-content\/uploads\/2017\/01\/ba-36-of-54-400x265.jpg 400w, https:\/\/www.visitbratislava.com\/wp-content\/uploads\/2017\/01\/ba-36-of-54-768x509.jpg 768w, https:\/\/www.visitbratislava.com\/wp-content\/uploads\/2017\/01\/ba-36-of-54-200x132.jpg 200w\" sizes=\"(max-width: 800px) 100vw, 800px\" \/><br \/>\n<\/a>Das gr\u00f6\u00dfte Kriegsdenkmal in Mitteleuropa, welches dank seiner Lage und der H\u00f6he von 52 Metern zu den Dominanten der Stadt geh\u00f6rt. Hier sind 6845 Soldaten der Sowjetischen Armee begraben, welche bei der Befreiung von Bratislava w\u00e4hrend des zweiten Weltkriegs gefallen sind.<\/p>\n<h3><strong><a href=\"https:\/\/www.visitbratislava.com\/de\/setzt\/synagoge\/\" target=\"_blank\" rel=\"noopener noreferrer\">9. Synagoge<\/a><\/strong><\/h3>\n<p><img loading=\"lazy\" class=\"wp-image-27706 size-large aligncenter\" src=\"https:\/\/www.visitbratislava.com\/wp-content\/uploads\/2016\/05\/03-008558-800x533.jpg\" alt=\"03-008558\" width=\"800\" height=\"533\" srcset=\"https:\/\/www.visitbratislava.com\/wp-content\/uploads\/2016\/05\/03-008558-800x533.jpg 800w, https:\/\/www.visitbratislava.com\/wp-content\/uploads\/2016\/05\/03-008558-400x267.jpg 400w, https:\/\/www.visitbratislava.com\/wp-content\/uploads\/2016\/05\/03-008558-768x512.jpg 768w, https:\/\/www.visitbratislava.com\/wp-content\/uploads\/2016\/05\/03-008558-200x133.jpg 200w\" sizes=\"(max-width: 800px) 100vw, 800px\" \/><\/p>\n<p>Die Synagoge wurde im kubistischen Stil nach den Pl\u00e4nen vom Architekten Artur Szalatnai &#8211; Slatinsk\u00fd in den Jahren 1923 &#8211; 1926 gebaut. Die Dauerausstellung des J\u00fcdischen Gemeindemuseums ist im Obergescho\u00df installiert und f\u00fcr die \u00d6ffentlichkeit in der Sommersaison zug\u00e4nglich.<\/p>\n<h3><a href=\"https:\/\/www.visitbratislava.com\/de\/setzt\/ufo\/\" target=\"_blank\" rel=\"noopener noreferrer\"><strong>10.UFO<\/strong><\/a><\/h3>\n<p><img loading=\"lazy\" class=\"wp-image-27802 size-large aligncenter\" src=\"https:\/\/www.visitbratislava.com\/wp-content\/uploads\/2017\/01\/1080435-800x450.jpg\" alt=\"_1080435\" width=\"800\" height=\"450\" srcset=\"https:\/\/www.visitbratislava.com\/wp-content\/uploads\/2017\/01\/1080435-800x450.jpg 800w, https:\/\/www.visitbratislava.com\/wp-content\/uploads\/2017\/01\/1080435-400x225.jpg 400w, https:\/\/www.visitbratislava.com\/wp-content\/uploads\/2017\/01\/1080435-768x432.jpg 768w, https:\/\/www.visitbratislava.com\/wp-content\/uploads\/2017\/01\/1080435-200x113.jpg 200w\" sizes=\"(max-width: 800px) 100vw, 800px\" \/><br \/>\nEinzigartige Aussichtsplattform auf den Pfeilern der Br\u00fccke Most SNP in einer H\u00f6he von 95 Metern mit erstaunlicher Aussicht auf die Stadt und mit einer Fernsicht bis zu 100 km. Sie bietet den sch\u00f6nsten Sonnenuntergang in Bratislava in Kombination mit einem kulinarischen Erlebnis.<\/p>\n<p>Eintritt = 7,40\u20ac<\/p>\n<p>*Rabatt mit Bratislava CARD 25%<\/p>\n<h3>Bonus: Besichtigungen<\/h3>\n<header class=\"header\">W\u00e4hrend des Rundganges erfahren Sie viel Interessantes \u00fcber die Geschichte und Gegenwart der Stadt. Sie werden sicher die prunkvolle Architektur der Stadtpal\u00e4ste, der B\u00fcrgerh\u00e4user und der sakralen Bauten bewundern und genie\u00dfen.<\/header>\n<header><\/header>\n<p><strong>Einst\u00fcndiger Stradtrundgang durch historiches stadtzentrum f\u00fcr einzelreisende.<\/strong><\/p>\n<p>Andere Besichtigungen:<\/p>\n<p>Bratislava- Pressburg-Pozsony \u2013 Erkennen des historischen Zentrums von Bratislava<br \/>\nKr\u00f6nungen in Bratislava<br \/>\nMythen, Legenden und Geheimnisse des alten Bratislava<br \/>\nBer\u00fchmte Pers\u00f6nlichkeiten von Bratislava<br \/>\nBratislava unter der Regierung der Kaiserin \u2013 K\u00f6nigin Maria Theresia<br \/>\nBratislavaer Springbrunnen<br \/>\nSakrales Bratislava<br \/>\nJ\u00fcdisches Bratislava<br \/>\nBratislava \u2013 die Stadt der<br \/>\nBratislavaer Ring, Stadtrundgang und Stadtrundfahrt M\u00f6chten Sie gerne die Atmosph\u00e4re<br \/>\nKleinkarpatenring<\/p>\n<p><img src=\"https:\/\/www.visitbratislava.com\/wp-content\/uploads\/2018\/05\/hrad-vyhlad-panorama-dom-sv-martina-800x524.jpg\" \/><\/p>\n<h3>Weitere Tipps:<\/h3>\n<p><a href=\"https:\/\/www.visitbratislava.com\/de\/setzt\/burg-devin\/\" target=\"_blank\" rel=\"noopener noreferrer\"><strong>Burg Dev\u00edn<\/strong><\/a><\/p>\n<p><a href=\"https:\/\/www.visitbratislava.com\/sk\/miesta\/hrad-devin\/\" target=\"_blank\" rel=\"noopener noreferrer\"><img loading=\"lazy\" class=\"wp-image-27760 aligncenter\" src=\"https:\/\/www.visitbratislava.com\/wp-content\/uploads\/2017\/01\/1080047-800x450.jpg\" alt=\"_1080047\" width=\"800\" height=\"450\" srcset=\"https:\/\/www.visitbratislava.com\/wp-content\/uploads\/2017\/01\/1080047-800x450.jpg 800w, https:\/\/www.visitbratislava.com\/wp-content\/uploads\/2017\/01\/1080047-400x225.jpg 400w, https:\/\/www.visitbratislava.com\/wp-content\/uploads\/2017\/01\/1080047-768x432.jpg 768w, https:\/\/www.visitbratislava.com\/wp-content\/uploads\/2017\/01\/1080047-200x113.jpg 200w\" sizes=\"(max-width: 800px) 100vw, 800px\" \/><\/a><\/p>\n<p>Die Burgruine, welche auf einem hohen Felsen \u00fcber dem Zusammenfluss der Fl\u00fcsse Donau und March hervorragt, geh\u00f6rt zu den bedeutendsten historischen und arch\u00e4ologischen Lokalit\u00e4ten in Mitteleuropa. Zus\u00e4tzlich bietet sie eine zauberhafte Naturszenerie mit unwiederholbarer Aussicht.<\/p>\n<p>Eintritt:<\/p>\n<p>IV \u2013 X \u00a0\u00a05,00 EUR\u00a0\u00a0\u00a0 XI \u2013 III\u00a0 \u00a02,00 \u20ac<\/p>\n<p>*Rabatt mit Bratislava CARD 100%<\/p>\n<p><strong>Erhalten Sie Rabatt mit <a href=\"https:\/\/www.visitbratislava.com\/de\/bratislava-card\/\" target=\"_blank\" rel=\"noopener noreferrer\">Bratislava CARD<\/a><\/strong><\/p>\n<p><strong><a href=\"https:\/\/www.visitbratislava.com\/de\/setzt\/der-schoene-ignatius-schoene-naci\/\" target=\"_blank\" rel=\"noopener noreferrer\">Der Sch\u00f6ne Ignatius (Sch\u00f6ne N\u00e1ci)<\/a><\/strong><\/p>\n<p><a href=\"https:\/\/www.visitbratislava.com\/sk\/miesta\/schoene-naci\/\"><img loading=\"lazy\" class=\"wp-image-25728 aligncenter\" src=\"https:\/\/www.visitbratislava.com\/wp-content\/uploads\/2016\/11\/7-foto-brano-molnar-fb-800x472.jpg\" alt=\"7-foto-brano-molnar-fb\" width=\"785\" height=\"463\" srcset=\"https:\/\/www.visitbratislava.com\/wp-content\/uploads\/2016\/11\/7-foto-brano-molnar-fb-800x472.jpg 800w, https:\/\/www.visitbratislava.com\/wp-content\/uploads\/2016\/11\/7-foto-brano-molnar-fb-400x236.jpg 400w, https:\/\/www.visitbratislava.com\/wp-content\/uploads\/2016\/11\/7-foto-brano-molnar-fb-768x453.jpg 768w, https:\/\/www.visitbratislava.com\/wp-content\/uploads\/2016\/11\/7-foto-brano-molnar-fb-200x118.jpg 200w, https:\/\/www.visitbratislava.com\/wp-content\/uploads\/2016\/11\/7-foto-brano-molnar-fb.jpg 1573w\" sizes=\"(max-width: 785px) 100vw, 785px\" \/><br \/>\n<\/a>Ber\u00fchmter Exzentriker von Bratislava, welcher hier in der ersten H\u00e4lfte des 20. Jahrhunderts lebte und welcher durch seine Eleganz und Gutherzigkeit ein nicht wegdenkbarer Bestandteil der Atmosph\u00e4re der Promenade von Bratislava und ihrer Caf\u00e9s war<\/p>\n<p><strong><a href=\"https:\/\/www.visitbratislava.com\/de\/setzt\/gaffer-cumil\/\" target=\"_blank\" rel=\"noopener noreferrer\">Gaffer (\u010cumil)<\/a><\/strong><\/p>\n<p><img loading=\"lazy\" class=\"wp-image-27820 size-large aligncenter\" src=\"https:\/\/www.visitbratislava.com\/wp-content\/uploads\/2017\/01\/10099293406_02cb89635a_b-800x536.jpg\" alt=\"10099293406_02cb89635a_b\" width=\"800\" height=\"536\" srcset=\"https:\/\/www.visitbratislava.com\/wp-content\/uploads\/2017\/01\/10099293406_02cb89635a_b-800x536.jpg 800w, https:\/\/www.visitbratislava.com\/wp-content\/uploads\/2017\/01\/10099293406_02cb89635a_b-400x268.jpg 400w, https:\/\/www.visitbratislava.com\/wp-content\/uploads\/2017\/01\/10099293406_02cb89635a_b-768x515.jpg 768w, https:\/\/www.visitbratislava.com\/wp-content\/uploads\/2017\/01\/10099293406_02cb89635a_b-200x134.jpg 200w, https:\/\/www.visitbratislava.com\/wp-content\/uploads\/2017\/01\/10099293406_02cb89635a_b.jpg 1024w\" sizes=\"(max-width: 800px) 100vw, 800px\" \/><\/p>\n<p>Die M\u00e4nnergestalt aus Bronze, welche aus einem Kanalschacht herausschaut, ist zweifellos die am meisten fotografierte Plastik in der Stadt.<\/p>\n<p><strong><a href=\"https:\/\/www.visitbratislava.com\/de\/setzt\/napoleonischer-soldat-napoleonec\/\" target=\"_blank\" rel=\"noopener noreferrer\">Napoleonischer Soldat (Napole\u00f3nec)<\/a><\/strong><\/p>\n<p><img loading=\"lazy\" class=\" wp-image-27844 aligncenter\" src=\"https:\/\/www.visitbratislava.com\/wp-content\/uploads\/2017\/01\/namestie-napoleon.jpg\" alt=\"namestie-napoleon\" width=\"766\" height=\"430\" srcset=\"https:\/\/www.visitbratislava.com\/wp-content\/uploads\/2017\/01\/namestie-napoleon.jpg 750w, https:\/\/www.visitbratislava.com\/wp-content\/uploads\/2017\/01\/namestie-napoleon-400x225.jpg 400w, https:\/\/www.visitbratislava.com\/wp-content\/uploads\/2017\/01\/namestie-napoleon-200x112.jpg 200w\" sizes=\"(max-width: 766px) 100vw, 766px\" \/><br \/>\nDie Bronzestatue eines napoleonischen Soldaten erinnert an die Belagerung von Bratislava durch Napoleon in den Jahren 1805 und 1809.<\/p>\n<p><strong><a href=\"https:\/\/www.visitbratislava.com\/de\/setzt\/passage-ein-werk-von-matej-kren\/\" target=\"_blank\" rel=\"noopener noreferrer\">PASSAGE (ein Werk von Matej Kr\u00e9n)<\/a><\/strong><\/p>\n<p><img loading=\"lazy\" width=\"800\" height=\"360\" class=\"size-full wp-image-27866 aligncenter\" src=\"https:\/\/www.visitbratislava.com\/wp-content\/uploads\/2017\/01\/gmb-pasaz-mateja-krena-_banner_na_titulku.jpg\" alt=\"gmb-pasaz-mateja-krena-_banner_na_titulku\" srcset=\"https:\/\/www.visitbratislava.com\/wp-content\/uploads\/2017\/01\/gmb-pasaz-mateja-krena-_banner_na_titulku.jpg 800w, https:\/\/www.visitbratislava.com\/wp-content\/uploads\/2017\/01\/gmb-pasaz-mateja-krena-_banner_na_titulku-400x180.jpg 400w, https:\/\/www.visitbratislava.com\/wp-content\/uploads\/2017\/01\/gmb-pasaz-mateja-krena-_banner_na_titulku-768x346.jpg 768w, https:\/\/www.visitbratislava.com\/wp-content\/uploads\/2017\/01\/gmb-pasaz-mateja-krena-_banner_na_titulku-200x90.jpg 200w, https:\/\/www.visitbratislava.com\/wp-content\/uploads\/2017\/01\/gmb-pasaz-mateja-krena-_banner_na_titulku-184x84.jpg 184w\" sizes=\"(max-width: 800px) 100vw, 800px\" \/><br \/>\nDas einzigartige Projekt ist in der Galerie der Stadt Bratislava (P\u00e1llfy-Palais) installiert und gaukelt einen endlosen Raum aus B\u00fcchern vor. Die Installation wird von vielen internationalen Fachleuten gepriesen.<\/p>\n<p><strong>Erhalten Sie Rabatt mit <a href=\"https:\/\/www.visitbratislava.com\/de\/bratislava-card\/\" target=\"_blank\" rel=\"noopener noreferrer\">Bratislava CARD<\/a><\/strong><\/p>\n","protected":false},"excerpt":{"rendered":"<p>\ufeff Wenn Sie einen Ausflug in die Hauptstadt planen, sollten Sie bestimmt nicht diese TOP Denkm\u00e4ler und Attraktionen auslassen, die Bratislava au\u00dfergew\u00f6hnlich machen.\u00a0Gehen Sie durch Bratislava vom historischen Alten Rathaus bis zum modernen UFO spazieren. Ohne Besuch dieser touristischen Attraktionen verl\u00e4sst man Bratislava einfach nicht. Manche von ihnen sind vollkommen kostenlos oder f\u00fcr eine akzeptable [&hellip;]<\/p>\n","protected":false},"author":21,"featured_media":18357,"parent":54335,"menu_order":0,"comment_status":"closed","ping_status":"closed","template":"","meta":[],"acf":[],"_links":{"self":[{"href":"https:\/\/www.visitbratislava.com\/de\/wp-json\/wp\/v2\/pages\/55601"}],"collection":[{"href":"https:\/\/www.visitbratislava.com\/de\/wp-json\/wp\/v2\/pages"}],"about":[{"href":"https:\/\/www.visitbratislava.com\/de\/wp-json\/wp\/v2\/types\/page"}],"author":[{"embeddable":true,"href":"https:\/\/www.visitbratislava.com\/de\/wp-json\/wp\/v2\/users\/21"}],"replies":[{"embeddable":true,"href":"https:\/\/www.visitbratislava.com\/de\/wp-json\/wp\/v2\/comments?post=55601"}],"version-history":[{"count":0,"href":"https:\/\/www.visitbratislava.com\/de\/wp-json\/wp\/v2\/pages\/55601\/revisions"}],"up":[{"embeddable":true,"href":"https:\/\/www.visitbratislava.com\/de\/wp-json\/wp\/v2\/pages\/54335"}],"wp:featuredmedia":[{"embeddable":true,"href":"https:\/\/www.visitbratislava.com\/de\/wp-json\/wp\/v2\/media\/18357"}],"wp:attachment":[{"href":"https:\/\/www.visitbratislava.com\/de\/wp-json\/wp\/v2\/media?parent=55601"}],"curies":[{"name":"wp","href":"https:\/\/api.w.org\/{rel}","templated":true}]}}