{"id":57581,"date":"2019-04-08T14:09:50","date_gmt":"2019-04-08T12:09:50","guid":{"rendered":"https:\/\/www.visitbratislava.com\/?page_id=57581\/"},"modified":"2019-05-15T10:50:58","modified_gmt":"2019-05-15T08:50:58","slug":"verkehr-und-parken-waehrend-der-wm-2019","status":"publish","type":"page","link":"https:\/\/www.visitbratislava.com\/de\/eishockey\/verkehr-und-parken-waehrend-der-wm-2019\/","title":{"rendered":"Verkehr und Parken w\u00e4hrend der 2019 IIHF Eishockey-Weltmeisterschaft"},"content":{"rendered":"<h2>PARKEN<\/h2>\n<p><strong>KOSTENLOSE AUFFANGPARKPL\u00c4TZE IN BRATISLAVA<\/strong><\/p>\n<p>Die bequemste Art des Parkens und folgender Bewegung in Bratislava w\u00e4hrend der WM 2019 ist das Abstellen des Fahrzeugs auf einem Auffangparkplatz in folgend in Bratislava den Stadtmassenverkehr zu benutzen, Die Auffangparkpl\u00e4tze finden Sie auf folgenden Stellen:<\/p>\n<ul>\n<li><strong>Kai <\/strong><strong>Tyr\u0161ovo n\u00e1bre\u017eie- <\/strong>Kapazit\u00e4t 250 PKWs und 30 Busse<\/li>\n<li><strong>Fu\u00dfballstadion <\/strong><strong>\u0160KP D\u00fabravka \u2013 <\/strong>Kapazit\u00e4t ca. 295 PKWs und 25 Busse<\/li>\n<li><strong>Zlat\u00e9 piesky \u2013 <\/strong>Kapazit\u00e4t ca. 350 PKWs und 30 Busse<\/li>\n<li><strong>Ehemalige Technische Dienste der Stadt Bratislava\/ Stra\u00dfe Technick\u00e1 <\/strong>\u2013 aus diesem Parkplatz wird der Pendelverkehr direkt zum Stadion verkehren. Die Kapazit\u00e4t des Auffangparkplatzes ist ca. 250 PKWs.<\/li>\n<\/ul>\n<p><iframe src=\"https:\/\/www.google.com\/maps\/d\/embed?mid=1ekFe8GPJmeIA6bJtF5bpTPrWZz0uC6xf&amp;hl=en\" width=\"1000\" height=\"500\"><span data-mce-type=\"bookmark\" style=\"display: inline-block; width: 0px; overflow: hidden; line-height: 0;\" class=\"mce_SELRES_start\">\ufeff<\/span><\/iframe><\/p>\n<p><strong>ANDERE PARKM\u00d6GLICHKEITEN<\/strong><\/p>\n<p>Der Parkplatz beim Ondrej Nepela Winterstadion steht der \u00d6ffentlichkeit nicht zur Verf\u00fcgung. Die Fans k\u00f6nnen auf beliebigem bezahlten Parkplatz parken, mit g\u00fcltigem Regime und Regeln des zust\u00e4ndigen Parkplatzes. Die M\u00f6glichkeit des bezahlten Parkplatzes finden Sie auch in den <strong>Shoppingcentren<\/strong> in der ganzen Stadt, konkrete Adressen der Center finden Sie auf der nachstehend angef\u00fchrten Karte.<\/p>\n<p>Den Fans steht auch ein Teil des Parkplatzes unter dem <strong>Nationalfu\u00dfballstadion<\/strong> zur Verf\u00fcgung, konkret sind es 505 Parkpl\u00e4tze. Die Parkgeb\u00fchr betr\u00e4gt 10 \u20ac pro 12 Stunden.<\/p>\n<p><iframe src=\"https:\/\/www.google.com\/maps\/d\/embed?mid=171Uzw5RnOSXMJ2tWzn66zFzrTbJS9OSR&amp;hl=en\" width=\"1000\" height=\"500\"><span data-mce-type=\"bookmark\" style=\"display: inline-block; width: 0px; overflow: hidden; line-height: 0;\" class=\"mce_SELRES_start\">\ufeff<\/span><\/iframe><\/p>\n<h2><strong>STADTMASSENVERKEHR<\/strong><\/h2>\n<h3><strong>STADTMASSENVERKEHR GRATIS MIT DER EINTRITTSKARTE<\/strong><\/h3>\n<p>Alle Besucher mit g\u00fcltiger Eintrittskarte zu der WM 2019 haben am Tag des Wettkampfes, f\u00fcr den Sie die Eintrittskarte gekauft haben, den Stadtmassenverkehr gratis.<\/p>\n<h3><strong>HALTESTELLEN UND LINIEN DES STADTMASSENVERKEHRS IN DER N\u00c4HE DES WINTERSTADIONS<\/strong><\/h3>\n<p><strong>Busse \u2013 Haltestelle \u201eWinterstadion\u201c (unmittelbarer Zugang zum Stadion)<\/strong><\/p>\n<ul>\n<li><strong>39:<\/strong>\u00a0Mlynsk\u00e1 dolina \u2013 Zentrum \u2013 Trnavsk\u00e9 m\u00fdto \u2013 Winterstadion \u2013 Ru\u017einov<\/li>\n<li><strong>53:<\/strong>\u00a0Vajnory \u2013 Winterstadion \u2013 Trnavsk\u00e9 m\u00fdto<\/li>\n<li><strong>61:<\/strong>\u00a0Hauptbahnhof \u2013 Trnavsk\u00e9 m\u00fdto \u2013 Winterstadion \u2013 Flughafen<\/li>\n<li><strong>68:<\/strong>\u00a0Petr\u017ealka \u2013 Busstation \u2013 Trnavsk\u00e9 m\u00fdto<\/li>\n<li><strong>74:<\/strong>\u00a0Hauptbahnhof \u2013 Trnavsk\u00e9 m\u00fdto \u2013 Winterstadion \u2013 Slovnaft<\/li>\n<li><strong>78:<\/strong>\u00a0Neues Slowakische Nationaltheater \u2013 Zentrum \u2013 Busstation \u2013 Trnavsk\u00e9 m\u00fdto \u2013 Winterstadion \u2013 Podunajsk\u00e9 Biskupice<\/li>\n<\/ul>\n<p><strong>Trolleybusse<\/strong><strong> \u2013 Haltestelle \u201eWinterstadion\u201c\u00a0<\/strong><strong>(unmittelbarer Zugang zum Stadion)<\/strong><\/p>\n<ul>\n<li><strong>204:<\/strong>\u00a0Trn\u00e1vka \u2013 Winterstadion \u2013 Trnavsk\u00e9 m\u00fdto \u2013 Kram\u00e1re<\/li>\n<li><strong>205:<\/strong>\u00a0Trn\u00e1vka \u2013 Winterstadion \u2013 Busstation \u2013 Zentrum<\/li>\n<li><strong>207:<\/strong>\u00a0Winterstadion \u2013 Zentrum \u2013 Burg \u2013 \u017delezn\u00e1 studienka<\/li>\n<\/ul>\n<p><strong>Stra\u00dfenbahnen \u2013 Haltestelle \u201eOdboj\u00e1rov\u201c auf Vajnorsk\u00e1 Str.\u00a0<\/strong>(300 m vom Stadion)<\/p>\n<ul>\n<li><strong>2:<\/strong>\u00a0Bahnhof Nov\u00e9 mesto \u2013 Odboj\u00e1rov \u2013 Trnavsk\u00e9 m\u00fdto \u2013 Hauptbahnhof<\/li>\n<li><strong>4:<\/strong>\u00a0Zlat\u00e9 piesky \u2013 Auffangparkplatz \u2013 Odboj\u00e1rov \u2013 Trnavsk\u00e9 m\u00fdto \u2013 Zentrum \u2013 Karlova Ves \u2013 Auffangparkplatz \u2013 D\u00fabravka<\/li>\n<\/ul>\n<p><strong>Busse<\/strong><strong> \u2013 Haltestelle \u201eBajkalsk\u00e1\u201c<\/strong>\u00a0(450 m vom Stadion)<\/p>\n<ul>\n<li><strong>75:<\/strong>\u00a0Ra\u010da \u2013 Bajkalsk\u00e1 \u2013 Ru\u017einov \u2013 Doln\u00e9 hony<\/li>\n<li><strong>98:<\/strong>\u00a0Petr\u017ealka \u2013 Bajkalsk\u00e1 \u2013 Polus City Center<\/li>\n<\/ul>\n<h3><strong>HALTESTELLEN IN DER N\u00c4HE DER AUFFANGPARKPL\u00c4TZE<\/strong><\/h3>\n<ul>\n<li><strong>D\u00fabravka \u2013 Fu\u00dfballstadion \u0160KP und Auffangparkplatz Zlat\u00e9 piesky<br \/>\n<\/strong>4 Stra\u00dfenbahnlinie: D\u00fabravka \u2013 Auffangparkplatz Fu\u00dfballstadion \u0160KP (Haltestelle Horn\u00e9 Kr\u010dace) \u2013 Karlova Ves &#8211; \u0160af\u00e1rikovo n\u00e1mestie \u2013 Trnavsk\u00e9 m\u00fdto \u2013 Odboj\u00e1rov, Zugang zum Winterstadion \u2013 Zlat\u00e9 piesky, Auffangparkplatz<\/li>\n<li><strong>Tyr\u0161ovo n\u00e1bre\u017eie \u2013 Haltestelle Sad Janka Kr\u00e1\u013ea<\/strong><br \/>\n1 Stra\u00dfenbahnlinie: Petr\u017ealka \u2013 Sad Janka kr\u00e1\u013ea \u2013 \u0160af\u00e1rikovo n\u00e1mestie&#8230;\u00a0 Hauptbahnhof<br \/>\n3 Stra\u00dfenbahnlinie: Petr\u017ealka \u2013 Sad Janka kr\u00e1\u013ea \u2013 \u0160af\u00e1rikovo n\u00e1mestie \u2026 Ra\u010da (Umsteigung auf der Haltestelle \u0160af\u00e1rikovo n\u00e1mestie auf die Linie 4 zum Winterstadion O. Nepela)<\/li>\n<li><strong>Technick\u00e1 \u2013 b\u00fdval\u00fd are\u00e1l Technick\u00fdch slu\u017eieb<br \/>\n<\/strong>H Kyvadlov\u00e1 doprava: Zimn\u00fd \u0161tadi\u00f3n \u2013 Technick\u00e1 \u2013 z\u00e1chytn\u00e9 parkovisko<\/li>\n<li><strong>Technick\u00e1 \u2013 urspr\u00fcngliches Areal der Technischen Dienste<\/strong><br \/>\nH Pendelverkehr: Winterstadion \u2013 Technick\u00e1 &#8211; Auffangparkplatz<\/li>\n<\/ul>\n<h3><strong>REISEN VON BAHNH\u00d6FEN UND FLUGH\u00c4FEN<\/strong><\/h3>\n<p><strong>Vom Hauptbahnhof (Bratislava-Hauptbahnhof)<\/strong><\/p>\n<ul>\n<li>mit Direktlinie <strong>61<\/strong> bis zur Haltestelle Winterstadion<\/li>\n<li>mit Direktlinie <strong>2<\/strong> bis zur Haltestelle Odboj\u00e1rov<\/li>\n<\/ul>\n<p><strong>Von der Eisenbahnstation Bratislava-Nov\u00e9 Mesto <\/strong><\/p>\n<ul>\n<li>mit Direktlinie <strong>2<\/strong> bis zur Haltestelle Odboj\u00e1rov<\/li>\n<\/ul>\n<p><strong>Von der Eisenbahnstation <\/strong><strong>Bratislava-Petr\u017ealka<\/strong><\/p>\n<ul>\n<li>mit der Linie <strong>80<\/strong> von der Halstestelle Eisenbahnstation Petr\u017ealka vor das Bahngeb\u00e4ude mit Umstieg auf der Endstation Platz Koll\u00e1rovo n\u00e1mestie auf die Linie <strong>207<\/strong> zum Winterstadion,<\/li>\n<li>mit den Linien <strong>93<\/strong> und <strong>94<\/strong> von der Haltestelle Eisenbahnstation Petr\u017ealka auf der Stra\u00dfe Pan\u00f3nska cesta mit dem Umstieg auf der Haltestelle Zochova auf die Linie <strong>39<\/strong> zum Winterstadion (Richtung S\u00fahvezdn\u00e1),<\/li>\n<li>mit der\u00a0 Linie <strong>93<\/strong> von der Haltestelle Eisenbahnstation Petr\u017ealka auf der Stra\u00dfe Pan\u00f3nska cesta mit dem Umstieg auf der Haltestelle Hauptbahnhof auf die Linie <strong>61<\/strong> zum Winterstadion (Richtung Flughafen)<\/li>\n<\/ul>\n<p><strong>Von der Busstation Nivy<\/strong><\/p>\n<ul>\n<li>mit Direktlinie <strong>205<\/strong> von der Haltestelle Busstation bei dem Hochhaus der V\u00daB Bank (Transfer zu Fu\u00df rund um die Baustelle der neuen Busstation) bis zur Haltestelle Winterstadion<\/li>\n<li>mit Direktlinie <strong>78<\/strong> von der Haltestelle Twin City (Transfer zu Fu\u00df auf der Stra\u00dfe Tov\u00e1rensk\u00e1) bis zur Haltestelle Winterstadion<\/li>\n<\/ul>\n<h3><strong>VERST\u00c4RKUNG DES STADTMASSENVERKEHRS<\/strong><\/h3>\n<p><strong>Verst\u00e4rkung des Verkehrs der regelm\u00e4\u00dfigen Verkehrslinien<\/strong><\/p>\n<ul>\n<li>Linie\u00a02\u00a0(Hauptbahnhof &#8211; Trnavsk\u00e9 m\u00fdto &#8211; Odboj\u00e1rov &#8211; Bahnstation Nov\u00e9 Mesto)\n<ul>\n<li>in der Zeit <strong>von 18:00 bis 23:00<\/strong> wird sie im Intervall von 7-8 Minuten verkehren (an Arbeitstagen und Freitagen, au\u00dfer 22. und 24.5.),<\/li>\n<li>in \u00fcbrigen Zeiten nach g\u00fcltigem Fahrplan.<\/li>\n<\/ul>\n<\/li>\n<li>Linie\u00a04\u00a0(D\u00fabravka &#8211; Trnavsk\u00e9 m\u00fdto &#8211; Odboj\u00e1rov &#8211; Zlat\u00e9 piesky)\n<ul>\n<li>in der Zeit <strong>von 18:00 bis 23:00<\/strong> wird sie im Intervall von 7-8 Minuten verkehren (an Arbeitstagen und Freitagen, au\u00dfer 22. und 24.5.),<\/li>\n<li>in \u00fcbrigen Zeiten nach g\u00fcltigem Fahrplan.<\/li>\n<\/ul>\n<\/li>\n<li>Linie\u00a061\u00a0(Hauptbahnhof &#8211; Trnavsk\u00e9 m\u00fdto \u2013 Winterstadion &#8211; Flughafen)\n<ul>\n<li><strong>an Arbeitstagen <\/strong>in der Zeit <strong>von 8:00 bis 14:00<\/strong> und <strong>von 18:00 bis 24:00<\/strong> wird sie im Intervall von 10 Minuten verkehren, in der Zeit <strong>von 14:00 bis 18:00<\/strong> im Intervall von 7-8 Minuten,<\/li>\n<li><strong>an Freitagen <\/strong>in der Zeit <strong>von 10:00 bis 24:00 <\/strong>wird sie im Intervall von 10 Minuten verkehren,<\/li>\n<li>in \u00fcbrigen Zeiten nach g\u00fcltigem Fahrplan.<\/li>\n<\/ul>\n<\/li>\n<\/ul>\n<p><strong>Sonderverbindungen nach dem Spielende<\/strong><\/p>\n<ul>\n<li>Linien 75 und 98 <strong>von der Haltestelle<\/strong> Bajkalsk\u00e1 in der Richtung Doln\u00e9 hony &#8211; \u010cili\u017esk\u00e1 und Petr\u017ealka &#8211; Jasovsk\u00e1.<\/li>\n<li>Linien 39, 61, 204 und 207 <strong>von der Haltestelle Winterstadion<\/strong> in der Richtung Sl\u00e1vi\u010die \u00fadolie (39), Hauptbahnhof (61), Trn\u00e1vka (204), Kram\u00e1re (204) und Patr\u00f3nka (207),\n<ul>\n<li>am Hauptbahnhof wird der Umstieg von der Linie 61 auf die\u00a0 Sonderverbindung der Linie 21 nach Dev\u00ednska Nov\u00e1 Ves und auf die Verbindung der Linie 93 nach Petr\u017ealka m\u00f6glich<\/li>\n<\/ul>\n<\/li>\n<li>Linie 8 <strong>von der Haltestelle Trnavsk\u00e9 M\u00fdto<\/strong> in der Richtung Ru\u017einov.<\/li>\n<li>Linien 61, 39, 68 und 201 <strong>von der Haltestelle Trnavsk\u00e9 M\u00fdto<\/strong> an den Tagen 10.5., 11.5., 13.5., 15.5., 17.5., 18.5. a 21.5.2019 (Abfahrt der Fans von der Fan-Zone nach dem Spielende der Repr\u00e4sentation der SR). Die Verbindungen verkehren von den ordentlichen Haltestellen dieser Linien f\u00fcr folgende Richtungen:\n<ul>\n<li>Sl\u00e1vi\u010die \u00fadolie (39)<\/li>\n<li>Hauptbahnhof (61)<\/li>\n<li>Petr\u017ealka &#8211; Hol\u00ed\u010dska (68)<\/li>\n<li>Doln\u00e9 hony &#8211; \u010cili\u017esk\u00e1 (201)<\/li>\n<\/ul>\n<\/li>\n<\/ul>\n<h3><strong>PENDELVERKEHR<\/strong><\/h3>\n<ul>\n<li>Vom Auffangparkplatz auf der Stra\u00dfe Technick\u00e1 wird der Pendelverkehr mit Bezeichnung H verkehren.<br \/>\n<strong>Strecke: Technick\u00e1<\/strong> \u2013 Bo\u010dn\u00e1 \u2013 Galvaniho \u2013 Ro\u017e\u0148avsk\u00e1 \u2013 Trnavsk\u00e1 cesta \u2013 <strong>Winterstadion<\/strong> \u2013 Trnavsk\u00e9 m\u00fdto (als Linie 53) \u2013 Vajnorsk\u00e1 \u2013 Bajkalsk\u00e1 \u2013 Trnavsk\u00e1 cesta \u2013 Ro\u017e\u0148avsk\u00e1 \u2013 Galvaniho \u2013 Bo\u010dn\u00e1 \u2013 <strong>Technick\u00e1<br \/>\nBetriebszeit: <\/strong>8:00 \u2013 23:00 (am Arbeitstag, auch am Wochenende)<br \/>\n<strong>Betriebsdauer<\/strong>: 10.5.2019 \u2013 26.5.2019 (au\u00dfer 22.5. und 24.5., wo keine Spiele verlaufen)<br \/>\n<strong>Intervall<\/strong>: am Tag und Wochenende: 15 Minuten<\/li>\n<\/ul>\n<p>In Bratislava k\u00f6nnen Stra\u00dfenbahnen. Busse, Trolleybusse und Nachtbusse benutzt werden.<\/p>\n<p>Die Fahrpl\u00e4ne finden Sie auf der Seite \u00a0<a href=\"http:\/\/imhd.sk\/ba\/public-transport\">imhd.sk,<\/a>\u00a0am besten k\u00f6nnen Sie sich mit Hilfe der \u00a0<a href=\"https:\/\/www.google.com\/maps\">Googlemaps<\/a>\u00a0orientieren und die Fahrkarten k\u00f6nnen Sie anhand der Applikation <a href=\"https:\/\/play.google.com\/store\/apps\/details?id=com.casperise.urbi.online.bid&amp;hl=sk\">IDS BK<\/a> kaufen.<\/p>\n<p><iframe src=\"https:\/\/www.google.com\/maps\/d\/embed?mid=1sbGrOxomKYMcDdps-eDHsQuV2oozOt1c&amp;hl=en\" width=\"1000\" height=\"500\"><span data-mce-type=\"bookmark\" style=\"display: inline-block; width: 0px; overflow: hidden; line-height: 0;\" class=\"mce_SELRES_start\">\ufeff<\/span><\/iframe><\/p>\n<h2><strong>TAXI<\/strong><\/h2>\n<p><strong>Teil der rechten Fahrspur auf der Stra\u00dfe Bajkalsk\u00e1<\/strong> vom Nationalfu\u00dfballstadion bis zur Grundschule Kalin\u010diakova, wird f\u00fcr die <strong>Reisebusse f\u00fcr den Einstieg und Ausstieg der Fans und ebenfalls f\u00fcr die<\/strong> <strong>TAXI-Fahrzeuge<\/strong> reserviert, welche die Fans zu den WM-Spielen fahren werden.<\/p>\n<p>Im Bedarfsfalle kann man in Bratislava auch Taxi benutzen. Preisg\u00fcnstiger ist ein Taxi telefonisch zu bestellen, als Dienste des st\u00e4ndigen Standortes zu benutzen oder das Taxi auf der Stra\u00dfe zu stoppen. Das Mindestfahrgeld auf kurze Entfernungen betr\u00e4gt ca. 5 EUR. <strong>Wir empfehlen sich \u00fcber den Preis<\/strong> <strong>vor dem<\/strong> <strong>Besteigen des Fahrzeugs zu informieren<\/strong>. Jedes Taxi muss eine Preisliste, angef\u00fchrt auf einem sichtbaren Platz zur Verf\u00fcgung haben und den Taxameter benutzen.<\/p>\n<p>G\u00fcnstig ist die Taxibestellung anhand der Applikation HOPIN oder Applikation Bolt, welche Sie in Ihr Mobiltelefon runterladen k\u00f6nnen.<\/p>\n<p><strong>Wir empfehlen die Verwendung von Taxidiensten, die diesen Sticker an Ihren Fahrzeugen haben:<\/strong><\/p>\n<p><img loading=\"lazy\" class=\"alignnone wp-image-58810 size-thumbnail\" src=\"https:\/\/www.visitbratislava.com\/wp-content\/uploads\/2019\/05\/nalepka-taxi-150x150.jpg\" alt=\"\" width=\"150\" height=\"150\" srcset=\"https:\/\/www.visitbratislava.com\/wp-content\/uploads\/2019\/05\/nalepka-taxi-150x150.jpg 150w, https:\/\/www.visitbratislava.com\/wp-content\/uploads\/2019\/05\/nalepka-taxi-184x184.jpg 184w\" sizes=\"(max-width: 150px) 100vw, 150px\" \/><\/p>\n<p>Google Play Store:<br \/>\nHOPIN &#8211;<a href=\"https:\/\/play.google.com\/store\/apps\/details?id=sk.hopin.taxiapp&amp;hl=de\">\u00a0https:\/\/play.google.com\/store\/apps\/details?id=sk.hopin.taxiapp&amp;hl=sk<\/a><br \/>\nBolt &#8211; <a href=\"https:\/\/play.google.com\/store\/apps\/details?id=ee.mtakso.client\">https:\/\/play.google.com\/store\/apps\/details?id=ee.mtakso.client<\/a><br \/>\nUber &#8211;\u00a0<a href=\"https:\/\/play.google.com\/store\/apps\/details?id=com.ubercab&amp;hl=en\">https:\/\/play.google.com\/store\/apps\/details?id=com.ubercab&amp;hl=en<\/a><\/p>\n<p>App Store:<br \/>\nHOPIN &#8211;\u00a0<a href=\"https:\/\/itunes.apple.com\/sk\/app\/hopintaxi\/id733348334?mt=8\">https:\/\/itunes.apple.com\/sk\/app\/hopintaxi\/id733348334?mt=8<\/a><br \/>\nBolt \u2013\u00a0<a href=\"https:\/\/itunes.apple.com\/us\/app\/bolt-taxify\/id675033630?mt=8\">https:\/\/itunes.apple.com\/us\/app\/bolt-taxify\/id675033630?mt=8<\/a><br \/>\nUber &#8211;\u00a0<a href=\"https:\/\/itunes.apple.com\/sk\/app\/uber\/id368677368?mt=8\">https:\/\/itunes.apple.com\/sk\/app\/uber\/id368677368?mt=8<\/a><\/p>\n<h2><strong>FAHRRAD<\/strong><\/h2>\n<p>Dank des Dienstes <strong>Bikesharing<\/strong>, Sharing-System der Fahrradstationen, k\u00f6nnen Sie zum Transport auch ein Fahrrad benutzen Stellen Sie fest, wie Sie eins der gelben Fahrr\u00e4der ausleihen k\u00f6nnen, \u00a0Die Radrouten und Sonderwege f\u00fcr Radfahrer liegen vor allem neben der Donau oder in den Stadtrandteilen und sind bis jetzt noch nicht verkn\u00fcpft.<\/p>\n<h2><strong>INFORMATIONEN F\u00dcR DIE FANS<\/strong><\/h2>\n<p>In Bratislava stehen w\u00e4hrend der WM 2019 einige Infopoints f\u00fcr die Fans zur Verf\u00fcgung, mit notwendigen Informationen \u00fcber Bratislava und die WM 2019.<\/p>\n<p>Diese finden Sie an folgenden Stellen:<\/p>\n<ul>\n<li>Flughafen M. R. \u0160tef\u00e1nik &#8211;\u00a010.00 &#8211; 19.00<\/li>\n<li>Bratislava \u2013 Hauptbahnhof &#8211;\u00a009.00 &#8211; 18.00<\/li>\n<li>Bahnhof-Petr\u017ealka &#8211;\u00a010.00 &#8211; 19.00<\/li>\n<li>Busstation Mlynsk\u00e9 Nivy &#8211;\u00a010.00 &#8211; 19.00<\/li>\n<li>Fan-Zone bei Istropolis &#8211;\u00a0Ge\u00f6ffnet an jedem Spieltag 1 Stunde vor dem Spielbeginn und Schlie\u00dfung 1 Stunde nach dem Spielende<\/li>\n<li>Klobu\u010dn\u00edcka 2 &#8211;\u00a009.00 &#8211; 20.00<\/li>\n<li>Hviezdoslavovo n\u00e1mestie &#8211;\u00a0 10.00 &#8211; 19.00<\/li>\n<\/ul>\n<p><iframe src=\"https:\/\/www.google.com\/maps\/d\/embed?mid=1QyQ5Cve9YGl2LYbHIel6OFeqNPsv9FT_&amp;hl=en\" width=\"1000\" height=\"500\"><span data-mce-type=\"bookmark\" style=\"display: inline-block; width: 0px; overflow: hidden; line-height: 0;\" class=\"mce_SELRES_start\">\ufeff<\/span><\/iframe><\/p>\n<h2><strong>SONDERZ\u00dcGE W\u00c4HREND DER HOCKEY-WM 2019 AUS\/NACH PRAHA<\/strong><\/h2>\n<h3><strong>Praha &#8211;\u00a0<\/strong><strong>Bratislava <\/strong><strong>Hauptbahnhof<\/strong><\/h3>\n<table style=\"height: 478px;\" width=\"1064\">\n<thead>\n<tr>\n<td><strong>Datum<\/strong><\/td>\n<td><strong>Bezeichnung<\/strong><\/td>\n<td><strong>Praha <\/strong><strong>Hauptbah.<\/strong><\/td>\n<td><strong>Pardubice Hauptbah.<\/strong><\/td>\n<td><strong>Brno Unterer \u00a0Bahnhof<\/strong><\/td>\n<td><strong>Bratislava Hauptbah.<\/strong><\/td>\n<\/tr>\n<\/thead>\n<tbody>\n<tr>\n<td><strong>10.5.2019<\/strong><\/td>\n<td>Zvl. Ex 10009<\/td>\n<td>7:54<\/td>\n<td>9:09<\/td>\n<td>10:55<\/td>\n<td><strong>12:30<\/strong><\/td>\n<\/tr>\n<tr>\n<td><strong>11.5.2019<\/strong><\/td>\n<td>Zvl. Ex 10007<\/td>\n<td>6:10<\/td>\n<td>7:15<\/td>\n<td>9:05<\/td>\n<td><strong>10:35<\/strong><\/td>\n<\/tr>\n<tr>\n<td><strong>13.5.2019<\/strong><\/td>\n<td>Zvl. Ex 10009<\/td>\n<td>7:54<\/td>\n<td>9:09<\/td>\n<td>10:55<\/td>\n<td><strong>12:30<\/strong><\/td>\n<\/tr>\n<tr>\n<td><strong>16.5.2019<\/strong><\/td>\n<td>Zvl. Ex 10009<\/td>\n<td>7:54<\/td>\n<td>9:09<\/td>\n<td>10:55<\/td>\n<td><strong>12:30<\/strong><\/td>\n<\/tr>\n<tr>\n<td><strong>17.5.2019<\/strong><\/td>\n<td>Zvl. Ex 10009<\/td>\n<td>7:54<\/td>\n<td>9:09<\/td>\n<td>10:55<\/td>\n<td><strong>12:30<\/strong><\/td>\n<\/tr>\n<tr>\n<td><strong>19.5.2019<\/strong><\/td>\n<td>Zvl. Ex 10009<\/td>\n<td>7:54<\/td>\n<td>9:09<\/td>\n<td>10:55<\/td>\n<td><strong>12:30<\/strong><\/td>\n<\/tr>\n<tr>\n<td><strong>21.5.2019<\/strong><\/td>\n<td>Zvl. Ex 10007<\/td>\n<td>6:10<\/td>\n<td>7:15<\/td>\n<td>9:05<\/td>\n<td><strong>10:35<\/strong><\/td>\n<\/tr>\n<\/tbody>\n<\/table>\n<h3><strong>Bratislava Hauptbah.\u00a0 &#8211; Praha (an jedem vorstehend angef\u00fchrten Spieltag)<\/strong><\/h3>\n<table style=\"height: 118px;\" width=\"1053\">\n<thead>\n<tr>\n<td><strong>Bezeichnung<\/strong><\/td>\n<td><strong><strong>Bratislava\u00a0<\/strong><\/strong><strong style=\"font-family: inherit; font-size: inherit;\">Hauptbah.<\/strong><\/td>\n<td><strong>Brno Unterer \u00a0Bahnhof<\/strong><\/td>\n<td><strong>Pardubice Hauptbah.<\/strong><\/td>\n<td><strong>Praha Hauptbah.<\/strong><\/td>\n<\/tr>\n<\/thead>\n<tbody>\n<tr>\n<td>Zvl. Ex 10008<\/td>\n<td>23:50<\/td>\n<td>1:22<\/td>\n<td>3:06<\/td>\n<td><strong>4:12<\/strong><\/td>\n<\/tr>\n<\/tbody>\n<\/table>\n<h2><strong>SONDERZ\u00dcGE W\u00c4HREND DER HOCKEY-WM 2019 KE-BA, BA-KE<\/strong><\/h2>\n<h3><strong>Ko\u0161ice &#8211; Bratislava Hauptbah.,\u00a0IC 526 Macejko,\u00a0<\/strong>(10.\/11. 5., 11.\/12. 5., 13.\/14. 5., 15.\/16. 5., 17.\/18. 5., 18.\/19. 5. a 21.\/22. 5. 2019)<\/h3>\n<table style=\"height: 118px;\" width=\"1053\">\n<thead>\n<tr>\n<td><strong>Bahnhof<\/strong><\/td>\n<td><strong>Ankunft<\/strong><\/td>\n<td><b>Ausfahrt<\/b><\/td>\n<\/tr>\n<\/thead>\n<tbody>\n<tr>\n<td>Ko\u0161ice<\/td>\n<td>&#8211;<\/td>\n<td>23:17<\/td>\n<\/tr>\n<tr>\n<td>Poprad-Tatry<\/td>\n<td>00:20<\/td>\n<td>00:21<\/td>\n<\/tr>\n<tr>\n<td>Liptovsk\u00fd Mikul\u00e1\u0161<\/td>\n<td>01:06<\/td>\n<td>01:07<\/td>\n<\/tr>\n<tr>\n<td>\u017dilina<\/td>\n<td>02:04<\/td>\n<td>02:08<\/td>\n<\/tr>\n<tr>\n<td>Tren\u010d\u00edn<\/td>\n<td>02:59<\/td>\n<td>03:00<\/td>\n<\/tr>\n<tr>\n<td>Trnava<\/td>\n<td>03:34<\/td>\n<td>03:35<\/td>\n<\/tr>\n<tr>\n<td>Bratislava Hauptbah.<\/td>\n<td><strong>03:58<\/strong><\/td>\n<td><\/td>\n<\/tr>\n<\/tbody>\n<\/table>\n<p>Hinweis: Sonderverst\u00e4rkungszug IC 526 Macejko (Ko\u0161ice 23:17 \u2013 Bratislava Hauptbahnhof 03:58) verkehrt am 10.\/11.V., 11.\/12. V., 13.\/14. V., 15.\/16. V., 17.\/18. V., 18.\/19. V. a 21.\/22. V. 2019, d.h. an den Tagen, wo die slowakische Repr\u00e4sentation Wettk\u00e4mpfe in Ko\u0161ice hat.<\/p>\n<p><strong>Speziell verst\u00e4rkt zu den Z\u00fcgen Macejko (Ko\u0161ice \u2013 Bratislava<\/strong><strong>):<\/strong> Zugankunft ca. 3:58 zum Hauptbahnhof, ca. 4:10 Abfahrt der Stra\u00dfenlinien an den Tagen: 11.5., 12.5, 14.5., 16.5., 18.5., 19.5., 22.5.<br \/>\n<strong>X1<\/strong>: Hauptbahnhof \u2013 Petr\u017ealka, Jungmannova<br \/>\n<strong>X3<\/strong>: Hauptbahnhof \u2013 Ra\u010da, Komis\u00e1rky<br \/>\n<strong>X4<\/strong>: Hauptbahnhof \u2013 Zlat\u00e9 piesky<br \/>\n<strong>X5<\/strong>: Hauptbahnhof &#8211; D\u00fabravka, Pri kr\u00ed\u017ei<\/p>\n<h3><span style=\"font-size: 7.0pt; font-family: 'Arial',sans-serif; color: #333333;\"><strong style=\"font-family: Georgia, 'Times New Roman', 'Bitstream Charter', Times, serif; font-size: 16px;\">Bratislava Hauptbah. &#8211; Ko\u0161ice,\u00a0IC 521 Macejko\u00a0<\/strong><span style=\"font-family: Georgia, 'Times New Roman', 'Bitstream Charter', Times, serif; font-size: 16px;\">(verst\u00e4rkt an den Tagen 10. 5., 11. 5., 13. 5., 15. 5., 17. 5., 18. 5. a 21. 5. 2019)<\/span><\/span><\/h3>\n<table style=\"height: 118px;\" width=\"1053\">\n<thead>\n<tr>\n<td><strong>Bahnhof<\/strong><\/td>\n<td><strong>Ankunft<\/strong><\/td>\n<td><b>Ausfahrt<\/b><\/td>\n<\/tr>\n<\/thead>\n<tbody>\n<tr>\n<td>Bratislava Hauptbah.<\/td>\n<td>&#8211;<\/td>\n<td>06:01<\/td>\n<\/tr>\n<tr>\n<td>Trnava<\/td>\n<td>06:25<\/td>\n<td>06:26<\/td>\n<\/tr>\n<tr>\n<td>Tren\u010d\u00edn<\/td>\n<td>06:58<\/td>\n<td>06:59<\/td>\n<\/tr>\n<tr>\n<td>\u017dilina<\/td>\n<td>07:50<\/td>\n<td>07:52<\/td>\n<\/tr>\n<tr>\n<td>Vr\u00fatky<\/td>\n<td>08:09<\/td>\n<td>08:10<\/td>\n<\/tr>\n<tr>\n<td>Ru\u017eomberok<\/td>\n<td>08:35<\/td>\n<td>08:36<\/td>\n<\/tr>\n<tr>\n<td>Liptovsk\u00fd Mikul\u00e1\u0161<\/td>\n<td>08:53<\/td>\n<td>08:54<\/td>\n<\/tr>\n<tr>\n<td>Poprad-Tatry<\/td>\n<td>09:39<\/td>\n<td>09:40<\/td>\n<\/tr>\n<tr>\n<td>Spi\u0161sk\u00e1 Nov\u00e1 Ves<\/td>\n<td>09:56<\/td>\n<td>09:57<\/td>\n<\/tr>\n<tr>\n<td>Kysak<\/td>\n<td>10:35<\/td>\n<td>10:36<\/td>\n<\/tr>\n<tr>\n<td>Ko\u0161ice<\/td>\n<td><strong>10:48<\/strong><\/td>\n<td><\/td>\n<\/tr>\n<\/tbody>\n<\/table>\n<h2>SONDERZ\u00dcGE REGIOJET AUS BA- NOV\u00c9 MESTO NACH PRAHA (\u00fcber Brno und Pardubice)<\/h2>\n<table>\n<tbody>\n<tr>\n<td><strong>Datum<\/strong><\/td>\n<td><strong>Bratislava-Nov\u00e9 Mesto<\/strong><\/td>\n<td><strong>Brno &#8211; Hauptbah.<\/strong><\/td>\n<td><strong>Pardubice<\/strong><\/td>\n<td><strong>Praha<\/strong><\/td>\n<\/tr>\n<tr>\n<td>10.5, 13.5.,16.5.,21.5,23.5,25.5.,26.5.<\/td>\n<td>23:18<\/td>\n<td>00:48<\/td>\n<td>02:13<\/td>\n<td>03:15<\/td>\n<\/tr>\n<\/tbody>\n<\/table>\n<p>&nbsp;<\/p>\n","protected":false},"excerpt":{"rendered":"<p>PARKEN KOSTENLOSE AUFFANGPARKPL\u00c4TZE IN BRATISLAVA Die bequemste Art des Parkens und folgender Bewegung in Bratislava w\u00e4hrend der WM 2019 ist das Abstellen des Fahrzeugs auf einem Auffangparkplatz in folgend in Bratislava den Stadtmassenverkehr zu benutzen, Die Auffangparkpl\u00e4tze finden Sie auf folgenden Stellen: Kai Tyr\u0161ovo n\u00e1bre\u017eie- Kapazit\u00e4t 250 PKWs und 30 Busse Fu\u00dfballstadion \u0160KP D\u00fabravka \u2013 [&hellip;]<\/p>\n","protected":false},"author":25,"featured_media":44107,"parent":54335,"menu_order":0,"comment_status":"closed","ping_status":"closed","template":"","meta":[],"acf":[],"_links":{"self":[{"href":"https:\/\/www.visitbratislava.com\/de\/wp-json\/wp\/v2\/pages\/57581"}],"collection":[{"href":"https:\/\/www.visitbratislava.com\/de\/wp-json\/wp\/v2\/pages"}],"about":[{"href":"https:\/\/www.visitbratislava.com\/de\/wp-json\/wp\/v2\/types\/page"}],"author":[{"embeddable":true,"href":"https:\/\/www.visitbratislava.com\/de\/wp-json\/wp\/v2\/users\/25"}],"replies":[{"embeddable":true,"href":"https:\/\/www.visitbratislava.com\/de\/wp-json\/wp\/v2\/comments?post=57581"}],"version-history":[{"count":0,"href":"https:\/\/www.visitbratislava.com\/de\/wp-json\/wp\/v2\/pages\/57581\/revisions"}],"up":[{"embeddable":true,"href":"https:\/\/www.visitbratislava.com\/de\/wp-json\/wp\/v2\/pages\/54335"}],"wp:featuredmedia":[{"embeddable":true,"href":"https:\/\/www.visitbratislava.com\/de\/wp-json\/wp\/v2\/media\/44107"}],"wp:attachment":[{"href":"https:\/\/www.visitbratislava.com\/de\/wp-json\/wp\/v2\/media?parent=57581"}],"curies":[{"name":"wp","href":"https:\/\/api.w.org\/{rel}","templated":true}]}}