{"id":59243,"date":"2019-05-15T15:17:16","date_gmt":"2019-05-15T13:17:16","guid":{"rendered":"https:\/\/www.visitbratislava.com\/?page_id=59243\/"},"modified":"2019-07-24T14:52:23","modified_gmt":"2019-07-24T12:52:23","slug":"top-bier-pubs","status":"publish","type":"page","link":"https:\/\/www.visitbratislava.com\/de\/vlog\/top-bier-pubs\/","title":{"rendered":"Top Bier Pubs"},"content":{"rendered":"<p><iframe src=\"https:\/\/www.youtube.com\/embed\/wywpAlC4K1E\" width=\"1000\" height=\"500\" frameborder=\"0\" allowfullscreen=\"allowfullscreen\"><span data-mce-type=\"bookmark\" style=\"display: inline-block; width: 0px; overflow: hidden; line-height: 0;\" class=\"mce_SELRES_start\">\ufeff<\/span><\/iframe><\/p>\n<h2><strong><a href=\"https:\/\/www.visitbratislava.com\/de\/setzt\/restaurant-dunajsky-pivovar\/\" target=\"_blank\" rel=\"noopener\">Dunajsk\u00fd Pivovar (Donau-Brauerei)<\/a><\/strong><\/h2>\n<p>Dieses Restaurant bietet eine einzigartige Gelegenheit, ausgezeichnetes Bier in einer einzigartigen Brauerei direkt <strong>an der Donau<\/strong> zu genie\u00dfen. Wenn Sie ein Bierfreund sind, werden Sie es sicherlich zu sch\u00e4tzen wissen, sich den gesamten Brauprozess ansehen zu k\u00f6nnen. Eine herrliche Aussicht versteht sich von selbst.<\/p>\n<p><img loading=\"lazy\" width=\"800\" height=\"532\" class=\"alignnone size-large wp-image-36229\" src=\"https:\/\/www.visitbratislava.com\/wp-content\/uploads\/2017\/09\/d7nvmwgv9wcyqguml90s_full-800x532.jpg\" alt=\"\" srcset=\"https:\/\/www.visitbratislava.com\/wp-content\/uploads\/2017\/09\/d7nvmwgv9wcyqguml90s_full-800x532.jpg 800w, https:\/\/www.visitbratislava.com\/wp-content\/uploads\/2017\/09\/d7nvmwgv9wcyqguml90s_full-400x266.jpg 400w, https:\/\/www.visitbratislava.com\/wp-content\/uploads\/2017\/09\/d7nvmwgv9wcyqguml90s_full-768x511.jpg 768w, https:\/\/www.visitbratislava.com\/wp-content\/uploads\/2017\/09\/d7nvmwgv9wcyqguml90s_full-200x133.jpg 200w, https:\/\/www.visitbratislava.com\/wp-content\/uploads\/2017\/09\/d7nvmwgv9wcyqguml90s_full.jpg 1353w\" sizes=\"(max-width: 800px) 100vw, 800px\" \/><\/p>\n<p><em>Foto: dunajskypivovar.sk<\/em><\/p>\n<h2><strong><a href=\"http:\/\/dunajska.mestianskypivovar.sk\/de\/\">Bratislavsk\u00fd me\u0161tiansky pivovar (Bratislavaer B\u00fcrgerliche Brauerei)<\/a><\/strong><\/h2>\n<p>Die B\u00fcrgerliche Brauerei auf der Dunajska Stra\u00dfe ist ein gro\u00dfartiger Ort, an dem Sie ausgezeichnetes, <strong>direkt vor Ort gebrautes Bier<\/strong> und die gro\u00dfartige Bratislavaer K\u00fcche genie\u00dfen k\u00f6nnen.<\/p>\n<p><img loading=\"lazy\" class=\"alignnone wp-image-58372 size-large\" src=\"https:\/\/www.visitbratislava.com\/wp-content\/uploads\/2019\/04\/MG_3339-800x533.jpg\" alt=\"\" width=\"800\" height=\"533\" srcset=\"https:\/\/www.visitbratislava.com\/wp-content\/uploads\/2019\/04\/MG_3339-800x533.jpg 800w, https:\/\/www.visitbratislava.com\/wp-content\/uploads\/2019\/04\/MG_3339-400x267.jpg 400w, https:\/\/www.visitbratislava.com\/wp-content\/uploads\/2019\/04\/MG_3339-768x512.jpg 768w, https:\/\/www.visitbratislava.com\/wp-content\/uploads\/2019\/04\/MG_3339-200x133.jpg 200w\" sizes=\"(max-width: 800px) 100vw, 800px\" \/><\/p>\n<h2><strong><a href=\"https:\/\/www.visitbratislava.com\/de\/setzt\/klosterbrauerei\/\" target=\"_blank\" rel=\"noopener\">Kl\u00e1\u0161torn\u00fd pivovar (Klosterbrauerei)<\/a><\/strong><\/h2>\n<p>Kommen Sie und probieren Sie das <strong>Kloster-Lagerbier<\/strong>, gebraut mittels althergebrachter G\u00e4rung aus besten frischen Zutaten und unter Aufsicht erfahrener Braumeister.<\/p>\n<h2><img loading=\"lazy\" class=\"alignnone wp-image-10951 size-large\" src=\"https:\/\/www.visitbratislava.com\/wp-content\/uploads\/2016\/02\/DSC_9182-2-800x482.jpg\" alt=\"\" width=\"800\" height=\"482\" srcset=\"https:\/\/www.visitbratislava.com\/wp-content\/uploads\/2016\/02\/DSC_9182-2-800x482.jpg 800w, https:\/\/www.visitbratislava.com\/wp-content\/uploads\/2016\/02\/DSC_9182-2-400x241.jpg 400w, https:\/\/www.visitbratislava.com\/wp-content\/uploads\/2016\/02\/DSC_9182-2-768x463.jpg 768w, https:\/\/www.visitbratislava.com\/wp-content\/uploads\/2016\/02\/DSC_9182-2-200x120.jpg 200w\" sizes=\"(max-width: 800px) 100vw, 800px\" \/><\/h2>\n<h2><strong><a href=\"https:\/\/www.visitbratislava.com\/de\/setzt\/slovak-pub\/\" target=\"_blank\" rel=\"noopener\">Slovak Pub<\/a><\/strong><\/h2>\n<p>Traditioneller slowakischer Pub mit etwas angestaubter Atmosph\u00e4re und einer <strong>Riesenauswahl an slowakischem Bier<\/strong> und slowakischen Speisen.<\/p>\n<h2><img loading=\"lazy\" class=\"alignnone wp-image-12033 size-large\" src=\"https:\/\/www.visitbratislava.com\/wp-content\/uploads\/2015\/05\/slovak_pub6-800x533.jpg\" alt=\"\" width=\"800\" height=\"533\" srcset=\"https:\/\/www.visitbratislava.com\/wp-content\/uploads\/2015\/05\/slovak_pub6-800x533.jpg 800w, https:\/\/www.visitbratislava.com\/wp-content\/uploads\/2015\/05\/slovak_pub6-400x267.jpg 400w, https:\/\/www.visitbratislava.com\/wp-content\/uploads\/2015\/05\/slovak_pub6-768x512.jpg 768w, https:\/\/www.visitbratislava.com\/wp-content\/uploads\/2015\/05\/slovak_pub6-200x133.jpg 200w, https:\/\/www.visitbratislava.com\/wp-content\/uploads\/2015\/05\/slovak_pub6.jpg 960w\" sizes=\"(max-width: 800px) 100vw, 800px\" \/><\/h2>\n<h2><strong><a href=\"https:\/\/www.fabrikapub.sk\/en\" target=\"_blank\" rel=\"noopener\">Fabrika &#8211; The Beer Pub<\/a><\/strong><\/h2>\n<p>Ein stilvoller Pub, der neben seinem eigenen Bier auch k\u00f6stliches Essen anbietet, zum Beispiel den ber\u00fchmten <strong>Fabrik Burger.<\/strong><\/p>\n<blockquote class=\"instagram-media\" style=\"background: #FFF; border: 0; border-radius: 3px; box-shadow: 0 0 1px 0 rgba(0,0,0,0.5),0 1px 10px 0 rgba(0,0,0,0.15); margin: 1px; max-width: 658px; padding: 0; width: calc(100% - 2px);\" data-instgrm-captioned=\"\" data-instgrm-version=\"7\">\n<div style=\"padding: 8px;\">\n<div style=\"background: #F8F8F8; line-height: 0; margin-top: 40px; padding: 50.0% 0; text-align: center; width: 100%;\"><\/div>\n<p style=\"margin: 8px 0 0 0; padding: 0 4px;\"><a style=\"color: #000; font-family: Arial,sans-serif; font-size: 14px; font-style: normal; font-weight: normal; line-height: 17px; text-decoration: none; word-wrap: break-word;\" href=\"https:\/\/www.instagram.com\/p\/BZA9yCkAn4Z\/\" target=\"_blank\" rel=\"noopener\">Loving the great food and great design at Fabrika at our hotel. \u2022 \u2022 #fabrikathebeerpub #loftbratislava #craftbeer #craftbrew #beer #slovakbeer #food #foodie #foodstagram #finefoodsblog #travel #europe #bratislava #slovakia<\/a><\/p>\n<p style=\"color: #c9c8cd; font-family: Arial,sans-serif; font-size: 14px; line-height: 17px; margin-bottom: 0; margin-top: 8px; overflow: hidden; padding: 8px 0 7px; text-align: center; text-overflow: ellipsis; white-space: nowrap;\">Pr\u00edspevok, ktor\u00fd zdie\u013ea Debra (@finefoodsblog), <time style=\"font-family: Arial,sans-serif; font-size: 14px; line-height: 17px;\" datetime=\"2017-09-14T08:40:57+00:00\">Sep 14, 2017 o 1:40 PDT<\/time><\/p>\n<\/div>\n<\/blockquote>\n<p><script async=\"\" defer=\"\" src=\"\/\/platform.instagram.com\/en_US\/embeds.js\"><\/script><\/p>\n<h2><a href=\"https:\/\/www.tripadvisor.de\/LocationPhotoDirectLink-g274924-d3158603-i46189583-U_Certa-Bratislava_Bratislava_Region.html\" target=\"_blank\" rel=\"noopener\"><strong>U \u010derta (Beim Teufel)<\/strong><\/a><\/h2>\n<p>Interessanter Laden mit einzigartiger, <strong>lebendiger Atmosph\u00e4re<\/strong>. Am Freitagabend sollten Sie jedenfalls rechtzeitig kommen, da es meist schnell voll ist.<\/p>\n\n            <div \n                class=\"elfsight-widget-instagram-feed elfsight-widget\" \n                data-elfsight-instagram-feed-options=\"%7B%22sourceType%22%3Anull%2C%22apiChangesMessage%22%3Anull%2C%22apiDeprecatedMessage%22%3Anull%2C%22source%22%3A%5B%22https%3A%5C%2F%5C%2Fwww.instagram.com%5C%2Fp%5C%2FBiSVN11nXt1%5C%2F%3Ftagged%3Du%25C4%258Derta%22%5D%2C%22personalAccessToken%22%3A%22%22%2C%22businessAccessToken%22%3A%22%22%2C%22businessAccount%22%3A%22%22%2C%22businessHashtag%22%3A%22%23eiffeltower%22%2C%22filterOnly%22%3A%5B%5D%2C%22filterExcept%22%3A%5B%5D%2C%22limit%22%3A%22%22%2C%22order%22%3A%22date%22%2C%22layout%22%3A%22slider%22%2C%22postTemplate%22%3A%22tile%22%2C%22columns%22%3A1%2C%22rows%22%3A2%2C%22gutter%22%3A0%2C%22responsive%22%3A%5B%7B%22minWidth%22%3A375%2C%22columns%22%3A1%2C%22rows%22%3A1%2C%22gutter%22%3A%220%22%7D%2C%7B%22minWidth%22%3A768%2C%22columns%22%3A3%2C%22rows%22%3A2%2C%22gutter%22%3A%220%22%7D%5D%2C%22width%22%3A%22600%22%2C%22callToActionButtons%22%3A%5B%7B%22postUrl%22%3A%22https%3A%5C%2F%5C%2Fwww.instagram.com%5C%2Fp%5C%2FBcknqVZHtD3%5C%2F%22%2C%22buttonLabel%22%3A%22Install%20Instagram%20Feed%20now%22%2C%22buttonLink%22%3A%22https%3A%5C%2F%5C%2Felfsight.com%5C%2Finstagram-feed-instashow%5C%2F%22%7D%2C%7B%22postUrl%22%3A%22https%3A%5C%2F%5C%2Fwww.instagram.com%5C%2Fp%5C%2FBbSBRarnOik%5C%2F%22%2C%22buttonLabel%22%3A%22Install%20Instagram%20Feed%20now%22%2C%22buttonLink%22%3A%22https%3A%5C%2F%5C%2Felfsight.com%5C%2Finstagram-feed-instashow%5C%2F%22%7D%2C%7B%22postUrl%22%3A%22https%3A%5C%2F%5C%2Fwww.instagram.com%5C%2Fp%5C%2FBa9NwWLHaEx%5C%2F%22%2C%22buttonLabel%22%3A%22Install%20Instagram%20Feed%20now%22%2C%22buttonLink%22%3A%22https%3A%5C%2F%5C%2Felfsight.com%5C%2Finstagram-feed-instashow%5C%2F%22%7D%5D%2C%22postElements%22%3A%5B%22user%22%2C%22date%22%5D%2C%22popupElements%22%3A%5B%22user%22%2C%22location%22%2C%22followButton%22%5D%2C%22imageClickAction%22%3A%22popup%22%2C%22sliderArrows%22%3Atrue%2C%22sliderDrag%22%3Atrue%2C%22sliderSpeed%22%3A0.59999999999999997779553950749686919152736663818359375%2C%22sliderAutoplay%22%3A%22%22%2C%22colorScheme%22%3A%22default%22%2C%22colorPostOverlayBg%22%3A%22rgba%280%2C%200%2C%200%2C%200.8%29%22%2C%22colorPostOverlayText%22%3A%22rgb%28255%2C%20255%2C%20255%29%22%2C%22colorPostBg%22%3A%22rgb%28255%2C%20255%2C%20255%29%22%2C%22colorPostText%22%3A%22rgb%280%2C%200%2C%200%29%22%2C%22colorPostLinks%22%3A%22rgb%280%2C%2053%2C%20107%29%22%2C%22colorSliderArrows%22%3A%22rgb%28255%2C%20255%2C%20255%29%22%2C%22colorSliderArrowsBg%22%3A%22rgba%280%2C%200%2C%200%2C%200.9%29%22%2C%22colorGridLoadMoreButton%22%3A%22rgb%2856%2C%20151%2C%20240%29%22%2C%22colorPopupOverlay%22%3A%22rgba%2843%2C%2043%2C%2043%2C%200.9%29%22%2C%22colorPopupBg%22%3A%22rgb%28255%2C%20255%2C%20255%29%22%2C%22colorPopupText%22%3A%22rgb%280%2C%200%2C%200%29%22%2C%22colorPopupLinks%22%3A%22rgb%280%2C%2053%2C%20105%29%22%2C%22colorPopupFollowButton%22%3A%22rgb%2856%2C%20151%2C%20240%29%22%2C%22colorPopupCtaButton%22%3A%22rgb%2856%2C%20151%2C%20240%29%22%2C%22widgetTitle%22%3A%22%22%2C%22lang%22%3A%22en%22%2C%22apiUrl%22%3A%22https%3A%5C%2F%5C%2Fwww.visitbratislava.com%5C%2Fde%5C%2Fwp-json%5C%2Felfsight-instagram-feed%5C%2Fapi%22%2C%22apiProxyUrl%22%3A%22https%3A%5C%2F%5C%2Fwww.visitbratislava.com%5C%2Fde%5C%2Fwp-json%5C%2Felfsight-instagram-feed%22%2C%22widgetId%22%3A%227%22%7D\" \n                data-elfsight-instagram-feed-version=\"4.0.3\"\n                data-elfsight-widget-id=\"elfsight-instagram-feed-7\">\n            <\/div>\n            \n<p><script async=\"\" defer=\"\" src=\"\/\/platform.instagram.com\/en_US\/embeds.js\"><\/script><\/p>\n<h2><strong><a href=\"https:\/\/www.visitbratislava.com\/de\/setzt\/beer-palace\/\" target=\"_blank\" rel=\"noopener\">Beer Palace<\/a><\/strong><\/h2>\n<p>Der <strong>tats\u00e4chlich historische<\/strong> und sich im Herzen von Bratislava befindende Bier-Palast aus dem 16. Jahrhundert hat bestes, nicht pasteurisiertes Bier, direkt aus originellen Tanks im Angebot.<\/p>\n<blockquote class=\"instagram-media\" style=\"background: #FFF; border: 0; border-radius: 3px; box-shadow: 0 0 1px 0 rgba(0,0,0,0.5),0 1px 10px 0 rgba(0,0,0,0.15); margin: 1px; max-width: 658px; padding: 0; width: calc(100% - 2px);\" data-instgrm-captioned=\"\" data-instgrm-version=\"7\">\n<div style=\"padding: 8px;\">\n<div style=\"background: #F8F8F8; line-height: 0; margin-top: 40px; padding: 50.0% 0; text-align: center; width: 100%;\"><\/div>\n<p style=\"margin: 8px 0 0 0; padding: 0 4px;\"><a style=\"color: #000; font-family: Arial,sans-serif; font-size: 14px; font-style: normal; font-weight: normal; line-height: 17px; text-decoration: none; word-wrap: break-word;\" href=\"https:\/\/www.instagram.com\/p\/BVOv-r-DCkp\/\" target=\"_blank\" rel=\"noopener\">Staropramen ;) #beer #tank #alcohol #pub #restaurant #staropramen #pivo #pivaren #beerpalacesk #dnespijem #kamdomesta #foodphotgraphy #drink #drinkphotography #freshbeer #photography #bratislava #cold #milansabophotography<\/a><\/p>\n<p style=\"color: #c9c8cd; font-family: Arial,sans-serif; font-size: 14px; line-height: 17px; margin-bottom: 0; margin-top: 8px; overflow: hidden; padding: 8px 0 7px; text-align: center; text-overflow: ellipsis; white-space: nowrap;\">Pr\u00edspevok, ktor\u00fd zdie\u013ea Milan Sabo (@milankatkin), <time style=\"font-family: Arial,sans-serif; font-size: 14px; line-height: 17px;\" datetime=\"2017-06-12T07:04:08+00:00\">J\u00fan 12, 2017 o 12:04 PDT<\/time><\/p>\n<\/div>\n<\/blockquote>\n<p><script async=\"\" defer=\"\" src=\"\/\/platform.instagram.com\/en_US\/embeds.js\"><\/script><\/p>\n<h2><a href=\"https:\/\/www.tripadvisor.de\/Attraction_Review-g274924-d7066384-Reviews-Cierny_pes-Bratislava_Bratislava_Region.html\" target=\"_blank\" rel=\"noopener\"><strong>\u010cierny pes (Schwarzer Hund)<\/strong><\/a><\/h2>\n<p>Wenn Sie dem Rummel auf den Altstadt-Stra\u00dfen entkommen wollen, ist dieser <strong>kleine, gem\u00fctliche,<\/strong> in einer schmalen und ruhigen Gasse gelegene Pub der perfekte Ort f\u00fcr ein echtes Biererlebnis.<\/p>\n<p><iframe style=\"border: none; overflow: hidden;\" src=\"https:\/\/www.facebook.com\/plugins\/post.php?href=https%3A%2F%2Fwww.facebook.com%2F220771667967534%2Fphotos%2Fa.365029656875067.88645.220771667967534%2F1497319630312725%2F%3Ftype%3D3&amp;width=1000&amp;show_text=true&amp;height=514&amp;appId\" width=\"1000\" height=\"640\" frameborder=\"0\" scrolling=\"no\" data-mce-fragment=\"1\"><\/iframe><\/p>\n<p>&nbsp;<\/p>\n","protected":false},"excerpt":{"rendered":"<p>\ufeff Dunajsk\u00fd Pivovar (Donau-Brauerei) Dieses Restaurant bietet eine einzigartige Gelegenheit, ausgezeichnetes Bier in einer einzigartigen Brauerei direkt an der Donau zu genie\u00dfen. Wenn Sie ein Bierfreund sind, werden Sie es sicherlich zu sch\u00e4tzen wissen, sich den gesamten Brauprozess ansehen zu k\u00f6nnen. Eine herrliche Aussicht versteht sich von selbst. Foto: dunajskypivovar.sk Bratislavsk\u00fd me\u0161tiansky pivovar (Bratislavaer B\u00fcrgerliche [&hellip;]<\/p>\n","protected":false},"author":25,"featured_media":59003,"parent":46511,"menu_order":0,"comment_status":"closed","ping_status":"closed","template":"","meta":[],"acf":[],"_links":{"self":[{"href":"https:\/\/www.visitbratislava.com\/de\/wp-json\/wp\/v2\/pages\/59243"}],"collection":[{"href":"https:\/\/www.visitbratislava.com\/de\/wp-json\/wp\/v2\/pages"}],"about":[{"href":"https:\/\/www.visitbratislava.com\/de\/wp-json\/wp\/v2\/types\/page"}],"author":[{"embeddable":true,"href":"https:\/\/www.visitbratislava.com\/de\/wp-json\/wp\/v2\/users\/25"}],"replies":[{"embeddable":true,"href":"https:\/\/www.visitbratislava.com\/de\/wp-json\/wp\/v2\/comments?post=59243"}],"version-history":[{"count":0,"href":"https:\/\/www.visitbratislava.com\/de\/wp-json\/wp\/v2\/pages\/59243\/revisions"}],"up":[{"embeddable":true,"href":"https:\/\/www.visitbratislava.com\/de\/wp-json\/wp\/v2\/pages\/46511"}],"wp:featuredmedia":[{"embeddable":true,"href":"https:\/\/www.visitbratislava.com\/de\/wp-json\/wp\/v2\/media\/59003"}],"wp:attachment":[{"href":"https:\/\/www.visitbratislava.com\/de\/wp-json\/wp\/v2\/media?parent=59243"}],"curies":[{"name":"wp","href":"https:\/\/api.w.org\/{rel}","templated":true}]}}