{"id":59632,"date":"2019-05-22T10:48:53","date_gmt":"2019-05-22T08:48:53","guid":{"rendered":"https:\/\/www.visitbratislava.com\/?page_id=59632\/"},"modified":"2021-02-04T14:14:20","modified_gmt":"2021-02-04T13:14:20","slug":"juwelen-des-kommunistischer-bratislava-und-ueberreste-des-eisernen-vorhangs","status":"publish","type":"page","link":"https:\/\/www.visitbratislava.com\/de\/ausfluege\/juwelen-des-kommunistischer-bratislava-und-ueberreste-des-eisernen-vorhangs\/","title":{"rendered":"Juwelen des kommunistischer Bratislava"},"content":{"rendered":"<p><span style=\"font-weight: 400;\">W\u00e4hrend des kommunistischen Regimes, als das Land durch die kontrollierende kommunistische Partei gesteuert wurde, wurde ein Teil des historischen Bratislava zerst\u00f6rt und durch neue, moderne Konstruktionen ersetzt.<\/span><\/p>\n<p><img loading=\"lazy\" class=\"alignnone wp-image-59526 size-large\" src=\"https:\/\/www.visitbratislava.com\/wp-content\/uploads\/2019\/05\/Authentic_Slovakia-800x533.jpg\" alt=\"\" width=\"800\" height=\"533\" srcset=\"https:\/\/www.visitbratislava.com\/wp-content\/uploads\/2019\/05\/Authentic_Slovakia-800x533.jpg 800w, https:\/\/www.visitbratislava.com\/wp-content\/uploads\/2019\/05\/Authentic_Slovakia-400x267.jpg 400w, https:\/\/www.visitbratislava.com\/wp-content\/uploads\/2019\/05\/Authentic_Slovakia-768x512.jpg 768w, https:\/\/www.visitbratislava.com\/wp-content\/uploads\/2019\/05\/Authentic_Slovakia-200x133.jpg 200w\" sizes=\"(max-width: 800px) 100vw, 800px\" \/><\/p>\n<p><span style=\"font-weight: 400;\">Mehr \u00fcber das <strong>kommunistische Bratislava<\/strong> erfahren Sie am besten mit einem Stadtf\u00fchrer im alten \u0160koda, mit dem man den Besuchern nicht nur die Plattenbauten, sondern auch Juwelen eines vergangenen Regimes und \u00dcberreste des Eisernen Vorhangs zeigt. Besitzer der <a href=\"http:\/\/card.visitbratislava.com\/de\/\">Bratislava CARD City &amp; Region<\/a> erhalten 10% Erm\u00e4\u00dfigung auf die Tour.<\/span><\/p>\n<blockquote><p><span style=\"font-weight: 400;\">\u201eWir zeigen Bratislava in seiner ganzen Diversit\u00e4t,\u201c sagt Bra\u0148o Chrenka von der ungew\u00f6hnlichen Reiseagentur <a href=\"https:\/\/www.visitbratislava.com\/de\/mitglieder\/authentic-slovakia-s-r-o\/\"><strong>Authentic Slovakia<\/strong><\/a>. \u201eAls Erg\u00e4nzung zu den Wegen des kommunistischen Regimes zeigen wir den Besuchern das Wachstum des wilden Kapitalismus und wie sich die Stadt heute ver\u00e4ndert hat.\u201c<\/span><\/p><\/blockquote>\n<p><span style=\"font-weight: 400;\">Sie bringen Besucher zu den authentischen Pl\u00e4tzen, wie dem ersten <strong>Experimentplattengeb\u00e4ude<\/strong> in der ehemaligen Tschechoslowakei. Es wurde im Jahr 1955 auf dem Kme\u0165ovo Platz gebaut und obwohl es heute ein technisches Denkmal ist, dient es noch immer als Wohnhaus.<\/span><\/p>\n<p><span style=\"font-weight: 400;\">Das erste aus vorgefertigten standardisierten Betonplatten gebaute Wohnhaus diente als Vorlage f\u00fcr viele anderer H\u00e4user. Dieses System erlaubte schnelle und kosteng\u00fcnstige Konstruktion und hat der Wohnungskrise im ganzen Land entgegengewirkt. \u00a0Es f\u00fchrte zum Bau einer der <strong>gr\u00f6\u00dften Plattensiedlungen in Zentraleuropa \u2013 Petr\u017ealka<\/strong>. Heutzutage leben in diesem Stadtteil ungef\u00e4hr 120.000 Einwohner.<\/span><\/p>\n<p><img loading=\"lazy\" class=\"alignnone wp-image-59538 size-large\" src=\"https:\/\/www.visitbratislava.com\/wp-content\/uploads\/2019\/05\/Hotel_Kyjev_a_Tesco-800x534.jpg\" alt=\"\" width=\"800\" height=\"534\" srcset=\"https:\/\/www.visitbratislava.com\/wp-content\/uploads\/2019\/05\/Hotel_Kyjev_a_Tesco-800x534.jpg 800w, https:\/\/www.visitbratislava.com\/wp-content\/uploads\/2019\/05\/Hotel_Kyjev_a_Tesco-400x267.jpg 400w, https:\/\/www.visitbratislava.com\/wp-content\/uploads\/2019\/05\/Hotel_Kyjev_a_Tesco-768x513.jpg 768w, https:\/\/www.visitbratislava.com\/wp-content\/uploads\/2019\/05\/Hotel_Kyjev_a_Tesco-200x133.jpg 200w\" sizes=\"(max-width: 800px) 100vw, 800px\" \/><\/p>\n<p><span style=\"font-weight: 400;\">Mit unkonventionellen Fremdenf\u00fchrern k\u00f6nnen Sie auch das <strong><a href=\"https:\/\/www.visitbratislava.com\/de\/setzt\/slavin\/\">Slavin<\/a><\/strong> Denkmal besuchen, wo ungef\u00e4hr 7.000 Soldaten, die w\u00e4hrend der Befreiung der Stadt im zweiten Weltkrieg im April 1945 gefallen sind, begraben liegen. Die Fremdenf\u00fchrer zeigen Ihnen auch traditionelle M\u00e4rkte, die von der urspr\u00fcnglichen Stimmung nichts verloren haben.<\/span><\/p>\n<blockquote><p><span style=\"font-weight: 400;\">Die totalit\u00e4re Vergangenheit der Stadt Bratislava ist durch das <strong>Memorialtor der Freiheit<\/strong> unter der <a href=\"https:\/\/www.visitbratislava.com\/de\/setzt\/burg-devin\/\"><strong>Burg Devin<\/strong><\/a> bei dem Zusammenfluss von Donau und March gekennzeichnet. <\/span><\/p><\/blockquote>\n<p><span style=\"font-weight: 400;\">Dieses Memorial erinnert an die Zeiten, als die Grenze zum Westen durch einen Stacheldrahtzaun mit hoher Spannung gesch\u00fctzt wurde und die Flucht aus dem Gebiet hinter dem Eisernen Vorhang verhinderte. Diejenigen, die es versuchten, wurden verhaftet.\u00a0Das mit Kugeln beschossene Betontor und der durchbrochene Stacheldraht erinnern an 400 M\u00e4nner und Frauen, die an der Grenze der Tschechoslowakei bei ihrem Fluchtversuch zwischen 1945 und 1989 get\u00f6tet wurden.<\/span><\/p>\n<p><img loading=\"lazy\" class=\"alignnone wp-image-59534 size-large\" src=\"https:\/\/www.visitbratislava.com\/wp-content\/uploads\/2019\/05\/Brana_Slobody-800x533.jpg\" alt=\"\" width=\"800\" height=\"533\" srcset=\"https:\/\/www.visitbratislava.com\/wp-content\/uploads\/2019\/05\/Brana_Slobody-800x533.jpg 800w, https:\/\/www.visitbratislava.com\/wp-content\/uploads\/2019\/05\/Brana_Slobody-400x267.jpg 400w, https:\/\/www.visitbratislava.com\/wp-content\/uploads\/2019\/05\/Brana_Slobody-768x512.jpg 768w, https:\/\/www.visitbratislava.com\/wp-content\/uploads\/2019\/05\/Brana_Slobody-200x133.jpg 200w\" sizes=\"(max-width: 800px) 100vw, 800px\" \/><\/p>\n<p><span style=\"font-weight: 400;\">Die letzten \u00dcberreste des originalen eisernen Vorhangs in der Umgebung von Bratislava befinden sich bei der <strong>Freiheitsbr\u00fccke in Dev\u00ednska Nov\u00e1 Ves<\/strong>. In den letzten Jahren wurden viele Modelle des Stacheldrahtes und Panzerbarrikaden auch auf anderen Pl\u00e4tzen geschaffen. Eine, aus dem zweiten Weltkrieg, befindet sich bei dem <strong>B-S-8 Bunker \u201cH\u0159bitov\u201d<\/strong> in Petr\u017ealka auf der Kop\u010dianska Stra\u00dfe. Heutzutage betreut es eine Freiwilligengruppe, die den Besuchern auch das Interieur zeigt.<\/span><\/p>\n<h3>Wertvolle Architektur<\/h3>\n<p><span style=\"font-weight: 400;\">Obwohl das kommunistische Regime viele wertvolle architektonische Werke in der Stadt errichtete, mussten daf\u00fcr oft auch historische Geb\u00e4ude weichen. Zu den \u00a0wichtigsten architektonischen Monumenten geh\u00f6ren die umgedrehte <strong>Pyramide des Slowakischen Rundfunks<\/strong> auf der M\u00fdtna Stra\u00dfe, das <strong>Krematorium<\/strong> in Lama\u010d, die SNP Br\u00fccke, der <strong>Universit\u00e4tscampus<\/strong> der Slowakischen technologischen Universit\u00e4t auf dem N\u00e1mestie Slobody Platz, das <strong>Hotel Kyjev<\/strong>, das benachbarte Tesco Kaufhaus am Kamenn\u00e9 Platz und die Zweigstelle der <strong>Slowakischen National Galerie<\/strong> am Donauufer.<\/span><\/p>\n<blockquote><p><span style=\"font-weight: 400;\">\u201cDiese Geb\u00e4ude sind architektonisch und technisch einzigartige Werke, die einerseits den architektonischen Trends der gegenw\u00e4rtigen Kunst gefolgt sind, andererseits brachten sie eine au\u00dfergew\u00f6hnliche Architektur, die sogenannte \u00f6stliche Moderne, in den Westen,\u201c sagt Historiker Peter Szalay.<\/span><\/p><\/blockquote>\n<p><img loading=\"lazy\" class=\"alignnone wp-image-59542 size-large\" src=\"https:\/\/www.visitbratislava.com\/wp-content\/uploads\/2019\/05\/Obratena_pyramida_SRo-800x533.jpg\" alt=\"\" width=\"800\" height=\"533\" srcset=\"https:\/\/www.visitbratislava.com\/wp-content\/uploads\/2019\/05\/Obratena_pyramida_SRo-800x533.jpg 800w, https:\/\/www.visitbratislava.com\/wp-content\/uploads\/2019\/05\/Obratena_pyramida_SRo-400x267.jpg 400w, https:\/\/www.visitbratislava.com\/wp-content\/uploads\/2019\/05\/Obratena_pyramida_SRo-768x512.jpg 768w, https:\/\/www.visitbratislava.com\/wp-content\/uploads\/2019\/05\/Obratena_pyramida_SRo-200x133.jpg 200w\" sizes=\"(max-width: 800px) 100vw, 800px\" \/><\/p>\n<h3>Die Stadt aus der H\u00f6he<\/h3>\n<p><span style=\"font-weight: 400;\">Eine gute M\u00f6glichkeit, die damalige Zeit zu entdecken und die Stadt aus der H\u00f6he zu betrachten, ist ein Besuch des 1975 bauten <a href=\"https:\/\/www.visitbratislava.com\/de\/setzt\/kamzik\/\"><strong>Fernsehturms auf dem Berg Kamzik<\/strong><\/a>. Sie werden die panoramareichen Aussichten aus dem rotierenden Teil des Altitute Restaurant in einer H\u00f6he von 101 Metern genie\u00dfen.<\/span><\/p>\n<p><span style=\"font-weight: 400;\">Die Aussichtsterrasse auf dem <a href=\"https:\/\/www.visitbratislava.com\/de\/setzt\/ufo\/\"><strong>Dach der SNP Br\u00fccke<\/strong><\/a> in der H\u00f6he von 95 Metern bietet einen weiteren gro\u00dfartigen Blick auf die Stadt. Die Besitzer der Bratislava CARD City &amp; Region erhalten Erm\u00e4\u00dfigung auf den Lift zur Aussichtsplattform und im Restaurant.<\/span><\/p>\n","protected":false},"excerpt":{"rendered":"<p>Steigen Sie ein, in eine Reise in die Vergangenheit, in die Zeit der Plattenbauten und des Stacheldrahtes. <\/p>\n","protected":false},"author":25,"featured_media":59551,"parent":50127,"menu_order":0,"comment_status":"closed","ping_status":"closed","template":"","meta":[],"acf":[],"_links":{"self":[{"href":"https:\/\/www.visitbratislava.com\/de\/wp-json\/wp\/v2\/pages\/59632"}],"collection":[{"href":"https:\/\/www.visitbratislava.com\/de\/wp-json\/wp\/v2\/pages"}],"about":[{"href":"https:\/\/www.visitbratislava.com\/de\/wp-json\/wp\/v2\/types\/page"}],"author":[{"embeddable":true,"href":"https:\/\/www.visitbratislava.com\/de\/wp-json\/wp\/v2\/users\/25"}],"replies":[{"embeddable":true,"href":"https:\/\/www.visitbratislava.com\/de\/wp-json\/wp\/v2\/comments?post=59632"}],"version-history":[{"count":0,"href":"https:\/\/www.visitbratislava.com\/de\/wp-json\/wp\/v2\/pages\/59632\/revisions"}],"up":[{"embeddable":true,"href":"https:\/\/www.visitbratislava.com\/de\/wp-json\/wp\/v2\/pages\/50127"}],"wp:featuredmedia":[{"embeddable":true,"href":"https:\/\/www.visitbratislava.com\/de\/wp-json\/wp\/v2\/media\/59551"}],"wp:attachment":[{"href":"https:\/\/www.visitbratislava.com\/de\/wp-json\/wp\/v2\/media?parent=59632"}],"curies":[{"name":"wp","href":"https:\/\/api.w.org\/{rel}","templated":true}]}}