{"id":61566,"date":"2019-06-17T15:52:37","date_gmt":"2019-06-17T13:52:37","guid":{"rendered":"https:\/\/www.visitbratislava.com\/?page_id=61566\/"},"modified":"2019-06-17T17:16:57","modified_gmt":"2019-06-17T15:16:57","slug":"romantik-in-malerischen-strassen-oder-in-den-wolken","status":"publish","type":"page","link":"https:\/\/www.visitbratislava.com\/de\/vlog\/romantik-in-malerischen-strassen-oder-in-den-wolken\/","title":{"rendered":"Romantik in malerischen Stra\u00dfen oder in den Wolken"},"content":{"rendered":"<p><iframe src=\"https:\/\/www.youtube.com\/embed\/1jiTai06ORw\" width=\"1000\" height=\"500\" frameborder=\"0\" allowfullscreen=\"allowfullscreen\"><span data-mce-type=\"bookmark\" style=\"display: inline-block; width: 0px; overflow: hidden; line-height: 0;\" class=\"mce_SELRES_start\">\ufeff<\/span><br \/>\n<span style=\"font-weight: 400;\">Haben Sie Lust, zu zweit die Donau an Bord eines Kreuzfahrtschiffes zu befahren oder nachts den Blick auf die beleuchtete Stadt zu genie\u00dfen? Bratislava hat eine Reihe von Orten zu bieten, an denen Sie romantische Momente erleben k\u00f6nnen. Empfehlenswert ist sicherlich ein Spaziergang durch die historischen Gassen der Bratislavaer Altstadt oder ein K\u00fcsschen im gotischen Turm im Park Sad Janka Kr\u00e1\u013ea. Wenn Sie ans Essen denken, g\u00f6nnen Sie sich ein Abendessen bei Kerzenlicht an der Spitze der SNP-Br\u00fccke oder im Fernsehturm. Und wenn Sie bereit sind, DIE Frage zu stellen, unternehmen Sie doch eine romantische Kreuzfahrt auf der Donau. Stellen Sie nur sicher, dass der Verlobungsring nicht im Wasser landet.<\/span><span style=\"font-weight: 400;\">\u201cDie Menschen interessieren sich insbesondere f\u00fcr romantische Kreuzfahrten mit einem Glas Sekt entlang des Ufers, w\u00e4hrend Sie abends den Sonnenuntergang und die beleuchtete Stadtsilhouette von Bratislava genie\u00dfen,\u201d sagt Jarom\u00edr Min\u00e1rik von der Firma Hot Chilli Lode, die romantische Kreuzfahrten f\u00fcr zwei Personen in einem Cabrio-Boot anbietet. W\u00e4hrend der Fahrt, die unter alle Bratislavaer Br\u00fccken f\u00fchrt, k\u00f6nnen es sich Verliebte mit dem Blick auf die Silhouette der Hauptstadt mit der Bratislavaer Burg, der St. Martins-Kathedrale, des historischen Deiches und des modernen Einkaufszentrums Eurovea gut gehen lassen.<\/span><span style=\"font-weight: 400;\">Untertitel: Spaziergang durch die historischen Altstadtgassen<\/span><span style=\"font-weight: 400;\">Viele Menschen stehen bei romantischen Momenten lieber fest auf dem Boden. Von den Uferpromenaden aus k\u00f6nnen Sie die Donau und die abendliche Stadtsilhouette bewundern. Wenn Sie durch die historischen Gassen der Altstadt spazieren, geh\u00f6rt dazu bestimmt ein Besuch der Kapitulsk\u00e1-Gasse, einer der \u00e4ltesten Wege der Stadt. Die Einheimischen halten sie aufgrund ihrer besonderen Atmosph\u00e4re f\u00fcr den romantischsten Ort in Bratislava. In dieser malerischen Gasse gibt es keine Gesch\u00e4fte, Restaurants oder Pubs, da die meisten H\u00e4user der Kirche geh\u00f6ren.<\/span><span style=\"font-weight: 400;\">Von der Kapitulsk\u00e1-Gasse aus gehen Sie um die St. Martins-Kathedrale herum, unterhalb der SNP-Br\u00fccke und dann durch viele verwinkelte Gassen zur Bratislavaer Burg. Deren Terrasse bietet einen unvergleichlichen Blick \u00fcber die ganze Stadt und den dynamischen Strom der Donau. Im k\u00fcrzlich restaurierten Barockgarten k\u00f6nnen Sie in die Vergangenheit reisen und \u00e4hnliche romantische Momente erleben, wie sie schon fr\u00fcher die Adeligen genossen.<\/span><\/p>\n<p><span style=\"font-weight: 400;\">Untertitel: Romantik auf Wolkenh\u00f6he<\/span><\/p>\n<p><span style=\"font-weight: 400;\">Auf der Suche nach spektakul\u00e4ren Aussichten ist die SNP-Br\u00fccke sicherlich ein Muss. Lassen Sie sich w\u00e4hrend eines romantischen Abendessens im UFO-Restaurant oberhalb der Br\u00fccke verw\u00f6hnen, um dann auf der Terrasse \u00fcber dem Restaurant Ihre Liebe zu besiegeln, wie es Dutzende von Liebespaaren vor Ihnen getan haben: Ihr Liebesschloss h\u00e4ngen Sie dort an ein riesiges eisernes Herz! Inhaber der Touristenkarte Bratislava CARD City &amp; Region erhalten eine Erm\u00e4\u00dfigung auf die Aufzugs- und Restaurantrechnung.<\/span><\/p>\n<p><span style=\"font-weight: 400;\">Im Fernsehturm auf dem Berg Kamz\u00edk, besser gesagt in dem sich drehenden Teil seines Restaurants in 101 Metern H\u00f6he, befindet sich der beste Ort, um den Panoramablick zu erleben.<\/span><\/p>\n<p><span style=\"font-weight: 400;\">\u201cW\u00e4hrend eines Mittag- oder eines Abendessens haben Sie einen 360-Grad-Blick \u00fcber die Stadt und die W\u00e4lder der kleinen Karpaten, ohne sich von Ihrem Platz entfernen zu m\u00fcssen,\u201d sagt die Bratislavaerin Martina Koles\u00e1rov\u00e1. Sie besuchte das Restaurant mit ihrem Ehemann noch bevor sie heirateten, aber sie kehren seit Jahren immer wieder dorthin gerne zur\u00fcck.<\/span><\/p>\n<p><span style=\"font-weight: 400;\">Sub: Abendliche Romantik<\/span><\/p>\n<p><span style=\"font-weight: 400;\">Bei einem Konzert der slowakischen Philharmonie im Redoutensaal oder bei einer Auff\u00fchrung des slowakischen Nationaltheaters wird Romantik zu h\u00f6ren sein. Mit der Touristenkarte haben Sie au\u00dferdem Anspruch auf erm\u00e4\u00dfigte Eintrittskarten in diese prestigetr\u00e4chtigen Institutionen. Nach der Vorstellung oder dem Konzert m\u00fcssen Sie nicht nach Hause eilen. Die gem\u00fctlichen Boutiquehotels Roset und Marrol&#8217;s oder das Arcadia Hotel in einem historischen Renaissance-Geb\u00e4ude sorgen daf\u00fcr, dass Ihr romantischer Abend bis zum n\u00e4chsten Morgen anh\u00e4lt.<\/span><\/p>\n<p>&nbsp;<\/p>\n<p>&nbsp;<\/p>\n<p>&nbsp;<\/p>\n<p><\/iframe><\/p>\n<p><span style=\"font-weight: 400;\">Haben Sie Lust, zu zweit die Donau an Bord eines Kreuzfahrtschiffes zu befahren oder nachts den Blick auf die beleuchtete Stadt zu genie\u00dfen? Bratislava hat eine Reihe von Orten zu bieten, an denen Sie romantische Momente erleben k\u00f6nnen. Empfehlenswert ist sicherlich ein Spaziergang durch die historischen Gassen der Bratislavaer Altstadt oder ein K\u00fcsschen im gotischen Turm im Park <a href=\"https:\/\/www.visitbratislava.com\/de\/setzt\/sad-janka-krala\/\">Sad Janka Kr\u00e1\u013ea<\/a>. Wenn Sie ans Essen denken, g\u00f6nnen Sie sich ein Abendessen bei Kerzenlicht an der <a href=\"https:\/\/www.visitbratislava.com\/de\/setzt\/ufo\/\">Spitze der SNP-Br\u00fccke<\/a> oder im Fernsehturm. Und wenn Sie bereit sind, DIE Frage zu stellen, unternehmen Sie doch eine romantische Kreuzfahrt auf der Donau. Stellen Sie nur sicher, dass der Verlobungsring nicht im Wasser landet.<\/span><\/p>\n<p><img loading=\"lazy\" class=\"alignnone wp-image-61611 size-large\" src=\"https:\/\/www.visitbratislava.com\/wp-content\/uploads\/2019\/06\/33.-foto-brano-molnar-Bratislava-5814_full_OK-800x534.jpg\" alt=\"\" width=\"800\" height=\"534\" srcset=\"https:\/\/www.visitbratislava.com\/wp-content\/uploads\/2019\/06\/33.-foto-brano-molnar-Bratislava-5814_full_OK-800x534.jpg 800w, https:\/\/www.visitbratislava.com\/wp-content\/uploads\/2019\/06\/33.-foto-brano-molnar-Bratislava-5814_full_OK-400x267.jpg 400w, https:\/\/www.visitbratislava.com\/wp-content\/uploads\/2019\/06\/33.-foto-brano-molnar-Bratislava-5814_full_OK-768x512.jpg 768w, https:\/\/www.visitbratislava.com\/wp-content\/uploads\/2019\/06\/33.-foto-brano-molnar-Bratislava-5814_full_OK-200x133.jpg 200w\" sizes=\"(max-width: 800px) 100vw, 800px\" \/><\/p>\n<p><span style=\"font-weight: 400;\">\u201cDie Menschen interessieren sich insbesondere f\u00fcr romantische Kreuzfahrten mit einem Glas Sekt entlang des Ufers, w\u00e4hrend Sie abends den Sonnenuntergang und die beleuchtete Stadtsilhouette von Bratislava genie\u00dfen,\u201d sagt Jarom\u00edr Min\u00e1rik von der Firma <a href=\"https:\/\/www.visitbratislava.com\/de\/mitglieder\/hot-chilli-lode-s-r-o\/\">Hot Chilli Lode<\/a>, die romantische Kreuzfahrten f\u00fcr zwei Personen in einem Cabrio-Boot anbietet. W\u00e4hrend der Fahrt, die unter alle Bratislavaer Br\u00fccken f\u00fchrt, k\u00f6nnen es sich Verliebte mit dem Blick auf die Silhouette der Hauptstadt mit der Bratislavaer Burg, der <a href=\"https:\/\/www.visitbratislava.com\/de\/setzt\/die-kathedrale-des-heiligen-martin\/\">St. Martins-Kathedrale<\/a>, des historischen Deiches und des modernen Einkaufszentrums <a href=\"https:\/\/www.visitbratislava.com\/de\/setzt\/eurovea\/\">Eurovea<\/a> gut gehen lassen.<\/span><\/p>\n<p><img loading=\"lazy\" class=\"alignnone wp-image-61583 size-large\" src=\"https:\/\/www.visitbratislava.com\/wp-content\/uploads\/2019\/06\/44.-foto-brano-molnar-9673_OK-1-800x534.jpg\" alt=\"\" width=\"800\" height=\"534\" srcset=\"https:\/\/www.visitbratislava.com\/wp-content\/uploads\/2019\/06\/44.-foto-brano-molnar-9673_OK-1-800x534.jpg 800w, https:\/\/www.visitbratislava.com\/wp-content\/uploads\/2019\/06\/44.-foto-brano-molnar-9673_OK-1-400x267.jpg 400w, https:\/\/www.visitbratislava.com\/wp-content\/uploads\/2019\/06\/44.-foto-brano-molnar-9673_OK-1-768x513.jpg 768w, https:\/\/www.visitbratislava.com\/wp-content\/uploads\/2019\/06\/44.-foto-brano-molnar-9673_OK-1-200x133.jpg 200w\" sizes=\"(max-width: 800px) 100vw, 800px\" \/><\/p>\n<h3><strong>Spaziergang durch die historischen Altstadtgassen<\/strong><\/h3>\n<p><span style=\"font-weight: 400;\">Viele Menschen stehen bei romantischen Momenten lieber fest auf dem Boden. Von den Uferpromenaden aus k\u00f6nnen Sie die Donau und die abendliche Stadtsilhouette bewundern. Wenn Sie durch die historischen Gassen der Altstadt spazieren, geh\u00f6rt dazu bestimmt ein Besuch der Kapitulsk\u00e1-Gasse, einer der \u00e4ltesten Wege der Stadt. Die Einheimischen halten sie aufgrund ihrer besonderen Atmosph\u00e4re f\u00fcr den romantischsten Ort in Bratislava. In dieser malerischen Gasse gibt es keine Gesch\u00e4fte, Restaurants oder Pubs, da die meisten H\u00e4user der Kirche geh\u00f6ren.<\/span><\/p>\n<p><img loading=\"lazy\" class=\"alignnone wp-image-61567 size-large\" src=\"https:\/\/www.visitbratislava.com\/wp-content\/uploads\/2019\/06\/romantika-nabrezie-dunaj-2-800x533.jpg\" alt=\"\" width=\"800\" height=\"533\" srcset=\"https:\/\/www.visitbratislava.com\/wp-content\/uploads\/2019\/06\/romantika-nabrezie-dunaj-2-800x533.jpg 800w, https:\/\/www.visitbratislava.com\/wp-content\/uploads\/2019\/06\/romantika-nabrezie-dunaj-2-400x267.jpg 400w, https:\/\/www.visitbratislava.com\/wp-content\/uploads\/2019\/06\/romantika-nabrezie-dunaj-2-768x512.jpg 768w, https:\/\/www.visitbratislava.com\/wp-content\/uploads\/2019\/06\/romantika-nabrezie-dunaj-2-200x133.jpg 200w\" sizes=\"(max-width: 800px) 100vw, 800px\" \/><\/p>\n<p><span style=\"font-weight: 400;\">Von der Kapitulsk\u00e1-Gasse aus gehen Sie um die St. Martins-Kathedrale herum, unterhalb der SNP-Br\u00fccke und dann durch viele verwinkelte Gassen zur <a href=\"https:\/\/www.visitbratislava.com\/de\/setzt\/burg-bratislava\/\">Bratislavaer Burg<\/a>. Deren Terrasse bietet einen unvergleichlichen Blick \u00fcber die ganze Stadt und den dynamischen Strom der Donau. Im k\u00fcrzlich restaurierten Barockgarten k\u00f6nnen Sie in die Vergangenheit reisen und \u00e4hnliche romantische Momente erleben, wie sie schon fr\u00fcher die Adeligen genossen.<\/span><\/p>\n<h3><strong>Romantik auf Wolkenh\u00f6he<\/strong><\/h3>\n<p><span style=\"font-weight: 400;\">Auf der Suche nach spektakul\u00e4ren Aussichten ist die SNP-Br\u00fccke sicherlich ein Muss. Lassen Sie sich w\u00e4hrend eines romantischen Abendessens im <a href=\"https:\/\/www.visitbratislava.com\/de\/setzt\/ufo\/\">UFO-Restaurant<\/a> oberhalb der Br\u00fccke verw\u00f6hnen, um dann auf der Terrasse \u00fcber dem Restaurant Ihre Liebe zu besiegeln, wie es Dutzende von Liebespaaren vor Ihnen getan haben: Ihr Liebesschloss h\u00e4ngen Sie dort an ein riesiges eisernes Herz! Inhaber der Touristenkarte <a href=\"http:\/\/card.visitbratislava.com\/de\/\">Bratislava CARD City &amp; Region<\/a> erhalten eine Erm\u00e4\u00dfigung auf die Aufzugs- und Restaurantrechnung.<\/span><\/p>\n<p><img loading=\"lazy\" class=\"alignnone wp-image-61457 size-large\" src=\"https:\/\/www.visitbratislava.com\/wp-content\/uploads\/2019\/06\/UFO1-800x544.jpg\" alt=\"\" width=\"800\" height=\"544\" srcset=\"https:\/\/www.visitbratislava.com\/wp-content\/uploads\/2019\/06\/UFO1-800x544.jpg 800w, https:\/\/www.visitbratislava.com\/wp-content\/uploads\/2019\/06\/UFO1-400x272.jpg 400w, https:\/\/www.visitbratislava.com\/wp-content\/uploads\/2019\/06\/UFO1-768x522.jpg 768w, https:\/\/www.visitbratislava.com\/wp-content\/uploads\/2019\/06\/UFO1-200x136.jpg 200w\" sizes=\"(max-width: 800px) 100vw, 800px\" \/><\/p>\n<p><img loading=\"lazy\" class=\"alignnone wp-image-61499 size-large\" src=\"https:\/\/www.visitbratislava.com\/wp-content\/uploads\/2019\/06\/PGH51660.MOV.16_40_55_17.Still001-800x450.jpg\" alt=\"\" width=\"800\" height=\"450\" srcset=\"https:\/\/www.visitbratislava.com\/wp-content\/uploads\/2019\/06\/PGH51660.MOV.16_40_55_17.Still001-800x450.jpg 800w, https:\/\/www.visitbratislava.com\/wp-content\/uploads\/2019\/06\/PGH51660.MOV.16_40_55_17.Still001-400x225.jpg 400w, https:\/\/www.visitbratislava.com\/wp-content\/uploads\/2019\/06\/PGH51660.MOV.16_40_55_17.Still001-768x432.jpg 768w, https:\/\/www.visitbratislava.com\/wp-content\/uploads\/2019\/06\/PGH51660.MOV.16_40_55_17.Still001-200x113.jpg 200w\" sizes=\"(max-width: 800px) 100vw, 800px\" \/><\/p>\n<p><span style=\"font-weight: 400;\">Im Fernsehturm auf dem Berg <a href=\"https:\/\/www.visitbratislava.com\/de\/setzt\/kamzik\/\">Kamz\u00edk<\/a>, besser gesagt in dem sich drehenden Teil seines Restaurants in 101 Metern H\u00f6he, befindet sich der beste Ort, um den Panoramablick zu erleben.<\/span><\/p>\n<p><span style=\"font-weight: 400;\">\u201cW\u00e4hrend eines Mittag- oder eines Abendessens haben Sie einen 360-Grad-Blick \u00fcber die Stadt und die W\u00e4lder der kleinen Karpaten, ohne sich von Ihrem Platz entfernen zu m\u00fcssen,\u201d sagt die Bratislavaerin Martina Koles\u00e1rov\u00e1. Sie besuchte das Restaurant mit ihrem Ehemann noch bevor sie heirateten, aber sie kehren seit Jahren immer wieder dorthin gerne zur\u00fcck.<\/span><\/p>\n<h3><strong>Abendliche Romantik<\/strong><\/h3>\n<p><span style=\"font-weight: 400;\">Bei einem Konzert der <a href=\"https:\/\/www.visitbratislava.com\/de\/setzt\/slovenska-filharmonia\/\">slowakischen Philharmonie<\/a> im Redoutensaal oder bei einer Auff\u00fchrung des slowakischen <a href=\"https:\/\/www.visitbratislava.com\/de\/setzt\/slowakisches-national-theater-neuses-haus\/\">Nationaltheaters<\/a> wird Romantik zu h\u00f6ren sein. Mit der Touristenkarte haben Sie au\u00dferdem Anspruch auf erm\u00e4\u00dfigte Eintrittskarten in diese prestigetr\u00e4chtigen Institutionen. Nach der Vorstellung oder dem Konzert m\u00fcssen Sie nicht nach Hause eilen. Die gem\u00fctlichen Boutiquehotels Roset und <a href=\"https:\/\/www.visitbratislava.com\/places\/houdini\/\">Marrol&#8217;s<\/a> oder das Arcadia Hotel in einem historischen Renaissance-Geb\u00e4ude sorgen daf\u00fcr, dass Ihr romantischer Abend bis zum n\u00e4chsten Morgen anh\u00e4lt.<\/span><\/p>\n<p><img loading=\"lazy\" class=\"alignnone wp-image-61571 size-large\" src=\"https:\/\/www.visitbratislava.com\/wp-content\/uploads\/2019\/06\/divadlo-2-800x533.jpg\" alt=\"\" width=\"800\" height=\"533\" srcset=\"https:\/\/www.visitbratislava.com\/wp-content\/uploads\/2019\/06\/divadlo-2-800x533.jpg 800w, https:\/\/www.visitbratislava.com\/wp-content\/uploads\/2019\/06\/divadlo-2-400x267.jpg 400w, https:\/\/www.visitbratislava.com\/wp-content\/uploads\/2019\/06\/divadlo-2-768x512.jpg 768w, https:\/\/www.visitbratislava.com\/wp-content\/uploads\/2019\/06\/divadlo-2-200x133.jpg 200w\" sizes=\"(max-width: 800px) 100vw, 800px\" \/><\/p>\n","protected":false},"excerpt":{"rendered":"<p>\ufeff Haben Sie Lust, zu zweit die Donau an Bord eines Kreuzfahrtschiffes zu befahren oder nachts den Blick auf die beleuchtete Stadt zu genie\u00dfen? Bratislava hat eine Reihe von Orten zu bieten, an denen Sie romantische Momente erleben k\u00f6nnen. Empfehlenswert ist sicherlich ein Spaziergang durch die historischen Gassen der Bratislavaer Altstadt oder ein K\u00fcsschen im [&hellip;]<\/p>\n","protected":false},"author":25,"featured_media":61617,"parent":46511,"menu_order":0,"comment_status":"closed","ping_status":"closed","template":"","meta":[],"acf":[],"_links":{"self":[{"href":"https:\/\/www.visitbratislava.com\/de\/wp-json\/wp\/v2\/pages\/61566"}],"collection":[{"href":"https:\/\/www.visitbratislava.com\/de\/wp-json\/wp\/v2\/pages"}],"about":[{"href":"https:\/\/www.visitbratislava.com\/de\/wp-json\/wp\/v2\/types\/page"}],"author":[{"embeddable":true,"href":"https:\/\/www.visitbratislava.com\/de\/wp-json\/wp\/v2\/users\/25"}],"replies":[{"embeddable":true,"href":"https:\/\/www.visitbratislava.com\/de\/wp-json\/wp\/v2\/comments?post=61566"}],"version-history":[{"count":0,"href":"https:\/\/www.visitbratislava.com\/de\/wp-json\/wp\/v2\/pages\/61566\/revisions"}],"up":[{"embeddable":true,"href":"https:\/\/www.visitbratislava.com\/de\/wp-json\/wp\/v2\/pages\/46511"}],"wp:featuredmedia":[{"embeddable":true,"href":"https:\/\/www.visitbratislava.com\/de\/wp-json\/wp\/v2\/media\/61617"}],"wp:attachment":[{"href":"https:\/\/www.visitbratislava.com\/de\/wp-json\/wp\/v2\/media?parent=61566"}],"curies":[{"name":"wp","href":"https:\/\/api.w.org\/{rel}","templated":true}]}}