{"id":62017,"date":"2019-06-26T11:11:31","date_gmt":"2019-06-26T09:11:31","guid":{"rendered":"https:\/\/www.visitbratislava.com\/?page_id=62017\/"},"modified":"2026-02-02T16:24:07","modified_gmt":"2026-02-02T15:24:07","slug":"bequem-und-smart-in-bratislava","status":"publish","type":"page","link":"https:\/\/www.visitbratislava.com\/de\/ausfluege\/bequem-und-smart-in-bratislava\/","title":{"rendered":"Bequem und smart in Bratislava"},"content":{"rendered":"<p><img loading=\"lazy\" class=\"alignnone wp-image-60918 size-large\" src=\"https:\/\/www.visitbratislava.com\/wp-content\/uploads\/2019\/06\/nabrezie-dunaj-riverpark-800x450.jpg\" alt=\"\" width=\"800\" height=\"450\" srcset=\"https:\/\/www.visitbratislava.com\/wp-content\/uploads\/2019\/06\/nabrezie-dunaj-riverpark-800x450.jpg 800w, https:\/\/www.visitbratislava.com\/wp-content\/uploads\/2019\/06\/nabrezie-dunaj-riverpark-400x225.jpg 400w, https:\/\/www.visitbratislava.com\/wp-content\/uploads\/2019\/06\/nabrezie-dunaj-riverpark-768x432.jpg 768w, https:\/\/www.visitbratislava.com\/wp-content\/uploads\/2019\/06\/nabrezie-dunaj-riverpark-200x113.jpg 200w\" sizes=\"(max-width: 800px) 100vw, 800px\" \/><\/p>\n<blockquote><p><span style=\"font-weight: 400;\">\u201cDank der smarten L\u00f6sungen haben wir es geschafft, mehr zu erleben und haben Pl\u00e4tze besucht, wo wir sonst nicht hingegangen w\u00e4ren,\u201c sagt der deutsche Student Paul Neumann, der Bratislava mit seinen Freunden besucht hat. Neumann sa\u00df auf der Smarten Bank auf dem Primatial-Platz, lud sein Handy auf und suchte offline im Stadtplan nach einem\u00a0 nahe gelegenen Restaurant f\u00fcr ein schmackhaftes Mittagessen.<\/span><\/p><\/blockquote>\n<p><span style=\"font-weight: 400;\">Wenn Sie ein Smartphone mit Android System haben, k\u00f6nnen Sie die offizielle Stadt Applikation unter dem Namen <a href=\"https:\/\/www.visitbratislava.com\/de\/die-offizielle-applikation-der-stadt-bratislava\/\">Bratislava<\/a> herunterladen.\u00a0 F\u00fcr iOS Telefone, suchen Sie nach <a href=\"https:\/\/www.visitbratislava.com\/de\/die-offizielle-applikation-der-stadt-bratislava\/\">Bratislava City<\/a>. Die Applikation verf\u00fcgt nicht nur \u00fcber einen Offline Stadtplan und Informationen \u00fcber Attraktionen, sondern schlagt auch gleich die besten Restaurants, Kaffees, Bars und Gesch\u00e4fte in der Umgebung vor. Die Benutzer werden auch \u00fcber Veranstaltungen in der Stadt informiert.<\/span><\/p>\n<h3><strong>Bratislavas Sch\u00f6nheit erreicht neue Sph\u00e4ren<\/strong><\/h3>\n<p><span style=\"font-weight: 400;\">Sie k\u00f6nnen sich auch ein E-bike, einen Scooter oder auch ein Elektroauto als Erg\u00e4nzung zu einem der <a href=\"https:\/\/www.visitbratislava.com\/de\/bikesharing\/\">gelben Fahrr\u00e4dern<\/a> mieten. Diese alternative Transportm\u00f6glichkeiten vereinfachen Ihnen den Besuch in den neuen schnell wachsenden Stadtteilen der Stadt Bratislava.<\/span><\/p>\n<p><img loading=\"lazy\" class=\"alignnone wp-image-60914 size-large\" src=\"https:\/\/www.visitbratislava.com\/wp-content\/uploads\/2019\/06\/Slovnaft-BAjk-800x534.jpg\" alt=\"\" width=\"800\" height=\"534\" srcset=\"https:\/\/www.visitbratislava.com\/wp-content\/uploads\/2019\/06\/Slovnaft-BAjk-800x534.jpg 800w, https:\/\/www.visitbratislava.com\/wp-content\/uploads\/2019\/06\/Slovnaft-BAjk-400x267.jpg 400w, https:\/\/www.visitbratislava.com\/wp-content\/uploads\/2019\/06\/Slovnaft-BAjk-768x513.jpg 768w, https:\/\/www.visitbratislava.com\/wp-content\/uploads\/2019\/06\/Slovnaft-BAjk-200x134.jpg 200w\" sizes=\"(max-width: 800px) 100vw, 800px\" \/><\/p>\n<p><span style=\"font-weight: 400;\">Beginnen Sie den Tag im Riverpark, einem modernen multifunktionellen Zentrum auf der Donau Promenade, eine der besten Adresse im Zentrum von Bratislava. Von dort aus, \u00fcberqueren sie die Donau und begeben sich \u00fcber die SNP Br\u00fccke zum modernen Aupark Shopping Centrum in der N\u00e4he des \u00e4ltesten \u00f6ffentlichen Parks in Mittel Europa \u2013 Sad Janka Kr\u00e1\u013ea.<\/span><\/p>\n<p><span style=\"font-weight: 400;\">W\u00e4hrend sie zur\u00fcck in das Stadtzentrum \u00fcber die Alte Br\u00fccke gehen, genie\u00dfen Sie die Aussichten auf den modernen Stadtteil auf der gegen\u00fcberliegenden Seite. Sie werden das neue Travertin-Geb\u00e4ude des Slowakischen National Theaters und das <strong><a href=\"https:\/\/www.visitbratislava.com\/de\/setzt\/eurovea\/\">Eurovea Shopping-Centrum<\/a><\/strong> sehen k\u00f6nnen. Hier finden sie nicht nur die modernsten Modemarken, sondern Sie k\u00f6nnen auch in einem der Kaffees oder Restaurants auf der sch\u00f6nen Donauufer Promenade, mit Blick auf die Bratislava Burg, einkehren.<\/span><\/p>\n<blockquote><p><span style=\"font-weight: 400;\">Nur ein paar Schritte von Eurovea enztstehen die Wohnungst\u00fcrme des Sky-Parks. Sie wurden vom britischen Architektenb\u00fcro der prominenten Architektin Zaha Hadid entworfen.\u00a0<\/span><span style=\"font-weight: 400;\">In der N\u00e4he der T\u00fcrme w\u00e4chst rasch eine der gr\u00f6\u00dften Baustellen Zentraleuropas heran, ein ultramoderner Busbahnhof kombiniert mit einem Shopping-Center und einem begr\u00fcnten Dach zum Entspannen. Das administrative Geb\u00e4ude, genannt Nivy Tower, wird ein Teil des Busbahnhofes werden.<\/span><\/p><\/blockquote>\n<p><img loading=\"lazy\" class=\"alignnone wp-image-60898 size-large\" src=\"https:\/\/www.visitbratislava.com\/wp-content\/uploads\/2019\/06\/Eurovea-800x534.jpg\" alt=\"\" width=\"800\" height=\"534\" srcset=\"https:\/\/www.visitbratislava.com\/wp-content\/uploads\/2019\/06\/Eurovea-800x534.jpg 800w, https:\/\/www.visitbratislava.com\/wp-content\/uploads\/2019\/06\/Eurovea-400x267.jpg 400w, https:\/\/www.visitbratislava.com\/wp-content\/uploads\/2019\/06\/Eurovea-768x513.jpg 768w, https:\/\/www.visitbratislava.com\/wp-content\/uploads\/2019\/06\/Eurovea-200x133.jpg 200w\" sizes=\"(max-width: 800px) 100vw, 800px\" \/><\/p>\n<p><span style=\"font-weight: 400;\">Nach der Fertigstellung im Jahr 2020 wird es mit seiner H\u00f6he von 125 Metern nicht nur das h\u00f6chste Geb\u00e4ude der Stadt sein, sondern auch das h\u00f6chste der ganzen Slowakei.<\/span><\/p>\n<h3><strong>Freude f\u00fcr Augen und f\u00fcr die Geschmackszellen<\/strong><\/h3>\n<p><span style=\"font-weight: 400;\">F\u00fcr Freunde der gegenw\u00e4rtigen Kunst und Architektur bietet sich ein Besuch der <strong><a href=\"https:\/\/www.visitbratislava.com\/de\/setzt\/galerie-nedbalka\/\">Nedbalka-Galerie<\/a><\/strong> oder des <strong><a href=\"https:\/\/www.visitbratislava.com\/de\/setzt\/danubiana-meulensteen-art-museum\/\">Danubiana-Museum<\/a><\/strong> f\u00fcr moderne Kunst an. Beide Galerien an sich sind schon wertvolle architektonische Geb\u00e4ude und werden in den meist gelesenen Reisef\u00fchrern und touristischen Websites empfohlen. W\u00e4hrend Danubiana, durch die Romanische Galerie inspiriert,\u00a0 sich auf einer Halbinsel in der Mitte der Donau befindet, ist die Nedbalka Galerie mit dem Guggenheim Museum in New York vergleichbar. Besitzer der <a href=\"http:\/\/card.visitbratislava.com\/de\/\">Bratislava CARD City &amp; Region<\/a> erhalten in beiden Galerien 20% Erm\u00e4\u00dfigung auf den Eintritt.<\/span><\/p>\n<p><img loading=\"lazy\" class=\"alignnone wp-image-60890 size-large\" src=\"https:\/\/www.visitbratislava.com\/wp-content\/uploads\/2019\/06\/Danubiana-800x482.jpg\" alt=\"\" width=\"800\" height=\"482\" srcset=\"https:\/\/www.visitbratislava.com\/wp-content\/uploads\/2019\/06\/Danubiana-800x482.jpg 800w, https:\/\/www.visitbratislava.com\/wp-content\/uploads\/2019\/06\/Danubiana-400x241.jpg 400w, https:\/\/www.visitbratislava.com\/wp-content\/uploads\/2019\/06\/Danubiana-768x463.jpg 768w, https:\/\/www.visitbratislava.com\/wp-content\/uploads\/2019\/06\/Danubiana-200x121.jpg 200w\" sizes=\"(max-width: 800px) 100vw, 800px\" \/><\/p>\n<blockquote><p><span style=\"font-weight: 400;\">In dem <strong><a href=\"https:\/\/www.visitbratislava.com\/de\/setzt\/elesko-zoya-museum\/\">Elesko-Wein-Park<\/a><\/strong> in der N\u00e4he von Modra, nur 30 Kilometer von Bratislava entfernt, finden Sie die perfekte Kombination von Wein und Kunst. \u201cDieses einzigartige Projekt moderner Weinproduktion bietet eine Kombination aus qualitativen Weinen, ausgezeichneter K\u00fcche und fantastischen Kunsterlebnissen im <strong><a href=\"https:\/\/www.visitbratislava.com\/de\/setzt\/elesko-zoya-museum\/\">Zoya Museum<\/a><\/strong> unter einem Dach an\u201c, sagt Angelika Dan Van von dem au\u00dfergew\u00f6hnlichen Weinkeller. Das Zoya Museum organisiert einige gegenw\u00e4rtige slowakische und ausl\u00e4ndische Ausstellungen im Jahr, wie z. B. jene von Andy Warhol.<\/span><\/p><\/blockquote>\n<p><span style=\"font-weight: 400;\">Nach der Bewunderung der gro\u00dfen Kunstsammlung genie\u00dfen sie k\u00f6stliche Delikatessen im \u00f6rtlichen Restaurant, w\u00e4hrenddessen sie die Weinproduktion durch ein Glasfenster beobachten. Elesko produziert seine Premium-Weine exklusiv nur aus eigenen Trauben, welche in den Kleinen Karpaten und der Tokaj-Region gewachsen sind.<\/span><\/p>\n<p><img loading=\"lazy\" class=\"alignnone wp-image-29418 size-large\" src=\"https:\/\/www.visitbratislava.com\/wp-content\/uploads\/2017\/02\/5.-Elesko-Zoya-Museum-800x571.jpg\" alt=\"\" width=\"800\" height=\"571\" srcset=\"https:\/\/www.visitbratislava.com\/wp-content\/uploads\/2017\/02\/5.-Elesko-Zoya-Museum-800x571.jpg 800w, https:\/\/www.visitbratislava.com\/wp-content\/uploads\/2017\/02\/5.-Elesko-Zoya-Museum-400x286.jpg 400w, https:\/\/www.visitbratislava.com\/wp-content\/uploads\/2017\/02\/5.-Elesko-Zoya-Museum-768x549.jpg 768w, https:\/\/www.visitbratislava.com\/wp-content\/uploads\/2017\/02\/5.-Elesko-Zoya-Museum-200x143.jpg 200w\" sizes=\"(max-width: 800px) 100vw, 800px\" \/><\/p>\n<p><span style=\"font-weight: 400;\">\u00a0<\/span><\/p>\n<p><span style=\"font-weight: 400;\">\u00a0<\/span><\/p>\n<p>&nbsp;<\/p>\n","protected":false},"excerpt":{"rendered":"<p>Loggen Sie sich in ein free Wifi ein, holen Sie sich ein Stra\u00dfenbahnticket, oder mieten Sie eines der gelben Fahrr\u00e4der. <\/p>\n","protected":false},"author":25,"featured_media":60930,"parent":50127,"menu_order":0,"comment_status":"closed","ping_status":"closed","template":"","meta":[],"acf":[],"_links":{"self":[{"href":"https:\/\/www.visitbratislava.com\/de\/wp-json\/wp\/v2\/pages\/62017"}],"collection":[{"href":"https:\/\/www.visitbratislava.com\/de\/wp-json\/wp\/v2\/pages"}],"about":[{"href":"https:\/\/www.visitbratislava.com\/de\/wp-json\/wp\/v2\/types\/page"}],"author":[{"embeddable":true,"href":"https:\/\/www.visitbratislava.com\/de\/wp-json\/wp\/v2\/users\/25"}],"replies":[{"embeddable":true,"href":"https:\/\/www.visitbratislava.com\/de\/wp-json\/wp\/v2\/comments?post=62017"}],"version-history":[{"count":1,"href":"https:\/\/www.visitbratislava.com\/de\/wp-json\/wp\/v2\/pages\/62017\/revisions"}],"predecessor-version":[{"id":414928,"href":"https:\/\/www.visitbratislava.com\/de\/wp-json\/wp\/v2\/pages\/62017\/revisions\/414928"}],"up":[{"embeddable":true,"href":"https:\/\/www.visitbratislava.com\/de\/wp-json\/wp\/v2\/pages\/50127"}],"wp:featuredmedia":[{"embeddable":true,"href":"https:\/\/www.visitbratislava.com\/de\/wp-json\/wp\/v2\/media\/60930"}],"wp:attachment":[{"href":"https:\/\/www.visitbratislava.com\/de\/wp-json\/wp\/v2\/media?parent=62017"}],"curies":[{"name":"wp","href":"https:\/\/api.w.org\/{rel}","templated":true}]}}