{"id":63150,"date":"2019-07-24T14:38:46","date_gmt":"2019-07-24T12:38:46","guid":{"rendered":"https:\/\/www.visitbratislava.com\/?page_id=63150\/"},"modified":"2024-06-14T08:52:47","modified_gmt":"2024-06-14T06:52:47","slug":"senec-der-grosse-teich-liegt-naeher-an-bratislava-als-man-denkt","status":"publish","type":"page","link":"https:\/\/www.visitbratislava.com\/de\/vlog\/senec-der-grosse-teich-liegt-naeher-an-bratislava-als-man-denkt\/","title":{"rendered":"Der gro\u00dfe Teich liegt n\u00e4her an Bratislava als man denkt"},"content":{"rendered":"<p><iframe src=\"https:\/\/www.youtube.com\/embed\/Z51fb6_cVUM\" width=\"1000\" height=\"500\" frameborder=\"0\" allowfullscreen=\"allowfullscreen\"><span data-mce-type=\"bookmark\" style=\"display: inline-block; width: 0px; overflow: hidden; line-height: 0;\" class=\"mce_SELRES_start\">\ufeff<\/span><\/iframe><\/p>\n<p><span style=\"font-weight: 400;\">Nur einen Steinwurf von Bratislava entfernt liegt der beliebte Urlaubsort <a href=\"https:\/\/www.visitbratislava.com\/de\/setzt\/sonnenseen-wartberg\/\" target=\"_blank\" rel=\"noopener\">\u201cSonnige Seen\u201d (Slne\u010dn\u00e9 jazer\u00e1)<\/a>. Bis vor kurzem war er auch bekannt als das slowakische Tahiti. Ganz wie beim Original bieten sich hier zahlreiche M\u00f6glichkeiten der Freizeitgestaltung: Schwimmen, Angeln, Wassersport und vieles mehr.<\/span><\/p>\n<blockquote><p><span style=\"font-weight: 400;\">\u201cViel besser als das Mittelmeer ist das Meer von Senec &#8211; so nenne ich die Seen. Sie liegen unweit von Bratislava, das Wasser hier ist w\u00e4rmer und wir haben hier alles gefunden, was wir brauchen\u201d, beschreibt D\u00e1\u0161a Toledov\u00e1 den Ort. Sie verbrachte hier schon als Kind ihre Ferien und kommt jetzt regelm\u00e4\u00dfig mit ihrem Mann und den Kindern her.<\/span><\/p><\/blockquote>\n<p><img loading=\"lazy\" class=\"alignnone wp-image-63094 size-large\" src=\"https:\/\/www.visitbratislava.com\/wp-content\/uploads\/2019\/07\/DSC_0820-800x533.jpg\" alt=\"\" width=\"800\" height=\"533\" srcset=\"https:\/\/www.visitbratislava.com\/wp-content\/uploads\/2019\/07\/DSC_0820-800x533.jpg 800w, https:\/\/www.visitbratislava.com\/wp-content\/uploads\/2019\/07\/DSC_0820-400x267.jpg 400w, https:\/\/www.visitbratislava.com\/wp-content\/uploads\/2019\/07\/DSC_0820-768x512.jpg 768w, https:\/\/www.visitbratislava.com\/wp-content\/uploads\/2019\/07\/DSC_0820-200x133.jpg 200w\" sizes=\"(max-width: 800px) 100vw, 800px\" \/><\/p>\n<p><span style=\"font-weight: 400;\">Die Sonnigen Seen sind einer der bekanntesten und meistbesuchten Sommerurlaubsorte in der Slowakei. Nur 25 Kilometer von der slowakischen Hauptstadt entfernt, treffen Sie hier auf ein Ferienparadies, das der echten Meeresk\u00fcste in nichts nachsteht. Es gibt Str\u00e4nde, einen Minigolf-Platz und Wasserparks. Sportpl\u00e4tze laden zum Tennis, Volleyball und Fu\u00dfball ein und Spielpl\u00e4tze sowie ein Streichelzoo bieten Spa\u00df f\u00fcr die J\u00fcngsten. In der Umgebung erwartet Sie Tag und Nacht ein reichhaltiges Kulturprogramm. Besuchen Sie auch<\/span><span style=\"font-weight: 400;\">\u00a0<a href=\"https:\/\/www.visitbratislava.com\/de\/setzt\/aquapark-senec\/\" target=\"_blank\" rel=\"noopener\">Badeparadies<\/a>.<\/span><\/p>\n<p><img loading=\"lazy\" class=\"alignnone wp-image-63086 size-large\" src=\"https:\/\/www.visitbratislava.com\/wp-content\/uploads\/2019\/07\/DSC_0795-800x534.jpg\" alt=\"\" width=\"800\" height=\"534\" srcset=\"https:\/\/www.visitbratislava.com\/wp-content\/uploads\/2019\/07\/DSC_0795-800x534.jpg 800w, https:\/\/www.visitbratislava.com\/wp-content\/uploads\/2019\/07\/DSC_0795-400x267.jpg 400w, https:\/\/www.visitbratislava.com\/wp-content\/uploads\/2019\/07\/DSC_0795-768x513.jpg 768w, https:\/\/www.visitbratislava.com\/wp-content\/uploads\/2019\/07\/DSC_0795-200x133.jpg 200w\" sizes=\"(max-width: 800px) 100vw, 800px\" \/><\/p>\n<h2><strong>Auf Seefahrers Spuren<\/strong><\/h2>\n<p><span style=\"font-weight: 400;\">Auch k\u00f6stliche Fischgerichte machen den Badeort zum Paradies. Auf der S\u00fcdseite der Sonnigen Seen bietet sich eine bemerkenswerte kulinarische Vielfalt. Besonders stilvoll ist das Restaurant Lobster, das auf Akazienpf\u00e4hlen im Wasser steht. Auf seiner Terrasse k\u00f6nnen sie beim Verzehr k\u00f6stlicher einheimischer und ausl\u00e4ndischer Fischgerichte die Aussicht auf den See genie\u00dfen.<\/span><\/p>\n<p><img loading=\"lazy\" class=\"alignnone wp-image-63090 size-large\" src=\"https:\/\/www.visitbratislava.com\/wp-content\/uploads\/2019\/07\/DSC_0819-800x533.jpg\" alt=\"\" width=\"800\" height=\"533\" srcset=\"https:\/\/www.visitbratislava.com\/wp-content\/uploads\/2019\/07\/DSC_0819-800x533.jpg 800w, https:\/\/www.visitbratislava.com\/wp-content\/uploads\/2019\/07\/DSC_0819-400x267.jpg 400w, https:\/\/www.visitbratislava.com\/wp-content\/uploads\/2019\/07\/DSC_0819-768x512.jpg 768w, https:\/\/www.visitbratislava.com\/wp-content\/uploads\/2019\/07\/DSC_0819-200x133.jpg 200w\" sizes=\"(max-width: 800px) 100vw, 800px\" \/><\/p>\n<p><span style=\"font-weight: 400;\">\u00a0<\/span><span style=\"font-weight: 400;\">An Bord eines Segelbootes schmeckt die hiesige Fischsuppe, Hal\u00e1szl\u00e9, besonders gut. F\u00fchlen Sie sich wie ein Seefahrer, denn ein Teil des Restaurants ist der Santa Maria nachgebildet, einem der Schiffe mit denen Kolumbus Amerika entdeckt hat.<\/span><\/p>\n<p><span style=\"font-weight: 400;\">Ein weiterer Teil der Anlage besteht aus Bungalows im polynesischen Stil mit Terrassen. Sie stehen als Pfahlbauten auf dem See und bieten direkten Zugang zum Wasser. Hier k\u00f6nnen Sie beim Beobachten der Sonnenaufg\u00e4nge und Sonnenunterg\u00e4nge unvergessliche romantische Momente erleben.<\/span><\/p>\n<p><span style=\"font-weight: 400;\">Gro\u00dfartige Unterhaltung mit Live-Konzerten und anderen Kulturereignissen bietet das nahe Amphitheater, welches sogar Unterricht im Latino-Tanz bietet.<\/span><\/p>\n<p><img loading=\"lazy\" class=\"alignnone wp-image-63098 size-large\" src=\"https:\/\/www.visitbratislava.com\/wp-content\/uploads\/2019\/07\/PGH51736.MOV.06_23_09_18.Still001-800x450.jpg\" alt=\"\" width=\"800\" height=\"450\" srcset=\"https:\/\/www.visitbratislava.com\/wp-content\/uploads\/2019\/07\/PGH51736.MOV.06_23_09_18.Still001-800x450.jpg 800w, https:\/\/www.visitbratislava.com\/wp-content\/uploads\/2019\/07\/PGH51736.MOV.06_23_09_18.Still001-400x225.jpg 400w, https:\/\/www.visitbratislava.com\/wp-content\/uploads\/2019\/07\/PGH51736.MOV.06_23_09_18.Still001-768x432.jpg 768w, https:\/\/www.visitbratislava.com\/wp-content\/uploads\/2019\/07\/PGH51736.MOV.06_23_09_18.Still001-200x113.jpg 200w\" sizes=\"(max-width: 800px) 100vw, 800px\" \/><\/p>\n<h2><strong>Sich aktiv entspannen<\/strong><\/h2>\n<p><span style=\"font-weight: 400;\">\u00a0<\/span><span style=\"font-weight: 400;\">Wenn Sie Wassersport nach Herzenslust genie\u00dfen m\u00f6chten, dann sind die <a href=\"https:\/\/www.visitbratislava.com\/de\/setzt\/sonnenseen-wartberg\/\" target=\"_blank\" rel=\"noopener\">Sonnigen Seen<\/a> genau der richtige Ort f\u00fcr Sie. Hier k\u00f6nnen sie Wasserfahrr\u00e4der und Boote mieten oder sich im Paddeln in alter hawaiianischer Tradition versuchen. Alles was Sie f\u00fcr das Stehpaddeln ben\u00f6tigen, finden Sie gegen eine kleine Geb\u00fchr direkt am Ufer der Seen.\u00a0<\/span><span style=\"font-weight: 400;\">Martin Ondrej\u010d\u00e1k kommt regelm\u00e4\u00dfig an die Sonnigen Seen und lernte die Sportart im vergangenen Jahr kennen und lieben.<\/span><\/p>\n<blockquote><p><span style=\"font-weight: 400;\">\u201cStehpaddeln ist bestens geeignet, um die K\u00f6rperspannung zu trainieren\u201d, lacht er.<\/span><\/p><\/blockquote>\n<p><span style=\"font-weight: 400;\">Wenn Sie gerne Fahrrad fahren, sollten Sie einen der Radrundwege um Senec ausprobieren. Sie f\u00fchren bis zur Winzerstadt Pezinok oder bis in Paradies der gebratenen G\u00e4nse \u2013 Slovensk\u00fd Grob.<\/span><\/p>\n<p><img loading=\"lazy\" class=\"alignnone wp-image-63106 size-large\" src=\"https:\/\/www.visitbratislava.com\/wp-content\/uploads\/2019\/07\/PGH51776.MOV.08_37_43_01.Still001-800x450.jpg\" alt=\"\" width=\"800\" height=\"450\" srcset=\"https:\/\/www.visitbratislava.com\/wp-content\/uploads\/2019\/07\/PGH51776.MOV.08_37_43_01.Still001-800x450.jpg 800w, https:\/\/www.visitbratislava.com\/wp-content\/uploads\/2019\/07\/PGH51776.MOV.08_37_43_01.Still001-400x225.jpg 400w, https:\/\/www.visitbratislava.com\/wp-content\/uploads\/2019\/07\/PGH51776.MOV.08_37_43_01.Still001-768x432.jpg 768w, https:\/\/www.visitbratislava.com\/wp-content\/uploads\/2019\/07\/PGH51776.MOV.08_37_43_01.Still001-200x113.jpg 200w\" sizes=\"(max-width: 800px) 100vw, 800px\" \/><\/p>\n<p><img loading=\"lazy\" class=\"alignnone wp-image-63110 size-large\" src=\"https:\/\/www.visitbratislava.com\/wp-content\/uploads\/2019\/07\/PGH52003.MOV.08_48_02_18.Still001-800x450.jpg\" alt=\"\" width=\"800\" height=\"450\" srcset=\"https:\/\/www.visitbratislava.com\/wp-content\/uploads\/2019\/07\/PGH52003.MOV.08_48_02_18.Still001-800x450.jpg 800w, https:\/\/www.visitbratislava.com\/wp-content\/uploads\/2019\/07\/PGH52003.MOV.08_48_02_18.Still001-400x225.jpg 400w, https:\/\/www.visitbratislava.com\/wp-content\/uploads\/2019\/07\/PGH52003.MOV.08_48_02_18.Still001-768x432.jpg 768w, https:\/\/www.visitbratislava.com\/wp-content\/uploads\/2019\/07\/PGH52003.MOV.08_48_02_18.Still001-200x113.jpg 200w\" sizes=\"(max-width: 800px) 100vw, 800px\" \/><\/p>\n<h2><strong>Nicht nur im Sommer ein Erlebnis<\/strong><\/h2>\n<p><span style=\"font-weight: 400;\">Ein Besuch der Sonnigen Seen lohnt sich auch au\u00dferhalb der Sommersaison. So ist der <a href=\"https:\/\/www.visitbratislava.com\/de\/setzt\/aquapark-senec\/\">Aquapark Senec<\/a> am n\u00f6rdlichen Ufer saison\u00fcbergreifend und unabh\u00e4ngig vom Wetter ge\u00f6ffnet. Sie haben die Wahl zwischen f\u00fcnf ganzj\u00e4hrig ge\u00f6ffneten Schwimmbecken und zwei Becken, die allerdings nur im Sommer zu empfehlen sind. Kinder werden die Wasserrutschen lieben, w\u00e4hrend begeisterte Schwimmer einen 25-Meter-Innenpool mit separatem Eingang genie\u00dfen k\u00f6nnen.<\/span><\/p>\n<p><img loading=\"lazy\" class=\"alignnone wp-image-63162 size-large\" src=\"https:\/\/www.visitbratislava.com\/wp-content\/uploads\/2019\/07\/PGH52015-1.jpg-1-800x450.jpg\" alt=\"\" width=\"800\" height=\"450\" srcset=\"https:\/\/www.visitbratislava.com\/wp-content\/uploads\/2019\/07\/PGH52015-1.jpg-1-800x450.jpg 800w, https:\/\/www.visitbratislava.com\/wp-content\/uploads\/2019\/07\/PGH52015-1.jpg-1-400x225.jpg 400w, https:\/\/www.visitbratislava.com\/wp-content\/uploads\/2019\/07\/PGH52015-1.jpg-1-768x432.jpg 768w, https:\/\/www.visitbratislava.com\/wp-content\/uploads\/2019\/07\/PGH52015-1.jpg-1-200x113.jpg 200w\" sizes=\"(max-width: 800px) 100vw, 800px\" \/><\/p>\n<p>&nbsp;<\/p>\n<p><span style=\"font-weight: 400;\">\u00a0<\/span><span style=\"font-weight: 400;\">G\u00f6nnen Sie Ihrem K\u00f6rper eine wohlverdiente Pause in der Saunawelt. In einem der besten slowakischen Wellness-Center haben Sie die Wahl zwischen acht Saunen und drei Whirlpools. Ein Kneipp-Bad bringt Ihren Kreislauf in Schwung und zahlreiche Arten von Massagen bieten echte Entspannung. Ein Aufenthalt im Saunahaus inmitten eines geschlossenen Hofes wird unvergesslich sein. Hautnah erfahren k\u00f6nnen Sie hier den Kontrast zwischen kaltem, schmelzendem Schnee und ihrem durchgeheizten K\u00f6rper.<\/span><\/p>\n","protected":false},"excerpt":{"rendered":"<p>\ufeff Nur einen Steinwurf von Bratislava entfernt liegt der beliebte Urlaubsort \u201cSonnige Seen\u201d (Slne\u010dn\u00e9 jazer\u00e1). Bis vor kurzem war er auch bekannt als das slowakische Tahiti. Ganz wie beim Original bieten sich hier zahlreiche M\u00f6glichkeiten der Freizeitgestaltung: Schwimmen, Angeln, Wassersport und vieles mehr. \u201cViel besser als das Mittelmeer ist das Meer von Senec &#8211; so [&hellip;]<\/p>\n","protected":false},"author":25,"featured_media":63135,"parent":46511,"menu_order":0,"comment_status":"closed","ping_status":"closed","template":"","meta":[],"acf":[],"_links":{"self":[{"href":"https:\/\/www.visitbratislava.com\/de\/wp-json\/wp\/v2\/pages\/63150"}],"collection":[{"href":"https:\/\/www.visitbratislava.com\/de\/wp-json\/wp\/v2\/pages"}],"about":[{"href":"https:\/\/www.visitbratislava.com\/de\/wp-json\/wp\/v2\/types\/page"}],"author":[{"embeddable":true,"href":"https:\/\/www.visitbratislava.com\/de\/wp-json\/wp\/v2\/users\/25"}],"replies":[{"embeddable":true,"href":"https:\/\/www.visitbratislava.com\/de\/wp-json\/wp\/v2\/comments?post=63150"}],"version-history":[{"count":3,"href":"https:\/\/www.visitbratislava.com\/de\/wp-json\/wp\/v2\/pages\/63150\/revisions"}],"predecessor-version":[{"id":299551,"href":"https:\/\/www.visitbratislava.com\/de\/wp-json\/wp\/v2\/pages\/63150\/revisions\/299551"}],"up":[{"embeddable":true,"href":"https:\/\/www.visitbratislava.com\/de\/wp-json\/wp\/v2\/pages\/46511"}],"wp:featuredmedia":[{"embeddable":true,"href":"https:\/\/www.visitbratislava.com\/de\/wp-json\/wp\/v2\/media\/63135"}],"wp:attachment":[{"href":"https:\/\/www.visitbratislava.com\/de\/wp-json\/wp\/v2\/media?parent=63150"}],"curies":[{"name":"wp","href":"https:\/\/api.w.org\/{rel}","templated":true}]}}