{"id":64771,"date":"2019-09-03T14:38:13","date_gmt":"2019-09-03T12:38:13","guid":{"rendered":"https:\/\/www.visitbratislava.com\/?page_id=64771\/"},"modified":"2020-08-13T09:18:53","modified_gmt":"2020-08-13T07:18:53","slug":"kostenlose-besichtigungen-zum-thema-kroenung","status":"publish","type":"page","link":"https:\/\/www.visitbratislava.com\/de\/kostenlose-besichtigungen-zum-thema-kroenung\/","title":{"rendered":"Kostenlose Besichtigungen zum Thema Kr\u00f6nung"},"content":{"rendered":"<p>W\u00e4hrend der Bratislavaer Kr\u00f6nungstage (14. &#8211; 16. August) werden Besucher sowie Einheimische die M\u00f6glichkeit haben, an den kostenlosen Besichtigungen zum Thema Kr\u00f6nung in der slowakischen, ungarischen, englischen und deutschen Sprache teilzunehmen. Die Route der Besichtigungen (2 Stunden) zeigt Ihnen die bedeutsamsten Stellen, die mit der Zeremonie der Kr\u00f6nungen von ungarischen Herrscher und deren Ehefrauen verbunden sind.<\/p>\n<p><strong>Treffpunkt:<\/strong>\u00a0beim Wiener Tor an der Bratislavaer Burg<\/p>\n<h3><strong>Programm der Besichtigungen in der ungarischen, englischen und deutschen Sprache<\/strong><\/h3>\n<p>15 August, Samstag<\/p>\n<ul>\n<li>11:00 \u2013 Besichtigung in der deutschen Sprache<\/li>\n<li>11:00 \u2013 Besichtigung in der englischen Sprache<\/li>\n<li>16:00 \u2013 Besichtigung in der ungarischen Sprache<\/li>\n<\/ul>\n<p>16 August, Sonntag<\/p>\n<ul>\n<li>11:00 \u2013 Besichtigung in der deutschen Sprache<\/li>\n<li>11:00 \u2013 Besichtigung in der englischen Sprache<\/li>\n<\/ul>\n<h3><strong>Programm der Besichtigungen in der slowakischen Sprache<\/strong><\/h3>\n<ul>\n<li style=\"list-style-type: none\">\n<ul>\n<li>14. August, Freitag &#8211; 17:00<\/li>\n<li>15. August,\u00a0Samstag\u00a0 &#8211; 11:00 und 18:00<\/li>\n<li>16. August,\u00a0Sonntag &#8211; 11:00<\/li>\n<\/ul>\n<\/li>\n<\/ul>\n","protected":false},"excerpt":{"rendered":"<p>W\u00e4hrend der Bratislavaer Kr\u00f6nungstage (14. &#8211; 16. August) werden Besucher sowie Einheimische die M\u00f6glichkeit haben, an den kostenlosen Besichtigungen zum Thema Kr\u00f6nung in der slowakischen, ungarischen, englischen und deutschen Sprache teilzunehmen. Die Route der Besichtigungen (2 Stunden) zeigt Ihnen die bedeutsamsten Stellen, die mit der Zeremonie der Kr\u00f6nungen von ungarischen Herrscher und deren Ehefrauen verbunden [&hellip;]<\/p>\n","protected":false},"author":25,"featured_media":87814,"parent":0,"menu_order":0,"comment_status":"closed","ping_status":"closed","template":"","meta":[],"acf":[],"_links":{"self":[{"href":"https:\/\/www.visitbratislava.com\/de\/wp-json\/wp\/v2\/pages\/64771"}],"collection":[{"href":"https:\/\/www.visitbratislava.com\/de\/wp-json\/wp\/v2\/pages"}],"about":[{"href":"https:\/\/www.visitbratislava.com\/de\/wp-json\/wp\/v2\/types\/page"}],"author":[{"embeddable":true,"href":"https:\/\/www.visitbratislava.com\/de\/wp-json\/wp\/v2\/users\/25"}],"replies":[{"embeddable":true,"href":"https:\/\/www.visitbratislava.com\/de\/wp-json\/wp\/v2\/comments?post=64771"}],"version-history":[{"count":0,"href":"https:\/\/www.visitbratislava.com\/de\/wp-json\/wp\/v2\/pages\/64771\/revisions"}],"wp:featuredmedia":[{"embeddable":true,"href":"https:\/\/www.visitbratislava.com\/de\/wp-json\/wp\/v2\/media\/87814"}],"wp:attachment":[{"href":"https:\/\/www.visitbratislava.com\/de\/wp-json\/wp\/v2\/media?parent=64771"}],"curies":[{"name":"wp","href":"https:\/\/api.w.org\/{rel}","templated":true}]}}