{"id":65095,"date":"2019-09-05T15:23:08","date_gmt":"2019-09-05T13:23:08","guid":{"rendered":"https:\/\/www.visitbratislava.com\/?page_id=65095\/"},"modified":"2025-02-17T09:24:31","modified_gmt":"2025-02-17T08:24:31","slug":"bei-einem-familienausflug-nach-bratislava-ist-langeweile-ausgeschlossen","status":"publish","type":"page","link":"https:\/\/www.visitbratislava.com\/de\/vlog\/bei-einem-familienausflug-nach-bratislava-ist-langeweile-ausgeschlossen\/","title":{"rendered":"Bei einem Familienausflug nach Bratislava ist Langeweile ausgeschlossen"},"content":{"rendered":"<p><iframe src=\"https:\/\/www.youtube.com\/embed\/Xe7aDHyF1t0\" width=\"1000\" height=\"500\" frameborder=\"0\" allowfullscreen=\"allowfullscreen\"><span data-mce-type=\"bookmark\" style=\"display: inline-block; width: 0px; overflow: hidden; line-height: 0;\" class=\"mce_SELRES_start\">\ufeff<\/span><\/iframe><\/p>\n<p>Haben Sie einen kleinen Sportler, eine zuk\u00fcnftige Tier\u00e4rztin, eine Wissenschaftlerin oder einen K\u00fcnstler zuhause? In Bratislava finden alle Kinder und alle Eltern etwas, das ihren Interessen entspricht. Dank der vielen Attraktionen, wie der Kunstgalerie f\u00fcr Kinder, des Wissenschafts-Erlebniszentrums, der mittelalterlichen Burgen, des Zoos, der Jump Arena, k\u00f6nnen Sie in der Stadt und ihrer Umgebung bei jedem Wetter eine tolle Zeit haben.<\/p>\n<p><img loading=\"lazy\" class=\"alignnone wp-image-65007 size-large\" src=\"https:\/\/www.visitbratislava.com\/wp-content\/uploads\/2019\/09\/PGH51528.MOV.12_56_16_34.Still001-800x450.jpg\" alt=\"\" width=\"800\" height=\"450\" srcset=\"https:\/\/www.visitbratislava.com\/wp-content\/uploads\/2019\/09\/PGH51528.MOV.12_56_16_34.Still001-800x450.jpg 800w, https:\/\/www.visitbratislava.com\/wp-content\/uploads\/2019\/09\/PGH51528.MOV.12_56_16_34.Still001-400x225.jpg 400w, https:\/\/www.visitbratislava.com\/wp-content\/uploads\/2019\/09\/PGH51528.MOV.12_56_16_34.Still001-768x432.jpg 768w, https:\/\/www.visitbratislava.com\/wp-content\/uploads\/2019\/09\/PGH51528.MOV.12_56_16_34.Still001-200x113.jpg 200w\" sizes=\"(max-width: 800px) 100vw, 800px\" \/><\/p>\n<h3>Dinosaurier und andere Tiere<\/h3>\n<p>Der <a href=\"https:\/\/www.visitbratislava.com\/de\/setzt\/zoo\/\" target=\"_blank\" rel=\"noopener\">Zoo von Bratislava<\/a> in Mlynsk\u00e1 Dolina ist einer der meistbesuchten Orte in der Stadt. Hier kann man \u00fcber mehr als 1000 Tiere aus fast 180 Arten etwas lernen. Von Mai bis Ende September finden w\u00e4hrend der Wochenenden kommentierte F\u00fctterungen statt. Dabei k\u00f6nnen die Besucher die Tiere aus n\u00e4chster N\u00e4he beobachten. Am internationalen Tag des Kindes und am Nikolaustag bietet der <a href=\"https:\/\/www.visitbratislava.com\/de\/setzt\/zoo\/\" target=\"_blank\" rel=\"noopener\">Zoo<\/a> besondere Veranstaltungen f\u00fcr Kinder. *20% Rabatt mit der <a href=\"http:\/\/card.visitbratislava.com\/\" target=\"_blank\" rel=\"noopener\">Bratislava CARD<\/a><\/p>\n<p><img loading=\"lazy\" class=\"alignnone wp-image-65055 size-large\" src=\"https:\/\/www.visitbratislava.com\/wp-content\/uploads\/2019\/09\/zdroj_ZOO-Bratislava-800x533.jpg\" alt=\"\" width=\"800\" height=\"533\" srcset=\"https:\/\/www.visitbratislava.com\/wp-content\/uploads\/2019\/09\/zdroj_ZOO-Bratislava-800x533.jpg 800w, https:\/\/www.visitbratislava.com\/wp-content\/uploads\/2019\/09\/zdroj_ZOO-Bratislava-400x267.jpg 400w, https:\/\/www.visitbratislava.com\/wp-content\/uploads\/2019\/09\/zdroj_ZOO-Bratislava-768x512.jpg 768w, https:\/\/www.visitbratislava.com\/wp-content\/uploads\/2019\/09\/zdroj_ZOO-Bratislava-200x133.jpg 200w\" sizes=\"(max-width: 800px) 100vw, 800px\" \/><\/p>\n<h3>Wie lebte es sich als Schlossherr?<\/h3>\n<p>Besonders lohnenswert ist auch ein Ausflug zur <a href=\"https:\/\/www.visitbratislava.com\/de\/setzt\/red-stone-castle\/\" target=\"_blank\" rel=\"noopener\">Burg \u010cerven\u00fd Kame\u0148<\/a>, die \u00fcber dem malerischen Dorf \u010cast\u00e1 in den Kleinen Karpaten thront. Die Wiesen rund um Burg sind wie gemacht um zu picknicken oder Drachen steigen zu lassen.<\/p>\n<p><img loading=\"lazy\" class=\"alignnone wp-image-65047 size-large\" src=\"https:\/\/www.visitbratislava.com\/wp-content\/uploads\/2019\/09\/CervenyKamen-800x534.jpg\" alt=\"\" width=\"800\" height=\"534\" srcset=\"https:\/\/www.visitbratislava.com\/wp-content\/uploads\/2019\/09\/CervenyKamen-800x534.jpg 800w, https:\/\/www.visitbratislava.com\/wp-content\/uploads\/2019\/09\/CervenyKamen-400x267.jpg 400w, https:\/\/www.visitbratislava.com\/wp-content\/uploads\/2019\/09\/CervenyKamen-768x513.jpg 768w, https:\/\/www.visitbratislava.com\/wp-content\/uploads\/2019\/09\/CervenyKamen-200x133.jpg 200w\" sizes=\"(max-width: 800px) 100vw, 800px\" \/><\/p>\n<p>Etwas \u00e4ltere Kinder k\u00f6nnen sich in den mysteri\u00f6sen Kammern der Burg als Entdecker bet\u00e4tigen. W\u00e4hrend des Rundgangs k\u00f6nnen sie viel \u00fcber das Leben der reichen Schlossherren erfahren und selbst Teil der Legenden werden, die sich um die Burg ranken.<\/p>\n<p>Direkt bei der Burg befindet sich die Falknerei Astur. Sie bietet die gr\u00f6\u00dfte Sammlung an Raubv\u00f6geln in der Slowakei. Neben den regelm\u00e4\u00dfigen\u00a0 Vorf\u00fchrungen k\u00f6nnen besonders mutige Besucher auch ein Foto mit einem Raubvogel auf ihrem Arm machen lassen.<\/p>\n<p>F\u00fcr Besitzer der Touristenkarte ist der Eintritt in die <a href=\"https:\/\/www.visitbratislava.com\/de\/setzt\/red-stone-castle\/\" target=\"_blank\" rel=\"noopener\">Burg \u010cerven\u00fd Kame\u0148<\/a> frei.<\/p>\n<h3>Unterwegs in der M\u00e4rchenwelt<\/h3>\n<p>Bei sch\u00f6nem Wetter k\u00f6nnen sich Kinder auf einem der vielen Spielpl\u00e4tze oder im Naherholungsgebiet <a href=\"https:\/\/www.visitbratislava.com\/de\/setzt\/zelezna-studienka\/\" target=\"_blank\" rel=\"noopener\">\u017delezn\u00e1 Studni\u010dka<\/a> austoben. Jede Menge Spa\u00df kann man aber auch an Regentagen haben. Sie k\u00f6nnen ihre Kinder zur <a href=\"https:\/\/www.visitbratislava.com\/de\/setzt\/bibiana\/\" target=\"_blank\" rel=\"noopener\">Bibiana<\/a> bringen. Das Kunsthaus f\u00fcr Kinder befindet sich unterhalb des Martinsdoms. An diesem einzigartigen Ort haben Kinder die M\u00f6glichkeit auf alternativen Wegen mehr \u00fcber die Kultur der Stadt und des Landes zu erfahren.<\/p>\n<blockquote><p>\u201eDie meisten Teile der Ausstellung sind interaktiv. Auf diese Weise k\u00f6nnen Kinder aller Altersstufen hier genau das finden, was ihnen am meisten gef\u00e4llt\u201c, so Val\u00e9ria Marakyov\u00e1 von der Bibiana.<\/p><\/blockquote>\n<p>Die Biennale der Illustration ist eine der \u00e4ltesten Veranstaltungen zur Ehrung von Kinderbuchillustratoren. Die <a href=\"https:\/\/www.visitbratislava.com\/de\/setzt\/bibiana\/\" target=\"_blank\" rel=\"noopener\">Bibiana<\/a> verwandelt Bratislava dabei alle zwei Jahre in ein K\u00f6nigreich aus Kinderb\u00fcchern und regt so die Fantasie von Kindern aus der ganzen Welt an.<\/p>\n<p><img loading=\"lazy\" class=\"alignnone wp-image-65051 size-large\" src=\"https:\/\/www.visitbratislava.com\/wp-content\/uploads\/2019\/09\/zdroj_Dominik_Sepp-Bibiana-800x533.jpg\" alt=\"\" width=\"800\" height=\"533\" srcset=\"https:\/\/www.visitbratislava.com\/wp-content\/uploads\/2019\/09\/zdroj_Dominik_Sepp-Bibiana-800x533.jpg 800w, https:\/\/www.visitbratislava.com\/wp-content\/uploads\/2019\/09\/zdroj_Dominik_Sepp-Bibiana-400x267.jpg 400w, https:\/\/www.visitbratislava.com\/wp-content\/uploads\/2019\/09\/zdroj_Dominik_Sepp-Bibiana-768x512.jpg 768w, https:\/\/www.visitbratislava.com\/wp-content\/uploads\/2019\/09\/zdroj_Dominik_Sepp-Bibiana-200x133.jpg 200w\" sizes=\"(max-width: 800px) 100vw, 800px\" \/><\/p>\n<p><img loading=\"lazy\" class=\"alignnone wp-image-64991 size-large\" src=\"https:\/\/www.visitbratislava.com\/wp-content\/uploads\/2019\/09\/PGH51481.MOV.10_49_15_42.Still001-800x450.jpg\" alt=\"\" width=\"800\" height=\"450\" srcset=\"https:\/\/www.visitbratislava.com\/wp-content\/uploads\/2019\/09\/PGH51481.MOV.10_49_15_42.Still001-800x450.jpg 800w, https:\/\/www.visitbratislava.com\/wp-content\/uploads\/2019\/09\/PGH51481.MOV.10_49_15_42.Still001-400x225.jpg 400w, https:\/\/www.visitbratislava.com\/wp-content\/uploads\/2019\/09\/PGH51481.MOV.10_49_15_42.Still001-768x432.jpg 768w, https:\/\/www.visitbratislava.com\/wp-content\/uploads\/2019\/09\/PGH51481.MOV.10_49_15_42.Still001-200x113.jpg 200w\" sizes=\"(max-width: 800px) 100vw, 800px\" \/><\/p>\n<h3>Junge Wissenschaftler<\/h3>\n<p>Sollte das Wetter einmal nicht mitmachen, k\u00f6nnen sich Ihre Kinder in der Jump Aren beim H\u00fcpfen austoben. Sie k\u00f6nnen auch zusammen das <a href=\"https:\/\/www.visitbratislava.com\/de\/setzt\/wissenschafts-erlebniszentrum-aurelium\/\" target=\"_blank\" rel=\"noopener\">Wissenschafts-Erlebniszentrum Aurelium<\/a> besuchen. Letzteres ist eine Kombination aus Schule, Museum und Erlebnispark und spricht besonders aktive Lerner an.<\/p>\n<p>Am Eingang gibt es eine Lasershow, Roboter und einen interaktiven Teil, der einen mitnimmt in die Welt Nikola Teslas. Im n\u00e4chsten Raum sind praktische Experimente nach verschiedenfarbigen Bereichen geordnet. Hier kann man lernen, wie ein Hologramm funktioniert, oder wie schwierig es ist, einen Magneten zu balancieren. Aber das Beste ist, dass man etwas lernt und dabei jede Menge Spa\u00df haben kann.<\/p>\n<p><img loading=\"lazy\" class=\"alignnone wp-image-65039 size-large\" src=\"https:\/\/www.visitbratislava.com\/wp-content\/uploads\/2019\/09\/14-Aurelium-800x533.jpg\" alt=\"\" width=\"800\" height=\"533\" srcset=\"https:\/\/www.visitbratislava.com\/wp-content\/uploads\/2019\/09\/14-Aurelium-800x533.jpg 800w, https:\/\/www.visitbratislava.com\/wp-content\/uploads\/2019\/09\/14-Aurelium-400x267.jpg 400w, https:\/\/www.visitbratislava.com\/wp-content\/uploads\/2019\/09\/14-Aurelium-768x512.jpg 768w, https:\/\/www.visitbratislava.com\/wp-content\/uploads\/2019\/09\/14-Aurelium-200x133.jpg 200w\" sizes=\"(max-width: 800px) 100vw, 800px\" \/><\/p>\n","protected":false},"excerpt":{"rendered":"<p>\ufeff Haben Sie einen kleinen Sportler, eine zuk\u00fcnftige Tier\u00e4rztin, eine Wissenschaftlerin oder einen K\u00fcnstler zuhause? In Bratislava finden alle Kinder und alle Eltern etwas, das ihren Interessen entspricht. Dank der vielen Attraktionen, wie der Kunstgalerie f\u00fcr Kinder, des Wissenschafts-Erlebniszentrums, der mittelalterlichen Burgen, des Zoos, der Jump Arena, k\u00f6nnen Sie in der Stadt und ihrer Umgebung [&hellip;]<\/p>\n","protected":false},"author":25,"featured_media":65059,"parent":46511,"menu_order":0,"comment_status":"closed","ping_status":"closed","template":"","meta":[],"acf":[],"_links":{"self":[{"href":"https:\/\/www.visitbratislava.com\/de\/wp-json\/wp\/v2\/pages\/65095"}],"collection":[{"href":"https:\/\/www.visitbratislava.com\/de\/wp-json\/wp\/v2\/pages"}],"about":[{"href":"https:\/\/www.visitbratislava.com\/de\/wp-json\/wp\/v2\/types\/page"}],"author":[{"embeddable":true,"href":"https:\/\/www.visitbratislava.com\/de\/wp-json\/wp\/v2\/users\/25"}],"replies":[{"embeddable":true,"href":"https:\/\/www.visitbratislava.com\/de\/wp-json\/wp\/v2\/comments?post=65095"}],"version-history":[{"count":2,"href":"https:\/\/www.visitbratislava.com\/de\/wp-json\/wp\/v2\/pages\/65095\/revisions"}],"predecessor-version":[{"id":328222,"href":"https:\/\/www.visitbratislava.com\/de\/wp-json\/wp\/v2\/pages\/65095\/revisions\/328222"}],"up":[{"embeddable":true,"href":"https:\/\/www.visitbratislava.com\/de\/wp-json\/wp\/v2\/pages\/46511"}],"wp:featuredmedia":[{"embeddable":true,"href":"https:\/\/www.visitbratislava.com\/de\/wp-json\/wp\/v2\/media\/65059"}],"wp:attachment":[{"href":"https:\/\/www.visitbratislava.com\/de\/wp-json\/wp\/v2\/media?parent=65095"}],"curies":[{"name":"wp","href":"https:\/\/api.w.org\/{rel}","templated":true}]}}