{"id":65316,"date":"2019-09-10T14:06:01","date_gmt":"2019-09-10T12:06:01","guid":{"rendered":"https:\/\/www.visitbratislava.com\/?page_id=65316\/"},"modified":"2024-09-27T15:14:21","modified_gmt":"2024-09-27T13:14:21","slug":"herbst-voll-von-farben-kunst-und-geschmaecke","status":"publish","type":"page","link":"https:\/\/www.visitbratislava.com\/de\/herbst-voll-von-farben-kunst-und-geschmaecke\/","title":{"rendered":"Herbst voll von Farben, Kunst und Geschm\u00e4cke"},"content":{"rendered":"<p><iframe width=\"1120\" height=\"630\" src=\"https:\/\/www.youtube.com\/embed\/mRaw0y49T5A?si=oqt3IIj79xhCPfJs\" title=\"YouTube video player\" frameborder=\"0\" allow=\"accelerometer; autoplay; clipboard-write; encrypted-media; gyroscope; picture-in-picture; web-share\" referrerpolicy=\"strict-origin-when-cross-origin\" allowfullscreen><\/iframe><\/p>\n<p>Die besten Weine angebaut in der Slowakei, kosten Sie im <a href=\"https:\/\/www.visitbratislava.com\/de\/setzt\/weinsalon-der-slowakischen-republik\/\" target=\"_blank\" rel=\"noopener noreferrer\">Nationalen Weinsalon<\/a> im Zentrum von Bratislava. Die Fachm\u00e4nner w\u00e4hlen allj\u00e4hrlich Hundert der besten Weine aus der ganzen Slowakei, welche dann die Besucher w\u00e4hrend der spezialisierten Degustierungsprogrammen im historischen Kellerraum des Apponyi-Palais kosten k\u00f6nnen.<\/p>\n<p>Wenn Sie in die Geschm\u00e4cke der Weinspezialit\u00e4ten der Bratislavaer Region tiefer eindringen m\u00f6chten, begeben Sie sich zum Abendmahl au\u00dferhalb des Stadtzentrums, in das <a href=\"https:\/\/www.visitbratislava.com\/de\/setzt\/hotel-matysak\/\" target=\"_blank\" rel=\"noopener noreferrer\">Hotel Maty\u0161\u00e1k<\/a>, der bekannten Winzerfamilie. Sie w\u00e4hlen sicher aus dem einmaligen Archivweinkeller mit 45 tausend Weinflaschen aus. Wie schmecken die heutigen Weine aus Weintraube, gewachsen auf den Abh\u00e4ngen oberhalb von Bratislava, k\u00f6nnen Sie auch in den Weintheken <a href=\"https:\/\/www.visitbratislava.com\/de\/setzt\/vinimka\/\" target=\"_blank\" rel=\"noopener noreferrer\">V\u00ednimka<\/a> auf der Stra\u00dfe Vent\u00farska oder <a href=\"https:\/\/www.visitbratislava.com\/de\/setzt\/wine-not\/\" target=\"_blank\" rel=\"noopener noreferrer\">Wine not?<\/a> auf dem Hauptplatz feststellen.<\/p>\n<p><img loading=\"lazy\" width=\"800\" height=\"533\" class=\"aligncenter size-large wp-image-113776\" src=\"https:\/\/www.visitbratislava.com\/wp-content\/uploads\/2021\/09\/Vyleti-Vtacik_leto_2020_Matysak-Hotel_kupene_nevyhradna_casovo-neobmedzena_kat_A-1-800x533.jpg\" alt=\"\" srcset=\"https:\/\/www.visitbratislava.com\/wp-content\/uploads\/2021\/09\/Vyleti-Vtacik_leto_2020_Matysak-Hotel_kupene_nevyhradna_casovo-neobmedzena_kat_A-1-800x533.jpg 800w, https:\/\/www.visitbratislava.com\/wp-content\/uploads\/2021\/09\/Vyleti-Vtacik_leto_2020_Matysak-Hotel_kupene_nevyhradna_casovo-neobmedzena_kat_A-1-400x267.jpg 400w, https:\/\/www.visitbratislava.com\/wp-content\/uploads\/2021\/09\/Vyleti-Vtacik_leto_2020_Matysak-Hotel_kupene_nevyhradna_casovo-neobmedzena_kat_A-1-768x512.jpg 768w, https:\/\/www.visitbratislava.com\/wp-content\/uploads\/2021\/09\/Vyleti-Vtacik_leto_2020_Matysak-Hotel_kupene_nevyhradna_casovo-neobmedzena_kat_A-1-1536x1024.jpg 1536w, https:\/\/www.visitbratislava.com\/wp-content\/uploads\/2021\/09\/Vyleti-Vtacik_leto_2020_Matysak-Hotel_kupene_nevyhradna_casovo-neobmedzena_kat_A-1-2048x1365.jpg 2048w, https:\/\/www.visitbratislava.com\/wp-content\/uploads\/2021\/09\/Vyleti-Vtacik_leto_2020_Matysak-Hotel_kupene_nevyhradna_casovo-neobmedzena_kat_A-1-200x133.jpg 200w\" sizes=\"(max-width: 800px) 100vw, 800px\" \/><\/p>\n<p>Bratislava ist ein Paradies der Winzer auch Dank der N\u00e4he der malerischen <a href=\"https:\/\/www.visitbratislava.com\/de\/setzt\/kleinkarpaten-museum-pezinok\/\" target=\"_blank\" rel=\"noopener noreferrer\">Kleinkarpatenregion<\/a>. Entdecken Sie das Kleinkarpaten-Winzermuseum in Pezinok mit der gr\u00f6\u00dften Sammlung der einmaligen Weinpressen. Besuchen Sie die Weinkeller in Sv\u00e4t\u00fd Jur oder das Areal <a href=\"https:\/\/www.visitbratislava.com\/de\/setzt\/elesko-zoya-museum\/\" target=\"_blank\" rel=\"noopener noreferrer\">Wine Park Elesko<\/a>, verbunden mit der Galerie der modernen Kunst <a href=\"https:\/\/www.visitbratislava.com\/de\/setzt\/elesko-zoya-museum\/\" target=\"_blank\" rel=\"noopener noreferrer\">Zoya Museum<\/a> in Modra. Falls Sie Exotik erleben m\u00f6chten, probieren Sie Safari in den Weinbergen \u2013 die Kleinkarpaten-Weingarten erleben Sie auf einem Jeep mit einer Prise vom Adrenalin.<\/p>\n<h3><img loading=\"lazy\" class=\"alignnone wp-image-74499 size-large\" src=\"https:\/\/www.visitbratislava.com\/wp-content\/uploads\/2020\/02\/5.-Elesko-Zoya-Museum-800x571.jpg\" alt=\"\" width=\"800\" height=\"571\" srcset=\"https:\/\/www.visitbratislava.com\/wp-content\/uploads\/2020\/02\/5.-Elesko-Zoya-Museum-800x571.jpg 800w, https:\/\/www.visitbratislava.com\/wp-content\/uploads\/2020\/02\/5.-Elesko-Zoya-Museum-400x286.jpg 400w, https:\/\/www.visitbratislava.com\/wp-content\/uploads\/2020\/02\/5.-Elesko-Zoya-Museum-768x549.jpg 768w, https:\/\/www.visitbratislava.com\/wp-content\/uploads\/2020\/02\/5.-Elesko-Zoya-Museum-200x143.jpg 200w\" sizes=\"(max-width: 800px) 100vw, 800px\" \/><\/h3>\n<h3>Herbstdelikatessen und traditionelle Pressburger-K\u00fcche<\/h3>\n<p>Die gr\u00f6\u00dfte herbstliche Versuchung, erwartet das ganze Jahr ungeduldig von den Einheimischen, ist G\u00e4nsebraten. Goldig gebratenes k\u00f6stliches Fleisch, ged\u00fcnsteter Kohl und Kartoffelfladen sind Delikatessen,\u00a0 welche niemand ablehnt. Das kleine St\u00e4dtchen Slovensk\u00fd Grob in der N\u00e4he von Bratislava ist das <a href=\"https:\/\/gurmanskygrob.sk\/?lang=de\" target=\"_blank\" rel=\"noopener noreferrer\">K\u00f6nigreich des G\u00e4nsebratens<\/a>. Hier finden Sie \u00fcber 20 Wirtsh\u00e4user und Restaurants, wo Sie diese Delikatesse kosten k\u00f6nnen. Seit dem Jahr 2016 hat \u201eihre Majest\u00e4t\u201c Gans auch dem Platz ihre riesige, fast dreimeterhohe Statue.<\/p>\n<p>Wegen buntem Angebot der G\u00e4nse-und Entenspeisen lohnt sich das <a href=\"https:\/\/www.visitbratislava.com\/sk\/miesta\/restauracia-leberfinger\/\" target=\"_blank\" rel=\"noopener noreferrer\">Restaurant Leberfinger<\/a> bei der Parkanlage Janko Kr\u00e1\u013e bei Donau zu besuchen, wo Sie neben der Gans auch die echte Pressburger-K\u00fcche kosten k\u00f6nnen. Diese findet man reichlich auch im Zentrum von Bratislava, wo die lokalen Spezialit\u00e4ten manchen Feinschmecker erfreuen.<\/p>\n<blockquote><p>Traditionelle Pressburger-K\u00fcche finden Sie im Prestigehotel Carlton im <a href=\"https:\/\/www.visitbratislava.com\/sk\/miesta\/restauracia-savoy-2\/\" target=\"_blank\" rel=\"noopener noreferrer\">Restaurant Savoy<\/a>, wo f\u00fcr ein vollendetes Gourmeterlebnis einer der Top-Chefk\u00f6che in der Slowakei sorgt, oder im <a href=\"https:\/\/www.visitbratislava.com\/sk\/miesta\/zylinder\/\" target=\"_blank\" rel=\"noopener noreferrer\">Restaurant Zylinder<\/a> gegen\u00fcber vom Hotel Carlton auf dem Platz Hviezdoslavovo n\u00e1mestie. Angenehmes Personal ber\u00e4t Sie gerne, f\u00fcr welche Spezialit\u00e4t Sie sich entscheiden sollen und welcher Wein ihren Geschmack harmonisch vollendet.<\/p><\/blockquote>\n<p><img loading=\"lazy\" class=\"alignnone wp-image-67900 size-large\" src=\"https:\/\/www.visitbratislava.com\/wp-content\/uploads\/2019\/10\/Zdroj_Zylinder-800x533.jpg\" alt=\"\" width=\"800\" height=\"533\" srcset=\"https:\/\/www.visitbratislava.com\/wp-content\/uploads\/2019\/10\/Zdroj_Zylinder-800x533.jpg 800w, https:\/\/www.visitbratislava.com\/wp-content\/uploads\/2019\/10\/Zdroj_Zylinder-400x267.jpg 400w, https:\/\/www.visitbratislava.com\/wp-content\/uploads\/2019\/10\/Zdroj_Zylinder-768x512.jpg 768w, https:\/\/www.visitbratislava.com\/wp-content\/uploads\/2019\/10\/Zdroj_Zylinder-200x133.jpg 200w\" sizes=\"(max-width: 800px) 100vw, 800px\" \/><\/p>\n<p>Nach gutem Essen k\u00f6nnen Sie sich in der historischen <a href=\"https:\/\/www.visitbratislava.com\/de\/setzt\/konditorei-kormuth\/\" target=\"_blank\" rel=\"noopener noreferrer\">Konditorei Kormuth<\/a> Kuchen und Desserts schmecken lassen, gebacken mit Liebe zu den Traditionen nach Originalrezepten, welche an die \u00d6sterreichisch-ungarische Monarchie ankn\u00fcpfen. Diese werden direkt vom historischen Porzellan serviert.<\/p>\n<h3>Feier des Herbsts mit Kunst und Kultur<\/h3>\n<p>Bratislava ist heute ein Raum, wo Sie die Kunst der Spitzenmusiker, einmalige Kunstwerke oder Vorstellungen bekannter K\u00fcnstler bewundern k\u00f6nnen. Es gen\u00fcgt nur aus dem reichen Angebot der Galerien, Theater oder Konzerte zu w\u00e4hlen. Die Mehrzahl der Kunstwerke seit der Gotik bis zur Gegenwart finden Sie in den Ausstellungsr\u00e4umen der <a href=\"https:\/\/www.visitbratislava.com\/de\/setzt\/galerie-der-stadt-bratislava-mirbach-palais-palffy-palais\/\" target=\"_blank\" rel=\"noopener noreferrer\">Galerie der Stadt Bratislava<\/a> (GMB). In ihren Sammlungen befindet sich auch die ungew\u00f6hnliche <a href=\"https:\/\/www.visitbratislava.com\/de\/setzt\/passage-ein-werk-von-matej-kren\/\" target=\"_blank\" rel=\"noopener noreferrer\">Passage vom Matej Kr\u00e9n<\/a> im P\u00e1lffy-Palais. Die Buch- und Spiegelinstallierung schafft eine optische Illusion des unendlichen Raumes.<\/p>\n<p><img loading=\"lazy\" class=\"alignnone wp-image-60890 size-large\" src=\"https:\/\/www.visitbratislava.com\/wp-content\/uploads\/2019\/06\/Danubiana-800x482.jpg\" alt=\"\" width=\"800\" height=\"482\" srcset=\"https:\/\/www.visitbratislava.com\/wp-content\/uploads\/2019\/06\/Danubiana-800x482.jpg 800w, https:\/\/www.visitbratislava.com\/wp-content\/uploads\/2019\/06\/Danubiana-400x241.jpg 400w, https:\/\/www.visitbratislava.com\/wp-content\/uploads\/2019\/06\/Danubiana-768x463.jpg 768w, https:\/\/www.visitbratislava.com\/wp-content\/uploads\/2019\/06\/Danubiana-200x121.jpg 200w\" sizes=\"(max-width: 800px) 100vw, 800px\" \/><\/p>\n<blockquote><p>Allein schon die Geb\u00e4ude des Museums der modernen Kunst <a href=\"https:\/\/www.visitbratislava.com\/de\/setzt\/danubiana-meulensteen-art-museum\/\" target=\"_blank\" rel=\"noopener noreferrer\">Danubiana<\/a> und <a href=\"https:\/\/www.visitbratislava.com\/de\/setzt\/galerie-nedbalka\/\" target=\"_blank\" rel=\"noopener noreferrer\">Galerie Nedbalka<\/a> sind Kunstwerke. Sie geh\u00f6ren zu den interessantesten Ausstellungsr\u00e4umen in Europa. Dort finden Sie die gegenw\u00e4rtige Kunst von den slowakischen und ausl\u00e4ndischen K\u00fcnstlern. W\u00e4hrend Danubiana von der r\u00f6mischen Galerie inspiriert wurde, wird Nedbalka mit Guggenheim-Museum in New York vergleicht.<\/p><\/blockquote>\n<p>Das Beste vom Ballett, Oper oder Schauspiel k\u00f6nnen Sie im <a href=\"https:\/\/www.visitbratislava.com\/de\/setzt\/slowakisches-nationaltheater\/\" target=\"_blank\" rel=\"noopener noreferrer\">Slowakischen Nationaltheater<\/a> genie\u00dfen. Au\u00dferdem sind in der Hauptstadt viele andere Theater, welche regelm\u00e4\u00dfig das Repertoire der fabelhaften Dramen und Kom\u00f6dien mit Besetzen der bekannten slowakischen Schauspieler wechseln. Das Konzertleben in Gestalt der k\u00fcnstlerischen Gruppierungen aus der ganzen Welt bietet die <a href=\"https:\/\/www.visitbratislava.com\/de\/setzt\/slovenska-filharmonia\/\" target=\"_blank\" rel=\"noopener noreferrer\">Slowakische Philharmonie<\/a>.<\/p>\n<p><img loading=\"lazy\" width=\"800\" height=\"533\" class=\"aligncenter size-large wp-image-61571\" src=\"https:\/\/www.visitbratislava.com\/wp-content\/uploads\/2019\/06\/divadlo-2-800x533.jpg\" alt=\"\" srcset=\"https:\/\/www.visitbratislava.com\/wp-content\/uploads\/2019\/06\/divadlo-2-800x533.jpg 800w, https:\/\/www.visitbratislava.com\/wp-content\/uploads\/2019\/06\/divadlo-2-400x267.jpg 400w, https:\/\/www.visitbratislava.com\/wp-content\/uploads\/2019\/06\/divadlo-2-768x512.jpg 768w, https:\/\/www.visitbratislava.com\/wp-content\/uploads\/2019\/06\/divadlo-2-200x133.jpg 200w\" sizes=\"(max-width: 800px) 100vw, 800px\" \/><\/p>\n<p>M\u00f6chten Sie die echte herbstliche Atmosph\u00e4re in Bratislava erleben, besuchen Sie eine der vielen Weinfeier \u2013 Weinlesen. Im September finden diese allj\u00e4hrlich in verschiedenen Stadtteilen und auch in der Kleinkarpatenregion statt. Neben Wein erleben Sie auch den echten Geschmack der Hausspezialit\u00e4ten. Den Bestandteil der Weinlese bilden Musik- und Tanzauftritte und diverse Unterhaltungsaktivit\u00e4ten f\u00fcr Kinder. Verschiedene Erntefeiern in verschiedenen Variationen sind typisch f\u00fcr Bratislava und seine Umgebung w\u00e4hrend den ganzen Herbst.<\/p>\n","protected":false},"excerpt":{"rendered":"<p>Der Herbst in Bratislava ist bunt und hat eine einzigartige Atmosph\u00e4re. Bei einem Glas Wein in der Hand, gutem Essen und einem vielf\u00e4ltigen kulturellen Angebot vergessen Sie die K\u00e4lte und entdecken den Zauber dieser Jahreszeit.<\/p>\n","protected":false},"author":25,"featured_media":65285,"parent":0,"menu_order":0,"comment_status":"closed","ping_status":"closed","template":"","meta":[],"acf":[],"_links":{"self":[{"href":"https:\/\/www.visitbratislava.com\/de\/wp-json\/wp\/v2\/pages\/65316"}],"collection":[{"href":"https:\/\/www.visitbratislava.com\/de\/wp-json\/wp\/v2\/pages"}],"about":[{"href":"https:\/\/www.visitbratislava.com\/de\/wp-json\/wp\/v2\/types\/page"}],"author":[{"embeddable":true,"href":"https:\/\/www.visitbratislava.com\/de\/wp-json\/wp\/v2\/users\/25"}],"replies":[{"embeddable":true,"href":"https:\/\/www.visitbratislava.com\/de\/wp-json\/wp\/v2\/comments?post=65316"}],"version-history":[{"count":10,"href":"https:\/\/www.visitbratislava.com\/de\/wp-json\/wp\/v2\/pages\/65316\/revisions"}],"predecessor-version":[{"id":311416,"href":"https:\/\/www.visitbratislava.com\/de\/wp-json\/wp\/v2\/pages\/65316\/revisions\/311416"}],"wp:featuredmedia":[{"embeddable":true,"href":"https:\/\/www.visitbratislava.com\/de\/wp-json\/wp\/v2\/media\/65285"}],"wp:attachment":[{"href":"https:\/\/www.visitbratislava.com\/de\/wp-json\/wp\/v2\/media?parent=65316"}],"curies":[{"name":"wp","href":"https:\/\/api.w.org\/{rel}","templated":true}]}}