{"id":65549,"date":"2019-09-12T10:03:26","date_gmt":"2019-09-12T08:03:26","guid":{"rendered":"https:\/\/www.visitbratislava.com\/?page_id=65549\/"},"modified":"2024-08-01T15:33:05","modified_gmt":"2024-08-01T13:33:05","slug":"ehre-sei-unserem-koenig-bratislava-wird-mit-einer-kroenung-zum-leben-erweckt","status":"publish","type":"page","link":"https:\/\/www.visitbratislava.com\/de\/vlog\/ehre-sei-unserem-koenig-bratislava-wird-mit-einer-kroenung-zum-leben-erweckt\/","title":{"rendered":"Begeben Sie sich auf die Spuren der K\u00f6nige"},"content":{"rendered":"<p><iframe src=\"https:\/\/www.youtube.com\/embed\/TNfWxsIJBUc\" width=\"1000\" height=\"500\" frameborder=\"0\" allowfullscreen=\"allowfullscreen\"><span data-mce-type=\"bookmark\" style=\"display: inline-block; width: 0px; overflow: hidden; line-height: 0;\" class=\"mce_SELRES_start\">\ufeff<\/span><span data-mce-type=\"bookmark\" style=\"display: inline-block; width: 0px; overflow: hidden; line-height: 0;\" class=\"mce_SELRES_start\">\ufeff<\/span><\/iframe><\/p>\n<p>In den Stra\u00dfen der Stadt herrscht ein reges Treiben. Jeder will den neuen K\u00f6nig sehen, zumindest eine der verteilten M\u00fcnzen ergattern, Rotwein aus dem Stadtbrunnen trinken oder vom gebratenen Ochsen kosten. Die <strong>Kr\u00f6nungsfeierlichkeiten<\/strong> der ungarischen Monarchen im Mittelalter haben Bratislava ber\u00fchmt gemacht und heutzutage k\u00f6nnen sie von Besuchern jedes Jahr neu erlebt werden.<\/p>\n<blockquote><p>&#8222;Es ist wichtig, dass sich Bratislava an seine Vergangenheit erinnert, denn ohne Vergangenheit gibt es keine Zukunft. Als das damalige Pre\u00dfburg zur Kr\u00f6nungsstadt aufstieg, reihte es sich durch seine gesellschaftliche Bedeutung unter St\u00e4dte wie Reims, London, Prag oder Wien&#8220; sagte der Historiker Vladim\u00edr Tom\u010d\u00edk.<\/p><\/blockquote>\n<p>Diese einzigartige Veranstaltung wurde im Jahr 1563 nach Pre\u00dfburg verlegt, nachdem die Kr\u00f6nung von Maximilian II. in der traditionellen Kr\u00f6nungsstadt Sz\u00e9kesfeh\u00e9rv\u00e1r\/Stuhlwei\u00dfenburg nicht hatte abgehalten werden k\u00f6nnen. Diese war nach der verlorenen Schlacht bei Moh\u00e1cs im Jahr 1526 selbst unter die Herrschaft des Osmanischen Reiches geraten.<\/p>\n<p><img loading=\"lazy\" class=\"alignnone wp-image-64980 size-large\" src=\"https:\/\/www.visitbratislava.com\/wp-content\/uploads\/2019\/01\/Korunovacny-sprievod-800x533.jpg\" alt=\"\" width=\"800\" height=\"533\" \/><\/p>\n<h3>Kr\u00f6nungstage<\/h3>\n<p>W\u00e4hrend dieser<strong> <a href=\"https:\/\/www.visitbratislava.com\/de\/geschehen\/kroenungstage-bratislava-2019\/\" target=\"_blank\" rel=\"noopener\">Kr\u00f6nungstage<\/a><\/strong> werden Sie gro\u00dfartige kulturelle Programme, Theaterauff\u00fchrungen, Ausstellungen, Konzerte, historische Spiele und die Kr\u00f6nungsmesse des antiken Handwerks erleben. Auf jeden Fall zahlt es sich aus, Bratislava f\u00fcr mehrere Tage zu besuchen.<\/p>\n<blockquote><p>Das Kr\u00f6nungzug selbst, die auf historischen Hintergr\u00fcnden basiert, findet am Samstag an der Bratislavaer Burg. Wie in alten Zeiten wird die feierliche Parade die k\u00f6nigliche Krone, das Schwert, den Kr\u00f6nungsmantel, den Reichsapfel und das Zepter von der Burg \u00fcber die Stadt. Es wird, wie immer, ein gro\u00dfartiges Erlebnis. Bei der Zeremonie werden Schauspieler in historischen Kost\u00fcmen auftreten.<\/p><\/blockquote>\n<p><img loading=\"lazy\" class=\"alignnone wp-image-64952 size-full\" src=\"https:\/\/www.visitbratislava.com\/wp-content\/uploads\/2019\/01\/9.jpg\" alt=\"\" width=\"789\" height=\"526\" srcset=\"https:\/\/www.visitbratislava.com\/wp-content\/uploads\/2019\/01\/9.jpg 789w, https:\/\/www.visitbratislava.com\/wp-content\/uploads\/2019\/01\/9-400x267.jpg 400w, https:\/\/www.visitbratislava.com\/wp-content\/uploads\/2019\/01\/9-768x512.jpg 768w, https:\/\/www.visitbratislava.com\/wp-content\/uploads\/2019\/01\/9-200x133.jpg 200w\" sizes=\"(max-width: 789px) 100vw, 789px\" \/><\/p>\n<h3>Begeben Sie sich auf die Spuren der K\u00f6nige<\/h3>\n<p>Die ber\u00fchmte Geschichte der Stadt kann jedoch das ganze Jahr \u00fcber in Bratislava erfahren werden. Die Kr\u00f6nungsroute, markiert mit Bronzemarkierungen mit einer Krone auf dem B\u00fcrgersteig, f\u00fchrt Sie zu authentischen Kr\u00f6nungsst\u00e4tten.<\/p>\n<blockquote><p>An deren Einzigartigkeit erinnert bis heute noch die vergoldete Krone auf dem Turm des <strong><a href=\"https:\/\/www.visitbratislava.com\/de\/setzt\/die-kathedrale-des-heiligen-martin\/\" target=\"_blank\" rel=\"noopener\">St. Martinsdoms<\/a><\/strong> mit einem beachtlichen Gewicht von 160 kg. Es wird sogar behauptet, dass auf das Kissen, auf dem die Krone ruht, eine Pferdekutsche passen w\u00fcrde. Dieser Aussage muss aber nicht unbedingt Glauben geschenkt werden, denn sie ist &#8222;nur&#8220; 1,35 x 1,35 Meter gro\u00df.<\/p><\/blockquote>\n<p><img loading=\"lazy\" class=\"alignnone wp-image-65504 size-large\" src=\"https:\/\/www.visitbratislava.com\/wp-content\/uploads\/2019\/09\/PGH51338.MOV.07_49_13_12.Still001-1-800x450.jpg\" alt=\"\" width=\"800\" height=\"450\" srcset=\"https:\/\/www.visitbratislava.com\/wp-content\/uploads\/2019\/09\/PGH51338.MOV.07_49_13_12.Still001-1-800x450.jpg 800w, https:\/\/www.visitbratislava.com\/wp-content\/uploads\/2019\/09\/PGH51338.MOV.07_49_13_12.Still001-1-400x225.jpg 400w, https:\/\/www.visitbratislava.com\/wp-content\/uploads\/2019\/09\/PGH51338.MOV.07_49_13_12.Still001-1-768x432.jpg 768w, https:\/\/www.visitbratislava.com\/wp-content\/uploads\/2019\/09\/PGH51338.MOV.07_49_13_12.Still001-1-200x113.jpg 200w\" sizes=\"(max-width: 800px) 100vw, 800px\" \/><\/p>\n<p>Wenn Sie zu den aufmerksamen Touristen geh\u00f6ren, wird im Chorraum der Kathedrale eine Liste von Herrscherinnen und Herrschern, die hier gekr\u00f6nt wurden, bestimmt Ihr Interesse wecken. Als sie ihre Sch\u00f6pfer w\u00e4hrend der Regotisierung der Kirche im 19. Jahrhundert an die Wand malten, wussten diese nicht, dass sie vier Fehler gemacht hatten. Um sie zu entdecken, ist es gut zu wissen, dass bis zum Jahr 1830 in Bratislava <strong>elf K\u00f6nige und sieben K\u00f6niginnen gekr\u00f6nt wurden.<\/strong><\/p>\n<p>Andere Orte, die mit der Kr\u00f6nung verbunden sind, sind die Franziskanerkirche und die Burg. In der Kirche kann man sich vorstellen, wie dort der Herrscher die Adligen in den Ritterstand gesetzt hatte, und auf der Burg k\u00f6nnen Sie einen der vier T\u00fcrme besuchen, in dem die Kronjuwelen aufbewahrt wurden. Bis zum heutigen Tag befindet sich hier eine <strong>Kopie der Stephanskrone<\/strong>.<\/p>\n<p><img loading=\"lazy\" class=\"alignnone wp-image-65508 size-large\" src=\"https:\/\/www.visitbratislava.com\/wp-content\/uploads\/2019\/09\/PGH51364.MOV.08_35_23_06.Still001-1-800x450.jpg\" alt=\"\" width=\"800\" height=\"450\" srcset=\"https:\/\/www.visitbratislava.com\/wp-content\/uploads\/2019\/09\/PGH51364.MOV.08_35_23_06.Still001-1-800x450.jpg 800w, https:\/\/www.visitbratislava.com\/wp-content\/uploads\/2019\/09\/PGH51364.MOV.08_35_23_06.Still001-1-400x225.jpg 400w, https:\/\/www.visitbratislava.com\/wp-content\/uploads\/2019\/09\/PGH51364.MOV.08_35_23_06.Still001-1-768x432.jpg 768w, https:\/\/www.visitbratislava.com\/wp-content\/uploads\/2019\/09\/PGH51364.MOV.08_35_23_06.Still001-1-200x113.jpg 200w\" sizes=\"(max-width: 800px) 100vw, 800px\" \/><\/p>\n","protected":false},"excerpt":{"rendered":"<p>\ufeff\ufeff In den Stra\u00dfen der Stadt herrscht ein reges Treiben. Jeder will den neuen K\u00f6nig sehen, zumindest eine der verteilten M\u00fcnzen ergattern, Rotwein aus dem Stadtbrunnen trinken oder vom gebratenen Ochsen kosten. Die Kr\u00f6nungsfeierlichkeiten der ungarischen Monarchen im Mittelalter haben Bratislava ber\u00fchmt gemacht und heutzutage k\u00f6nnen sie von Besuchern jedes Jahr neu erlebt werden. &#8222;Es [&hellip;]<\/p>\n","protected":false},"author":25,"featured_media":65490,"parent":46511,"menu_order":0,"comment_status":"closed","ping_status":"closed","template":"","meta":[],"acf":[],"_links":{"self":[{"href":"https:\/\/www.visitbratislava.com\/de\/wp-json\/wp\/v2\/pages\/65549"}],"collection":[{"href":"https:\/\/www.visitbratislava.com\/de\/wp-json\/wp\/v2\/pages"}],"about":[{"href":"https:\/\/www.visitbratislava.com\/de\/wp-json\/wp\/v2\/types\/page"}],"author":[{"embeddable":true,"href":"https:\/\/www.visitbratislava.com\/de\/wp-json\/wp\/v2\/users\/25"}],"replies":[{"embeddable":true,"href":"https:\/\/www.visitbratislava.com\/de\/wp-json\/wp\/v2\/comments?post=65549"}],"version-history":[{"count":4,"href":"https:\/\/www.visitbratislava.com\/de\/wp-json\/wp\/v2\/pages\/65549\/revisions"}],"predecessor-version":[{"id":305287,"href":"https:\/\/www.visitbratislava.com\/de\/wp-json\/wp\/v2\/pages\/65549\/revisions\/305287"}],"up":[{"embeddable":true,"href":"https:\/\/www.visitbratislava.com\/de\/wp-json\/wp\/v2\/pages\/46511"}],"wp:featuredmedia":[{"embeddable":true,"href":"https:\/\/www.visitbratislava.com\/de\/wp-json\/wp\/v2\/media\/65490"}],"wp:attachment":[{"href":"https:\/\/www.visitbratislava.com\/de\/wp-json\/wp\/v2\/media?parent=65549"}],"curies":[{"name":"wp","href":"https:\/\/api.w.org\/{rel}","templated":true}]}}