{"id":65811,"date":"2019-09-16T15:57:01","date_gmt":"2019-09-16T13:57:01","guid":{"rendered":"https:\/\/www.visitbratislava.com\/?page_id=65811\/"},"modified":"2024-10-10T11:18:43","modified_gmt":"2024-10-10T09:18:43","slug":"bratislavaer-kirchweihfeste-und-weinlesen","status":"publish","type":"page","link":"https:\/\/www.visitbratislava.com\/de\/bratislavaer-kirchweihfeste-und-weinlesen\/","title":{"rendered":"Bratislavaer Kirchweihfeste und Weinlesen"},"content":{"rendered":"<p>Die Herbstweinfeste beginnen im September mit den Traubenlesefeiern in Bratislava und der Region der Kleinen Karpaten und geh\u00f6ren zu den beliebtesten Veranstaltungen in der Gegend. Die Besucher k\u00f6nnen nicht nur eine breite Auswahl an Weinen genie\u00dfen, sondern sich auch mit traditionellen lokalen Spezialit\u00e4ten verw\u00f6hnen lassen. Die Feste bieten Live-Musik und Tanzauff\u00fchrungen sowie verschiedene unterhaltsame Aktivit\u00e4ten f\u00fcr Kinder, was sie zu einem wunderbaren Erlebnis f\u00fcr Besucher jeden Alters macht.<\/p>\n<ul>\n<li><strong>Traubenlesefeiern im Stadtviertel D\u00fabravka<\/strong><\/li>\n<li><strong>Traubenlesefeiern\u00a0im Stadtviertel Karlova Ves<\/strong><\/li>\n<li><strong>Traubenlesefeiern\u00a0im Stadtviertel Ru\u017einov<\/strong><\/li>\n<li><strong>Traubenlesefeiern\u00a0im Stadtviertel Dev\u00edn<\/strong><\/li>\n<\/ul>\n<p>Auch die Feste in den umliegenden D\u00f6rfern sind einen Besuch wert, denn es handelt sich um kleine Orte voller Geschichte und bezaubernder Weinkeller:<\/p>\n<ul>\n<li><strong>Traubenlesefeiern\u00a0im Pezinok<\/strong><\/li>\n<li><strong>Traubenlesefeiern\u00a0im Modra<\/strong><\/li>\n<li><strong>Traubenlesefeiern\u00a0im Sv\u00e4t\u00fd Jur<\/strong><\/li>\n<\/ul>\n<p><img loading=\"lazy\" width=\"1920\" height=\"1280\" class=\"size-full wp-image-175347 aligncenter\" src=\"https:\/\/www.visitbratislava.com\/wp-content\/uploads\/2022\/09\/Modranske-vinobranie-026_1920x1280.jpg\" alt=\"\" srcset=\"https:\/\/www.visitbratislava.com\/wp-content\/uploads\/2022\/09\/Modranske-vinobranie-026_1920x1280.jpg 1920w, https:\/\/www.visitbratislava.com\/wp-content\/uploads\/2022\/09\/Modranske-vinobranie-026_1920x1280-400x267.jpg 400w, https:\/\/www.visitbratislava.com\/wp-content\/uploads\/2022\/09\/Modranske-vinobranie-026_1920x1280-800x533.jpg 800w, https:\/\/www.visitbratislava.com\/wp-content\/uploads\/2022\/09\/Modranske-vinobranie-026_1920x1280-768x512.jpg 768w, https:\/\/www.visitbratislava.com\/wp-content\/uploads\/2022\/09\/Modranske-vinobranie-026_1920x1280-1536x1024.jpg 1536w, https:\/\/www.visitbratislava.com\/wp-content\/uploads\/2022\/09\/Modranske-vinobranie-026_1920x1280-200x133.jpg 200w\" sizes=\"(max-width: 1920px) 100vw, 1920px\" \/><em><span style=\"font-size: 8pt;\">Foto: Modransk\u00e9 vinobranie<\/span><\/em><\/p>\n<p>Neben den beliebten Traubenlesefesten, die j\u00e4hrlich Tausende von Besuchern anziehen, k\u00f6nnen Weinliebhaber auch an verschiedenen anderen Veranstaltungen teilnehmen. Ein beliebter Teil der Herbstfeierlichkeiten ist das <a href=\"https:\/\/www.visitbratislava.com\/de\/geschehen\/jungweinfest\/\" target=\"_blank\" rel=\"noopener\"><strong>Jungweinfest<\/strong><\/a> , bei dem die Besucher die Gelegenheit haben, junge Weine zu kosten, die das Eintreffen der neuen Weinlesesaison symbolisieren. Dieses Festival pr\u00e4sentiert frische Weine aus dem aktuellen Jahrgang, die m\u00f6glicherweise noch nicht ihren endg\u00fcltigen Charakter entwickelt haben, aber bereits das Potenzial der Ernte zeigen.<\/p>\n<p>Wenn Sie einen \u00dcberblick \u00fcber die besten slowakischen Weine suchen, sollten Sie unbedingt die <a href=\"https:\/\/www.visitbratislava.com\/de\/setzt\/weinsalon-der-slowakischen-republik\/\" target=\"_blank\" rel=\"noopener\"><strong>Weinsalon der Slowakischen Republik<\/strong><\/a>\u00a0im Apponyi-Palast besuchen, wo die besten slowakischen Weine ausgestellt sind, die j\u00e4hrlich von Experten bewertet werden. Neben der Betrachtung der Weine k\u00f6nnen die Besucher an Verkostungen teilnehmen und mehr \u00fcber den Weinherstellungsprozess, seine Geschichte und die verschiedenen Rebsorten erfahren.<\/p>\n<p><img loading=\"lazy\" width=\"2560\" height=\"1708\" class=\"alignnone size-full wp-image-239961\" src=\"https:\/\/www.visitbratislava.com\/wp-content\/uploads\/2018\/02\/Molnar-komparz-narodny-salon-vin-vino-scaled.jpg\" alt=\"salon vin \" srcset=\"https:\/\/www.visitbratislava.com\/wp-content\/uploads\/2018\/02\/Molnar-komparz-narodny-salon-vin-vino-scaled.jpg 2560w, https:\/\/www.visitbratislava.com\/wp-content\/uploads\/2018\/02\/Molnar-komparz-narodny-salon-vin-vino-400x267.jpg 400w, https:\/\/www.visitbratislava.com\/wp-content\/uploads\/2018\/02\/Molnar-komparz-narodny-salon-vin-vino-800x534.jpg 800w, https:\/\/www.visitbratislava.com\/wp-content\/uploads\/2018\/02\/Molnar-komparz-narodny-salon-vin-vino-768x512.jpg 768w, https:\/\/www.visitbratislava.com\/wp-content\/uploads\/2018\/02\/Molnar-komparz-narodny-salon-vin-vino-1536x1025.jpg 1536w, https:\/\/www.visitbratislava.com\/wp-content\/uploads\/2018\/02\/Molnar-komparz-narodny-salon-vin-vino-2048x1366.jpg 2048w, https:\/\/www.visitbratislava.com\/wp-content\/uploads\/2018\/02\/Molnar-komparz-narodny-salon-vin-vino-200x133.jpg 200w\" sizes=\"(max-width: 2560px) 100vw, 2560px\" \/><\/p>\n","protected":false},"excerpt":{"rendered":"<p>Wenn Sie ersehnen, eine echte Atmosph\u00e4re des Fr\u00fchherbstes in Bratislava zu erleben, besuchen Sie manche von Weinlesen oder Kirchweihfesten<\/p>\n","protected":false},"author":25,"featured_media":280207,"parent":0,"menu_order":0,"comment_status":"closed","ping_status":"closed","template":"","meta":[],"acf":[],"_links":{"self":[{"href":"https:\/\/www.visitbratislava.com\/de\/wp-json\/wp\/v2\/pages\/65811"}],"collection":[{"href":"https:\/\/www.visitbratislava.com\/de\/wp-json\/wp\/v2\/pages"}],"about":[{"href":"https:\/\/www.visitbratislava.com\/de\/wp-json\/wp\/v2\/types\/page"}],"author":[{"embeddable":true,"href":"https:\/\/www.visitbratislava.com\/de\/wp-json\/wp\/v2\/users\/25"}],"replies":[{"embeddable":true,"href":"https:\/\/www.visitbratislava.com\/de\/wp-json\/wp\/v2\/comments?post=65811"}],"version-history":[{"count":5,"href":"https:\/\/www.visitbratislava.com\/de\/wp-json\/wp\/v2\/pages\/65811\/revisions"}],"predecessor-version":[{"id":313413,"href":"https:\/\/www.visitbratislava.com\/de\/wp-json\/wp\/v2\/pages\/65811\/revisions\/313413"}],"wp:featuredmedia":[{"embeddable":true,"href":"https:\/\/www.visitbratislava.com\/de\/wp-json\/wp\/v2\/media\/280207"}],"wp:attachment":[{"href":"https:\/\/www.visitbratislava.com\/de\/wp-json\/wp\/v2\/media?parent=65811"}],"curies":[{"name":"wp","href":"https:\/\/api.w.org\/{rel}","templated":true}]}}